{"id":89,"date":"2026-01-20T02:40:09","date_gmt":"2026-01-20T02:40:09","guid":{"rendered":"https:\/\/fumot.uk\/?post_type=product&#038;p=89"},"modified":"2026-01-20T07:31:14","modified_gmt":"2026-01-20T07:31:14","slug":"randm-tornado-15000-puffs-blue-razz-cherry","status":"publish","type":"product","link":"https:\/\/fumot.uk\/de\/product\/randm-tornado-15000-puffs-blue-razz-cherry\/","title":{"rendered":"RandM Tornado 15000 Z\u00fcge Blaue Himbeer-Kirsche Einweg E-Zigaretten (25ml, 850mAh, Display, Einstellbarer Luftstrom)"},"content":{"rendered":"<h4>Blue Razz Cherry \u2013 RandM Tornado 15000 Z\u00fcge<\/h4>\n<p><strong>RandM Tornado 15000 Z\u00fcge Blue Razz Cherry<\/strong> mischt den hellen, bonbonartigen Geschmack von blauer Himbeere mit der reichen, saftigen Tiefe von Kirsche f\u00fcr ein sauberes s\u00fc\u00df-saures Finish. Jeder Zug f\u00fchlt sich glatt und fruchtig an, mit einer knackigen Note, die den Geschmack vom ersten Einatmen bis zum letzten lebendig h\u00e4lt.<\/p>\n<p>F\u00fcr den t\u00e4glichen Komfort gebaut, diese <strong>15000 Z\u00fcge Einweg-E-Zigaretten<\/strong> verf\u00fcgt \u00fcber eine <strong>Mesh-Spule<\/strong> f\u00fcr gleichbleibenden Geschmack, <strong>einstellbarem Luftstrom<\/strong> um Ihren Zug fein abzustimmen, und ein klares <strong>LED-Display<\/strong> das Ihnen hilft, den Batteriestatus und den E-Liquid-Status auf einen Blick zu \u00fcberwachen. Laden Sie bei Bedarf auf und bleiben Sie bereit f\u00fcr Ihre n\u00e4chste Sitzung.<\/p>\n<h4>Hauptmerkmale<\/h4>\n<ul>\n<li><strong>Zuganzahl:<\/strong> bis zu 15000 Z\u00fcge<\/li>\n<li><strong>E-Liquid-Kapazit\u00e4t:<\/strong> 25ml<\/li>\n<li><strong>Nikotinsalz-Optionen:<\/strong> 0% \/ 2% \/ 3% \/ 5%<\/li>\n<li><strong>Spule:<\/strong> Mesh-Spule<\/li>\n<li><strong>Luftstrom:<\/strong> Einstellbarer Luftstrom<\/li>\n<li><strong>Batterie:<\/strong> 850mAh wiederaufladbar<\/li>\n<li><strong>Laden:<\/strong> Typ-C<\/li>\n<li><strong>Display:<\/strong> LED-Bildschirm f\u00fcr Echtzeit-Status<\/li>\n<li><strong>Verf\u00fcgbare Geschmacksrichtungen:<\/strong> 41 Optionen<\/li>\n<\/ul>\n<h4>Warum Sie Blue Razz Cherry m\u00f6gen werden<\/h4>\n<ul>\n<li><strong>Ausgewogener Geschmack:<\/strong> herbe blaue Himbeere, gehoben durch s\u00fc\u00dfe Kirschnoten<\/li>\n<li><strong>Glatter Zug:<\/strong> Mesh-Coil hilft, den Geschmack gleichm\u00e4\u00dfig und sauber zu halten<\/li>\n<li><strong>Einfache Steuerung:<\/strong> Luftstrom anpassen f\u00fcr ein engeres oder luftigeres Einatmen<\/li>\n<li><strong>Bleiben Sie informiert:<\/strong> LED-Anzeige macht es einfach, die Nutzung zu \u00fcberwachen<\/li>\n<\/ul>\n<p>Entdecken Sie mehr Geschmacksrichtungen und Ger\u00e4te auf <a href=\"https:\/\/fumot.uk\/de\/\">fumot.uk<\/a> und entdecken Sie Ihre n\u00e4chste Alltags-E-Zigarette.<\/p>","protected":false},"excerpt":{"rendered":"<p>RandM Tornado 15000 Z\u00fcge Blue Razz Cherry Einweg-E-Zigaretten mit 25 ml E-Liquid, Mesh-Coil, einstellbarem Luftstrom, LED-Anzeige und 850mAh wiederaufladbarem Type-C-Akku. Nikotinsalz: 0\/2\/3\/5%.<\/p>","protected":false},"featured_media":146,"comment_status":"open","ping_status":"closed","template":"","meta":[],"product_brand":[],"product_cat":[16,18,17],"product_tag":[19,20,21,22,36,23,25,26,27,28],"class_list":{"0":"post-89","1":"product","2":"type-product","3":"status-publish","4":"has-post-thumbnail","6":"product_cat-15000-puff","7":"product_cat-randm-tornado-15000-puffs","8":"product_cat-vape","9":"product_tag-25ml","10":"product_tag-850mah","11":"product_tag-adjustable-airflow","12":"product_tag-blue-razz","13":"product_tag-cherry","14":"product_tag-display","15":"product_tag-mesh-coil","16":"product_tag-rechargeable","17":"product_tag-rgb-light","18":"product_tag-type-c","20":"first","21":"instock","22":"sale","23":"shipping-taxable","24":"purchasable","25":"product-type-variable","26":"has-default-attributes"},"yoast_head":"<!-- This site is optimized with the Yoast SEO plugin v26.8 - https:\/\/yoast.com\/product\/yoast-seo-wordpress\/ -->\n<title>RandM Tornado 15000 Blue Razz Cherry | 25ml, 850mAh<\/title>\n<meta name=\"description\" content=\"RandM Tornado 15000 Puffs Blue Razz Cherry: 25ml e-liquid, mesh coil, adjustable airflow, LED display, 850mAh rechargeable Type\u2011C. 0\/2\/3\/5%.\" \/>\n<meta name=\"robots\" content=\"index, follow, max-snippet:-1, max-image-preview:large, max-video-preview:-1\" \/>\n<link rel=\"canonical\" href=\"https:\/\/fumot.uk\/de\/product\/randm-tornado-15000-puffs-blue-razz-cherry\/\" \/>\n<meta property=\"og:locale\" content=\"de_DE\" \/>\n<meta property=\"og:type\" content=\"article\" \/>\n<meta property=\"og:title\" content=\"RandM Tornado 15000 Puffs \u2013 Blue Razz Cherry\" \/>\n<meta property=\"og:description\" content=\"A tangy blue raspberry and juicy cherry blend with mesh coil, adjustable airflow, LED display, 25ml e-liquid and 850mAh rechargeable Type\u2011C battery.\" \/>\n<meta property=\"og:url\" content=\"https:\/\/fumot.uk\/de\/product\/randm-tornado-15000-puffs-blue-razz-cherry\/\" \/>\n<meta property=\"og:site_name\" content=\"Fumot Official Direct | Straight from the Factory, 100% Genuine\" \/>\n<meta property=\"article:modified_time\" content=\"2026-01-20T07:31:14+00:00\" \/>\n<meta property=\"og:image\" content=\"https:\/\/fumot.uk\/wp-content\/uploads\/2026\/01\/Randm-Tornado-15000-Blue-Razz-Cherry.jpg\" \/>\n\t<meta property=\"og:image:width\" content=\"2000\" \/>\n\t<meta property=\"og:image:height\" content=\"2000\" \/>\n\t<meta property=\"og:image:type\" content=\"image\/jpeg\" \/>\n<meta name=\"twitter:card\" content=\"summary_large_image\" \/>\n<meta name=\"twitter:label1\" content=\"Gesch\u00e4tzte Lesezeit\" \/>\n\t<meta name=\"twitter:data1\" content=\"1\u00a0Minute\" \/>\n<script type=\"application\/ld+json\" class=\"yoast-schema-graph\">{\"@context\":\"https:\/\/schema.org\",\"@graph\":[{\"@type\":\"WebPage\",\"@id\":\"https:\/\/fumot.uk\/product\/randm-tornado-15000-puffs-blue-razz-cherry\/\",\"url\":\"https:\/\/fumot.uk\/product\/randm-tornado-15000-puffs-blue-razz-cherry\/\",\"name\":\"RandM Tornado 15000 Blue Razz Cherry | 25ml, 850mAh\",\"isPartOf\":{\"@id\":\"https:\/\/fumot.uk\/#website\"},\"primaryImageOfPage\":{\"@id\":\"https:\/\/fumot.uk\/product\/randm-tornado-15000-puffs-blue-razz-cherry\/#primaryimage\"},\"image\":{\"@id\":\"https:\/\/fumot.uk\/product\/randm-tornado-15000-puffs-blue-razz-cherry\/#primaryimage\"},\"thumbnailUrl\":\"https:\/\/fumot.uk\/wp-content\/uploads\/2026\/01\/Randm-Tornado-15000-Blue-Razz-Cherry.jpg\",\"datePublished\":\"2026-01-20T02:40:09+00:00\",\"dateModified\":\"2026-01-20T07:31:14+00:00\",\"description\":\"RandM Tornado 15000 Puffs Blue Razz Cherry: 25ml e-liquid, mesh coil, adjustable airflow, LED display, 850mAh rechargeable Type\u2011C. 0\/2\/3\/5%.\",\"breadcrumb\":{\"@id\":\"https:\/\/fumot.uk\/product\/randm-tornado-15000-puffs-blue-razz-cherry\/#breadcrumb\"},\"inLanguage\":\"de\",\"potentialAction\":[{\"@type\":\"ReadAction\",\"target\":[\"https:\/\/fumot.uk\/product\/randm-tornado-15000-puffs-blue-razz-cherry\/\"]}]},{\"@type\":\"ImageObject\",\"inLanguage\":\"de\",\"@id\":\"https:\/\/fumot.uk\/product\/randm-tornado-15000-puffs-blue-razz-cherry\/#primaryimage\",\"url\":\"https:\/\/fumot.uk\/wp-content\/uploads\/2026\/01\/Randm-Tornado-15000-Blue-Razz-Cherry.jpg\",\"contentUrl\":\"https:\/\/fumot.uk\/wp-content\/uploads\/2026\/01\/Randm-Tornado-15000-Blue-Razz-Cherry.jpg\",\"width\":2000,\"height\":2000},{\"@type\":\"BreadcrumbList\",\"@id\":\"https:\/\/fumot.uk\/product\/randm-tornado-15000-puffs-blue-razz-cherry\/#breadcrumb\",\"itemListElement\":[{\"@type\":\"ListItem\",\"position\":1,\"name\":\"Home\",\"item\":\"https:\/\/fumot.uk\/\"},{\"@type\":\"ListItem\",\"position\":2,\"name\":\"Shop\",\"item\":\"https:\/\/fumot.uk\/shop\/\"},{\"@type\":\"ListItem\",\"position\":3,\"name\":\"RandM Tornado 15000 Puffs Blue Razz Cherry Disposable Vape (25ml, 850mAh, Display, Adjustable Airflow)\"}]},{\"@type\":\"WebSite\",\"@id\":\"https:\/\/fumot.uk\/#website\",\"url\":\"https:\/\/fumot.uk\/\",\"name\":\"Fumot Official Direct | Straight from the Factory, 100% Genuine\",\"description\":\"Official Website\",\"publisher\":{\"@id\":\"https:\/\/fumot.uk\/#organization\"},\"potentialAction\":[{\"@type\":\"SearchAction\",\"target\":{\"@type\":\"EntryPoint\",\"urlTemplate\":\"https:\/\/fumot.uk\/?s={search_term_string}\"},\"query-input\":{\"@type\":\"PropertyValueSpecification\",\"valueRequired\":true,\"valueName\":\"search_term_string\"}}],\"inLanguage\":\"de\"},{\"@type\":\"Organization\",\"@id\":\"https:\/\/fumot.uk\/#organization\",\"name\":\"Fumot Official Direct | Straight from the Factory, 100% Genuine\",\"url\":\"https:\/\/fumot.uk\/\",\"logo\":{\"@type\":\"ImageObject\",\"inLanguage\":\"de\",\"@id\":\"https:\/\/fumot.uk\/#\/schema\/logo\/image\/\",\"url\":\"https:\/\/fumot.uk\/wp-content\/uploads\/2026\/01\/cropped-fumot-logo1.png\",\"contentUrl\":\"https:\/\/fumot.uk\/wp-content\/uploads\/2026\/01\/cropped-fumot-logo1.png\",\"width\":152,\"height\":106,\"caption\":\"Fumot Official Direct | Straight from the Factory, 100% Genuine\"},\"image\":{\"@id\":\"https:\/\/fumot.uk\/#\/schema\/logo\/image\/\"}}]}<\/script>\n<!-- \/ Yoast SEO plugin. -->","yoast_head_json":{"title":"RandM Tornado 15000 Blue Razz Cherry | 25ml, 850mAh","description":"RandM Tornado 15000 Z\u00fcge Blue Razz Cherry: 25ml E-Liquid, Mesh-Spule, einstellbarer Luftstrom, LED-Anzeige, 850mAh wiederaufladbar Typ-C. 0\/2\/3\/5%.","robots":{"index":"index","follow":"follow","max-snippet":"max-snippet:-1","max-image-preview":"max-image-preview:large","max-video-preview":"max-video-preview:-1"},"canonical":"https:\/\/fumot.uk\/de\/product\/randm-tornado-15000-puffs-blue-razz-cherry\/","og_locale":"de_DE","og_type":"article","og_title":"RandM Tornado 15000 Puffs \u2013 Blue Razz Cherry","og_description":"A tangy blue raspberry and juicy cherry blend with mesh coil, adjustable airflow, LED display, 25ml e-liquid and 850mAh rechargeable Type\u2011C battery.","og_url":"https:\/\/fumot.uk\/de\/product\/randm-tornado-15000-puffs-blue-razz-cherry\/","og_site_name":"Fumot Official Direct | Straight from the Factory, 100% Genuine","article_modified_time":"2026-01-20T07:31:14+00:00","og_image":[{"width":2000,"height":2000,"url":"https:\/\/fumot.uk\/wp-content\/uploads\/2026\/01\/Randm-Tornado-15000-Blue-Razz-Cherry.jpg","type":"image\/jpeg"}],"twitter_card":"summary_large_image","twitter_misc":{"Gesch\u00e4tzte Lesezeit":"1\u00a0Minute"},"schema":{"@context":"https:\/\/schema.org","@graph":[{"@type":"WebPage","@id":"https:\/\/fumot.uk\/product\/randm-tornado-15000-puffs-blue-razz-cherry\/","url":"https:\/\/fumot.uk\/product\/randm-tornado-15000-puffs-blue-razz-cherry\/","name":"RandM Tornado 15000 Blue Razz Cherry | 25ml, 850mAh","isPartOf":{"@id":"https:\/\/fumot.uk\/#website"},"primaryImageOfPage":{"@id":"https:\/\/fumot.uk\/product\/randm-tornado-15000-puffs-blue-razz-cherry\/#primaryimage"},"image":{"@id":"https:\/\/fumot.uk\/product\/randm-tornado-15000-puffs-blue-razz-cherry\/#primaryimage"},"thumbnailUrl":"https:\/\/fumot.uk\/wp-content\/uploads\/2026\/01\/Randm-Tornado-15000-Blue-Razz-Cherry.jpg","datePublished":"2026-01-20T02:40:09+00:00","dateModified":"2026-01-20T07:31:14+00:00","description":"RandM Tornado 15000 Z\u00fcge Blue Razz Cherry: 25ml E-Liquid, Mesh-Spule, einstellbarer Luftstrom, LED-Anzeige, 850mAh wiederaufladbar Typ-C. 0\/2\/3\/5%.","breadcrumb":{"@id":"https:\/\/fumot.uk\/product\/randm-tornado-15000-puffs-blue-razz-cherry\/#breadcrumb"},"inLanguage":"de","potentialAction":[{"@type":"ReadAction","target":["https:\/\/fumot.uk\/product\/randm-tornado-15000-puffs-blue-razz-cherry\/"]}]},{"@type":"ImageObject","inLanguage":"de","@id":"https:\/\/fumot.uk\/product\/randm-tornado-15000-puffs-blue-razz-cherry\/#primaryimage","url":"https:\/\/fumot.uk\/wp-content\/uploads\/2026\/01\/Randm-Tornado-15000-Blue-Razz-Cherry.jpg","contentUrl":"https:\/\/fumot.uk\/wp-content\/uploads\/2026\/01\/Randm-Tornado-15000-Blue-Razz-Cherry.jpg","width":2000,"height":2000},{"@type":"BreadcrumbList","@id":"https:\/\/fumot.uk\/product\/randm-tornado-15000-puffs-blue-razz-cherry\/#breadcrumb","itemListElement":[{"@type":"ListItem","position":1,"name":"Home","item":"https:\/\/fumot.uk\/"},{"@type":"ListItem","position":2,"name":"Shop","item":"https:\/\/fumot.uk\/shop\/"},{"@type":"ListItem","position":3,"name":"RandM Tornado 15000 Puffs Blue Razz Cherry Disposable Vape (25ml, 850mAh, Display, Adjustable Airflow)"}]},{"@type":"WebSite","@id":"https:\/\/fumot.uk\/#website","url":"https:\/\/fumot.uk\/","name":"Fumot Offizieller Direkt | Direkt aus der Fabrik, 100% Original","description":"Offizielle Webseite","publisher":{"@id":"https:\/\/fumot.uk\/#organization"},"potentialAction":[{"@type":"SearchAction","target":{"@type":"EntryPoint","urlTemplate":"https:\/\/fumot.uk\/?s={search_term_string}"},"query-input":{"@type":"PropertyValueSpecification","valueRequired":true,"valueName":"search_term_string"}}],"inLanguage":"de"},{"@type":"Organization","@id":"https:\/\/fumot.uk\/#organization","name":"Fumot Offizieller Direkt | Direkt aus der Fabrik, 100% Original","url":"https:\/\/fumot.uk\/","logo":{"@type":"ImageObject","inLanguage":"de","@id":"https:\/\/fumot.uk\/#\/schema\/logo\/image\/","url":"https:\/\/fumot.uk\/wp-content\/uploads\/2026\/01\/cropped-fumot-logo1.png","contentUrl":"https:\/\/fumot.uk\/wp-content\/uploads\/2026\/01\/cropped-fumot-logo1.png","width":152,"height":106,"caption":"Fumot Official Direct | Straight from the Factory, 100% Genuine"},"image":{"@id":"https:\/\/fumot.uk\/#\/schema\/logo\/image\/"}}]}},"_links":{"self":[{"href":"https:\/\/fumot.uk\/de\/wp-json\/wp\/v2\/product\/89","targetHints":{"allow":["GET"]}}],"collection":[{"href":"https:\/\/fumot.uk\/de\/wp-json\/wp\/v2\/product"}],"about":[{"href":"https:\/\/fumot.uk\/de\/wp-json\/wp\/v2\/types\/product"}],"replies":[{"embeddable":true,"href":"https:\/\/fumot.uk\/de\/wp-json\/wp\/v2\/comments?post=89"}],"wp:featuredmedia":[{"embeddable":true,"href":"https:\/\/fumot.uk\/de\/wp-json\/wp\/v2\/media\/146"}],"wp:attachment":[{"href":"https:\/\/fumot.uk\/de\/wp-json\/wp\/v2\/media?parent=89"}],"wp:term":[{"taxonomy":"product_brand","embeddable":true,"href":"https:\/\/fumot.uk\/de\/wp-json\/wp\/v2\/product_brand?post=89"},{"taxonomy":"product_cat","embeddable":true,"href":"https:\/\/fumot.uk\/de\/wp-json\/wp\/v2\/product_cat?post=89"},{"taxonomy":"product_tag","embeddable":true,"href":"https:\/\/fumot.uk\/de\/wp-json\/wp\/v2\/product_tag?post=89"}],"curies":[{"name":"wp","href":"https:\/\/api.w.org\/{rel}","templated":true}]}}