{"id":6013,"date":"2026-01-21T04:20:51","date_gmt":"2026-01-21T04:20:51","guid":{"rendered":"https:\/\/fumot.uk\/?post_type=product&#038;p=6013"},"modified":"2026-01-21T06:04:23","modified_gmt":"2026-01-21T06:04:23","slug":"fihp-6-in-1-vape-120000-puffs-pineapple-coconut-blue-razz-mixed-berries-mango-peach-blueberry-raspberry-strawberry-vanilla","status":"publish","type":"product","link":"https:\/\/fumot.uk\/de\/product\/fihp-6-in-1-vape-120000-puffs-pineapple-coconut-blue-razz-mixed-berries-mango-peach-blueberry-raspberry-strawberry-vanilla\/","title":{"rendered":"FIHP 6-in-1 Einweg-E-Zigaretten 120000 Z\u00fcge (64ml) | Pineapple Coconut, Blue Razz, Mixed Berries, Mango Peach, Blueberry Raspberry, Strawberry Vanilla Coke | Typ\u2011C Wiederaufladbar, Dual Mesh, LED Display"},"content":{"rendered":"<h2>FIHP 6-in-1 E-Zigaretten 120000 Z\u00fcge \u2013 Ein Ger\u00e4t, sechs Geschmacksrichtungen<\/h2>\n<p>Treffen Sie die <strong>FIHP 6 in 1 Einweg-E-Zigaretten<\/strong> gebaut f\u00fcr Liebhaber von Vielfalt. Mit einem intelligenten <strong>6-Tank-Design<\/strong>, k\u00f6nnen Sie jederzeit zwischen sechs verschiedenen Mischungen wechseln\u2014perfekt, um Ihren Tag (und Ihren Gaumen) frisch zu halten. Genie\u00dfen Sie bis zu <strong>120000 Z\u00fcge<\/strong> aus einer gro\u00dfz\u00fcgigen <strong>64ml<\/strong> Kapazit\u00e4t, unterst\u00fctzt durch ein <strong>650mAh wiederaufladbare Batterie<\/strong> und <strong>Typ\u2011C-Ladung<\/strong> f\u00fcr bequeme Nachf\u00fcllungen.<\/p>\n<p>Suchen Sie nach weiteren Optionen mit hohem Zugvolumen und Ger\u00e4ten mit mehreren Geschmacksrichtungen? Entdecken Sie die neuesten Angebote auf <a href=\"https:\/\/fumot.uk\/de\/\">fumot.uk<\/a>.<\/p>\n<h3>6 enthaltene Geschmacksrichtungen (Ananas Kokosnuss \/ Blaue Himbeere \/ Gemischte Beeren \/ Mango Pfirsich \/ Blaubeere Himbeere \/ Erdbeer Vanille Cola)<\/h3>\n<ul>\n<li><strong>Ananas Kokosnuss<\/strong> \u2013 Tropische Ananashelligkeit, geschichtet mit glatter, cremiger Kokosnuss f\u00fcr ein Urlaubsgef\u00fchl.<\/li>\n<li><strong>Blue Razz<\/strong> \u2013 Ein lebhaftes Blaue-Himbeere-Profil mit einem s\u00fc\u00df-sauren Funkeln, das von Anfang bis Ende frisch bleibt.<\/li>\n<li><strong>Gemischte Beeren<\/strong> \u2013 Eine saftige Beerenmischung, die S\u00fc\u00dfe und S\u00e4ure ausbalanciert f\u00fcr eine leichte ganzt\u00e4gige Fruchtstimmung.<\/li>\n<li><strong>Mango Pfirsich<\/strong> \u2013 Weiche, sonnengereifte Mango trifft auf sanften Pfirsich f\u00fcr eine abgerundete, seidige Fruchtmischung.<\/li>\n<li><strong>Blaubeere Himbeere<\/strong> \u2013 Tiefe Blaubeernoten gepaart mit hellem Himbeers\u00e4ure\u2014sauber, fruchtig und ausgewogen.<\/li>\n<li><strong>Erdbeer Vanille Cola<\/strong> \u2013 Erdbeers\u00fc\u00dfe mit sanfter Vanille und einem colaartigen Sprudel f\u00fcr einen verspielten Twist.<\/li>\n<\/ul>\n<h3>Hauptmerkmale<\/h3>\n<ul>\n<li><strong>Bis zu 120000 Z\u00fcge<\/strong> (Verwendung variiert je nach Zugstil)<\/li>\n<li><strong>6-in-1 Umschalten<\/strong> \u2013 wechseln Sie die Geschmacksrichtungen, wann immer Sie m\u00f6chten<\/li>\n<li><strong>64ml E-Liquid-Kapazit\u00e4t<\/strong><\/li>\n<li><strong>Dual-Mesh-Spule<\/strong> f\u00fcr konsistenten, vollen Geschmack<\/li>\n<li><strong>LED-Display<\/strong> f\u00fcr schnelle Status\u00fcberpr\u00fcfungen<\/li>\n<li><strong>650mAh wiederaufladbare Batterie<\/strong> mit <strong>Type\u2011C<\/strong> Aufladen<\/li>\n<li><strong>Nikotinoptionen:<\/strong> 2% oder 5%<\/li>\n<\/ul>\n<h3>Warum Sie es m\u00f6gen werden<\/h3>\n<p>Anstatt sich auf einen Geschmack festzulegen, erm\u00f6glicht diese <strong>120000 Z\u00fcge Einweg-E-Zigaretten<\/strong> Ihnen, zwischen tropischen, beerenartigen und soda-inspirierten Noten zu wechseln\u2014ideal, um von einer hellen Tagesfrucht zu einem sanfteren, s\u00fc\u00dferen Abschluss sp\u00e4ter am Tag zu wechseln.<\/p>\n<p><strong>Tipp:<\/strong> M\u00f6chten Sie ein anderes 6-Geschmacks-Set (Frucht-, Eis-, S\u00fc\u00dfigkeiten-, Cola-Stile)? Durchsuchen Sie weitere FIHP-Optionen auf <a href=\"https:\/\/fumot.uk\/de\/\">fumot.uk<\/a>.<\/p>\n<p><img loading=\"lazy\" decoding=\"async\" class=\"size-full wp-image-17114\" title=\"FIHP 6 IN 1 E-Zigaretten 120000 Z\u00fcge 6 \u00d6ltank Einweg-E-Zigaretten\" src=\"https:\/\/ultravape.de\/wp-content\/uploads\/2025\/10\/FIHP-6-IN-1-Vape-120000-Puffs-6-oil-tank-disposable-Vape.jpg\" alt=\"FIHP 6-in-1 Einweg-E-Zigaretten 120000 Z\u00fcge mit 6 Tanks, LED-Anzeige, Typ-C wiederaufladbar\" width=\"800\" height=\"800\" \/><\/p>","protected":false},"excerpt":{"rendered":"<p>FIHP 6-in-1 Einweg-E-Zigaretten mit bis zu 120000 Z\u00fcgen und 64ml Kapazit\u00e4t. Wechseln Sie zwischen Ananas Kokosnuss, Blue Razz, Gemischte Beeren, Mango Pfirsich, Blaubeere Himbeere &amp; Erdbeer Vanille Cola. Dual Mesh Coil, LED-Anzeige, 650mAh Typ-C wiederaufladbar. Nikotin: 2% oder 5%.<\/p>","protected":false},"featured_media":6070,"comment_status":"open","ping_status":"closed","template":"","meta":[],"product_brand":[],"product_cat":[278,279,17],"product_tag":[70,71,149,150,31,22,33,152,23,73,42,79,30,35,34,26,37,28],"class_list":{"0":"post-6013","1":"product","2":"type-product","3":"status-publish","4":"has-post-thumbnail","6":"product_cat-120000-puff","7":"product_cat-fihp-6-in-1-vape-120000-puffs","8":"product_cat-vape","9":"product_tag-2-nikotin","10":"product_tag-5-nikotin","11":"product_tag-6-in-1-vape","12":"product_tag-64ml","13":"product_tag-apple","14":"product_tag-blue-razz","15":"product_tag-blueberry","16":"product_tag-coconut","17":"product_tag-display","18":"product_tag-dual-mesh","19":"product_tag-mango","20":"product_tag-mixed-berries","21":"product_tag-peach","22":"product_tag-pineapple","23":"product_tag-raspberry","24":"product_tag-rechargeable","25":"product_tag-strawberry","26":"product_tag-type-c","28":"first","29":"instock","30":"sale","31":"shipping-taxable","32":"purchasable","33":"product-type-variable","34":"has-default-attributes"},"yoast_head":"<!-- This site is optimized with the Yoast SEO plugin v26.8 - https:\/\/yoast.com\/product\/yoast-seo-wordpress\/ -->\n<title>FIHP 6-in-1 Vape 120000 Puffs | 64ml Dual Mesh<\/title>\n<meta name=\"description\" content=\"FIHP 6-in-1 disposable vape: up to 120000 puffs, 64ml, Dual Mesh Coil, LED display, Type\u2011C rechargeable 650mAh. 6 flavors. Nic 2%\/5%.\" \/>\n<meta name=\"robots\" content=\"index, follow, max-snippet:-1, max-image-preview:large, max-video-preview:-1\" \/>\n<link rel=\"canonical\" href=\"https:\/\/fumot.uk\/de\/product\/fihp-6-in-1-vape-120000-puffs-pineapple-coconut-blue-razz-mixed-berries-mango-peach-blueberry-raspberry-strawberry-vanilla\/\" \/>\n<meta property=\"og:locale\" content=\"de_DE\" \/>\n<meta property=\"og:type\" content=\"article\" \/>\n<meta property=\"og:title\" content=\"FIHP 6-in-1 Vape \u2013 120000 Puffs, 6 Flavors in One\" \/>\n<meta property=\"og:description\" content=\"Switch between 6 flavors anytime: Pineapple Coconut, Blue Razz, Mixed Berries, Mango Peach, Blueberry Raspberry &amp; Strawberry Vanilla Coke. 64ml, Dual Mesh, LED, Type\u2011C.\" \/>\n<meta property=\"og:url\" content=\"https:\/\/fumot.uk\/de\/product\/fihp-6-in-1-vape-120000-puffs-pineapple-coconut-blue-razz-mixed-berries-mango-peach-blueberry-raspberry-strawberry-vanilla\/\" \/>\n<meta property=\"og:site_name\" content=\"Fumot Official Direct | Straight from the Factory, 100% Genuine\" \/>\n<meta property=\"article:modified_time\" content=\"2026-01-21T06:04:23+00:00\" \/>\n<meta property=\"og:image\" content=\"https:\/\/fumot.uk\/wp-content\/uploads\/2026\/01\/Y76-40001FIHP-6-IN-1-Vape-120000-Puffs-strawberry-vamilla-coke-pineapple-coconut-blue-razz-mixed-berries-mango-peach-blueberry-raspberry-Disposable-Vape.jpg\" \/>\n\t<meta property=\"og:image:width\" content=\"1500\" \/>\n\t<meta property=\"og:image:height\" content=\"1500\" \/>\n\t<meta property=\"og:image:type\" content=\"image\/jpeg\" \/>\n<meta name=\"twitter:card\" content=\"summary_large_image\" \/>\n<meta name=\"twitter:label1\" content=\"Gesch\u00e4tzte Lesezeit\" \/>\n\t<meta name=\"twitter:data1\" content=\"1\u00a0Minute\" \/>\n<script type=\"application\/ld+json\" class=\"yoast-schema-graph\">{\"@context\":\"https:\/\/schema.org\",\"@graph\":[{\"@type\":\"WebPage\",\"@id\":\"https:\/\/fumot.uk\/product\/fihp-6-in-1-vape-120000-puffs-pineapple-coconut-blue-razz-mixed-berries-mango-peach-blueberry-raspberry-strawberry-vanilla\/\",\"url\":\"https:\/\/fumot.uk\/product\/fihp-6-in-1-vape-120000-puffs-pineapple-coconut-blue-razz-mixed-berries-mango-peach-blueberry-raspberry-strawberry-vanilla\/\",\"name\":\"FIHP 6-in-1 Vape 120000 Puffs | 64ml Dual Mesh\",\"isPartOf\":{\"@id\":\"https:\/\/fumot.uk\/#website\"},\"primaryImageOfPage\":{\"@id\":\"https:\/\/fumot.uk\/product\/fihp-6-in-1-vape-120000-puffs-pineapple-coconut-blue-razz-mixed-berries-mango-peach-blueberry-raspberry-strawberry-vanilla\/#primaryimage\"},\"image\":{\"@id\":\"https:\/\/fumot.uk\/product\/fihp-6-in-1-vape-120000-puffs-pineapple-coconut-blue-razz-mixed-berries-mango-peach-blueberry-raspberry-strawberry-vanilla\/#primaryimage\"},\"thumbnailUrl\":\"https:\/\/fumot.uk\/wp-content\/uploads\/2026\/01\/Y76-40001FIHP-6-IN-1-Vape-120000-Puffs-strawberry-vamilla-coke-pineapple-coconut-blue-razz-mixed-berries-mango-peach-blueberry-raspberry-Disposable-Vape.jpg\",\"datePublished\":\"2026-01-21T04:20:51+00:00\",\"dateModified\":\"2026-01-21T06:04:23+00:00\",\"description\":\"FIHP 6-in-1 disposable vape: up to 120000 puffs, 64ml, Dual Mesh Coil, LED display, Type\u2011C rechargeable 650mAh. 6 flavors. Nic 2%\/5%.\",\"breadcrumb\":{\"@id\":\"https:\/\/fumot.uk\/product\/fihp-6-in-1-vape-120000-puffs-pineapple-coconut-blue-razz-mixed-berries-mango-peach-blueberry-raspberry-strawberry-vanilla\/#breadcrumb\"},\"inLanguage\":\"de\",\"potentialAction\":[{\"@type\":\"ReadAction\",\"target\":[\"https:\/\/fumot.uk\/product\/fihp-6-in-1-vape-120000-puffs-pineapple-coconut-blue-razz-mixed-berries-mango-peach-blueberry-raspberry-strawberry-vanilla\/\"]}]},{\"@type\":\"ImageObject\",\"inLanguage\":\"de\",\"@id\":\"https:\/\/fumot.uk\/product\/fihp-6-in-1-vape-120000-puffs-pineapple-coconut-blue-razz-mixed-berries-mango-peach-blueberry-raspberry-strawberry-vanilla\/#primaryimage\",\"url\":\"https:\/\/fumot.uk\/wp-content\/uploads\/2026\/01\/Y76-40001FIHP-6-IN-1-Vape-120000-Puffs-strawberry-vamilla-coke-pineapple-coconut-blue-razz-mixed-berries-mango-peach-blueberry-raspberry-Disposable-Vape.jpg\",\"contentUrl\":\"https:\/\/fumot.uk\/wp-content\/uploads\/2026\/01\/Y76-40001FIHP-6-IN-1-Vape-120000-Puffs-strawberry-vamilla-coke-pineapple-coconut-blue-razz-mixed-berries-mango-peach-blueberry-raspberry-Disposable-Vape.jpg\",\"width\":1500,\"height\":1500},{\"@type\":\"BreadcrumbList\",\"@id\":\"https:\/\/fumot.uk\/product\/fihp-6-in-1-vape-120000-puffs-pineapple-coconut-blue-razz-mixed-berries-mango-peach-blueberry-raspberry-strawberry-vanilla\/#breadcrumb\",\"itemListElement\":[{\"@type\":\"ListItem\",\"position\":1,\"name\":\"Home\",\"item\":\"https:\/\/fumot.uk\/\"},{\"@type\":\"ListItem\",\"position\":2,\"name\":\"Shop\",\"item\":\"https:\/\/fumot.uk\/shop\/\"},{\"@type\":\"ListItem\",\"position\":3,\"name\":\"FIHP 6-in-1 Disposable Vape 120000 Puffs (64ml) | Pineapple Coconut, Blue Razz, Mixed Berries, Mango Peach, Blueberry Raspberry, Strawberry Vanilla Coke | Type\u2011C Rechargeable, Dual Mesh, LED Display\"}]},{\"@type\":\"WebSite\",\"@id\":\"https:\/\/fumot.uk\/#website\",\"url\":\"https:\/\/fumot.uk\/\",\"name\":\"Fumot Official Direct | Straight from the Factory, 100% Genuine\",\"description\":\"Official Website\",\"publisher\":{\"@id\":\"https:\/\/fumot.uk\/#organization\"},\"potentialAction\":[{\"@type\":\"SearchAction\",\"target\":{\"@type\":\"EntryPoint\",\"urlTemplate\":\"https:\/\/fumot.uk\/?s={search_term_string}\"},\"query-input\":{\"@type\":\"PropertyValueSpecification\",\"valueRequired\":true,\"valueName\":\"search_term_string\"}}],\"inLanguage\":\"de\"},{\"@type\":\"Organization\",\"@id\":\"https:\/\/fumot.uk\/#organization\",\"name\":\"Fumot Official Direct | Straight from the Factory, 100% Genuine\",\"url\":\"https:\/\/fumot.uk\/\",\"logo\":{\"@type\":\"ImageObject\",\"inLanguage\":\"de\",\"@id\":\"https:\/\/fumot.uk\/#\/schema\/logo\/image\/\",\"url\":\"https:\/\/fumot.uk\/wp-content\/uploads\/2026\/01\/cropped-fumot-logo1.png\",\"contentUrl\":\"https:\/\/fumot.uk\/wp-content\/uploads\/2026\/01\/cropped-fumot-logo1.png\",\"width\":152,\"height\":106,\"caption\":\"Fumot Official Direct | Straight from the Factory, 100% Genuine\"},\"image\":{\"@id\":\"https:\/\/fumot.uk\/#\/schema\/logo\/image\/\"}}]}<\/script>\n<!-- \/ Yoast SEO plugin. -->","yoast_head_json":{"title":"FIHP 6-in-1 E-Zigaretten 120000 Z\u00fcge | 64ml Dual Mesh","description":"FIHP 6-in-1 Einweg-E-Zigaretten: bis zu 120000 Z\u00fcge, 64ml, Dual Mesh Coil, LED-Anzeige, Type\u2011C wiederaufladbar 650mAh. 6 Geschmacksrichtungen. Nic 2%\/5%.","robots":{"index":"index","follow":"follow","max-snippet":"max-snippet:-1","max-image-preview":"max-image-preview:large","max-video-preview":"max-video-preview:-1"},"canonical":"https:\/\/fumot.uk\/de\/product\/fihp-6-in-1-vape-120000-puffs-pineapple-coconut-blue-razz-mixed-berries-mango-peach-blueberry-raspberry-strawberry-vanilla\/","og_locale":"de_DE","og_type":"article","og_title":"FIHP 6-in-1 Vape \u2013 120000 Puffs, 6 Flavors in One","og_description":"Switch between 6 flavors anytime: Pineapple Coconut, Blue Razz, Mixed Berries, Mango Peach, Blueberry Raspberry & Strawberry Vanilla Coke. 64ml, Dual Mesh, LED, Type\u2011C.","og_url":"https:\/\/fumot.uk\/de\/product\/fihp-6-in-1-vape-120000-puffs-pineapple-coconut-blue-razz-mixed-berries-mango-peach-blueberry-raspberry-strawberry-vanilla\/","og_site_name":"Fumot Official Direct | Straight from the Factory, 100% Genuine","article_modified_time":"2026-01-21T06:04:23+00:00","og_image":[{"width":1500,"height":1500,"url":"https:\/\/fumot.uk\/wp-content\/uploads\/2026\/01\/Y76-40001FIHP-6-IN-1-Vape-120000-Puffs-strawberry-vamilla-coke-pineapple-coconut-blue-razz-mixed-berries-mango-peach-blueberry-raspberry-Disposable-Vape.jpg","type":"image\/jpeg"}],"twitter_card":"summary_large_image","twitter_misc":{"Gesch\u00e4tzte Lesezeit":"1\u00a0Minute"},"schema":{"@context":"https:\/\/schema.org","@graph":[{"@type":"WebPage","@id":"https:\/\/fumot.uk\/product\/fihp-6-in-1-vape-120000-puffs-pineapple-coconut-blue-razz-mixed-berries-mango-peach-blueberry-raspberry-strawberry-vanilla\/","url":"https:\/\/fumot.uk\/product\/fihp-6-in-1-vape-120000-puffs-pineapple-coconut-blue-razz-mixed-berries-mango-peach-blueberry-raspberry-strawberry-vanilla\/","name":"FIHP 6-in-1 E-Zigaretten 120000 Z\u00fcge | 64ml Dual Mesh","isPartOf":{"@id":"https:\/\/fumot.uk\/#website"},"primaryImageOfPage":{"@id":"https:\/\/fumot.uk\/product\/fihp-6-in-1-vape-120000-puffs-pineapple-coconut-blue-razz-mixed-berries-mango-peach-blueberry-raspberry-strawberry-vanilla\/#primaryimage"},"image":{"@id":"https:\/\/fumot.uk\/product\/fihp-6-in-1-vape-120000-puffs-pineapple-coconut-blue-razz-mixed-berries-mango-peach-blueberry-raspberry-strawberry-vanilla\/#primaryimage"},"thumbnailUrl":"https:\/\/fumot.uk\/wp-content\/uploads\/2026\/01\/Y76-40001FIHP-6-IN-1-Vape-120000-Puffs-strawberry-vamilla-coke-pineapple-coconut-blue-razz-mixed-berries-mango-peach-blueberry-raspberry-Disposable-Vape.jpg","datePublished":"2026-01-21T04:20:51+00:00","dateModified":"2026-01-21T06:04:23+00:00","description":"FIHP 6-in-1 Einweg-E-Zigaretten: bis zu 120000 Z\u00fcge, 64ml, Dual Mesh Coil, LED-Anzeige, Type\u2011C wiederaufladbar 650mAh. 6 Geschmacksrichtungen. Nic 2%\/5%.","breadcrumb":{"@id":"https:\/\/fumot.uk\/product\/fihp-6-in-1-vape-120000-puffs-pineapple-coconut-blue-razz-mixed-berries-mango-peach-blueberry-raspberry-strawberry-vanilla\/#breadcrumb"},"inLanguage":"de","potentialAction":[{"@type":"ReadAction","target":["https:\/\/fumot.uk\/product\/fihp-6-in-1-vape-120000-puffs-pineapple-coconut-blue-razz-mixed-berries-mango-peach-blueberry-raspberry-strawberry-vanilla\/"]}]},{"@type":"ImageObject","inLanguage":"de","@id":"https:\/\/fumot.uk\/product\/fihp-6-in-1-vape-120000-puffs-pineapple-coconut-blue-razz-mixed-berries-mango-peach-blueberry-raspberry-strawberry-vanilla\/#primaryimage","url":"https:\/\/fumot.uk\/wp-content\/uploads\/2026\/01\/Y76-40001FIHP-6-IN-1-Vape-120000-Puffs-strawberry-vamilla-coke-pineapple-coconut-blue-razz-mixed-berries-mango-peach-blueberry-raspberry-Disposable-Vape.jpg","contentUrl":"https:\/\/fumot.uk\/wp-content\/uploads\/2026\/01\/Y76-40001FIHP-6-IN-1-Vape-120000-Puffs-strawberry-vamilla-coke-pineapple-coconut-blue-razz-mixed-berries-mango-peach-blueberry-raspberry-Disposable-Vape.jpg","width":1500,"height":1500},{"@type":"BreadcrumbList","@id":"https:\/\/fumot.uk\/product\/fihp-6-in-1-vape-120000-puffs-pineapple-coconut-blue-razz-mixed-berries-mango-peach-blueberry-raspberry-strawberry-vanilla\/#breadcrumb","itemListElement":[{"@type":"ListItem","position":1,"name":"Home","item":"https:\/\/fumot.uk\/"},{"@type":"ListItem","position":2,"name":"Shop","item":"https:\/\/fumot.uk\/shop\/"},{"@type":"ListItem","position":3,"name":"FIHP 6-in-1 Disposable Vape 120000 Puffs (64ml) | Pineapple Coconut, Blue Razz, Mixed Berries, Mango Peach, Blueberry Raspberry, Strawberry Vanilla Coke | Type\u2011C Rechargeable, Dual Mesh, LED Display"}]},{"@type":"WebSite","@id":"https:\/\/fumot.uk\/#website","url":"https:\/\/fumot.uk\/","name":"Fumot Offizieller Direkt | Direkt aus der Fabrik, 100% Original","description":"Offizielle Webseite","publisher":{"@id":"https:\/\/fumot.uk\/#organization"},"potentialAction":[{"@type":"SearchAction","target":{"@type":"EntryPoint","urlTemplate":"https:\/\/fumot.uk\/?s={search_term_string}"},"query-input":{"@type":"PropertyValueSpecification","valueRequired":true,"valueName":"search_term_string"}}],"inLanguage":"de"},{"@type":"Organization","@id":"https:\/\/fumot.uk\/#organization","name":"Fumot Offizieller Direkt | Direkt aus der Fabrik, 100% Original","url":"https:\/\/fumot.uk\/","logo":{"@type":"ImageObject","inLanguage":"de","@id":"https:\/\/fumot.uk\/#\/schema\/logo\/image\/","url":"https:\/\/fumot.uk\/wp-content\/uploads\/2026\/01\/cropped-fumot-logo1.png","contentUrl":"https:\/\/fumot.uk\/wp-content\/uploads\/2026\/01\/cropped-fumot-logo1.png","width":152,"height":106,"caption":"Fumot Official Direct | Straight from the Factory, 100% Genuine"},"image":{"@id":"https:\/\/fumot.uk\/#\/schema\/logo\/image\/"}}]}},"_links":{"self":[{"href":"https:\/\/fumot.uk\/de\/wp-json\/wp\/v2\/product\/6013","targetHints":{"allow":["GET"]}}],"collection":[{"href":"https:\/\/fumot.uk\/de\/wp-json\/wp\/v2\/product"}],"about":[{"href":"https:\/\/fumot.uk\/de\/wp-json\/wp\/v2\/types\/product"}],"replies":[{"embeddable":true,"href":"https:\/\/fumot.uk\/de\/wp-json\/wp\/v2\/comments?post=6013"}],"wp:featuredmedia":[{"embeddable":true,"href":"https:\/\/fumot.uk\/de\/wp-json\/wp\/v2\/media\/6070"}],"wp:attachment":[{"href":"https:\/\/fumot.uk\/de\/wp-json\/wp\/v2\/media?parent=6013"}],"wp:term":[{"taxonomy":"product_brand","embeddable":true,"href":"https:\/\/fumot.uk\/de\/wp-json\/wp\/v2\/product_brand?post=6013"},{"taxonomy":"product_cat","embeddable":true,"href":"https:\/\/fumot.uk\/de\/wp-json\/wp\/v2\/product_cat?post=6013"},{"taxonomy":"product_tag","embeddable":true,"href":"https:\/\/fumot.uk\/de\/wp-json\/wp\/v2\/product_tag?post=6013"}],"curies":[{"name":"wp","href":"https:\/\/api.w.org\/{rel}","templated":true}]}}