{"id":6010,"date":"2026-01-21T04:20:50","date_gmt":"2026-01-21T04:20:50","guid":{"rendered":"https:\/\/fumot.uk\/?post_type=product&#038;p=6010"},"modified":"2026-01-21T06:05:38","modified_gmt":"2026-01-21T06:05:38","slug":"fihp-double-flavor-40000-puffs-sour-apple-raspberry-strawberry-cherry","status":"publish","type":"product","link":"https:\/\/fumot.uk\/de\/product\/fihp-double-flavor-40000-puffs-sour-apple-raspberry-strawberry-cherry\/","title":{"rendered":"FIHP Doppelter Geschmack 40000 Z\u00fcge Einweg-E-Zigaretten \u2013 Sauerer Apfel Himbeere &amp; Erdbeere Kirsche | Typ\u2011C Wiederaufladbar"},"content":{"rendered":"<h2>FIHP Doppelflavor 40000 Z\u00fcge \u2013 Sauer Apfel Himbeere &amp; Erdbeere Kirsche<\/h2>\n<p>Bringen Sie Abwechslung in jede Sitzung mit der <strong>FIHP Double Flavor 40000 Z\u00fcge<\/strong> Einweg-E-Zigaretten in <strong>Sauerapfel-Himbeere<\/strong> und <strong>Erdbeere Kirsche<\/strong>. Entwickelt mit einem innovativen <strong>Doppelflavor-Wechselmundst\u00fcck<\/strong>, k\u00f6nnen Sie die Spitze drehen, um jederzeit die Geschmacksrichtungen zu wechseln\u2014perfekt, wenn Sie in einem Moment einen knackigen, w\u00fcrzigen Hit und im n\u00e4chsten eine sanfte, s\u00fc\u00dfliche Fruchtmischung m\u00f6chten.<\/p>\n<h3>Zwei Geschmacksrichtungen, ein Ger\u00e4t<\/h3>\n<ul>\n<li><strong>Sauerapfel-Himbeere<\/strong> \u2013 Eine kr\u00e4ftige gr\u00fcne Apfels\u00e4ure, ausgeglichen durch helle Himbeers\u00fc\u00dfe f\u00fcr ein lebendiges, erfrischendes Finish.<\/li>\n<li><strong>Erdbeere Kirsche<\/strong> \u2013 Reife Erdbeernoten treffen auf saftige Kirsche f\u00fcr ein abgerundetes, s\u00fc\u00dfes Fruchtprofil, das sich bei jedem Zug wie Sommer anf\u00fchlt.<\/li>\n<\/ul>\n<h3>Warum Sie es m\u00f6gen werden<\/h3>\n<ul>\n<li><strong>Bis zu 40000 Z\u00fcge<\/strong> f\u00fcr langanhaltenden Genuss*<\/li>\n<li><strong>36ml E-Liquid-Kapazit\u00e4t<\/strong> f\u00fcr verl\u00e4ngerte Nutzung<\/li>\n<li><strong>Dual-Mesh-Spule<\/strong> f\u00fcr konsistenten Geschmack und sanften Dampf<\/li>\n<li><strong>LED-Display<\/strong> f\u00fcr klare, auf einen Blick erkennbare Statusanzeige<\/li>\n<li><strong>650mAh wiederaufladbare Batterie<\/strong> mit <strong>Typ\u2011C-Ladung<\/strong><\/li>\n<li><strong>Nikotinoptionen:<\/strong> 2% oder 5%<\/li>\n<\/ul>\n<h3>Wie der Doppelflavor-Schalter funktioniert<\/h3>\n<p>Einfach <strong>das Mundst\u00fcck drehen<\/strong> um zwischen <em>Sauerapfel-Himbeere<\/em> und <em>Erdbeere Kirsche<\/em>. Es ist eine einfache M\u00f6glichkeit, Ihren Geschmack frisch zu halten, ohne ein zweites Ger\u00e4t mitzuf\u00fchren.<\/p>\n<p><strong>Suchen Sie nach weiteren FIHP Doppelflavor-Optionen?<\/strong> Entdecken Sie die gesamte Kollektion auf <a href=\"https:\/\/fumot.uk\/de\/\" target=\"_blank\" rel=\"noopener\">fumot.uk<\/a>.<\/p>\n<p><small>*Die Zuganzahl ist eine Sch\u00e4tzung und kann je nach Nutzungsstil variieren.<\/small><\/p>","protected":false},"excerpt":{"rendered":"<p>Wechseln Sie jederzeit die Geschmacksrichtungen: FIHP Double Flavor 40000 Puffs in Sour Apple Raspberry &amp; Strawberry Cherry. 36ml, Dual Mesh Coil, LED-Anzeige, 650mAh Typ-C wiederaufladbar, 2%\/5% Nikotinoptionen.<\/p>","protected":false},"featured_media":6044,"comment_status":"open","ping_status":"closed","template":"","meta":[],"product_brand":[],"product_cat":[82,276,17],"product_tag":[70,165,71,131,31,36,114,73,34,26,37,28],"class_list":{"0":"post-6010","1":"product","2":"type-product","3":"status-publish","4":"has-post-thumbnail","6":"product_cat-40000-puff","7":"product_cat-fihp-double-flavor-40000-puffs","8":"product_cat-vape","9":"product_tag-2-nikotin","10":"product_tag-36ml","11":"product_tag-5-nikotin","12":"product_tag-650mah","13":"product_tag-apple","14":"product_tag-cherry","15":"product_tag-dual-flavor","16":"product_tag-dual-mesh","17":"product_tag-raspberry","18":"product_tag-rechargeable","19":"product_tag-strawberry","20":"product_tag-type-c","22":"first","23":"instock","24":"sale","25":"shipping-taxable","26":"purchasable","27":"product-type-variable","28":"has-default-attributes"},"yoast_head":"<!-- This site is optimized with the Yoast SEO plugin v26.8 - https:\/\/yoast.com\/product\/yoast-seo-wordpress\/ -->\n<title>FIHP Double Flavor 40000 Puffs \u2013 Sour Apple Raspberry<\/title>\n<meta name=\"description\" content=\"FIHP Double Flavor 40000 Puffs disposable vape: Sour Apple Raspberry &amp; Strawberry Cherry. 36ml, Dual Mesh Coil, LED, 650mAh Type\u2011C, 2%\/5% nic.\" \/>\n<meta name=\"robots\" content=\"index, follow, max-snippet:-1, max-image-preview:large, max-video-preview:-1\" \/>\n<link rel=\"canonical\" href=\"https:\/\/fumot.uk\/de\/product\/fihp-double-flavor-40000-puffs-sour-apple-raspberry-strawberry-cherry\/\" \/>\n<meta property=\"og:locale\" content=\"de_DE\" \/>\n<meta property=\"og:type\" content=\"article\" \/>\n<meta property=\"og:title\" content=\"FIHP Double Flavor 40000 Puffs \u2013 2 Flavors in 1 Device\" \/>\n<meta property=\"og:description\" content=\"Rotate to switch between Sour Apple Raspberry and Strawberry Cherry. 36ml, Dual Mesh Coil, LED display, 650mAh Type\u2011C rechargeable, 2%\/5% nic.\" \/>\n<meta property=\"og:url\" content=\"https:\/\/fumot.uk\/de\/product\/fihp-double-flavor-40000-puffs-sour-apple-raspberry-strawberry-cherry\/\" \/>\n<meta property=\"og:site_name\" content=\"Fumot Official Direct | Straight from the Factory, 100% Genuine\" \/>\n<meta property=\"article:modified_time\" content=\"2026-01-21T06:05:38+00:00\" \/>\n<meta property=\"og:image\" content=\"https:\/\/fumot.uk\/wp-content\/uploads\/2026\/01\/FIHP-Double-Flavors-40000-Puffs-Strawberry-Cherry-Sour-Apple-Raspberry-Disposable-E-Cigarette.jpg\" \/>\n\t<meta property=\"og:image:width\" content=\"1200\" \/>\n\t<meta property=\"og:image:height\" content=\"1200\" \/>\n\t<meta property=\"og:image:type\" content=\"image\/jpeg\" \/>\n<meta name=\"twitter:card\" content=\"summary_large_image\" \/>\n<meta name=\"twitter:label1\" content=\"Gesch\u00e4tzte Lesezeit\" \/>\n\t<meta name=\"twitter:data1\" content=\"1\u00a0Minute\" \/>\n<script type=\"application\/ld+json\" class=\"yoast-schema-graph\">{\"@context\":\"https:\/\/schema.org\",\"@graph\":[{\"@type\":\"WebPage\",\"@id\":\"https:\/\/fumot.uk\/product\/fihp-double-flavor-40000-puffs-sour-apple-raspberry-strawberry-cherry\/\",\"url\":\"https:\/\/fumot.uk\/product\/fihp-double-flavor-40000-puffs-sour-apple-raspberry-strawberry-cherry\/\",\"name\":\"FIHP Double Flavor 40000 Puffs \u2013 Sour Apple Raspberry\",\"isPartOf\":{\"@id\":\"https:\/\/fumot.uk\/#website\"},\"primaryImageOfPage\":{\"@id\":\"https:\/\/fumot.uk\/product\/fihp-double-flavor-40000-puffs-sour-apple-raspberry-strawberry-cherry\/#primaryimage\"},\"image\":{\"@id\":\"https:\/\/fumot.uk\/product\/fihp-double-flavor-40000-puffs-sour-apple-raspberry-strawberry-cherry\/#primaryimage\"},\"thumbnailUrl\":\"https:\/\/fumot.uk\/wp-content\/uploads\/2026\/01\/FIHP-Double-Flavors-40000-Puffs-Strawberry-Cherry-Sour-Apple-Raspberry-Disposable-E-Cigarette.jpg\",\"datePublished\":\"2026-01-21T04:20:50+00:00\",\"dateModified\":\"2026-01-21T06:05:38+00:00\",\"description\":\"FIHP Double Flavor 40000 Puffs disposable vape: Sour Apple Raspberry & Strawberry Cherry. 36ml, Dual Mesh Coil, LED, 650mAh Type\u2011C, 2%\/5% nic.\",\"breadcrumb\":{\"@id\":\"https:\/\/fumot.uk\/product\/fihp-double-flavor-40000-puffs-sour-apple-raspberry-strawberry-cherry\/#breadcrumb\"},\"inLanguage\":\"de\",\"potentialAction\":[{\"@type\":\"ReadAction\",\"target\":[\"https:\/\/fumot.uk\/product\/fihp-double-flavor-40000-puffs-sour-apple-raspberry-strawberry-cherry\/\"]}]},{\"@type\":\"ImageObject\",\"inLanguage\":\"de\",\"@id\":\"https:\/\/fumot.uk\/product\/fihp-double-flavor-40000-puffs-sour-apple-raspberry-strawberry-cherry\/#primaryimage\",\"url\":\"https:\/\/fumot.uk\/wp-content\/uploads\/2026\/01\/FIHP-Double-Flavors-40000-Puffs-Strawberry-Cherry-Sour-Apple-Raspberry-Disposable-E-Cigarette.jpg\",\"contentUrl\":\"https:\/\/fumot.uk\/wp-content\/uploads\/2026\/01\/FIHP-Double-Flavors-40000-Puffs-Strawberry-Cherry-Sour-Apple-Raspberry-Disposable-E-Cigarette.jpg\",\"width\":1200,\"height\":1200},{\"@type\":\"BreadcrumbList\",\"@id\":\"https:\/\/fumot.uk\/product\/fihp-double-flavor-40000-puffs-sour-apple-raspberry-strawberry-cherry\/#breadcrumb\",\"itemListElement\":[{\"@type\":\"ListItem\",\"position\":1,\"name\":\"Home\",\"item\":\"https:\/\/fumot.uk\/\"},{\"@type\":\"ListItem\",\"position\":2,\"name\":\"Shop\",\"item\":\"https:\/\/fumot.uk\/shop\/\"},{\"@type\":\"ListItem\",\"position\":3,\"name\":\"FIHP Double Flavor 40000 Puffs Disposable Vape \u2013 Sour Apple Raspberry &#038; Strawberry Cherry | Type\u2011C Rechargeable\"}]},{\"@type\":\"WebSite\",\"@id\":\"https:\/\/fumot.uk\/#website\",\"url\":\"https:\/\/fumot.uk\/\",\"name\":\"Fumot Official Direct | Straight from the Factory, 100% Genuine\",\"description\":\"Official Website\",\"publisher\":{\"@id\":\"https:\/\/fumot.uk\/#organization\"},\"potentialAction\":[{\"@type\":\"SearchAction\",\"target\":{\"@type\":\"EntryPoint\",\"urlTemplate\":\"https:\/\/fumot.uk\/?s={search_term_string}\"},\"query-input\":{\"@type\":\"PropertyValueSpecification\",\"valueRequired\":true,\"valueName\":\"search_term_string\"}}],\"inLanguage\":\"de\"},{\"@type\":\"Organization\",\"@id\":\"https:\/\/fumot.uk\/#organization\",\"name\":\"Fumot Official Direct | Straight from the Factory, 100% Genuine\",\"url\":\"https:\/\/fumot.uk\/\",\"logo\":{\"@type\":\"ImageObject\",\"inLanguage\":\"de\",\"@id\":\"https:\/\/fumot.uk\/#\/schema\/logo\/image\/\",\"url\":\"https:\/\/fumot.uk\/wp-content\/uploads\/2026\/01\/cropped-fumot-logo1.png\",\"contentUrl\":\"https:\/\/fumot.uk\/wp-content\/uploads\/2026\/01\/cropped-fumot-logo1.png\",\"width\":152,\"height\":106,\"caption\":\"Fumot Official Direct | Straight from the Factory, 100% Genuine\"},\"image\":{\"@id\":\"https:\/\/fumot.uk\/#\/schema\/logo\/image\/\"}}]}<\/script>\n<!-- \/ Yoast SEO plugin. -->","yoast_head_json":{"title":"FIHP Doppelter Geschmack 40000 Z\u00fcge \u2013 Saure Apfel-Himbeere","description":"FIHP Doppelgeschmack 40000 Z\u00fcge Einweg-E-Zigaretten: Saure Apfel-Himbeere &amp; Erdbeer-Kirsche. 36ml, Dual-Mesh-Spule, LED, 650mAh Typ\u2011C, 2%\/5% Nik.","robots":{"index":"index","follow":"follow","max-snippet":"max-snippet:-1","max-image-preview":"max-image-preview:large","max-video-preview":"max-video-preview:-1"},"canonical":"https:\/\/fumot.uk\/de\/product\/fihp-double-flavor-40000-puffs-sour-apple-raspberry-strawberry-cherry\/","og_locale":"de_DE","og_type":"article","og_title":"FIHP Double Flavor 40000 Puffs \u2013 2 Flavors in 1 Device","og_description":"Rotate to switch between Sour Apple Raspberry and Strawberry Cherry. 36ml, Dual Mesh Coil, LED display, 650mAh Type\u2011C rechargeable, 2%\/5% nic.","og_url":"https:\/\/fumot.uk\/de\/product\/fihp-double-flavor-40000-puffs-sour-apple-raspberry-strawberry-cherry\/","og_site_name":"Fumot Official Direct | Straight from the Factory, 100% Genuine","article_modified_time":"2026-01-21T06:05:38+00:00","og_image":[{"width":1200,"height":1200,"url":"https:\/\/fumot.uk\/wp-content\/uploads\/2026\/01\/FIHP-Double-Flavors-40000-Puffs-Strawberry-Cherry-Sour-Apple-Raspberry-Disposable-E-Cigarette.jpg","type":"image\/jpeg"}],"twitter_card":"summary_large_image","twitter_misc":{"Gesch\u00e4tzte Lesezeit":"1\u00a0Minute"},"schema":{"@context":"https:\/\/schema.org","@graph":[{"@type":"WebPage","@id":"https:\/\/fumot.uk\/product\/fihp-double-flavor-40000-puffs-sour-apple-raspberry-strawberry-cherry\/","url":"https:\/\/fumot.uk\/product\/fihp-double-flavor-40000-puffs-sour-apple-raspberry-strawberry-cherry\/","name":"FIHP Doppelter Geschmack 40000 Z\u00fcge \u2013 Saure Apfel-Himbeere","isPartOf":{"@id":"https:\/\/fumot.uk\/#website"},"primaryImageOfPage":{"@id":"https:\/\/fumot.uk\/product\/fihp-double-flavor-40000-puffs-sour-apple-raspberry-strawberry-cherry\/#primaryimage"},"image":{"@id":"https:\/\/fumot.uk\/product\/fihp-double-flavor-40000-puffs-sour-apple-raspberry-strawberry-cherry\/#primaryimage"},"thumbnailUrl":"https:\/\/fumot.uk\/wp-content\/uploads\/2026\/01\/FIHP-Double-Flavors-40000-Puffs-Strawberry-Cherry-Sour-Apple-Raspberry-Disposable-E-Cigarette.jpg","datePublished":"2026-01-21T04:20:50+00:00","dateModified":"2026-01-21T06:05:38+00:00","description":"FIHP Doppelgeschmack 40000 Z\u00fcge Einweg-E-Zigaretten: Saure Apfel-Himbeere &amp; Erdbeer-Kirsche. 36ml, Dual-Mesh-Spule, LED, 650mAh Typ\u2011C, 2%\/5% Nik.","breadcrumb":{"@id":"https:\/\/fumot.uk\/product\/fihp-double-flavor-40000-puffs-sour-apple-raspberry-strawberry-cherry\/#breadcrumb"},"inLanguage":"de","potentialAction":[{"@type":"ReadAction","target":["https:\/\/fumot.uk\/product\/fihp-double-flavor-40000-puffs-sour-apple-raspberry-strawberry-cherry\/"]}]},{"@type":"ImageObject","inLanguage":"de","@id":"https:\/\/fumot.uk\/product\/fihp-double-flavor-40000-puffs-sour-apple-raspberry-strawberry-cherry\/#primaryimage","url":"https:\/\/fumot.uk\/wp-content\/uploads\/2026\/01\/FIHP-Double-Flavors-40000-Puffs-Strawberry-Cherry-Sour-Apple-Raspberry-Disposable-E-Cigarette.jpg","contentUrl":"https:\/\/fumot.uk\/wp-content\/uploads\/2026\/01\/FIHP-Double-Flavors-40000-Puffs-Strawberry-Cherry-Sour-Apple-Raspberry-Disposable-E-Cigarette.jpg","width":1200,"height":1200},{"@type":"BreadcrumbList","@id":"https:\/\/fumot.uk\/product\/fihp-double-flavor-40000-puffs-sour-apple-raspberry-strawberry-cherry\/#breadcrumb","itemListElement":[{"@type":"ListItem","position":1,"name":"Home","item":"https:\/\/fumot.uk\/"},{"@type":"ListItem","position":2,"name":"Shop","item":"https:\/\/fumot.uk\/shop\/"},{"@type":"ListItem","position":3,"name":"FIHP Double Flavor 40000 Puffs Disposable Vape \u2013 Sour Apple Raspberry &#038; Strawberry Cherry | Type\u2011C Rechargeable"}]},{"@type":"WebSite","@id":"https:\/\/fumot.uk\/#website","url":"https:\/\/fumot.uk\/","name":"Fumot Offizieller Direkt | Direkt aus der Fabrik, 100% Original","description":"Offizielle Webseite","publisher":{"@id":"https:\/\/fumot.uk\/#organization"},"potentialAction":[{"@type":"SearchAction","target":{"@type":"EntryPoint","urlTemplate":"https:\/\/fumot.uk\/?s={search_term_string}"},"query-input":{"@type":"PropertyValueSpecification","valueRequired":true,"valueName":"search_term_string"}}],"inLanguage":"de"},{"@type":"Organization","@id":"https:\/\/fumot.uk\/#organization","name":"Fumot Offizieller Direkt | Direkt aus der Fabrik, 100% Original","url":"https:\/\/fumot.uk\/","logo":{"@type":"ImageObject","inLanguage":"de","@id":"https:\/\/fumot.uk\/#\/schema\/logo\/image\/","url":"https:\/\/fumot.uk\/wp-content\/uploads\/2026\/01\/cropped-fumot-logo1.png","contentUrl":"https:\/\/fumot.uk\/wp-content\/uploads\/2026\/01\/cropped-fumot-logo1.png","width":152,"height":106,"caption":"Fumot Official Direct | Straight from the Factory, 100% Genuine"},"image":{"@id":"https:\/\/fumot.uk\/#\/schema\/logo\/image\/"}}]}},"_links":{"self":[{"href":"https:\/\/fumot.uk\/de\/wp-json\/wp\/v2\/product\/6010","targetHints":{"allow":["GET"]}}],"collection":[{"href":"https:\/\/fumot.uk\/de\/wp-json\/wp\/v2\/product"}],"about":[{"href":"https:\/\/fumot.uk\/de\/wp-json\/wp\/v2\/types\/product"}],"replies":[{"embeddable":true,"href":"https:\/\/fumot.uk\/de\/wp-json\/wp\/v2\/comments?post=6010"}],"wp:featuredmedia":[{"embeddable":true,"href":"https:\/\/fumot.uk\/de\/wp-json\/wp\/v2\/media\/6044"}],"wp:attachment":[{"href":"https:\/\/fumot.uk\/de\/wp-json\/wp\/v2\/media?parent=6010"}],"wp:term":[{"taxonomy":"product_brand","embeddable":true,"href":"https:\/\/fumot.uk\/de\/wp-json\/wp\/v2\/product_brand?post=6010"},{"taxonomy":"product_cat","embeddable":true,"href":"https:\/\/fumot.uk\/de\/wp-json\/wp\/v2\/product_cat?post=6010"},{"taxonomy":"product_tag","embeddable":true,"href":"https:\/\/fumot.uk\/de\/wp-json\/wp\/v2\/product_tag?post=6010"}],"curies":[{"name":"wp","href":"https:\/\/api.w.org\/{rel}","templated":true}]}}