{"id":5977,"date":"2026-01-21T04:20:27","date_gmt":"2026-01-21T04:20:27","guid":{"rendered":"https:\/\/fumot.uk\/?post_type=product&#038;p=5977"},"modified":"2026-01-21T06:17:33","modified_gmt":"2026-01-21T06:17:33","slug":"al-fakher-hypermax-15000-puffs-mango-pineapple","status":"publish","type":"product","link":"https:\/\/fumot.uk\/de\/product\/al-fakher-hypermax-15000-puffs-mango-pineapple\/","title":{"rendered":"AL FAKHER Hypermax 15000 Z\u00fcge Mango Ananas Einweg-E-Zigaretten | 5% Nikotin, 30ml, Typ-C Wiederaufladbar"},"content":{"rendered":"<h4>Mango-Ananas-Geschmack (Tropisch &amp; Erfrischend)<\/h4>\n<p>Bringen Sie Insel-Vibes in jeden Zug mit der <strong>AL FAKHER Hypermax 15000 Z\u00fcge Mango Ananas<\/strong>. Diese Mischung kombiniert die <strong>sanften S\u00fc\u00dfe reifer Mango<\/strong> mit dem <strong>hellen, saftigen S\u00e4ure von Ananas<\/strong> f\u00fcr einen ausgewogenen tropischen Geschmack, der sich vom ersten bis zum letzten Zug frisch anf\u00fchlt.<\/p>\n<p>Entwickelt f\u00fcr Dampfer, die <strong>hohe Zuganzahl<\/strong> und allt\u00e4gliche Bequemlichkeit w\u00fcnschen, kommt Hypermax vorgef\u00fcllt und einsatzbereit\u2014au\u00dferdem ist es <strong>\u00fcber Type\u2011C wiederaufladbar<\/strong> sodass Sie ohne Aufwand weitermachen k\u00f6nnen. Die <strong>Mesh-Spule<\/strong> hilft, gleichm\u00e4\u00dfigen Geschmack und ein zufriedenstellendes Direct\u2011to\u2011Lung (DTL) Inhalieren zu liefern.<\/p>\n<h4>Hauptmerkmale<\/h4>\n<ul>\n<li><strong>Bis zu 15000 Z\u00fcge<\/strong> (Nutzung variiert)<\/li>\n<li><strong>5% Nikotin<\/strong><\/li>\n<li><strong>30ml<\/strong> Vorgef\u00fclltes E-Liquid<\/li>\n<li><strong>600mAh<\/strong> wiederaufladbare Batterie<\/li>\n<li><strong>Typ\u2011C-Ladung<\/strong><\/li>\n<li><strong>Mesh-Spule<\/strong> f\u00fcr sauberen, gleichm\u00e4\u00dfigen Geschmack<\/li>\n<li><strong>Intelligente Anzeige<\/strong> f\u00fcr schnelle Status\u00fcberpr\u00fcfungen<\/li>\n<li><strong>Direct to Lung (DTL)<\/strong> Zugstil<\/li>\n<li><strong>TPD-Zertifizierung<\/strong><\/li>\n<li><strong>20 Geschmacksrichtungen verf\u00fcgbar<\/strong> (einschlie\u00dflich Mango Ananas)<\/li>\n<\/ul>\n<h4>Warum Sie Mango Ananas m\u00f6gen werden<\/h4>\n<ul>\n<li><strong>Fruchtbetontes Profil:<\/strong> Mango-S\u00fc\u00dfe f\u00fchrt, Ananas f\u00fcgt einen knackigen tropischen Auftrieb hinzu<\/li>\n<li><strong>Tolle Option f\u00fcr den ganzen Tag:<\/strong> erfrischend, nicht zu schwer<\/li>\n<li><strong>Konsistente Leistung:<\/strong> wiederaufladbare Leistung + Mesh-Coil helfen, den Geschmack zu erhalten<\/li>\n<\/ul>\n<p>Entdecken Sie mehr Geschmacksrichtungen und Ger\u00e4te auf <a href=\"https:\/\/fumot.uk\/de\/\">fumot.uk<\/a>. Wenn Sie Ananasnoten m\u00f6gen, k\u00f6nnen Sie auch verwandte Optionen hier durchsuchen: <a href=\"https:\/\/fumot.uk\/de\/product-tag\/pineapple\/\">Ananas E-Zigaretten<\/a>.<\/p>","protected":false},"excerpt":{"rendered":"<p>AL FAKHER Hypermax 15000 Z\u00fcge in Mango Ananas liefert eine saftige tropische Mischung mit 30ml vorgef\u00fclltem E\u2011Liquid, 5% Nikotin, Mesh-Spule, Smart-Display und einem 600mAh Typ\u2011C wiederaufladbaren Akku f\u00fcr DTL-Dampfen.<\/p>","protected":false},"featured_media":5988,"comment_status":"open","ping_status":"closed","template":"","meta":[],"product_brand":[],"product_cat":[16,238,17],"product_tag":[239,71,240,72,42,25,35,26,62,199,204],"class_list":{"0":"post-5977","1":"product","2":"type-product","3":"status-publish","4":"has-post-thumbnail","6":"product_cat-15000-puff","7":"product_cat-al-fakher-hypermax-15000-puffs","8":"product_cat-vape","9":"product_tag-30-ml","10":"product_tag-5-nikotin","11":"product_tag-600-mah","12":"product_tag-direct-to-lung","13":"product_tag-mango","14":"product_tag-mesh-coil","15":"product_tag-pineapple","16":"product_tag-rechargeable","17":"product_tag-sale-vape","18":"product_tag-smart-display","19":"product_tag-tpd-certification","21":"first","22":"instock","23":"sale","24":"shipping-taxable","25":"purchasable","26":"product-type-variable","27":"has-default-attributes"},"yoast_head":"<!-- This site is optimized with the Yoast SEO plugin v26.8 - https:\/\/yoast.com\/product\/yoast-seo-wordpress\/ -->\n<title>AL FAKHER Hypermax 15000 Mango Pineapple | 5% 30ml<\/title>\n<meta name=\"description\" content=\"AL FAKHER Hypermax 15000 Puffs Mango Pineapple: 30ml prefilled, 5% nicotine, mesh coil, smart display, 600mAh Type\u2011C rechargeable DTL vape.\" \/>\n<meta name=\"robots\" content=\"index, follow, max-snippet:-1, max-image-preview:large, max-video-preview:-1\" \/>\n<link rel=\"canonical\" href=\"https:\/\/fumot.uk\/de\/product\/al-fakher-hypermax-15000-puffs-mango-pineapple\/\" \/>\n<meta property=\"og:locale\" content=\"de_DE\" \/>\n<meta property=\"og:type\" content=\"article\" \/>\n<meta property=\"og:title\" content=\"Mango Pineapple AL FAKHER Hypermax 15000 Puffs\" \/>\n<meta property=\"og:description\" content=\"Sweet mango meets juicy pineapple in a rechargeable 15000\u2011puff vape with 30ml e\u2011liquid, 5% nicotine, mesh coil, smart display, and Type\u2011C charging.\" \/>\n<meta property=\"og:url\" content=\"https:\/\/fumot.uk\/de\/product\/al-fakher-hypermax-15000-puffs-mango-pineapple\/\" \/>\n<meta property=\"og:site_name\" content=\"Fumot Official Direct | Straight from the Factory, 100% Genuine\" \/>\n<meta property=\"article:modified_time\" content=\"2026-01-21T06:17:33+00:00\" \/>\n<meta property=\"og:image\" content=\"https:\/\/fumot.uk\/wp-content\/uploads\/2026\/01\/AL-FAKHER-Hypermax-15000-Puffs-Mango-Pineapple-Disposable-Vape.png\" \/>\n\t<meta property=\"og:image:width\" content=\"800\" \/>\n\t<meta property=\"og:image:height\" content=\"800\" \/>\n\t<meta property=\"og:image:type\" content=\"image\/png\" \/>\n<meta name=\"twitter:card\" content=\"summary_large_image\" \/>\n<meta name=\"twitter:label1\" content=\"Gesch\u00e4tzte Lesezeit\" \/>\n\t<meta name=\"twitter:data1\" content=\"1\u00a0Minute\" \/>\n<script type=\"application\/ld+json\" class=\"yoast-schema-graph\">{\"@context\":\"https:\/\/schema.org\",\"@graph\":[{\"@type\":\"WebPage\",\"@id\":\"https:\/\/fumot.uk\/product\/al-fakher-hypermax-15000-puffs-mango-pineapple\/\",\"url\":\"https:\/\/fumot.uk\/product\/al-fakher-hypermax-15000-puffs-mango-pineapple\/\",\"name\":\"AL FAKHER Hypermax 15000 Mango Pineapple | 5% 30ml\",\"isPartOf\":{\"@id\":\"https:\/\/fumot.uk\/#website\"},\"primaryImageOfPage\":{\"@id\":\"https:\/\/fumot.uk\/product\/al-fakher-hypermax-15000-puffs-mango-pineapple\/#primaryimage\"},\"image\":{\"@id\":\"https:\/\/fumot.uk\/product\/al-fakher-hypermax-15000-puffs-mango-pineapple\/#primaryimage\"},\"thumbnailUrl\":\"https:\/\/fumot.uk\/wp-content\/uploads\/2026\/01\/AL-FAKHER-Hypermax-15000-Puffs-Mango-Pineapple-Disposable-Vape.png\",\"datePublished\":\"2026-01-21T04:20:27+00:00\",\"dateModified\":\"2026-01-21T06:17:33+00:00\",\"description\":\"AL FAKHER Hypermax 15000 Puffs Mango Pineapple: 30ml prefilled, 5% nicotine, mesh coil, smart display, 600mAh Type\u2011C rechargeable DTL vape.\",\"breadcrumb\":{\"@id\":\"https:\/\/fumot.uk\/product\/al-fakher-hypermax-15000-puffs-mango-pineapple\/#breadcrumb\"},\"inLanguage\":\"de\",\"potentialAction\":[{\"@type\":\"ReadAction\",\"target\":[\"https:\/\/fumot.uk\/product\/al-fakher-hypermax-15000-puffs-mango-pineapple\/\"]}]},{\"@type\":\"ImageObject\",\"inLanguage\":\"de\",\"@id\":\"https:\/\/fumot.uk\/product\/al-fakher-hypermax-15000-puffs-mango-pineapple\/#primaryimage\",\"url\":\"https:\/\/fumot.uk\/wp-content\/uploads\/2026\/01\/AL-FAKHER-Hypermax-15000-Puffs-Mango-Pineapple-Disposable-Vape.png\",\"contentUrl\":\"https:\/\/fumot.uk\/wp-content\/uploads\/2026\/01\/AL-FAKHER-Hypermax-15000-Puffs-Mango-Pineapple-Disposable-Vape.png\",\"width\":800,\"height\":800},{\"@type\":\"BreadcrumbList\",\"@id\":\"https:\/\/fumot.uk\/product\/al-fakher-hypermax-15000-puffs-mango-pineapple\/#breadcrumb\",\"itemListElement\":[{\"@type\":\"ListItem\",\"position\":1,\"name\":\"Home\",\"item\":\"https:\/\/fumot.uk\/\"},{\"@type\":\"ListItem\",\"position\":2,\"name\":\"Shop\",\"item\":\"https:\/\/fumot.uk\/shop\/\"},{\"@type\":\"ListItem\",\"position\":3,\"name\":\"AL FAKHER Hypermax 15000 Puffs Mango Pineapple Disposable Vape | 5% Nicotine, 30ml, Type\u2011C Rechargeable\"}]},{\"@type\":\"WebSite\",\"@id\":\"https:\/\/fumot.uk\/#website\",\"url\":\"https:\/\/fumot.uk\/\",\"name\":\"Fumot Official Direct | Straight from the Factory, 100% Genuine\",\"description\":\"Official Website\",\"publisher\":{\"@id\":\"https:\/\/fumot.uk\/#organization\"},\"potentialAction\":[{\"@type\":\"SearchAction\",\"target\":{\"@type\":\"EntryPoint\",\"urlTemplate\":\"https:\/\/fumot.uk\/?s={search_term_string}\"},\"query-input\":{\"@type\":\"PropertyValueSpecification\",\"valueRequired\":true,\"valueName\":\"search_term_string\"}}],\"inLanguage\":\"de\"},{\"@type\":\"Organization\",\"@id\":\"https:\/\/fumot.uk\/#organization\",\"name\":\"Fumot Official Direct | Straight from the Factory, 100% Genuine\",\"url\":\"https:\/\/fumot.uk\/\",\"logo\":{\"@type\":\"ImageObject\",\"inLanguage\":\"de\",\"@id\":\"https:\/\/fumot.uk\/#\/schema\/logo\/image\/\",\"url\":\"https:\/\/fumot.uk\/wp-content\/uploads\/2026\/01\/cropped-fumot-logo1.png\",\"contentUrl\":\"https:\/\/fumot.uk\/wp-content\/uploads\/2026\/01\/cropped-fumot-logo1.png\",\"width\":152,\"height\":106,\"caption\":\"Fumot Official Direct | Straight from the Factory, 100% Genuine\"},\"image\":{\"@id\":\"https:\/\/fumot.uk\/#\/schema\/logo\/image\/\"}}]}<\/script>\n<!-- \/ Yoast SEO plugin. -->","yoast_head_json":{"title":"AL FAKHER Hypermax 15000 Mango Ananas | 5% 30ml","description":"AL FAKHER Hypermax 15000 Z\u00fcge Mango Ananas: 30ml vorgef\u00fcllt, 5% Nikotin, Mesh-Coil, Smart-Display, 600mAh Typ-C wiederaufladbare DTL E-Zigaretten.","robots":{"index":"index","follow":"follow","max-snippet":"max-snippet:-1","max-image-preview":"max-image-preview:large","max-video-preview":"max-video-preview:-1"},"canonical":"https:\/\/fumot.uk\/de\/product\/al-fakher-hypermax-15000-puffs-mango-pineapple\/","og_locale":"de_DE","og_type":"article","og_title":"Mango Pineapple AL FAKHER Hypermax 15000 Puffs","og_description":"Sweet mango meets juicy pineapple in a rechargeable 15000\u2011puff vape with 30ml e\u2011liquid, 5% nicotine, mesh coil, smart display, and Type\u2011C charging.","og_url":"https:\/\/fumot.uk\/de\/product\/al-fakher-hypermax-15000-puffs-mango-pineapple\/","og_site_name":"Fumot Official Direct | Straight from the Factory, 100% Genuine","article_modified_time":"2026-01-21T06:17:33+00:00","og_image":[{"width":800,"height":800,"url":"https:\/\/fumot.uk\/wp-content\/uploads\/2026\/01\/AL-FAKHER-Hypermax-15000-Puffs-Mango-Pineapple-Disposable-Vape.png","type":"image\/png"}],"twitter_card":"summary_large_image","twitter_misc":{"Gesch\u00e4tzte Lesezeit":"1\u00a0Minute"},"schema":{"@context":"https:\/\/schema.org","@graph":[{"@type":"WebPage","@id":"https:\/\/fumot.uk\/product\/al-fakher-hypermax-15000-puffs-mango-pineapple\/","url":"https:\/\/fumot.uk\/product\/al-fakher-hypermax-15000-puffs-mango-pineapple\/","name":"AL FAKHER Hypermax 15000 Mango Ananas | 5% 30ml","isPartOf":{"@id":"https:\/\/fumot.uk\/#website"},"primaryImageOfPage":{"@id":"https:\/\/fumot.uk\/product\/al-fakher-hypermax-15000-puffs-mango-pineapple\/#primaryimage"},"image":{"@id":"https:\/\/fumot.uk\/product\/al-fakher-hypermax-15000-puffs-mango-pineapple\/#primaryimage"},"thumbnailUrl":"https:\/\/fumot.uk\/wp-content\/uploads\/2026\/01\/AL-FAKHER-Hypermax-15000-Puffs-Mango-Pineapple-Disposable-Vape.png","datePublished":"2026-01-21T04:20:27+00:00","dateModified":"2026-01-21T06:17:33+00:00","description":"AL FAKHER Hypermax 15000 Z\u00fcge Mango Ananas: 30ml vorgef\u00fcllt, 5% Nikotin, Mesh-Coil, Smart-Display, 600mAh Typ-C wiederaufladbare DTL E-Zigaretten.","breadcrumb":{"@id":"https:\/\/fumot.uk\/product\/al-fakher-hypermax-15000-puffs-mango-pineapple\/#breadcrumb"},"inLanguage":"de","potentialAction":[{"@type":"ReadAction","target":["https:\/\/fumot.uk\/product\/al-fakher-hypermax-15000-puffs-mango-pineapple\/"]}]},{"@type":"ImageObject","inLanguage":"de","@id":"https:\/\/fumot.uk\/product\/al-fakher-hypermax-15000-puffs-mango-pineapple\/#primaryimage","url":"https:\/\/fumot.uk\/wp-content\/uploads\/2026\/01\/AL-FAKHER-Hypermax-15000-Puffs-Mango-Pineapple-Disposable-Vape.png","contentUrl":"https:\/\/fumot.uk\/wp-content\/uploads\/2026\/01\/AL-FAKHER-Hypermax-15000-Puffs-Mango-Pineapple-Disposable-Vape.png","width":800,"height":800},{"@type":"BreadcrumbList","@id":"https:\/\/fumot.uk\/product\/al-fakher-hypermax-15000-puffs-mango-pineapple\/#breadcrumb","itemListElement":[{"@type":"ListItem","position":1,"name":"Home","item":"https:\/\/fumot.uk\/"},{"@type":"ListItem","position":2,"name":"Shop","item":"https:\/\/fumot.uk\/shop\/"},{"@type":"ListItem","position":3,"name":"AL FAKHER Hypermax 15000 Puffs Mango Pineapple Disposable Vape | 5% Nicotine, 30ml, Type\u2011C Rechargeable"}]},{"@type":"WebSite","@id":"https:\/\/fumot.uk\/#website","url":"https:\/\/fumot.uk\/","name":"Fumot Offizieller Direkt | Direkt aus der Fabrik, 100% Original","description":"Offizielle Webseite","publisher":{"@id":"https:\/\/fumot.uk\/#organization"},"potentialAction":[{"@type":"SearchAction","target":{"@type":"EntryPoint","urlTemplate":"https:\/\/fumot.uk\/?s={search_term_string}"},"query-input":{"@type":"PropertyValueSpecification","valueRequired":true,"valueName":"search_term_string"}}],"inLanguage":"de"},{"@type":"Organization","@id":"https:\/\/fumot.uk\/#organization","name":"Fumot Offizieller Direkt | Direkt aus der Fabrik, 100% Original","url":"https:\/\/fumot.uk\/","logo":{"@type":"ImageObject","inLanguage":"de","@id":"https:\/\/fumot.uk\/#\/schema\/logo\/image\/","url":"https:\/\/fumot.uk\/wp-content\/uploads\/2026\/01\/cropped-fumot-logo1.png","contentUrl":"https:\/\/fumot.uk\/wp-content\/uploads\/2026\/01\/cropped-fumot-logo1.png","width":152,"height":106,"caption":"Fumot Official Direct | Straight from the Factory, 100% Genuine"},"image":{"@id":"https:\/\/fumot.uk\/#\/schema\/logo\/image\/"}}]}},"_links":{"self":[{"href":"https:\/\/fumot.uk\/de\/wp-json\/wp\/v2\/product\/5977","targetHints":{"allow":["GET"]}}],"collection":[{"href":"https:\/\/fumot.uk\/de\/wp-json\/wp\/v2\/product"}],"about":[{"href":"https:\/\/fumot.uk\/de\/wp-json\/wp\/v2\/types\/product"}],"replies":[{"embeddable":true,"href":"https:\/\/fumot.uk\/de\/wp-json\/wp\/v2\/comments?post=5977"}],"wp:featuredmedia":[{"embeddable":true,"href":"https:\/\/fumot.uk\/de\/wp-json\/wp\/v2\/media\/5988"}],"wp:attachment":[{"href":"https:\/\/fumot.uk\/de\/wp-json\/wp\/v2\/media?parent=5977"}],"wp:term":[{"taxonomy":"product_brand","embeddable":true,"href":"https:\/\/fumot.uk\/de\/wp-json\/wp\/v2\/product_brand?post=5977"},{"taxonomy":"product_cat","embeddable":true,"href":"https:\/\/fumot.uk\/de\/wp-json\/wp\/v2\/product_cat?post=5977"},{"taxonomy":"product_tag","embeddable":true,"href":"https:\/\/fumot.uk\/de\/wp-json\/wp\/v2\/product_tag?post=5977"}],"curies":[{"name":"wp","href":"https:\/\/api.w.org\/{rel}","templated":true}]}}