{"id":5976,"date":"2026-01-21T04:20:26","date_gmt":"2026-01-21T04:20:26","guid":{"rendered":"https:\/\/fumot.uk\/?post_type=product&#038;p=5976"},"modified":"2026-01-21T06:18:25","modified_gmt":"2026-01-21T06:18:25","slug":"al-fakher-hypermax-15000-puffs-mango-ice","status":"publish","type":"product","link":"https:\/\/fumot.uk\/de\/product\/al-fakher-hypermax-15000-puffs-mango-ice\/","title":{"rendered":"AL FAKHER Hypermax 15000 Z\u00fcge Mango Ice | Wiederaufladbare Einweg-E-Zigaretten, 30ml 5% Nikotin, Smart Display"},"content":{"rendered":"<h2>AL FAKHER Hypermax 15000 Z\u00fcge \u2013 Mango Ice<\/h2>\n<p>Bringen Sie eine tropische Note in Ihre t\u00e4gliche E-Zigaretten mit <strong>Mango Eis<\/strong> im <strong>AL FAKHER Hypermax 15000 Z\u00fcge<\/strong>. Dieser Geschmack vereint reife, saftige Mangos\u00fc\u00dfe mit einem klaren, k\u00fchlenden Eis-Finish f\u00fcr ein erfrischend sanftes Inhalieren und ein knackiges Ausatmen\u2014ausgewogen, fruchtig und niemals \u00fcberw\u00e4ltigend.<\/p>\n<h3>Geschmacksprofil: Mango + Eis<\/h3>\n<ul>\n<li><strong>Einatmen:<\/strong> helle, s\u00fc\u00dfe Mangonoten mit einem frischen tropischen Aroma<\/li>\n<li><strong>Ausatmen:<\/strong> eine leichte eisige K\u00fchle, die den Mangogeschmack sauber und erfrischend h\u00e4lt<\/li>\n<li><strong>Insgesamt:<\/strong> eine fruchtig-eisige E-Zigaretten, die vom ersten bis zum letzten Zug sanft bleibt<\/li>\n<\/ul>\n<h3>Warum Sie den Hypermax 15000 lieben werden<\/h3>\n<p>F\u00fcr Komfort und Konsistenz entwickelt, kombiniert der Hypermax eine gro\u00dfe E-Liquid-Kapazit\u00e4t mit einem wiederaufladbaren Akku und einem Mesh-Coil-Setup, um gleichm\u00e4\u00dfigen Geschmack und zufriedenstellenden Dampf zu liefern.<\/p>\n<h3>Hauptmerkmale<\/h3>\n<ul>\n<li><strong>Bis zu 15000 Z\u00fcge<\/strong><\/li>\n<li><strong>30ml vorgef\u00fclltes E-Liquid<\/strong><\/li>\n<li><strong>5% Nikotin<\/strong><\/li>\n<li><strong>600mAh wiederaufladbarer Akku<\/strong><\/li>\n<li><strong>Typ-C-Ladung<\/strong><\/li>\n<li><strong>Mesh-Spule<\/strong> f\u00fcr sanften Geschmack und gleichm\u00e4\u00dfige Erhitzung<\/li>\n<li><strong>Intelligentes Display<\/strong> f\u00fcr die Nutzung auf einen Blick<\/li>\n<li><strong>Direct to Lung (DTL)<\/strong> Stil Zug<\/li>\n<li><strong>TPD-Zertifizierung<\/strong><\/li>\n<\/ul>\n<h3>Entdecken Sie mehr Geschmacksrichtungen<\/h3>\n<p>Lieben Sie den eisigen Frucht-Vibe? St\u00f6bern Sie in unserer Kollektion nach weiteren Optionen: <a href=\"https:\/\/fumot.uk\/de\/\" target=\"_blank\" rel=\"noopener\">fumot.uk<\/a>. Sie k\u00f6nnen auch verwandte Geschmackstags wie <a href=\"https:\/\/fumot.uk\/de\/\" target=\"_blank\" rel=\"noopener\">Mango<\/a> und <a href=\"https:\/\/fumot.uk\/de\/\" target=\"_blank\" rel=\"noopener\">Eis<\/a> durchsuchen, um \u00e4hnliche Auswahlm\u00f6glichkeiten zu entdecken.<\/p>\n<h3>Spezifikationen<\/h3>\n<ul>\n<li><strong>Marke\/Serie:<\/strong> AL FAKHER Hypermax<\/li>\n<li><strong>Geschmack:<\/strong> Mango Eis<\/li>\n<li><strong>Z\u00fcge:<\/strong> 15000<\/li>\n<li><strong>Nikotinst\u00e4rke:<\/strong> 5%<\/li>\n<li><strong>E-Liquid:<\/strong> 30ml<\/li>\n<li><strong>Batterie:<\/strong> 600mAh (wiederaufladbar)<\/li>\n<li><strong>Ladetyp:<\/strong> Typ-C<\/li>\n<li><strong>Spule:<\/strong> Mesh-Spule<\/li>\n<li><strong>Display:<\/strong> Intelligente Anzeige<\/li>\n<li><strong>Zug:<\/strong> Direct to Lung (DTL)<\/li>\n<\/ul>\n<p><em>Hinweis:<\/em> Die Anzahl der Z\u00fcge kann je nach L\u00e4nge und H\u00e4ufigkeit des Zugs variieren.<\/p>","protected":false},"excerpt":{"rendered":"<p>AL FAKHER Hypermax 15000 Z\u00fcge Mango Ice liefert saftige Mangos\u00fc\u00dfe mit einem klaren eisigen Abgang. Wiederaufladbare Einweg-E-Zigaretten mit 30ml E-Liquid, 5% Nikotin, 600mAh Typ-C-Ladung, Mesh-Spule und Smart-Display f\u00fcr gleichbleibenden DTL-Geschmack.<\/p>","protected":false},"featured_media":5987,"comment_status":"open","ping_status":"closed","template":"","meta":[],"product_brand":[],"product_cat":[16,238,17],"product_tag":[239,71,240,72,29,42,25,26,62,199,204],"class_list":{"0":"post-5976","1":"product","2":"type-product","3":"status-publish","4":"has-post-thumbnail","6":"product_cat-15000-puff","7":"product_cat-al-fakher-hypermax-15000-puffs","8":"product_cat-vape","9":"product_tag-30-ml","10":"product_tag-5-nikotin","11":"product_tag-600-mah","12":"product_tag-direct-to-lung","13":"product_tag-ice","14":"product_tag-mango","15":"product_tag-mesh-coil","16":"product_tag-rechargeable","17":"product_tag-sale-vape","18":"product_tag-smart-display","19":"product_tag-tpd-certification","21":"first","22":"instock","23":"sale","24":"shipping-taxable","25":"purchasable","26":"product-type-variable","27":"has-default-attributes"},"yoast_head":"<!-- This site is optimized with the Yoast SEO plugin v26.8 - https:\/\/yoast.com\/product\/yoast-seo-wordpress\/ -->\n<title>AL FAKHER Hypermax 15000 Mango Ice | 30ml 5% Nic<\/title>\n<meta name=\"description\" content=\"Mango Ice AL FAKHER Hypermax 15000 puffs: 30ml e-liquid, 5% nicotine, 600mAh Type\u2011C rechargeable, mesh coil, smart display, DTL draw. Buy at fumot.uk.\" \/>\n<meta name=\"robots\" content=\"index, follow, max-snippet:-1, max-image-preview:large, max-video-preview:-1\" \/>\n<link rel=\"canonical\" href=\"https:\/\/fumot.uk\/de\/product\/al-fakher-hypermax-15000-puffs-mango-ice\/\" \/>\n<meta property=\"og:locale\" content=\"de_DE\" \/>\n<meta property=\"og:type\" content=\"article\" \/>\n<meta property=\"og:title\" content=\"AL FAKHER Hypermax 15000 Puffs \u2013 Mango Ice\" \/>\n<meta property=\"og:description\" content=\"Sweet tropical mango with a refreshing icy finish. 30ml 5% nicotine, 600mAh Type\u2011C rechargeable, mesh coil, smart display\u2014DTL-ready at fumot.uk.\" \/>\n<meta property=\"og:url\" content=\"https:\/\/fumot.uk\/de\/product\/al-fakher-hypermax-15000-puffs-mango-ice\/\" \/>\n<meta property=\"og:site_name\" content=\"Fumot Official Direct | Straight from the Factory, 100% Genuine\" \/>\n<meta property=\"article:modified_time\" content=\"2026-01-21T06:18:25+00:00\" \/>\n<meta property=\"og:image\" content=\"https:\/\/fumot.uk\/wp-content\/uploads\/2026\/01\/AL-FAKHER-Hypermax-15000-Puffs-Mango-Ice-Disposable-Vape.png\" \/>\n\t<meta property=\"og:image:width\" content=\"768\" \/>\n\t<meta property=\"og:image:height\" content=\"768\" \/>\n\t<meta property=\"og:image:type\" content=\"image\/png\" \/>\n<meta name=\"twitter:card\" content=\"summary_large_image\" \/>\n<meta name=\"twitter:label1\" content=\"Gesch\u00e4tzte Lesezeit\" \/>\n\t<meta name=\"twitter:data1\" content=\"1\u00a0Minute\" \/>\n<script type=\"application\/ld+json\" class=\"yoast-schema-graph\">{\"@context\":\"https:\/\/schema.org\",\"@graph\":[{\"@type\":\"WebPage\",\"@id\":\"https:\/\/fumot.uk\/product\/al-fakher-hypermax-15000-puffs-mango-ice\/\",\"url\":\"https:\/\/fumot.uk\/product\/al-fakher-hypermax-15000-puffs-mango-ice\/\",\"name\":\"AL FAKHER Hypermax 15000 Mango Ice | 30ml 5% Nic\",\"isPartOf\":{\"@id\":\"https:\/\/fumot.uk\/#website\"},\"primaryImageOfPage\":{\"@id\":\"https:\/\/fumot.uk\/product\/al-fakher-hypermax-15000-puffs-mango-ice\/#primaryimage\"},\"image\":{\"@id\":\"https:\/\/fumot.uk\/product\/al-fakher-hypermax-15000-puffs-mango-ice\/#primaryimage\"},\"thumbnailUrl\":\"https:\/\/fumot.uk\/wp-content\/uploads\/2026\/01\/AL-FAKHER-Hypermax-15000-Puffs-Mango-Ice-Disposable-Vape.png\",\"datePublished\":\"2026-01-21T04:20:26+00:00\",\"dateModified\":\"2026-01-21T06:18:25+00:00\",\"description\":\"Mango Ice AL FAKHER Hypermax 15000 puffs: 30ml e-liquid, 5% nicotine, 600mAh Type\u2011C rechargeable, mesh coil, smart display, DTL draw. Buy at fumot.uk.\",\"breadcrumb\":{\"@id\":\"https:\/\/fumot.uk\/product\/al-fakher-hypermax-15000-puffs-mango-ice\/#breadcrumb\"},\"inLanguage\":\"de\",\"potentialAction\":[{\"@type\":\"ReadAction\",\"target\":[\"https:\/\/fumot.uk\/product\/al-fakher-hypermax-15000-puffs-mango-ice\/\"]}]},{\"@type\":\"ImageObject\",\"inLanguage\":\"de\",\"@id\":\"https:\/\/fumot.uk\/product\/al-fakher-hypermax-15000-puffs-mango-ice\/#primaryimage\",\"url\":\"https:\/\/fumot.uk\/wp-content\/uploads\/2026\/01\/AL-FAKHER-Hypermax-15000-Puffs-Mango-Ice-Disposable-Vape.png\",\"contentUrl\":\"https:\/\/fumot.uk\/wp-content\/uploads\/2026\/01\/AL-FAKHER-Hypermax-15000-Puffs-Mango-Ice-Disposable-Vape.png\",\"width\":768,\"height\":768},{\"@type\":\"BreadcrumbList\",\"@id\":\"https:\/\/fumot.uk\/product\/al-fakher-hypermax-15000-puffs-mango-ice\/#breadcrumb\",\"itemListElement\":[{\"@type\":\"ListItem\",\"position\":1,\"name\":\"Home\",\"item\":\"https:\/\/fumot.uk\/\"},{\"@type\":\"ListItem\",\"position\":2,\"name\":\"Shop\",\"item\":\"https:\/\/fumot.uk\/shop\/\"},{\"@type\":\"ListItem\",\"position\":3,\"name\":\"AL FAKHER Hypermax 15000 Puffs Mango Ice | Rechargeable Disposable Vape, 30ml 5% Nicotine, Smart Display\"}]},{\"@type\":\"WebSite\",\"@id\":\"https:\/\/fumot.uk\/#website\",\"url\":\"https:\/\/fumot.uk\/\",\"name\":\"Fumot Official Direct | Straight from the Factory, 100% Genuine\",\"description\":\"Official Website\",\"publisher\":{\"@id\":\"https:\/\/fumot.uk\/#organization\"},\"potentialAction\":[{\"@type\":\"SearchAction\",\"target\":{\"@type\":\"EntryPoint\",\"urlTemplate\":\"https:\/\/fumot.uk\/?s={search_term_string}\"},\"query-input\":{\"@type\":\"PropertyValueSpecification\",\"valueRequired\":true,\"valueName\":\"search_term_string\"}}],\"inLanguage\":\"de\"},{\"@type\":\"Organization\",\"@id\":\"https:\/\/fumot.uk\/#organization\",\"name\":\"Fumot Official Direct | Straight from the Factory, 100% Genuine\",\"url\":\"https:\/\/fumot.uk\/\",\"logo\":{\"@type\":\"ImageObject\",\"inLanguage\":\"de\",\"@id\":\"https:\/\/fumot.uk\/#\/schema\/logo\/image\/\",\"url\":\"https:\/\/fumot.uk\/wp-content\/uploads\/2026\/01\/cropped-fumot-logo1.png\",\"contentUrl\":\"https:\/\/fumot.uk\/wp-content\/uploads\/2026\/01\/cropped-fumot-logo1.png\",\"width\":152,\"height\":106,\"caption\":\"Fumot Official Direct | Straight from the Factory, 100% Genuine\"},\"image\":{\"@id\":\"https:\/\/fumot.uk\/#\/schema\/logo\/image\/\"}}]}<\/script>\n<!-- \/ Yoast SEO plugin. -->","yoast_head_json":{"title":"AL FAKHER Hypermax 15000 Mango Ice | 30ml 5% Nic","description":"Mango Ice AL FAKHER Hypermax 15000 Z\u00fcge: 30ml E-Liquid, 5% Nikotin, 600mAh Typ\u2011C wiederaufladbar, Mesh-Spule, Smart-Display, DTL-Zug. Kaufen bei fumot.uk.","robots":{"index":"index","follow":"follow","max-snippet":"max-snippet:-1","max-image-preview":"max-image-preview:large","max-video-preview":"max-video-preview:-1"},"canonical":"https:\/\/fumot.uk\/de\/product\/al-fakher-hypermax-15000-puffs-mango-ice\/","og_locale":"de_DE","og_type":"article","og_title":"AL FAKHER Hypermax 15000 Puffs \u2013 Mango Ice","og_description":"Sweet tropical mango with a refreshing icy finish. 30ml 5% nicotine, 600mAh Type\u2011C rechargeable, mesh coil, smart display\u2014DTL-ready at fumot.uk.","og_url":"https:\/\/fumot.uk\/de\/product\/al-fakher-hypermax-15000-puffs-mango-ice\/","og_site_name":"Fumot Official Direct | Straight from the Factory, 100% Genuine","article_modified_time":"2026-01-21T06:18:25+00:00","og_image":[{"width":768,"height":768,"url":"https:\/\/fumot.uk\/wp-content\/uploads\/2026\/01\/AL-FAKHER-Hypermax-15000-Puffs-Mango-Ice-Disposable-Vape.png","type":"image\/png"}],"twitter_card":"summary_large_image","twitter_misc":{"Gesch\u00e4tzte Lesezeit":"1\u00a0Minute"},"schema":{"@context":"https:\/\/schema.org","@graph":[{"@type":"WebPage","@id":"https:\/\/fumot.uk\/product\/al-fakher-hypermax-15000-puffs-mango-ice\/","url":"https:\/\/fumot.uk\/product\/al-fakher-hypermax-15000-puffs-mango-ice\/","name":"AL FAKHER Hypermax 15000 Mango Ice | 30ml 5% Nic","isPartOf":{"@id":"https:\/\/fumot.uk\/#website"},"primaryImageOfPage":{"@id":"https:\/\/fumot.uk\/product\/al-fakher-hypermax-15000-puffs-mango-ice\/#primaryimage"},"image":{"@id":"https:\/\/fumot.uk\/product\/al-fakher-hypermax-15000-puffs-mango-ice\/#primaryimage"},"thumbnailUrl":"https:\/\/fumot.uk\/wp-content\/uploads\/2026\/01\/AL-FAKHER-Hypermax-15000-Puffs-Mango-Ice-Disposable-Vape.png","datePublished":"2026-01-21T04:20:26+00:00","dateModified":"2026-01-21T06:18:25+00:00","description":"Mango Ice AL FAKHER Hypermax 15000 Z\u00fcge: 30ml E-Liquid, 5% Nikotin, 600mAh Typ\u2011C wiederaufladbar, Mesh-Spule, Smart-Display, DTL-Zug. Kaufen bei fumot.uk.","breadcrumb":{"@id":"https:\/\/fumot.uk\/product\/al-fakher-hypermax-15000-puffs-mango-ice\/#breadcrumb"},"inLanguage":"de","potentialAction":[{"@type":"ReadAction","target":["https:\/\/fumot.uk\/product\/al-fakher-hypermax-15000-puffs-mango-ice\/"]}]},{"@type":"ImageObject","inLanguage":"de","@id":"https:\/\/fumot.uk\/product\/al-fakher-hypermax-15000-puffs-mango-ice\/#primaryimage","url":"https:\/\/fumot.uk\/wp-content\/uploads\/2026\/01\/AL-FAKHER-Hypermax-15000-Puffs-Mango-Ice-Disposable-Vape.png","contentUrl":"https:\/\/fumot.uk\/wp-content\/uploads\/2026\/01\/AL-FAKHER-Hypermax-15000-Puffs-Mango-Ice-Disposable-Vape.png","width":768,"height":768},{"@type":"BreadcrumbList","@id":"https:\/\/fumot.uk\/product\/al-fakher-hypermax-15000-puffs-mango-ice\/#breadcrumb","itemListElement":[{"@type":"ListItem","position":1,"name":"Home","item":"https:\/\/fumot.uk\/"},{"@type":"ListItem","position":2,"name":"Shop","item":"https:\/\/fumot.uk\/shop\/"},{"@type":"ListItem","position":3,"name":"AL FAKHER Hypermax 15000 Puffs Mango Ice | Rechargeable Disposable Vape, 30ml 5% Nicotine, Smart Display"}]},{"@type":"WebSite","@id":"https:\/\/fumot.uk\/#website","url":"https:\/\/fumot.uk\/","name":"Fumot Offizieller Direkt | Direkt aus der Fabrik, 100% Original","description":"Offizielle Webseite","publisher":{"@id":"https:\/\/fumot.uk\/#organization"},"potentialAction":[{"@type":"SearchAction","target":{"@type":"EntryPoint","urlTemplate":"https:\/\/fumot.uk\/?s={search_term_string}"},"query-input":{"@type":"PropertyValueSpecification","valueRequired":true,"valueName":"search_term_string"}}],"inLanguage":"de"},{"@type":"Organization","@id":"https:\/\/fumot.uk\/#organization","name":"Fumot Offizieller Direkt | Direkt aus der Fabrik, 100% Original","url":"https:\/\/fumot.uk\/","logo":{"@type":"ImageObject","inLanguage":"de","@id":"https:\/\/fumot.uk\/#\/schema\/logo\/image\/","url":"https:\/\/fumot.uk\/wp-content\/uploads\/2026\/01\/cropped-fumot-logo1.png","contentUrl":"https:\/\/fumot.uk\/wp-content\/uploads\/2026\/01\/cropped-fumot-logo1.png","width":152,"height":106,"caption":"Fumot Official Direct | Straight from the Factory, 100% Genuine"},"image":{"@id":"https:\/\/fumot.uk\/#\/schema\/logo\/image\/"}}]}},"_links":{"self":[{"href":"https:\/\/fumot.uk\/de\/wp-json\/wp\/v2\/product\/5976","targetHints":{"allow":["GET"]}}],"collection":[{"href":"https:\/\/fumot.uk\/de\/wp-json\/wp\/v2\/product"}],"about":[{"href":"https:\/\/fumot.uk\/de\/wp-json\/wp\/v2\/types\/product"}],"replies":[{"embeddable":true,"href":"https:\/\/fumot.uk\/de\/wp-json\/wp\/v2\/comments?post=5976"}],"wp:featuredmedia":[{"embeddable":true,"href":"https:\/\/fumot.uk\/de\/wp-json\/wp\/v2\/media\/5987"}],"wp:attachment":[{"href":"https:\/\/fumot.uk\/de\/wp-json\/wp\/v2\/media?parent=5976"}],"wp:term":[{"taxonomy":"product_brand","embeddable":true,"href":"https:\/\/fumot.uk\/de\/wp-json\/wp\/v2\/product_brand?post=5976"},{"taxonomy":"product_cat","embeddable":true,"href":"https:\/\/fumot.uk\/de\/wp-json\/wp\/v2\/product_cat?post=5976"},{"taxonomy":"product_tag","embeddable":true,"href":"https:\/\/fumot.uk\/de\/wp-json\/wp\/v2\/product_tag?post=5976"}],"curies":[{"name":"wp","href":"https:\/\/api.w.org\/{rel}","templated":true}]}}