{"id":4543,"date":"2026-01-21T04:11:18","date_gmt":"2026-01-21T04:11:18","guid":{"rendered":"https:\/\/fumot.uk\/?post_type=product&#038;p=4543"},"modified":"2026-01-21T06:20:16","modified_gmt":"2026-01-21T06:20:16","slug":"al-fakher-hypermax-15000-puffs-lemon-mint","status":"publish","type":"product","link":"https:\/\/fumot.uk\/de\/product\/al-fakher-hypermax-15000-puffs-lemon-mint\/","title":{"rendered":"AL FAKHER Hypermax 15000 Z\u00fcge Zitrone Minze Einweg E-Zigaretten (30ml, 5% Nikotin, Wiederaufladbar Typ-C)"},"content":{"rendered":"<h2>AL FAKHER Hypermax 15000 Z\u00fcge \u2013 Zitronenminze<\/h2>\n<p>Bringen Sie eine saubere, frische Note in Ihre allt\u00e4gliche E-Zigaretten mit <strong>AL FAKHER Hypermax 15000 Z\u00fcge Zitronenminze<\/strong>. Dieser Geschmack vereint die <strong>spritzige Helligkeit der Zitrone<\/strong> mit einem <strong>k\u00fchle Minze im Abgang<\/strong>\u2014leicht s\u00fc\u00df, erfrischend scharf und ideal, wenn Sie etwas Frisches wollen, ohne \u00fcberw\u00e4ltigend zu sein.<\/p>\n<h3>Geschmacksprofil: Zitrone + Minze<\/h3>\n<ul>\n<li><strong>Einatmen:<\/strong> Sprudelnde Zitrone mit einem Zitrus-Kick<\/li>\n<li><strong>Ausatmen:<\/strong> Sanfte Minze, die sauber und erfrischend bleibt<\/li>\n<li><strong>Insgesamt:<\/strong> Eine ausgewogene Zitrus-Minze E-Zigaretten f\u00fcr den t\u00e4glichen Gebrauch<\/li>\n<\/ul>\n<h3>Warum Sie Hypermax 15000 m\u00f6gen werden<\/h3>\n<p>Entwickelt f\u00fcr Komfort und Konsistenz, liefert der Hypermax einen gleichm\u00e4\u00dfigen Zug und zufriedenstellenden Dampf vom ersten bis zum letzten Zug. Der <strong>Mesh-Spule<\/strong> hilft, die Details der Zitronenminze-Mischung herauszubringen, w\u00e4hrend der <strong>intelligentes Display<\/strong> h\u00e4lt Sie auf einen Blick informiert.<\/p>\n<h3>Hauptmerkmale<\/h3>\n<ul>\n<li>\u2705 <strong>Bis zu 15000 Z\u00fcge<\/strong><\/li>\n<li>\u2705 <strong>30ml<\/strong> vorgef\u00fclltes E-Liquid<\/li>\n<li>\u2705 <strong>5% Nikotin<\/strong><\/li>\n<li>\u2705 <strong>600mAh wiederaufladbar<\/strong> Batterie<\/li>\n<li>\u2705 <strong>Typ-C<\/strong> Aufladen<\/li>\n<li>\u2705 <strong>Mesh-Spule<\/strong> f\u00fcr eine glattere Geschmacksabgabe<\/li>\n<li>\u2705 <strong>Intelligentes Display<\/strong> f\u00fcr eine klarere Statusverfolgung<\/li>\n<li>\u2705 <strong>Direct-to-Lung (DTL)<\/strong> Zugstil<\/li>\n<li>\u2705 <strong>TPD-Zertifizierung<\/strong><\/li>\n<li>\u2705 <strong>20 Geschmacksrichtungen verf\u00fcgbar<\/strong><\/li>\n<\/ul>\n<h3>Frische Auswahl auf fumot.uk<\/h3>\n<p>M\u00f6chten Sie mehr Zitrusoptionen erkunden? Durchsuchen Sie unsere Geschmacks-Auswahl auf <a href=\"https:\/\/fumot.uk\/de\/\" target=\"_blank\" rel=\"noopener\">fumot.uk<\/a> und finden Sie Ihren n\u00e4chsten Favoriten.<\/p>\n<p><strong>Kategorie:<\/strong> 15000 Z\u00fcge \/ AL FAKHER Hypermax 15000 Z\u00fcge \/ Einweg-E-Zigaretten<\/p>","protected":false},"excerpt":{"rendered":"<p>AL FAKHER Hypermax 15000 Z\u00fcge Zitronenminze mischt hellen Zitrus mit einem k\u00fchlen Minz-Finish. Vorgef\u00fcllt mit 30ml E-Liquid mit 5% Nikotin, Mesh-Spule, Smart-Display, 600mAh Typ-C wiederaufladbar.<\/p>","protected":false},"featured_media":4587,"comment_status":"open","ping_status":"closed","template":"","meta":[],"product_brand":[],"product_cat":[16,238,17],"product_tag":[239,71,240,72,24,25,61,26,62,199,204],"class_list":{"0":"post-4543","1":"product","2":"type-product","3":"status-publish","4":"has-post-thumbnail","6":"product_cat-15000-puff","7":"product_cat-al-fakher-hypermax-15000-puffs","8":"product_cat-vape","9":"product_tag-30-ml","10":"product_tag-5-nikotin","11":"product_tag-600-mah","12":"product_tag-direct-to-lung","13":"product_tag-lemon","14":"product_tag-mesh-coil","15":"product_tag-mint","16":"product_tag-rechargeable","17":"product_tag-sale-vape","18":"product_tag-smart-display","19":"product_tag-tpd-certification","21":"first","22":"instock","23":"sale","24":"shipping-taxable","25":"purchasable","26":"product-type-variable","27":"has-default-attributes"},"yoast_head":"<!-- This site is optimized with the Yoast SEO plugin v26.8 - https:\/\/yoast.com\/product\/yoast-seo-wordpress\/ -->\n<title>AL FAKHER Hypermax 15000 Lemon Mint | 30ml 5% Nic<\/title>\n<meta name=\"description\" content=\"AL FAKHER Hypermax 15000 Lemon Mint disposable vape: 30ml prefilled, 5% nicotine, mesh coil, smart display, 600mAh Type\u2011C rechargeable. Shop fumot.uk.\" \/>\n<meta name=\"robots\" content=\"index, follow, max-snippet:-1, max-image-preview:large, max-video-preview:-1\" \/>\n<link rel=\"canonical\" href=\"https:\/\/fumot.uk\/de\/product\/al-fakher-hypermax-15000-puffs-lemon-mint\/\" \/>\n<meta property=\"og:locale\" content=\"de_DE\" \/>\n<meta property=\"og:type\" content=\"article\" \/>\n<meta property=\"og:title\" content=\"AL FAKHER Hypermax 15000 Puffs \u2013 Lemon Mint\" \/>\n<meta property=\"og:description\" content=\"Zesty lemon meets cool mint in a smooth, refreshing vape. 30ml prefilled, 5% nicotine, mesh coil, smart display, 600mAh Type\u2011C rechargeable\u2014available on fumot.uk.\" \/>\n<meta property=\"og:url\" content=\"https:\/\/fumot.uk\/de\/product\/al-fakher-hypermax-15000-puffs-lemon-mint\/\" \/>\n<meta property=\"og:site_name\" content=\"Fumot Official Direct | Straight from the Factory, 100% Genuine\" \/>\n<meta property=\"article:modified_time\" content=\"2026-01-21T06:20:16+00:00\" \/>\n<meta property=\"og:image\" content=\"https:\/\/fumot.uk\/wp-content\/uploads\/2026\/01\/AL-FAKHER-Hypermax-15000-Puffs-Lemon-Mint-Disposable-Vape.png\" \/>\n\t<meta property=\"og:image:width\" content=\"800\" \/>\n\t<meta property=\"og:image:height\" content=\"800\" \/>\n\t<meta property=\"og:image:type\" content=\"image\/png\" \/>\n<meta name=\"twitter:card\" content=\"summary_large_image\" \/>\n<meta name=\"twitter:label1\" content=\"Gesch\u00e4tzte Lesezeit\" \/>\n\t<meta name=\"twitter:data1\" content=\"1\u00a0Minute\" \/>\n<script type=\"application\/ld+json\" class=\"yoast-schema-graph\">{\"@context\":\"https:\/\/schema.org\",\"@graph\":[{\"@type\":\"WebPage\",\"@id\":\"https:\/\/fumot.uk\/product\/al-fakher-hypermax-15000-puffs-lemon-mint\/\",\"url\":\"https:\/\/fumot.uk\/product\/al-fakher-hypermax-15000-puffs-lemon-mint\/\",\"name\":\"AL FAKHER Hypermax 15000 Lemon Mint | 30ml 5% Nic\",\"isPartOf\":{\"@id\":\"https:\/\/fumot.uk\/#website\"},\"primaryImageOfPage\":{\"@id\":\"https:\/\/fumot.uk\/product\/al-fakher-hypermax-15000-puffs-lemon-mint\/#primaryimage\"},\"image\":{\"@id\":\"https:\/\/fumot.uk\/product\/al-fakher-hypermax-15000-puffs-lemon-mint\/#primaryimage\"},\"thumbnailUrl\":\"https:\/\/fumot.uk\/wp-content\/uploads\/2026\/01\/AL-FAKHER-Hypermax-15000-Puffs-Lemon-Mint-Disposable-Vape.png\",\"datePublished\":\"2026-01-21T04:11:18+00:00\",\"dateModified\":\"2026-01-21T06:20:16+00:00\",\"description\":\"AL FAKHER Hypermax 15000 Lemon Mint disposable vape: 30ml prefilled, 5% nicotine, mesh coil, smart display, 600mAh Type\u2011C rechargeable. Shop fumot.uk.\",\"breadcrumb\":{\"@id\":\"https:\/\/fumot.uk\/product\/al-fakher-hypermax-15000-puffs-lemon-mint\/#breadcrumb\"},\"inLanguage\":\"de\",\"potentialAction\":[{\"@type\":\"ReadAction\",\"target\":[\"https:\/\/fumot.uk\/product\/al-fakher-hypermax-15000-puffs-lemon-mint\/\"]}]},{\"@type\":\"ImageObject\",\"inLanguage\":\"de\",\"@id\":\"https:\/\/fumot.uk\/product\/al-fakher-hypermax-15000-puffs-lemon-mint\/#primaryimage\",\"url\":\"https:\/\/fumot.uk\/wp-content\/uploads\/2026\/01\/AL-FAKHER-Hypermax-15000-Puffs-Lemon-Mint-Disposable-Vape.png\",\"contentUrl\":\"https:\/\/fumot.uk\/wp-content\/uploads\/2026\/01\/AL-FAKHER-Hypermax-15000-Puffs-Lemon-Mint-Disposable-Vape.png\",\"width\":800,\"height\":800},{\"@type\":\"BreadcrumbList\",\"@id\":\"https:\/\/fumot.uk\/product\/al-fakher-hypermax-15000-puffs-lemon-mint\/#breadcrumb\",\"itemListElement\":[{\"@type\":\"ListItem\",\"position\":1,\"name\":\"Home\",\"item\":\"https:\/\/fumot.uk\/\"},{\"@type\":\"ListItem\",\"position\":2,\"name\":\"Shop\",\"item\":\"https:\/\/fumot.uk\/shop\/\"},{\"@type\":\"ListItem\",\"position\":3,\"name\":\"AL FAKHER Hypermax 15000 Puffs Lemon Mint Disposable Vape (30ml, 5% Nicotine, Rechargeable Type-C)\"}]},{\"@type\":\"WebSite\",\"@id\":\"https:\/\/fumot.uk\/#website\",\"url\":\"https:\/\/fumot.uk\/\",\"name\":\"Fumot Official Direct | Straight from the Factory, 100% Genuine\",\"description\":\"Official Website\",\"publisher\":{\"@id\":\"https:\/\/fumot.uk\/#organization\"},\"potentialAction\":[{\"@type\":\"SearchAction\",\"target\":{\"@type\":\"EntryPoint\",\"urlTemplate\":\"https:\/\/fumot.uk\/?s={search_term_string}\"},\"query-input\":{\"@type\":\"PropertyValueSpecification\",\"valueRequired\":true,\"valueName\":\"search_term_string\"}}],\"inLanguage\":\"de\"},{\"@type\":\"Organization\",\"@id\":\"https:\/\/fumot.uk\/#organization\",\"name\":\"Fumot Official Direct | Straight from the Factory, 100% Genuine\",\"url\":\"https:\/\/fumot.uk\/\",\"logo\":{\"@type\":\"ImageObject\",\"inLanguage\":\"de\",\"@id\":\"https:\/\/fumot.uk\/#\/schema\/logo\/image\/\",\"url\":\"https:\/\/fumot.uk\/wp-content\/uploads\/2026\/01\/cropped-fumot-logo1.png\",\"contentUrl\":\"https:\/\/fumot.uk\/wp-content\/uploads\/2026\/01\/cropped-fumot-logo1.png\",\"width\":152,\"height\":106,\"caption\":\"Fumot Official Direct | Straight from the Factory, 100% Genuine\"},\"image\":{\"@id\":\"https:\/\/fumot.uk\/#\/schema\/logo\/image\/\"}}]}<\/script>\n<!-- \/ Yoast SEO plugin. -->","yoast_head_json":{"title":"AL FAKHER Hypermax 15000 Zitrone Minze | 30ml 5% Nic","description":"AL FAKHER Hypermax 15000 Lemon Mint Einweg-E-Zigaretten: 30ml vorgef\u00fcllt, 5% Nikotin, Mesh-Coil, Smart-Display, 600mAh Typ-C wiederaufladbar. Shop fumot.uk.","robots":{"index":"index","follow":"follow","max-snippet":"max-snippet:-1","max-image-preview":"max-image-preview:large","max-video-preview":"max-video-preview:-1"},"canonical":"https:\/\/fumot.uk\/de\/product\/al-fakher-hypermax-15000-puffs-lemon-mint\/","og_locale":"de_DE","og_type":"article","og_title":"AL FAKHER Hypermax 15000 Puffs \u2013 Lemon Mint","og_description":"Zesty lemon meets cool mint in a smooth, refreshing vape. 30ml prefilled, 5% nicotine, mesh coil, smart display, 600mAh Type\u2011C rechargeable\u2014available on fumot.uk.","og_url":"https:\/\/fumot.uk\/de\/product\/al-fakher-hypermax-15000-puffs-lemon-mint\/","og_site_name":"Fumot Official Direct | Straight from the Factory, 100% Genuine","article_modified_time":"2026-01-21T06:20:16+00:00","og_image":[{"width":800,"height":800,"url":"https:\/\/fumot.uk\/wp-content\/uploads\/2026\/01\/AL-FAKHER-Hypermax-15000-Puffs-Lemon-Mint-Disposable-Vape.png","type":"image\/png"}],"twitter_card":"summary_large_image","twitter_misc":{"Gesch\u00e4tzte Lesezeit":"1\u00a0Minute"},"schema":{"@context":"https:\/\/schema.org","@graph":[{"@type":"WebPage","@id":"https:\/\/fumot.uk\/product\/al-fakher-hypermax-15000-puffs-lemon-mint\/","url":"https:\/\/fumot.uk\/product\/al-fakher-hypermax-15000-puffs-lemon-mint\/","name":"AL FAKHER Hypermax 15000 Zitrone Minze | 30ml 5% Nic","isPartOf":{"@id":"https:\/\/fumot.uk\/#website"},"primaryImageOfPage":{"@id":"https:\/\/fumot.uk\/product\/al-fakher-hypermax-15000-puffs-lemon-mint\/#primaryimage"},"image":{"@id":"https:\/\/fumot.uk\/product\/al-fakher-hypermax-15000-puffs-lemon-mint\/#primaryimage"},"thumbnailUrl":"https:\/\/fumot.uk\/wp-content\/uploads\/2026\/01\/AL-FAKHER-Hypermax-15000-Puffs-Lemon-Mint-Disposable-Vape.png","datePublished":"2026-01-21T04:11:18+00:00","dateModified":"2026-01-21T06:20:16+00:00","description":"AL FAKHER Hypermax 15000 Lemon Mint Einweg-E-Zigaretten: 30ml vorgef\u00fcllt, 5% Nikotin, Mesh-Coil, Smart-Display, 600mAh Typ-C wiederaufladbar. Shop fumot.uk.","breadcrumb":{"@id":"https:\/\/fumot.uk\/product\/al-fakher-hypermax-15000-puffs-lemon-mint\/#breadcrumb"},"inLanguage":"de","potentialAction":[{"@type":"ReadAction","target":["https:\/\/fumot.uk\/product\/al-fakher-hypermax-15000-puffs-lemon-mint\/"]}]},{"@type":"ImageObject","inLanguage":"de","@id":"https:\/\/fumot.uk\/product\/al-fakher-hypermax-15000-puffs-lemon-mint\/#primaryimage","url":"https:\/\/fumot.uk\/wp-content\/uploads\/2026\/01\/AL-FAKHER-Hypermax-15000-Puffs-Lemon-Mint-Disposable-Vape.png","contentUrl":"https:\/\/fumot.uk\/wp-content\/uploads\/2026\/01\/AL-FAKHER-Hypermax-15000-Puffs-Lemon-Mint-Disposable-Vape.png","width":800,"height":800},{"@type":"BreadcrumbList","@id":"https:\/\/fumot.uk\/product\/al-fakher-hypermax-15000-puffs-lemon-mint\/#breadcrumb","itemListElement":[{"@type":"ListItem","position":1,"name":"Home","item":"https:\/\/fumot.uk\/"},{"@type":"ListItem","position":2,"name":"Shop","item":"https:\/\/fumot.uk\/shop\/"},{"@type":"ListItem","position":3,"name":"AL FAKHER Hypermax 15000 Puffs Lemon Mint Disposable Vape (30ml, 5% Nicotine, Rechargeable Type-C)"}]},{"@type":"WebSite","@id":"https:\/\/fumot.uk\/#website","url":"https:\/\/fumot.uk\/","name":"Fumot Offizieller Direkt | Direkt aus der Fabrik, 100% Original","description":"Offizielle Webseite","publisher":{"@id":"https:\/\/fumot.uk\/#organization"},"potentialAction":[{"@type":"SearchAction","target":{"@type":"EntryPoint","urlTemplate":"https:\/\/fumot.uk\/?s={search_term_string}"},"query-input":{"@type":"PropertyValueSpecification","valueRequired":true,"valueName":"search_term_string"}}],"inLanguage":"de"},{"@type":"Organization","@id":"https:\/\/fumot.uk\/#organization","name":"Fumot Offizieller Direkt | Direkt aus der Fabrik, 100% Original","url":"https:\/\/fumot.uk\/","logo":{"@type":"ImageObject","inLanguage":"de","@id":"https:\/\/fumot.uk\/#\/schema\/logo\/image\/","url":"https:\/\/fumot.uk\/wp-content\/uploads\/2026\/01\/cropped-fumot-logo1.png","contentUrl":"https:\/\/fumot.uk\/wp-content\/uploads\/2026\/01\/cropped-fumot-logo1.png","width":152,"height":106,"caption":"Fumot Official Direct | Straight from the Factory, 100% Genuine"},"image":{"@id":"https:\/\/fumot.uk\/#\/schema\/logo\/image\/"}}]}},"_links":{"self":[{"href":"https:\/\/fumot.uk\/de\/wp-json\/wp\/v2\/product\/4543","targetHints":{"allow":["GET"]}}],"collection":[{"href":"https:\/\/fumot.uk\/de\/wp-json\/wp\/v2\/product"}],"about":[{"href":"https:\/\/fumot.uk\/de\/wp-json\/wp\/v2\/types\/product"}],"replies":[{"embeddable":true,"href":"https:\/\/fumot.uk\/de\/wp-json\/wp\/v2\/comments?post=4543"}],"wp:featuredmedia":[{"embeddable":true,"href":"https:\/\/fumot.uk\/de\/wp-json\/wp\/v2\/media\/4587"}],"wp:attachment":[{"href":"https:\/\/fumot.uk\/de\/wp-json\/wp\/v2\/media?parent=4543"}],"wp:term":[{"taxonomy":"product_brand","embeddable":true,"href":"https:\/\/fumot.uk\/de\/wp-json\/wp\/v2\/product_brand?post=4543"},{"taxonomy":"product_cat","embeddable":true,"href":"https:\/\/fumot.uk\/de\/wp-json\/wp\/v2\/product_cat?post=4543"},{"taxonomy":"product_tag","embeddable":true,"href":"https:\/\/fumot.uk\/de\/wp-json\/wp\/v2\/product_tag?post=4543"}],"curies":[{"name":"wp","href":"https:\/\/api.w.org\/{rel}","templated":true}]}}