{"id":4538,"date":"2026-01-21T04:11:17","date_gmt":"2026-01-21T04:11:17","guid":{"rendered":"https:\/\/fumot.uk\/?post_type=product&#038;p=4538"},"modified":"2026-01-21T06:24:10","modified_gmt":"2026-01-21T06:24:10","slug":"kiwi-passion-guava-jnr-ragegorilla-55000-puffs","status":"publish","type":"product","link":"https:\/\/fumot.uk\/de\/product\/kiwi-passion-guava-jnr-ragegorilla-55000-puffs\/","title":{"rendered":"Kiwi Passion Guava JNR RageGorilla 55000 Z\u00fcge Einweg-E-Zigaretten (42ml, Dual Mesh, Smart Display, 950mAh, Type\u2011C)"},"content":{"rendered":"<h2>Kiwi Passion Guava \u2013 JNR RageGorilla 55000 Z\u00fcge Einweg-E-Zigaretten<\/h2>\n<p>Bringen Sie ein tropisches Trio in Ihre t\u00e4gliche Rotation mit <strong>Kiwi Passionsfrucht Guave<\/strong> im <strong>JNR RageGorilla 55000 Z\u00fcge<\/strong>. Jeder Zug beginnt mit einem knackigen, gr\u00fcnen <strong>Kiwi<\/strong>, wechselt in den hellen Zing von <strong>Passionsfrucht<\/strong>, und endet mit einem glatten, saftigen <strong>Guave<\/strong> Abschluss. Der Geschmack bleibt erfrischend sauber mit einem ausgewogenen s\u00fc\u00df-sauren Rand\u2014ideal, wenn Sie etwas Fruchtiges wollen, ohne sich schwer zu f\u00fchlen.<\/p>\n<h3>Geschmacksnoten: Wie Kiwi Passion Guava schmeckt<\/h3>\n<ul>\n<li><strong>Kiwi beim Einatmen:<\/strong> leicht, frisch und leicht s\u00e4uerlich<\/li>\n<li><strong>Passionsfrucht in der Mitte:<\/strong> lebendiger tropischer Biss, der die Mischung hebt<\/li>\n<li><strong>Guava im Abgang:<\/strong> sanfte S\u00fc\u00dfe, die sanft verweilt<\/li>\n<\/ul>\n<h3>Entwickelt f\u00fcr konsistenten Geschmack: JNR RageGorilla 55000 Z\u00fcge<\/h3>\n<p>Der <a href=\"https:\/\/fumot.uk\/de\/product-category\/jnr-ragegorilla-55000-puffs\/\"><strong>JNR RageGorilla 55000 Z\u00fcge<\/strong><\/a> ist f\u00fcr lange Sitzungen und gleichm\u00e4\u00dfige Ausgabe konzipiert. Ein <strong>Dual-Mesh-Spule<\/strong> unterst\u00fctzt gleichm\u00e4\u00dfiges Erhitzen f\u00fcr volleren Geschmack, w\u00e4hrend das <strong>Intelligente Anzeige<\/strong> Ihnen hilft, den Verbrauch auf einen Blick zu verfolgen. Der Kristallstil-K\u00f6rper h\u00e4lt das Aussehen k\u00fchn und das Erlebnis unkompliziert.<\/p>\n<h3>Hauptmerkmale<\/h3>\n<ul>\n<li><strong>Ca. Z\u00fcge:<\/strong> 55000<\/li>\n<li><strong>E-Liquid-Kapazit\u00e4t:<\/strong> 42ml<\/li>\n<li><strong>Nikotinoptionen:<\/strong> 2% \/ 5%<\/li>\n<li><strong>Batterie:<\/strong> 950mAh (wiederaufladbar)<\/li>\n<li><strong>Laden:<\/strong> Typ\u2011C-Schnellladung<\/li>\n<li><strong>Spule:<\/strong> Dual-Mesh-Spule<\/li>\n<li><strong>Display:<\/strong> Intelligente Anzeige<\/li>\n<\/ul>\n<h3>Entdecken Sie mehr Geschmacksrichtungen auf fumot.uk<\/h3>\n<p>Suchen Sie nach Ihrem n\u00e4chsten Fruchtfavoriten? Durchsuchen Sie die gesamte Kollektion von <a href=\"https:\/\/fumot.uk\/de\/product-category\/jnr-ragegorilla-55000-puffs\/\">RageGorilla 55000 Z\u00fcge<\/a> und entdecken Sie mehr frische, fruchtbetonte Optionen auf <a href=\"https:\/\/fumot.uk\/de\/\">fumot.uk<\/a>.<\/p>","protected":false},"excerpt":{"rendered":"<p>Kiwi Passion Guava in der JNR RageGorilla 55000 Puffs Einweg-E-Zigaretten: 42ml E-Liquid, Dual Mesh Coil, Smart Display, 950mAh wiederaufladbare Batterie mit Typ\u2011C. Nikotin: 2% oder 5%.<\/p>","protected":false},"featured_media":4582,"comment_status":"open","ping_status":"closed","template":"","meta":[],"product_brand":[],"product_cat":[235,236,17],"product_tag":[70,237,71,197,49,113,72,73,87,45,46,26,199,28],"class_list":{"0":"post-4538","1":"product","2":"type-product","3":"status-publish","4":"has-post-thumbnail","6":"product_cat-55000-puff","7":"product_cat-jnr-ragegorilla-55000-puffs","8":"product_cat-vape","9":"product_tag-2-nikotin","10":"product_tag-42ml","11":"product_tag-5-nikotin","12":"product_tag-950mah","13":"product_tag-bubblegum","14":"product_tag-crystal-vape","15":"product_tag-direct-to-lung","16":"product_tag-dual-mesh","17":"product_tag-guava","18":"product_tag-kiwi","19":"product_tag-passion-fruit","20":"product_tag-rechargeable","21":"product_tag-smart-display","22":"product_tag-type-c","24":"first","25":"instock","26":"sale","27":"shipping-taxable","28":"purchasable","29":"product-type-variable","30":"has-default-attributes"},"yoast_head":"<!-- This site is optimized with the Yoast SEO plugin v26.8 - https:\/\/yoast.com\/product\/yoast-seo-wordpress\/ -->\n<title>Kiwi Passion Guava | RageGorilla 55000 Puffs Vape<\/title>\n<meta name=\"description\" content=\"Kiwi Passion Guava JNR RageGorilla 55000 Puffs disposable vape: 42ml, Dual Mesh Coil, Smart Display, 950mAh Type\u2011C rechargeable. 2%\/5%.\" \/>\n<meta name=\"robots\" content=\"index, follow, max-snippet:-1, max-image-preview:large, max-video-preview:-1\" \/>\n<link rel=\"canonical\" href=\"https:\/\/fumot.uk\/de\/product\/kiwi-passion-guava-jnr-ragegorilla-55000-puffs\/\" \/>\n<meta property=\"og:locale\" content=\"de_DE\" \/>\n<meta property=\"og:type\" content=\"article\" \/>\n<meta property=\"og:title\" content=\"Kiwi Passion Guava \u2013 JNR RageGorilla 55000 Puffs\" \/>\n<meta property=\"og:description\" content=\"A bright tropical mix of kiwi, passion fruit and guava in a 42ml RageGorilla disposable with Dual Mesh Coil, Smart Display and Type\u2011C recharge.\" \/>\n<meta property=\"og:url\" content=\"https:\/\/fumot.uk\/de\/product\/kiwi-passion-guava-jnr-ragegorilla-55000-puffs\/\" \/>\n<meta property=\"og:site_name\" content=\"Fumot Official Direct | Straight from the Factory, 100% Genuine\" \/>\n<meta property=\"article:modified_time\" content=\"2026-01-21T06:24:10+00:00\" \/>\n<meta property=\"og:image\" content=\"https:\/\/fumot.uk\/wp-content\/uploads\/2026\/01\/JNR-RageGorilla-55000-Puffs-Kiwi-Passion-Guava-disposable-e-cigarette.jpg\" \/>\n\t<meta property=\"og:image:width\" content=\"800\" \/>\n\t<meta property=\"og:image:height\" content=\"800\" \/>\n\t<meta property=\"og:image:type\" content=\"image\/jpeg\" \/>\n<meta name=\"twitter:card\" content=\"summary_large_image\" \/>\n<meta name=\"twitter:label1\" content=\"Gesch\u00e4tzte Lesezeit\" \/>\n\t<meta name=\"twitter:data1\" content=\"1\u00a0Minute\" \/>\n<script type=\"application\/ld+json\" class=\"yoast-schema-graph\">{\"@context\":\"https:\/\/schema.org\",\"@graph\":[{\"@type\":\"WebPage\",\"@id\":\"https:\/\/fumot.uk\/product\/kiwi-passion-guava-jnr-ragegorilla-55000-puffs\/\",\"url\":\"https:\/\/fumot.uk\/product\/kiwi-passion-guava-jnr-ragegorilla-55000-puffs\/\",\"name\":\"Kiwi Passion Guava | RageGorilla 55000 Puffs Vape\",\"isPartOf\":{\"@id\":\"https:\/\/fumot.uk\/#website\"},\"primaryImageOfPage\":{\"@id\":\"https:\/\/fumot.uk\/product\/kiwi-passion-guava-jnr-ragegorilla-55000-puffs\/#primaryimage\"},\"image\":{\"@id\":\"https:\/\/fumot.uk\/product\/kiwi-passion-guava-jnr-ragegorilla-55000-puffs\/#primaryimage\"},\"thumbnailUrl\":\"https:\/\/fumot.uk\/wp-content\/uploads\/2026\/01\/JNR-RageGorilla-55000-Puffs-Kiwi-Passion-Guava-disposable-e-cigarette.jpg\",\"datePublished\":\"2026-01-21T04:11:17+00:00\",\"dateModified\":\"2026-01-21T06:24:10+00:00\",\"description\":\"Kiwi Passion Guava JNR RageGorilla 55000 Puffs disposable vape: 42ml, Dual Mesh Coil, Smart Display, 950mAh Type\u2011C rechargeable. 2%\/5%.\",\"breadcrumb\":{\"@id\":\"https:\/\/fumot.uk\/product\/kiwi-passion-guava-jnr-ragegorilla-55000-puffs\/#breadcrumb\"},\"inLanguage\":\"de\",\"potentialAction\":[{\"@type\":\"ReadAction\",\"target\":[\"https:\/\/fumot.uk\/product\/kiwi-passion-guava-jnr-ragegorilla-55000-puffs\/\"]}]},{\"@type\":\"ImageObject\",\"inLanguage\":\"de\",\"@id\":\"https:\/\/fumot.uk\/product\/kiwi-passion-guava-jnr-ragegorilla-55000-puffs\/#primaryimage\",\"url\":\"https:\/\/fumot.uk\/wp-content\/uploads\/2026\/01\/JNR-RageGorilla-55000-Puffs-Kiwi-Passion-Guava-disposable-e-cigarette.jpg\",\"contentUrl\":\"https:\/\/fumot.uk\/wp-content\/uploads\/2026\/01\/JNR-RageGorilla-55000-Puffs-Kiwi-Passion-Guava-disposable-e-cigarette.jpg\",\"width\":800,\"height\":800},{\"@type\":\"BreadcrumbList\",\"@id\":\"https:\/\/fumot.uk\/product\/kiwi-passion-guava-jnr-ragegorilla-55000-puffs\/#breadcrumb\",\"itemListElement\":[{\"@type\":\"ListItem\",\"position\":1,\"name\":\"Home\",\"item\":\"https:\/\/fumot.uk\/\"},{\"@type\":\"ListItem\",\"position\":2,\"name\":\"Shop\",\"item\":\"https:\/\/fumot.uk\/shop\/\"},{\"@type\":\"ListItem\",\"position\":3,\"name\":\"Kiwi Passion Guava JNR RageGorilla 55000 Puffs Disposable Vape (42ml, Dual Mesh, Smart Display, 950mAh, Type\u2011C)\"}]},{\"@type\":\"WebSite\",\"@id\":\"https:\/\/fumot.uk\/#website\",\"url\":\"https:\/\/fumot.uk\/\",\"name\":\"Fumot Official Direct | Straight from the Factory, 100% Genuine\",\"description\":\"Official Website\",\"publisher\":{\"@id\":\"https:\/\/fumot.uk\/#organization\"},\"potentialAction\":[{\"@type\":\"SearchAction\",\"target\":{\"@type\":\"EntryPoint\",\"urlTemplate\":\"https:\/\/fumot.uk\/?s={search_term_string}\"},\"query-input\":{\"@type\":\"PropertyValueSpecification\",\"valueRequired\":true,\"valueName\":\"search_term_string\"}}],\"inLanguage\":\"de\"},{\"@type\":\"Organization\",\"@id\":\"https:\/\/fumot.uk\/#organization\",\"name\":\"Fumot Official Direct | Straight from the Factory, 100% Genuine\",\"url\":\"https:\/\/fumot.uk\/\",\"logo\":{\"@type\":\"ImageObject\",\"inLanguage\":\"de\",\"@id\":\"https:\/\/fumot.uk\/#\/schema\/logo\/image\/\",\"url\":\"https:\/\/fumot.uk\/wp-content\/uploads\/2026\/01\/cropped-fumot-logo1.png\",\"contentUrl\":\"https:\/\/fumot.uk\/wp-content\/uploads\/2026\/01\/cropped-fumot-logo1.png\",\"width\":152,\"height\":106,\"caption\":\"Fumot Official Direct | Straight from the Factory, 100% Genuine\"},\"image\":{\"@id\":\"https:\/\/fumot.uk\/#\/schema\/logo\/image\/\"}}]}<\/script>\n<!-- \/ Yoast SEO plugin. -->","yoast_head_json":{"title":"Kiwi Passion Guava | RageGorilla 55000 Z\u00fcge E-Zigaretten","description":"Kiwi Passion Guava JNR RageGorilla 55000 Z\u00fcge Einweg-E-Zigaretten: 42ml, Dual Mesh Coil, Smart Display, 950mAh Typ-C wiederaufladbar. 2%\/5%.","robots":{"index":"index","follow":"follow","max-snippet":"max-snippet:-1","max-image-preview":"max-image-preview:large","max-video-preview":"max-video-preview:-1"},"canonical":"https:\/\/fumot.uk\/de\/product\/kiwi-passion-guava-jnr-ragegorilla-55000-puffs\/","og_locale":"de_DE","og_type":"article","og_title":"Kiwi Passion Guava \u2013 JNR RageGorilla 55000 Puffs","og_description":"A bright tropical mix of kiwi, passion fruit and guava in a 42ml RageGorilla disposable with Dual Mesh Coil, Smart Display and Type\u2011C recharge.","og_url":"https:\/\/fumot.uk\/de\/product\/kiwi-passion-guava-jnr-ragegorilla-55000-puffs\/","og_site_name":"Fumot Official Direct | Straight from the Factory, 100% Genuine","article_modified_time":"2026-01-21T06:24:10+00:00","og_image":[{"width":800,"height":800,"url":"https:\/\/fumot.uk\/wp-content\/uploads\/2026\/01\/JNR-RageGorilla-55000-Puffs-Kiwi-Passion-Guava-disposable-e-cigarette.jpg","type":"image\/jpeg"}],"twitter_card":"summary_large_image","twitter_misc":{"Gesch\u00e4tzte Lesezeit":"1\u00a0Minute"},"schema":{"@context":"https:\/\/schema.org","@graph":[{"@type":"WebPage","@id":"https:\/\/fumot.uk\/product\/kiwi-passion-guava-jnr-ragegorilla-55000-puffs\/","url":"https:\/\/fumot.uk\/product\/kiwi-passion-guava-jnr-ragegorilla-55000-puffs\/","name":"Kiwi Passion Guava | RageGorilla 55000 Z\u00fcge E-Zigaretten","isPartOf":{"@id":"https:\/\/fumot.uk\/#website"},"primaryImageOfPage":{"@id":"https:\/\/fumot.uk\/product\/kiwi-passion-guava-jnr-ragegorilla-55000-puffs\/#primaryimage"},"image":{"@id":"https:\/\/fumot.uk\/product\/kiwi-passion-guava-jnr-ragegorilla-55000-puffs\/#primaryimage"},"thumbnailUrl":"https:\/\/fumot.uk\/wp-content\/uploads\/2026\/01\/JNR-RageGorilla-55000-Puffs-Kiwi-Passion-Guava-disposable-e-cigarette.jpg","datePublished":"2026-01-21T04:11:17+00:00","dateModified":"2026-01-21T06:24:10+00:00","description":"Kiwi Passion Guava JNR RageGorilla 55000 Z\u00fcge Einweg-E-Zigaretten: 42ml, Dual Mesh Coil, Smart Display, 950mAh Typ-C wiederaufladbar. 2%\/5%.","breadcrumb":{"@id":"https:\/\/fumot.uk\/product\/kiwi-passion-guava-jnr-ragegorilla-55000-puffs\/#breadcrumb"},"inLanguage":"de","potentialAction":[{"@type":"ReadAction","target":["https:\/\/fumot.uk\/product\/kiwi-passion-guava-jnr-ragegorilla-55000-puffs\/"]}]},{"@type":"ImageObject","inLanguage":"de","@id":"https:\/\/fumot.uk\/product\/kiwi-passion-guava-jnr-ragegorilla-55000-puffs\/#primaryimage","url":"https:\/\/fumot.uk\/wp-content\/uploads\/2026\/01\/JNR-RageGorilla-55000-Puffs-Kiwi-Passion-Guava-disposable-e-cigarette.jpg","contentUrl":"https:\/\/fumot.uk\/wp-content\/uploads\/2026\/01\/JNR-RageGorilla-55000-Puffs-Kiwi-Passion-Guava-disposable-e-cigarette.jpg","width":800,"height":800},{"@type":"BreadcrumbList","@id":"https:\/\/fumot.uk\/product\/kiwi-passion-guava-jnr-ragegorilla-55000-puffs\/#breadcrumb","itemListElement":[{"@type":"ListItem","position":1,"name":"Home","item":"https:\/\/fumot.uk\/"},{"@type":"ListItem","position":2,"name":"Shop","item":"https:\/\/fumot.uk\/shop\/"},{"@type":"ListItem","position":3,"name":"Kiwi Passion Guava JNR RageGorilla 55000 Puffs Disposable Vape (42ml, Dual Mesh, Smart Display, 950mAh, Type\u2011C)"}]},{"@type":"WebSite","@id":"https:\/\/fumot.uk\/#website","url":"https:\/\/fumot.uk\/","name":"Fumot Offizieller Direkt | Direkt aus der Fabrik, 100% Original","description":"Offizielle Webseite","publisher":{"@id":"https:\/\/fumot.uk\/#organization"},"potentialAction":[{"@type":"SearchAction","target":{"@type":"EntryPoint","urlTemplate":"https:\/\/fumot.uk\/?s={search_term_string}"},"query-input":{"@type":"PropertyValueSpecification","valueRequired":true,"valueName":"search_term_string"}}],"inLanguage":"de"},{"@type":"Organization","@id":"https:\/\/fumot.uk\/#organization","name":"Fumot Offizieller Direkt | Direkt aus der Fabrik, 100% Original","url":"https:\/\/fumot.uk\/","logo":{"@type":"ImageObject","inLanguage":"de","@id":"https:\/\/fumot.uk\/#\/schema\/logo\/image\/","url":"https:\/\/fumot.uk\/wp-content\/uploads\/2026\/01\/cropped-fumot-logo1.png","contentUrl":"https:\/\/fumot.uk\/wp-content\/uploads\/2026\/01\/cropped-fumot-logo1.png","width":152,"height":106,"caption":"Fumot Official Direct | Straight from the Factory, 100% Genuine"},"image":{"@id":"https:\/\/fumot.uk\/#\/schema\/logo\/image\/"}}]}},"_links":{"self":[{"href":"https:\/\/fumot.uk\/de\/wp-json\/wp\/v2\/product\/4538","targetHints":{"allow":["GET"]}}],"collection":[{"href":"https:\/\/fumot.uk\/de\/wp-json\/wp\/v2\/product"}],"about":[{"href":"https:\/\/fumot.uk\/de\/wp-json\/wp\/v2\/types\/product"}],"replies":[{"embeddable":true,"href":"https:\/\/fumot.uk\/de\/wp-json\/wp\/v2\/comments?post=4538"}],"wp:featuredmedia":[{"embeddable":true,"href":"https:\/\/fumot.uk\/de\/wp-json\/wp\/v2\/media\/4582"}],"wp:attachment":[{"href":"https:\/\/fumot.uk\/de\/wp-json\/wp\/v2\/media?parent=4538"}],"wp:term":[{"taxonomy":"product_brand","embeddable":true,"href":"https:\/\/fumot.uk\/de\/wp-json\/wp\/v2\/product_brand?post=4538"},{"taxonomy":"product_cat","embeddable":true,"href":"https:\/\/fumot.uk\/de\/wp-json\/wp\/v2\/product_cat?post=4538"},{"taxonomy":"product_tag","embeddable":true,"href":"https:\/\/fumot.uk\/de\/wp-json\/wp\/v2\/product_tag?post=4538"}],"curies":[{"name":"wp","href":"https:\/\/api.w.org\/{rel}","templated":true}]}}