{"id":4535,"date":"2026-01-21T04:11:16","date_gmt":"2026-01-21T04:11:16","guid":{"rendered":"https:\/\/fumot.uk\/?post_type=product&#038;p=4535"},"modified":"2026-01-21T06:24:38","modified_gmt":"2026-01-21T06:24:38","slug":"watermelon-bubblegum-jnr-ragegorilla-55000-puffs","status":"publish","type":"product","link":"https:\/\/fumot.uk\/de\/product\/watermelon-bubblegum-jnr-ragegorilla-55000-puffs\/","title":{"rendered":"JNR RageGorilla 55000 Z\u00fcge Wassermelone Kaugummi Einweg E-Zigaretten | Dual Mesh + Smart Display"},"content":{"rendered":"<h2>Wassermelone Kaugummi \u2013 JNR RageGorilla 55000 Z\u00fcge<\/h2>\n<p>Treffen Sie eine verspielte, sommerinspirierte Mischung: <strong>Wassermelone Kaugummi<\/strong> kombiniert saftige Wassermelonen-S\u00fc\u00dfe mit einem klassischen Kaugummi-Abgang f\u00fcr ein sanftes, fruchtiges E-Zigaretten-Erlebnis, das Sie den ganzen Tag genie\u00dfen k\u00f6nnen. Entwickelt f\u00fcr Bequemlichkeit und Konsistenz, die <strong>JNR RageGorilla 55000 Z\u00fcge<\/strong> liefert dichten Geschmack mit seiner <strong>Dual-Mesh-Spule<\/strong> und h\u00e4lt Sie informiert mit einem klaren <strong>Intelligente Anzeige<\/strong>.<\/p>\n<h3>Geschmacksprofil: S\u00fc\u00df, Saftig, Nostalgisch<\/h3>\n<ul>\n<li><strong>Kopfnote:<\/strong> frische Wassermelonenfrische<\/li>\n<li><strong>K\u00f6rper:<\/strong> sanfte Bonbons\u00fc\u00dfe<\/li>\n<li><strong>Abgang:<\/strong> kaugummiartiges Aroma, das leicht verweilt<\/li>\n<\/ul>\n<p>Wenn Sie fruchtige Bonbonaromen m\u00f6gen, die hell, aber nicht scharf sind, ist Wassermelone Kaugummi ein einfacher Favorit.<\/p>\n<h3>Warum Sie die RageGorilla 55000 Z\u00fcge lieben werden<\/h3>\n<ul>\n<li><strong>Bis zu 55.000 Z\u00fcge<\/strong> (Nutzung variiert)<\/li>\n<li><strong>Dual-Mesh-Spule<\/strong> f\u00fcr sanften, dichten Dampf und gleichbleibenden Geschmack<\/li>\n<li><strong>Intelligente Anzeige<\/strong> um Batterie-, E-Liquid- und Zuginformationen auf einen Blick zu \u00fcberwachen<\/li>\n<li><strong>950mAh wiederaufladbare Batterie<\/strong> mit <strong>Typ-C-Schnellladung<\/strong><\/li>\n<li><strong>42ml E-Liquid-Kapazit\u00e4t<\/strong> f\u00fcr l\u00e4ngere Sitzungen<\/li>\n<li><strong>Kristallklares Geh\u00e4use<\/strong> mit markantem Gorilla-Design f\u00fcr einen auff\u00e4lligen Look<\/li>\n<\/ul>\n<h3>Nikotinoptionen<\/h3>\n<p>Erh\u00e4ltlich in <strong>2% oder 5% Nikotin<\/strong>. W\u00e4hlen Sie die St\u00e4rke, die Ihren Vorlieben entspricht.<\/p>\n<h3>Schnell\u00fcbersicht<\/h3>\n<ul>\n<li><strong>Produkt:<\/strong> JNR RageGorilla Einweg-E-Zigaretten (Wiederaufladbar)<\/li>\n<li><strong>Z\u00fcge:<\/strong> Bis zu 55.000<\/li>\n<li><strong>Geschmack:<\/strong> Wassermelone Kaugummi<\/li>\n<li><strong>E-Liquid:<\/strong> 42ml<\/li>\n<li><strong>Batterie:<\/strong> 950mAh<\/li>\n<li><strong>Spule:<\/strong> Dual-Mesh-Spule<\/li>\n<li><strong>Laden:<\/strong> USB Typ-C<\/li>\n<li><strong>Display:<\/strong> Intelligente Anzeige<\/li>\n<\/ul>\n<p>Entdecken Sie weitere Geschmacksoptionen und die gesamte RageGorilla-Reihe auf <a href=\"https:\/\/fumot.uk\/de\/\" target=\"_blank\" rel=\"noopener\">fumot.uk<\/a>.<\/p>\n<p><small>Hinweis: Die Zuganzahl ist eine Sch\u00e4tzung und kann je nach individuellem Dampfverhalten variieren.<\/small><\/p>","protected":false},"excerpt":{"rendered":"<p>Saftige Wassermelone trifft auf bonbonartigen Kaugummi im JNR RageGorilla 55000 Puffs. Dual Mesh Coil, Smart Display, 42ml E-Liquid, 950mAh Typ\u2011C wiederaufladbar.<\/p>","protected":false},"featured_media":4579,"comment_status":"open","ping_status":"closed","template":"","meta":[],"product_brand":[],"product_cat":[235,236,17],"product_tag":[70,237,71,197,49,113,72,73,26,199,28,32],"class_list":{"0":"post-4535","1":"product","2":"type-product","3":"status-publish","4":"has-post-thumbnail","6":"product_cat-55000-puff","7":"product_cat-jnr-ragegorilla-55000-puffs","8":"product_cat-vape","9":"product_tag-2-nikotin","10":"product_tag-42ml","11":"product_tag-5-nikotin","12":"product_tag-950mah","13":"product_tag-bubblegum","14":"product_tag-crystal-vape","15":"product_tag-direct-to-lung","16":"product_tag-dual-mesh","17":"product_tag-rechargeable","18":"product_tag-smart-display","19":"product_tag-type-c","20":"product_tag-watermelon","22":"first","23":"instock","24":"sale","25":"shipping-taxable","26":"purchasable","27":"product-type-variable","28":"has-default-attributes"},"yoast_head":"<!-- This site is optimized with the Yoast SEO plugin v26.8 - https:\/\/yoast.com\/product\/yoast-seo-wordpress\/ -->\n<title>Watermelon Bubblegum JNR RageGorilla 55000 Puffs Vape<\/title>\n<meta name=\"description\" content=\"Shop JNR RageGorilla 55000 Puffs Watermelon Bubblegum: Dual Mesh Coil, Smart Display, 42ml e-liquid, 950mAh Type\u2011C rechargeable. 2%\/5% nic.\" \/>\n<meta name=\"robots\" content=\"index, follow, max-snippet:-1, max-image-preview:large, max-video-preview:-1\" \/>\n<link rel=\"canonical\" href=\"https:\/\/fumot.uk\/de\/product\/watermelon-bubblegum-jnr-ragegorilla-55000-puffs\/\" \/>\n<meta property=\"og:locale\" content=\"de_DE\" \/>\n<meta property=\"og:type\" content=\"article\" \/>\n<meta property=\"og:title\" content=\"Watermelon Bubblegum | JNR RageGorilla 55000 Puffs\" \/>\n<meta property=\"og:description\" content=\"A juicy watermelon + bubblegum blend with smooth vapour from Dual Mesh Coil. Smart Display, 42ml e-liquid, 950mAh Type\u2011C rechargeable. 2%\/5%.\" \/>\n<meta property=\"og:url\" content=\"https:\/\/fumot.uk\/de\/product\/watermelon-bubblegum-jnr-ragegorilla-55000-puffs\/\" \/>\n<meta property=\"og:site_name\" content=\"Fumot Official Direct | Straight from the Factory, 100% Genuine\" \/>\n<meta property=\"article:modified_time\" content=\"2026-01-21T06:24:38+00:00\" \/>\n<meta property=\"og:image\" content=\"https:\/\/fumot.uk\/wp-content\/uploads\/2026\/01\/JNR-RageGorilla-55000-Puffs-Watermelon-Bubblegum-disposable-e-cigarette.jpg\" \/>\n\t<meta property=\"og:image:width\" content=\"800\" \/>\n\t<meta property=\"og:image:height\" content=\"800\" \/>\n\t<meta property=\"og:image:type\" content=\"image\/jpeg\" \/>\n<meta name=\"twitter:card\" content=\"summary_large_image\" \/>\n<meta name=\"twitter:label1\" content=\"Gesch\u00e4tzte Lesezeit\" \/>\n\t<meta name=\"twitter:data1\" content=\"1\u00a0Minute\" \/>\n<script type=\"application\/ld+json\" class=\"yoast-schema-graph\">{\"@context\":\"https:\/\/schema.org\",\"@graph\":[{\"@type\":\"WebPage\",\"@id\":\"https:\/\/fumot.uk\/product\/watermelon-bubblegum-jnr-ragegorilla-55000-puffs\/\",\"url\":\"https:\/\/fumot.uk\/product\/watermelon-bubblegum-jnr-ragegorilla-55000-puffs\/\",\"name\":\"Watermelon Bubblegum JNR RageGorilla 55000 Puffs Vape\",\"isPartOf\":{\"@id\":\"https:\/\/fumot.uk\/#website\"},\"primaryImageOfPage\":{\"@id\":\"https:\/\/fumot.uk\/product\/watermelon-bubblegum-jnr-ragegorilla-55000-puffs\/#primaryimage\"},\"image\":{\"@id\":\"https:\/\/fumot.uk\/product\/watermelon-bubblegum-jnr-ragegorilla-55000-puffs\/#primaryimage\"},\"thumbnailUrl\":\"https:\/\/fumot.uk\/wp-content\/uploads\/2026\/01\/JNR-RageGorilla-55000-Puffs-Watermelon-Bubblegum-disposable-e-cigarette.jpg\",\"datePublished\":\"2026-01-21T04:11:16+00:00\",\"dateModified\":\"2026-01-21T06:24:38+00:00\",\"description\":\"Shop JNR RageGorilla 55000 Puffs Watermelon Bubblegum: Dual Mesh Coil, Smart Display, 42ml e-liquid, 950mAh Type\u2011C rechargeable. 2%\/5% nic.\",\"breadcrumb\":{\"@id\":\"https:\/\/fumot.uk\/product\/watermelon-bubblegum-jnr-ragegorilla-55000-puffs\/#breadcrumb\"},\"inLanguage\":\"de\",\"potentialAction\":[{\"@type\":\"ReadAction\",\"target\":[\"https:\/\/fumot.uk\/product\/watermelon-bubblegum-jnr-ragegorilla-55000-puffs\/\"]}]},{\"@type\":\"ImageObject\",\"inLanguage\":\"de\",\"@id\":\"https:\/\/fumot.uk\/product\/watermelon-bubblegum-jnr-ragegorilla-55000-puffs\/#primaryimage\",\"url\":\"https:\/\/fumot.uk\/wp-content\/uploads\/2026\/01\/JNR-RageGorilla-55000-Puffs-Watermelon-Bubblegum-disposable-e-cigarette.jpg\",\"contentUrl\":\"https:\/\/fumot.uk\/wp-content\/uploads\/2026\/01\/JNR-RageGorilla-55000-Puffs-Watermelon-Bubblegum-disposable-e-cigarette.jpg\",\"width\":800,\"height\":800},{\"@type\":\"BreadcrumbList\",\"@id\":\"https:\/\/fumot.uk\/product\/watermelon-bubblegum-jnr-ragegorilla-55000-puffs\/#breadcrumb\",\"itemListElement\":[{\"@type\":\"ListItem\",\"position\":1,\"name\":\"Home\",\"item\":\"https:\/\/fumot.uk\/\"},{\"@type\":\"ListItem\",\"position\":2,\"name\":\"Shop\",\"item\":\"https:\/\/fumot.uk\/shop\/\"},{\"@type\":\"ListItem\",\"position\":3,\"name\":\"JNR RageGorilla 55000 Puffs Watermelon Bubblegum Disposable Vape | Dual Mesh + Smart Display\"}]},{\"@type\":\"WebSite\",\"@id\":\"https:\/\/fumot.uk\/#website\",\"url\":\"https:\/\/fumot.uk\/\",\"name\":\"Fumot Official Direct | Straight from the Factory, 100% Genuine\",\"description\":\"Official Website\",\"publisher\":{\"@id\":\"https:\/\/fumot.uk\/#organization\"},\"potentialAction\":[{\"@type\":\"SearchAction\",\"target\":{\"@type\":\"EntryPoint\",\"urlTemplate\":\"https:\/\/fumot.uk\/?s={search_term_string}\"},\"query-input\":{\"@type\":\"PropertyValueSpecification\",\"valueRequired\":true,\"valueName\":\"search_term_string\"}}],\"inLanguage\":\"de\"},{\"@type\":\"Organization\",\"@id\":\"https:\/\/fumot.uk\/#organization\",\"name\":\"Fumot Official Direct | Straight from the Factory, 100% Genuine\",\"url\":\"https:\/\/fumot.uk\/\",\"logo\":{\"@type\":\"ImageObject\",\"inLanguage\":\"de\",\"@id\":\"https:\/\/fumot.uk\/#\/schema\/logo\/image\/\",\"url\":\"https:\/\/fumot.uk\/wp-content\/uploads\/2026\/01\/cropped-fumot-logo1.png\",\"contentUrl\":\"https:\/\/fumot.uk\/wp-content\/uploads\/2026\/01\/cropped-fumot-logo1.png\",\"width\":152,\"height\":106,\"caption\":\"Fumot Official Direct | Straight from the Factory, 100% Genuine\"},\"image\":{\"@id\":\"https:\/\/fumot.uk\/#\/schema\/logo\/image\/\"}}]}<\/script>\n<!-- \/ Yoast SEO plugin. -->","yoast_head_json":{"title":"Wassermelone Kaugummi JNR RageGorilla 55000 Z\u00fcge E-Zigaretten","description":"Kaufen Sie JNR RageGorilla 55000 Z\u00fcge Wassermelone Kaugummi: Dual Mesh Coil, Smart Display, 42ml E-Liquid, 950mAh Typ-C wiederaufladbar. 2%\/5% Nik.","robots":{"index":"index","follow":"follow","max-snippet":"max-snippet:-1","max-image-preview":"max-image-preview:large","max-video-preview":"max-video-preview:-1"},"canonical":"https:\/\/fumot.uk\/de\/product\/watermelon-bubblegum-jnr-ragegorilla-55000-puffs\/","og_locale":"de_DE","og_type":"article","og_title":"Watermelon Bubblegum | JNR RageGorilla 55000 Puffs","og_description":"A juicy watermelon + bubblegum blend with smooth vapour from Dual Mesh Coil. Smart Display, 42ml e-liquid, 950mAh Type\u2011C rechargeable. 2%\/5%.","og_url":"https:\/\/fumot.uk\/de\/product\/watermelon-bubblegum-jnr-ragegorilla-55000-puffs\/","og_site_name":"Fumot Official Direct | Straight from the Factory, 100% Genuine","article_modified_time":"2026-01-21T06:24:38+00:00","og_image":[{"width":800,"height":800,"url":"https:\/\/fumot.uk\/wp-content\/uploads\/2026\/01\/JNR-RageGorilla-55000-Puffs-Watermelon-Bubblegum-disposable-e-cigarette.jpg","type":"image\/jpeg"}],"twitter_card":"summary_large_image","twitter_misc":{"Gesch\u00e4tzte Lesezeit":"1\u00a0Minute"},"schema":{"@context":"https:\/\/schema.org","@graph":[{"@type":"WebPage","@id":"https:\/\/fumot.uk\/product\/watermelon-bubblegum-jnr-ragegorilla-55000-puffs\/","url":"https:\/\/fumot.uk\/product\/watermelon-bubblegum-jnr-ragegorilla-55000-puffs\/","name":"Wassermelone Kaugummi JNR RageGorilla 55000 Z\u00fcge E-Zigaretten","isPartOf":{"@id":"https:\/\/fumot.uk\/#website"},"primaryImageOfPage":{"@id":"https:\/\/fumot.uk\/product\/watermelon-bubblegum-jnr-ragegorilla-55000-puffs\/#primaryimage"},"image":{"@id":"https:\/\/fumot.uk\/product\/watermelon-bubblegum-jnr-ragegorilla-55000-puffs\/#primaryimage"},"thumbnailUrl":"https:\/\/fumot.uk\/wp-content\/uploads\/2026\/01\/JNR-RageGorilla-55000-Puffs-Watermelon-Bubblegum-disposable-e-cigarette.jpg","datePublished":"2026-01-21T04:11:16+00:00","dateModified":"2026-01-21T06:24:38+00:00","description":"Kaufen Sie JNR RageGorilla 55000 Z\u00fcge Wassermelone Kaugummi: Dual Mesh Coil, Smart Display, 42ml E-Liquid, 950mAh Typ-C wiederaufladbar. 2%\/5% Nik.","breadcrumb":{"@id":"https:\/\/fumot.uk\/product\/watermelon-bubblegum-jnr-ragegorilla-55000-puffs\/#breadcrumb"},"inLanguage":"de","potentialAction":[{"@type":"ReadAction","target":["https:\/\/fumot.uk\/product\/watermelon-bubblegum-jnr-ragegorilla-55000-puffs\/"]}]},{"@type":"ImageObject","inLanguage":"de","@id":"https:\/\/fumot.uk\/product\/watermelon-bubblegum-jnr-ragegorilla-55000-puffs\/#primaryimage","url":"https:\/\/fumot.uk\/wp-content\/uploads\/2026\/01\/JNR-RageGorilla-55000-Puffs-Watermelon-Bubblegum-disposable-e-cigarette.jpg","contentUrl":"https:\/\/fumot.uk\/wp-content\/uploads\/2026\/01\/JNR-RageGorilla-55000-Puffs-Watermelon-Bubblegum-disposable-e-cigarette.jpg","width":800,"height":800},{"@type":"BreadcrumbList","@id":"https:\/\/fumot.uk\/product\/watermelon-bubblegum-jnr-ragegorilla-55000-puffs\/#breadcrumb","itemListElement":[{"@type":"ListItem","position":1,"name":"Home","item":"https:\/\/fumot.uk\/"},{"@type":"ListItem","position":2,"name":"Shop","item":"https:\/\/fumot.uk\/shop\/"},{"@type":"ListItem","position":3,"name":"JNR RageGorilla 55000 Puffs Watermelon Bubblegum Disposable Vape | Dual Mesh + Smart Display"}]},{"@type":"WebSite","@id":"https:\/\/fumot.uk\/#website","url":"https:\/\/fumot.uk\/","name":"Fumot Offizieller Direkt | Direkt aus der Fabrik, 100% Original","description":"Offizielle Webseite","publisher":{"@id":"https:\/\/fumot.uk\/#organization"},"potentialAction":[{"@type":"SearchAction","target":{"@type":"EntryPoint","urlTemplate":"https:\/\/fumot.uk\/?s={search_term_string}"},"query-input":{"@type":"PropertyValueSpecification","valueRequired":true,"valueName":"search_term_string"}}],"inLanguage":"de"},{"@type":"Organization","@id":"https:\/\/fumot.uk\/#organization","name":"Fumot Offizieller Direkt | Direkt aus der Fabrik, 100% Original","url":"https:\/\/fumot.uk\/","logo":{"@type":"ImageObject","inLanguage":"de","@id":"https:\/\/fumot.uk\/#\/schema\/logo\/image\/","url":"https:\/\/fumot.uk\/wp-content\/uploads\/2026\/01\/cropped-fumot-logo1.png","contentUrl":"https:\/\/fumot.uk\/wp-content\/uploads\/2026\/01\/cropped-fumot-logo1.png","width":152,"height":106,"caption":"Fumot Official Direct | Straight from the Factory, 100% Genuine"},"image":{"@id":"https:\/\/fumot.uk\/#\/schema\/logo\/image\/"}}]}},"_links":{"self":[{"href":"https:\/\/fumot.uk\/de\/wp-json\/wp\/v2\/product\/4535","targetHints":{"allow":["GET"]}}],"collection":[{"href":"https:\/\/fumot.uk\/de\/wp-json\/wp\/v2\/product"}],"about":[{"href":"https:\/\/fumot.uk\/de\/wp-json\/wp\/v2\/types\/product"}],"replies":[{"embeddable":true,"href":"https:\/\/fumot.uk\/de\/wp-json\/wp\/v2\/comments?post=4535"}],"wp:featuredmedia":[{"embeddable":true,"href":"https:\/\/fumot.uk\/de\/wp-json\/wp\/v2\/media\/4579"}],"wp:attachment":[{"href":"https:\/\/fumot.uk\/de\/wp-json\/wp\/v2\/media?parent=4535"}],"wp:term":[{"taxonomy":"product_brand","embeddable":true,"href":"https:\/\/fumot.uk\/de\/wp-json\/wp\/v2\/product_brand?post=4535"},{"taxonomy":"product_cat","embeddable":true,"href":"https:\/\/fumot.uk\/de\/wp-json\/wp\/v2\/product_cat?post=4535"},{"taxonomy":"product_tag","embeddable":true,"href":"https:\/\/fumot.uk\/de\/wp-json\/wp\/v2\/product_tag?post=4535"}],"curies":[{"name":"wp","href":"https:\/\/api.w.org\/{rel}","templated":true}]}}