{"id":4533,"date":"2026-01-21T04:11:16","date_gmt":"2026-01-21T04:11:16","guid":{"rendered":"https:\/\/fumot.uk\/?post_type=product&#038;p=4533"},"modified":"2026-01-21T06:25:03","modified_gmt":"2026-01-21T06:25:03","slug":"mango-passion-fruit-jnr-ragegorilla-55000-puffs","status":"publish","type":"product","link":"https:\/\/fumot.uk\/de\/product\/mango-passion-fruit-jnr-ragegorilla-55000-puffs\/","title":{"rendered":"JNR RageGorilla 55000 Z\u00fcge Mango Passionsfrucht Einweg E-Zigaretten | Dual Mesh, 42ml, 950mAh, Smart Display"},"content":{"rendered":"<h2>JNR RageGorilla 55000 Z\u00fcge \u2013 Mango Passionsfrucht<\/h2>\n<p>Bringen Sie einen tropischen Twist in Ihre t\u00e4gliche E-Zigaretten mit der <strong>JNR RageGorilla 55000 Z\u00fcge Mango Passionsfrucht<\/strong>. Dieser Geschmack mischt <strong>reifen, glatten Mango<\/strong> mit dem <strong>leuchtenden S\u00e4ure der Passionsfrucht<\/strong> f\u00fcr ein saftiges, ausgewogenes Profil, das vom ersten Zug bis zum letzten erfrischend bleibt.<\/p>\n<h3>Geschmacksprofil: Mango trifft auf Passionsfrucht<\/h3>\n<p>Erwarten Sie einen vielschichtigen Fruchtgeschmack\u2014<strong>s\u00fc\u00dfe Mango<\/strong> im Vordergrund, gefolgt von einem <strong>spritzigen Passionsfrucht-Kick<\/strong> der das Finish sauber h\u00e4lt, anstatt \u00fcberm\u00e4\u00dfig zuckrig zu sein. Der Dampf f\u00fchlt sich glatt und konsistent an, mit einem anhaltenden tropischen Nachgeschmack, der den ganzen Tag \u00fcber leicht zu genie\u00dfen ist.<\/p>\n<h3>Entwickelt f\u00fcr langanhaltende, konsistente Leistung<\/h3>\n<p>Die RageGorilla-Serie zeichnet sich durch ein mutiges, kristallklares Aussehen und einen leistungsorientierten Aufbau aus. Mit <strong>Dual-Mesh-Spule<\/strong> und einem <strong>Dual-Core-Heizsystem<\/strong>, ist es darauf ausgelegt, stabilen Geschmack und dichte Wolken \u00fcber die gesamte Lebensdauer des Ger\u00e4ts zu liefern.<\/p>\n<ul>\n<li><strong>Bis zu 55.000 Z\u00fcge<\/strong> (nutzungsabh\u00e4ngig)<\/li>\n<li><strong>42ml<\/strong> vorgef\u00fclltes E-Liquid<\/li>\n<li><strong>Nikotinst\u00e4rken:<\/strong> 2% oder 5%<\/li>\n<li><strong>950mAh<\/strong> wiederaufladbare Batterie<\/li>\n<li><strong>Typ-C<\/strong> schnelles Laden<\/li>\n<li><strong>Intelligente Anzeige<\/strong> f\u00fcr schnelle Status\u00fcberpr\u00fcfungen<\/li>\n<li><strong>Dual-Mesh-Spule<\/strong> f\u00fcr gleichm\u00e4\u00dfiges Erhitzen und konsistenten Geschmack<\/li>\n<\/ul>\n<h3>Warum Sie Mango Passionsfrucht lieben werden<\/h3>\n<ul>\n<li>Heller tropischer Geschmack, der sich nicht schwer anf\u00fchlt<\/li>\n<li>Sanfter Inhalation mit einem sauberen, fruchtigen Finish<\/li>\n<li>Eine gro\u00dfartige Wahl, wenn Sie Mango E-Zigaretten mit einer spritzigen Note m\u00f6gen<\/li>\n<\/ul>\n<p>Entdecken Sie mehr Geschmacksrichtungen und das gesamte RageGorilla-Sortiment unter <a href=\"https:\/\/fumot.uk\/de\/\">fumot.uk<\/a>.<\/p>","protected":false},"excerpt":{"rendered":"<p>Tropische Mango Passionsfrucht in der JNR RageGorilla 55000 Z\u00fcge Einweg-E-Zigaretten\u2014Dual Mesh Coil, 42ml E-Liquid, 950mAh wiederaufladbarer Akku, Smart Display, Typ-C-Ladung.<\/p>","protected":false},"featured_media":4577,"comment_status":"open","ping_status":"closed","template":"","meta":[],"product_brand":[],"product_cat":[235,236,17],"product_tag":[70,237,71,197,113,72,73,42,46,26,199,28],"class_list":{"0":"post-4533","1":"product","2":"type-product","3":"status-publish","4":"has-post-thumbnail","6":"product_cat-55000-puff","7":"product_cat-jnr-ragegorilla-55000-puffs","8":"product_cat-vape","9":"product_tag-2-nikotin","10":"product_tag-42ml","11":"product_tag-5-nikotin","12":"product_tag-950mah","13":"product_tag-crystal-vape","14":"product_tag-direct-to-lung","15":"product_tag-dual-mesh","16":"product_tag-mango","17":"product_tag-passion-fruit","18":"product_tag-rechargeable","19":"product_tag-smart-display","20":"product_tag-type-c","22":"first","23":"instock","24":"sale","25":"shipping-taxable","26":"purchasable","27":"product-type-variable","28":"has-default-attributes"},"yoast_head":"<!-- This site is optimized with the Yoast SEO plugin v26.8 - https:\/\/yoast.com\/product\/yoast-seo-wordpress\/ -->\n<title>JNR RageGorilla 55000 Mango Passion Fruit Vape<\/title>\n<meta name=\"description\" content=\"JNR RageGorilla 55000 Puffs Mango Passion Fruit: 42ml, Dual Mesh Coil, Smart Display, 950mAh rechargeable, Type-C. Choose 2% or 5% nicotine.\" \/>\n<meta name=\"robots\" content=\"index, follow, max-snippet:-1, max-image-preview:large, max-video-preview:-1\" \/>\n<link rel=\"canonical\" href=\"https:\/\/fumot.uk\/de\/product\/mango-passion-fruit-jnr-ragegorilla-55000-puffs\/\" \/>\n<meta property=\"og:locale\" content=\"de_DE\" \/>\n<meta property=\"og:type\" content=\"article\" \/>\n<meta property=\"og:title\" content=\"Mango Passion Fruit \u2013 JNR RageGorilla 55000 Puffs\" \/>\n<meta property=\"og:description\" content=\"Sweet mango with a tangy passion fruit finish. Dual Mesh Coil, 42ml e-liquid, Smart Display, 950mAh rechargeable battery and Type\u2011C charging.\" \/>\n<meta property=\"og:url\" content=\"https:\/\/fumot.uk\/de\/product\/mango-passion-fruit-jnr-ragegorilla-55000-puffs\/\" \/>\n<meta property=\"og:site_name\" content=\"Fumot Official Direct | Straight from the Factory, 100% Genuine\" \/>\n<meta property=\"article:modified_time\" content=\"2026-01-21T06:25:03+00:00\" \/>\n<meta property=\"og:image\" content=\"https:\/\/fumot.uk\/wp-content\/uploads\/2026\/01\/JNR-RageGorilla-55000-Puffs-Mango-Passion-Fruit-disposable-e-cigarette.jpg\" \/>\n\t<meta property=\"og:image:width\" content=\"800\" \/>\n\t<meta property=\"og:image:height\" content=\"800\" \/>\n\t<meta property=\"og:image:type\" content=\"image\/jpeg\" \/>\n<meta name=\"twitter:card\" content=\"summary_large_image\" \/>\n<meta name=\"twitter:label1\" content=\"Gesch\u00e4tzte Lesezeit\" \/>\n\t<meta name=\"twitter:data1\" content=\"1\u00a0Minute\" \/>\n<script type=\"application\/ld+json\" class=\"yoast-schema-graph\">{\"@context\":\"https:\/\/schema.org\",\"@graph\":[{\"@type\":\"WebPage\",\"@id\":\"https:\/\/fumot.uk\/product\/mango-passion-fruit-jnr-ragegorilla-55000-puffs\/\",\"url\":\"https:\/\/fumot.uk\/product\/mango-passion-fruit-jnr-ragegorilla-55000-puffs\/\",\"name\":\"JNR RageGorilla 55000 Mango Passion Fruit Vape\",\"isPartOf\":{\"@id\":\"https:\/\/fumot.uk\/#website\"},\"primaryImageOfPage\":{\"@id\":\"https:\/\/fumot.uk\/product\/mango-passion-fruit-jnr-ragegorilla-55000-puffs\/#primaryimage\"},\"image\":{\"@id\":\"https:\/\/fumot.uk\/product\/mango-passion-fruit-jnr-ragegorilla-55000-puffs\/#primaryimage\"},\"thumbnailUrl\":\"https:\/\/fumot.uk\/wp-content\/uploads\/2026\/01\/JNR-RageGorilla-55000-Puffs-Mango-Passion-Fruit-disposable-e-cigarette.jpg\",\"datePublished\":\"2026-01-21T04:11:16+00:00\",\"dateModified\":\"2026-01-21T06:25:03+00:00\",\"description\":\"JNR RageGorilla 55000 Puffs Mango Passion Fruit: 42ml, Dual Mesh Coil, Smart Display, 950mAh rechargeable, Type-C. Choose 2% or 5% nicotine.\",\"breadcrumb\":{\"@id\":\"https:\/\/fumot.uk\/product\/mango-passion-fruit-jnr-ragegorilla-55000-puffs\/#breadcrumb\"},\"inLanguage\":\"de\",\"potentialAction\":[{\"@type\":\"ReadAction\",\"target\":[\"https:\/\/fumot.uk\/product\/mango-passion-fruit-jnr-ragegorilla-55000-puffs\/\"]}]},{\"@type\":\"ImageObject\",\"inLanguage\":\"de\",\"@id\":\"https:\/\/fumot.uk\/product\/mango-passion-fruit-jnr-ragegorilla-55000-puffs\/#primaryimage\",\"url\":\"https:\/\/fumot.uk\/wp-content\/uploads\/2026\/01\/JNR-RageGorilla-55000-Puffs-Mango-Passion-Fruit-disposable-e-cigarette.jpg\",\"contentUrl\":\"https:\/\/fumot.uk\/wp-content\/uploads\/2026\/01\/JNR-RageGorilla-55000-Puffs-Mango-Passion-Fruit-disposable-e-cigarette.jpg\",\"width\":800,\"height\":800},{\"@type\":\"BreadcrumbList\",\"@id\":\"https:\/\/fumot.uk\/product\/mango-passion-fruit-jnr-ragegorilla-55000-puffs\/#breadcrumb\",\"itemListElement\":[{\"@type\":\"ListItem\",\"position\":1,\"name\":\"Home\",\"item\":\"https:\/\/fumot.uk\/\"},{\"@type\":\"ListItem\",\"position\":2,\"name\":\"Shop\",\"item\":\"https:\/\/fumot.uk\/shop\/\"},{\"@type\":\"ListItem\",\"position\":3,\"name\":\"JNR RageGorilla 55000 Puffs Mango Passion Fruit Disposable Vape | Dual Mesh, 42ml, 950mAh, Smart Display\"}]},{\"@type\":\"WebSite\",\"@id\":\"https:\/\/fumot.uk\/#website\",\"url\":\"https:\/\/fumot.uk\/\",\"name\":\"Fumot Official Direct | Straight from the Factory, 100% Genuine\",\"description\":\"Official Website\",\"publisher\":{\"@id\":\"https:\/\/fumot.uk\/#organization\"},\"potentialAction\":[{\"@type\":\"SearchAction\",\"target\":{\"@type\":\"EntryPoint\",\"urlTemplate\":\"https:\/\/fumot.uk\/?s={search_term_string}\"},\"query-input\":{\"@type\":\"PropertyValueSpecification\",\"valueRequired\":true,\"valueName\":\"search_term_string\"}}],\"inLanguage\":\"de\"},{\"@type\":\"Organization\",\"@id\":\"https:\/\/fumot.uk\/#organization\",\"name\":\"Fumot Official Direct | Straight from the Factory, 100% Genuine\",\"url\":\"https:\/\/fumot.uk\/\",\"logo\":{\"@type\":\"ImageObject\",\"inLanguage\":\"de\",\"@id\":\"https:\/\/fumot.uk\/#\/schema\/logo\/image\/\",\"url\":\"https:\/\/fumot.uk\/wp-content\/uploads\/2026\/01\/cropped-fumot-logo1.png\",\"contentUrl\":\"https:\/\/fumot.uk\/wp-content\/uploads\/2026\/01\/cropped-fumot-logo1.png\",\"width\":152,\"height\":106,\"caption\":\"Fumot Official Direct | Straight from the Factory, 100% Genuine\"},\"image\":{\"@id\":\"https:\/\/fumot.uk\/#\/schema\/logo\/image\/\"}}]}<\/script>\n<!-- \/ Yoast SEO plugin. -->","yoast_head_json":{"title":"JNR RageGorilla 55000 Mango-Passionsfrucht E-Zigaretten","description":"JNR RageGorilla 55000 Z\u00fcge Mango Passionsfrucht: 42ml, Dual Mesh Coil, Smart Display, 950mAh wiederaufladbar, Typ-C. W\u00e4hlen Sie 2% oder 5% Nikotin.","robots":{"index":"index","follow":"follow","max-snippet":"max-snippet:-1","max-image-preview":"max-image-preview:large","max-video-preview":"max-video-preview:-1"},"canonical":"https:\/\/fumot.uk\/de\/product\/mango-passion-fruit-jnr-ragegorilla-55000-puffs\/","og_locale":"de_DE","og_type":"article","og_title":"Mango Passion Fruit \u2013 JNR RageGorilla 55000 Puffs","og_description":"Sweet mango with a tangy passion fruit finish. Dual Mesh Coil, 42ml e-liquid, Smart Display, 950mAh rechargeable battery and Type\u2011C charging.","og_url":"https:\/\/fumot.uk\/de\/product\/mango-passion-fruit-jnr-ragegorilla-55000-puffs\/","og_site_name":"Fumot Official Direct | Straight from the Factory, 100% Genuine","article_modified_time":"2026-01-21T06:25:03+00:00","og_image":[{"width":800,"height":800,"url":"https:\/\/fumot.uk\/wp-content\/uploads\/2026\/01\/JNR-RageGorilla-55000-Puffs-Mango-Passion-Fruit-disposable-e-cigarette.jpg","type":"image\/jpeg"}],"twitter_card":"summary_large_image","twitter_misc":{"Gesch\u00e4tzte Lesezeit":"1\u00a0Minute"},"schema":{"@context":"https:\/\/schema.org","@graph":[{"@type":"WebPage","@id":"https:\/\/fumot.uk\/product\/mango-passion-fruit-jnr-ragegorilla-55000-puffs\/","url":"https:\/\/fumot.uk\/product\/mango-passion-fruit-jnr-ragegorilla-55000-puffs\/","name":"JNR RageGorilla 55000 Mango-Passionsfrucht E-Zigaretten","isPartOf":{"@id":"https:\/\/fumot.uk\/#website"},"primaryImageOfPage":{"@id":"https:\/\/fumot.uk\/product\/mango-passion-fruit-jnr-ragegorilla-55000-puffs\/#primaryimage"},"image":{"@id":"https:\/\/fumot.uk\/product\/mango-passion-fruit-jnr-ragegorilla-55000-puffs\/#primaryimage"},"thumbnailUrl":"https:\/\/fumot.uk\/wp-content\/uploads\/2026\/01\/JNR-RageGorilla-55000-Puffs-Mango-Passion-Fruit-disposable-e-cigarette.jpg","datePublished":"2026-01-21T04:11:16+00:00","dateModified":"2026-01-21T06:25:03+00:00","description":"JNR RageGorilla 55000 Z\u00fcge Mango Passionsfrucht: 42ml, Dual Mesh Coil, Smart Display, 950mAh wiederaufladbar, Typ-C. W\u00e4hlen Sie 2% oder 5% Nikotin.","breadcrumb":{"@id":"https:\/\/fumot.uk\/product\/mango-passion-fruit-jnr-ragegorilla-55000-puffs\/#breadcrumb"},"inLanguage":"de","potentialAction":[{"@type":"ReadAction","target":["https:\/\/fumot.uk\/product\/mango-passion-fruit-jnr-ragegorilla-55000-puffs\/"]}]},{"@type":"ImageObject","inLanguage":"de","@id":"https:\/\/fumot.uk\/product\/mango-passion-fruit-jnr-ragegorilla-55000-puffs\/#primaryimage","url":"https:\/\/fumot.uk\/wp-content\/uploads\/2026\/01\/JNR-RageGorilla-55000-Puffs-Mango-Passion-Fruit-disposable-e-cigarette.jpg","contentUrl":"https:\/\/fumot.uk\/wp-content\/uploads\/2026\/01\/JNR-RageGorilla-55000-Puffs-Mango-Passion-Fruit-disposable-e-cigarette.jpg","width":800,"height":800},{"@type":"BreadcrumbList","@id":"https:\/\/fumot.uk\/product\/mango-passion-fruit-jnr-ragegorilla-55000-puffs\/#breadcrumb","itemListElement":[{"@type":"ListItem","position":1,"name":"Home","item":"https:\/\/fumot.uk\/"},{"@type":"ListItem","position":2,"name":"Shop","item":"https:\/\/fumot.uk\/shop\/"},{"@type":"ListItem","position":3,"name":"JNR RageGorilla 55000 Puffs Mango Passion Fruit Disposable Vape | Dual Mesh, 42ml, 950mAh, Smart Display"}]},{"@type":"WebSite","@id":"https:\/\/fumot.uk\/#website","url":"https:\/\/fumot.uk\/","name":"Fumot Offizieller Direkt | Direkt aus der Fabrik, 100% Original","description":"Offizielle Webseite","publisher":{"@id":"https:\/\/fumot.uk\/#organization"},"potentialAction":[{"@type":"SearchAction","target":{"@type":"EntryPoint","urlTemplate":"https:\/\/fumot.uk\/?s={search_term_string}"},"query-input":{"@type":"PropertyValueSpecification","valueRequired":true,"valueName":"search_term_string"}}],"inLanguage":"de"},{"@type":"Organization","@id":"https:\/\/fumot.uk\/#organization","name":"Fumot Offizieller Direkt | Direkt aus der Fabrik, 100% Original","url":"https:\/\/fumot.uk\/","logo":{"@type":"ImageObject","inLanguage":"de","@id":"https:\/\/fumot.uk\/#\/schema\/logo\/image\/","url":"https:\/\/fumot.uk\/wp-content\/uploads\/2026\/01\/cropped-fumot-logo1.png","contentUrl":"https:\/\/fumot.uk\/wp-content\/uploads\/2026\/01\/cropped-fumot-logo1.png","width":152,"height":106,"caption":"Fumot Official Direct | Straight from the Factory, 100% Genuine"},"image":{"@id":"https:\/\/fumot.uk\/#\/schema\/logo\/image\/"}}]}},"_links":{"self":[{"href":"https:\/\/fumot.uk\/de\/wp-json\/wp\/v2\/product\/4533","targetHints":{"allow":["GET"]}}],"collection":[{"href":"https:\/\/fumot.uk\/de\/wp-json\/wp\/v2\/product"}],"about":[{"href":"https:\/\/fumot.uk\/de\/wp-json\/wp\/v2\/types\/product"}],"replies":[{"embeddable":true,"href":"https:\/\/fumot.uk\/de\/wp-json\/wp\/v2\/comments?post=4533"}],"wp:featuredmedia":[{"embeddable":true,"href":"https:\/\/fumot.uk\/de\/wp-json\/wp\/v2\/media\/4577"}],"wp:attachment":[{"href":"https:\/\/fumot.uk\/de\/wp-json\/wp\/v2\/media?parent=4533"}],"wp:term":[{"taxonomy":"product_brand","embeddable":true,"href":"https:\/\/fumot.uk\/de\/wp-json\/wp\/v2\/product_brand?post=4533"},{"taxonomy":"product_cat","embeddable":true,"href":"https:\/\/fumot.uk\/de\/wp-json\/wp\/v2\/product_cat?post=4533"},{"taxonomy":"product_tag","embeddable":true,"href":"https:\/\/fumot.uk\/de\/wp-json\/wp\/v2\/product_tag?post=4533"}],"curies":[{"name":"wp","href":"https:\/\/api.w.org\/{rel}","templated":true}]}}