{"id":4525,"date":"2026-01-21T04:11:14","date_gmt":"2026-01-21T04:11:14","guid":{"rendered":"https:\/\/fumot.uk\/?post_type=product&#038;p=4525"},"modified":"2026-01-21T06:28:28","modified_gmt":"2026-01-21T06:28:28","slug":"blueberry-raspberry-cherry-jnr-ragegorilla-55000-puffs","status":"publish","type":"product","link":"https:\/\/fumot.uk\/de\/product\/blueberry-raspberry-cherry-jnr-ragegorilla-55000-puffs\/","title":{"rendered":"JNR RageGorilla 55000 Z\u00fcge Blaubeere Himbeere Kirsche Einweg E-Zigaretten (42ml, 950mAh, Dual Mesh, Typ\u2011C)"},"content":{"rendered":"<h2>Blaubeere Himbeere Kirsche | JNR RageGorilla 55000 Z\u00fcge<\/h2>\n<p>Treffen Sie ein mutiges Fruchttrio, das f\u00fcr lange Sitzungen gebaut ist: <strong>JNR RageGorilla 55000 Z\u00fcge<\/strong> in <strong>Blaubeere Himbeere Kirsche<\/strong>. Entworfen mit einem auff\u00e4lligen kristallklaren K\u00f6rper und scharfen, von Gorillas inspirierten Linien, kombiniert diese Einweg-E-Zigaretten auff\u00e4lligen Stil mit einem sanften, dichten Zug, angetrieben von <strong>Dual-Mesh-Spule<\/strong> und Dual-Core-Heiztechnologie.<\/p>\n<h3>Geschmacksprofil: Blaubeere \u2022 Himbeere \u2022 Kirsche<\/h3>\n<p>Diese Mischung schichtet Fr\u00fcchte auf eine saubere, befriedigende Weise. Beim Einatmen bemerken Sie die <strong>sanfte S\u00fc\u00dfe der Blaubeere<\/strong>, gefolgt von einem <strong>helle s\u00fc\u00df-saure Himbeere<\/strong> hebt sich, endet mit einer <strong>abgerundeten Kirschnote<\/strong> die Tiefe hinzuf\u00fcgt, ohne zu \u00fcberw\u00e4ltigen. Ausgewogen, fruchtig und angenehm komplex\u2014ideal, wenn Sie Mehrbeeren-Geschm\u00e4cker mit einem reicheren Finish genie\u00dfen.<\/p>\n<h3>Warum Sie es m\u00f6gen werden<\/h3>\n<ul>\n<li><strong>Bis zu 55.000 Z\u00fcge<\/strong> f\u00fcr verl\u00e4ngerte Nutzung (variiert je nach Gebrauch)<\/li>\n<li><strong>42ml E-Liquid<\/strong> Kapazit\u00e4t f\u00fcr langanhaltenden Geschmack<\/li>\n<li><strong>Dual-Mesh-Spule<\/strong> f\u00fcr volleren Dampf und konsistenten Geschmack<\/li>\n<li><strong>950mAh wiederaufladbare Batterie<\/strong> mit <strong>Typ\u2011C-Schnellladung<\/strong><\/li>\n<li><strong>Intelligente Anzeige<\/strong> um den Verbrauch auf einen Blick zu \u00fcberwachen<\/li>\n<li><strong>Nikotinoptionen:<\/strong> 2% oder 5%<\/li>\n<\/ul>\n<h3>Produktspezifikationen<\/h3>\n<ul>\n<li><strong>Marke\/Modell:<\/strong> JNR RageGorilla<\/li>\n<li><strong>Z\u00fcge:<\/strong> 55,000<\/li>\n<li><strong>Geschmack:<\/strong> Blaubeere Himbeere Kirsche (Blue Razz Cherry Stil)<\/li>\n<li><strong>E-Liquid:<\/strong> 42ml<\/li>\n<li><strong>Batterie:<\/strong> 950mAh (wiederaufladbar)<\/li>\n<li><strong>Laden:<\/strong> Type\u2011C<\/li>\n<li><strong>Spule:<\/strong> Dual-Mesh-Spule<\/li>\n<li><strong>Display:<\/strong> Intelligente Anzeige<\/li>\n<li><strong>Nikotinst\u00e4rke:<\/strong> 2% \/ 5%<\/li>\n<\/ul>\n<p>Entdecken Sie mehr hochkapazitive Einwegprodukte und Fruchtgeschm\u00e4cker auf <a href=\"https:\/\/fumot.uk\/de\/\" target=\"_blank\" rel=\"noopener\">fumot.uk<\/a>.<\/p>","protected":false},"excerpt":{"rendered":"<p>Blaubeere Himbeere Kirsche im JNR RageGorilla 55000 Puffs: eine geschichtete Beeren-Kirsche-Mischung mit Dual Mesh Coil, 42ml E-Liquid, 950mAh wiederaufladbare Batterie, Smart Display und Typ-C-Ladung (2%\/5% nic).<\/p>","protected":false},"featured_media":4554,"comment_status":"open","ping_status":"closed","template":"","meta":[],"product_brand":[],"product_cat":[235,236,17],"product_tag":[70,237,71,197,33,36,113,72,73,34,26,199,28],"class_list":{"0":"post-4525","1":"product","2":"type-product","3":"status-publish","4":"has-post-thumbnail","6":"product_cat-55000-puff","7":"product_cat-jnr-ragegorilla-55000-puffs","8":"product_cat-vape","9":"product_tag-2-nikotin","10":"product_tag-42ml","11":"product_tag-5-nikotin","12":"product_tag-950mah","13":"product_tag-blueberry","14":"product_tag-cherry","15":"product_tag-crystal-vape","16":"product_tag-direct-to-lung","17":"product_tag-dual-mesh","18":"product_tag-raspberry","19":"product_tag-rechargeable","20":"product_tag-smart-display","21":"product_tag-type-c","23":"first","24":"instock","25":"sale","26":"shipping-taxable","27":"purchasable","28":"product-type-variable","29":"has-default-attributes"},"yoast_head":"<!-- This site is optimized with the Yoast SEO plugin v26.8 - https:\/\/yoast.com\/product\/yoast-seo-wordpress\/ -->\n<title>JNR RageGorilla 55000 Blueberry Raspberry Cherry Vape<\/title>\n<meta name=\"description\" content=\"JNR RageGorilla 55000 Puffs Blueberry Raspberry Cherry: 42ml, 950mAh rechargeable, Dual Mesh Coil, Smart Display, Type\u2011C fast charge. 2%\/5% nic.\" \/>\n<meta name=\"robots\" content=\"index, follow, max-snippet:-1, max-image-preview:large, max-video-preview:-1\" \/>\n<link rel=\"canonical\" href=\"https:\/\/fumot.uk\/de\/product\/blueberry-raspberry-cherry-jnr-ragegorilla-55000-puffs\/\" \/>\n<meta property=\"og:locale\" content=\"de_DE\" \/>\n<meta property=\"og:type\" content=\"article\" \/>\n<meta property=\"og:title\" content=\"Blueberry Raspberry Cherry | JNR RageGorilla 55000 Puffs\" \/>\n<meta property=\"og:description\" content=\"A smooth, layered blueberry-raspberry-cherry vape with 42ml e-liquid, Dual Mesh Coil, 950mAh rechargeable battery, Smart Display, and Type\u2011C charging.\" \/>\n<meta property=\"og:url\" content=\"https:\/\/fumot.uk\/de\/product\/blueberry-raspberry-cherry-jnr-ragegorilla-55000-puffs\/\" \/>\n<meta property=\"og:site_name\" content=\"Fumot Official Direct | Straight from the Factory, 100% Genuine\" \/>\n<meta property=\"article:modified_time\" content=\"2026-01-21T06:28:28+00:00\" \/>\n<meta property=\"og:image\" content=\"https:\/\/fumot.uk\/wp-content\/uploads\/2026\/01\/6-Blueberry-Raspberry-Cherry.jpg\" \/>\n\t<meta property=\"og:image:width\" content=\"800\" \/>\n\t<meta property=\"og:image:height\" content=\"800\" \/>\n\t<meta property=\"og:image:type\" content=\"image\/jpeg\" \/>\n<meta name=\"twitter:card\" content=\"summary_large_image\" \/>\n<meta name=\"twitter:label1\" content=\"Gesch\u00e4tzte Lesezeit\" \/>\n\t<meta name=\"twitter:data1\" content=\"1\u00a0Minute\" \/>\n<script type=\"application\/ld+json\" class=\"yoast-schema-graph\">{\"@context\":\"https:\/\/schema.org\",\"@graph\":[{\"@type\":\"WebPage\",\"@id\":\"https:\/\/fumot.uk\/product\/blueberry-raspberry-cherry-jnr-ragegorilla-55000-puffs\/\",\"url\":\"https:\/\/fumot.uk\/product\/blueberry-raspberry-cherry-jnr-ragegorilla-55000-puffs\/\",\"name\":\"JNR RageGorilla 55000 Blueberry Raspberry Cherry Vape\",\"isPartOf\":{\"@id\":\"https:\/\/fumot.uk\/#website\"},\"primaryImageOfPage\":{\"@id\":\"https:\/\/fumot.uk\/product\/blueberry-raspberry-cherry-jnr-ragegorilla-55000-puffs\/#primaryimage\"},\"image\":{\"@id\":\"https:\/\/fumot.uk\/product\/blueberry-raspberry-cherry-jnr-ragegorilla-55000-puffs\/#primaryimage\"},\"thumbnailUrl\":\"https:\/\/fumot.uk\/wp-content\/uploads\/2026\/01\/6-Blueberry-Raspberry-Cherry.jpg\",\"datePublished\":\"2026-01-21T04:11:14+00:00\",\"dateModified\":\"2026-01-21T06:28:28+00:00\",\"description\":\"JNR RageGorilla 55000 Puffs Blueberry Raspberry Cherry: 42ml, 950mAh rechargeable, Dual Mesh Coil, Smart Display, Type\u2011C fast charge. 2%\/5% nic.\",\"breadcrumb\":{\"@id\":\"https:\/\/fumot.uk\/product\/blueberry-raspberry-cherry-jnr-ragegorilla-55000-puffs\/#breadcrumb\"},\"inLanguage\":\"de\",\"potentialAction\":[{\"@type\":\"ReadAction\",\"target\":[\"https:\/\/fumot.uk\/product\/blueberry-raspberry-cherry-jnr-ragegorilla-55000-puffs\/\"]}]},{\"@type\":\"ImageObject\",\"inLanguage\":\"de\",\"@id\":\"https:\/\/fumot.uk\/product\/blueberry-raspberry-cherry-jnr-ragegorilla-55000-puffs\/#primaryimage\",\"url\":\"https:\/\/fumot.uk\/wp-content\/uploads\/2026\/01\/6-Blueberry-Raspberry-Cherry.jpg\",\"contentUrl\":\"https:\/\/fumot.uk\/wp-content\/uploads\/2026\/01\/6-Blueberry-Raspberry-Cherry.jpg\",\"width\":800,\"height\":800},{\"@type\":\"BreadcrumbList\",\"@id\":\"https:\/\/fumot.uk\/product\/blueberry-raspberry-cherry-jnr-ragegorilla-55000-puffs\/#breadcrumb\",\"itemListElement\":[{\"@type\":\"ListItem\",\"position\":1,\"name\":\"Home\",\"item\":\"https:\/\/fumot.uk\/\"},{\"@type\":\"ListItem\",\"position\":2,\"name\":\"Shop\",\"item\":\"https:\/\/fumot.uk\/shop\/\"},{\"@type\":\"ListItem\",\"position\":3,\"name\":\"JNR RageGorilla 55000 Puffs Blueberry Raspberry Cherry Disposable Vape (42ml, 950mAh, Dual Mesh, Type\u2011C)\"}]},{\"@type\":\"WebSite\",\"@id\":\"https:\/\/fumot.uk\/#website\",\"url\":\"https:\/\/fumot.uk\/\",\"name\":\"Fumot Official Direct | Straight from the Factory, 100% Genuine\",\"description\":\"Official Website\",\"publisher\":{\"@id\":\"https:\/\/fumot.uk\/#organization\"},\"potentialAction\":[{\"@type\":\"SearchAction\",\"target\":{\"@type\":\"EntryPoint\",\"urlTemplate\":\"https:\/\/fumot.uk\/?s={search_term_string}\"},\"query-input\":{\"@type\":\"PropertyValueSpecification\",\"valueRequired\":true,\"valueName\":\"search_term_string\"}}],\"inLanguage\":\"de\"},{\"@type\":\"Organization\",\"@id\":\"https:\/\/fumot.uk\/#organization\",\"name\":\"Fumot Official Direct | Straight from the Factory, 100% Genuine\",\"url\":\"https:\/\/fumot.uk\/\",\"logo\":{\"@type\":\"ImageObject\",\"inLanguage\":\"de\",\"@id\":\"https:\/\/fumot.uk\/#\/schema\/logo\/image\/\",\"url\":\"https:\/\/fumot.uk\/wp-content\/uploads\/2026\/01\/cropped-fumot-logo1.png\",\"contentUrl\":\"https:\/\/fumot.uk\/wp-content\/uploads\/2026\/01\/cropped-fumot-logo1.png\",\"width\":152,\"height\":106,\"caption\":\"Fumot Official Direct | Straight from the Factory, 100% Genuine\"},\"image\":{\"@id\":\"https:\/\/fumot.uk\/#\/schema\/logo\/image\/\"}}]}<\/script>\n<!-- \/ Yoast SEO plugin. -->","yoast_head_json":{"title":"JNR RageGorilla 55000 Blaubeere Himbeere Kirsche E-Zigaretten","description":"JNR RageGorilla 55000 Z\u00fcge Blaubeere Himbeere Kirsche: 42ml, 950mAh wiederaufladbar, Dual Mesh Coil, Smart Display, Typ\u2011C Schnellladung. 2%\/5% Nikotin.","robots":{"index":"index","follow":"follow","max-snippet":"max-snippet:-1","max-image-preview":"max-image-preview:large","max-video-preview":"max-video-preview:-1"},"canonical":"https:\/\/fumot.uk\/de\/product\/blueberry-raspberry-cherry-jnr-ragegorilla-55000-puffs\/","og_locale":"de_DE","og_type":"article","og_title":"Blueberry Raspberry Cherry | JNR RageGorilla 55000 Puffs","og_description":"A smooth, layered blueberry-raspberry-cherry vape with 42ml e-liquid, Dual Mesh Coil, 950mAh rechargeable battery, Smart Display, and Type\u2011C charging.","og_url":"https:\/\/fumot.uk\/de\/product\/blueberry-raspberry-cherry-jnr-ragegorilla-55000-puffs\/","og_site_name":"Fumot Official Direct | Straight from the Factory, 100% Genuine","article_modified_time":"2026-01-21T06:28:28+00:00","og_image":[{"width":800,"height":800,"url":"https:\/\/fumot.uk\/wp-content\/uploads\/2026\/01\/6-Blueberry-Raspberry-Cherry.jpg","type":"image\/jpeg"}],"twitter_card":"summary_large_image","twitter_misc":{"Gesch\u00e4tzte Lesezeit":"1\u00a0Minute"},"schema":{"@context":"https:\/\/schema.org","@graph":[{"@type":"WebPage","@id":"https:\/\/fumot.uk\/product\/blueberry-raspberry-cherry-jnr-ragegorilla-55000-puffs\/","url":"https:\/\/fumot.uk\/product\/blueberry-raspberry-cherry-jnr-ragegorilla-55000-puffs\/","name":"JNR RageGorilla 55000 Blaubeere Himbeere Kirsche E-Zigaretten","isPartOf":{"@id":"https:\/\/fumot.uk\/#website"},"primaryImageOfPage":{"@id":"https:\/\/fumot.uk\/product\/blueberry-raspberry-cherry-jnr-ragegorilla-55000-puffs\/#primaryimage"},"image":{"@id":"https:\/\/fumot.uk\/product\/blueberry-raspberry-cherry-jnr-ragegorilla-55000-puffs\/#primaryimage"},"thumbnailUrl":"https:\/\/fumot.uk\/wp-content\/uploads\/2026\/01\/6-Blueberry-Raspberry-Cherry.jpg","datePublished":"2026-01-21T04:11:14+00:00","dateModified":"2026-01-21T06:28:28+00:00","description":"JNR RageGorilla 55000 Z\u00fcge Blaubeere Himbeere Kirsche: 42ml, 950mAh wiederaufladbar, Dual Mesh Coil, Smart Display, Typ\u2011C Schnellladung. 2%\/5% Nikotin.","breadcrumb":{"@id":"https:\/\/fumot.uk\/product\/blueberry-raspberry-cherry-jnr-ragegorilla-55000-puffs\/#breadcrumb"},"inLanguage":"de","potentialAction":[{"@type":"ReadAction","target":["https:\/\/fumot.uk\/product\/blueberry-raspberry-cherry-jnr-ragegorilla-55000-puffs\/"]}]},{"@type":"ImageObject","inLanguage":"de","@id":"https:\/\/fumot.uk\/product\/blueberry-raspberry-cherry-jnr-ragegorilla-55000-puffs\/#primaryimage","url":"https:\/\/fumot.uk\/wp-content\/uploads\/2026\/01\/6-Blueberry-Raspberry-Cherry.jpg","contentUrl":"https:\/\/fumot.uk\/wp-content\/uploads\/2026\/01\/6-Blueberry-Raspberry-Cherry.jpg","width":800,"height":800},{"@type":"BreadcrumbList","@id":"https:\/\/fumot.uk\/product\/blueberry-raspberry-cherry-jnr-ragegorilla-55000-puffs\/#breadcrumb","itemListElement":[{"@type":"ListItem","position":1,"name":"Home","item":"https:\/\/fumot.uk\/"},{"@type":"ListItem","position":2,"name":"Shop","item":"https:\/\/fumot.uk\/shop\/"},{"@type":"ListItem","position":3,"name":"JNR RageGorilla 55000 Puffs Blueberry Raspberry Cherry Disposable Vape (42ml, 950mAh, Dual Mesh, Type\u2011C)"}]},{"@type":"WebSite","@id":"https:\/\/fumot.uk\/#website","url":"https:\/\/fumot.uk\/","name":"Fumot Offizieller Direkt | Direkt aus der Fabrik, 100% Original","description":"Offizielle Webseite","publisher":{"@id":"https:\/\/fumot.uk\/#organization"},"potentialAction":[{"@type":"SearchAction","target":{"@type":"EntryPoint","urlTemplate":"https:\/\/fumot.uk\/?s={search_term_string}"},"query-input":{"@type":"PropertyValueSpecification","valueRequired":true,"valueName":"search_term_string"}}],"inLanguage":"de"},{"@type":"Organization","@id":"https:\/\/fumot.uk\/#organization","name":"Fumot Offizieller Direkt | Direkt aus der Fabrik, 100% Original","url":"https:\/\/fumot.uk\/","logo":{"@type":"ImageObject","inLanguage":"de","@id":"https:\/\/fumot.uk\/#\/schema\/logo\/image\/","url":"https:\/\/fumot.uk\/wp-content\/uploads\/2026\/01\/cropped-fumot-logo1.png","contentUrl":"https:\/\/fumot.uk\/wp-content\/uploads\/2026\/01\/cropped-fumot-logo1.png","width":152,"height":106,"caption":"Fumot Official Direct | Straight from the Factory, 100% Genuine"},"image":{"@id":"https:\/\/fumot.uk\/#\/schema\/logo\/image\/"}}]}},"_links":{"self":[{"href":"https:\/\/fumot.uk\/de\/wp-json\/wp\/v2\/product\/4525","targetHints":{"allow":["GET"]}}],"collection":[{"href":"https:\/\/fumot.uk\/de\/wp-json\/wp\/v2\/product"}],"about":[{"href":"https:\/\/fumot.uk\/de\/wp-json\/wp\/v2\/types\/product"}],"replies":[{"embeddable":true,"href":"https:\/\/fumot.uk\/de\/wp-json\/wp\/v2\/comments?post=4525"}],"wp:featuredmedia":[{"embeddable":true,"href":"https:\/\/fumot.uk\/de\/wp-json\/wp\/v2\/media\/4554"}],"wp:attachment":[{"href":"https:\/\/fumot.uk\/de\/wp-json\/wp\/v2\/media?parent=4525"}],"wp:term":[{"taxonomy":"product_brand","embeddable":true,"href":"https:\/\/fumot.uk\/de\/wp-json\/wp\/v2\/product_brand?post=4525"},{"taxonomy":"product_cat","embeddable":true,"href":"https:\/\/fumot.uk\/de\/wp-json\/wp\/v2\/product_cat?post=4525"},{"taxonomy":"product_tag","embeddable":true,"href":"https:\/\/fumot.uk\/de\/wp-json\/wp\/v2\/product_tag?post=4525"}],"curies":[{"name":"wp","href":"https:\/\/api.w.org\/{rel}","templated":true}]}}