{"id":4518,"date":"2026-01-21T04:11:12","date_gmt":"2026-01-21T04:11:12","guid":{"rendered":"https:\/\/fumot.uk\/?post_type=product&#038;p=4518"},"modified":"2026-01-21T06:32:00","modified_gmt":"2026-01-21T06:32:00","slug":"hawaii-jnr-tank-pro-33000-puffs","status":"publish","type":"product","link":"https:\/\/fumot.uk\/de\/product\/hawaii-jnr-tank-pro-33000-puffs\/","title":{"rendered":"JNR TANK PRO 33000 Z\u00fcge Hawaii \u2013 Tropische Fr\u00fcchte Eis Einweg-E-Zigaretten (28ml, Dual Mesh, LED Display, Type\u2011C, 850mAh)"},"content":{"rendered":"<h2>JNR TANK PRO 33000 Z\u00fcge \u2013 Hawaii Geschmack<\/h2>\n<p><strong>Hawaii<\/strong> in der JNR TANK PRO Serie ist eine leuchtende, tropische Fruchtmischung mit einem klaren, k\u00fchlenden Abgang. Erwarte saftige, sonnenverw\u00f6hnte Fruchtnoten beim Einatmen, gefolgt von einem erfrischenden eisigen Ausatmen, das den Geschmack knackig und vielschichtig h\u00e4lt\u2014ideal, wenn du s\u00fc\u00dfe tropische Profile magst, ohne sich schwer anzuf\u00fchlen.<\/p>\n<h3>Hawaii Geschmacksprofil: Tropisch, S\u00fc\u00df &amp; Erfrischend K\u00fchl<\/h3>\n<p>Der <strong>JNR TANK PRO 33000 Z\u00fcge Hawaii<\/strong> Geschmack kombiniert die saftige S\u00fc\u00dfe von gemischten tropischen Fr\u00fcchten mit einem leichten K\u00fchlgef\u00fchl. Das Aroma \u00f6ffnet sich k\u00fchn und fruchtig und setzt sich dann in einen glatten, gek\u00fchlten Nachgeschmack f\u00fcr ein einfaches, ganzt\u00e4giges E-Zigaretten-Erlebnis.<\/p>\n<h3>Warum Sie den JNR TANK PRO 33000 m\u00f6gen werden<\/h3>\n<ul>\n<li><strong>Bis zu 33000 Z\u00fcge<\/strong> f\u00fcr verl\u00e4ngerte Nutzung<\/li>\n<li><strong>Echtes 28ml E-Liquid<\/strong> Kapazit\u00e4t<\/li>\n<li><strong>Dual-Mesh-Spule<\/strong> f\u00fcr konsistenten Geschmack und dichten Dampf<\/li>\n<li><strong>LED-Anzeige (Smart Screen)<\/strong> zeigt Batterie- und E-Liquid-Level klar an<\/li>\n<li><strong>Leistungsanpassung<\/strong>: 15W \/ 20W<\/li>\n<li><strong>850mAh wiederaufladbaren Akku<\/strong> mit <strong>Type\u2011C<\/strong> schnelles Laden<\/li>\n<li><strong>Nikotinoptionen<\/strong>: 2% \/ 5%<\/li>\n<\/ul>\n<h3>Entdecken Sie mehr Geschmacksrichtungen auf fumot.uk<\/h3>\n<p>M\u00f6chten Sie mehr Optionen in derselben Serie vergleichen? Durchsuchen Sie die gesamte Kollektion hier: <a href=\"https:\/\/fumot.uk\/de\/product-category\/jnr-tank-pro-33000-puffs\/\"><strong>JNR TANK PRO 33000 Z\u00fcge<\/strong><\/a>.<\/p>\n<p><strong>Hinweis:<\/strong> Die Anzahl der Z\u00fcge kann je nach Nutzungsgewohnheiten variieren (Zugl\u00e4nge und Leistungseinstellung).<\/p>","protected":false},"excerpt":{"rendered":"<p>Hawaii-Geschmack f\u00fcr JNR TANK PRO 33000: tropische gemischte Fruchts\u00fc\u00dfe mit einem k\u00fchlen, erfrischenden Abgang. 28ml, Dual Mesh Coil, LED-Anzeige, 850mAh Type\u2011C wiederaufladbar, 15W\/20W, 2%\/5% Nikotin.<\/p>","protected":false},"featured_media":4548,"comment_status":"open","ping_status":"closed","template":"","meta":[],"product_brand":[],"product_cat":[217,218,17],"product_tag":[70,124,71,20,21,22,36,72,23,73,26,62],"class_list":{"0":"post-4518","1":"product","2":"type-product","3":"status-publish","4":"has-post-thumbnail","6":"product_cat-33000-puff","7":"product_cat-jnr-tank-pro-33000-puffs","8":"product_cat-vape","9":"product_tag-2-nikotin","10":"product_tag-28ml","11":"product_tag-5-nikotin","12":"product_tag-850mah","13":"product_tag-adjustable-airflow","14":"product_tag-blue-razz","15":"product_tag-cherry","16":"product_tag-direct-to-lung","17":"product_tag-display","18":"product_tag-dual-mesh","19":"product_tag-rechargeable","20":"product_tag-sale-vape","22":"first","23":"instock","24":"sale","25":"shipping-taxable","26":"purchasable","27":"product-type-variable","28":"has-default-attributes"},"yoast_head":"<!-- This site is optimized with the Yoast SEO plugin v26.8 - https:\/\/yoast.com\/product\/yoast-seo-wordpress\/ -->\n<title>JNR TANK PRO 33000 Hawaii | 28ml, Dual Mesh, Type\u2011C<\/title>\n<meta name=\"description\" content=\"JNR TANK PRO 33000 Puffs Hawaii: tropical fruit with an icy finish. 28ml e-liquid, Dual Mesh Coil, LED display, 850mAh Type\u2011C rechargeable. 2%\/5%.\" \/>\n<meta name=\"robots\" content=\"index, follow, max-snippet:-1, max-image-preview:large, max-video-preview:-1\" \/>\n<link rel=\"canonical\" href=\"https:\/\/fumot.uk\/de\/product\/hawaii-jnr-tank-pro-33000-puffs\/\" \/>\n<meta property=\"og:locale\" content=\"de_DE\" \/>\n<meta property=\"og:type\" content=\"article\" \/>\n<meta property=\"og:title\" content=\"JNR TANK PRO 33000 Puffs \u2013 Hawaii Tropical Fruit Ice\" \/>\n<meta property=\"og:description\" content=\"A lively tropical fruit blend with a cool, clean finish\u2014powered by Dual Mesh Coil, 28ml e-liquid, LED smart screen, and Type\u2011C rechargeable 850mAh battery.\" \/>\n<meta property=\"og:url\" content=\"https:\/\/fumot.uk\/de\/product\/hawaii-jnr-tank-pro-33000-puffs\/\" \/>\n<meta property=\"og:site_name\" content=\"Fumot Official Direct | Straight from the Factory, 100% Genuine\" \/>\n<meta property=\"article:modified_time\" content=\"2026-01-21T06:32:00+00:00\" \/>\n<meta property=\"og:image\" content=\"https:\/\/fumot.uk\/wp-content\/uploads\/2026\/01\/Blue-Razz-Cherry-JNR-TANK-PRO-33000-Puffs-Disposable-Vape.jpg\" \/>\n\t<meta property=\"og:image:width\" content=\"800\" \/>\n\t<meta property=\"og:image:height\" content=\"800\" \/>\n\t<meta property=\"og:image:type\" content=\"image\/jpeg\" \/>\n<meta name=\"twitter:card\" content=\"summary_large_image\" \/>\n<meta name=\"twitter:label1\" content=\"Gesch\u00e4tzte Lesezeit\" \/>\n\t<meta name=\"twitter:data1\" content=\"1\u00a0Minute\" \/>\n<script type=\"application\/ld+json\" class=\"yoast-schema-graph\">{\"@context\":\"https:\/\/schema.org\",\"@graph\":[{\"@type\":\"WebPage\",\"@id\":\"https:\/\/fumot.uk\/product\/hawaii-jnr-tank-pro-33000-puffs\/\",\"url\":\"https:\/\/fumot.uk\/product\/hawaii-jnr-tank-pro-33000-puffs\/\",\"name\":\"JNR TANK PRO 33000 Hawaii | 28ml, Dual Mesh, Type\u2011C\",\"isPartOf\":{\"@id\":\"https:\/\/fumot.uk\/#website\"},\"primaryImageOfPage\":{\"@id\":\"https:\/\/fumot.uk\/product\/hawaii-jnr-tank-pro-33000-puffs\/#primaryimage\"},\"image\":{\"@id\":\"https:\/\/fumot.uk\/product\/hawaii-jnr-tank-pro-33000-puffs\/#primaryimage\"},\"thumbnailUrl\":\"https:\/\/fumot.uk\/wp-content\/uploads\/2026\/01\/Blue-Razz-Cherry-JNR-TANK-PRO-33000-Puffs-Disposable-Vape.jpg\",\"datePublished\":\"2026-01-21T04:11:12+00:00\",\"dateModified\":\"2026-01-21T06:32:00+00:00\",\"description\":\"JNR TANK PRO 33000 Puffs Hawaii: tropical fruit with an icy finish. 28ml e-liquid, Dual Mesh Coil, LED display, 850mAh Type\u2011C rechargeable. 2%\/5%.\",\"breadcrumb\":{\"@id\":\"https:\/\/fumot.uk\/product\/hawaii-jnr-tank-pro-33000-puffs\/#breadcrumb\"},\"inLanguage\":\"de\",\"potentialAction\":[{\"@type\":\"ReadAction\",\"target\":[\"https:\/\/fumot.uk\/product\/hawaii-jnr-tank-pro-33000-puffs\/\"]}]},{\"@type\":\"ImageObject\",\"inLanguage\":\"de\",\"@id\":\"https:\/\/fumot.uk\/product\/hawaii-jnr-tank-pro-33000-puffs\/#primaryimage\",\"url\":\"https:\/\/fumot.uk\/wp-content\/uploads\/2026\/01\/Blue-Razz-Cherry-JNR-TANK-PRO-33000-Puffs-Disposable-Vape.jpg\",\"contentUrl\":\"https:\/\/fumot.uk\/wp-content\/uploads\/2026\/01\/Blue-Razz-Cherry-JNR-TANK-PRO-33000-Puffs-Disposable-Vape.jpg\",\"width\":800,\"height\":800},{\"@type\":\"BreadcrumbList\",\"@id\":\"https:\/\/fumot.uk\/product\/hawaii-jnr-tank-pro-33000-puffs\/#breadcrumb\",\"itemListElement\":[{\"@type\":\"ListItem\",\"position\":1,\"name\":\"Home\",\"item\":\"https:\/\/fumot.uk\/\"},{\"@type\":\"ListItem\",\"position\":2,\"name\":\"Shop\",\"item\":\"https:\/\/fumot.uk\/shop\/\"},{\"@type\":\"ListItem\",\"position\":3,\"name\":\"JNR TANK PRO 33000 Puffs Hawaii \u2013 Tropical Fruit Ice Disposable Vape (28ml, Dual Mesh, LED Display, Type\u2011C, 850mAh)\"}]},{\"@type\":\"WebSite\",\"@id\":\"https:\/\/fumot.uk\/#website\",\"url\":\"https:\/\/fumot.uk\/\",\"name\":\"Fumot Official Direct | Straight from the Factory, 100% Genuine\",\"description\":\"Official Website\",\"publisher\":{\"@id\":\"https:\/\/fumot.uk\/#organization\"},\"potentialAction\":[{\"@type\":\"SearchAction\",\"target\":{\"@type\":\"EntryPoint\",\"urlTemplate\":\"https:\/\/fumot.uk\/?s={search_term_string}\"},\"query-input\":{\"@type\":\"PropertyValueSpecification\",\"valueRequired\":true,\"valueName\":\"search_term_string\"}}],\"inLanguage\":\"de\"},{\"@type\":\"Organization\",\"@id\":\"https:\/\/fumot.uk\/#organization\",\"name\":\"Fumot Official Direct | Straight from the Factory, 100% Genuine\",\"url\":\"https:\/\/fumot.uk\/\",\"logo\":{\"@type\":\"ImageObject\",\"inLanguage\":\"de\",\"@id\":\"https:\/\/fumot.uk\/#\/schema\/logo\/image\/\",\"url\":\"https:\/\/fumot.uk\/wp-content\/uploads\/2026\/01\/cropped-fumot-logo1.png\",\"contentUrl\":\"https:\/\/fumot.uk\/wp-content\/uploads\/2026\/01\/cropped-fumot-logo1.png\",\"width\":152,\"height\":106,\"caption\":\"Fumot Official Direct | Straight from the Factory, 100% Genuine\"},\"image\":{\"@id\":\"https:\/\/fumot.uk\/#\/schema\/logo\/image\/\"}}]}<\/script>\n<!-- \/ Yoast SEO plugin. -->","yoast_head_json":{"title":"JNR TANK PRO 33000 Hawaii | 28ml, Dual Mesh, Typ\u2011C","description":"JNR TANK PRO 33000 Z\u00fcge Hawaii: tropische Fr\u00fcchte mit einem eisigen Finish. 28ml E-Liquid, Dual Mesh Coil, LED-Anzeige, 850mAh Typ\u2011C wiederaufladbar. 2%\/5%.","robots":{"index":"index","follow":"follow","max-snippet":"max-snippet:-1","max-image-preview":"max-image-preview:large","max-video-preview":"max-video-preview:-1"},"canonical":"https:\/\/fumot.uk\/de\/product\/hawaii-jnr-tank-pro-33000-puffs\/","og_locale":"de_DE","og_type":"article","og_title":"JNR TANK PRO 33000 Puffs \u2013 Hawaii Tropical Fruit Ice","og_description":"A lively tropical fruit blend with a cool, clean finish\u2014powered by Dual Mesh Coil, 28ml e-liquid, LED smart screen, and Type\u2011C rechargeable 850mAh battery.","og_url":"https:\/\/fumot.uk\/de\/product\/hawaii-jnr-tank-pro-33000-puffs\/","og_site_name":"Fumot Official Direct | Straight from the Factory, 100% Genuine","article_modified_time":"2026-01-21T06:32:00+00:00","og_image":[{"width":800,"height":800,"url":"https:\/\/fumot.uk\/wp-content\/uploads\/2026\/01\/Blue-Razz-Cherry-JNR-TANK-PRO-33000-Puffs-Disposable-Vape.jpg","type":"image\/jpeg"}],"twitter_card":"summary_large_image","twitter_misc":{"Gesch\u00e4tzte Lesezeit":"1\u00a0Minute"},"schema":{"@context":"https:\/\/schema.org","@graph":[{"@type":"WebPage","@id":"https:\/\/fumot.uk\/product\/hawaii-jnr-tank-pro-33000-puffs\/","url":"https:\/\/fumot.uk\/product\/hawaii-jnr-tank-pro-33000-puffs\/","name":"JNR TANK PRO 33000 Hawaii | 28ml, Dual Mesh, Typ\u2011C","isPartOf":{"@id":"https:\/\/fumot.uk\/#website"},"primaryImageOfPage":{"@id":"https:\/\/fumot.uk\/product\/hawaii-jnr-tank-pro-33000-puffs\/#primaryimage"},"image":{"@id":"https:\/\/fumot.uk\/product\/hawaii-jnr-tank-pro-33000-puffs\/#primaryimage"},"thumbnailUrl":"https:\/\/fumot.uk\/wp-content\/uploads\/2026\/01\/Blue-Razz-Cherry-JNR-TANK-PRO-33000-Puffs-Disposable-Vape.jpg","datePublished":"2026-01-21T04:11:12+00:00","dateModified":"2026-01-21T06:32:00+00:00","description":"JNR TANK PRO 33000 Z\u00fcge Hawaii: tropische Fr\u00fcchte mit einem eisigen Finish. 28ml E-Liquid, Dual Mesh Coil, LED-Anzeige, 850mAh Typ\u2011C wiederaufladbar. 2%\/5%.","breadcrumb":{"@id":"https:\/\/fumot.uk\/product\/hawaii-jnr-tank-pro-33000-puffs\/#breadcrumb"},"inLanguage":"de","potentialAction":[{"@type":"ReadAction","target":["https:\/\/fumot.uk\/product\/hawaii-jnr-tank-pro-33000-puffs\/"]}]},{"@type":"ImageObject","inLanguage":"de","@id":"https:\/\/fumot.uk\/product\/hawaii-jnr-tank-pro-33000-puffs\/#primaryimage","url":"https:\/\/fumot.uk\/wp-content\/uploads\/2026\/01\/Blue-Razz-Cherry-JNR-TANK-PRO-33000-Puffs-Disposable-Vape.jpg","contentUrl":"https:\/\/fumot.uk\/wp-content\/uploads\/2026\/01\/Blue-Razz-Cherry-JNR-TANK-PRO-33000-Puffs-Disposable-Vape.jpg","width":800,"height":800},{"@type":"BreadcrumbList","@id":"https:\/\/fumot.uk\/product\/hawaii-jnr-tank-pro-33000-puffs\/#breadcrumb","itemListElement":[{"@type":"ListItem","position":1,"name":"Home","item":"https:\/\/fumot.uk\/"},{"@type":"ListItem","position":2,"name":"Shop","item":"https:\/\/fumot.uk\/shop\/"},{"@type":"ListItem","position":3,"name":"JNR TANK PRO 33000 Puffs Hawaii \u2013 Tropical Fruit Ice Disposable Vape (28ml, Dual Mesh, LED Display, Type\u2011C, 850mAh)"}]},{"@type":"WebSite","@id":"https:\/\/fumot.uk\/#website","url":"https:\/\/fumot.uk\/","name":"Fumot Offizieller Direkt | Direkt aus der Fabrik, 100% Original","description":"Offizielle Webseite","publisher":{"@id":"https:\/\/fumot.uk\/#organization"},"potentialAction":[{"@type":"SearchAction","target":{"@type":"EntryPoint","urlTemplate":"https:\/\/fumot.uk\/?s={search_term_string}"},"query-input":{"@type":"PropertyValueSpecification","valueRequired":true,"valueName":"search_term_string"}}],"inLanguage":"de"},{"@type":"Organization","@id":"https:\/\/fumot.uk\/#organization","name":"Fumot Offizieller Direkt | Direkt aus der Fabrik, 100% Original","url":"https:\/\/fumot.uk\/","logo":{"@type":"ImageObject","inLanguage":"de","@id":"https:\/\/fumot.uk\/#\/schema\/logo\/image\/","url":"https:\/\/fumot.uk\/wp-content\/uploads\/2026\/01\/cropped-fumot-logo1.png","contentUrl":"https:\/\/fumot.uk\/wp-content\/uploads\/2026\/01\/cropped-fumot-logo1.png","width":152,"height":106,"caption":"Fumot Official Direct | Straight from the Factory, 100% Genuine"},"image":{"@id":"https:\/\/fumot.uk\/#\/schema\/logo\/image\/"}}]}},"_links":{"self":[{"href":"https:\/\/fumot.uk\/de\/wp-json\/wp\/v2\/product\/4518","targetHints":{"allow":["GET"]}}],"collection":[{"href":"https:\/\/fumot.uk\/de\/wp-json\/wp\/v2\/product"}],"about":[{"href":"https:\/\/fumot.uk\/de\/wp-json\/wp\/v2\/types\/product"}],"replies":[{"embeddable":true,"href":"https:\/\/fumot.uk\/de\/wp-json\/wp\/v2\/comments?post=4518"}],"wp:featuredmedia":[{"embeddable":true,"href":"https:\/\/fumot.uk\/de\/wp-json\/wp\/v2\/media\/4548"}],"wp:attachment":[{"href":"https:\/\/fumot.uk\/de\/wp-json\/wp\/v2\/media?parent=4518"}],"wp:term":[{"taxonomy":"product_brand","embeddable":true,"href":"https:\/\/fumot.uk\/de\/wp-json\/wp\/v2\/product_brand?post=4518"},{"taxonomy":"product_cat","embeddable":true,"href":"https:\/\/fumot.uk\/de\/wp-json\/wp\/v2\/product_cat?post=4518"},{"taxonomy":"product_tag","embeddable":true,"href":"https:\/\/fumot.uk\/de\/wp-json\/wp\/v2\/product_tag?post=4518"}],"curies":[{"name":"wp","href":"https:\/\/api.w.org\/{rel}","templated":true}]}}