{"id":4489,"date":"2026-01-21T04:10:47","date_gmt":"2026-01-21T04:10:47","guid":{"rendered":"https:\/\/fumot.uk\/?post_type=product&#038;p=4489"},"modified":"2026-01-21T06:40:29","modified_gmt":"2026-01-21T06:40:29","slug":"strawberry-lce-jnr-tank-pro-33000-puffs","status":"publish","type":"product","link":"https:\/\/fumot.uk\/de\/product\/strawberry-lce-jnr-tank-pro-33000-puffs\/","title":{"rendered":"JNR TANK PRO 33000 Z\u00fcge Erdbeer-Eis Einweg-E-Zigaretten (28ml, Dual Mesh, LED, Typ\u2011C)"},"content":{"rendered":"<h2>JNR TANK PRO 33000 Z\u00fcge \u2013 Erdbeer-Eis<\/h2>\n<p>Treffen Sie <strong>Erdbeer Eis<\/strong> im <strong>JNR TANK PRO 33000 Z\u00fcge<\/strong> Serie: ein heller, s\u00fc\u00dfes Erdbeer-Inhalieren, gefolgt von einem sauberen, k\u00fchlenden Abschluss, der jeden Zug frisch h\u00e4lt. Es ist ein glattes, fruchtiges \u201cEis\u201d-Profil, das f\u00fcr ganzt\u00e4giges Vaping gemacht ist\u2014s\u00fc\u00df, ohne schwer zu wirken, und k\u00fchl, ohne die Frucht zu \u00fcbert\u00f6nen.<\/p>\n<h3>Geschmacksprofil: Fruchtig S\u00fc\u00df &amp; Erfrischend K\u00fchl<\/h3>\n<ul>\n<li><strong>Einatmen:<\/strong> saftige Erdbeer-S\u00fc\u00dfe mit einem lebendigen Beerenaroma<\/li>\n<li><strong>Ausatmen:<\/strong> eine frische eisige Note, die den Geschmack hebt und einen sauberen Abschluss hinterl\u00e4sst<\/li>\n<li><strong>Insgesamt:<\/strong> ausgewogene Erdbeere + k\u00fchlendes Gef\u00fchl f\u00fcr einen geschichteten, erfrischenden Geschmack<\/li>\n<\/ul>\n<h3>Warum Sie den JNR TANK PRO 33000 m\u00f6gen werden<\/h3>\n<p>F\u00fcr Konsistenz gebaut, erhitzt die <strong>Dual-Mesh-Spule<\/strong> hilft, gleichm\u00e4\u00dfige Erw\u00e4rmung und volleren Geschmack \u00fcber die Lebensdauer des Ger\u00e4ts zu liefern. Das <strong>intelligente LED-Anzeige<\/strong> macht es einfach, beide <strong>Batterie<\/strong> und <strong>E-Liquid<\/strong> Pegel auf einen Blick zu verfolgen, sodass Sie nicht mitten in der Sitzung raten m\u00fcssen. Wenn es Zeit zum Aufladen ist, h\u00e4lt der <strong>Type\u2011C<\/strong> Anschluss die Dinge einfach.<\/p>\n<h3>Hauptmerkmale<\/h3>\n<ul>\n<li><strong>Z\u00fcge:<\/strong> bis zu 33.000 Z\u00fcge<\/li>\n<li><strong>E-Liquid Kapazit\u00e4t:<\/strong> 28ml (real)<\/li>\n<li><strong>Nikotinoptionen:<\/strong> 2% \/ 5%<\/li>\n<li><strong>Spule:<\/strong> Dual-Mesh-Spule<\/li>\n<li><strong>Batterie:<\/strong> 850mAh<\/li>\n<li><strong>Laden:<\/strong> Typ\u2011C wiederaufladbar<\/li>\n<li><strong>Display:<\/strong> LED-Smart-Bildschirm (Batterie- &amp; E-Liquid-Anzeigen)<\/li>\n<li><strong>Leistungsanpassung:<\/strong> 15W \/ 20W<\/li>\n<\/ul>\n<h3>Entdecken Sie weitere Geschmacksrichtungen<\/h3>\n<p>M\u00f6chten Sie andere Optionen in derselben Reihe vergleichen? Durchsuchen Sie die vollst\u00e4ndige <a href=\"https:\/\/fumot.uk\/de\/product-category\/jnr-tank-pro-33000-puffs\/\"><strong>JNR TANK PRO 33000 Z\u00fcge Kollektion<\/strong><\/a> auf fumot.uk, um Ihren n\u00e4chsten Favoriten zu finden.<\/p>\n<p><strong>Preis:<\/strong> 12.44<\/p>","protected":false},"excerpt":{"rendered":"<p>JNR TANK PRO 33000 Z\u00fcge Strawberry Ice Einweg-E-Zigaretten mit 28ml E-Liquid, Dual Mesh Coil, LED-Anzeige, 850mAh Akku und Typ-C-Ladung. Nikotin: 2%\/5%.<\/p>","protected":false},"featured_media":4510,"comment_status":"open","ping_status":"closed","template":"","meta":[],"product_brand":[],"product_cat":[217,218,17],"product_tag":[70,124,71,20,21,72,23,73,29,26,62,37],"class_list":{"0":"post-4489","1":"product","2":"type-product","3":"status-publish","4":"has-post-thumbnail","6":"product_cat-33000-puff","7":"product_cat-jnr-tank-pro-33000-puffs","8":"product_cat-vape","9":"product_tag-2-nikotin","10":"product_tag-28ml","11":"product_tag-5-nikotin","12":"product_tag-850mah","13":"product_tag-adjustable-airflow","14":"product_tag-direct-to-lung","15":"product_tag-display","16":"product_tag-dual-mesh","17":"product_tag-ice","18":"product_tag-rechargeable","19":"product_tag-sale-vape","20":"product_tag-strawberry","22":"first","23":"instock","24":"sale","25":"shipping-taxable","26":"purchasable","27":"product-type-variable","28":"has-default-attributes"},"yoast_head":"<!-- This site is optimized with the Yoast SEO plugin v26.8 - https:\/\/yoast.com\/product\/yoast-seo-wordpress\/ -->\n<title>JNR TANK PRO 33000 Strawberry Ice | 28ml, LED, Type\u2011C<\/title>\n<meta name=\"description\" content=\"Strawberry Ice JNR TANK PRO 33000 Puffs: sweet strawberry with a cool finish. 28ml, Dual Mesh, LED screen, 850mAh, Type\u2011C. 2%\/5% nicotine.\" \/>\n<meta name=\"robots\" content=\"index, follow, max-snippet:-1, max-image-preview:large, max-video-preview:-1\" \/>\n<link rel=\"canonical\" href=\"https:\/\/fumot.uk\/de\/product\/strawberry-lce-jnr-tank-pro-33000-puffs\/\" \/>\n<meta property=\"og:locale\" content=\"de_DE\" \/>\n<meta property=\"og:type\" content=\"article\" \/>\n<meta property=\"og:title\" content=\"Strawberry Ice \u2013 JNR TANK PRO 33000 Puffs\" \/>\n<meta property=\"og:description\" content=\"Juicy strawberry sweetness with a refreshing icy finish. Dual Mesh, 28ml, LED display, 850mAh, Type\u2011C charging. Available in 2% or 5% nicotine.\" \/>\n<meta property=\"og:url\" content=\"https:\/\/fumot.uk\/de\/product\/strawberry-lce-jnr-tank-pro-33000-puffs\/\" \/>\n<meta property=\"og:site_name\" content=\"Fumot Official Direct | Straight from the Factory, 100% Genuine\" \/>\n<meta property=\"article:modified_time\" content=\"2026-01-21T06:40:29+00:00\" \/>\n<meta property=\"og:image\" content=\"https:\/\/fumot.uk\/wp-content\/uploads\/2026\/01\/Strawberry-Ice-JNR-TANK-PRO-33000-Puffs-Disposable-Vape.jpg\" \/>\n\t<meta property=\"og:image:width\" content=\"800\" \/>\n\t<meta property=\"og:image:height\" content=\"800\" \/>\n\t<meta property=\"og:image:type\" content=\"image\/jpeg\" \/>\n<meta name=\"twitter:card\" content=\"summary_large_image\" \/>\n<meta name=\"twitter:label1\" content=\"Gesch\u00e4tzte Lesezeit\" \/>\n\t<meta name=\"twitter:data1\" content=\"1\u00a0Minute\" \/>\n<script type=\"application\/ld+json\" class=\"yoast-schema-graph\">{\"@context\":\"https:\/\/schema.org\",\"@graph\":[{\"@type\":\"WebPage\",\"@id\":\"https:\/\/fumot.uk\/product\/strawberry-lce-jnr-tank-pro-33000-puffs\/\",\"url\":\"https:\/\/fumot.uk\/product\/strawberry-lce-jnr-tank-pro-33000-puffs\/\",\"name\":\"JNR TANK PRO 33000 Strawberry Ice | 28ml, LED, Type\u2011C\",\"isPartOf\":{\"@id\":\"https:\/\/fumot.uk\/#website\"},\"primaryImageOfPage\":{\"@id\":\"https:\/\/fumot.uk\/product\/strawberry-lce-jnr-tank-pro-33000-puffs\/#primaryimage\"},\"image\":{\"@id\":\"https:\/\/fumot.uk\/product\/strawberry-lce-jnr-tank-pro-33000-puffs\/#primaryimage\"},\"thumbnailUrl\":\"https:\/\/fumot.uk\/wp-content\/uploads\/2026\/01\/Strawberry-Ice-JNR-TANK-PRO-33000-Puffs-Disposable-Vape.jpg\",\"datePublished\":\"2026-01-21T04:10:47+00:00\",\"dateModified\":\"2026-01-21T06:40:29+00:00\",\"description\":\"Strawberry Ice JNR TANK PRO 33000 Puffs: sweet strawberry with a cool finish. 28ml, Dual Mesh, LED screen, 850mAh, Type\u2011C. 2%\/5% nicotine.\",\"breadcrumb\":{\"@id\":\"https:\/\/fumot.uk\/product\/strawberry-lce-jnr-tank-pro-33000-puffs\/#breadcrumb\"},\"inLanguage\":\"de\",\"potentialAction\":[{\"@type\":\"ReadAction\",\"target\":[\"https:\/\/fumot.uk\/product\/strawberry-lce-jnr-tank-pro-33000-puffs\/\"]}]},{\"@type\":\"ImageObject\",\"inLanguage\":\"de\",\"@id\":\"https:\/\/fumot.uk\/product\/strawberry-lce-jnr-tank-pro-33000-puffs\/#primaryimage\",\"url\":\"https:\/\/fumot.uk\/wp-content\/uploads\/2026\/01\/Strawberry-Ice-JNR-TANK-PRO-33000-Puffs-Disposable-Vape.jpg\",\"contentUrl\":\"https:\/\/fumot.uk\/wp-content\/uploads\/2026\/01\/Strawberry-Ice-JNR-TANK-PRO-33000-Puffs-Disposable-Vape.jpg\",\"width\":800,\"height\":800},{\"@type\":\"BreadcrumbList\",\"@id\":\"https:\/\/fumot.uk\/product\/strawberry-lce-jnr-tank-pro-33000-puffs\/#breadcrumb\",\"itemListElement\":[{\"@type\":\"ListItem\",\"position\":1,\"name\":\"Home\",\"item\":\"https:\/\/fumot.uk\/\"},{\"@type\":\"ListItem\",\"position\":2,\"name\":\"Shop\",\"item\":\"https:\/\/fumot.uk\/shop\/\"},{\"@type\":\"ListItem\",\"position\":3,\"name\":\"JNR TANK PRO 33000 Puffs Strawberry Ice Disposable Vape (28ml, Dual Mesh, LED, Type\u2011C)\"}]},{\"@type\":\"WebSite\",\"@id\":\"https:\/\/fumot.uk\/#website\",\"url\":\"https:\/\/fumot.uk\/\",\"name\":\"Fumot Official Direct | Straight from the Factory, 100% Genuine\",\"description\":\"Official Website\",\"publisher\":{\"@id\":\"https:\/\/fumot.uk\/#organization\"},\"potentialAction\":[{\"@type\":\"SearchAction\",\"target\":{\"@type\":\"EntryPoint\",\"urlTemplate\":\"https:\/\/fumot.uk\/?s={search_term_string}\"},\"query-input\":{\"@type\":\"PropertyValueSpecification\",\"valueRequired\":true,\"valueName\":\"search_term_string\"}}],\"inLanguage\":\"de\"},{\"@type\":\"Organization\",\"@id\":\"https:\/\/fumot.uk\/#organization\",\"name\":\"Fumot Official Direct | Straight from the Factory, 100% Genuine\",\"url\":\"https:\/\/fumot.uk\/\",\"logo\":{\"@type\":\"ImageObject\",\"inLanguage\":\"de\",\"@id\":\"https:\/\/fumot.uk\/#\/schema\/logo\/image\/\",\"url\":\"https:\/\/fumot.uk\/wp-content\/uploads\/2026\/01\/cropped-fumot-logo1.png\",\"contentUrl\":\"https:\/\/fumot.uk\/wp-content\/uploads\/2026\/01\/cropped-fumot-logo1.png\",\"width\":152,\"height\":106,\"caption\":\"Fumot Official Direct | Straight from the Factory, 100% Genuine\"},\"image\":{\"@id\":\"https:\/\/fumot.uk\/#\/schema\/logo\/image\/\"}}]}<\/script>\n<!-- \/ Yoast SEO plugin. -->","yoast_head_json":{"title":"JNR TANK PRO 33000 Erdbeer-Eis | 28ml, LED, Typ\u2011C","description":"Erdbeer-Eis JNR TANK PRO 33000 Z\u00fcge: s\u00fc\u00dfe Erdbeere mit einem k\u00fchlen Abgang. 28ml, Dual Mesh, LED-Bildschirm, 850mAh, Typ\u2011C. 2%\/5% Nikotin.","robots":{"index":"index","follow":"follow","max-snippet":"max-snippet:-1","max-image-preview":"max-image-preview:large","max-video-preview":"max-video-preview:-1"},"canonical":"https:\/\/fumot.uk\/de\/product\/strawberry-lce-jnr-tank-pro-33000-puffs\/","og_locale":"de_DE","og_type":"article","og_title":"Strawberry Ice \u2013 JNR TANK PRO 33000 Puffs","og_description":"Juicy strawberry sweetness with a refreshing icy finish. Dual Mesh, 28ml, LED display, 850mAh, Type\u2011C charging. Available in 2% or 5% nicotine.","og_url":"https:\/\/fumot.uk\/de\/product\/strawberry-lce-jnr-tank-pro-33000-puffs\/","og_site_name":"Fumot Official Direct | Straight from the Factory, 100% Genuine","article_modified_time":"2026-01-21T06:40:29+00:00","og_image":[{"width":800,"height":800,"url":"https:\/\/fumot.uk\/wp-content\/uploads\/2026\/01\/Strawberry-Ice-JNR-TANK-PRO-33000-Puffs-Disposable-Vape.jpg","type":"image\/jpeg"}],"twitter_card":"summary_large_image","twitter_misc":{"Gesch\u00e4tzte Lesezeit":"1\u00a0Minute"},"schema":{"@context":"https:\/\/schema.org","@graph":[{"@type":"WebPage","@id":"https:\/\/fumot.uk\/product\/strawberry-lce-jnr-tank-pro-33000-puffs\/","url":"https:\/\/fumot.uk\/product\/strawberry-lce-jnr-tank-pro-33000-puffs\/","name":"JNR TANK PRO 33000 Erdbeer-Eis | 28ml, LED, Typ\u2011C","isPartOf":{"@id":"https:\/\/fumot.uk\/#website"},"primaryImageOfPage":{"@id":"https:\/\/fumot.uk\/product\/strawberry-lce-jnr-tank-pro-33000-puffs\/#primaryimage"},"image":{"@id":"https:\/\/fumot.uk\/product\/strawberry-lce-jnr-tank-pro-33000-puffs\/#primaryimage"},"thumbnailUrl":"https:\/\/fumot.uk\/wp-content\/uploads\/2026\/01\/Strawberry-Ice-JNR-TANK-PRO-33000-Puffs-Disposable-Vape.jpg","datePublished":"2026-01-21T04:10:47+00:00","dateModified":"2026-01-21T06:40:29+00:00","description":"Erdbeer-Eis JNR TANK PRO 33000 Z\u00fcge: s\u00fc\u00dfe Erdbeere mit einem k\u00fchlen Abgang. 28ml, Dual Mesh, LED-Bildschirm, 850mAh, Typ\u2011C. 2%\/5% Nikotin.","breadcrumb":{"@id":"https:\/\/fumot.uk\/product\/strawberry-lce-jnr-tank-pro-33000-puffs\/#breadcrumb"},"inLanguage":"de","potentialAction":[{"@type":"ReadAction","target":["https:\/\/fumot.uk\/product\/strawberry-lce-jnr-tank-pro-33000-puffs\/"]}]},{"@type":"ImageObject","inLanguage":"de","@id":"https:\/\/fumot.uk\/product\/strawberry-lce-jnr-tank-pro-33000-puffs\/#primaryimage","url":"https:\/\/fumot.uk\/wp-content\/uploads\/2026\/01\/Strawberry-Ice-JNR-TANK-PRO-33000-Puffs-Disposable-Vape.jpg","contentUrl":"https:\/\/fumot.uk\/wp-content\/uploads\/2026\/01\/Strawberry-Ice-JNR-TANK-PRO-33000-Puffs-Disposable-Vape.jpg","width":800,"height":800},{"@type":"BreadcrumbList","@id":"https:\/\/fumot.uk\/product\/strawberry-lce-jnr-tank-pro-33000-puffs\/#breadcrumb","itemListElement":[{"@type":"ListItem","position":1,"name":"Home","item":"https:\/\/fumot.uk\/"},{"@type":"ListItem","position":2,"name":"Shop","item":"https:\/\/fumot.uk\/shop\/"},{"@type":"ListItem","position":3,"name":"JNR TANK PRO 33000 Puffs Strawberry Ice Disposable Vape (28ml, Dual Mesh, LED, Type\u2011C)"}]},{"@type":"WebSite","@id":"https:\/\/fumot.uk\/#website","url":"https:\/\/fumot.uk\/","name":"Fumot Offizieller Direkt | Direkt aus der Fabrik, 100% Original","description":"Offizielle Webseite","publisher":{"@id":"https:\/\/fumot.uk\/#organization"},"potentialAction":[{"@type":"SearchAction","target":{"@type":"EntryPoint","urlTemplate":"https:\/\/fumot.uk\/?s={search_term_string}"},"query-input":{"@type":"PropertyValueSpecification","valueRequired":true,"valueName":"search_term_string"}}],"inLanguage":"de"},{"@type":"Organization","@id":"https:\/\/fumot.uk\/#organization","name":"Fumot Offizieller Direkt | Direkt aus der Fabrik, 100% Original","url":"https:\/\/fumot.uk\/","logo":{"@type":"ImageObject","inLanguage":"de","@id":"https:\/\/fumot.uk\/#\/schema\/logo\/image\/","url":"https:\/\/fumot.uk\/wp-content\/uploads\/2026\/01\/cropped-fumot-logo1.png","contentUrl":"https:\/\/fumot.uk\/wp-content\/uploads\/2026\/01\/cropped-fumot-logo1.png","width":152,"height":106,"caption":"Fumot Official Direct | Straight from the Factory, 100% Genuine"},"image":{"@id":"https:\/\/fumot.uk\/#\/schema\/logo\/image\/"}}]}},"_links":{"self":[{"href":"https:\/\/fumot.uk\/de\/wp-json\/wp\/v2\/product\/4489","targetHints":{"allow":["GET"]}}],"collection":[{"href":"https:\/\/fumot.uk\/de\/wp-json\/wp\/v2\/product"}],"about":[{"href":"https:\/\/fumot.uk\/de\/wp-json\/wp\/v2\/types\/product"}],"replies":[{"embeddable":true,"href":"https:\/\/fumot.uk\/de\/wp-json\/wp\/v2\/comments?post=4489"}],"wp:featuredmedia":[{"embeddable":true,"href":"https:\/\/fumot.uk\/de\/wp-json\/wp\/v2\/media\/4510"}],"wp:attachment":[{"href":"https:\/\/fumot.uk\/de\/wp-json\/wp\/v2\/media?parent=4489"}],"wp:term":[{"taxonomy":"product_brand","embeddable":true,"href":"https:\/\/fumot.uk\/de\/wp-json\/wp\/v2\/product_brand?post=4489"},{"taxonomy":"product_cat","embeddable":true,"href":"https:\/\/fumot.uk\/de\/wp-json\/wp\/v2\/product_cat?post=4489"},{"taxonomy":"product_tag","embeddable":true,"href":"https:\/\/fumot.uk\/de\/wp-json\/wp\/v2\/product_tag?post=4489"}],"curies":[{"name":"wp","href":"https:\/\/api.w.org\/{rel}","templated":true}]}}