{"id":4488,"date":"2026-01-21T04:10:47","date_gmt":"2026-01-21T04:10:47","guid":{"rendered":"https:\/\/fumot.uk\/?post_type=product&#038;p=4488"},"modified":"2026-01-21T06:40:52","modified_gmt":"2026-01-21T06:40:52","slug":"mr-blue-jnr-tank-pro-33000-puffs","status":"publish","type":"product","link":"https:\/\/fumot.uk\/de\/product\/mr-blue-jnr-tank-pro-33000-puffs\/","title":{"rendered":"JNR TANK PRO Mr Blue 33000 Z\u00fcge Einweg-E-Zigaretten | Dual Mesh Coil, 28ml, LED-Display"},"content":{"rendered":"<h2>JNR TANK PRO 33000 Z\u00fcge \u2013 Mr Blue (Beeren &amp; Minze)<\/h2>\n<p><strong>Herr Blau<\/strong> auf der <strong>JNR TANK PRO 33000 Z\u00fcge<\/strong> ist eine knackige, s\u00fc\u00dfe Beerenmischung mit einem k\u00fchlen minzigen Abschluss. Sie werden die saftigen gemischten Beeren beim Einatmen schmecken, gefolgt von einem sauberen, erfrischenden K\u00fchleffekt beim Ausatmen\u2014ausgewogen, hell und den ganzen Tag leicht zu genie\u00dfen.<\/p>\n<h3>Mr Blue Geschmacksprofil<\/h3>\n<ul>\n<li><strong>Einatmen:<\/strong> s\u00fc\u00dfe, reife gemischte Beeren<\/li>\n<li><strong>Ausatmen:<\/strong> sanfter, k\u00fchlender Minzabschluss<\/li>\n<li><strong>Insgesamt:<\/strong> fruchtig, frisch und angenehm k\u00fchl (nicht \u00fcberw\u00e4ltigend)<\/li>\n<\/ul>\n<h3>Warum Sie die JNR TANK PRO Erfahrung m\u00f6gen werden<\/h3>\n<p>Entwickelt f\u00fcr konsistenten Geschmack und gleichm\u00e4\u00dfigen Dampf, der <strong>Dual-Mesh-Spule<\/strong> hilft, jeden Zug voll und geschmeidig zu halten. Der <strong>intelligente LED-Anzeige<\/strong> macht es einfach, den Batteriestand und den E-Liquid-Level zu \u00fcberwachen, w\u00e4hrend der <strong>Typ-C-Schnellladung<\/strong> die Ausfallzeit gering h\u00e4lt. Sie k\u00f6nnen auch die Leistungsausgabe zwischen <strong>15W<\/strong> und <strong>20W<\/strong> um Ihre bevorzugte Intensit\u00e4t anzupassen.<\/p>\n<h3>Hauptmerkmale<\/h3>\n<ul>\n<li><strong>Z\u00fcge:<\/strong> bis zu 33000<\/li>\n<li><strong>E-Liquid-Kapazit\u00e4t:<\/strong> 28ml (real)<\/li>\n<li><strong>Nikotinoptionen:<\/strong> 2% \/ 5%<\/li>\n<li><strong>Spule:<\/strong> Dual-Mesh-Spule<\/li>\n<li><strong>Batterie:<\/strong> 850mAh<\/li>\n<li><strong>Laden:<\/strong> Typ-C<\/li>\n<li><strong>Display:<\/strong> LED-Smart-Bildschirm (Batterie- &amp; E-Liquid-Anzeigen)<\/li>\n<li><strong>Leistungsanpassung:<\/strong> 15W \/ 20W<\/li>\n<\/ul>\n<p>M\u00f6chten Sie mehr Geschmacksrichtungen in dieser Serie erkunden? Besuchen Sie unsere Sammlungsseite auf <a href=\"https:\/\/fumot.uk\/de\/product-category\/jnr-tank-pro-33000-puffs\/\"><strong>fumot.uk<\/strong><\/a> um alle <strong>JNR TANK PRO 33000 Z\u00fcge<\/strong> Optionen zu vergleichen und Ihren n\u00e4chsten Favoriten zu finden.<\/p>","protected":false},"excerpt":{"rendered":"<p>JNR TANK PRO 33000 Z\u00fcge in Mr Blue: s\u00fc\u00dfe gemischte Beeren mit einem k\u00fchlen Minz-Finish. Dual Mesh Coil, 28ml E-Liquid, LED-Anzeige, 850mAh Batterie, Typ-C-Ladung, 15W\/20W.<\/p>","protected":false},"featured_media":4509,"comment_status":"open","ping_status":"closed","template":"","meta":[],"product_brand":[],"product_cat":[217,218,17],"product_tag":[70,124,71,20,21,33,72,23,73,79,26,62],"class_list":{"0":"post-4488","1":"product","2":"type-product","3":"status-publish","4":"has-post-thumbnail","6":"product_cat-33000-puff","7":"product_cat-jnr-tank-pro-33000-puffs","8":"product_cat-vape","9":"product_tag-2-nikotin","10":"product_tag-28ml","11":"product_tag-5-nikotin","12":"product_tag-850mah","13":"product_tag-adjustable-airflow","14":"product_tag-blueberry","15":"product_tag-direct-to-lung","16":"product_tag-display","17":"product_tag-dual-mesh","18":"product_tag-mixed-berries","19":"product_tag-rechargeable","20":"product_tag-sale-vape","22":"first","23":"instock","24":"sale","25":"shipping-taxable","26":"purchasable","27":"product-type-variable","28":"has-default-attributes"},"yoast_head":"<!-- This site is optimized with the Yoast SEO plugin v26.8 - https:\/\/yoast.com\/product\/yoast-seo-wordpress\/ -->\n<title>JNR TANK PRO Mr Blue 33000 Puffs | 28ml, Dual Mesh<\/title>\n<meta name=\"description\" content=\"Mr Blue JNR TANK PRO 33000 Puffs: sweet mixed berries with cool mint. 28ml e-liquid, Dual Mesh Coil, LED display, 850mAh, Type\u2011C, 15W\/20W.\" \/>\n<meta name=\"robots\" content=\"index, follow, max-snippet:-1, max-image-preview:large, max-video-preview:-1\" \/>\n<link rel=\"canonical\" href=\"https:\/\/fumot.uk\/de\/product\/mr-blue-jnr-tank-pro-33000-puffs\/\" \/>\n<meta property=\"og:locale\" content=\"de_DE\" \/>\n<meta property=\"og:type\" content=\"article\" \/>\n<meta property=\"og:title\" content=\"Mr Blue JNR TANK PRO 33000 Puffs \u2013 Berry &amp; Mint Cool\" \/>\n<meta property=\"og:description\" content=\"A bright mixed-berry vape with a refreshing mint finish. 28ml, Dual Mesh Coil, LED display, 850mAh battery and Type\u2011C charging.\" \/>\n<meta property=\"og:url\" content=\"https:\/\/fumot.uk\/de\/product\/mr-blue-jnr-tank-pro-33000-puffs\/\" \/>\n<meta property=\"og:site_name\" content=\"Fumot Official Direct | Straight from the Factory, 100% Genuine\" \/>\n<meta property=\"article:modified_time\" content=\"2026-01-21T06:40:52+00:00\" \/>\n<meta property=\"og:image\" content=\"https:\/\/fumot.uk\/wp-content\/uploads\/2026\/01\/Mr-Blue-JNR-TANK-PRO-33000-Puffs-Disposable-Vape.jpg\" \/>\n\t<meta property=\"og:image:width\" content=\"800\" \/>\n\t<meta property=\"og:image:height\" content=\"800\" \/>\n\t<meta property=\"og:image:type\" content=\"image\/jpeg\" \/>\n<meta name=\"twitter:card\" content=\"summary_large_image\" \/>\n<meta name=\"twitter:label1\" content=\"Gesch\u00e4tzte Lesezeit\" \/>\n\t<meta name=\"twitter:data1\" content=\"1\u00a0Minute\" \/>\n<script type=\"application\/ld+json\" class=\"yoast-schema-graph\">{\"@context\":\"https:\/\/schema.org\",\"@graph\":[{\"@type\":\"WebPage\",\"@id\":\"https:\/\/fumot.uk\/product\/mr-blue-jnr-tank-pro-33000-puffs\/\",\"url\":\"https:\/\/fumot.uk\/product\/mr-blue-jnr-tank-pro-33000-puffs\/\",\"name\":\"JNR TANK PRO Mr Blue 33000 Puffs | 28ml, Dual Mesh\",\"isPartOf\":{\"@id\":\"https:\/\/fumot.uk\/#website\"},\"primaryImageOfPage\":{\"@id\":\"https:\/\/fumot.uk\/product\/mr-blue-jnr-tank-pro-33000-puffs\/#primaryimage\"},\"image\":{\"@id\":\"https:\/\/fumot.uk\/product\/mr-blue-jnr-tank-pro-33000-puffs\/#primaryimage\"},\"thumbnailUrl\":\"https:\/\/fumot.uk\/wp-content\/uploads\/2026\/01\/Mr-Blue-JNR-TANK-PRO-33000-Puffs-Disposable-Vape.jpg\",\"datePublished\":\"2026-01-21T04:10:47+00:00\",\"dateModified\":\"2026-01-21T06:40:52+00:00\",\"description\":\"Mr Blue JNR TANK PRO 33000 Puffs: sweet mixed berries with cool mint. 28ml e-liquid, Dual Mesh Coil, LED display, 850mAh, Type\u2011C, 15W\/20W.\",\"breadcrumb\":{\"@id\":\"https:\/\/fumot.uk\/product\/mr-blue-jnr-tank-pro-33000-puffs\/#breadcrumb\"},\"inLanguage\":\"de\",\"potentialAction\":[{\"@type\":\"ReadAction\",\"target\":[\"https:\/\/fumot.uk\/product\/mr-blue-jnr-tank-pro-33000-puffs\/\"]}]},{\"@type\":\"ImageObject\",\"inLanguage\":\"de\",\"@id\":\"https:\/\/fumot.uk\/product\/mr-blue-jnr-tank-pro-33000-puffs\/#primaryimage\",\"url\":\"https:\/\/fumot.uk\/wp-content\/uploads\/2026\/01\/Mr-Blue-JNR-TANK-PRO-33000-Puffs-Disposable-Vape.jpg\",\"contentUrl\":\"https:\/\/fumot.uk\/wp-content\/uploads\/2026\/01\/Mr-Blue-JNR-TANK-PRO-33000-Puffs-Disposable-Vape.jpg\",\"width\":800,\"height\":800},{\"@type\":\"BreadcrumbList\",\"@id\":\"https:\/\/fumot.uk\/product\/mr-blue-jnr-tank-pro-33000-puffs\/#breadcrumb\",\"itemListElement\":[{\"@type\":\"ListItem\",\"position\":1,\"name\":\"Home\",\"item\":\"https:\/\/fumot.uk\/\"},{\"@type\":\"ListItem\",\"position\":2,\"name\":\"Shop\",\"item\":\"https:\/\/fumot.uk\/shop\/\"},{\"@type\":\"ListItem\",\"position\":3,\"name\":\"JNR TANK PRO Mr Blue 33000 Puffs Disposable Vape | Dual Mesh Coil, 28ml, LED Display\"}]},{\"@type\":\"WebSite\",\"@id\":\"https:\/\/fumot.uk\/#website\",\"url\":\"https:\/\/fumot.uk\/\",\"name\":\"Fumot Official Direct | Straight from the Factory, 100% Genuine\",\"description\":\"Official Website\",\"publisher\":{\"@id\":\"https:\/\/fumot.uk\/#organization\"},\"potentialAction\":[{\"@type\":\"SearchAction\",\"target\":{\"@type\":\"EntryPoint\",\"urlTemplate\":\"https:\/\/fumot.uk\/?s={search_term_string}\"},\"query-input\":{\"@type\":\"PropertyValueSpecification\",\"valueRequired\":true,\"valueName\":\"search_term_string\"}}],\"inLanguage\":\"de\"},{\"@type\":\"Organization\",\"@id\":\"https:\/\/fumot.uk\/#organization\",\"name\":\"Fumot Official Direct | Straight from the Factory, 100% Genuine\",\"url\":\"https:\/\/fumot.uk\/\",\"logo\":{\"@type\":\"ImageObject\",\"inLanguage\":\"de\",\"@id\":\"https:\/\/fumot.uk\/#\/schema\/logo\/image\/\",\"url\":\"https:\/\/fumot.uk\/wp-content\/uploads\/2026\/01\/cropped-fumot-logo1.png\",\"contentUrl\":\"https:\/\/fumot.uk\/wp-content\/uploads\/2026\/01\/cropped-fumot-logo1.png\",\"width\":152,\"height\":106,\"caption\":\"Fumot Official Direct | Straight from the Factory, 100% Genuine\"},\"image\":{\"@id\":\"https:\/\/fumot.uk\/#\/schema\/logo\/image\/\"}}]}<\/script>\n<!-- \/ Yoast SEO plugin. -->","yoast_head_json":{"title":"JNR TANK PRO Mr Blue 33000 Z\u00fcge | 28ml, Dual Mesh","description":"Herr Blau JNR TANK PRO 33000 Z\u00fcge: s\u00fc\u00dfe gemischte Beeren mit k\u00fchler Minze. 28ml E-Liquid, Dual Mesh Coil, LED-Anzeige, 850mAh, Typ\u2011C, 15W\/20W.","robots":{"index":"index","follow":"follow","max-snippet":"max-snippet:-1","max-image-preview":"max-image-preview:large","max-video-preview":"max-video-preview:-1"},"canonical":"https:\/\/fumot.uk\/de\/product\/mr-blue-jnr-tank-pro-33000-puffs\/","og_locale":"de_DE","og_type":"article","og_title":"Mr Blue JNR TANK PRO 33000 Puffs \u2013 Berry & Mint Cool","og_description":"A bright mixed-berry vape with a refreshing mint finish. 28ml, Dual Mesh Coil, LED display, 850mAh battery and Type\u2011C charging.","og_url":"https:\/\/fumot.uk\/de\/product\/mr-blue-jnr-tank-pro-33000-puffs\/","og_site_name":"Fumot Official Direct | Straight from the Factory, 100% Genuine","article_modified_time":"2026-01-21T06:40:52+00:00","og_image":[{"width":800,"height":800,"url":"https:\/\/fumot.uk\/wp-content\/uploads\/2026\/01\/Mr-Blue-JNR-TANK-PRO-33000-Puffs-Disposable-Vape.jpg","type":"image\/jpeg"}],"twitter_card":"summary_large_image","twitter_misc":{"Gesch\u00e4tzte Lesezeit":"1\u00a0Minute"},"schema":{"@context":"https:\/\/schema.org","@graph":[{"@type":"WebPage","@id":"https:\/\/fumot.uk\/product\/mr-blue-jnr-tank-pro-33000-puffs\/","url":"https:\/\/fumot.uk\/product\/mr-blue-jnr-tank-pro-33000-puffs\/","name":"JNR TANK PRO Mr Blue 33000 Z\u00fcge | 28ml, Dual Mesh","isPartOf":{"@id":"https:\/\/fumot.uk\/#website"},"primaryImageOfPage":{"@id":"https:\/\/fumot.uk\/product\/mr-blue-jnr-tank-pro-33000-puffs\/#primaryimage"},"image":{"@id":"https:\/\/fumot.uk\/product\/mr-blue-jnr-tank-pro-33000-puffs\/#primaryimage"},"thumbnailUrl":"https:\/\/fumot.uk\/wp-content\/uploads\/2026\/01\/Mr-Blue-JNR-TANK-PRO-33000-Puffs-Disposable-Vape.jpg","datePublished":"2026-01-21T04:10:47+00:00","dateModified":"2026-01-21T06:40:52+00:00","description":"Herr Blau JNR TANK PRO 33000 Z\u00fcge: s\u00fc\u00dfe gemischte Beeren mit k\u00fchler Minze. 28ml E-Liquid, Dual Mesh Coil, LED-Anzeige, 850mAh, Typ\u2011C, 15W\/20W.","breadcrumb":{"@id":"https:\/\/fumot.uk\/product\/mr-blue-jnr-tank-pro-33000-puffs\/#breadcrumb"},"inLanguage":"de","potentialAction":[{"@type":"ReadAction","target":["https:\/\/fumot.uk\/product\/mr-blue-jnr-tank-pro-33000-puffs\/"]}]},{"@type":"ImageObject","inLanguage":"de","@id":"https:\/\/fumot.uk\/product\/mr-blue-jnr-tank-pro-33000-puffs\/#primaryimage","url":"https:\/\/fumot.uk\/wp-content\/uploads\/2026\/01\/Mr-Blue-JNR-TANK-PRO-33000-Puffs-Disposable-Vape.jpg","contentUrl":"https:\/\/fumot.uk\/wp-content\/uploads\/2026\/01\/Mr-Blue-JNR-TANK-PRO-33000-Puffs-Disposable-Vape.jpg","width":800,"height":800},{"@type":"BreadcrumbList","@id":"https:\/\/fumot.uk\/product\/mr-blue-jnr-tank-pro-33000-puffs\/#breadcrumb","itemListElement":[{"@type":"ListItem","position":1,"name":"Home","item":"https:\/\/fumot.uk\/"},{"@type":"ListItem","position":2,"name":"Shop","item":"https:\/\/fumot.uk\/shop\/"},{"@type":"ListItem","position":3,"name":"JNR TANK PRO Mr Blue 33000 Puffs Disposable Vape | Dual Mesh Coil, 28ml, LED Display"}]},{"@type":"WebSite","@id":"https:\/\/fumot.uk\/#website","url":"https:\/\/fumot.uk\/","name":"Fumot Offizieller Direkt | Direkt aus der Fabrik, 100% Original","description":"Offizielle Webseite","publisher":{"@id":"https:\/\/fumot.uk\/#organization"},"potentialAction":[{"@type":"SearchAction","target":{"@type":"EntryPoint","urlTemplate":"https:\/\/fumot.uk\/?s={search_term_string}"},"query-input":{"@type":"PropertyValueSpecification","valueRequired":true,"valueName":"search_term_string"}}],"inLanguage":"de"},{"@type":"Organization","@id":"https:\/\/fumot.uk\/#organization","name":"Fumot Offizieller Direkt | Direkt aus der Fabrik, 100% Original","url":"https:\/\/fumot.uk\/","logo":{"@type":"ImageObject","inLanguage":"de","@id":"https:\/\/fumot.uk\/#\/schema\/logo\/image\/","url":"https:\/\/fumot.uk\/wp-content\/uploads\/2026\/01\/cropped-fumot-logo1.png","contentUrl":"https:\/\/fumot.uk\/wp-content\/uploads\/2026\/01\/cropped-fumot-logo1.png","width":152,"height":106,"caption":"Fumot Official Direct | Straight from the Factory, 100% Genuine"},"image":{"@id":"https:\/\/fumot.uk\/#\/schema\/logo\/image\/"}}]}},"_links":{"self":[{"href":"https:\/\/fumot.uk\/de\/wp-json\/wp\/v2\/product\/4488","targetHints":{"allow":["GET"]}}],"collection":[{"href":"https:\/\/fumot.uk\/de\/wp-json\/wp\/v2\/product"}],"about":[{"href":"https:\/\/fumot.uk\/de\/wp-json\/wp\/v2\/types\/product"}],"replies":[{"embeddable":true,"href":"https:\/\/fumot.uk\/de\/wp-json\/wp\/v2\/comments?post=4488"}],"wp:featuredmedia":[{"embeddable":true,"href":"https:\/\/fumot.uk\/de\/wp-json\/wp\/v2\/media\/4509"}],"wp:attachment":[{"href":"https:\/\/fumot.uk\/de\/wp-json\/wp\/v2\/media?parent=4488"}],"wp:term":[{"taxonomy":"product_brand","embeddable":true,"href":"https:\/\/fumot.uk\/de\/wp-json\/wp\/v2\/product_brand?post=4488"},{"taxonomy":"product_cat","embeddable":true,"href":"https:\/\/fumot.uk\/de\/wp-json\/wp\/v2\/product_cat?post=4488"},{"taxonomy":"product_tag","embeddable":true,"href":"https:\/\/fumot.uk\/de\/wp-json\/wp\/v2\/product_tag?post=4488"}],"curies":[{"name":"wp","href":"https:\/\/api.w.org\/{rel}","templated":true}]}}