{"id":4484,"date":"2026-01-21T04:10:46","date_gmt":"2026-01-21T04:10:46","guid":{"rendered":"https:\/\/fumot.uk\/?post_type=product&#038;p=4484"},"modified":"2026-01-21T06:43:43","modified_gmt":"2026-01-21T06:43:43","slug":"jnr-radiance-31000-puffs-technologische-vape-strawberry-raspberry-cherry-lce","status":"publish","type":"product","link":"https:\/\/fumot.uk\/de\/product\/jnr-radiance-31000-puffs-technologische-vape-strawberry-raspberry-cherry-lce\/","title":{"rendered":"JNR Radiance 31000 Puffs Einweg E-Zigaretten \u2013 Erdbeere Himbeere Kirsche Eis | Dual Mesh, 28ml, LED-Anzeige, Typ\u2011C"},"content":{"rendered":"<h2>JNR Radiance 31000 Z\u00fcge \u2013 Erdbeere Himbeere Kirsche Eis<\/h2>\n<p>Treffen Sie die <strong>JNR Radiance 31000 Z\u00fcge<\/strong> in <strong>Erdbeere Himbeere Kirsche Eis<\/strong>: eine leuchtende Beerenmischung mit einem klaren, k\u00fchlenden Abgang. S\u00fc\u00dfe Erdbeere f\u00fchrt, Himbeere f\u00fcgt eine w\u00fcrzige Note hinzu, und Kirsche rundet es mit einem reichen Fruchtnote ab\u2014abgeschlossen mit einer eisigen Brise, die jeden Zug frisch h\u00e4lt.<\/p>\n<h3>Geschmacksprofil: Erdbeere Himbeere Kirsche Eis<\/h3>\n<ul>\n<li><strong>Kopfnote:<\/strong> saftige Erdbeer-S\u00fc\u00dfe<\/li>\n<li><strong>Mittlere Noten:<\/strong> knusprige Himbeer-S\u00e4ure<\/li>\n<li><strong>Abgang:<\/strong> glatte Kirsche + k\u00fchlendes Eis<\/li>\n<\/ul>\n<h3>Hauptmerkmale<\/h3>\n<ul>\n<li><strong>Bis zu 31.000 Z\u00fcge<\/strong> (Nutzung variiert)<\/li>\n<li><strong>Dual-Mesh-Spule<\/strong> f\u00fcr gleichbleibenden Geschmack und dichten Dampf<\/li>\n<li><strong>28ml E-Liquid-Kapazit\u00e4t<\/strong><\/li>\n<li><strong>Nikotinoptionen:<\/strong> 0%, 2%, 5%<\/li>\n<li><strong>950mAh wiederaufladbare Batterie<\/strong> mit <strong>Typ\u2011C-Schnellladung<\/strong><\/li>\n<li><strong>LED-Smart-Display<\/strong> um den Batteriestand und den E-Liquid-Stand zu \u00fcberpr\u00fcfen<\/li>\n<li><strong>MTL-freundlich<\/strong> Ziehen f\u00fcr ein zigaretten\u00e4hnliches Inhalieren<\/li>\n<\/ul>\n<h3>Warum Sie es m\u00f6gen werden<\/h3>\n<ul>\n<li><strong>Frisch schmeckendes Beeren-Eis<\/strong> entwickelt f\u00fcr einen ganzt\u00e4gigen Stil E-Zigaretten ohne zu schwer zu sein<\/li>\n<li><strong>Weniger R\u00e4tselraten<\/strong>\u2014das Display hilft Ihnen, Leistung und Fl\u00fcssigkeit auf einen Blick zu \u00fcberwachen<\/li>\n<li><strong>F\u00fcr Bequemlichkeit gemacht<\/strong>\u2014eine hochkapazitive Einweg-E-Zigaretten mit wiederaufladbarer Leistung \u00fcber Type\u2011C<\/li>\n<\/ul>\n<h3>Entdecken Sie mehr auf fumot.uk<\/h3>\n<p>Suchen Sie nach weiteren langlebigen Optionen? Durchst\u00f6bern Sie unsere <a href=\"https:\/\/fumot.uk\/de\/\">neueste Ank\u00fcnfte bei fumot.uk<\/a> und entdecken Sie mehr Geschmacksrichtungen und Ger\u00e4te mit Z\u00e4hlung der Z\u00fcge.<\/p>\n<p><strong>Hinweis:<\/strong> Die Anzahl der Z\u00fcge h\u00e4ngt vom Vape-Stil und der Zugl\u00e4nge ab. W\u00e4hlen Sie Ihre bevorzugte Nikotinst\u00e4rke (0%, 2% oder 5%) vor dem Checkout.<\/p>","protected":false},"excerpt":{"rendered":"<p>JNR Radiance 31000 Z\u00fcge in Erdbeere Himbeere Kirsche Eis: geschichtete Beerens\u00fc\u00dfe mit einem k\u00fchlen Finish. Dual Mesh Coil, 28ml E-Liquid, LED-Anzeige, 950mAh Typ-C wiederaufladbar. Nikotin: 0%, 2%, 5%.<\/p>","protected":false},"featured_media":4505,"comment_status":"open","ping_status":"closed","template":"","meta":[],"product_brand":[],"product_cat":[215,216,17],"product_tag":[84,70,124,71,197,36,73,29,202,34,26,199,37,28],"class_list":{"0":"post-4484","1":"product","2":"type-product","3":"status-publish","4":"has-post-thumbnail","6":"product_cat-31000-puff","7":"product_cat-jnr-radiance-31000-puffs","8":"product_cat-vape","9":"product_tag-0-nikotin","10":"product_tag-2-nikotin","11":"product_tag-28ml","12":"product_tag-5-nikotin","13":"product_tag-950mah","14":"product_tag-cherry","15":"product_tag-dual-mesh","16":"product_tag-ice","17":"product_tag-mouth-to-lung","18":"product_tag-raspberry","19":"product_tag-rechargeable","20":"product_tag-smart-display","21":"product_tag-strawberry","22":"product_tag-type-c","24":"first","25":"instock","26":"sale","27":"shipping-taxable","28":"purchasable","29":"product-type-variable","30":"has-default-attributes"},"yoast_head":"<!-- This site is optimized with the Yoast SEO plugin v26.8 - https:\/\/yoast.com\/product\/yoast-seo-wordpress\/ -->\n<title>JNR Radiance 31000 Puffs Strawberry Raspberry Cherry Ice<\/title>\n<meta name=\"description\" content=\"Shop JNR Radiance 31000 Puffs Strawberry Raspberry Cherry Ice. Dual Mesh coil, 28ml e-liquid, LED display, 950mAh Type\u2011C rechargeable. 0\/2\/5% nicotine.\" \/>\n<meta name=\"robots\" content=\"index, follow, max-snippet:-1, max-image-preview:large, max-video-preview:-1\" \/>\n<link rel=\"canonical\" href=\"https:\/\/fumot.uk\/de\/product\/jnr-radiance-31000-puffs-technologische-vape-strawberry-raspberry-cherry-lce\/\" \/>\n<meta property=\"og:locale\" content=\"de_DE\" \/>\n<meta property=\"og:type\" content=\"article\" \/>\n<meta property=\"og:title\" content=\"JNR Radiance 31000 Puffs \u2013 Strawberry Raspberry Cherry Ice\" \/>\n<meta property=\"og:description\" content=\"A vivid berry mix with an icy finish. Dual Mesh, 28ml, LED display, 950mAh Type\u2011C rechargeable. Choose 0%, 2% or 5% nicotine.\" \/>\n<meta property=\"og:url\" content=\"https:\/\/fumot.uk\/de\/product\/jnr-radiance-31000-puffs-technologische-vape-strawberry-raspberry-cherry-lce\/\" \/>\n<meta property=\"og:site_name\" content=\"Fumot Official Direct | Straight from the Factory, 100% Genuine\" \/>\n<meta property=\"article:modified_time\" content=\"2026-01-21T06:43:43+00:00\" \/>\n<meta property=\"og:image\" content=\"https:\/\/fumot.uk\/wp-content\/uploads\/2026\/01\/JNR-Radiance-31000-Puffs-Strawberry-Raspberry-Cherry-Ice-Dual-Mesh-Device.jpg\" \/>\n\t<meta property=\"og:image:width\" content=\"800\" \/>\n\t<meta property=\"og:image:height\" content=\"800\" \/>\n\t<meta property=\"og:image:type\" content=\"image\/jpeg\" \/>\n<meta name=\"twitter:card\" content=\"summary_large_image\" \/>\n<meta name=\"twitter:label1\" content=\"Gesch\u00e4tzte Lesezeit\" \/>\n\t<meta name=\"twitter:data1\" content=\"1\u00a0Minute\" \/>\n<script type=\"application\/ld+json\" class=\"yoast-schema-graph\">{\"@context\":\"https:\/\/schema.org\",\"@graph\":[{\"@type\":\"WebPage\",\"@id\":\"https:\/\/fumot.uk\/product\/jnr-radiance-31000-puffs-technologische-vape-strawberry-raspberry-cherry-lce\/\",\"url\":\"https:\/\/fumot.uk\/product\/jnr-radiance-31000-puffs-technologische-vape-strawberry-raspberry-cherry-lce\/\",\"name\":\"JNR Radiance 31000 Puffs Strawberry Raspberry Cherry Ice\",\"isPartOf\":{\"@id\":\"https:\/\/fumot.uk\/#website\"},\"primaryImageOfPage\":{\"@id\":\"https:\/\/fumot.uk\/product\/jnr-radiance-31000-puffs-technologische-vape-strawberry-raspberry-cherry-lce\/#primaryimage\"},\"image\":{\"@id\":\"https:\/\/fumot.uk\/product\/jnr-radiance-31000-puffs-technologische-vape-strawberry-raspberry-cherry-lce\/#primaryimage\"},\"thumbnailUrl\":\"https:\/\/fumot.uk\/wp-content\/uploads\/2026\/01\/JNR-Radiance-31000-Puffs-Strawberry-Raspberry-Cherry-Ice-Dual-Mesh-Device.jpg\",\"datePublished\":\"2026-01-21T04:10:46+00:00\",\"dateModified\":\"2026-01-21T06:43:43+00:00\",\"description\":\"Shop JNR Radiance 31000 Puffs Strawberry Raspberry Cherry Ice. Dual Mesh coil, 28ml e-liquid, LED display, 950mAh Type\u2011C rechargeable. 0\/2\/5% nicotine.\",\"breadcrumb\":{\"@id\":\"https:\/\/fumot.uk\/product\/jnr-radiance-31000-puffs-technologische-vape-strawberry-raspberry-cherry-lce\/#breadcrumb\"},\"inLanguage\":\"de\",\"potentialAction\":[{\"@type\":\"ReadAction\",\"target\":[\"https:\/\/fumot.uk\/product\/jnr-radiance-31000-puffs-technologische-vape-strawberry-raspberry-cherry-lce\/\"]}]},{\"@type\":\"ImageObject\",\"inLanguage\":\"de\",\"@id\":\"https:\/\/fumot.uk\/product\/jnr-radiance-31000-puffs-technologische-vape-strawberry-raspberry-cherry-lce\/#primaryimage\",\"url\":\"https:\/\/fumot.uk\/wp-content\/uploads\/2026\/01\/JNR-Radiance-31000-Puffs-Strawberry-Raspberry-Cherry-Ice-Dual-Mesh-Device.jpg\",\"contentUrl\":\"https:\/\/fumot.uk\/wp-content\/uploads\/2026\/01\/JNR-Radiance-31000-Puffs-Strawberry-Raspberry-Cherry-Ice-Dual-Mesh-Device.jpg\",\"width\":800,\"height\":800},{\"@type\":\"BreadcrumbList\",\"@id\":\"https:\/\/fumot.uk\/product\/jnr-radiance-31000-puffs-technologische-vape-strawberry-raspberry-cherry-lce\/#breadcrumb\",\"itemListElement\":[{\"@type\":\"ListItem\",\"position\":1,\"name\":\"Home\",\"item\":\"https:\/\/fumot.uk\/\"},{\"@type\":\"ListItem\",\"position\":2,\"name\":\"Shop\",\"item\":\"https:\/\/fumot.uk\/shop\/\"},{\"@type\":\"ListItem\",\"position\":3,\"name\":\"JNR Radiance 31000 Puffs Disposable Vape \u2013 Strawberry Raspberry Cherry Ice | Dual Mesh, 28ml, LED Display, Type\u2011C\"}]},{\"@type\":\"WebSite\",\"@id\":\"https:\/\/fumot.uk\/#website\",\"url\":\"https:\/\/fumot.uk\/\",\"name\":\"Fumot Official Direct | Straight from the Factory, 100% Genuine\",\"description\":\"Official Website\",\"publisher\":{\"@id\":\"https:\/\/fumot.uk\/#organization\"},\"potentialAction\":[{\"@type\":\"SearchAction\",\"target\":{\"@type\":\"EntryPoint\",\"urlTemplate\":\"https:\/\/fumot.uk\/?s={search_term_string}\"},\"query-input\":{\"@type\":\"PropertyValueSpecification\",\"valueRequired\":true,\"valueName\":\"search_term_string\"}}],\"inLanguage\":\"de\"},{\"@type\":\"Organization\",\"@id\":\"https:\/\/fumot.uk\/#organization\",\"name\":\"Fumot Official Direct | Straight from the Factory, 100% Genuine\",\"url\":\"https:\/\/fumot.uk\/\",\"logo\":{\"@type\":\"ImageObject\",\"inLanguage\":\"de\",\"@id\":\"https:\/\/fumot.uk\/#\/schema\/logo\/image\/\",\"url\":\"https:\/\/fumot.uk\/wp-content\/uploads\/2026\/01\/cropped-fumot-logo1.png\",\"contentUrl\":\"https:\/\/fumot.uk\/wp-content\/uploads\/2026\/01\/cropped-fumot-logo1.png\",\"width\":152,\"height\":106,\"caption\":\"Fumot Official Direct | Straight from the Factory, 100% Genuine\"},\"image\":{\"@id\":\"https:\/\/fumot.uk\/#\/schema\/logo\/image\/\"}}]}<\/script>\n<!-- \/ Yoast SEO plugin. -->","yoast_head_json":{"title":"JNR Radiance 31000 Z\u00fcge Erdbeere Himbeere Kirsche Eis","description":"Kaufen Sie JNR Radiance 31000 Z\u00fcge Erdbeere Himbeere Kirsche Eis. Dual Mesh Coil, 28ml E-Liquid, LED-Anzeige, 950mAh Typ-C wiederaufladbar. 0\/2\/5% Nikotin.","robots":{"index":"index","follow":"follow","max-snippet":"max-snippet:-1","max-image-preview":"max-image-preview:large","max-video-preview":"max-video-preview:-1"},"canonical":"https:\/\/fumot.uk\/de\/product\/jnr-radiance-31000-puffs-technologische-vape-strawberry-raspberry-cherry-lce\/","og_locale":"de_DE","og_type":"article","og_title":"JNR Radiance 31000 Puffs \u2013 Strawberry Raspberry Cherry Ice","og_description":"A vivid berry mix with an icy finish. Dual Mesh, 28ml, LED display, 950mAh Type\u2011C rechargeable. Choose 0%, 2% or 5% nicotine.","og_url":"https:\/\/fumot.uk\/de\/product\/jnr-radiance-31000-puffs-technologische-vape-strawberry-raspberry-cherry-lce\/","og_site_name":"Fumot Official Direct | Straight from the Factory, 100% Genuine","article_modified_time":"2026-01-21T06:43:43+00:00","og_image":[{"width":800,"height":800,"url":"https:\/\/fumot.uk\/wp-content\/uploads\/2026\/01\/JNR-Radiance-31000-Puffs-Strawberry-Raspberry-Cherry-Ice-Dual-Mesh-Device.jpg","type":"image\/jpeg"}],"twitter_card":"summary_large_image","twitter_misc":{"Gesch\u00e4tzte Lesezeit":"1\u00a0Minute"},"schema":{"@context":"https:\/\/schema.org","@graph":[{"@type":"WebPage","@id":"https:\/\/fumot.uk\/product\/jnr-radiance-31000-puffs-technologische-vape-strawberry-raspberry-cherry-lce\/","url":"https:\/\/fumot.uk\/product\/jnr-radiance-31000-puffs-technologische-vape-strawberry-raspberry-cherry-lce\/","name":"JNR Radiance 31000 Z\u00fcge Erdbeere Himbeere Kirsche Eis","isPartOf":{"@id":"https:\/\/fumot.uk\/#website"},"primaryImageOfPage":{"@id":"https:\/\/fumot.uk\/product\/jnr-radiance-31000-puffs-technologische-vape-strawberry-raspberry-cherry-lce\/#primaryimage"},"image":{"@id":"https:\/\/fumot.uk\/product\/jnr-radiance-31000-puffs-technologische-vape-strawberry-raspberry-cherry-lce\/#primaryimage"},"thumbnailUrl":"https:\/\/fumot.uk\/wp-content\/uploads\/2026\/01\/JNR-Radiance-31000-Puffs-Strawberry-Raspberry-Cherry-Ice-Dual-Mesh-Device.jpg","datePublished":"2026-01-21T04:10:46+00:00","dateModified":"2026-01-21T06:43:43+00:00","description":"Kaufen Sie JNR Radiance 31000 Z\u00fcge Erdbeere Himbeere Kirsche Eis. Dual Mesh Coil, 28ml E-Liquid, LED-Anzeige, 950mAh Typ-C wiederaufladbar. 0\/2\/5% Nikotin.","breadcrumb":{"@id":"https:\/\/fumot.uk\/product\/jnr-radiance-31000-puffs-technologische-vape-strawberry-raspberry-cherry-lce\/#breadcrumb"},"inLanguage":"de","potentialAction":[{"@type":"ReadAction","target":["https:\/\/fumot.uk\/product\/jnr-radiance-31000-puffs-technologische-vape-strawberry-raspberry-cherry-lce\/"]}]},{"@type":"ImageObject","inLanguage":"de","@id":"https:\/\/fumot.uk\/product\/jnr-radiance-31000-puffs-technologische-vape-strawberry-raspberry-cherry-lce\/#primaryimage","url":"https:\/\/fumot.uk\/wp-content\/uploads\/2026\/01\/JNR-Radiance-31000-Puffs-Strawberry-Raspberry-Cherry-Ice-Dual-Mesh-Device.jpg","contentUrl":"https:\/\/fumot.uk\/wp-content\/uploads\/2026\/01\/JNR-Radiance-31000-Puffs-Strawberry-Raspberry-Cherry-Ice-Dual-Mesh-Device.jpg","width":800,"height":800},{"@type":"BreadcrumbList","@id":"https:\/\/fumot.uk\/product\/jnr-radiance-31000-puffs-technologische-vape-strawberry-raspberry-cherry-lce\/#breadcrumb","itemListElement":[{"@type":"ListItem","position":1,"name":"Home","item":"https:\/\/fumot.uk\/"},{"@type":"ListItem","position":2,"name":"Shop","item":"https:\/\/fumot.uk\/shop\/"},{"@type":"ListItem","position":3,"name":"JNR Radiance 31000 Puffs Disposable Vape \u2013 Strawberry Raspberry Cherry Ice | Dual Mesh, 28ml, LED Display, Type\u2011C"}]},{"@type":"WebSite","@id":"https:\/\/fumot.uk\/#website","url":"https:\/\/fumot.uk\/","name":"Fumot Offizieller Direkt | Direkt aus der Fabrik, 100% Original","description":"Offizielle Webseite","publisher":{"@id":"https:\/\/fumot.uk\/#organization"},"potentialAction":[{"@type":"SearchAction","target":{"@type":"EntryPoint","urlTemplate":"https:\/\/fumot.uk\/?s={search_term_string}"},"query-input":{"@type":"PropertyValueSpecification","valueRequired":true,"valueName":"search_term_string"}}],"inLanguage":"de"},{"@type":"Organization","@id":"https:\/\/fumot.uk\/#organization","name":"Fumot Offizieller Direkt | Direkt aus der Fabrik, 100% Original","url":"https:\/\/fumot.uk\/","logo":{"@type":"ImageObject","inLanguage":"de","@id":"https:\/\/fumot.uk\/#\/schema\/logo\/image\/","url":"https:\/\/fumot.uk\/wp-content\/uploads\/2026\/01\/cropped-fumot-logo1.png","contentUrl":"https:\/\/fumot.uk\/wp-content\/uploads\/2026\/01\/cropped-fumot-logo1.png","width":152,"height":106,"caption":"Fumot Official Direct | Straight from the Factory, 100% Genuine"},"image":{"@id":"https:\/\/fumot.uk\/#\/schema\/logo\/image\/"}}]}},"_links":{"self":[{"href":"https:\/\/fumot.uk\/de\/wp-json\/wp\/v2\/product\/4484","targetHints":{"allow":["GET"]}}],"collection":[{"href":"https:\/\/fumot.uk\/de\/wp-json\/wp\/v2\/product"}],"about":[{"href":"https:\/\/fumot.uk\/de\/wp-json\/wp\/v2\/types\/product"}],"replies":[{"embeddable":true,"href":"https:\/\/fumot.uk\/de\/wp-json\/wp\/v2\/comments?post=4484"}],"wp:featuredmedia":[{"embeddable":true,"href":"https:\/\/fumot.uk\/de\/wp-json\/wp\/v2\/media\/4505"}],"wp:attachment":[{"href":"https:\/\/fumot.uk\/de\/wp-json\/wp\/v2\/media?parent=4484"}],"wp:term":[{"taxonomy":"product_brand","embeddable":true,"href":"https:\/\/fumot.uk\/de\/wp-json\/wp\/v2\/product_brand?post=4484"},{"taxonomy":"product_cat","embeddable":true,"href":"https:\/\/fumot.uk\/de\/wp-json\/wp\/v2\/product_cat?post=4484"},{"taxonomy":"product_tag","embeddable":true,"href":"https:\/\/fumot.uk\/de\/wp-json\/wp\/v2\/product_tag?post=4484"}],"curies":[{"name":"wp","href":"https:\/\/api.w.org\/{rel}","templated":true}]}}