{"id":4303,"date":"2026-01-21T04:09:16","date_gmt":"2026-01-21T04:09:16","guid":{"rendered":"https:\/\/fumot.uk\/?post_type=product&#038;p=4303"},"modified":"2026-01-21T06:57:46","modified_gmt":"2026-01-21T06:57:46","slug":"jnr-radiance-31000-puffs-technologische-vape-double-apple","status":"publish","type":"product","link":"https:\/\/fumot.uk\/de\/product\/jnr-radiance-31000-puffs-technologische-vape-double-apple\/","title":{"rendered":"JNR Radiance 31000 Z\u00fcge Doppelapfel Einweg-E-Zigaretten (28ml, 950mAh, Dual Mesh, USB-C)"},"content":{"rendered":"<div class=\"product-content\">\n<h2>JNR Radiance 31000 Puffs \u2013 Double Apple (Tech-Driven Disposable E-Zigaretten)<\/h2>\n<p>\n    Treffen Sie die <strong>JNR Radiance 31000 Puffs Double Apple<\/strong>\u2014eine elegante, wiederaufladbare Einweg-E-Zigaretten, gebaut f\u00fcr lange Sitzungen und konsistenten Geschmack.<br \/>\n    Mit einer gro\u00dfz\u00fcgigen <strong>28ml E-Liquid-Kapazit\u00e4t<\/strong>, eine zuverl\u00e4ssige <strong>950mAh Batterie<\/strong> und <strong>USB-C Schnellladung<\/strong>, plus <strong>Dual-Mesh-Coil-Technologie<\/strong>, sie ist darauf ausgelegt, Ihren Zug von Anfang bis Ende geschmeidig und Ihren Geschmack knackig zu halten.\n  <\/p>\n<h3>Doppelter Apfelgeschmack: Frisch, s\u00fc\u00df und hell<\/h3>\n<p>\n    <strong>Doppelter Apfel<\/strong> mischt die saftige S\u00fc\u00dfe von reifen \u00c4pfeln mit einer leicht s\u00e4uerlichen Apfelnote f\u00fcr ein sauberes, ausgewogenes Profil.<br \/>\n    Erwarten Sie ein erfrischendes, vollmundiges Apfel-E-Zigaretten, das bei Wiederholung lebendig bleibt\u2014ideal, wenn Sie Fruchtaromen m\u00f6gen, die sich nat\u00fcrlich und nicht \u00fcberm\u00e4\u00dfig schwer anf\u00fchlen.\n  <\/p>\n<h3>Hauptmerkmale<\/h3>\n<ul>\n<li><strong>Bis zu 31.000 Z\u00fcge<\/strong> (Nutzung variiert je nach Zugl\u00e4nge)<\/li>\n<li><strong>28ml<\/strong> vorgef\u00fcllter E-Liquid-Tank<\/li>\n<li><strong>Dual-Mesh-Spule<\/strong> f\u00fcr gleichm\u00e4\u00dfiges Erhitzen und konsistenten Geschmack<\/li>\n<li><strong>950mAh<\/strong> wiederaufladbare Batterie<\/li>\n<li><strong>USB Typ-C<\/strong> schnelles Laden<\/li>\n<li><strong>LED-Smart-Display<\/strong> f\u00fcr Batterie- und E-Liquid-Stand<\/li>\n<li>Nikotinst\u00e4rken: <strong>0% \/ 2% \/ 5%<\/strong><\/li>\n<li>Entwickelt f\u00fcr ein komfortables <strong>Mund-zu-Lunge (MTL)<\/strong>-Stil Zug<\/li>\n<\/ul>\n<h3>Warum JNR Radiance 31000 Z\u00fcge w\u00e4hlen?<\/h3>\n<p>\n    <strong>Weniger Unterbrechung, mehr Genuss:<\/strong> die gro\u00dfe 28ml Kapazit\u00e4t bedeutet weniger Sorgen \u00fcber das Ausgehen.<br \/>\n    Der <strong>USB-C wiederaufladbar<\/strong> Design hilft Ihnen, das Beste aus dem Ger\u00e4t herauszuholen, w\u00e4hrend die <strong>intelligentes Display<\/strong> h\u00e4lt Sie auf einen Blick informiert.<br \/>\n    F\u00fcgen Sie hinzu <strong>Dual-Mesh-Leistung<\/strong>, und Double Apple kommt sauber, kr\u00e4ftig und stabil durch.\n  <\/p>\n<h3>Entdecken Sie mehr auf fumot.uk<\/h3>\n<p>\n    Suchen Sie nach weiteren langanhaltenden Optionen? Durchst\u00f6bern Sie unsere Sammlung von <a href=\"https:\/\/fumot.uk\/de\/\" target=\"_blank\" rel=\"noopener\">Einweg-E-Zigaretten bei fumot.uk<\/a> und entdecken Sie mehr Aromen und Ger\u00e4te mit Puff-Anzahl.\n  <\/p>\n<h3>Spezifikationen<\/h3>\n<table>\n<tbody>\n<tr>\n<td><strong>Produkt<\/strong><\/td>\n<td>JNR Radiance 31000 Puffs \u2013 Double Apple<\/td>\n<\/tr>\n<tr>\n<td><strong>E-Liquid-Kapazit\u00e4t<\/strong><\/td>\n<td>28ml<\/td>\n<\/tr>\n<tr>\n<td><strong>Batterie<\/strong><\/td>\n<td>950mAh (wiederaufladbar)<\/td>\n<\/tr>\n<tr>\n<td><strong>Aufladen<\/strong><\/td>\n<td>USB Typ-C<\/td>\n<\/tr>\n<tr>\n<td><strong>Spule<\/strong><\/td>\n<td>Dual-Mesh-Spule<\/td>\n<\/tr>\n<tr>\n<td><strong>Display<\/strong><\/td>\n<td>LED-Anzeige (Batterie &amp; E-Liquid)<\/td>\n<\/tr>\n<tr>\n<td><strong>Nikotinoptionen<\/strong><\/td>\n<td>0% \/ 2% \/ 5%<\/td>\n<\/tr>\n<\/tbody>\n<\/table>\n<p><em>Hinweis: Puff-Anzahl ist eine Sch\u00e4tzung und h\u00e4ngt von individuellen Nutzungsmustern ab.<\/em><\/p>\n<\/div>","protected":false},"excerpt":{"rendered":"<p>JNR Radiance 31000 Puffs Double Apple Einweg-E-Zigaretten mit 28ml E-Liquid, 950mAh USB-C wiederaufladbare Batterie, Dual Mesh Coil und LED-Anzeige. Nikotin: 0%\/2%\/5%.<\/p>","protected":false},"featured_media":4346,"comment_status":"open","ping_status":"closed","template":"","meta":[],"product_brand":[],"product_cat":[215,216,17],"product_tag":[84,70,124,71,197,31,73,202,26,199,28],"class_list":{"0":"post-4303","1":"product","2":"type-product","3":"status-publish","4":"has-post-thumbnail","6":"product_cat-31000-puff","7":"product_cat-jnr-radiance-31000-puffs","8":"product_cat-vape","9":"product_tag-0-nikotin","10":"product_tag-2-nikotin","11":"product_tag-28ml","12":"product_tag-5-nikotin","13":"product_tag-950mah","14":"product_tag-apple","15":"product_tag-dual-mesh","16":"product_tag-mouth-to-lung","17":"product_tag-rechargeable","18":"product_tag-smart-display","19":"product_tag-type-c","21":"first","22":"instock","23":"sale","24":"shipping-taxable","25":"purchasable","26":"product-type-variable","27":"has-default-attributes"},"yoast_head":"<!-- This site is optimized with the Yoast SEO plugin v26.8 - https:\/\/yoast.com\/product\/yoast-seo-wordpress\/ -->\n<title>JNR Radiance 31000 Puffs Double Apple | 28ml USB-C<\/title>\n<meta name=\"description\" content=\"JNR Radiance 31000 Puffs Double Apple: 28ml, Dual Mesh coil, 950mAh USB-C rechargeable battery, LED display. Nicotine options 0%\/2%\/5%.\" \/>\n<meta name=\"robots\" content=\"index, follow, max-snippet:-1, max-image-preview:large, max-video-preview:-1\" \/>\n<link rel=\"canonical\" href=\"https:\/\/fumot.uk\/de\/product\/jnr-radiance-31000-puffs-technologische-vape-double-apple\/\" \/>\n<meta property=\"og:locale\" content=\"de_DE\" \/>\n<meta property=\"og:type\" content=\"article\" \/>\n<meta property=\"og:title\" content=\"JNR Radiance 31000 Puffs Double Apple (28ml, USB-C)\" \/>\n<meta property=\"og:description\" content=\"Fresh, balanced Double Apple flavor with Dual Mesh performance, 28ml e-liquid, 950mAh rechargeable battery, and LED display. Shop on fumot.uk.\" \/>\n<meta property=\"og:url\" content=\"https:\/\/fumot.uk\/de\/product\/jnr-radiance-31000-puffs-technologische-vape-double-apple\/\" \/>\n<meta property=\"og:site_name\" content=\"Fumot Official Direct | Straight from the Factory, 100% Genuine\" \/>\n<meta property=\"article:modified_time\" content=\"2026-01-21T06:57:46+00:00\" \/>\n<meta property=\"og:image\" content=\"https:\/\/fumot.uk\/wp-content\/uploads\/2026\/01\/JNR-Radiance-31000-Puffs-Double-Apple-Disposable-Dievice.jpg\" \/>\n\t<meta property=\"og:image:width\" content=\"800\" \/>\n\t<meta property=\"og:image:height\" content=\"800\" \/>\n\t<meta property=\"og:image:type\" content=\"image\/jpeg\" \/>\n<meta name=\"twitter:card\" content=\"summary_large_image\" \/>\n<meta name=\"twitter:label1\" content=\"Gesch\u00e4tzte Lesezeit\" \/>\n\t<meta name=\"twitter:data1\" content=\"1\u00a0Minute\" \/>\n<script type=\"application\/ld+json\" class=\"yoast-schema-graph\">{\"@context\":\"https:\/\/schema.org\",\"@graph\":[{\"@type\":\"WebPage\",\"@id\":\"https:\/\/fumot.uk\/product\/jnr-radiance-31000-puffs-technologische-vape-double-apple\/\",\"url\":\"https:\/\/fumot.uk\/product\/jnr-radiance-31000-puffs-technologische-vape-double-apple\/\",\"name\":\"JNR Radiance 31000 Puffs Double Apple | 28ml USB-C\",\"isPartOf\":{\"@id\":\"https:\/\/fumot.uk\/#website\"},\"primaryImageOfPage\":{\"@id\":\"https:\/\/fumot.uk\/product\/jnr-radiance-31000-puffs-technologische-vape-double-apple\/#primaryimage\"},\"image\":{\"@id\":\"https:\/\/fumot.uk\/product\/jnr-radiance-31000-puffs-technologische-vape-double-apple\/#primaryimage\"},\"thumbnailUrl\":\"https:\/\/fumot.uk\/wp-content\/uploads\/2026\/01\/JNR-Radiance-31000-Puffs-Double-Apple-Disposable-Dievice.jpg\",\"datePublished\":\"2026-01-21T04:09:16+00:00\",\"dateModified\":\"2026-01-21T06:57:46+00:00\",\"description\":\"JNR Radiance 31000 Puffs Double Apple: 28ml, Dual Mesh coil, 950mAh USB-C rechargeable battery, LED display. Nicotine options 0%\/2%\/5%.\",\"breadcrumb\":{\"@id\":\"https:\/\/fumot.uk\/product\/jnr-radiance-31000-puffs-technologische-vape-double-apple\/#breadcrumb\"},\"inLanguage\":\"de\",\"potentialAction\":[{\"@type\":\"ReadAction\",\"target\":[\"https:\/\/fumot.uk\/product\/jnr-radiance-31000-puffs-technologische-vape-double-apple\/\"]}]},{\"@type\":\"ImageObject\",\"inLanguage\":\"de\",\"@id\":\"https:\/\/fumot.uk\/product\/jnr-radiance-31000-puffs-technologische-vape-double-apple\/#primaryimage\",\"url\":\"https:\/\/fumot.uk\/wp-content\/uploads\/2026\/01\/JNR-Radiance-31000-Puffs-Double-Apple-Disposable-Dievice.jpg\",\"contentUrl\":\"https:\/\/fumot.uk\/wp-content\/uploads\/2026\/01\/JNR-Radiance-31000-Puffs-Double-Apple-Disposable-Dievice.jpg\",\"width\":800,\"height\":800},{\"@type\":\"BreadcrumbList\",\"@id\":\"https:\/\/fumot.uk\/product\/jnr-radiance-31000-puffs-technologische-vape-double-apple\/#breadcrumb\",\"itemListElement\":[{\"@type\":\"ListItem\",\"position\":1,\"name\":\"Home\",\"item\":\"https:\/\/fumot.uk\/\"},{\"@type\":\"ListItem\",\"position\":2,\"name\":\"Shop\",\"item\":\"https:\/\/fumot.uk\/shop\/\"},{\"@type\":\"ListItem\",\"position\":3,\"name\":\"JNR Radiance 31000 Puffs Double Apple Disposable Vape (28ml, 950mAh, Dual Mesh, USB-C)\"}]},{\"@type\":\"WebSite\",\"@id\":\"https:\/\/fumot.uk\/#website\",\"url\":\"https:\/\/fumot.uk\/\",\"name\":\"Fumot Official Direct | Straight from the Factory, 100% Genuine\",\"description\":\"Official Website\",\"publisher\":{\"@id\":\"https:\/\/fumot.uk\/#organization\"},\"potentialAction\":[{\"@type\":\"SearchAction\",\"target\":{\"@type\":\"EntryPoint\",\"urlTemplate\":\"https:\/\/fumot.uk\/?s={search_term_string}\"},\"query-input\":{\"@type\":\"PropertyValueSpecification\",\"valueRequired\":true,\"valueName\":\"search_term_string\"}}],\"inLanguage\":\"de\"},{\"@type\":\"Organization\",\"@id\":\"https:\/\/fumot.uk\/#organization\",\"name\":\"Fumot Official Direct | Straight from the Factory, 100% Genuine\",\"url\":\"https:\/\/fumot.uk\/\",\"logo\":{\"@type\":\"ImageObject\",\"inLanguage\":\"de\",\"@id\":\"https:\/\/fumot.uk\/#\/schema\/logo\/image\/\",\"url\":\"https:\/\/fumot.uk\/wp-content\/uploads\/2026\/01\/cropped-fumot-logo1.png\",\"contentUrl\":\"https:\/\/fumot.uk\/wp-content\/uploads\/2026\/01\/cropped-fumot-logo1.png\",\"width\":152,\"height\":106,\"caption\":\"Fumot Official Direct | Straight from the Factory, 100% Genuine\"},\"image\":{\"@id\":\"https:\/\/fumot.uk\/#\/schema\/logo\/image\/\"}}]}<\/script>\n<!-- \/ Yoast SEO plugin. -->","yoast_head_json":{"title":"JNR Radiance 31000 Z\u00fcge Doppelapfel | 28ml USB-C","description":"JNR Radiance 31000 Z\u00fcge Doppelapfel: 28ml, Dual-Mesh-Spule, 950mAh USB-C wiederaufladbarer Akku, LED-Anzeige. Nikotinoptionen 0%\/2%\/5%.","robots":{"index":"index","follow":"follow","max-snippet":"max-snippet:-1","max-image-preview":"max-image-preview:large","max-video-preview":"max-video-preview:-1"},"canonical":"https:\/\/fumot.uk\/de\/product\/jnr-radiance-31000-puffs-technologische-vape-double-apple\/","og_locale":"de_DE","og_type":"article","og_title":"JNR Radiance 31000 Puffs Double Apple (28ml, USB-C)","og_description":"Fresh, balanced Double Apple flavor with Dual Mesh performance, 28ml e-liquid, 950mAh rechargeable battery, and LED display. Shop on fumot.uk.","og_url":"https:\/\/fumot.uk\/de\/product\/jnr-radiance-31000-puffs-technologische-vape-double-apple\/","og_site_name":"Fumot Official Direct | Straight from the Factory, 100% Genuine","article_modified_time":"2026-01-21T06:57:46+00:00","og_image":[{"width":800,"height":800,"url":"https:\/\/fumot.uk\/wp-content\/uploads\/2026\/01\/JNR-Radiance-31000-Puffs-Double-Apple-Disposable-Dievice.jpg","type":"image\/jpeg"}],"twitter_card":"summary_large_image","twitter_misc":{"Gesch\u00e4tzte Lesezeit":"1\u00a0Minute"},"schema":{"@context":"https:\/\/schema.org","@graph":[{"@type":"WebPage","@id":"https:\/\/fumot.uk\/product\/jnr-radiance-31000-puffs-technologische-vape-double-apple\/","url":"https:\/\/fumot.uk\/product\/jnr-radiance-31000-puffs-technologische-vape-double-apple\/","name":"JNR Radiance 31000 Z\u00fcge Doppelapfel | 28ml USB-C","isPartOf":{"@id":"https:\/\/fumot.uk\/#website"},"primaryImageOfPage":{"@id":"https:\/\/fumot.uk\/product\/jnr-radiance-31000-puffs-technologische-vape-double-apple\/#primaryimage"},"image":{"@id":"https:\/\/fumot.uk\/product\/jnr-radiance-31000-puffs-technologische-vape-double-apple\/#primaryimage"},"thumbnailUrl":"https:\/\/fumot.uk\/wp-content\/uploads\/2026\/01\/JNR-Radiance-31000-Puffs-Double-Apple-Disposable-Dievice.jpg","datePublished":"2026-01-21T04:09:16+00:00","dateModified":"2026-01-21T06:57:46+00:00","description":"JNR Radiance 31000 Z\u00fcge Doppelapfel: 28ml, Dual-Mesh-Spule, 950mAh USB-C wiederaufladbarer Akku, LED-Anzeige. Nikotinoptionen 0%\/2%\/5%.","breadcrumb":{"@id":"https:\/\/fumot.uk\/product\/jnr-radiance-31000-puffs-technologische-vape-double-apple\/#breadcrumb"},"inLanguage":"de","potentialAction":[{"@type":"ReadAction","target":["https:\/\/fumot.uk\/product\/jnr-radiance-31000-puffs-technologische-vape-double-apple\/"]}]},{"@type":"ImageObject","inLanguage":"de","@id":"https:\/\/fumot.uk\/product\/jnr-radiance-31000-puffs-technologische-vape-double-apple\/#primaryimage","url":"https:\/\/fumot.uk\/wp-content\/uploads\/2026\/01\/JNR-Radiance-31000-Puffs-Double-Apple-Disposable-Dievice.jpg","contentUrl":"https:\/\/fumot.uk\/wp-content\/uploads\/2026\/01\/JNR-Radiance-31000-Puffs-Double-Apple-Disposable-Dievice.jpg","width":800,"height":800},{"@type":"BreadcrumbList","@id":"https:\/\/fumot.uk\/product\/jnr-radiance-31000-puffs-technologische-vape-double-apple\/#breadcrumb","itemListElement":[{"@type":"ListItem","position":1,"name":"Home","item":"https:\/\/fumot.uk\/"},{"@type":"ListItem","position":2,"name":"Shop","item":"https:\/\/fumot.uk\/shop\/"},{"@type":"ListItem","position":3,"name":"JNR Radiance 31000 Puffs Double Apple Disposable Vape (28ml, 950mAh, Dual Mesh, USB-C)"}]},{"@type":"WebSite","@id":"https:\/\/fumot.uk\/#website","url":"https:\/\/fumot.uk\/","name":"Fumot Offizieller Direkt | Direkt aus der Fabrik, 100% Original","description":"Offizielle Webseite","publisher":{"@id":"https:\/\/fumot.uk\/#organization"},"potentialAction":[{"@type":"SearchAction","target":{"@type":"EntryPoint","urlTemplate":"https:\/\/fumot.uk\/?s={search_term_string}"},"query-input":{"@type":"PropertyValueSpecification","valueRequired":true,"valueName":"search_term_string"}}],"inLanguage":"de"},{"@type":"Organization","@id":"https:\/\/fumot.uk\/#organization","name":"Fumot Offizieller Direkt | Direkt aus der Fabrik, 100% Original","url":"https:\/\/fumot.uk\/","logo":{"@type":"ImageObject","inLanguage":"de","@id":"https:\/\/fumot.uk\/#\/schema\/logo\/image\/","url":"https:\/\/fumot.uk\/wp-content\/uploads\/2026\/01\/cropped-fumot-logo1.png","contentUrl":"https:\/\/fumot.uk\/wp-content\/uploads\/2026\/01\/cropped-fumot-logo1.png","width":152,"height":106,"caption":"Fumot Official Direct | Straight from the Factory, 100% Genuine"},"image":{"@id":"https:\/\/fumot.uk\/#\/schema\/logo\/image\/"}}]}},"_links":{"self":[{"href":"https:\/\/fumot.uk\/de\/wp-json\/wp\/v2\/product\/4303","targetHints":{"allow":["GET"]}}],"collection":[{"href":"https:\/\/fumot.uk\/de\/wp-json\/wp\/v2\/product"}],"about":[{"href":"https:\/\/fumot.uk\/de\/wp-json\/wp\/v2\/types\/product"}],"replies":[{"embeddable":true,"href":"https:\/\/fumot.uk\/de\/wp-json\/wp\/v2\/comments?post=4303"}],"wp:featuredmedia":[{"embeddable":true,"href":"https:\/\/fumot.uk\/de\/wp-json\/wp\/v2\/media\/4346"}],"wp:attachment":[{"href":"https:\/\/fumot.uk\/de\/wp-json\/wp\/v2\/media?parent=4303"}],"wp:term":[{"taxonomy":"product_brand","embeddable":true,"href":"https:\/\/fumot.uk\/de\/wp-json\/wp\/v2\/product_brand?post=4303"},{"taxonomy":"product_cat","embeddable":true,"href":"https:\/\/fumot.uk\/de\/wp-json\/wp\/v2\/product_cat?post=4303"},{"taxonomy":"product_tag","embeddable":true,"href":"https:\/\/fumot.uk\/de\/wp-json\/wp\/v2\/product_tag?post=4303"}],"curies":[{"name":"wp","href":"https:\/\/api.w.org\/{rel}","templated":true}]}}