{"id":4276,"date":"2026-01-21T04:08:50","date_gmt":"2026-01-21T04:08:50","guid":{"rendered":"https:\/\/fumot.uk\/?post_type=product&#038;p=4276"},"modified":"2026-01-21T07:00:04","modified_gmt":"2026-01-21T07:00:04","slug":"love-66-jnr-mega-box-50000-puffs","status":"publish","type":"product","link":"https:\/\/fumot.uk\/de\/product\/love-66-jnr-mega-box-50000-puffs\/","title":{"rendered":"JNR Mega Box Pro Love 66 50000 Z\u00fcge Einweg E-Zigaretten | 32ml, Dual Mesh, LED-Anzeige, Typ\u2011C"},"content":{"rendered":"<h2>JNR Mega Box Pro Love 66 \u2013 50000 Z\u00fcge von sanftem, fruchtigem Geschmack<\/h2>\n<p>Der <strong>JNR Mega Box Pro 50000 Z\u00fcge<\/strong> in <strong>Love 66<\/strong> ist gemacht f\u00fcr Dampfer, die eine langlebige Einweg-E-Zigaretten mit einem sauberen, modernen Look wollen. Sein dunkles metallisches Finish f\u00fchlt sich hochwertig in der Hand an, w\u00e4hrend das <strong>LED-Display<\/strong> Sie \u00fcber den Akku- und E-Liquid-Stand informiert\u2014so bleibt jede Sitzung einfach und vorhersehbar.<\/p>\n<h3>Love 66 Geschmack: S\u00fc\u00df, Saftig, Ausgewogen<\/h3>\n<p><strong>Love 66<\/strong> mischt helle, saftige Fruchtnoten in ein sanftes, massenkompatibles Profil. Der Geschmack beginnt mit einer s\u00fc\u00dfen Fruchtmischung und endet in einem ausgewogenen Finish, das angenehm bleibt, ohne \u00fcberw\u00e4ltigend zu werden\u2014ideal f\u00fcr das t\u00e4gliche Dampfen.<\/p>\n<h3>Entwickelt f\u00fcr gleichm\u00e4\u00dfige Wolken<\/h3>\n<p>Mit <strong>Dual-Mesh-Spule<\/strong> und <strong>Dual Core Technologie<\/strong>, liefert die JNR Mega Box Pro einen gleichm\u00e4\u00dfigen, geschmackvollen Zug mit dichtem, aber weichem Dampf. Sie ist darauf ausgelegt, die Fruchtnoten vom ersten bis zum letzten Zug klar zu halten.<\/p>\n<h3>Wichtige Spezifikationen<\/h3>\n<ul>\n<li><strong>Z\u00fcge:<\/strong> Bis zu 50000<\/li>\n<li><strong>E-Liquid-Kapazit\u00e4t:<\/strong> <a href=\"https:\/\/fumot.uk\/de\/product-tag\/32ml\/\">32ml<\/a><\/li>\n<li><strong>Nikotinoptionen:<\/strong> 0% \/ 2% \/ 5% (w\u00e4hlen Sie Ihre Pr\u00e4ferenz)<\/li>\n<li><strong>Spule:<\/strong> Dual-Mesh-Coil &amp; Dual-Core<\/li>\n<li><strong>Batterie:<\/strong> 850mAh (wiederaufladbar)<\/li>\n<li><strong>Laden:<\/strong> USB Typ\u2011C<\/li>\n<li><strong>Display:<\/strong> Akku- &amp; E-Liquid-Standanzeige<\/li>\n<\/ul>\n<h3>Warum Sie es m\u00f6gen werden<\/h3>\n<ul>\n<li><strong>Langlebige Einweg-E-Zigaretten<\/strong> mit einer gro\u00dfz\u00fcgigen Kapazit\u00e4t von 32ml<\/li>\n<li><strong>Geschmacksbetonter Love 66<\/strong> Fruchtmischung f\u00fcr ein sanftes t\u00e4gliches Dampfen<\/li>\n<li><strong>LED-Display<\/strong> f\u00fcr schnelle Status\u00fcberpr\u00fcfungen<\/li>\n<li><strong>Wiederaufladbar Typ\u2011C<\/strong> Bequemlichkeit<\/li>\n<\/ul>\n<p><em>Entdecken Sie mehr Geschmacksrichtungen und Ger\u00e4te auf <a href=\"https:\/\/fumot.uk\/de\/\">fumot.uk<\/a>.<\/em><\/p>","protected":false},"excerpt":{"rendered":"<p>JNR Mega Box Pro Love 66 Einweg-E-Zigaretten mit bis zu 50000 Z\u00fcgen, 32ml E-Liquid, Dual Mesh + Dual Core, LED-Anzeige, 850mAh wiederaufladbare Batterie und Typ-C-Ladung. Nikotin: 0%\/2%\/5%.<\/p>","protected":false},"featured_media":4324,"comment_status":"open","ping_status":"closed","template":"","meta":[],"product_brand":[],"product_cat":[110,214,17],"product_tag":[84,70,167,71,20,41,72,23,73,30,26,37,28],"class_list":{"0":"post-4276","1":"product","2":"type-product","3":"status-publish","4":"has-post-thumbnail","6":"product_cat-50000-puff","7":"product_cat-jnr-mega-box-pro-50000-puffs","8":"product_cat-vape","9":"product_tag-0-nikotin","10":"product_tag-2-nikotin","11":"product_tag-32ml","12":"product_tag-5-nikotin","13":"product_tag-850mah","14":"product_tag-berry","15":"product_tag-direct-to-lung","16":"product_tag-display","17":"product_tag-dual-mesh","18":"product_tag-peach","19":"product_tag-rechargeable","20":"product_tag-strawberry","21":"product_tag-type-c","23":"first","24":"instock","25":"sale","26":"shipping-taxable","27":"purchasable","28":"product-type-variable","29":"has-default-attributes"},"yoast_head":"<!-- This site is optimized with the Yoast SEO plugin v26.8 - https:\/\/yoast.com\/product\/yoast-seo-wordpress\/ -->\n<title>JNR Mega Box Pro Love 66 50000 Puffs | 32ml | Type\u2011C<\/title>\n<meta name=\"description\" content=\"Shop JNR Mega Box Pro Love 66: up to 50000 puffs, 32ml e-liquid, Dual Mesh + Dual Core, LED display, 850mAh rechargeable, Type\u2011C. 0\/2\/5% nic.\" \/>\n<meta name=\"robots\" content=\"index, follow, max-snippet:-1, max-image-preview:large, max-video-preview:-1\" \/>\n<link rel=\"canonical\" href=\"https:\/\/fumot.uk\/de\/product\/love-66-jnr-mega-box-50000-puffs\/\" \/>\n<meta property=\"og:locale\" content=\"de_DE\" \/>\n<meta property=\"og:type\" content=\"article\" \/>\n<meta property=\"og:title\" content=\"Love 66 JNR Mega Box Pro \u2013 50000 Puffs, 32ml, LED Display\" \/>\n<meta property=\"og:description\" content=\"A smooth, juicy Love 66 fruit blend in the JNR Mega Box Pro. Up to 50000 puffs, 32ml, Dual Mesh + Dual Core, rechargeable 850mAh, Type\u2011C, LED display.\" \/>\n<meta property=\"og:url\" content=\"https:\/\/fumot.uk\/de\/product\/love-66-jnr-mega-box-50000-puffs\/\" \/>\n<meta property=\"og:site_name\" content=\"Fumot Official Direct | Straight from the Factory, 100% Genuine\" \/>\n<meta property=\"article:modified_time\" content=\"2026-01-21T07:00:04+00:00\" \/>\n<meta property=\"og:image\" content=\"https:\/\/fumot.uk\/wp-content\/uploads\/2026\/01\/LOVE-66-JNR-Mega-Box-Pro-50000-Puffs-Disposable-Device-scaled-1.jpg\" \/>\n\t<meta property=\"og:image:width\" content=\"2560\" \/>\n\t<meta property=\"og:image:height\" content=\"2560\" \/>\n\t<meta property=\"og:image:type\" content=\"image\/jpeg\" \/>\n<meta name=\"twitter:card\" content=\"summary_large_image\" \/>\n<meta name=\"twitter:label1\" content=\"Gesch\u00e4tzte Lesezeit\" \/>\n\t<meta name=\"twitter:data1\" content=\"1\u00a0Minute\" \/>\n<script type=\"application\/ld+json\" class=\"yoast-schema-graph\">{\"@context\":\"https:\/\/schema.org\",\"@graph\":[{\"@type\":\"WebPage\",\"@id\":\"https:\/\/fumot.uk\/product\/love-66-jnr-mega-box-50000-puffs\/\",\"url\":\"https:\/\/fumot.uk\/product\/love-66-jnr-mega-box-50000-puffs\/\",\"name\":\"JNR Mega Box Pro Love 66 50000 Puffs | 32ml | Type\u2011C\",\"isPartOf\":{\"@id\":\"https:\/\/fumot.uk\/#website\"},\"primaryImageOfPage\":{\"@id\":\"https:\/\/fumot.uk\/product\/love-66-jnr-mega-box-50000-puffs\/#primaryimage\"},\"image\":{\"@id\":\"https:\/\/fumot.uk\/product\/love-66-jnr-mega-box-50000-puffs\/#primaryimage\"},\"thumbnailUrl\":\"https:\/\/fumot.uk\/wp-content\/uploads\/2026\/01\/LOVE-66-JNR-Mega-Box-Pro-50000-Puffs-Disposable-Device-scaled-1.jpg\",\"datePublished\":\"2026-01-21T04:08:50+00:00\",\"dateModified\":\"2026-01-21T07:00:04+00:00\",\"description\":\"Shop JNR Mega Box Pro Love 66: up to 50000 puffs, 32ml e-liquid, Dual Mesh + Dual Core, LED display, 850mAh rechargeable, Type\u2011C. 0\/2\/5% nic.\",\"breadcrumb\":{\"@id\":\"https:\/\/fumot.uk\/product\/love-66-jnr-mega-box-50000-puffs\/#breadcrumb\"},\"inLanguage\":\"de\",\"potentialAction\":[{\"@type\":\"ReadAction\",\"target\":[\"https:\/\/fumot.uk\/product\/love-66-jnr-mega-box-50000-puffs\/\"]}]},{\"@type\":\"ImageObject\",\"inLanguage\":\"de\",\"@id\":\"https:\/\/fumot.uk\/product\/love-66-jnr-mega-box-50000-puffs\/#primaryimage\",\"url\":\"https:\/\/fumot.uk\/wp-content\/uploads\/2026\/01\/LOVE-66-JNR-Mega-Box-Pro-50000-Puffs-Disposable-Device-scaled-1.jpg\",\"contentUrl\":\"https:\/\/fumot.uk\/wp-content\/uploads\/2026\/01\/LOVE-66-JNR-Mega-Box-Pro-50000-Puffs-Disposable-Device-scaled-1.jpg\",\"width\":2560,\"height\":2560},{\"@type\":\"BreadcrumbList\",\"@id\":\"https:\/\/fumot.uk\/product\/love-66-jnr-mega-box-50000-puffs\/#breadcrumb\",\"itemListElement\":[{\"@type\":\"ListItem\",\"position\":1,\"name\":\"Home\",\"item\":\"https:\/\/fumot.uk\/\"},{\"@type\":\"ListItem\",\"position\":2,\"name\":\"Shop\",\"item\":\"https:\/\/fumot.uk\/shop\/\"},{\"@type\":\"ListItem\",\"position\":3,\"name\":\"JNR Mega Box Pro Love 66 50000 Puffs Disposable Vape | 32ml, Dual Mesh, LED Display, Type\u2011C\"}]},{\"@type\":\"WebSite\",\"@id\":\"https:\/\/fumot.uk\/#website\",\"url\":\"https:\/\/fumot.uk\/\",\"name\":\"Fumot Official Direct | Straight from the Factory, 100% Genuine\",\"description\":\"Official Website\",\"publisher\":{\"@id\":\"https:\/\/fumot.uk\/#organization\"},\"potentialAction\":[{\"@type\":\"SearchAction\",\"target\":{\"@type\":\"EntryPoint\",\"urlTemplate\":\"https:\/\/fumot.uk\/?s={search_term_string}\"},\"query-input\":{\"@type\":\"PropertyValueSpecification\",\"valueRequired\":true,\"valueName\":\"search_term_string\"}}],\"inLanguage\":\"de\"},{\"@type\":\"Organization\",\"@id\":\"https:\/\/fumot.uk\/#organization\",\"name\":\"Fumot Official Direct | Straight from the Factory, 100% Genuine\",\"url\":\"https:\/\/fumot.uk\/\",\"logo\":{\"@type\":\"ImageObject\",\"inLanguage\":\"de\",\"@id\":\"https:\/\/fumot.uk\/#\/schema\/logo\/image\/\",\"url\":\"https:\/\/fumot.uk\/wp-content\/uploads\/2026\/01\/cropped-fumot-logo1.png\",\"contentUrl\":\"https:\/\/fumot.uk\/wp-content\/uploads\/2026\/01\/cropped-fumot-logo1.png\",\"width\":152,\"height\":106,\"caption\":\"Fumot Official Direct | Straight from the Factory, 100% Genuine\"},\"image\":{\"@id\":\"https:\/\/fumot.uk\/#\/schema\/logo\/image\/\"}}]}<\/script>\n<!-- \/ Yoast SEO plugin. -->","yoast_head_json":{"title":"JNR Mega Box Pro Love 66 50000 Z\u00fcge | 32ml | Typ\u2011C","description":"Shop JNR Mega Box Pro Love 66: bis zu 50000 Z\u00fcge, 32ml E-Liquid, Dual Mesh + Dual Core, LED-Anzeige, 850mAh wiederaufladbar, Typ\u2011C. 0\/2\/5% Nikotin.","robots":{"index":"index","follow":"follow","max-snippet":"max-snippet:-1","max-image-preview":"max-image-preview:large","max-video-preview":"max-video-preview:-1"},"canonical":"https:\/\/fumot.uk\/de\/product\/love-66-jnr-mega-box-50000-puffs\/","og_locale":"de_DE","og_type":"article","og_title":"Love 66 JNR Mega Box Pro \u2013 50000 Puffs, 32ml, LED Display","og_description":"A smooth, juicy Love 66 fruit blend in the JNR Mega Box Pro. Up to 50000 puffs, 32ml, Dual Mesh + Dual Core, rechargeable 850mAh, Type\u2011C, LED display.","og_url":"https:\/\/fumot.uk\/de\/product\/love-66-jnr-mega-box-50000-puffs\/","og_site_name":"Fumot Official Direct | Straight from the Factory, 100% Genuine","article_modified_time":"2026-01-21T07:00:04+00:00","og_image":[{"width":2560,"height":2560,"url":"https:\/\/fumot.uk\/wp-content\/uploads\/2026\/01\/LOVE-66-JNR-Mega-Box-Pro-50000-Puffs-Disposable-Device-scaled-1.jpg","type":"image\/jpeg"}],"twitter_card":"summary_large_image","twitter_misc":{"Gesch\u00e4tzte Lesezeit":"1\u00a0Minute"},"schema":{"@context":"https:\/\/schema.org","@graph":[{"@type":"WebPage","@id":"https:\/\/fumot.uk\/product\/love-66-jnr-mega-box-50000-puffs\/","url":"https:\/\/fumot.uk\/product\/love-66-jnr-mega-box-50000-puffs\/","name":"JNR Mega Box Pro Love 66 50000 Z\u00fcge | 32ml | Typ\u2011C","isPartOf":{"@id":"https:\/\/fumot.uk\/#website"},"primaryImageOfPage":{"@id":"https:\/\/fumot.uk\/product\/love-66-jnr-mega-box-50000-puffs\/#primaryimage"},"image":{"@id":"https:\/\/fumot.uk\/product\/love-66-jnr-mega-box-50000-puffs\/#primaryimage"},"thumbnailUrl":"https:\/\/fumot.uk\/wp-content\/uploads\/2026\/01\/LOVE-66-JNR-Mega-Box-Pro-50000-Puffs-Disposable-Device-scaled-1.jpg","datePublished":"2026-01-21T04:08:50+00:00","dateModified":"2026-01-21T07:00:04+00:00","description":"Shop JNR Mega Box Pro Love 66: bis zu 50000 Z\u00fcge, 32ml E-Liquid, Dual Mesh + Dual Core, LED-Anzeige, 850mAh wiederaufladbar, Typ\u2011C. 0\/2\/5% Nikotin.","breadcrumb":{"@id":"https:\/\/fumot.uk\/product\/love-66-jnr-mega-box-50000-puffs\/#breadcrumb"},"inLanguage":"de","potentialAction":[{"@type":"ReadAction","target":["https:\/\/fumot.uk\/product\/love-66-jnr-mega-box-50000-puffs\/"]}]},{"@type":"ImageObject","inLanguage":"de","@id":"https:\/\/fumot.uk\/product\/love-66-jnr-mega-box-50000-puffs\/#primaryimage","url":"https:\/\/fumot.uk\/wp-content\/uploads\/2026\/01\/LOVE-66-JNR-Mega-Box-Pro-50000-Puffs-Disposable-Device-scaled-1.jpg","contentUrl":"https:\/\/fumot.uk\/wp-content\/uploads\/2026\/01\/LOVE-66-JNR-Mega-Box-Pro-50000-Puffs-Disposable-Device-scaled-1.jpg","width":2560,"height":2560},{"@type":"BreadcrumbList","@id":"https:\/\/fumot.uk\/product\/love-66-jnr-mega-box-50000-puffs\/#breadcrumb","itemListElement":[{"@type":"ListItem","position":1,"name":"Home","item":"https:\/\/fumot.uk\/"},{"@type":"ListItem","position":2,"name":"Shop","item":"https:\/\/fumot.uk\/shop\/"},{"@type":"ListItem","position":3,"name":"JNR Mega Box Pro Love 66 50000 Puffs Disposable Vape | 32ml, Dual Mesh, LED Display, Type\u2011C"}]},{"@type":"WebSite","@id":"https:\/\/fumot.uk\/#website","url":"https:\/\/fumot.uk\/","name":"Fumot Offizieller Direkt | Direkt aus der Fabrik, 100% Original","description":"Offizielle Webseite","publisher":{"@id":"https:\/\/fumot.uk\/#organization"},"potentialAction":[{"@type":"SearchAction","target":{"@type":"EntryPoint","urlTemplate":"https:\/\/fumot.uk\/?s={search_term_string}"},"query-input":{"@type":"PropertyValueSpecification","valueRequired":true,"valueName":"search_term_string"}}],"inLanguage":"de"},{"@type":"Organization","@id":"https:\/\/fumot.uk\/#organization","name":"Fumot Offizieller Direkt | Direkt aus der Fabrik, 100% Original","url":"https:\/\/fumot.uk\/","logo":{"@type":"ImageObject","inLanguage":"de","@id":"https:\/\/fumot.uk\/#\/schema\/logo\/image\/","url":"https:\/\/fumot.uk\/wp-content\/uploads\/2026\/01\/cropped-fumot-logo1.png","contentUrl":"https:\/\/fumot.uk\/wp-content\/uploads\/2026\/01\/cropped-fumot-logo1.png","width":152,"height":106,"caption":"Fumot Official Direct | Straight from the Factory, 100% Genuine"},"image":{"@id":"https:\/\/fumot.uk\/#\/schema\/logo\/image\/"}}]}},"_links":{"self":[{"href":"https:\/\/fumot.uk\/de\/wp-json\/wp\/v2\/product\/4276","targetHints":{"allow":["GET"]}}],"collection":[{"href":"https:\/\/fumot.uk\/de\/wp-json\/wp\/v2\/product"}],"about":[{"href":"https:\/\/fumot.uk\/de\/wp-json\/wp\/v2\/types\/product"}],"replies":[{"embeddable":true,"href":"https:\/\/fumot.uk\/de\/wp-json\/wp\/v2\/comments?post=4276"}],"wp:featuredmedia":[{"embeddable":true,"href":"https:\/\/fumot.uk\/de\/wp-json\/wp\/v2\/media\/4324"}],"wp:attachment":[{"href":"https:\/\/fumot.uk\/de\/wp-json\/wp\/v2\/media?parent=4276"}],"wp:term":[{"taxonomy":"product_brand","embeddable":true,"href":"https:\/\/fumot.uk\/de\/wp-json\/wp\/v2\/product_brand?post=4276"},{"taxonomy":"product_cat","embeddable":true,"href":"https:\/\/fumot.uk\/de\/wp-json\/wp\/v2\/product_cat?post=4276"},{"taxonomy":"product_tag","embeddable":true,"href":"https:\/\/fumot.uk\/de\/wp-json\/wp\/v2\/product_tag?post=4276"}],"curies":[{"name":"wp","href":"https:\/\/api.w.org\/{rel}","templated":true}]}}