{"id":4267,"date":"2026-01-21T04:08:48","date_gmt":"2026-01-21T04:08:48","guid":{"rendered":"https:\/\/fumot.uk\/?post_type=product&#038;p=4267"},"modified":"2026-01-21T07:08:07","modified_gmt":"2026-01-21T07:08:07","slug":"blueberry-sour-raspberry-jnr-mega-box-50000-puffs","status":"publish","type":"product","link":"https:\/\/fumot.uk\/de\/product\/blueberry-sour-raspberry-jnr-mega-box-50000-puffs\/","title":{"rendered":"JNR Mega Box Pro 50000 Z\u00fcge Blaubeere Sauere Himbeere \u2013 32ml, Dual Mesh, LED-Anzeige, Typ\u2011C"},"content":{"rendered":"<h2>JNR Mega Box Pro 50000 Z\u00fcge \u2013 Blaubeere Sauer Himbeere<\/h2>\n<p><strong>Blaubeere Saure Himbeere<\/strong> ist eine helle, fruchtbetonte Mischung, die <em>s\u00fc\u00dfe Blaubeere<\/em> mit einem <em>eine spritzige Himbeer-Note ausbalanciert<\/em>. Jeder Zug beginnt sanft und saftig und endet mit einem klaren sauren Akzent\u2014lebendig, vielschichtig und leicht zu genie\u00dfen, ohne \u00fcberw\u00e4ltigend zu schmecken.<\/p>\n<h3>Entworfen, um Premium auszusehen, gebaut f\u00fcr den t\u00e4glichen Gebrauch<\/h3>\n<p>Der <strong>JNR Mega Box Pro 50000 Z\u00fcge<\/strong> kombiniert einen eleganten K\u00f6rper aus dunklem Metall mit minimalistischen Linien f\u00fcr ein modernes, raffiniertes Gef\u00fchl. Ein klares <strong>LED-Display<\/strong> h\u00e4lt Ihr E-Zigaretten-Erlebnis unkompliziert, indem es zeigt <strong>E-Liquid-Level<\/strong> und <strong>den Batteriestatus<\/strong> auf einen Blick im Auge zu behalten.<\/p>\n<h3>Sanfter, dichter Dampf mit Dual-Mesh-Leistung<\/h3>\n<p>Mit <strong>Dual-Mesh-Spule<\/strong> und <strong>Dual Core Technologie<\/strong>, diese Einweg-E-Zigarette liefert konsistenten Geschmack und zufriedenstellende Dampfproduktion\u2014ideal f\u00fcr Fans von fruchtigen Profilen. Das Coil-Setup hilft, beide Seiten des Rezepts herauszubringen: die Blaubeers\u00fc\u00dfe und den Himbeersauren Funkeln.<\/p>\n<h3>Hauptmerkmale<\/h3>\n<ul>\n<li><strong>Z\u00fcge:<\/strong> Bis zu 50000<\/li>\n<li><strong>E-Liquid-Kapazit\u00e4t:<\/strong> 32ml<\/li>\n<li><strong>Display:<\/strong> E-Liquid-Stand &amp; Batterieanzeige<\/li>\n<li><strong>Spule:<\/strong> Dual Mesh Coil + Dual Core<\/li>\n<li><strong>Batterie:<\/strong> 850mAh<\/li>\n<li><strong>Laden:<\/strong> Typ\u2011C wiederaufladbar<\/li>\n<li><strong>Nikotinoptionen:<\/strong> 0% \/ 2% \/ 5%<\/li>\n<\/ul>\n<h3>Wer wird diesen Geschmack lieben?<\/h3>\n<p>Wenn Sie fruchtige E-Zigaretten m\u00f6gen, die sich <strong>s\u00fc\u00df, aber nicht schwer<\/strong> anf\u00fchlen und einen <strong>leicht sauren Abschluss<\/strong>, genie\u00dfen, ist Blaubeere Sauer Himbeere eine starke Wahl. Es ist eine gro\u00dfartige Option f\u00fcr den ganzen Tag f\u00fcr diejenigen, die ein ausgewogenes Beerenprofil mit einem erfrischenden Akzent w\u00fcnschen.<\/p>\n<p>Entdecken Sie mehr Geschmacksrichtungen und die neuesten Ank\u00fcnfte bei <a href=\"https:\/\/fumot.uk\/de\/\">fumot.uk<\/a>.<\/p>","protected":false},"excerpt":{"rendered":"<p>JNR Mega Box Pro 50000 Z\u00fcge in Blaubeere Sauer Himbeere: s\u00fc\u00dfe Blaubeere trifft auf herbe Himbeere. 32ml, Dual Mesh + Dual Core, LED-Anzeige, 850mAh Typ\u2011C wiederaufladbar. Nikotin: 0%\/2%\/5%.<\/p>","protected":false},"featured_media":4315,"comment_status":"open","ping_status":"closed","template":"","meta":[],"product_brand":[],"product_cat":[110,214,17],"product_tag":[84,70,167,71,20,33,72,23,73,34,26,28],"class_list":{"0":"post-4267","1":"product","2":"type-product","3":"status-publish","4":"has-post-thumbnail","6":"product_cat-50000-puff","7":"product_cat-jnr-mega-box-pro-50000-puffs","8":"product_cat-vape","9":"product_tag-0-nikotin","10":"product_tag-2-nikotin","11":"product_tag-32ml","12":"product_tag-5-nikotin","13":"product_tag-850mah","14":"product_tag-blueberry","15":"product_tag-direct-to-lung","16":"product_tag-display","17":"product_tag-dual-mesh","18":"product_tag-raspberry","19":"product_tag-rechargeable","20":"product_tag-type-c","22":"first","23":"instock","24":"sale","25":"shipping-taxable","26":"purchasable","27":"product-type-variable","28":"has-default-attributes"},"yoast_head":"<!-- This site is optimized with the Yoast SEO plugin v26.8 - https:\/\/yoast.com\/product\/yoast-seo-wordpress\/ -->\n<title>JNR Mega Box Pro 50000 Blueberry Sour Raspberry<\/title>\n<meta name=\"description\" content=\"Blueberry Sour Raspberry JNR Mega Box Pro 50000 Puffs: 32ml, Dual Mesh + Dual Core, LED display, 850mAh Type\u2011C rechargeable. 0\/2\/5% nicotine.\" \/>\n<meta name=\"robots\" content=\"index, follow, max-snippet:-1, max-image-preview:large, max-video-preview:-1\" \/>\n<link rel=\"canonical\" href=\"https:\/\/fumot.uk\/de\/product\/blueberry-sour-raspberry-jnr-mega-box-50000-puffs\/\" \/>\n<meta property=\"og:locale\" content=\"de_DE\" \/>\n<meta property=\"og:type\" content=\"article\" \/>\n<meta property=\"og:title\" content=\"Blueberry Sour Raspberry \u2013 JNR Mega Box Pro 50000 Puffs\" \/>\n<meta property=\"og:description\" content=\"A juicy blueberry inhale with a tangy raspberry finish. 32ml, Dual Mesh + Dual Core, LED e-liquid &amp; battery display, 850mAh Type\u2011C rechargeable. 0\/2\/5%.\" \/>\n<meta property=\"og:url\" content=\"https:\/\/fumot.uk\/de\/product\/blueberry-sour-raspberry-jnr-mega-box-50000-puffs\/\" \/>\n<meta property=\"og:site_name\" content=\"Fumot Official Direct | Straight from the Factory, 100% Genuine\" \/>\n<meta property=\"article:modified_time\" content=\"2026-01-21T07:08:07+00:00\" \/>\n<meta property=\"og:image\" content=\"https:\/\/fumot.uk\/wp-content\/uploads\/2026\/01\/BLUEBERRY-SOUR-RASPBERRY-JNR-Mega-Box-Pro-50000-Puffs-Disposable-Device-scaled-1.jpg\" \/>\n\t<meta property=\"og:image:width\" content=\"2560\" \/>\n\t<meta property=\"og:image:height\" content=\"2560\" \/>\n\t<meta property=\"og:image:type\" content=\"image\/jpeg\" \/>\n<meta name=\"twitter:card\" content=\"summary_large_image\" \/>\n<meta name=\"twitter:label1\" content=\"Gesch\u00e4tzte Lesezeit\" \/>\n\t<meta name=\"twitter:data1\" content=\"1\u00a0Minute\" \/>\n<script type=\"application\/ld+json\" class=\"yoast-schema-graph\">{\"@context\":\"https:\/\/schema.org\",\"@graph\":[{\"@type\":\"WebPage\",\"@id\":\"https:\/\/fumot.uk\/product\/blueberry-sour-raspberry-jnr-mega-box-50000-puffs\/\",\"url\":\"https:\/\/fumot.uk\/product\/blueberry-sour-raspberry-jnr-mega-box-50000-puffs\/\",\"name\":\"JNR Mega Box Pro 50000 Blueberry Sour Raspberry\",\"isPartOf\":{\"@id\":\"https:\/\/fumot.uk\/#website\"},\"primaryImageOfPage\":{\"@id\":\"https:\/\/fumot.uk\/product\/blueberry-sour-raspberry-jnr-mega-box-50000-puffs\/#primaryimage\"},\"image\":{\"@id\":\"https:\/\/fumot.uk\/product\/blueberry-sour-raspberry-jnr-mega-box-50000-puffs\/#primaryimage\"},\"thumbnailUrl\":\"https:\/\/fumot.uk\/wp-content\/uploads\/2026\/01\/BLUEBERRY-SOUR-RASPBERRY-JNR-Mega-Box-Pro-50000-Puffs-Disposable-Device-scaled-1.jpg\",\"datePublished\":\"2026-01-21T04:08:48+00:00\",\"dateModified\":\"2026-01-21T07:08:07+00:00\",\"description\":\"Blueberry Sour Raspberry JNR Mega Box Pro 50000 Puffs: 32ml, Dual Mesh + Dual Core, LED display, 850mAh Type\u2011C rechargeable. 0\/2\/5% nicotine.\",\"breadcrumb\":{\"@id\":\"https:\/\/fumot.uk\/product\/blueberry-sour-raspberry-jnr-mega-box-50000-puffs\/#breadcrumb\"},\"inLanguage\":\"de\",\"potentialAction\":[{\"@type\":\"ReadAction\",\"target\":[\"https:\/\/fumot.uk\/product\/blueberry-sour-raspberry-jnr-mega-box-50000-puffs\/\"]}]},{\"@type\":\"ImageObject\",\"inLanguage\":\"de\",\"@id\":\"https:\/\/fumot.uk\/product\/blueberry-sour-raspberry-jnr-mega-box-50000-puffs\/#primaryimage\",\"url\":\"https:\/\/fumot.uk\/wp-content\/uploads\/2026\/01\/BLUEBERRY-SOUR-RASPBERRY-JNR-Mega-Box-Pro-50000-Puffs-Disposable-Device-scaled-1.jpg\",\"contentUrl\":\"https:\/\/fumot.uk\/wp-content\/uploads\/2026\/01\/BLUEBERRY-SOUR-RASPBERRY-JNR-Mega-Box-Pro-50000-Puffs-Disposable-Device-scaled-1.jpg\",\"width\":2560,\"height\":2560},{\"@type\":\"BreadcrumbList\",\"@id\":\"https:\/\/fumot.uk\/product\/blueberry-sour-raspberry-jnr-mega-box-50000-puffs\/#breadcrumb\",\"itemListElement\":[{\"@type\":\"ListItem\",\"position\":1,\"name\":\"Home\",\"item\":\"https:\/\/fumot.uk\/\"},{\"@type\":\"ListItem\",\"position\":2,\"name\":\"Shop\",\"item\":\"https:\/\/fumot.uk\/shop\/\"},{\"@type\":\"ListItem\",\"position\":3,\"name\":\"JNR Mega Box Pro 50000 Puffs Blueberry Sour Raspberry \u2013 32ml, Dual Mesh, LED Display, Type\u2011C\"}]},{\"@type\":\"WebSite\",\"@id\":\"https:\/\/fumot.uk\/#website\",\"url\":\"https:\/\/fumot.uk\/\",\"name\":\"Fumot Official Direct | Straight from the Factory, 100% Genuine\",\"description\":\"Official Website\",\"publisher\":{\"@id\":\"https:\/\/fumot.uk\/#organization\"},\"potentialAction\":[{\"@type\":\"SearchAction\",\"target\":{\"@type\":\"EntryPoint\",\"urlTemplate\":\"https:\/\/fumot.uk\/?s={search_term_string}\"},\"query-input\":{\"@type\":\"PropertyValueSpecification\",\"valueRequired\":true,\"valueName\":\"search_term_string\"}}],\"inLanguage\":\"de\"},{\"@type\":\"Organization\",\"@id\":\"https:\/\/fumot.uk\/#organization\",\"name\":\"Fumot Official Direct | Straight from the Factory, 100% Genuine\",\"url\":\"https:\/\/fumot.uk\/\",\"logo\":{\"@type\":\"ImageObject\",\"inLanguage\":\"de\",\"@id\":\"https:\/\/fumot.uk\/#\/schema\/logo\/image\/\",\"url\":\"https:\/\/fumot.uk\/wp-content\/uploads\/2026\/01\/cropped-fumot-logo1.png\",\"contentUrl\":\"https:\/\/fumot.uk\/wp-content\/uploads\/2026\/01\/cropped-fumot-logo1.png\",\"width\":152,\"height\":106,\"caption\":\"Fumot Official Direct | Straight from the Factory, 100% Genuine\"},\"image\":{\"@id\":\"https:\/\/fumot.uk\/#\/schema\/logo\/image\/\"}}]}<\/script>\n<!-- \/ Yoast SEO plugin. -->","yoast_head_json":{"title":"JNR Mega Box Pro 50000 Blaubeere Sauer Himbeere","description":"Blaubeer-Sauer-Himbeere JNR Mega Box Pro 50000 Z\u00fcge: 32ml, Dual Mesh + Dual Core, LED-Anzeige, 850mAh Typ\u2011C wiederaufladbar. 0\/2\/5% Nikotin.","robots":{"index":"index","follow":"follow","max-snippet":"max-snippet:-1","max-image-preview":"max-image-preview:large","max-video-preview":"max-video-preview:-1"},"canonical":"https:\/\/fumot.uk\/de\/product\/blueberry-sour-raspberry-jnr-mega-box-50000-puffs\/","og_locale":"de_DE","og_type":"article","og_title":"Blueberry Sour Raspberry \u2013 JNR Mega Box Pro 50000 Puffs","og_description":"A juicy blueberry inhale with a tangy raspberry finish. 32ml, Dual Mesh + Dual Core, LED e-liquid & battery display, 850mAh Type\u2011C rechargeable. 0\/2\/5%.","og_url":"https:\/\/fumot.uk\/de\/product\/blueberry-sour-raspberry-jnr-mega-box-50000-puffs\/","og_site_name":"Fumot Official Direct | Straight from the Factory, 100% Genuine","article_modified_time":"2026-01-21T07:08:07+00:00","og_image":[{"width":2560,"height":2560,"url":"https:\/\/fumot.uk\/wp-content\/uploads\/2026\/01\/BLUEBERRY-SOUR-RASPBERRY-JNR-Mega-Box-Pro-50000-Puffs-Disposable-Device-scaled-1.jpg","type":"image\/jpeg"}],"twitter_card":"summary_large_image","twitter_misc":{"Gesch\u00e4tzte Lesezeit":"1\u00a0Minute"},"schema":{"@context":"https:\/\/schema.org","@graph":[{"@type":"WebPage","@id":"https:\/\/fumot.uk\/product\/blueberry-sour-raspberry-jnr-mega-box-50000-puffs\/","url":"https:\/\/fumot.uk\/product\/blueberry-sour-raspberry-jnr-mega-box-50000-puffs\/","name":"JNR Mega Box Pro 50000 Blaubeere Sauer Himbeere","isPartOf":{"@id":"https:\/\/fumot.uk\/#website"},"primaryImageOfPage":{"@id":"https:\/\/fumot.uk\/product\/blueberry-sour-raspberry-jnr-mega-box-50000-puffs\/#primaryimage"},"image":{"@id":"https:\/\/fumot.uk\/product\/blueberry-sour-raspberry-jnr-mega-box-50000-puffs\/#primaryimage"},"thumbnailUrl":"https:\/\/fumot.uk\/wp-content\/uploads\/2026\/01\/BLUEBERRY-SOUR-RASPBERRY-JNR-Mega-Box-Pro-50000-Puffs-Disposable-Device-scaled-1.jpg","datePublished":"2026-01-21T04:08:48+00:00","dateModified":"2026-01-21T07:08:07+00:00","description":"Blaubeer-Sauer-Himbeere JNR Mega Box Pro 50000 Z\u00fcge: 32ml, Dual Mesh + Dual Core, LED-Anzeige, 850mAh Typ\u2011C wiederaufladbar. 0\/2\/5% Nikotin.","breadcrumb":{"@id":"https:\/\/fumot.uk\/product\/blueberry-sour-raspberry-jnr-mega-box-50000-puffs\/#breadcrumb"},"inLanguage":"de","potentialAction":[{"@type":"ReadAction","target":["https:\/\/fumot.uk\/product\/blueberry-sour-raspberry-jnr-mega-box-50000-puffs\/"]}]},{"@type":"ImageObject","inLanguage":"de","@id":"https:\/\/fumot.uk\/product\/blueberry-sour-raspberry-jnr-mega-box-50000-puffs\/#primaryimage","url":"https:\/\/fumot.uk\/wp-content\/uploads\/2026\/01\/BLUEBERRY-SOUR-RASPBERRY-JNR-Mega-Box-Pro-50000-Puffs-Disposable-Device-scaled-1.jpg","contentUrl":"https:\/\/fumot.uk\/wp-content\/uploads\/2026\/01\/BLUEBERRY-SOUR-RASPBERRY-JNR-Mega-Box-Pro-50000-Puffs-Disposable-Device-scaled-1.jpg","width":2560,"height":2560},{"@type":"BreadcrumbList","@id":"https:\/\/fumot.uk\/product\/blueberry-sour-raspberry-jnr-mega-box-50000-puffs\/#breadcrumb","itemListElement":[{"@type":"ListItem","position":1,"name":"Home","item":"https:\/\/fumot.uk\/"},{"@type":"ListItem","position":2,"name":"Shop","item":"https:\/\/fumot.uk\/shop\/"},{"@type":"ListItem","position":3,"name":"JNR Mega Box Pro 50000 Puffs Blueberry Sour Raspberry \u2013 32ml, Dual Mesh, LED Display, Type\u2011C"}]},{"@type":"WebSite","@id":"https:\/\/fumot.uk\/#website","url":"https:\/\/fumot.uk\/","name":"Fumot Offizieller Direkt | Direkt aus der Fabrik, 100% Original","description":"Offizielle Webseite","publisher":{"@id":"https:\/\/fumot.uk\/#organization"},"potentialAction":[{"@type":"SearchAction","target":{"@type":"EntryPoint","urlTemplate":"https:\/\/fumot.uk\/?s={search_term_string}"},"query-input":{"@type":"PropertyValueSpecification","valueRequired":true,"valueName":"search_term_string"}}],"inLanguage":"de"},{"@type":"Organization","@id":"https:\/\/fumot.uk\/#organization","name":"Fumot Offizieller Direkt | Direkt aus der Fabrik, 100% Original","url":"https:\/\/fumot.uk\/","logo":{"@type":"ImageObject","inLanguage":"de","@id":"https:\/\/fumot.uk\/#\/schema\/logo\/image\/","url":"https:\/\/fumot.uk\/wp-content\/uploads\/2026\/01\/cropped-fumot-logo1.png","contentUrl":"https:\/\/fumot.uk\/wp-content\/uploads\/2026\/01\/cropped-fumot-logo1.png","width":152,"height":106,"caption":"Fumot Official Direct | Straight from the Factory, 100% Genuine"},"image":{"@id":"https:\/\/fumot.uk\/#\/schema\/logo\/image\/"}}]}},"_links":{"self":[{"href":"https:\/\/fumot.uk\/de\/wp-json\/wp\/v2\/product\/4267","targetHints":{"allow":["GET"]}}],"collection":[{"href":"https:\/\/fumot.uk\/de\/wp-json\/wp\/v2\/product"}],"about":[{"href":"https:\/\/fumot.uk\/de\/wp-json\/wp\/v2\/types\/product"}],"replies":[{"embeddable":true,"href":"https:\/\/fumot.uk\/de\/wp-json\/wp\/v2\/comments?post=4267"}],"wp:featuredmedia":[{"embeddable":true,"href":"https:\/\/fumot.uk\/de\/wp-json\/wp\/v2\/media\/4315"}],"wp:attachment":[{"href":"https:\/\/fumot.uk\/de\/wp-json\/wp\/v2\/media?parent=4267"}],"wp:term":[{"taxonomy":"product_brand","embeddable":true,"href":"https:\/\/fumot.uk\/de\/wp-json\/wp\/v2\/product_brand?post=4267"},{"taxonomy":"product_cat","embeddable":true,"href":"https:\/\/fumot.uk\/de\/wp-json\/wp\/v2\/product_cat?post=4267"},{"taxonomy":"product_tag","embeddable":true,"href":"https:\/\/fumot.uk\/de\/wp-json\/wp\/v2\/product_tag?post=4267"}],"curies":[{"name":"wp","href":"https:\/\/api.w.org\/{rel}","templated":true}]}}