{"id":4266,"date":"2026-01-21T04:08:48","date_gmt":"2026-01-21T04:08:48","guid":{"rendered":"https:\/\/fumot.uk\/?post_type=product&#038;p=4266"},"modified":"2026-01-21T07:08:32","modified_gmt":"2026-01-21T07:08:32","slug":"fresh-strawberry-jnr-mega-box-50000-puffs","status":"publish","type":"product","link":"https:\/\/fumot.uk\/de\/product\/fresh-strawberry-jnr-mega-box-50000-puffs\/","title":{"rendered":"JNR Mega Box Pro 50000 Z\u00fcge Frische Erdbeere (32ml, 850mAh, Typ\u2011C, Dual Mesh) \u2013 Einweg E-Zigaretten"},"content":{"rendered":"<h2>JNR Mega Box Pro 50000 Z\u00fcge \u2013 Frische Erdbeere<\/h2>\n<p>Entdecken Sie ein Erdbeerprofil, das vom ersten Zug bis zum letzten hell bleibt: <strong>JNR Mega Box Pro 50000 Z\u00fcge Frische Erdbeere<\/strong> mischt s\u00fc\u00dfe, saftige Beerennoten mit einem sauberen, erfrischenden Abgang. Es ist fruchtig, glatt und ausgewogen\u2014perfekt, wenn Sie einen klaren Erdbeergeschmack m\u00f6chten, der nicht \u00fcberw\u00e4ltigend wirkt.<\/p>\n<h3>Frischer Erdbeergeschmack: s\u00fc\u00df, saftig, erfrischend<\/h3>\n<p><strong>Frische Erdbeere<\/strong> liefert ein lebendiges Erdbeeraroma mit einem leicht k\u00fchlenden, frischen Akzent. Das Ergebnis ist ein einfacher Alltagsgeschmack\u2014nat\u00fcrlich s\u00fc\u00df, angenehm abgerundet und durchgehend genussvoll.<\/p>\n<h3>Entwickelt, um hochwertig auszusehen, gebaut, um zu performen<\/h3>\n<p>Der <strong>dunkler Metallk\u00f6rper<\/strong> mit subtiler Textur f\u00fchlt sich solide und raffiniert in der Hand an, w\u00e4hrend die <strong>minimalistischen Linien<\/strong> und <strong>klare LED-Anzeige<\/strong> alles modern und funktional halten. Es ist eine Einweg-E-Zigaretten, die so gut aussieht, wie sie dampft.<\/p>\n<h3>Sanfter Dampf mit Dual Mesh &amp; Dual Core<\/h3>\n<p>Angetrieben von <strong>Dual-Mesh-Spule<\/strong> und <strong>Dual Core Technologie<\/strong>, dieses Ger\u00e4t ist f\u00fcr dichten, aber sanften Dampf und saubere Geschmacksabgabe gemacht\u2014hilft den Erdbeernoten, klar und voll durchzukommen.<\/p>\n<h3>Hauptmerkmale<\/h3>\n<ul>\n<li><strong>Z\u00fcge:<\/strong> bis zu 50000<\/li>\n<li><strong>E-Liquid Kapazit\u00e4t:<\/strong> 32ml<\/li>\n<li><strong>Batterie:<\/strong> 850mAh (wiederaufladbar)<\/li>\n<li><strong>Laden:<\/strong> Type\u2011C<\/li>\n<li><strong>Spule:<\/strong> Dual-Mesh-Coil &amp; Dual-Core<\/li>\n<li><strong>Display:<\/strong> E-Liquid-Stand &amp; Batteriestatus<\/li>\n<li><strong>Nikotinoptionen:<\/strong> 0% \/ 2% \/ 5%<\/li>\n<\/ul>\n<h3>Entdecken Sie mehr auf fumot.uk<\/h3>\n<p>Suchen Sie nach anderen langanhaltenden Geschm\u00e4ckern und Ger\u00e4ten? Durchst\u00f6bern Sie unsere gesamte Kollektion von <a href=\"https:\/\/fumot.uk\/de\/\" target=\"_blank\" rel=\"noopener\">Einweg-E-Zigaretten auf fumot.uk<\/a>.<\/p>\n<p><em>Hinweis: Die Anzahl der Z\u00fcge kann je nach Nutzungsstil variieren.<\/em><\/p>","protected":false},"excerpt":{"rendered":"<p>JNR Mega Box Pro Fresh Strawberry Einweg-E-Zigaretten mit bis zu 50000 Z\u00fcgen, 32ml E-Liquid, 850mAh wiederaufladbare Batterie, Typ-C-Ladung, Dual Mesh\/Dual Core und LED-Anzeige. Nikotin: 0%\/2%\/5%.<\/p>","protected":false},"featured_media":4314,"comment_status":"open","ping_status":"closed","template":"","meta":[],"product_brand":[],"product_cat":[110,214,17],"product_tag":[84,70,167,71,20,72,23,73,26,37,28],"class_list":{"0":"post-4266","1":"product","2":"type-product","3":"status-publish","4":"has-post-thumbnail","6":"product_cat-50000-puff","7":"product_cat-jnr-mega-box-pro-50000-puffs","8":"product_cat-vape","9":"product_tag-0-nikotin","10":"product_tag-2-nikotin","11":"product_tag-32ml","12":"product_tag-5-nikotin","13":"product_tag-850mah","14":"product_tag-direct-to-lung","15":"product_tag-display","16":"product_tag-dual-mesh","17":"product_tag-rechargeable","18":"product_tag-strawberry","19":"product_tag-type-c","21":"first","22":"instock","23":"sale","24":"shipping-taxable","25":"purchasable","26":"product-type-variable","27":"has-default-attributes"},"yoast_head":"<!-- This site is optimized with the Yoast SEO plugin v26.8 - https:\/\/yoast.com\/product\/yoast-seo-wordpress\/ -->\n<title>JNR Mega Box Pro 50000 Puffs Fresh Strawberry | fumot.uk<\/title>\n<meta name=\"description\" content=\"Fresh Strawberry JNR Mega Box Pro: up to 50000 puffs, 32ml e\u2011liquid, 850mAh rechargeable, Type\u2011C, Dual Mesh\/Dual Core, LED display. 0\/2\/5% nicotine.\" \/>\n<meta name=\"robots\" content=\"index, follow, max-snippet:-1, max-image-preview:large, max-video-preview:-1\" \/>\n<link rel=\"canonical\" href=\"https:\/\/fumot.uk\/de\/product\/fresh-strawberry-jnr-mega-box-50000-puffs\/\" \/>\n<meta property=\"og:locale\" content=\"de_DE\" \/>\n<meta property=\"og:type\" content=\"article\" \/>\n<meta property=\"og:title\" content=\"Fresh Strawberry \u2013 JNR Mega Box Pro 50000 Puffs\" \/>\n<meta property=\"og:description\" content=\"Sweet, juicy strawberry with a fresh finish. 32ml, 850mAh rechargeable, Type\u2011C, Dual Mesh\/Dual Core, LED display. Nicotine options: 0\/2\/5%.\" \/>\n<meta property=\"og:url\" content=\"https:\/\/fumot.uk\/de\/product\/fresh-strawberry-jnr-mega-box-50000-puffs\/\" \/>\n<meta property=\"og:site_name\" content=\"Fumot Official Direct | Straight from the Factory, 100% Genuine\" \/>\n<meta property=\"article:modified_time\" content=\"2026-01-21T07:08:32+00:00\" \/>\n<meta property=\"og:image\" content=\"https:\/\/fumot.uk\/wp-content\/uploads\/2026\/01\/FRESH-STRAWBERRY-JNR-Mega-Box-Pro-50000-Puffs-Disposble-Device-scaled-1.jpg\" \/>\n\t<meta property=\"og:image:width\" content=\"2560\" \/>\n\t<meta property=\"og:image:height\" content=\"2560\" \/>\n\t<meta property=\"og:image:type\" content=\"image\/jpeg\" \/>\n<meta name=\"twitter:card\" content=\"summary_large_image\" \/>\n<meta name=\"twitter:label1\" content=\"Gesch\u00e4tzte Lesezeit\" \/>\n\t<meta name=\"twitter:data1\" content=\"1\u00a0Minute\" \/>\n<script type=\"application\/ld+json\" class=\"yoast-schema-graph\">{\"@context\":\"https:\/\/schema.org\",\"@graph\":[{\"@type\":\"WebPage\",\"@id\":\"https:\/\/fumot.uk\/product\/fresh-strawberry-jnr-mega-box-50000-puffs\/\",\"url\":\"https:\/\/fumot.uk\/product\/fresh-strawberry-jnr-mega-box-50000-puffs\/\",\"name\":\"JNR Mega Box Pro 50000 Puffs Fresh Strawberry | fumot.uk\",\"isPartOf\":{\"@id\":\"https:\/\/fumot.uk\/#website\"},\"primaryImageOfPage\":{\"@id\":\"https:\/\/fumot.uk\/product\/fresh-strawberry-jnr-mega-box-50000-puffs\/#primaryimage\"},\"image\":{\"@id\":\"https:\/\/fumot.uk\/product\/fresh-strawberry-jnr-mega-box-50000-puffs\/#primaryimage\"},\"thumbnailUrl\":\"https:\/\/fumot.uk\/wp-content\/uploads\/2026\/01\/FRESH-STRAWBERRY-JNR-Mega-Box-Pro-50000-Puffs-Disposble-Device-scaled-1.jpg\",\"datePublished\":\"2026-01-21T04:08:48+00:00\",\"dateModified\":\"2026-01-21T07:08:32+00:00\",\"description\":\"Fresh Strawberry JNR Mega Box Pro: up to 50000 puffs, 32ml e\u2011liquid, 850mAh rechargeable, Type\u2011C, Dual Mesh\/Dual Core, LED display. 0\/2\/5% nicotine.\",\"breadcrumb\":{\"@id\":\"https:\/\/fumot.uk\/product\/fresh-strawberry-jnr-mega-box-50000-puffs\/#breadcrumb\"},\"inLanguage\":\"de\",\"potentialAction\":[{\"@type\":\"ReadAction\",\"target\":[\"https:\/\/fumot.uk\/product\/fresh-strawberry-jnr-mega-box-50000-puffs\/\"]}]},{\"@type\":\"ImageObject\",\"inLanguage\":\"de\",\"@id\":\"https:\/\/fumot.uk\/product\/fresh-strawberry-jnr-mega-box-50000-puffs\/#primaryimage\",\"url\":\"https:\/\/fumot.uk\/wp-content\/uploads\/2026\/01\/FRESH-STRAWBERRY-JNR-Mega-Box-Pro-50000-Puffs-Disposble-Device-scaled-1.jpg\",\"contentUrl\":\"https:\/\/fumot.uk\/wp-content\/uploads\/2026\/01\/FRESH-STRAWBERRY-JNR-Mega-Box-Pro-50000-Puffs-Disposble-Device-scaled-1.jpg\",\"width\":2560,\"height\":2560},{\"@type\":\"BreadcrumbList\",\"@id\":\"https:\/\/fumot.uk\/product\/fresh-strawberry-jnr-mega-box-50000-puffs\/#breadcrumb\",\"itemListElement\":[{\"@type\":\"ListItem\",\"position\":1,\"name\":\"Home\",\"item\":\"https:\/\/fumot.uk\/\"},{\"@type\":\"ListItem\",\"position\":2,\"name\":\"Shop\",\"item\":\"https:\/\/fumot.uk\/shop\/\"},{\"@type\":\"ListItem\",\"position\":3,\"name\":\"JNR Mega Box Pro 50000 Puffs Fresh Strawberry (32ml, 850mAh, Type\u2011C, Dual Mesh) \u2013 Disposable Vape\"}]},{\"@type\":\"WebSite\",\"@id\":\"https:\/\/fumot.uk\/#website\",\"url\":\"https:\/\/fumot.uk\/\",\"name\":\"Fumot Official Direct | Straight from the Factory, 100% Genuine\",\"description\":\"Official Website\",\"publisher\":{\"@id\":\"https:\/\/fumot.uk\/#organization\"},\"potentialAction\":[{\"@type\":\"SearchAction\",\"target\":{\"@type\":\"EntryPoint\",\"urlTemplate\":\"https:\/\/fumot.uk\/?s={search_term_string}\"},\"query-input\":{\"@type\":\"PropertyValueSpecification\",\"valueRequired\":true,\"valueName\":\"search_term_string\"}}],\"inLanguage\":\"de\"},{\"@type\":\"Organization\",\"@id\":\"https:\/\/fumot.uk\/#organization\",\"name\":\"Fumot Official Direct | Straight from the Factory, 100% Genuine\",\"url\":\"https:\/\/fumot.uk\/\",\"logo\":{\"@type\":\"ImageObject\",\"inLanguage\":\"de\",\"@id\":\"https:\/\/fumot.uk\/#\/schema\/logo\/image\/\",\"url\":\"https:\/\/fumot.uk\/wp-content\/uploads\/2026\/01\/cropped-fumot-logo1.png\",\"contentUrl\":\"https:\/\/fumot.uk\/wp-content\/uploads\/2026\/01\/cropped-fumot-logo1.png\",\"width\":152,\"height\":106,\"caption\":\"Fumot Official Direct | Straight from the Factory, 100% Genuine\"},\"image\":{\"@id\":\"https:\/\/fumot.uk\/#\/schema\/logo\/image\/\"}}]}<\/script>\n<!-- \/ Yoast SEO plugin. -->","yoast_head_json":{"title":"JNR Mega Box Pro 50000 Z\u00fcge Frische Erdbeere | fumot.uk","description":"Frische Erdbeere JNR Mega Box Pro: bis zu 50000 Z\u00fcge, 32ml E-Liquid, 850mAh wiederaufladbar, Typ-C, Dual Mesh\/Dual Core, LED-Anzeige. 0\/2\/5% Nikotin.","robots":{"index":"index","follow":"follow","max-snippet":"max-snippet:-1","max-image-preview":"max-image-preview:large","max-video-preview":"max-video-preview:-1"},"canonical":"https:\/\/fumot.uk\/de\/product\/fresh-strawberry-jnr-mega-box-50000-puffs\/","og_locale":"de_DE","og_type":"article","og_title":"Fresh Strawberry \u2013 JNR Mega Box Pro 50000 Puffs","og_description":"Sweet, juicy strawberry with a fresh finish. 32ml, 850mAh rechargeable, Type\u2011C, Dual Mesh\/Dual Core, LED display. Nicotine options: 0\/2\/5%.","og_url":"https:\/\/fumot.uk\/de\/product\/fresh-strawberry-jnr-mega-box-50000-puffs\/","og_site_name":"Fumot Official Direct | Straight from the Factory, 100% Genuine","article_modified_time":"2026-01-21T07:08:32+00:00","og_image":[{"width":2560,"height":2560,"url":"https:\/\/fumot.uk\/wp-content\/uploads\/2026\/01\/FRESH-STRAWBERRY-JNR-Mega-Box-Pro-50000-Puffs-Disposble-Device-scaled-1.jpg","type":"image\/jpeg"}],"twitter_card":"summary_large_image","twitter_misc":{"Gesch\u00e4tzte Lesezeit":"1\u00a0Minute"},"schema":{"@context":"https:\/\/schema.org","@graph":[{"@type":"WebPage","@id":"https:\/\/fumot.uk\/product\/fresh-strawberry-jnr-mega-box-50000-puffs\/","url":"https:\/\/fumot.uk\/product\/fresh-strawberry-jnr-mega-box-50000-puffs\/","name":"JNR Mega Box Pro 50000 Z\u00fcge Frische Erdbeere | fumot.uk","isPartOf":{"@id":"https:\/\/fumot.uk\/#website"},"primaryImageOfPage":{"@id":"https:\/\/fumot.uk\/product\/fresh-strawberry-jnr-mega-box-50000-puffs\/#primaryimage"},"image":{"@id":"https:\/\/fumot.uk\/product\/fresh-strawberry-jnr-mega-box-50000-puffs\/#primaryimage"},"thumbnailUrl":"https:\/\/fumot.uk\/wp-content\/uploads\/2026\/01\/FRESH-STRAWBERRY-JNR-Mega-Box-Pro-50000-Puffs-Disposble-Device-scaled-1.jpg","datePublished":"2026-01-21T04:08:48+00:00","dateModified":"2026-01-21T07:08:32+00:00","description":"Frische Erdbeere JNR Mega Box Pro: bis zu 50000 Z\u00fcge, 32ml E-Liquid, 850mAh wiederaufladbar, Typ-C, Dual Mesh\/Dual Core, LED-Anzeige. 0\/2\/5% Nikotin.","breadcrumb":{"@id":"https:\/\/fumot.uk\/product\/fresh-strawberry-jnr-mega-box-50000-puffs\/#breadcrumb"},"inLanguage":"de","potentialAction":[{"@type":"ReadAction","target":["https:\/\/fumot.uk\/product\/fresh-strawberry-jnr-mega-box-50000-puffs\/"]}]},{"@type":"ImageObject","inLanguage":"de","@id":"https:\/\/fumot.uk\/product\/fresh-strawberry-jnr-mega-box-50000-puffs\/#primaryimage","url":"https:\/\/fumot.uk\/wp-content\/uploads\/2026\/01\/FRESH-STRAWBERRY-JNR-Mega-Box-Pro-50000-Puffs-Disposble-Device-scaled-1.jpg","contentUrl":"https:\/\/fumot.uk\/wp-content\/uploads\/2026\/01\/FRESH-STRAWBERRY-JNR-Mega-Box-Pro-50000-Puffs-Disposble-Device-scaled-1.jpg","width":2560,"height":2560},{"@type":"BreadcrumbList","@id":"https:\/\/fumot.uk\/product\/fresh-strawberry-jnr-mega-box-50000-puffs\/#breadcrumb","itemListElement":[{"@type":"ListItem","position":1,"name":"Home","item":"https:\/\/fumot.uk\/"},{"@type":"ListItem","position":2,"name":"Shop","item":"https:\/\/fumot.uk\/shop\/"},{"@type":"ListItem","position":3,"name":"JNR Mega Box Pro 50000 Puffs Fresh Strawberry (32ml, 850mAh, Type\u2011C, Dual Mesh) \u2013 Disposable Vape"}]},{"@type":"WebSite","@id":"https:\/\/fumot.uk\/#website","url":"https:\/\/fumot.uk\/","name":"Fumot Offizieller Direkt | Direkt aus der Fabrik, 100% Original","description":"Offizielle Webseite","publisher":{"@id":"https:\/\/fumot.uk\/#organization"},"potentialAction":[{"@type":"SearchAction","target":{"@type":"EntryPoint","urlTemplate":"https:\/\/fumot.uk\/?s={search_term_string}"},"query-input":{"@type":"PropertyValueSpecification","valueRequired":true,"valueName":"search_term_string"}}],"inLanguage":"de"},{"@type":"Organization","@id":"https:\/\/fumot.uk\/#organization","name":"Fumot Offizieller Direkt | Direkt aus der Fabrik, 100% Original","url":"https:\/\/fumot.uk\/","logo":{"@type":"ImageObject","inLanguage":"de","@id":"https:\/\/fumot.uk\/#\/schema\/logo\/image\/","url":"https:\/\/fumot.uk\/wp-content\/uploads\/2026\/01\/cropped-fumot-logo1.png","contentUrl":"https:\/\/fumot.uk\/wp-content\/uploads\/2026\/01\/cropped-fumot-logo1.png","width":152,"height":106,"caption":"Fumot Official Direct | Straight from the Factory, 100% Genuine"},"image":{"@id":"https:\/\/fumot.uk\/#\/schema\/logo\/image\/"}}]}},"_links":{"self":[{"href":"https:\/\/fumot.uk\/de\/wp-json\/wp\/v2\/product\/4266","targetHints":{"allow":["GET"]}}],"collection":[{"href":"https:\/\/fumot.uk\/de\/wp-json\/wp\/v2\/product"}],"about":[{"href":"https:\/\/fumot.uk\/de\/wp-json\/wp\/v2\/types\/product"}],"replies":[{"embeddable":true,"href":"https:\/\/fumot.uk\/de\/wp-json\/wp\/v2\/comments?post=4266"}],"wp:featuredmedia":[{"embeddable":true,"href":"https:\/\/fumot.uk\/de\/wp-json\/wp\/v2\/media\/4314"}],"wp:attachment":[{"href":"https:\/\/fumot.uk\/de\/wp-json\/wp\/v2\/media?parent=4266"}],"wp:term":[{"taxonomy":"product_brand","embeddable":true,"href":"https:\/\/fumot.uk\/de\/wp-json\/wp\/v2\/product_brand?post=4266"},{"taxonomy":"product_cat","embeddable":true,"href":"https:\/\/fumot.uk\/de\/wp-json\/wp\/v2\/product_cat?post=4266"},{"taxonomy":"product_tag","embeddable":true,"href":"https:\/\/fumot.uk\/de\/wp-json\/wp\/v2\/product_tag?post=4266"}],"curies":[{"name":"wp","href":"https:\/\/api.w.org\/{rel}","templated":true}]}}