{"id":414,"date":"2026-01-20T02:44:11","date_gmt":"2026-01-20T02:44:11","guid":{"rendered":"https:\/\/fumot.uk\/?post_type=product&#038;p=414"},"modified":"2026-01-20T07:59:47","modified_gmt":"2026-01-20T07:59:47","slug":"randm-tornado-20000-puffs-peach-mango-watermelon","status":"publish","type":"product","link":"https:\/\/fumot.uk\/de\/product\/randm-tornado-20000-puffs-peach-mango-watermelon\/","title":{"rendered":"RandM Tornado 20000 Z\u00fcge Einweg E-Zigaretten \u2013 Pfirsich Mango Wassermelone | 20ml, Wiederaufladbar LCD"},"content":{"rendered":"<h2>RandM Tornado 20000 Puffs \u2013 Pfirsich Mango Wassermelone<\/h2>\n<p>Bringen Sie mit jedem Zug einen Hauch Sonnenschein. Die <strong>RandM Tornado 20000 Z\u00fcge<\/strong> in <strong>Pfirsich Mango Wassermelone<\/strong> Mischung aus weicher Pfirsich-S\u00fc\u00dfe, cremiger Mango-Tiefe und einem knackigen Wassermelonen-Finish f\u00fcr ein tropisches Profil, das den ganzen Tag \u00fcber glatt und erfrischend bleibt.<\/p>\n<h3>Geschmacksprofil (Was Sie schmecken werden)<\/h3>\n<ul>\n<li><strong>Pfirsich:<\/strong> milde, saftige S\u00fc\u00dfe vorne<\/li>\n<li><strong>Mango:<\/strong> reichhaltiger tropischer K\u00f6rper mit einem glatten Gef\u00fchl<\/li>\n<li><strong>Wassermelone:<\/strong> sauberes, k\u00fchlendes Finish, das es einfach macht, E-Zigaretten zu verwenden<\/li>\n<\/ul>\n<h3>Hauptmerkmale<\/h3>\n<ul>\n<li><strong>Bis zu 20.000 Z\u00fcge<\/strong>* f\u00fcr l\u00e4ngeren Gebrauch<\/li>\n<li><strong>20ml E-Liquid-Kapazit\u00e4t<\/strong> f\u00fcr langanhaltenden Geschmack<\/li>\n<li><strong>Nikotinoptionen:<\/strong> 2% oder 5% (w\u00e4hlen Sie Ihre Pr\u00e4ferenz)<\/li>\n<li><strong>850mAh wiederaufladbaren Akku<\/strong> f\u00fcr zuverl\u00e4ssige t\u00e4gliche Leistung<\/li>\n<li><strong>Typ-C-Schnellladung<\/strong> f\u00fcr bequeme Nachf\u00fcllungen<\/li>\n<li><strong>Dual-Mesh-Coil<\/strong> entwickelt f\u00fcr volleren Geschmack und sanfteren Dampf<\/li>\n<li><strong>Intelligentes LCD-Display<\/strong> zeigt Batteriestatus und E-Liquid-Status auf einen Blick<\/li>\n<li><strong>RGB-Lichtakzente<\/strong> f\u00fcr einen modernen, auff\u00e4lligen Look<\/li>\n<\/ul>\n<h3>Warum dieses in Ihre Rotation geh\u00f6rt<\/h3>\n<p>Wenn Sie <strong>tropische fruchtige Einweg-E-Zigaretten<\/strong> die sich nicht schwer anf\u00fchlen, diese Mischung trifft den s\u00fc\u00dfen Punkt\u2014helle Fruchtnoten mit einem sauberen Finish, gepaart mit einem wiederaufladbaren Design und einem klaren Display, damit Sie immer wissen, wo Sie stehen.<\/p>\n<h3>Kaufen Sie mehr auf fumot.uk<\/h3>\n<p>Suchen Sie nach weiteren Favoriten mit gro\u00dfen Z\u00fcgen? Entdecken Sie unsere gesamte <a href=\"https:\/\/fumot.uk\/de\/product-category\/20000-puff\/\">20.000 Z\u00fcge Einweg-E-Zigaretten-Kollektion<\/a> on <a href=\"https:\/\/fumot.uk\/de\/\">fumot.uk<\/a> und finden Sie Ihre n\u00e4chste fruchtbetonte Wahl.<\/p>\n<p><em>*Die Anzahl der Z\u00fcge variiert je nach Nutzung, Zugl\u00e4nge und Vape-Stil.<\/em><\/p>","protected":false},"excerpt":{"rendered":"<p>Tropisch und erfrischend: RandM Tornado 20000 Z\u00fcge in Pfirsich Mango Wassermelone bietet 20ml E-Liquid, Dual-Mesh-Spule, LCD-Display, 850mAh wiederaufladbare Batterie und Typ-C-Schnellladung. Nikotin: 2% oder 5%.<\/p>","protected":false},"featured_media":468,"comment_status":"open","ping_status":"closed","template":"","meta":[],"product_brand":[],"product_cat":[68,69,17],"product_tag":[70,60,71,20,72,73,74,42,30,26,27,62,28,32],"class_list":{"0":"post-414","1":"product","2":"type-product","3":"status-publish","4":"has-post-thumbnail","6":"product_cat-20000-puff","7":"product_cat-randm-tornado-20000-puffs","8":"product_cat-vape","9":"product_tag-2-nikotin","10":"product_tag-20ml","11":"product_tag-5-nikotin","12":"product_tag-850mah","13":"product_tag-direct-to-lung","14":"product_tag-dual-mesh","15":"product_tag-lcd-display","16":"product_tag-mango","17":"product_tag-peach","18":"product_tag-rechargeable","19":"product_tag-rgb-light","20":"product_tag-sale-vape","21":"product_tag-type-c","22":"product_tag-watermelon","24":"first","25":"instock","26":"sale","27":"shipping-taxable","28":"purchasable","29":"product-type-variable","30":"has-default-attributes"},"yoast_head":"<!-- This site is optimized with the Yoast SEO plugin v26.8 - https:\/\/yoast.com\/product\/yoast-seo-wordpress\/ -->\n<title>RandM Tornado 20000 Peach Mango Watermelon | 20ml<\/title>\n<meta name=\"description\" content=\"RandM Tornado 20000 Puffs Peach Mango Watermelon: 20ml, 850mAh rechargeable, dual mesh coil, LCD, Type\u2011C charging. Nicotine 2%\/5%.\" \/>\n<meta name=\"robots\" content=\"index, follow, max-snippet:-1, max-image-preview:large, max-video-preview:-1\" \/>\n<link rel=\"canonical\" href=\"https:\/\/fumot.uk\/de\/product\/randm-tornado-20000-puffs-peach-mango-watermelon\/\" \/>\n<meta property=\"og:locale\" content=\"de_DE\" \/>\n<meta property=\"og:type\" content=\"article\" \/>\n<meta property=\"og:title\" content=\"RandM Tornado 20000 \u2013 Peach Mango Watermelon\" \/>\n<meta property=\"og:description\" content=\"Juicy peach, smooth mango, crisp watermelon. 20ml, rechargeable 850mAh, dual mesh coil, LCD display, Type\u2011C charging. Nicotine 2%\/5%.\" \/>\n<meta property=\"og:url\" content=\"https:\/\/fumot.uk\/de\/product\/randm-tornado-20000-puffs-peach-mango-watermelon\/\" \/>\n<meta property=\"og:site_name\" content=\"Fumot Official Direct | Straight from the Factory, 100% Genuine\" \/>\n<meta property=\"article:modified_time\" content=\"2026-01-20T07:59:47+00:00\" \/>\n<meta property=\"og:image\" content=\"https:\/\/fumot.uk\/wp-content\/uploads\/2026\/01\/Peach-Mango-Watermelon_Randm-Tornado-20000-Puffs-Disposable-Vape.jpg\" \/>\n\t<meta property=\"og:image:width\" content=\"2000\" \/>\n\t<meta property=\"og:image:height\" content=\"2000\" \/>\n\t<meta property=\"og:image:type\" content=\"image\/jpeg\" \/>\n<meta name=\"twitter:card\" content=\"summary_large_image\" \/>\n<meta name=\"twitter:label1\" content=\"Gesch\u00e4tzte Lesezeit\" \/>\n\t<meta name=\"twitter:data1\" content=\"2\u00a0Minuten\" \/>\n<script type=\"application\/ld+json\" class=\"yoast-schema-graph\">{\"@context\":\"https:\/\/schema.org\",\"@graph\":[{\"@type\":\"WebPage\",\"@id\":\"https:\/\/fumot.uk\/product\/randm-tornado-20000-puffs-peach-mango-watermelon\/\",\"url\":\"https:\/\/fumot.uk\/product\/randm-tornado-20000-puffs-peach-mango-watermelon\/\",\"name\":\"RandM Tornado 20000 Peach Mango Watermelon | 20ml\",\"isPartOf\":{\"@id\":\"https:\/\/fumot.uk\/#website\"},\"primaryImageOfPage\":{\"@id\":\"https:\/\/fumot.uk\/product\/randm-tornado-20000-puffs-peach-mango-watermelon\/#primaryimage\"},\"image\":{\"@id\":\"https:\/\/fumot.uk\/product\/randm-tornado-20000-puffs-peach-mango-watermelon\/#primaryimage\"},\"thumbnailUrl\":\"https:\/\/fumot.uk\/wp-content\/uploads\/2026\/01\/Peach-Mango-Watermelon_Randm-Tornado-20000-Puffs-Disposable-Vape.jpg\",\"datePublished\":\"2026-01-20T02:44:11+00:00\",\"dateModified\":\"2026-01-20T07:59:47+00:00\",\"description\":\"RandM Tornado 20000 Puffs Peach Mango Watermelon: 20ml, 850mAh rechargeable, dual mesh coil, LCD, Type\u2011C charging. Nicotine 2%\/5%.\",\"breadcrumb\":{\"@id\":\"https:\/\/fumot.uk\/product\/randm-tornado-20000-puffs-peach-mango-watermelon\/#breadcrumb\"},\"inLanguage\":\"de\",\"potentialAction\":[{\"@type\":\"ReadAction\",\"target\":[\"https:\/\/fumot.uk\/product\/randm-tornado-20000-puffs-peach-mango-watermelon\/\"]}]},{\"@type\":\"ImageObject\",\"inLanguage\":\"de\",\"@id\":\"https:\/\/fumot.uk\/product\/randm-tornado-20000-puffs-peach-mango-watermelon\/#primaryimage\",\"url\":\"https:\/\/fumot.uk\/wp-content\/uploads\/2026\/01\/Peach-Mango-Watermelon_Randm-Tornado-20000-Puffs-Disposable-Vape.jpg\",\"contentUrl\":\"https:\/\/fumot.uk\/wp-content\/uploads\/2026\/01\/Peach-Mango-Watermelon_Randm-Tornado-20000-Puffs-Disposable-Vape.jpg\",\"width\":2000,\"height\":2000},{\"@type\":\"BreadcrumbList\",\"@id\":\"https:\/\/fumot.uk\/product\/randm-tornado-20000-puffs-peach-mango-watermelon\/#breadcrumb\",\"itemListElement\":[{\"@type\":\"ListItem\",\"position\":1,\"name\":\"Home\",\"item\":\"https:\/\/fumot.uk\/\"},{\"@type\":\"ListItem\",\"position\":2,\"name\":\"Shop\",\"item\":\"https:\/\/fumot.uk\/shop\/\"},{\"@type\":\"ListItem\",\"position\":3,\"name\":\"RandM Tornado 20000 Puffs Disposable Vape \u2013 Peach Mango Watermelon | 20ml, Rechargeable LCD\"}]},{\"@type\":\"WebSite\",\"@id\":\"https:\/\/fumot.uk\/#website\",\"url\":\"https:\/\/fumot.uk\/\",\"name\":\"Fumot Official Direct | Straight from the Factory, 100% Genuine\",\"description\":\"Official Website\",\"publisher\":{\"@id\":\"https:\/\/fumot.uk\/#organization\"},\"potentialAction\":[{\"@type\":\"SearchAction\",\"target\":{\"@type\":\"EntryPoint\",\"urlTemplate\":\"https:\/\/fumot.uk\/?s={search_term_string}\"},\"query-input\":{\"@type\":\"PropertyValueSpecification\",\"valueRequired\":true,\"valueName\":\"search_term_string\"}}],\"inLanguage\":\"de\"},{\"@type\":\"Organization\",\"@id\":\"https:\/\/fumot.uk\/#organization\",\"name\":\"Fumot Official Direct | Straight from the Factory, 100% Genuine\",\"url\":\"https:\/\/fumot.uk\/\",\"logo\":{\"@type\":\"ImageObject\",\"inLanguage\":\"de\",\"@id\":\"https:\/\/fumot.uk\/#\/schema\/logo\/image\/\",\"url\":\"https:\/\/fumot.uk\/wp-content\/uploads\/2026\/01\/cropped-fumot-logo1.png\",\"contentUrl\":\"https:\/\/fumot.uk\/wp-content\/uploads\/2026\/01\/cropped-fumot-logo1.png\",\"width\":152,\"height\":106,\"caption\":\"Fumot Official Direct | Straight from the Factory, 100% Genuine\"},\"image\":{\"@id\":\"https:\/\/fumot.uk\/#\/schema\/logo\/image\/\"}}]}<\/script>\n<!-- \/ Yoast SEO plugin. -->","yoast_head_json":{"title":"RandM Tornado 20000 Pfirsich Mango Wassermelone | 20ml","description":"RandM Tornado 20000 Z\u00fcge Pfirsich Mango Wassermelone: 20ml, 850mAh wiederaufladbar, Dual-Mesh-Spule, LCD, Typ-C-Ladung. Nikotin 2%\/5%.","robots":{"index":"index","follow":"follow","max-snippet":"max-snippet:-1","max-image-preview":"max-image-preview:large","max-video-preview":"max-video-preview:-1"},"canonical":"https:\/\/fumot.uk\/de\/product\/randm-tornado-20000-puffs-peach-mango-watermelon\/","og_locale":"de_DE","og_type":"article","og_title":"RandM Tornado 20000 \u2013 Peach Mango Watermelon","og_description":"Juicy peach, smooth mango, crisp watermelon. 20ml, rechargeable 850mAh, dual mesh coil, LCD display, Type\u2011C charging. Nicotine 2%\/5%.","og_url":"https:\/\/fumot.uk\/de\/product\/randm-tornado-20000-puffs-peach-mango-watermelon\/","og_site_name":"Fumot Official Direct | Straight from the Factory, 100% Genuine","article_modified_time":"2026-01-20T07:59:47+00:00","og_image":[{"width":2000,"height":2000,"url":"https:\/\/fumot.uk\/wp-content\/uploads\/2026\/01\/Peach-Mango-Watermelon_Randm-Tornado-20000-Puffs-Disposable-Vape.jpg","type":"image\/jpeg"}],"twitter_card":"summary_large_image","twitter_misc":{"Gesch\u00e4tzte Lesezeit":"2\u00a0Minuten"},"schema":{"@context":"https:\/\/schema.org","@graph":[{"@type":"WebPage","@id":"https:\/\/fumot.uk\/product\/randm-tornado-20000-puffs-peach-mango-watermelon\/","url":"https:\/\/fumot.uk\/product\/randm-tornado-20000-puffs-peach-mango-watermelon\/","name":"RandM Tornado 20000 Pfirsich Mango Wassermelone | 20ml","isPartOf":{"@id":"https:\/\/fumot.uk\/#website"},"primaryImageOfPage":{"@id":"https:\/\/fumot.uk\/product\/randm-tornado-20000-puffs-peach-mango-watermelon\/#primaryimage"},"image":{"@id":"https:\/\/fumot.uk\/product\/randm-tornado-20000-puffs-peach-mango-watermelon\/#primaryimage"},"thumbnailUrl":"https:\/\/fumot.uk\/wp-content\/uploads\/2026\/01\/Peach-Mango-Watermelon_Randm-Tornado-20000-Puffs-Disposable-Vape.jpg","datePublished":"2026-01-20T02:44:11+00:00","dateModified":"2026-01-20T07:59:47+00:00","description":"RandM Tornado 20000 Z\u00fcge Pfirsich Mango Wassermelone: 20ml, 850mAh wiederaufladbar, Dual-Mesh-Spule, LCD, Typ-C-Ladung. Nikotin 2%\/5%.","breadcrumb":{"@id":"https:\/\/fumot.uk\/product\/randm-tornado-20000-puffs-peach-mango-watermelon\/#breadcrumb"},"inLanguage":"de","potentialAction":[{"@type":"ReadAction","target":["https:\/\/fumot.uk\/product\/randm-tornado-20000-puffs-peach-mango-watermelon\/"]}]},{"@type":"ImageObject","inLanguage":"de","@id":"https:\/\/fumot.uk\/product\/randm-tornado-20000-puffs-peach-mango-watermelon\/#primaryimage","url":"https:\/\/fumot.uk\/wp-content\/uploads\/2026\/01\/Peach-Mango-Watermelon_Randm-Tornado-20000-Puffs-Disposable-Vape.jpg","contentUrl":"https:\/\/fumot.uk\/wp-content\/uploads\/2026\/01\/Peach-Mango-Watermelon_Randm-Tornado-20000-Puffs-Disposable-Vape.jpg","width":2000,"height":2000},{"@type":"BreadcrumbList","@id":"https:\/\/fumot.uk\/product\/randm-tornado-20000-puffs-peach-mango-watermelon\/#breadcrumb","itemListElement":[{"@type":"ListItem","position":1,"name":"Home","item":"https:\/\/fumot.uk\/"},{"@type":"ListItem","position":2,"name":"Shop","item":"https:\/\/fumot.uk\/shop\/"},{"@type":"ListItem","position":3,"name":"RandM Tornado 20000 Puffs Disposable Vape \u2013 Peach Mango Watermelon | 20ml, Rechargeable LCD"}]},{"@type":"WebSite","@id":"https:\/\/fumot.uk\/#website","url":"https:\/\/fumot.uk\/","name":"Fumot Offizieller Direkt | Direkt aus der Fabrik, 100% Original","description":"Offizielle Webseite","publisher":{"@id":"https:\/\/fumot.uk\/#organization"},"potentialAction":[{"@type":"SearchAction","target":{"@type":"EntryPoint","urlTemplate":"https:\/\/fumot.uk\/?s={search_term_string}"},"query-input":{"@type":"PropertyValueSpecification","valueRequired":true,"valueName":"search_term_string"}}],"inLanguage":"de"},{"@type":"Organization","@id":"https:\/\/fumot.uk\/#organization","name":"Fumot Offizieller Direkt | Direkt aus der Fabrik, 100% Original","url":"https:\/\/fumot.uk\/","logo":{"@type":"ImageObject","inLanguage":"de","@id":"https:\/\/fumot.uk\/#\/schema\/logo\/image\/","url":"https:\/\/fumot.uk\/wp-content\/uploads\/2026\/01\/cropped-fumot-logo1.png","contentUrl":"https:\/\/fumot.uk\/wp-content\/uploads\/2026\/01\/cropped-fumot-logo1.png","width":152,"height":106,"caption":"Fumot Official Direct | Straight from the Factory, 100% Genuine"},"image":{"@id":"https:\/\/fumot.uk\/#\/schema\/logo\/image\/"}}]}},"_links":{"self":[{"href":"https:\/\/fumot.uk\/de\/wp-json\/wp\/v2\/product\/414","targetHints":{"allow":["GET"]}}],"collection":[{"href":"https:\/\/fumot.uk\/de\/wp-json\/wp\/v2\/product"}],"about":[{"href":"https:\/\/fumot.uk\/de\/wp-json\/wp\/v2\/types\/product"}],"replies":[{"embeddable":true,"href":"https:\/\/fumot.uk\/de\/wp-json\/wp\/v2\/comments?post=414"}],"wp:featuredmedia":[{"embeddable":true,"href":"https:\/\/fumot.uk\/de\/wp-json\/wp\/v2\/media\/468"}],"wp:attachment":[{"href":"https:\/\/fumot.uk\/de\/wp-json\/wp\/v2\/media?parent=414"}],"wp:term":[{"taxonomy":"product_brand","embeddable":true,"href":"https:\/\/fumot.uk\/de\/wp-json\/wp\/v2\/product_brand?post=414"},{"taxonomy":"product_cat","embeddable":true,"href":"https:\/\/fumot.uk\/de\/wp-json\/wp\/v2\/product_cat?post=414"},{"taxonomy":"product_tag","embeddable":true,"href":"https:\/\/fumot.uk\/de\/wp-json\/wp\/v2\/product_tag?post=414"}],"curies":[{"name":"wp","href":"https:\/\/api.w.org\/{rel}","templated":true}]}}