{"id":411,"date":"2026-01-20T02:44:11","date_gmt":"2026-01-20T02:44:11","guid":{"rendered":"https:\/\/fumot.uk\/?post_type=product&#038;p=411"},"modified":"2026-01-20T07:59:53","modified_gmt":"2026-01-20T07:59:53","slug":"randm-tornado-20000-puffs-jelly-beans","status":"publish","type":"product","link":"https:\/\/fumot.uk\/de\/product\/randm-tornado-20000-puffs-jelly-beans\/","title":{"rendered":"RandM Tornado 20000 Puffs Jelly Beans Einweg E-Zigaretten \u2013 20ml, Dual Mesh, LCD, Typ\u2011C (2%\/5%)"},"content":{"rendered":"<h2>RandM Tornado 20000 Z\u00fcge \u2013 Jelly Beans Geschmack<\/h2>\n<p><strong>S\u00fc\u00dfe im Candy-Shop-Stil, taschenfertige Bequemlichkeit.<\/strong> Der <strong>RandM Tornado 20000 Z\u00fcge Jelly Beans Einweg-E-Zigaretten<\/strong> f\u00e4ngt das klassische Jelly Bean-Gef\u00fchl ein\u2014hell, fruchtig und s\u00fc\u00df\u2014eingeh\u00fcllt in einen sanften, modernen Zug. Es ist ein einfacher Ganztages-Candy-Geschmack, der leicht und aufmunternd bleibt, mit einem spielerischen Finish, das sich vom ersten Zug an vertraut anf\u00fchlt.<\/p>\n<p>Einkaufen bei <a href=\"https:\/\/fumot.uk\/de\/\">fumot.uk<\/a>? Sie k\u00f6nnen auch mehr langlebige Optionen in unserem <a href=\"https:\/\/fumot.uk\/de\/product-category\/randm-tornado-20000-puffs\/\">RandM Tornado 20000 Z\u00fcge Kollektion<\/a>.<\/p>\n<h3>Hauptmerkmale<\/h3>\n<ul>\n<li><strong>Geschmack:<\/strong> Jelly Beans \u2013 s\u00fc\u00dfes Candy-Profil mit einem gemischten fruchtigen Charakter<\/li>\n<li><strong>Zuganzahl:<\/strong> Bis zu <strong>20000 Z\u00fcge<\/strong> (abh\u00e4ngig vom Gebrauch)<\/li>\n<li><strong>E-Liquid-Kapazit\u00e4t:<\/strong> <strong>20ml<\/strong> f\u00fcr verl\u00e4ngerte Nutzung<\/li>\n<li><strong>Nikotinoptionen:<\/strong> <strong>2%<\/strong> or <strong>5%<\/strong> (w\u00e4hlen Sie Ihre Pr\u00e4ferenz)<\/li>\n<li><strong>Batterie:<\/strong> <strong>850mAh<\/strong> wiederaufladbar<\/li>\n<li><strong>Laden:<\/strong> <strong>Type\u2011C<\/strong> f\u00fcr bequemes Aufladen<\/li>\n<li><strong>Dual-Mesh-Spule:<\/strong> Entwickelt f\u00fcr konsistenten Dampf und vollere Geschmacksabgabe<\/li>\n<li><strong>Intelligentes LCD-Display:<\/strong> \u00dcberpr\u00fcfen Sie den Batterie- und E-Liquid-Status auf einen Blick<\/li>\n<\/ul>\n<h3>Wie Jelly Beans schmecken<\/h3>\n<p>Denken Sie an <strong>bunte Candy-S\u00fc\u00dfe<\/strong> mit einem <strong>fruchtige Mischung<\/strong> die jeden Zug frisch h\u00e4lt. Es ist s\u00fc\u00df, ohne zu schwer zu werden, was es zu einer gro\u00dfartigen Wahl f\u00fcr Fans von <strong>Candy-E-Zigaretten-Geschm\u00e4ckern<\/strong> macht, die etwas Fr\u00f6hliches und Einfaches suchen, zu dem sie den ganzen Tag \u00fcber zur\u00fcckkehren k\u00f6nnen.<\/p>\n<h3>Warum den RandM Tornado 20000 w\u00e4hlen?<\/h3>\n<ul>\n<li><strong>Langlebige Kapazit\u00e4t:<\/strong> 20ml gepaart mit bis zu 20000 Z\u00fcgen f\u00fcr weniger Ersatz<\/li>\n<li><strong>Alltagstaugliche Bequemlichkeit:<\/strong> Aufladen \u00fcber Type\u2011C und informiert bleiben mit dem LCD-Bildschirm<\/li>\n<li><strong>Geschmacksbest\u00e4ndigkeit:<\/strong> Dual-Mesh-Technologie hilft, das Jelly Beans Profil stabil zu halten<\/li>\n<\/ul>\n<h3>Perfekt f\u00fcr<\/h3>\n<p>Vaper, die eine <strong>langlebige Einweg-E-Zigaretten<\/strong> mit einem s\u00fc\u00dfen, fruchtigen Candy-Profil wollen\u2014plus moderne Extras wie ein <strong>LCD-Display<\/strong>, eine <strong>wiederaufladbaren 850mAh Akku<\/strong>, und <strong>Typ\u2011C-Ladung<\/strong>.<\/p>\n<p><strong>Mehr s\u00fc\u00dfe Auswahlm\u00f6glichkeiten warten:<\/strong> durchst\u00f6bern Sie das gesamte <a href=\"https:\/\/fumot.uk\/de\/product-category\/randm-tornado-20000-puffs\/\">RandM Tornado 20000 Z\u00fcge Sortiment<\/a> on <a href=\"https:\/\/fumot.uk\/de\/\">fumot.uk<\/a>.<\/p>","protected":false},"excerpt":{"rendered":"<p>RandM Tornado 20000 Puffs Jelly Beans Einweg-E-Zigaretten mit 20ml E-Liquid, Dual-Mesh-Coil, intelligentem LCD-Display, 850mAh wiederaufladbarem Akku und Typ-C-Ladung. Nikotin: 2% oder 5%.<\/p>","protected":false},"featured_media":465,"comment_status":"open","ping_status":"closed","template":"","meta":[],"product_brand":[],"product_cat":[68,69,17],"product_tag":[70,60,71,20,47,72,73,74,26,27,62,28],"class_list":{"0":"post-411","1":"product","2":"type-product","3":"status-publish","4":"has-post-thumbnail","6":"product_cat-20000-puff","7":"product_cat-randm-tornado-20000-puffs","8":"product_cat-vape","9":"product_tag-2-nikotin","10":"product_tag-20ml","11":"product_tag-5-nikotin","12":"product_tag-850mah","13":"product_tag-candy","14":"product_tag-direct-to-lung","15":"product_tag-dual-mesh","16":"product_tag-lcd-display","17":"product_tag-rechargeable","18":"product_tag-rgb-light","19":"product_tag-sale-vape","20":"product_tag-type-c","22":"first","23":"instock","24":"sale","25":"shipping-taxable","26":"purchasable","27":"product-type-variable","28":"has-default-attributes"},"yoast_head":"<!-- This site is optimized with the Yoast SEO plugin v26.8 - https:\/\/yoast.com\/product\/yoast-seo-wordpress\/ -->\n<title>RandM Tornado 20000 Jelly Beans Disposable Vape | fumot.uk<\/title>\n<meta name=\"description\" content=\"RandM Tornado 20000 Puffs Jelly Beans disposable vape: 20ml, dual mesh coil, LCD display, 850mAh rechargeable, Type\u2011C charging. 2%\/5% nicotine.\" \/>\n<meta name=\"robots\" content=\"index, follow, max-snippet:-1, max-image-preview:large, max-video-preview:-1\" \/>\n<link rel=\"canonical\" href=\"https:\/\/fumot.uk\/de\/product\/randm-tornado-20000-puffs-jelly-beans\/\" \/>\n<meta property=\"og:locale\" content=\"de_DE\" \/>\n<meta property=\"og:type\" content=\"article\" \/>\n<meta property=\"og:title\" content=\"RandM Tornado 20000 Puffs \u2013 Jelly Beans Disposable Vape\" \/>\n<meta property=\"og:description\" content=\"Sweet candy-style Jelly Beans flavor with up to 20000 puffs, 20ml e-liquid, dual mesh, LCD screen, 850mAh rechargeable battery and Type\u2011C charging.\" \/>\n<meta property=\"og:url\" content=\"https:\/\/fumot.uk\/de\/product\/randm-tornado-20000-puffs-jelly-beans\/\" \/>\n<meta property=\"og:site_name\" content=\"Fumot Official Direct | Straight from the Factory, 100% Genuine\" \/>\n<meta property=\"article:modified_time\" content=\"2026-01-20T07:59:53+00:00\" \/>\n<meta property=\"og:image\" content=\"https:\/\/fumot.uk\/wp-content\/uploads\/2026\/01\/Randm-Tornado-20000-Puffs-Disposable-Vape_Jelly-Beans.jpg\" \/>\n\t<meta property=\"og:image:width\" content=\"2000\" \/>\n\t<meta property=\"og:image:height\" content=\"2000\" \/>\n\t<meta property=\"og:image:type\" content=\"image\/jpeg\" \/>\n<meta name=\"twitter:card\" content=\"summary_large_image\" \/>\n<meta name=\"twitter:label1\" content=\"Gesch\u00e4tzte Lesezeit\" \/>\n\t<meta name=\"twitter:data1\" content=\"2\u00a0Minuten\" \/>\n<script type=\"application\/ld+json\" class=\"yoast-schema-graph\">{\"@context\":\"https:\/\/schema.org\",\"@graph\":[{\"@type\":\"WebPage\",\"@id\":\"https:\/\/fumot.uk\/product\/randm-tornado-20000-puffs-jelly-beans\/\",\"url\":\"https:\/\/fumot.uk\/product\/randm-tornado-20000-puffs-jelly-beans\/\",\"name\":\"RandM Tornado 20000 Jelly Beans Disposable Vape | fumot.uk\",\"isPartOf\":{\"@id\":\"https:\/\/fumot.uk\/#website\"},\"primaryImageOfPage\":{\"@id\":\"https:\/\/fumot.uk\/product\/randm-tornado-20000-puffs-jelly-beans\/#primaryimage\"},\"image\":{\"@id\":\"https:\/\/fumot.uk\/product\/randm-tornado-20000-puffs-jelly-beans\/#primaryimage\"},\"thumbnailUrl\":\"https:\/\/fumot.uk\/wp-content\/uploads\/2026\/01\/Randm-Tornado-20000-Puffs-Disposable-Vape_Jelly-Beans.jpg\",\"datePublished\":\"2026-01-20T02:44:11+00:00\",\"dateModified\":\"2026-01-20T07:59:53+00:00\",\"description\":\"RandM Tornado 20000 Puffs Jelly Beans disposable vape: 20ml, dual mesh coil, LCD display, 850mAh rechargeable, Type\u2011C charging. 2%\/5% nicotine.\",\"breadcrumb\":{\"@id\":\"https:\/\/fumot.uk\/product\/randm-tornado-20000-puffs-jelly-beans\/#breadcrumb\"},\"inLanguage\":\"de\",\"potentialAction\":[{\"@type\":\"ReadAction\",\"target\":[\"https:\/\/fumot.uk\/product\/randm-tornado-20000-puffs-jelly-beans\/\"]}]},{\"@type\":\"ImageObject\",\"inLanguage\":\"de\",\"@id\":\"https:\/\/fumot.uk\/product\/randm-tornado-20000-puffs-jelly-beans\/#primaryimage\",\"url\":\"https:\/\/fumot.uk\/wp-content\/uploads\/2026\/01\/Randm-Tornado-20000-Puffs-Disposable-Vape_Jelly-Beans.jpg\",\"contentUrl\":\"https:\/\/fumot.uk\/wp-content\/uploads\/2026\/01\/Randm-Tornado-20000-Puffs-Disposable-Vape_Jelly-Beans.jpg\",\"width\":2000,\"height\":2000},{\"@type\":\"BreadcrumbList\",\"@id\":\"https:\/\/fumot.uk\/product\/randm-tornado-20000-puffs-jelly-beans\/#breadcrumb\",\"itemListElement\":[{\"@type\":\"ListItem\",\"position\":1,\"name\":\"Home\",\"item\":\"https:\/\/fumot.uk\/\"},{\"@type\":\"ListItem\",\"position\":2,\"name\":\"Shop\",\"item\":\"https:\/\/fumot.uk\/shop\/\"},{\"@type\":\"ListItem\",\"position\":3,\"name\":\"RandM Tornado 20000 Puffs Jelly Beans Disposable Vape \u2013 20ml, Dual Mesh, LCD, Type\u2011C (2%\/5%)\"}]},{\"@type\":\"WebSite\",\"@id\":\"https:\/\/fumot.uk\/#website\",\"url\":\"https:\/\/fumot.uk\/\",\"name\":\"Fumot Official Direct | Straight from the Factory, 100% Genuine\",\"description\":\"Official Website\",\"publisher\":{\"@id\":\"https:\/\/fumot.uk\/#organization\"},\"potentialAction\":[{\"@type\":\"SearchAction\",\"target\":{\"@type\":\"EntryPoint\",\"urlTemplate\":\"https:\/\/fumot.uk\/?s={search_term_string}\"},\"query-input\":{\"@type\":\"PropertyValueSpecification\",\"valueRequired\":true,\"valueName\":\"search_term_string\"}}],\"inLanguage\":\"de\"},{\"@type\":\"Organization\",\"@id\":\"https:\/\/fumot.uk\/#organization\",\"name\":\"Fumot Official Direct | Straight from the Factory, 100% Genuine\",\"url\":\"https:\/\/fumot.uk\/\",\"logo\":{\"@type\":\"ImageObject\",\"inLanguage\":\"de\",\"@id\":\"https:\/\/fumot.uk\/#\/schema\/logo\/image\/\",\"url\":\"https:\/\/fumot.uk\/wp-content\/uploads\/2026\/01\/cropped-fumot-logo1.png\",\"contentUrl\":\"https:\/\/fumot.uk\/wp-content\/uploads\/2026\/01\/cropped-fumot-logo1.png\",\"width\":152,\"height\":106,\"caption\":\"Fumot Official Direct | Straight from the Factory, 100% Genuine\"},\"image\":{\"@id\":\"https:\/\/fumot.uk\/#\/schema\/logo\/image\/\"}}]}<\/script>\n<!-- \/ Yoast SEO plugin. -->","yoast_head_json":{"title":"RandM Tornado 20000 Jelly Beans Einweg E-Zigaretten | fumot.uk","description":"RandM Tornado 20000 Puffs Jelly Beans Einweg-E-Zigaretten: 20ml, Dual-Mesh-Spule, LCD-Display, 850mAh wiederaufladbar, Typ-C-Ladung. 2%\/5% Nikotin.","robots":{"index":"index","follow":"follow","max-snippet":"max-snippet:-1","max-image-preview":"max-image-preview:large","max-video-preview":"max-video-preview:-1"},"canonical":"https:\/\/fumot.uk\/de\/product\/randm-tornado-20000-puffs-jelly-beans\/","og_locale":"de_DE","og_type":"article","og_title":"RandM Tornado 20000 Puffs \u2013 Jelly Beans Disposable Vape","og_description":"Sweet candy-style Jelly Beans flavor with up to 20000 puffs, 20ml e-liquid, dual mesh, LCD screen, 850mAh rechargeable battery and Type\u2011C charging.","og_url":"https:\/\/fumot.uk\/de\/product\/randm-tornado-20000-puffs-jelly-beans\/","og_site_name":"Fumot Official Direct | Straight from the Factory, 100% Genuine","article_modified_time":"2026-01-20T07:59:53+00:00","og_image":[{"width":2000,"height":2000,"url":"https:\/\/fumot.uk\/wp-content\/uploads\/2026\/01\/Randm-Tornado-20000-Puffs-Disposable-Vape_Jelly-Beans.jpg","type":"image\/jpeg"}],"twitter_card":"summary_large_image","twitter_misc":{"Gesch\u00e4tzte Lesezeit":"2\u00a0Minuten"},"schema":{"@context":"https:\/\/schema.org","@graph":[{"@type":"WebPage","@id":"https:\/\/fumot.uk\/product\/randm-tornado-20000-puffs-jelly-beans\/","url":"https:\/\/fumot.uk\/product\/randm-tornado-20000-puffs-jelly-beans\/","name":"RandM Tornado 20000 Jelly Beans Einweg E-Zigaretten | fumot.uk","isPartOf":{"@id":"https:\/\/fumot.uk\/#website"},"primaryImageOfPage":{"@id":"https:\/\/fumot.uk\/product\/randm-tornado-20000-puffs-jelly-beans\/#primaryimage"},"image":{"@id":"https:\/\/fumot.uk\/product\/randm-tornado-20000-puffs-jelly-beans\/#primaryimage"},"thumbnailUrl":"https:\/\/fumot.uk\/wp-content\/uploads\/2026\/01\/Randm-Tornado-20000-Puffs-Disposable-Vape_Jelly-Beans.jpg","datePublished":"2026-01-20T02:44:11+00:00","dateModified":"2026-01-20T07:59:53+00:00","description":"RandM Tornado 20000 Puffs Jelly Beans Einweg-E-Zigaretten: 20ml, Dual-Mesh-Spule, LCD-Display, 850mAh wiederaufladbar, Typ-C-Ladung. 2%\/5% Nikotin.","breadcrumb":{"@id":"https:\/\/fumot.uk\/product\/randm-tornado-20000-puffs-jelly-beans\/#breadcrumb"},"inLanguage":"de","potentialAction":[{"@type":"ReadAction","target":["https:\/\/fumot.uk\/product\/randm-tornado-20000-puffs-jelly-beans\/"]}]},{"@type":"ImageObject","inLanguage":"de","@id":"https:\/\/fumot.uk\/product\/randm-tornado-20000-puffs-jelly-beans\/#primaryimage","url":"https:\/\/fumot.uk\/wp-content\/uploads\/2026\/01\/Randm-Tornado-20000-Puffs-Disposable-Vape_Jelly-Beans.jpg","contentUrl":"https:\/\/fumot.uk\/wp-content\/uploads\/2026\/01\/Randm-Tornado-20000-Puffs-Disposable-Vape_Jelly-Beans.jpg","width":2000,"height":2000},{"@type":"BreadcrumbList","@id":"https:\/\/fumot.uk\/product\/randm-tornado-20000-puffs-jelly-beans\/#breadcrumb","itemListElement":[{"@type":"ListItem","position":1,"name":"Home","item":"https:\/\/fumot.uk\/"},{"@type":"ListItem","position":2,"name":"Shop","item":"https:\/\/fumot.uk\/shop\/"},{"@type":"ListItem","position":3,"name":"RandM Tornado 20000 Puffs Jelly Beans Disposable Vape \u2013 20ml, Dual Mesh, LCD, Type\u2011C (2%\/5%)"}]},{"@type":"WebSite","@id":"https:\/\/fumot.uk\/#website","url":"https:\/\/fumot.uk\/","name":"Fumot Offizieller Direkt | Direkt aus der Fabrik, 100% Original","description":"Offizielle Webseite","publisher":{"@id":"https:\/\/fumot.uk\/#organization"},"potentialAction":[{"@type":"SearchAction","target":{"@type":"EntryPoint","urlTemplate":"https:\/\/fumot.uk\/?s={search_term_string}"},"query-input":{"@type":"PropertyValueSpecification","valueRequired":true,"valueName":"search_term_string"}}],"inLanguage":"de"},{"@type":"Organization","@id":"https:\/\/fumot.uk\/#organization","name":"Fumot Offizieller Direkt | Direkt aus der Fabrik, 100% Original","url":"https:\/\/fumot.uk\/","logo":{"@type":"ImageObject","inLanguage":"de","@id":"https:\/\/fumot.uk\/#\/schema\/logo\/image\/","url":"https:\/\/fumot.uk\/wp-content\/uploads\/2026\/01\/cropped-fumot-logo1.png","contentUrl":"https:\/\/fumot.uk\/wp-content\/uploads\/2026\/01\/cropped-fumot-logo1.png","width":152,"height":106,"caption":"Fumot Official Direct | Straight from the Factory, 100% Genuine"},"image":{"@id":"https:\/\/fumot.uk\/#\/schema\/logo\/image\/"}}]}},"_links":{"self":[{"href":"https:\/\/fumot.uk\/de\/wp-json\/wp\/v2\/product\/411","targetHints":{"allow":["GET"]}}],"collection":[{"href":"https:\/\/fumot.uk\/de\/wp-json\/wp\/v2\/product"}],"about":[{"href":"https:\/\/fumot.uk\/de\/wp-json\/wp\/v2\/types\/product"}],"replies":[{"embeddable":true,"href":"https:\/\/fumot.uk\/de\/wp-json\/wp\/v2\/comments?post=411"}],"wp:featuredmedia":[{"embeddable":true,"href":"https:\/\/fumot.uk\/de\/wp-json\/wp\/v2\/media\/465"}],"wp:attachment":[{"href":"https:\/\/fumot.uk\/de\/wp-json\/wp\/v2\/media?parent=411"}],"wp:term":[{"taxonomy":"product_brand","embeddable":true,"href":"https:\/\/fumot.uk\/de\/wp-json\/wp\/v2\/product_brand?post=411"},{"taxonomy":"product_cat","embeddable":true,"href":"https:\/\/fumot.uk\/de\/wp-json\/wp\/v2\/product_cat?post=411"},{"taxonomy":"product_tag","embeddable":true,"href":"https:\/\/fumot.uk\/de\/wp-json\/wp\/v2\/product_tag?post=411"}],"curies":[{"name":"wp","href":"https:\/\/api.w.org\/{rel}","templated":true}]}}