{"id":410,"date":"2026-01-20T02:44:11","date_gmt":"2026-01-20T02:44:11","guid":{"rendered":"https:\/\/fumot.uk\/?post_type=product&#038;p=410"},"modified":"2026-01-20T07:59:52","modified_gmt":"2026-01-20T07:59:52","slug":"randm-tornado-20000-puffs-huke-leberry","status":"publish","type":"product","link":"https:\/\/fumot.uk\/de\/product\/randm-tornado-20000-puffs-huke-leberry\/","title":{"rendered":"RandM Tornado 20000 Z\u00fcge Einweg-E-Zigaretten \u2013 Huke Leberry (20ml, Dual Mesh, LCD, Typ\u2011C Wiederaufladbar)"},"content":{"rendered":"<h2>RandM Tornado 20000 Z\u00fcge \u2013 Huke Leberry<\/h2>\n<p><strong>Beerenbetont, hell und sanft k\u00fchl.<\/strong> Der <strong>RandM Tornado 20000 Z\u00fcge<\/strong> in <strong>Huke Leberry<\/strong> bietet eine von Blaubeeren inspirierte gemischte Beerens\u00fc\u00dfe mit einem knackigen, erfrischenden Abschluss. Es ist glatt, aromatisch und bleibt \u00fcber lange Sitzungen hinweg angenehm\u2014ideal, wenn Sie einen fruchtigen Geschmack w\u00fcnschen, der vertraut wirkt, aber dennoch auff\u00e4llt.<\/p>\n<h3>Huke Leberry Geschmacksprofil<\/h3>\n<ul>\n<li><strong>Geschmack:<\/strong> reiche gemischte Beerens\u00fc\u00dfe mit einem Blaubeer-Charakter<\/li>\n<li><strong>Ausatmen:<\/strong> sauber, leicht k\u00fchle Erfrischung<\/li>\n<li><strong>Gesamtstimmung:<\/strong> s\u00fc\u00df-fruchtig, hell und leicht wiederzukommen<\/li>\n<\/ul>\n<h3>Warum Sie dieses RandM Tornado 20000 m\u00f6gen werden<\/h3>\n<ul>\n<li><strong>Bis zu 20000 Z\u00fcge:<\/strong> f\u00fcr langanhaltenden, t\u00e4glichen Gebrauch konzipiert<\/li>\n<li><strong>20ml E-Liquid-Kapazit\u00e4t:<\/strong> weniger Wechsel, mehr Konsistenz<\/li>\n<li><strong>Dual-Mesh-Spule:<\/strong> vollerer Geschmack und zuverl\u00e4ssig dichter Dampf<\/li>\n<li><strong>Intelligentes LCD-Display:<\/strong> schnelle \u00dcberpr\u00fcfung des Batterie- und E-Liquid-Standes<\/li>\n<li><strong>850mAh wiederaufladbare Batterie:<\/strong> zuverl\u00e4ssige Leistung \u00fcber den Tag<\/li>\n<li><strong>Typ\u2011C-Ladung:<\/strong> schnelle, bequeme Auff\u00fcllungen (siehe mehr unter <a href=\"https:\/\/fumot.uk\/de\/product-tag\/type-c\/\">Typ\u2011C E-Zigaretten<\/a>)<\/li>\n<li><strong>Nikotinoptionen:<\/strong> <strong>2%<\/strong> or <strong>5%<\/strong> (w\u00e4hlen Sie Ihre Pr\u00e4ferenz)<\/li>\n<li><strong>Direkt-zu-Lunge-freundlich:<\/strong> ein sanfter, geschmacksorientierter Zug<\/li>\n<\/ul>\n<h3>F\u00fcr wen Huke Leberry gemacht ist<\/h3>\n<p>Wenn Sie auf <strong>fruchtigen Einweg-E-Zigaretten<\/strong>\u2014besonders Beerenmischungen\u2014stehen und moderne Funktionen wie <strong>Dual-Mesh-<\/strong>, einem <strong>LCD-Bildschirm<\/strong>, und <strong>Typ\u2011C wiederaufladbar<\/strong> Bequemlichkeit w\u00fcnschen, ist Huke Leberry eine starke Wahl f\u00fcr Ihre Rotation.<\/p>\n<h3>Entdecken Sie weitere RandM Tornado Geschmacksrichtungen<\/h3>\n<p>Auf der Suche nach einem anderen Geschmack im gleichen hochkapazitiven Format? Durchsuchen Sie die gesamte <a href=\"https:\/\/fumot.uk\/de\/product-category\/randm-tornado-20000-puffs\/\">RandM Tornado 20000 Z\u00fcge Kollektion<\/a> on <a href=\"https:\/\/fumot.uk\/de\/\">fumot.uk<\/a>.<\/p>\n<hr \/>\n<h3>Spezifikationen<\/h3>\n<ul>\n<li><strong>Marke\/Serie:<\/strong> RandM Tornado<\/li>\n<li><strong>Zuganzahl:<\/strong> Bis zu 20000<\/li>\n<li><strong>E-Liquid Kapazit\u00e4t:<\/strong> 20ml<\/li>\n<li><strong>Batterie:<\/strong> 850mAh (wiederaufladbar)<\/li>\n<li><strong>Laden:<\/strong> Type\u2011C<\/li>\n<li><strong>Spule:<\/strong> Dual Mesh<\/li>\n<li><strong>Display:<\/strong> LCD (Akku- &amp; E-Liquid-Anzeigen)<\/li>\n<li><strong>Nikotinst\u00e4rke:<\/strong> 2% \/ 5%<\/li>\n<li><strong>Geschmack:<\/strong> Huke Leberry (beerens\u00fc\u00df mit einem leicht k\u00fchlen Abschluss)<\/li>\n<\/ul>\n<p><em>Hinweis: Die Anzahl der Z\u00fcge kann je nach Zugl\u00e4nge und individuellem Nutzungsverhalten variieren.<\/em><\/p>","protected":false},"excerpt":{"rendered":"<p>RandM Tornado 20000 Puffs Huke Leberry Einweg-E-Zigaretten: Blaubeerartiger gemischter Beerens\u00fc\u00dfe mit einem sauberen, leicht k\u00fchlen Abgang. 20ml, Dual Mesh, LCD, 850mAh wiederaufladbar, Typ-C. Nikotin: 2% oder 5%.<\/p>","protected":false},"featured_media":464,"comment_status":"open","ping_status":"closed","template":"","meta":[],"product_brand":[],"product_cat":[68,69,17],"product_tag":[70,60,71,20,33,72,73,74,61,26,27,62,28],"class_list":{"0":"post-410","1":"product","2":"type-product","3":"status-publish","4":"has-post-thumbnail","6":"product_cat-20000-puff","7":"product_cat-randm-tornado-20000-puffs","8":"product_cat-vape","9":"product_tag-2-nikotin","10":"product_tag-20ml","11":"product_tag-5-nikotin","12":"product_tag-850mah","13":"product_tag-blueberry","14":"product_tag-direct-to-lung","15":"product_tag-dual-mesh","16":"product_tag-lcd-display","17":"product_tag-mint","18":"product_tag-rechargeable","19":"product_tag-rgb-light","20":"product_tag-sale-vape","21":"product_tag-type-c","23":"first","24":"instock","25":"sale","26":"shipping-taxable","27":"purchasable","28":"product-type-variable","29":"has-default-attributes"},"yoast_head":"<!-- This site is optimized with the Yoast SEO plugin v26.8 - https:\/\/yoast.com\/product\/yoast-seo-wordpress\/ -->\n<title>RandM Tornado 20000 Huke Leberry | Dual Mesh 20ml<\/title>\n<meta name=\"description\" content=\"Buy RandM Tornado 20000 Puffs Huke Leberry at fumot.uk. Berry-sweet with a lightly cool finish, 20ml, Dual Mesh, LCD, 850mAh rechargeable, Type\u2011C. 2%\/5%.\" \/>\n<meta name=\"robots\" content=\"index, follow, max-snippet:-1, max-image-preview:large, max-video-preview:-1\" \/>\n<link rel=\"canonical\" href=\"https:\/\/fumot.uk\/de\/product\/randm-tornado-20000-puffs-huke-leberry\/\" \/>\n<meta property=\"og:locale\" content=\"de_DE\" \/>\n<meta property=\"og:type\" content=\"article\" \/>\n<meta property=\"og:title\" content=\"RandM Tornado 20000 Puffs \u2013 Huke Leberry (20ml, Dual Mesh)\" \/>\n<meta property=\"og:description\" content=\"Berry-bright Huke Leberry with a lightly cool finish. Up to 20000 puffs, 20ml, Dual Mesh coil, LCD display, 850mAh rechargeable, Type\u2011C. Shop on fumot.uk.\" \/>\n<meta property=\"og:url\" content=\"https:\/\/fumot.uk\/de\/product\/randm-tornado-20000-puffs-huke-leberry\/\" \/>\n<meta property=\"og:site_name\" content=\"Fumot Official Direct | Straight from the Factory, 100% Genuine\" \/>\n<meta property=\"article:modified_time\" content=\"2026-01-20T07:59:52+00:00\" \/>\n<meta property=\"og:image\" content=\"https:\/\/fumot.uk\/wp-content\/uploads\/2026\/01\/Huck-leberry_Randm-Tornado-20000-Puffs-Disposable-Vape.jpg\" \/>\n\t<meta property=\"og:image:width\" content=\"2000\" \/>\n\t<meta property=\"og:image:height\" content=\"2000\" \/>\n\t<meta property=\"og:image:type\" content=\"image\/jpeg\" \/>\n<meta name=\"twitter:card\" content=\"summary_large_image\" \/>\n<meta name=\"twitter:label1\" content=\"Gesch\u00e4tzte Lesezeit\" \/>\n\t<meta name=\"twitter:data1\" content=\"2\u00a0Minuten\" \/>\n<script type=\"application\/ld+json\" class=\"yoast-schema-graph\">{\"@context\":\"https:\/\/schema.org\",\"@graph\":[{\"@type\":\"WebPage\",\"@id\":\"https:\/\/fumot.uk\/product\/randm-tornado-20000-puffs-huke-leberry\/\",\"url\":\"https:\/\/fumot.uk\/product\/randm-tornado-20000-puffs-huke-leberry\/\",\"name\":\"RandM Tornado 20000 Huke Leberry | Dual Mesh 20ml\",\"isPartOf\":{\"@id\":\"https:\/\/fumot.uk\/#website\"},\"primaryImageOfPage\":{\"@id\":\"https:\/\/fumot.uk\/product\/randm-tornado-20000-puffs-huke-leberry\/#primaryimage\"},\"image\":{\"@id\":\"https:\/\/fumot.uk\/product\/randm-tornado-20000-puffs-huke-leberry\/#primaryimage\"},\"thumbnailUrl\":\"https:\/\/fumot.uk\/wp-content\/uploads\/2026\/01\/Huck-leberry_Randm-Tornado-20000-Puffs-Disposable-Vape.jpg\",\"datePublished\":\"2026-01-20T02:44:11+00:00\",\"dateModified\":\"2026-01-20T07:59:52+00:00\",\"description\":\"Buy RandM Tornado 20000 Puffs Huke Leberry at fumot.uk. Berry-sweet with a lightly cool finish, 20ml, Dual Mesh, LCD, 850mAh rechargeable, Type\u2011C. 2%\/5%.\",\"breadcrumb\":{\"@id\":\"https:\/\/fumot.uk\/product\/randm-tornado-20000-puffs-huke-leberry\/#breadcrumb\"},\"inLanguage\":\"de\",\"potentialAction\":[{\"@type\":\"ReadAction\",\"target\":[\"https:\/\/fumot.uk\/product\/randm-tornado-20000-puffs-huke-leberry\/\"]}]},{\"@type\":\"ImageObject\",\"inLanguage\":\"de\",\"@id\":\"https:\/\/fumot.uk\/product\/randm-tornado-20000-puffs-huke-leberry\/#primaryimage\",\"url\":\"https:\/\/fumot.uk\/wp-content\/uploads\/2026\/01\/Huck-leberry_Randm-Tornado-20000-Puffs-Disposable-Vape.jpg\",\"contentUrl\":\"https:\/\/fumot.uk\/wp-content\/uploads\/2026\/01\/Huck-leberry_Randm-Tornado-20000-Puffs-Disposable-Vape.jpg\",\"width\":2000,\"height\":2000},{\"@type\":\"BreadcrumbList\",\"@id\":\"https:\/\/fumot.uk\/product\/randm-tornado-20000-puffs-huke-leberry\/#breadcrumb\",\"itemListElement\":[{\"@type\":\"ListItem\",\"position\":1,\"name\":\"Home\",\"item\":\"https:\/\/fumot.uk\/\"},{\"@type\":\"ListItem\",\"position\":2,\"name\":\"Shop\",\"item\":\"https:\/\/fumot.uk\/shop\/\"},{\"@type\":\"ListItem\",\"position\":3,\"name\":\"RandM Tornado 20000 Puffs Disposable Vape \u2013 Huke Leberry (20ml, Dual Mesh, LCD, Type\u2011C Rechargeable)\"}]},{\"@type\":\"WebSite\",\"@id\":\"https:\/\/fumot.uk\/#website\",\"url\":\"https:\/\/fumot.uk\/\",\"name\":\"Fumot Official Direct | Straight from the Factory, 100% Genuine\",\"description\":\"Official Website\",\"publisher\":{\"@id\":\"https:\/\/fumot.uk\/#organization\"},\"potentialAction\":[{\"@type\":\"SearchAction\",\"target\":{\"@type\":\"EntryPoint\",\"urlTemplate\":\"https:\/\/fumot.uk\/?s={search_term_string}\"},\"query-input\":{\"@type\":\"PropertyValueSpecification\",\"valueRequired\":true,\"valueName\":\"search_term_string\"}}],\"inLanguage\":\"de\"},{\"@type\":\"Organization\",\"@id\":\"https:\/\/fumot.uk\/#organization\",\"name\":\"Fumot Official Direct | Straight from the Factory, 100% Genuine\",\"url\":\"https:\/\/fumot.uk\/\",\"logo\":{\"@type\":\"ImageObject\",\"inLanguage\":\"de\",\"@id\":\"https:\/\/fumot.uk\/#\/schema\/logo\/image\/\",\"url\":\"https:\/\/fumot.uk\/wp-content\/uploads\/2026\/01\/cropped-fumot-logo1.png\",\"contentUrl\":\"https:\/\/fumot.uk\/wp-content\/uploads\/2026\/01\/cropped-fumot-logo1.png\",\"width\":152,\"height\":106,\"caption\":\"Fumot Official Direct | Straight from the Factory, 100% Genuine\"},\"image\":{\"@id\":\"https:\/\/fumot.uk\/#\/schema\/logo\/image\/\"}}]}<\/script>\n<!-- \/ Yoast SEO plugin. -->","yoast_head_json":{"title":"RandM Tornado 20000 Huke Leberry | Dual Mesh 20ml","description":"Kaufen Sie RandM Tornado 20000 Puffs Huke Leberry bei fumot.uk. Beerens\u00fc\u00df mit einem leicht k\u00fchlen Finish, 20ml, Dual Mesh, LCD, 850mAh wiederaufladbar, Typ\u2011C. 2%\/5%.","robots":{"index":"index","follow":"follow","max-snippet":"max-snippet:-1","max-image-preview":"max-image-preview:large","max-video-preview":"max-video-preview:-1"},"canonical":"https:\/\/fumot.uk\/de\/product\/randm-tornado-20000-puffs-huke-leberry\/","og_locale":"de_DE","og_type":"article","og_title":"RandM Tornado 20000 Puffs \u2013 Huke Leberry (20ml, Dual Mesh)","og_description":"Berry-bright Huke Leberry with a lightly cool finish. Up to 20000 puffs, 20ml, Dual Mesh coil, LCD display, 850mAh rechargeable, Type\u2011C. Shop on fumot.uk.","og_url":"https:\/\/fumot.uk\/de\/product\/randm-tornado-20000-puffs-huke-leberry\/","og_site_name":"Fumot Official Direct | Straight from the Factory, 100% Genuine","article_modified_time":"2026-01-20T07:59:52+00:00","og_image":[{"width":2000,"height":2000,"url":"https:\/\/fumot.uk\/wp-content\/uploads\/2026\/01\/Huck-leberry_Randm-Tornado-20000-Puffs-Disposable-Vape.jpg","type":"image\/jpeg"}],"twitter_card":"summary_large_image","twitter_misc":{"Gesch\u00e4tzte Lesezeit":"2\u00a0Minuten"},"schema":{"@context":"https:\/\/schema.org","@graph":[{"@type":"WebPage","@id":"https:\/\/fumot.uk\/product\/randm-tornado-20000-puffs-huke-leberry\/","url":"https:\/\/fumot.uk\/product\/randm-tornado-20000-puffs-huke-leberry\/","name":"RandM Tornado 20000 Huke Leberry | Dual Mesh 20ml","isPartOf":{"@id":"https:\/\/fumot.uk\/#website"},"primaryImageOfPage":{"@id":"https:\/\/fumot.uk\/product\/randm-tornado-20000-puffs-huke-leberry\/#primaryimage"},"image":{"@id":"https:\/\/fumot.uk\/product\/randm-tornado-20000-puffs-huke-leberry\/#primaryimage"},"thumbnailUrl":"https:\/\/fumot.uk\/wp-content\/uploads\/2026\/01\/Huck-leberry_Randm-Tornado-20000-Puffs-Disposable-Vape.jpg","datePublished":"2026-01-20T02:44:11+00:00","dateModified":"2026-01-20T07:59:52+00:00","description":"Kaufen Sie RandM Tornado 20000 Puffs Huke Leberry bei fumot.uk. Beerens\u00fc\u00df mit einem leicht k\u00fchlen Finish, 20ml, Dual Mesh, LCD, 850mAh wiederaufladbar, Typ\u2011C. 2%\/5%.","breadcrumb":{"@id":"https:\/\/fumot.uk\/product\/randm-tornado-20000-puffs-huke-leberry\/#breadcrumb"},"inLanguage":"de","potentialAction":[{"@type":"ReadAction","target":["https:\/\/fumot.uk\/product\/randm-tornado-20000-puffs-huke-leberry\/"]}]},{"@type":"ImageObject","inLanguage":"de","@id":"https:\/\/fumot.uk\/product\/randm-tornado-20000-puffs-huke-leberry\/#primaryimage","url":"https:\/\/fumot.uk\/wp-content\/uploads\/2026\/01\/Huck-leberry_Randm-Tornado-20000-Puffs-Disposable-Vape.jpg","contentUrl":"https:\/\/fumot.uk\/wp-content\/uploads\/2026\/01\/Huck-leberry_Randm-Tornado-20000-Puffs-Disposable-Vape.jpg","width":2000,"height":2000},{"@type":"BreadcrumbList","@id":"https:\/\/fumot.uk\/product\/randm-tornado-20000-puffs-huke-leberry\/#breadcrumb","itemListElement":[{"@type":"ListItem","position":1,"name":"Home","item":"https:\/\/fumot.uk\/"},{"@type":"ListItem","position":2,"name":"Shop","item":"https:\/\/fumot.uk\/shop\/"},{"@type":"ListItem","position":3,"name":"RandM Tornado 20000 Puffs Disposable Vape \u2013 Huke Leberry (20ml, Dual Mesh, LCD, Type\u2011C Rechargeable)"}]},{"@type":"WebSite","@id":"https:\/\/fumot.uk\/#website","url":"https:\/\/fumot.uk\/","name":"Fumot Offizieller Direkt | Direkt aus der Fabrik, 100% Original","description":"Offizielle Webseite","publisher":{"@id":"https:\/\/fumot.uk\/#organization"},"potentialAction":[{"@type":"SearchAction","target":{"@type":"EntryPoint","urlTemplate":"https:\/\/fumot.uk\/?s={search_term_string}"},"query-input":{"@type":"PropertyValueSpecification","valueRequired":true,"valueName":"search_term_string"}}],"inLanguage":"de"},{"@type":"Organization","@id":"https:\/\/fumot.uk\/#organization","name":"Fumot Offizieller Direkt | Direkt aus der Fabrik, 100% Original","url":"https:\/\/fumot.uk\/","logo":{"@type":"ImageObject","inLanguage":"de","@id":"https:\/\/fumot.uk\/#\/schema\/logo\/image\/","url":"https:\/\/fumot.uk\/wp-content\/uploads\/2026\/01\/cropped-fumot-logo1.png","contentUrl":"https:\/\/fumot.uk\/wp-content\/uploads\/2026\/01\/cropped-fumot-logo1.png","width":152,"height":106,"caption":"Fumot Official Direct | Straight from the Factory, 100% Genuine"},"image":{"@id":"https:\/\/fumot.uk\/#\/schema\/logo\/image\/"}}]}},"_links":{"self":[{"href":"https:\/\/fumot.uk\/de\/wp-json\/wp\/v2\/product\/410","targetHints":{"allow":["GET"]}}],"collection":[{"href":"https:\/\/fumot.uk\/de\/wp-json\/wp\/v2\/product"}],"about":[{"href":"https:\/\/fumot.uk\/de\/wp-json\/wp\/v2\/types\/product"}],"replies":[{"embeddable":true,"href":"https:\/\/fumot.uk\/de\/wp-json\/wp\/v2\/comments?post=410"}],"wp:featuredmedia":[{"embeddable":true,"href":"https:\/\/fumot.uk\/de\/wp-json\/wp\/v2\/media\/464"}],"wp:attachment":[{"href":"https:\/\/fumot.uk\/de\/wp-json\/wp\/v2\/media?parent=410"}],"wp:term":[{"taxonomy":"product_brand","embeddable":true,"href":"https:\/\/fumot.uk\/de\/wp-json\/wp\/v2\/product_brand?post=410"},{"taxonomy":"product_cat","embeddable":true,"href":"https:\/\/fumot.uk\/de\/wp-json\/wp\/v2\/product_cat?post=410"},{"taxonomy":"product_tag","embeddable":true,"href":"https:\/\/fumot.uk\/de\/wp-json\/wp\/v2\/product_tag?post=410"}],"curies":[{"name":"wp","href":"https:\/\/api.w.org\/{rel}","templated":true}]}}