{"id":4088,"date":"2026-01-21T04:07:17","date_gmt":"2026-01-21T04:07:17","guid":{"rendered":"https:\/\/fumot.uk\/?post_type=product&#038;p=4088"},"modified":"2026-01-21T07:47:55","modified_gmt":"2026-01-21T07:47:55","slug":"jnr-aero-x-32000-puff-blueberry-red-raspberry-refillable-pod-e-cigarette","status":"publish","type":"product","link":"https:\/\/fumot.uk\/de\/product\/jnr-aero-x-32000-puff-blueberry-red-raspberry-refillable-pod-e-cigarette\/","title":{"rendered":"JNR Aero X 32000 Puff Blaubeere Rote Himbeere \u2013 Nachf\u00fcllbare Pod E-Zigaretten, 2% Nikotin, Einstellbarer Luftstrom (TPD)"},"content":{"rendered":"<h2>Blaubeere \u00d7 Rote Himbeere \u00d7 K\u00fchle Note<\/h2>\n<p><strong>JNR Aero X 32000 Puff \u2013 Blaubeere Rote Himbeere<\/strong> vereint die saftige S\u00fc\u00dfe reifer Blaubeeren mit dem hellen, spritzigen Geschmack von roten Himbeeren, abgerundet mit einer klaren, erfrischenden k\u00fchlen Note. Der Geschmack ist reichhaltig und fruchtig, ohne schwer zu wirken\u2014ideal, wenn Sie ein ganzt\u00e4giges Beerenprofil w\u00fcnschen, das vom ersten Zug bis zum letzten frisch bleibt.<\/p>\n<h3>F\u00fcr gleichbleibenden Geschmack gemacht, f\u00fcr lange Nutzung gebaut<\/h3>\n<p>Entwickelt f\u00fcr bis zu <strong>32.000 Z\u00fcge<\/strong> (Nutzung variiert), verwendet der Aero X einen <strong>Dual-Mesh-Spule<\/strong> , um E-Liquid gleichm\u00e4\u00dfig zu erhitzen f\u00fcr einen sanften, geschichteten Beerengeschmack und dichten Dampf. Mit <strong>einstellbarem Luftstrom<\/strong>, k\u00f6nnen Sie leicht einen festeren <strong>MTL (Mund-zu-Lunge)<\/strong> Zug einstellen oder ihn f\u00fcr einen lockereren <strong>DL (Direkt-Lunge)<\/strong> Stil \u00f6ffnen\u2014Ihre E-Zigaretten, Ihr Tempo.<\/p>\n<h3>Nachf\u00fcllbares, austauschbares Pod-System<\/h3>\n<p>Der <strong>austauschbares Pod-Design<\/strong> bietet Flexibilit\u00e4t und hilft, die Dinge f\u00fcr das t\u00e4gliche Dampfen praktisch zu halten. Jeder Pod ist sicher versiegelt, um eine stabile Leistung zu unterst\u00fctzen und Unordnung zu reduzieren, w\u00e4hrend die magnetische Verbindung schnelle und unkomplizierte Wechsel erm\u00f6glicht.<\/p>\n<h3>Hauptmerkmale<\/h3>\n<ul>\n<li><strong>2% Nikotin<\/strong> (pa_nic: 2%) f\u00fcr eine gleichm\u00e4\u00dfige, sanfte Abgabe<\/li>\n<li><strong>850mAh wiederaufladbaren Akku<\/strong> f\u00fcr l\u00e4ngere Sitzungen zwischen den Ladevorg\u00e4ngen<\/li>\n<li><strong>Batteriestandsanzeige<\/strong> um Ihnen zu helfen, aufgeladen zu bleiben<\/li>\n<li><strong>Einstellbarer Luftstrom<\/strong> f\u00fcr MTL-zu-DL-Wechsel<\/li>\n<li><strong>Dual-Mesh-Spule<\/strong> f\u00fcr klareren Geschmack und gleichm\u00e4\u00dfigen Dampf<\/li>\n<li><strong>Magnetische Pod-Verbindung<\/strong> f\u00fcr sicheren Sitz<\/li>\n<li><strong>USB-C Schnellladung<\/strong> f\u00fcr bequemes Aufladen<\/li>\n<\/ul>\n<h3>TPD-zertifiziert f\u00fcr EU-Konformit\u00e4t<\/h3>\n<p>Der <strong>JNR Aero X<\/strong> is <strong>TPD zertifiziert<\/strong>, erf\u00fcllt die EU-Anforderungen f\u00fcr Sicherheit, Kennzeichnung und Konformit\u00e4t\u2014damit Sie mit Vertrauen einkaufen k\u00f6nnen.<\/p>\n<p><strong>Entdecken Sie mehr Geschm\u00e4cker und Ger\u00e4te<\/strong> on <a href=\"https:\/\/fumot.uk\/de\/\">fumot.uk<\/a>.<\/p>","protected":false},"excerpt":{"rendered":"<p>JNR Aero X 32000 Puff Blueberry Red Raspberry nachf\u00fcllbare Pod E-Zigaretten mit Dual-Mesh-Spule, einstellbarem Luftstrom (MTL\/DL), 850mAh USB-C-Ladung, 2% Nikotin, TPD-zertifiziert.<\/p>","protected":false},"featured_media":4140,"comment_status":"open","ping_status":"closed","template":"","meta":[],"product_brand":[],"product_cat":[200,201,17],"product_tag":[70,20,21,33,72,25,202,34,26,203,204,28],"class_list":{"0":"post-4088","1":"product","2":"type-product","3":"status-publish","4":"has-post-thumbnail","6":"product_cat-32000-puff","7":"product_cat-jnr-aero-x-32000-puffs","8":"product_cat-vape","9":"product_tag-2-nikotin","10":"product_tag-850mah","11":"product_tag-adjustable-airflow","12":"product_tag-blueberry","13":"product_tag-direct-to-lung","14":"product_tag-mesh-coil","15":"product_tag-mouth-to-lung","16":"product_tag-raspberry","17":"product_tag-rechargeable","18":"product_tag-refillable-e-cigarette","19":"product_tag-tpd-certification","20":"product_tag-type-c","22":"first","23":"instock","24":"sale","25":"shipping-taxable","26":"purchasable","27":"product-type-variable","28":"has-default-attributes"},"yoast_head":"<!-- This site is optimized with the Yoast SEO plugin v26.8 - https:\/\/yoast.com\/product\/yoast-seo-wordpress\/ -->\n<title>JNR Aero X 32000 Puff Blueberry Red Raspberry Pod Vape<\/title>\n<meta name=\"description\" content=\"Shop JNR Aero X 32000 Puff Blueberry Red Raspberry: refillable replaceable pod, dual-mesh coil, adjustable airflow, 850mAh USB-C, 2% nicotine, TPD certified.\" \/>\n<meta name=\"robots\" content=\"index, follow, max-snippet:-1, max-image-preview:large, max-video-preview:-1\" \/>\n<link rel=\"canonical\" href=\"https:\/\/fumot.uk\/de\/product\/jnr-aero-x-32000-puff-blueberry-red-raspberry-refillable-pod-e-cigarette\/\" \/>\n<meta property=\"og:locale\" content=\"de_DE\" \/>\n<meta property=\"og:type\" content=\"article\" \/>\n<meta property=\"og:title\" content=\"JNR Aero X 32000 Puff \u2013 Blueberry Red Raspberry (Refillable Pod)\" \/>\n<meta property=\"og:description\" content=\"Sweet blueberry and tangy red raspberry with a cool finish. Dual-mesh coil, adjustable airflow, 850mAh USB-C rechargeable, 2% nicotine, TPD certified. See more at fumot.uk.\" \/>\n<meta property=\"og:url\" content=\"https:\/\/fumot.uk\/de\/product\/jnr-aero-x-32000-puff-blueberry-red-raspberry-refillable-pod-e-cigarette\/\" \/>\n<meta property=\"og:site_name\" content=\"Fumot Official Direct | Straight from the Factory, 100% Genuine\" \/>\n<meta property=\"article:modified_time\" content=\"2026-01-21T07:47:55+00:00\" \/>\n<meta property=\"og:image\" content=\"https:\/\/fumot.uk\/wp-content\/uploads\/2026\/01\/Blueberry-Red-Raspberry_JNR-Areo-X-32000-Puffs-Disposable-Vape.jpg\" \/>\n\t<meta property=\"og:image:width\" content=\"800\" \/>\n\t<meta property=\"og:image:height\" content=\"800\" \/>\n\t<meta property=\"og:image:type\" content=\"image\/jpeg\" \/>\n<meta name=\"twitter:card\" content=\"summary_large_image\" \/>\n<meta name=\"twitter:label1\" content=\"Gesch\u00e4tzte Lesezeit\" \/>\n\t<meta name=\"twitter:data1\" content=\"1\u00a0Minute\" \/>\n<script type=\"application\/ld+json\" class=\"yoast-schema-graph\">{\"@context\":\"https:\/\/schema.org\",\"@graph\":[{\"@type\":\"WebPage\",\"@id\":\"https:\/\/fumot.uk\/product\/jnr-aero-x-32000-puff-blueberry-red-raspberry-refillable-pod-e-cigarette\/\",\"url\":\"https:\/\/fumot.uk\/product\/jnr-aero-x-32000-puff-blueberry-red-raspberry-refillable-pod-e-cigarette\/\",\"name\":\"JNR Aero X 32000 Puff Blueberry Red Raspberry Pod Vape\",\"isPartOf\":{\"@id\":\"https:\/\/fumot.uk\/#website\"},\"primaryImageOfPage\":{\"@id\":\"https:\/\/fumot.uk\/product\/jnr-aero-x-32000-puff-blueberry-red-raspberry-refillable-pod-e-cigarette\/#primaryimage\"},\"image\":{\"@id\":\"https:\/\/fumot.uk\/product\/jnr-aero-x-32000-puff-blueberry-red-raspberry-refillable-pod-e-cigarette\/#primaryimage\"},\"thumbnailUrl\":\"https:\/\/fumot.uk\/wp-content\/uploads\/2026\/01\/Blueberry-Red-Raspberry_JNR-Areo-X-32000-Puffs-Disposable-Vape.jpg\",\"datePublished\":\"2026-01-21T04:07:17+00:00\",\"dateModified\":\"2026-01-21T07:47:55+00:00\",\"description\":\"Shop JNR Aero X 32000 Puff Blueberry Red Raspberry: refillable replaceable pod, dual-mesh coil, adjustable airflow, 850mAh USB-C, 2% nicotine, TPD certified.\",\"breadcrumb\":{\"@id\":\"https:\/\/fumot.uk\/product\/jnr-aero-x-32000-puff-blueberry-red-raspberry-refillable-pod-e-cigarette\/#breadcrumb\"},\"inLanguage\":\"de\",\"potentialAction\":[{\"@type\":\"ReadAction\",\"target\":[\"https:\/\/fumot.uk\/product\/jnr-aero-x-32000-puff-blueberry-red-raspberry-refillable-pod-e-cigarette\/\"]}]},{\"@type\":\"ImageObject\",\"inLanguage\":\"de\",\"@id\":\"https:\/\/fumot.uk\/product\/jnr-aero-x-32000-puff-blueberry-red-raspberry-refillable-pod-e-cigarette\/#primaryimage\",\"url\":\"https:\/\/fumot.uk\/wp-content\/uploads\/2026\/01\/Blueberry-Red-Raspberry_JNR-Areo-X-32000-Puffs-Disposable-Vape.jpg\",\"contentUrl\":\"https:\/\/fumot.uk\/wp-content\/uploads\/2026\/01\/Blueberry-Red-Raspberry_JNR-Areo-X-32000-Puffs-Disposable-Vape.jpg\",\"width\":800,\"height\":800},{\"@type\":\"BreadcrumbList\",\"@id\":\"https:\/\/fumot.uk\/product\/jnr-aero-x-32000-puff-blueberry-red-raspberry-refillable-pod-e-cigarette\/#breadcrumb\",\"itemListElement\":[{\"@type\":\"ListItem\",\"position\":1,\"name\":\"Home\",\"item\":\"https:\/\/fumot.uk\/\"},{\"@type\":\"ListItem\",\"position\":2,\"name\":\"Shop\",\"item\":\"https:\/\/fumot.uk\/shop\/\"},{\"@type\":\"ListItem\",\"position\":3,\"name\":\"JNR Aero X 32000 Puff Blueberry Red Raspberry \u2013 Refillable Pod Vape, 2% Nicotine, Adjustable Airflow (TPD)\"}]},{\"@type\":\"WebSite\",\"@id\":\"https:\/\/fumot.uk\/#website\",\"url\":\"https:\/\/fumot.uk\/\",\"name\":\"Fumot Official Direct | Straight from the Factory, 100% Genuine\",\"description\":\"Official Website\",\"publisher\":{\"@id\":\"https:\/\/fumot.uk\/#organization\"},\"potentialAction\":[{\"@type\":\"SearchAction\",\"target\":{\"@type\":\"EntryPoint\",\"urlTemplate\":\"https:\/\/fumot.uk\/?s={search_term_string}\"},\"query-input\":{\"@type\":\"PropertyValueSpecification\",\"valueRequired\":true,\"valueName\":\"search_term_string\"}}],\"inLanguage\":\"de\"},{\"@type\":\"Organization\",\"@id\":\"https:\/\/fumot.uk\/#organization\",\"name\":\"Fumot Official Direct | Straight from the Factory, 100% Genuine\",\"url\":\"https:\/\/fumot.uk\/\",\"logo\":{\"@type\":\"ImageObject\",\"inLanguage\":\"de\",\"@id\":\"https:\/\/fumot.uk\/#\/schema\/logo\/image\/\",\"url\":\"https:\/\/fumot.uk\/wp-content\/uploads\/2026\/01\/cropped-fumot-logo1.png\",\"contentUrl\":\"https:\/\/fumot.uk\/wp-content\/uploads\/2026\/01\/cropped-fumot-logo1.png\",\"width\":152,\"height\":106,\"caption\":\"Fumot Official Direct | Straight from the Factory, 100% Genuine\"},\"image\":{\"@id\":\"https:\/\/fumot.uk\/#\/schema\/logo\/image\/\"}}]}<\/script>\n<!-- \/ Yoast SEO plugin. -->","yoast_head_json":{"title":"JNR Aero X 32000 Puff Blaubeere Rote Himbeere Pod E-Zigaretten","description":"Kaufen Sie JNR Aero X 32000 Puff Blaubeere Rote Himbeere: nachf\u00fcllbare austauschbare Pod, Dual-Mesh-Spule, einstellbarer Luftstrom, 850mAh USB-C, 2% Nikotin, TPD-zertifiziert.","robots":{"index":"index","follow":"follow","max-snippet":"max-snippet:-1","max-image-preview":"max-image-preview:large","max-video-preview":"max-video-preview:-1"},"canonical":"https:\/\/fumot.uk\/de\/product\/jnr-aero-x-32000-puff-blueberry-red-raspberry-refillable-pod-e-cigarette\/","og_locale":"de_DE","og_type":"article","og_title":"JNR Aero X 32000 Puff \u2013 Blueberry Red Raspberry (Refillable Pod)","og_description":"Sweet blueberry and tangy red raspberry with a cool finish. Dual-mesh coil, adjustable airflow, 850mAh USB-C rechargeable, 2% nicotine, TPD certified. See more at fumot.uk.","og_url":"https:\/\/fumot.uk\/de\/product\/jnr-aero-x-32000-puff-blueberry-red-raspberry-refillable-pod-e-cigarette\/","og_site_name":"Fumot Official Direct | Straight from the Factory, 100% Genuine","article_modified_time":"2026-01-21T07:47:55+00:00","og_image":[{"width":800,"height":800,"url":"https:\/\/fumot.uk\/wp-content\/uploads\/2026\/01\/Blueberry-Red-Raspberry_JNR-Areo-X-32000-Puffs-Disposable-Vape.jpg","type":"image\/jpeg"}],"twitter_card":"summary_large_image","twitter_misc":{"Gesch\u00e4tzte Lesezeit":"1\u00a0Minute"},"schema":{"@context":"https:\/\/schema.org","@graph":[{"@type":"WebPage","@id":"https:\/\/fumot.uk\/product\/jnr-aero-x-32000-puff-blueberry-red-raspberry-refillable-pod-e-cigarette\/","url":"https:\/\/fumot.uk\/product\/jnr-aero-x-32000-puff-blueberry-red-raspberry-refillable-pod-e-cigarette\/","name":"JNR Aero X 32000 Puff Blaubeere Rote Himbeere Pod E-Zigaretten","isPartOf":{"@id":"https:\/\/fumot.uk\/#website"},"primaryImageOfPage":{"@id":"https:\/\/fumot.uk\/product\/jnr-aero-x-32000-puff-blueberry-red-raspberry-refillable-pod-e-cigarette\/#primaryimage"},"image":{"@id":"https:\/\/fumot.uk\/product\/jnr-aero-x-32000-puff-blueberry-red-raspberry-refillable-pod-e-cigarette\/#primaryimage"},"thumbnailUrl":"https:\/\/fumot.uk\/wp-content\/uploads\/2026\/01\/Blueberry-Red-Raspberry_JNR-Areo-X-32000-Puffs-Disposable-Vape.jpg","datePublished":"2026-01-21T04:07:17+00:00","dateModified":"2026-01-21T07:47:55+00:00","description":"Kaufen Sie JNR Aero X 32000 Puff Blaubeere Rote Himbeere: nachf\u00fcllbare austauschbare Pod, Dual-Mesh-Spule, einstellbarer Luftstrom, 850mAh USB-C, 2% Nikotin, TPD-zertifiziert.","breadcrumb":{"@id":"https:\/\/fumot.uk\/product\/jnr-aero-x-32000-puff-blueberry-red-raspberry-refillable-pod-e-cigarette\/#breadcrumb"},"inLanguage":"de","potentialAction":[{"@type":"ReadAction","target":["https:\/\/fumot.uk\/product\/jnr-aero-x-32000-puff-blueberry-red-raspberry-refillable-pod-e-cigarette\/"]}]},{"@type":"ImageObject","inLanguage":"de","@id":"https:\/\/fumot.uk\/product\/jnr-aero-x-32000-puff-blueberry-red-raspberry-refillable-pod-e-cigarette\/#primaryimage","url":"https:\/\/fumot.uk\/wp-content\/uploads\/2026\/01\/Blueberry-Red-Raspberry_JNR-Areo-X-32000-Puffs-Disposable-Vape.jpg","contentUrl":"https:\/\/fumot.uk\/wp-content\/uploads\/2026\/01\/Blueberry-Red-Raspberry_JNR-Areo-X-32000-Puffs-Disposable-Vape.jpg","width":800,"height":800},{"@type":"BreadcrumbList","@id":"https:\/\/fumot.uk\/product\/jnr-aero-x-32000-puff-blueberry-red-raspberry-refillable-pod-e-cigarette\/#breadcrumb","itemListElement":[{"@type":"ListItem","position":1,"name":"Home","item":"https:\/\/fumot.uk\/"},{"@type":"ListItem","position":2,"name":"Shop","item":"https:\/\/fumot.uk\/shop\/"},{"@type":"ListItem","position":3,"name":"JNR Aero X 32000 Puff Blueberry Red Raspberry \u2013 Refillable Pod Vape, 2% Nicotine, Adjustable Airflow (TPD)"}]},{"@type":"WebSite","@id":"https:\/\/fumot.uk\/#website","url":"https:\/\/fumot.uk\/","name":"Fumot Offizieller Direkt | Direkt aus der Fabrik, 100% Original","description":"Offizielle Webseite","publisher":{"@id":"https:\/\/fumot.uk\/#organization"},"potentialAction":[{"@type":"SearchAction","target":{"@type":"EntryPoint","urlTemplate":"https:\/\/fumot.uk\/?s={search_term_string}"},"query-input":{"@type":"PropertyValueSpecification","valueRequired":true,"valueName":"search_term_string"}}],"inLanguage":"de"},{"@type":"Organization","@id":"https:\/\/fumot.uk\/#organization","name":"Fumot Offizieller Direkt | Direkt aus der Fabrik, 100% Original","url":"https:\/\/fumot.uk\/","logo":{"@type":"ImageObject","inLanguage":"de","@id":"https:\/\/fumot.uk\/#\/schema\/logo\/image\/","url":"https:\/\/fumot.uk\/wp-content\/uploads\/2026\/01\/cropped-fumot-logo1.png","contentUrl":"https:\/\/fumot.uk\/wp-content\/uploads\/2026\/01\/cropped-fumot-logo1.png","width":152,"height":106,"caption":"Fumot Official Direct | Straight from the Factory, 100% Genuine"},"image":{"@id":"https:\/\/fumot.uk\/#\/schema\/logo\/image\/"}}]}},"_links":{"self":[{"href":"https:\/\/fumot.uk\/de\/wp-json\/wp\/v2\/product\/4088","targetHints":{"allow":["GET"]}}],"collection":[{"href":"https:\/\/fumot.uk\/de\/wp-json\/wp\/v2\/product"}],"about":[{"href":"https:\/\/fumot.uk\/de\/wp-json\/wp\/v2\/types\/product"}],"replies":[{"embeddable":true,"href":"https:\/\/fumot.uk\/de\/wp-json\/wp\/v2\/comments?post=4088"}],"wp:featuredmedia":[{"embeddable":true,"href":"https:\/\/fumot.uk\/de\/wp-json\/wp\/v2\/media\/4140"}],"wp:attachment":[{"href":"https:\/\/fumot.uk\/de\/wp-json\/wp\/v2\/media?parent=4088"}],"wp:term":[{"taxonomy":"product_brand","embeddable":true,"href":"https:\/\/fumot.uk\/de\/wp-json\/wp\/v2\/product_brand?post=4088"},{"taxonomy":"product_cat","embeddable":true,"href":"https:\/\/fumot.uk\/de\/wp-json\/wp\/v2\/product_cat?post=4088"},{"taxonomy":"product_tag","embeddable":true,"href":"https:\/\/fumot.uk\/de\/wp-json\/wp\/v2\/product_tag?post=4088"}],"curies":[{"name":"wp","href":"https:\/\/api.w.org\/{rel}","templated":true}]}}