{"id":4079,"date":"2026-01-21T04:07:15","date_gmt":"2026-01-21T04:07:15","guid":{"rendered":"https:\/\/fumot.uk\/?post_type=product&#038;p=4079"},"modified":"2026-01-21T07:52:36","modified_gmt":"2026-01-21T07:52:36","slug":"jnr-media-max-40000-puffs-watermelon-ice-interaktive-e-zigarette","status":"publish","type":"product","link":"https:\/\/fumot.uk\/de\/product\/jnr-media-max-40000-puffs-watermelon-ice-interaktive-e-zigarette\/","title":{"rendered":"JNR Media Max 40000 Z\u00fcge Wassermelone Eis Smart Einweg E-Zigaretten \u2013 21ml, 1000mAh, Dual Mesh, Einstellbarer Luftstrom"},"content":{"rendered":"<h2>JNR Media Max 40000 Z\u00fcge \u2013 Wassermelone Eis (Smart Interactive Disposable E-Zigaretten)<\/h2>\n<p>Bringen Sie einen frischen, sommerlichen Vibe in jeden Zug mit <strong>Wassermelone Eis<\/strong>. Dieser Geschmack vereint die <strong>saftiger S\u00fc\u00dfe der Wassermelone<\/strong> mit einem <strong>sauberem k\u00fchlendem Abgang<\/strong>\u2014sanft, erfrischend und Tag f\u00fcr Tag leicht zu genie\u00dfen, ohne sich zu schwer anzuf\u00fchlen.<\/p>\n<h3>Wassermelone Eis Geschmacksprofil<\/h3>\n<ul>\n<li><strong>Saftige Wassermelonen-Noten:<\/strong> hell, fruchtig und nat\u00fcrlich s\u00fc\u00df.<\/li>\n<li><strong>K\u00fchlender \u201cEis\u201d-Abgang:<\/strong> eine frische Brise beim Ausatmen, nicht scharf.<\/li>\n<li><strong>Ausgewogener Geschmack:<\/strong> S\u00fc\u00dfe und K\u00fchle bleiben in Harmonie f\u00fcr ein ganzt\u00e4gig freundliches Vape.<\/li>\n<\/ul>\n<h3>F\u00fcr lange Sitzungen gebaut: Bis zu 40000 Z\u00fcge<\/h3>\n<p>Der <strong>JNR Media Max 40000 Z\u00fcge<\/strong> ist f\u00fcr moderne Benutzer konzipiert, die eine langanhaltende Leistung mit intelligenter Funktionalit\u00e4t w\u00fcnschen. Mit bis zu <strong>40000 Z\u00fcge<\/strong>, einem gro\u00dfz\u00fcgigen <strong>21ml E-Liquid-Kapazit\u00e4t<\/strong>, und einen <strong>1000mAh wiederaufladbaren Batterie<\/strong>, bietet es \u00fcber die Zeit ein durchgehend zufriedenstellendes Erlebnis.<\/p>\n<h3>Sanfterer Zug, Vollerer Geschmack<\/h3>\n<ul>\n<li><strong>Dual Mesh Coil:<\/strong> f\u00f6rdert gleichm\u00e4\u00dfiges Erhitzen und stetige Geschmacksfreisetzung f\u00fcr ein sauberes, sanftes Inhalieren.<\/li>\n<li><strong>Einstellbarer Luftstrom:<\/strong> Wechseln Sie von einem leichteren Zug zu einem st\u00e4rkeren, intensiveren Zug\u2014Ihr Stil, Ihre Kontrolle.<\/li>\n<li><strong>Typ-C wiederaufladbar:<\/strong> bequemes Laden f\u00fcr den t\u00e4glichen Gebrauch.<\/li>\n<\/ul>\n<h3>Intelligente interaktive Funktionen + 2,4\u2033 HD-Display<\/h3>\n<p>Mehr als eine Einweg-E-Zigaretten, dieses Ger\u00e4t verf\u00fcgt \u00fcber ein gro\u00dfes <strong>2,4-Zoll-HD-Display<\/strong> und intelligente Konnektivit\u00e4t. Nach dem Koppeln mit Ihrem Telefon k\u00f6nnen Sie auf unterst\u00fctzte Funktionen wie <strong>Anruf- und SMS-Benachrichtigungen<\/strong>, <strong>Fernsteuerung der Kamera<\/strong>, und <strong>Ger\u00e4te-\/Telefonortung<\/strong> (Die Verf\u00fcgbarkeit der Funktionen kann je nach Telefoneinstellungen und App-Berechtigungen variieren).<\/p>\n<h4>So verbinden Sie sich mit Ihrem Smartphone<\/h4>\n<ol>\n<li>Schalten Sie das Ger\u00e4t ein und wischen Sie \u00fcber den Bildschirm, um den <strong>QR-Code<\/strong>.<\/li>\n<li>Scannen Sie den QR-Code, um die <strong>VaperAssistant<\/strong> App herunterzuladen und zu installieren.<\/li>\n<li>\u00d6ffnen Sie die App und scannen Sie den QR-Code auf dem Ger\u00e4t erneut.<\/li>\n<li>Erlauben Sie die erforderlichen Berechtigungen, um das <strong>Bluetooth-Pairing<\/strong>.<\/li>\n<li>Sobald gekoppelt, sind Ihre E-Zigaretten und Ihr Telefon f\u00fcr das intelligente Erlebnis verbunden.<\/li>\n<\/ol>\n<h3>Spezifikationen<\/h3>\n<ul>\n<li><strong>Z\u00fcge:<\/strong> Bis zu 40000<\/li>\n<li><strong>Geschmack:<\/strong> Wassermelone Eis<\/li>\n<li><strong>E-Liquid-Kapazit\u00e4t:<\/strong> 21ml<\/li>\n<li><strong>Batterie:<\/strong> 1000mAh (wiederaufladbar)<\/li>\n<li><strong>Laden:<\/strong> Typ-C<\/li>\n<li><strong>Spule:<\/strong> Dual-Mesh-Spule<\/li>\n<li><strong>Luftstrom:<\/strong> Einstellbar<\/li>\n<li><strong>Display:<\/strong> 2,4\u2033 HD<\/li>\n<li><strong>Nikotinst\u00e4rke:<\/strong> 2% \/ 5%<\/li>\n<\/ul>\n<h3>Entdecken Sie mehr auf fumot.uk<\/h3>\n<p>Suchen Sie nach weiteren langanhaltenden Optionen? Durchst\u00f6bern Sie unsere Sammlung von <a href=\"https:\/\/fumot.uk\/de\/\">Einweg-E-Zigaretten und Geschmacksrichtungen auf fumot.uk<\/a>.<\/p>","protected":false},"excerpt":{"rendered":"<p>Eine intelligente, interaktive Einweg-E-Zigaretten mit Wassermelonen-Eis-Geschmack\u2014saftige Wassermelone mit einem k\u00fchlen Abgang. Bis zu 40000 Z\u00fcge, 21ml, 1000mAh wiederaufladbar, Dual-Mesh-Spule, einstellbarer Luftstrom und ein 2,4\u2033 HD-Display. Nikotin: 2% oder 5%.<\/p>","protected":false},"featured_media":4109,"comment_status":"open","ping_status":"closed","template":"","meta":[],"product_brand":[],"product_cat":[82,198,17],"product_tag":[174,70,71,21,73,29,26,62,199,28,32],"class_list":{"0":"post-4079","1":"product","2":"type-product","3":"status-publish","4":"has-post-thumbnail","6":"product_cat-40000-puff","7":"product_cat-jnr-media-max-40000-puffs","8":"product_cat-vape","9":"product_tag-1000-mah","10":"product_tag-2-nikotin","11":"product_tag-5-nikotin","12":"product_tag-adjustable-airflow","13":"product_tag-dual-mesh","14":"product_tag-ice","15":"product_tag-rechargeable","16":"product_tag-sale-vape","17":"product_tag-smart-display","18":"product_tag-type-c","19":"product_tag-watermelon","21":"first","22":"instock","23":"sale","24":"shipping-taxable","25":"purchasable","26":"product-type-variable","27":"has-default-attributes"},"yoast_head":"<!-- This site is optimized with the Yoast SEO plugin v26.8 - https:\/\/yoast.com\/product\/yoast-seo-wordpress\/ -->\n<title>JNR Media Max 40000 Watermelon Ice Smart Disposable Vape<\/title>\n<meta name=\"description\" content=\"JNR Media Max 40000 Puffs Watermelon Ice smart disposable vape. 21ml, 1000mAh rechargeable, Dual Mesh coil, adjustable airflow, 2.4&quot; HD display. 2%\/5%.\" \/>\n<meta name=\"robots\" content=\"index, follow, max-snippet:-1, max-image-preview:large, max-video-preview:-1\" \/>\n<link rel=\"canonical\" href=\"https:\/\/fumot.uk\/de\/product\/jnr-media-max-40000-puffs-watermelon-ice-interaktive-e-zigarette\/\" \/>\n<meta property=\"og:locale\" content=\"de_DE\" \/>\n<meta property=\"og:type\" content=\"article\" \/>\n<meta property=\"og:title\" content=\"Watermelon Ice JNR Media Max 40000 \u2013 Smart Disposable Vape\" \/>\n<meta property=\"og:description\" content=\"Juicy watermelon meets a clean icy finish. Up to 40000 puffs with 21ml, 1000mAh rechargeable power, Dual Mesh coil, adjustable airflow and a 2.4&quot; HD display.\" \/>\n<meta property=\"og:url\" content=\"https:\/\/fumot.uk\/de\/product\/jnr-media-max-40000-puffs-watermelon-ice-interaktive-e-zigarette\/\" \/>\n<meta property=\"og:site_name\" content=\"Fumot Official Direct | Straight from the Factory, 100% Genuine\" \/>\n<meta property=\"article:modified_time\" content=\"2026-01-21T07:52:36+00:00\" \/>\n<meta property=\"og:image\" content=\"https:\/\/fumot.uk\/wp-content\/uploads\/2026\/01\/JNR-Media-Max-40000-Puffs-Watermelon-Ice-Disposable-Vape-ultravape.jpg\" \/>\n\t<meta property=\"og:image:width\" content=\"800\" \/>\n\t<meta property=\"og:image:height\" content=\"800\" \/>\n\t<meta property=\"og:image:type\" content=\"image\/jpeg\" \/>\n<meta name=\"twitter:card\" content=\"summary_large_image\" \/>\n<meta name=\"twitter:label1\" content=\"Gesch\u00e4tzte Lesezeit\" \/>\n\t<meta name=\"twitter:data1\" content=\"2\u00a0Minuten\" \/>\n<script type=\"application\/ld+json\" class=\"yoast-schema-graph\">{\"@context\":\"https:\/\/schema.org\",\"@graph\":[{\"@type\":\"WebPage\",\"@id\":\"https:\/\/fumot.uk\/product\/jnr-media-max-40000-puffs-watermelon-ice-interaktive-e-zigarette\/\",\"url\":\"https:\/\/fumot.uk\/product\/jnr-media-max-40000-puffs-watermelon-ice-interaktive-e-zigarette\/\",\"name\":\"JNR Media Max 40000 Watermelon Ice Smart Disposable Vape\",\"isPartOf\":{\"@id\":\"https:\/\/fumot.uk\/#website\"},\"primaryImageOfPage\":{\"@id\":\"https:\/\/fumot.uk\/product\/jnr-media-max-40000-puffs-watermelon-ice-interaktive-e-zigarette\/#primaryimage\"},\"image\":{\"@id\":\"https:\/\/fumot.uk\/product\/jnr-media-max-40000-puffs-watermelon-ice-interaktive-e-zigarette\/#primaryimage\"},\"thumbnailUrl\":\"https:\/\/fumot.uk\/wp-content\/uploads\/2026\/01\/JNR-Media-Max-40000-Puffs-Watermelon-Ice-Disposable-Vape-ultravape.jpg\",\"datePublished\":\"2026-01-21T04:07:15+00:00\",\"dateModified\":\"2026-01-21T07:52:36+00:00\",\"description\":\"JNR Media Max 40000 Puffs Watermelon Ice smart disposable vape. 21ml, 1000mAh rechargeable, Dual Mesh coil, adjustable airflow, 2.4\\\" HD display. 2%\/5%.\",\"breadcrumb\":{\"@id\":\"https:\/\/fumot.uk\/product\/jnr-media-max-40000-puffs-watermelon-ice-interaktive-e-zigarette\/#breadcrumb\"},\"inLanguage\":\"de\",\"potentialAction\":[{\"@type\":\"ReadAction\",\"target\":[\"https:\/\/fumot.uk\/product\/jnr-media-max-40000-puffs-watermelon-ice-interaktive-e-zigarette\/\"]}]},{\"@type\":\"ImageObject\",\"inLanguage\":\"de\",\"@id\":\"https:\/\/fumot.uk\/product\/jnr-media-max-40000-puffs-watermelon-ice-interaktive-e-zigarette\/#primaryimage\",\"url\":\"https:\/\/fumot.uk\/wp-content\/uploads\/2026\/01\/JNR-Media-Max-40000-Puffs-Watermelon-Ice-Disposable-Vape-ultravape.jpg\",\"contentUrl\":\"https:\/\/fumot.uk\/wp-content\/uploads\/2026\/01\/JNR-Media-Max-40000-Puffs-Watermelon-Ice-Disposable-Vape-ultravape.jpg\",\"width\":800,\"height\":800},{\"@type\":\"BreadcrumbList\",\"@id\":\"https:\/\/fumot.uk\/product\/jnr-media-max-40000-puffs-watermelon-ice-interaktive-e-zigarette\/#breadcrumb\",\"itemListElement\":[{\"@type\":\"ListItem\",\"position\":1,\"name\":\"Home\",\"item\":\"https:\/\/fumot.uk\/\"},{\"@type\":\"ListItem\",\"position\":2,\"name\":\"Shop\",\"item\":\"https:\/\/fumot.uk\/shop\/\"},{\"@type\":\"ListItem\",\"position\":3,\"name\":\"JNR Media Max 40000 Puffs Watermelon Ice Smart Disposable Vape \u2013 21ml, 1000mAh, Dual Mesh, Adjustable Airflow\"}]},{\"@type\":\"WebSite\",\"@id\":\"https:\/\/fumot.uk\/#website\",\"url\":\"https:\/\/fumot.uk\/\",\"name\":\"Fumot Official Direct | Straight from the Factory, 100% Genuine\",\"description\":\"Official Website\",\"publisher\":{\"@id\":\"https:\/\/fumot.uk\/#organization\"},\"potentialAction\":[{\"@type\":\"SearchAction\",\"target\":{\"@type\":\"EntryPoint\",\"urlTemplate\":\"https:\/\/fumot.uk\/?s={search_term_string}\"},\"query-input\":{\"@type\":\"PropertyValueSpecification\",\"valueRequired\":true,\"valueName\":\"search_term_string\"}}],\"inLanguage\":\"de\"},{\"@type\":\"Organization\",\"@id\":\"https:\/\/fumot.uk\/#organization\",\"name\":\"Fumot Official Direct | Straight from the Factory, 100% Genuine\",\"url\":\"https:\/\/fumot.uk\/\",\"logo\":{\"@type\":\"ImageObject\",\"inLanguage\":\"de\",\"@id\":\"https:\/\/fumot.uk\/#\/schema\/logo\/image\/\",\"url\":\"https:\/\/fumot.uk\/wp-content\/uploads\/2026\/01\/cropped-fumot-logo1.png\",\"contentUrl\":\"https:\/\/fumot.uk\/wp-content\/uploads\/2026\/01\/cropped-fumot-logo1.png\",\"width\":152,\"height\":106,\"caption\":\"Fumot Official Direct | Straight from the Factory, 100% Genuine\"},\"image\":{\"@id\":\"https:\/\/fumot.uk\/#\/schema\/logo\/image\/\"}}]}<\/script>\n<!-- \/ Yoast SEO plugin. -->","yoast_head_json":{"title":"JNR Media Max 40000 Wassermelone Eis Smart Einweg E-Zigaretten","description":"JNR Media Max 40000 Z\u00fcge Wassermelone Eis intelligente Einweg-E-Zigaretten. 21ml, 1000mAh wiederaufladbar, Dual-Mesh-Spule, einstellbarer Luftstrom, 2,4\" HD-Display. 2%\/5%.","robots":{"index":"index","follow":"follow","max-snippet":"max-snippet:-1","max-image-preview":"max-image-preview:large","max-video-preview":"max-video-preview:-1"},"canonical":"https:\/\/fumot.uk\/de\/product\/jnr-media-max-40000-puffs-watermelon-ice-interaktive-e-zigarette\/","og_locale":"de_DE","og_type":"article","og_title":"Watermelon Ice JNR Media Max 40000 \u2013 Smart Disposable Vape","og_description":"Juicy watermelon meets a clean icy finish. Up to 40000 puffs with 21ml, 1000mAh rechargeable power, Dual Mesh coil, adjustable airflow and a 2.4\" HD display.","og_url":"https:\/\/fumot.uk\/de\/product\/jnr-media-max-40000-puffs-watermelon-ice-interaktive-e-zigarette\/","og_site_name":"Fumot Official Direct | Straight from the Factory, 100% Genuine","article_modified_time":"2026-01-21T07:52:36+00:00","og_image":[{"width":800,"height":800,"url":"https:\/\/fumot.uk\/wp-content\/uploads\/2026\/01\/JNR-Media-Max-40000-Puffs-Watermelon-Ice-Disposable-Vape-ultravape.jpg","type":"image\/jpeg"}],"twitter_card":"summary_large_image","twitter_misc":{"Gesch\u00e4tzte Lesezeit":"2\u00a0Minuten"},"schema":{"@context":"https:\/\/schema.org","@graph":[{"@type":"WebPage","@id":"https:\/\/fumot.uk\/product\/jnr-media-max-40000-puffs-watermelon-ice-interaktive-e-zigarette\/","url":"https:\/\/fumot.uk\/product\/jnr-media-max-40000-puffs-watermelon-ice-interaktive-e-zigarette\/","name":"JNR Media Max 40000 Wassermelone Eis Smart Einweg E-Zigaretten","isPartOf":{"@id":"https:\/\/fumot.uk\/#website"},"primaryImageOfPage":{"@id":"https:\/\/fumot.uk\/product\/jnr-media-max-40000-puffs-watermelon-ice-interaktive-e-zigarette\/#primaryimage"},"image":{"@id":"https:\/\/fumot.uk\/product\/jnr-media-max-40000-puffs-watermelon-ice-interaktive-e-zigarette\/#primaryimage"},"thumbnailUrl":"https:\/\/fumot.uk\/wp-content\/uploads\/2026\/01\/JNR-Media-Max-40000-Puffs-Watermelon-Ice-Disposable-Vape-ultravape.jpg","datePublished":"2026-01-21T04:07:15+00:00","dateModified":"2026-01-21T07:52:36+00:00","description":"JNR Media Max 40000 Z\u00fcge Wassermelone Eis intelligente Einweg-E-Zigaretten. 21ml, 1000mAh wiederaufladbar, Dual-Mesh-Spule, einstellbarer Luftstrom, 2,4\" HD-Display. 2%\/5%.","breadcrumb":{"@id":"https:\/\/fumot.uk\/product\/jnr-media-max-40000-puffs-watermelon-ice-interaktive-e-zigarette\/#breadcrumb"},"inLanguage":"de","potentialAction":[{"@type":"ReadAction","target":["https:\/\/fumot.uk\/product\/jnr-media-max-40000-puffs-watermelon-ice-interaktive-e-zigarette\/"]}]},{"@type":"ImageObject","inLanguage":"de","@id":"https:\/\/fumot.uk\/product\/jnr-media-max-40000-puffs-watermelon-ice-interaktive-e-zigarette\/#primaryimage","url":"https:\/\/fumot.uk\/wp-content\/uploads\/2026\/01\/JNR-Media-Max-40000-Puffs-Watermelon-Ice-Disposable-Vape-ultravape.jpg","contentUrl":"https:\/\/fumot.uk\/wp-content\/uploads\/2026\/01\/JNR-Media-Max-40000-Puffs-Watermelon-Ice-Disposable-Vape-ultravape.jpg","width":800,"height":800},{"@type":"BreadcrumbList","@id":"https:\/\/fumot.uk\/product\/jnr-media-max-40000-puffs-watermelon-ice-interaktive-e-zigarette\/#breadcrumb","itemListElement":[{"@type":"ListItem","position":1,"name":"Home","item":"https:\/\/fumot.uk\/"},{"@type":"ListItem","position":2,"name":"Shop","item":"https:\/\/fumot.uk\/shop\/"},{"@type":"ListItem","position":3,"name":"JNR Media Max 40000 Puffs Watermelon Ice Smart Disposable Vape \u2013 21ml, 1000mAh, Dual Mesh, Adjustable Airflow"}]},{"@type":"WebSite","@id":"https:\/\/fumot.uk\/#website","url":"https:\/\/fumot.uk\/","name":"Fumot Offizieller Direkt | Direkt aus der Fabrik, 100% Original","description":"Offizielle Webseite","publisher":{"@id":"https:\/\/fumot.uk\/#organization"},"potentialAction":[{"@type":"SearchAction","target":{"@type":"EntryPoint","urlTemplate":"https:\/\/fumot.uk\/?s={search_term_string}"},"query-input":{"@type":"PropertyValueSpecification","valueRequired":true,"valueName":"search_term_string"}}],"inLanguage":"de"},{"@type":"Organization","@id":"https:\/\/fumot.uk\/#organization","name":"Fumot Offizieller Direkt | Direkt aus der Fabrik, 100% Original","url":"https:\/\/fumot.uk\/","logo":{"@type":"ImageObject","inLanguage":"de","@id":"https:\/\/fumot.uk\/#\/schema\/logo\/image\/","url":"https:\/\/fumot.uk\/wp-content\/uploads\/2026\/01\/cropped-fumot-logo1.png","contentUrl":"https:\/\/fumot.uk\/wp-content\/uploads\/2026\/01\/cropped-fumot-logo1.png","width":152,"height":106,"caption":"Fumot Official Direct | Straight from the Factory, 100% Genuine"},"image":{"@id":"https:\/\/fumot.uk\/#\/schema\/logo\/image\/"}}]}},"_links":{"self":[{"href":"https:\/\/fumot.uk\/de\/wp-json\/wp\/v2\/product\/4079","targetHints":{"allow":["GET"]}}],"collection":[{"href":"https:\/\/fumot.uk\/de\/wp-json\/wp\/v2\/product"}],"about":[{"href":"https:\/\/fumot.uk\/de\/wp-json\/wp\/v2\/types\/product"}],"replies":[{"embeddable":true,"href":"https:\/\/fumot.uk\/de\/wp-json\/wp\/v2\/comments?post=4079"}],"wp:featuredmedia":[{"embeddable":true,"href":"https:\/\/fumot.uk\/de\/wp-json\/wp\/v2\/media\/4109"}],"wp:attachment":[{"href":"https:\/\/fumot.uk\/de\/wp-json\/wp\/v2\/media?parent=4079"}],"wp:term":[{"taxonomy":"product_brand","embeddable":true,"href":"https:\/\/fumot.uk\/de\/wp-json\/wp\/v2\/product_brand?post=4079"},{"taxonomy":"product_cat","embeddable":true,"href":"https:\/\/fumot.uk\/de\/wp-json\/wp\/v2\/product_cat?post=4079"},{"taxonomy":"product_tag","embeddable":true,"href":"https:\/\/fumot.uk\/de\/wp-json\/wp\/v2\/product_tag?post=4079"}],"curies":[{"name":"wp","href":"https:\/\/api.w.org\/{rel}","templated":true}]}}