{"id":4071,"date":"2026-01-21T04:07:14","date_gmt":"2026-01-21T04:07:14","guid":{"rendered":"https:\/\/fumot.uk\/?post_type=product&#038;p=4071"},"modified":"2026-01-21T07:55:17","modified_gmt":"2026-01-21T07:55:17","slug":"jnr-media-max-40000-puffs-blueberry-watermelon-interaktive-e-zigarette","status":"publish","type":"product","link":"https:\/\/fumot.uk\/de\/product\/jnr-media-max-40000-puffs-blueberry-watermelon-interaktive-e-zigarette\/","title":{"rendered":"JNR Media Max 40000 Z\u00fcge Blaubeere Wassermelone | Smart Display Einweg E-Zigaretten (2%\/5% Nikotin)"},"content":{"rendered":"<h2>JNR Media Max 40000 Puffs \u2013 Blaubeere Wassermelone<\/h2>\n<p>Hell, saftig und erfrischend glatt\u2014<strong>Blaubeere Wassermelone<\/strong> vereint reife Blaubeers\u00fc\u00dfe mit dem klaren, sommerlichen Geschmack von Wassermelone. Das Ergebnis ist ein ausgewogener Frucht-E-Zigaretten, der sich leicht genug f\u00fcr den t\u00e4glichen Gebrauch anf\u00fchlt, besonders wenn Sie ein knackiges, frisches Finish ohne \u00fcberw\u00e4ltigende S\u00fc\u00dfigkeiten-Note w\u00fcnschen.<\/p>\n<h3>Geschmacksprofil: Blaubeere trifft Wassermelone<\/h3>\n<ul>\n<li><strong>Nat\u00fcrlich schmeckende Fruchtmischung:<\/strong> s\u00fc\u00dfe Blaubeertiefe + saftiger Wassermelonenlift<\/li>\n<li><strong>Erfrischend und entspannt:<\/strong> ein sauberer, heller E-Zigaretten f\u00fcr warme Tage und den t\u00e4glichen Gebrauch<\/li>\n<li><strong>Ausgewogene S\u00fc\u00dfe:<\/strong> geschmackvoll, ohne schwer zu wirken<\/li>\n<\/ul>\n<h3>Warum Sie die JNR Media Max 40000 Z\u00fcge lieben werden<\/h3>\n<p>Der <strong>JNR Media Max 40000 Puffs Einweg-E-Zigaretten<\/strong> ist f\u00fcr lange Sitzungen und konsistenten Geschmack gebaut. Mit bis zu <strong>40.000 Z\u00fcge<\/strong>, eine <strong>1000mAh wiederaufladbaren Batterie<\/strong>, und einem gro\u00dfz\u00fcgigen <strong>21ml E-Liquid-Kapazit\u00e4t<\/strong>, ist es darauf ausgelegt, zuverl\u00e4ssig und glatt vom ersten Zug bis zum letzten zu bleiben. <strong>Einstellbarer Luftstrom<\/strong> erm\u00f6glicht Ihnen, Ihren Zug fein abzustimmen\u2014von einem weicheren Zug bis zu einem offeneren, st\u00e4rkeren Zug\u2014w\u00e4hrend der <strong>Dual-Mesh-Spule<\/strong> hilft, gleichm\u00e4\u00dfige Erw\u00e4rmung und saubere Geschmacksfreigabe zu liefern.<\/p>\n<h3>Intelligente Konnektivit\u00e4t + 2,4\u2033 HD-Display<\/h3>\n<p>Mehr als nur eine E-Zigaretten, das JNR Media Max beinhaltet ein <strong>2,4-Zoll-HD-Smart-Display<\/strong> f\u00fcr klare, intuitive Steuerung. Verbinden Sie es mit Ihrem Telefon, um intelligente Funktionen wie <strong>Anruf- und SMS-Benachrichtigungen<\/strong>, <strong>Fernzugriff auf die Kamera<\/strong>, und <strong>Ger\u00e4teortung<\/strong> Optionen zu nutzen\u2014und Ihrem t\u00e4glichen E-Zigaretten ein modernes, verbundenes Gef\u00fchl zu verleihen.<\/p>\n<p>Erkunden Sie weitere E-Zigaretten mit Smart-Display auf <a href=\"https:\/\/fumot.uk\/de\/\" target=\"_blank\" rel=\"noopener\">fumot.uk<\/a>.<\/p>\n<h4>So verbinden Sie Ihr Telefon<\/h4>\n<ol>\n<li>Schalten Sie das Ger\u00e4t ein und wischen Sie \u00fcber den Bildschirm, um den QR-Code anzuzeigen.<\/li>\n<li>Scannen Sie den QR-Code, um die <strong>VaperAssistant<\/strong> App herunterzuladen und zu installieren.<\/li>\n<li>\u00d6ffnen Sie die App und scannen Sie den QR-Code auf dem Ger\u00e4t erneut.<\/li>\n<li>Erteilen Sie die angeforderten Berechtigungen, um die Bluetooth-Verbindung abzuschlie\u00dfen.<\/li>\n<li>Sobald verbunden, k\u00f6nnen Sie die intelligenten Funktionen nahtlos nutzen.<\/li>\n<\/ol>\n<h3>Technische Daten<\/h3>\n<ul>\n<li><strong>Z\u00fcge:<\/strong> Bis zu 40.000<\/li>\n<li><strong>Display:<\/strong> Gro\u00dfes 2,4\u2033 HD-Smart-Display<\/li>\n<li><strong>Luftstrom:<\/strong> Einstellbar<\/li>\n<li><strong>Spule:<\/strong> Dual-Mesh-Spule<\/li>\n<li><strong>Batterie:<\/strong> 1000mAh (wiederaufladbar)<\/li>\n<li><strong>E-Liquid Kapazit\u00e4t:<\/strong> 21ml<\/li>\n<li><strong>Nikotinst\u00e4rke:<\/strong> 2% oder 5%<\/li>\n<\/ul>\n<p><strong>Tipp:<\/strong> Bevorzugen Sie einen leichteren, glatteren Zug? W\u00e4hlen Sie <strong>2% Nikotin<\/strong>. M\u00f6chten Sie ein st\u00e4rkeres Nikotingef\u00fchl? Entscheiden Sie sich f\u00fcr <strong>5% Nikotin<\/strong>.<\/p>","protected":false},"excerpt":{"rendered":"<p>JNR Media Max 40000 Z\u00fcge in Blaubeere Wassermelone\u2014saftiges Fruchtgleichgewicht mit einem erfrischenden Abgang. Intelligentes 2,4\u2033 HD-Display, einstellbarer Luftstrom, Dual-Mesh-Spule, 21ml, 1000mAh wiederaufladbar. W\u00e4hlen Sie 2% oder 5% Nikotin.<\/p>","protected":false},"featured_media":4101,"comment_status":"open","ping_status":"closed","template":"","meta":[],"product_brand":[],"product_cat":[82,198,17],"product_tag":[174,70,71,21,33,73,26,62,199,28,32],"class_list":{"0":"post-4071","1":"product","2":"type-product","3":"status-publish","4":"has-post-thumbnail","6":"product_cat-40000-puff","7":"product_cat-jnr-media-max-40000-puffs","8":"product_cat-vape","9":"product_tag-1000-mah","10":"product_tag-2-nikotin","11":"product_tag-5-nikotin","12":"product_tag-adjustable-airflow","13":"product_tag-blueberry","14":"product_tag-dual-mesh","15":"product_tag-rechargeable","16":"product_tag-sale-vape","17":"product_tag-smart-display","18":"product_tag-type-c","19":"product_tag-watermelon","21":"first","22":"instock","23":"sale","24":"shipping-taxable","25":"purchasable","26":"product-type-variable","27":"has-default-attributes"},"yoast_head":"<!-- This site is optimized with the Yoast SEO plugin v26.8 - https:\/\/yoast.com\/product\/yoast-seo-wordpress\/ -->\n<title>JNR Media Max 40000 Blueberry Watermelon | Smart Vape<\/title>\n<meta name=\"description\" content=\"JNR Media Max 40000 Puffs Blueberry Watermelon disposable vape: 2.4&quot; HD smart display, adjustable airflow, dual mesh coil, 21ml, 1000mAh. 2%\/5%.\" \/>\n<meta name=\"robots\" content=\"index, follow, max-snippet:-1, max-image-preview:large, max-video-preview:-1\" \/>\n<link rel=\"canonical\" href=\"https:\/\/fumot.uk\/de\/product\/jnr-media-max-40000-puffs-blueberry-watermelon-interaktive-e-zigarette\/\" \/>\n<meta property=\"og:locale\" content=\"de_DE\" \/>\n<meta property=\"og:type\" content=\"article\" \/>\n<meta property=\"og:title\" content=\"Blueberry Watermelon JNR Media Max 40000 Puffs (Smart Display)\" \/>\n<meta property=\"og:description\" content=\"A crisp blueberry + juicy watermelon blend with adjustable airflow, dual mesh coil, 21ml, and a 2.4&quot; HD smart display. Available in 2% or 5% nicotine.\" \/>\n<meta property=\"og:url\" content=\"https:\/\/fumot.uk\/de\/product\/jnr-media-max-40000-puffs-blueberry-watermelon-interaktive-e-zigarette\/\" \/>\n<meta property=\"og:site_name\" content=\"Fumot Official Direct | Straight from the Factory, 100% Genuine\" \/>\n<meta property=\"article:modified_time\" content=\"2026-01-21T07:55:17+00:00\" \/>\n<meta property=\"og:image\" content=\"https:\/\/fumot.uk\/wp-content\/uploads\/2026\/01\/JNR-Media-Max-40000-Puffs-Blueberry-Watermelon-Disposable-Vape-ultravape.jpg\" \/>\n\t<meta property=\"og:image:width\" content=\"800\" \/>\n\t<meta property=\"og:image:height\" content=\"800\" \/>\n\t<meta property=\"og:image:type\" content=\"image\/jpeg\" \/>\n<meta name=\"twitter:card\" content=\"summary_large_image\" \/>\n<meta name=\"twitter:label1\" content=\"Gesch\u00e4tzte Lesezeit\" \/>\n\t<meta name=\"twitter:data1\" content=\"2\u00a0Minuten\" \/>\n<script type=\"application\/ld+json\" class=\"yoast-schema-graph\">{\"@context\":\"https:\/\/schema.org\",\"@graph\":[{\"@type\":\"WebPage\",\"@id\":\"https:\/\/fumot.uk\/product\/jnr-media-max-40000-puffs-blueberry-watermelon-interaktive-e-zigarette\/\",\"url\":\"https:\/\/fumot.uk\/product\/jnr-media-max-40000-puffs-blueberry-watermelon-interaktive-e-zigarette\/\",\"name\":\"JNR Media Max 40000 Blueberry Watermelon | Smart Vape\",\"isPartOf\":{\"@id\":\"https:\/\/fumot.uk\/#website\"},\"primaryImageOfPage\":{\"@id\":\"https:\/\/fumot.uk\/product\/jnr-media-max-40000-puffs-blueberry-watermelon-interaktive-e-zigarette\/#primaryimage\"},\"image\":{\"@id\":\"https:\/\/fumot.uk\/product\/jnr-media-max-40000-puffs-blueberry-watermelon-interaktive-e-zigarette\/#primaryimage\"},\"thumbnailUrl\":\"https:\/\/fumot.uk\/wp-content\/uploads\/2026\/01\/JNR-Media-Max-40000-Puffs-Blueberry-Watermelon-Disposable-Vape-ultravape.jpg\",\"datePublished\":\"2026-01-21T04:07:14+00:00\",\"dateModified\":\"2026-01-21T07:55:17+00:00\",\"description\":\"JNR Media Max 40000 Puffs Blueberry Watermelon disposable vape: 2.4\\\" HD smart display, adjustable airflow, dual mesh coil, 21ml, 1000mAh. 2%\/5%.\",\"breadcrumb\":{\"@id\":\"https:\/\/fumot.uk\/product\/jnr-media-max-40000-puffs-blueberry-watermelon-interaktive-e-zigarette\/#breadcrumb\"},\"inLanguage\":\"de\",\"potentialAction\":[{\"@type\":\"ReadAction\",\"target\":[\"https:\/\/fumot.uk\/product\/jnr-media-max-40000-puffs-blueberry-watermelon-interaktive-e-zigarette\/\"]}]},{\"@type\":\"ImageObject\",\"inLanguage\":\"de\",\"@id\":\"https:\/\/fumot.uk\/product\/jnr-media-max-40000-puffs-blueberry-watermelon-interaktive-e-zigarette\/#primaryimage\",\"url\":\"https:\/\/fumot.uk\/wp-content\/uploads\/2026\/01\/JNR-Media-Max-40000-Puffs-Blueberry-Watermelon-Disposable-Vape-ultravape.jpg\",\"contentUrl\":\"https:\/\/fumot.uk\/wp-content\/uploads\/2026\/01\/JNR-Media-Max-40000-Puffs-Blueberry-Watermelon-Disposable-Vape-ultravape.jpg\",\"width\":800,\"height\":800},{\"@type\":\"BreadcrumbList\",\"@id\":\"https:\/\/fumot.uk\/product\/jnr-media-max-40000-puffs-blueberry-watermelon-interaktive-e-zigarette\/#breadcrumb\",\"itemListElement\":[{\"@type\":\"ListItem\",\"position\":1,\"name\":\"Home\",\"item\":\"https:\/\/fumot.uk\/\"},{\"@type\":\"ListItem\",\"position\":2,\"name\":\"Shop\",\"item\":\"https:\/\/fumot.uk\/shop\/\"},{\"@type\":\"ListItem\",\"position\":3,\"name\":\"JNR Media Max 40000 Puffs Blueberry Watermelon | Smart Display Disposable Vape (2%\/5% Nicotine)\"}]},{\"@type\":\"WebSite\",\"@id\":\"https:\/\/fumot.uk\/#website\",\"url\":\"https:\/\/fumot.uk\/\",\"name\":\"Fumot Official Direct | Straight from the Factory, 100% Genuine\",\"description\":\"Official Website\",\"publisher\":{\"@id\":\"https:\/\/fumot.uk\/#organization\"},\"potentialAction\":[{\"@type\":\"SearchAction\",\"target\":{\"@type\":\"EntryPoint\",\"urlTemplate\":\"https:\/\/fumot.uk\/?s={search_term_string}\"},\"query-input\":{\"@type\":\"PropertyValueSpecification\",\"valueRequired\":true,\"valueName\":\"search_term_string\"}}],\"inLanguage\":\"de\"},{\"@type\":\"Organization\",\"@id\":\"https:\/\/fumot.uk\/#organization\",\"name\":\"Fumot Official Direct | Straight from the Factory, 100% Genuine\",\"url\":\"https:\/\/fumot.uk\/\",\"logo\":{\"@type\":\"ImageObject\",\"inLanguage\":\"de\",\"@id\":\"https:\/\/fumot.uk\/#\/schema\/logo\/image\/\",\"url\":\"https:\/\/fumot.uk\/wp-content\/uploads\/2026\/01\/cropped-fumot-logo1.png\",\"contentUrl\":\"https:\/\/fumot.uk\/wp-content\/uploads\/2026\/01\/cropped-fumot-logo1.png\",\"width\":152,\"height\":106,\"caption\":\"Fumot Official Direct | Straight from the Factory, 100% Genuine\"},\"image\":{\"@id\":\"https:\/\/fumot.uk\/#\/schema\/logo\/image\/\"}}]}<\/script>\n<!-- \/ Yoast SEO plugin. -->","yoast_head_json":{"title":"JNR Media Max 40000 Blaubeere Wassermelone | Smart E-Zigaretten","description":"JNR Media Max 40000 Z\u00fcge Blaubeere Wassermelone Einweg-E-Zigaretten: 2,4\" HD-Smart-Display, einstellbarer Luftstrom, Dual-Mesh-Spule, 21ml, 1000mAh. 2%\/5%.","robots":{"index":"index","follow":"follow","max-snippet":"max-snippet:-1","max-image-preview":"max-image-preview:large","max-video-preview":"max-video-preview:-1"},"canonical":"https:\/\/fumot.uk\/de\/product\/jnr-media-max-40000-puffs-blueberry-watermelon-interaktive-e-zigarette\/","og_locale":"de_DE","og_type":"article","og_title":"Blueberry Watermelon JNR Media Max 40000 Puffs (Smart Display)","og_description":"A crisp blueberry + juicy watermelon blend with adjustable airflow, dual mesh coil, 21ml, and a 2.4\" HD smart display. Available in 2% or 5% nicotine.","og_url":"https:\/\/fumot.uk\/de\/product\/jnr-media-max-40000-puffs-blueberry-watermelon-interaktive-e-zigarette\/","og_site_name":"Fumot Official Direct | Straight from the Factory, 100% Genuine","article_modified_time":"2026-01-21T07:55:17+00:00","og_image":[{"width":800,"height":800,"url":"https:\/\/fumot.uk\/wp-content\/uploads\/2026\/01\/JNR-Media-Max-40000-Puffs-Blueberry-Watermelon-Disposable-Vape-ultravape.jpg","type":"image\/jpeg"}],"twitter_card":"summary_large_image","twitter_misc":{"Gesch\u00e4tzte Lesezeit":"2\u00a0Minuten"},"schema":{"@context":"https:\/\/schema.org","@graph":[{"@type":"WebPage","@id":"https:\/\/fumot.uk\/product\/jnr-media-max-40000-puffs-blueberry-watermelon-interaktive-e-zigarette\/","url":"https:\/\/fumot.uk\/product\/jnr-media-max-40000-puffs-blueberry-watermelon-interaktive-e-zigarette\/","name":"JNR Media Max 40000 Blaubeere Wassermelone | Smart E-Zigaretten","isPartOf":{"@id":"https:\/\/fumot.uk\/#website"},"primaryImageOfPage":{"@id":"https:\/\/fumot.uk\/product\/jnr-media-max-40000-puffs-blueberry-watermelon-interaktive-e-zigarette\/#primaryimage"},"image":{"@id":"https:\/\/fumot.uk\/product\/jnr-media-max-40000-puffs-blueberry-watermelon-interaktive-e-zigarette\/#primaryimage"},"thumbnailUrl":"https:\/\/fumot.uk\/wp-content\/uploads\/2026\/01\/JNR-Media-Max-40000-Puffs-Blueberry-Watermelon-Disposable-Vape-ultravape.jpg","datePublished":"2026-01-21T04:07:14+00:00","dateModified":"2026-01-21T07:55:17+00:00","description":"JNR Media Max 40000 Z\u00fcge Blaubeere Wassermelone Einweg-E-Zigaretten: 2,4\" HD-Smart-Display, einstellbarer Luftstrom, Dual-Mesh-Spule, 21ml, 1000mAh. 2%\/5%.","breadcrumb":{"@id":"https:\/\/fumot.uk\/product\/jnr-media-max-40000-puffs-blueberry-watermelon-interaktive-e-zigarette\/#breadcrumb"},"inLanguage":"de","potentialAction":[{"@type":"ReadAction","target":["https:\/\/fumot.uk\/product\/jnr-media-max-40000-puffs-blueberry-watermelon-interaktive-e-zigarette\/"]}]},{"@type":"ImageObject","inLanguage":"de","@id":"https:\/\/fumot.uk\/product\/jnr-media-max-40000-puffs-blueberry-watermelon-interaktive-e-zigarette\/#primaryimage","url":"https:\/\/fumot.uk\/wp-content\/uploads\/2026\/01\/JNR-Media-Max-40000-Puffs-Blueberry-Watermelon-Disposable-Vape-ultravape.jpg","contentUrl":"https:\/\/fumot.uk\/wp-content\/uploads\/2026\/01\/JNR-Media-Max-40000-Puffs-Blueberry-Watermelon-Disposable-Vape-ultravape.jpg","width":800,"height":800},{"@type":"BreadcrumbList","@id":"https:\/\/fumot.uk\/product\/jnr-media-max-40000-puffs-blueberry-watermelon-interaktive-e-zigarette\/#breadcrumb","itemListElement":[{"@type":"ListItem","position":1,"name":"Home","item":"https:\/\/fumot.uk\/"},{"@type":"ListItem","position":2,"name":"Shop","item":"https:\/\/fumot.uk\/shop\/"},{"@type":"ListItem","position":3,"name":"JNR Media Max 40000 Puffs Blueberry Watermelon | Smart Display Disposable Vape (2%\/5% Nicotine)"}]},{"@type":"WebSite","@id":"https:\/\/fumot.uk\/#website","url":"https:\/\/fumot.uk\/","name":"Fumot Offizieller Direkt | Direkt aus der Fabrik, 100% Original","description":"Offizielle Webseite","publisher":{"@id":"https:\/\/fumot.uk\/#organization"},"potentialAction":[{"@type":"SearchAction","target":{"@type":"EntryPoint","urlTemplate":"https:\/\/fumot.uk\/?s={search_term_string}"},"query-input":{"@type":"PropertyValueSpecification","valueRequired":true,"valueName":"search_term_string"}}],"inLanguage":"de"},{"@type":"Organization","@id":"https:\/\/fumot.uk\/#organization","name":"Fumot Offizieller Direkt | Direkt aus der Fabrik, 100% Original","url":"https:\/\/fumot.uk\/","logo":{"@type":"ImageObject","inLanguage":"de","@id":"https:\/\/fumot.uk\/#\/schema\/logo\/image\/","url":"https:\/\/fumot.uk\/wp-content\/uploads\/2026\/01\/cropped-fumot-logo1.png","contentUrl":"https:\/\/fumot.uk\/wp-content\/uploads\/2026\/01\/cropped-fumot-logo1.png","width":152,"height":106,"caption":"Fumot Official Direct | Straight from the Factory, 100% Genuine"},"image":{"@id":"https:\/\/fumot.uk\/#\/schema\/logo\/image\/"}}]}},"_links":{"self":[{"href":"https:\/\/fumot.uk\/de\/wp-json\/wp\/v2\/product\/4071","targetHints":{"allow":["GET"]}}],"collection":[{"href":"https:\/\/fumot.uk\/de\/wp-json\/wp\/v2\/product"}],"about":[{"href":"https:\/\/fumot.uk\/de\/wp-json\/wp\/v2\/types\/product"}],"replies":[{"embeddable":true,"href":"https:\/\/fumot.uk\/de\/wp-json\/wp\/v2\/comments?post=4071"}],"wp:featuredmedia":[{"embeddable":true,"href":"https:\/\/fumot.uk\/de\/wp-json\/wp\/v2\/media\/4101"}],"wp:attachment":[{"href":"https:\/\/fumot.uk\/de\/wp-json\/wp\/v2\/media?parent=4071"}],"wp:term":[{"taxonomy":"product_brand","embeddable":true,"href":"https:\/\/fumot.uk\/de\/wp-json\/wp\/v2\/product_brand?post=4071"},{"taxonomy":"product_cat","embeddable":true,"href":"https:\/\/fumot.uk\/de\/wp-json\/wp\/v2\/product_cat?post=4071"},{"taxonomy":"product_tag","embeddable":true,"href":"https:\/\/fumot.uk\/de\/wp-json\/wp\/v2\/product_tag?post=4071"}],"curies":[{"name":"wp","href":"https:\/\/api.w.org\/{rel}","templated":true}]}}