{"id":4070,"date":"2026-01-21T04:07:13","date_gmt":"2026-01-21T04:07:13","guid":{"rendered":"https:\/\/fumot.uk\/?post_type=product&#038;p=4070"},"modified":"2026-01-21T08:23:39","modified_gmt":"2026-01-21T08:23:39","slug":"jnr-media-max-40000-puffs-blue-razz-ice-intelligente-e-zigarette","status":"publish","type":"product","link":"https:\/\/fumot.uk\/de\/product\/jnr-media-max-40000-puffs-blue-razz-ice-intelligente-e-zigarette\/","title":{"rendered":"JNR Media Max 40000 Z\u00fcge Blue Razz Ice Smart Einweg-E-Zigaretten (2,4\u2033 HD-Display, 21ml, 1000mAh, Einstellbarer Luftstrom)"},"content":{"rendered":"<h2>JNR Media Max 40000 Z\u00fcge \u2013 Blue Razz Ice (Smart Einweg E-Zigaretten)<\/h2>\n<p>Treffen Sie eine k\u00fchne, chillige Fruchtmischung, die f\u00fcr das t\u00e4gliche Dampfen gemacht ist. <strong>JNR Media Max 40000 Z\u00fcge Blue Razz Ice<\/strong> kombiniert lebendige blaue Himbeer-S\u00fc\u00dfe mit einem knackigen, eisigen Finish \u2013 ausgewogen, sauber im Geschmack und befriedigend vom ersten Zug bis zum letzten.<\/p>\n<h3>Geschmack: Blue Razz Ice<\/h3>\n<ul>\n<li><strong>Saftige Beeren-Bonbon-Stimmung:<\/strong> Ein helles, von blauen Himbeeren inspiriertes Profil mit geschichteten fruchtigen Noten.<\/li>\n<li><strong>K\u00fchles Minz-Finish:<\/strong> Eine erfrischende eisige Note, die den Geschmack leicht und frisch h\u00e4lt.<\/li>\n<li><strong>Ausgewogen f\u00fcr den ganzt\u00e4gigen Gebrauch:<\/strong> S\u00fc\u00dfe und K\u00fchle sind so abgestimmt, dass sie nicht \u00fcberw\u00e4ltigend sind \u2013 ideal f\u00fcr t\u00e4gliche Sitzungen und warme Tage.<\/li>\n<\/ul>\n<h3>F\u00fcr lange Nutzung &amp; sanfte Geschmacksabgabe gebaut<\/h3>\n<p>Der <strong>JNR Media Max 40000 Z\u00fcge<\/strong> ist f\u00fcr moderne Nutzer konzipiert, die gro\u00dfe Kapazit\u00e4t, konsistenten Geschmack und intelligente Benutzerfreundlichkeit w\u00fcnschen. Mit einer gro\u00dfz\u00fcgigen <strong>21ml E-Liquid-Kapazit\u00e4t<\/strong>, eine <strong>1000mAh wiederaufladbaren Batterie<\/strong>, und <strong>Dual-Mesh-Spule<\/strong> Erhitzung, ist es gemacht, um den Geschmack stabil und sanft \u00fcber die Zeit zu halten. Verwenden Sie das <strong>einstellbarem Luftstrom<\/strong> um zwischen einem leichteren Zug und einem st\u00e4rkeren Hit je nach Vorliebe zu wechseln.<\/p>\n<p><a href=\"https:\/\/fumot.uk\/de\/product-category\/40000-puff\/\">Entdecken Sie mehr 40000 Z\u00fcge E-Zigaretten auf fumot.uk<\/a><\/p>\n<h3>Intelligente Verbindungsfunktionen (mit 2,4\u2033 HD-Bildschirm)<\/h3>\n<p>Mit einem gro\u00dfen <strong>2,4-Zoll-HD-Display<\/strong>, bietet das JNR Media Max eine klare, einfache Benutzeroberfl\u00e4che. Nach dem Pairing mit einem Smartphone k\u00f6nnen Benutzer auf intelligente Funktionen zugreifen wie <strong>Anruf\/SMS-Benachrichtigungen<\/strong>, <strong>Fernsteuerung der Kamera<\/strong>, und <strong>Ger\u00e4te-\/Telefon-Findung<\/strong>\u2014vereint E-Zigaretten + intelligente Bequemlichkeit in einem Ger\u00e4t.<\/p>\n<h4>So verbinden Sie Ihr Telefon<\/h4>\n<ol>\n<li>Schalten Sie das Ger\u00e4t ein und wischen Sie \u00fcber den Bildschirm, um den QR-Code anzuzeigen.<\/li>\n<li>Scannen Sie den QR-Code, um die <strong>VaperAssistant<\/strong> App herunterzuladen und zu installieren.<\/li>\n<li>\u00d6ffnen Sie die App und scannen Sie den QR-Code auf dem Ger\u00e4t erneut.<\/li>\n<li>Erlauben Sie die erforderlichen Berechtigungen und schlie\u00dfen Sie das Bluetooth-Pairing ab.<\/li>\n<li>Sobald verbunden, genie\u00dfen Sie die intelligenten Funktionen direkt vom Ger\u00e4t.<\/li>\n<\/ol>\n<h3>Spezifikationen<\/h3>\n<ul>\n<li><strong>Z\u00fcge:<\/strong> Bis zu 40000<\/li>\n<li><strong>Display:<\/strong> 2,4\u2033 HD-Bildschirm<\/li>\n<li><strong>Luftstrom:<\/strong> Einstellbar<\/li>\n<li><strong>Spule:<\/strong> Dual-Mesh-Spule<\/li>\n<li><strong>Batterie:<\/strong> 1000mAh (wiederaufladbar)<\/li>\n<li><strong>E-Liquid-Kapazit\u00e4t:<\/strong> 21ml<\/li>\n<li><strong>Nikotinst\u00e4rke-Optionen:<\/strong> 2% \/ 5%<\/li>\n<\/ul>\n<p><strong>Tipp:<\/strong> Wenn Blue Razz Ice Ihr Favorit ist, setzen Sie ein Lesezeichen <a href=\"https:\/\/fumot.uk\/de\/\">fumot.uk<\/a> f\u00fcr neue Ank\u00fcnfte und Geschmacksdrops in der 40000 Z\u00fcge Reihe.<\/p>","protected":false},"excerpt":{"rendered":"<p>JNR Media Max 40000 Z\u00fcge Blue Razz Ice smartes Einweg-E-Zigaretten mit 2,4\u2033 HD-Display, 21ml Kapazit\u00e4t, 1000mAh wiederaufladbare Batterie, Dual-Mesh-Spule und einstellbarem Luftstrom. Nikotinoptionen: 2% \/ 5%.<\/p>","protected":false},"featured_media":4100,"comment_status":"open","ping_status":"closed","template":"","meta":[],"product_brand":[],"product_cat":[82,198,17],"product_tag":[174,70,71,21,22,73,29,26,62,199,28],"class_list":{"0":"post-4070","1":"product","2":"type-product","3":"status-publish","4":"has-post-thumbnail","6":"product_cat-40000-puff","7":"product_cat-jnr-media-max-40000-puffs","8":"product_cat-vape","9":"product_tag-1000-mah","10":"product_tag-2-nikotin","11":"product_tag-5-nikotin","12":"product_tag-adjustable-airflow","13":"product_tag-blue-razz","14":"product_tag-dual-mesh","15":"product_tag-ice","16":"product_tag-rechargeable","17":"product_tag-sale-vape","18":"product_tag-smart-display","19":"product_tag-type-c","21":"first","22":"instock","23":"sale","24":"shipping-taxable","25":"purchasable","26":"product-type-variable","27":"has-default-attributes"},"yoast_head":"<!-- This site is optimized with the Yoast SEO plugin v26.8 - https:\/\/yoast.com\/product\/yoast-seo-wordpress\/ -->\n<title>JNR Media Max 40000 Puffs Blue Razz Ice | fumot.uk<\/title>\n<meta name=\"description\" content=\"Shop JNR Media Max 40000 Puffs Blue Razz Ice: smart 2.4&quot; HD display, 21ml, 1000mAh rechargeable, dual mesh coil, adjustable airflow. 2%\/5%.\" \/>\n<meta name=\"robots\" content=\"index, follow, max-snippet:-1, max-image-preview:large, max-video-preview:-1\" \/>\n<link rel=\"canonical\" href=\"https:\/\/fumot.uk\/de\/product\/jnr-media-max-40000-puffs-blue-razz-ice-intelligente-e-zigarette\/\" \/>\n<meta property=\"og:locale\" content=\"de_DE\" \/>\n<meta property=\"og:type\" content=\"article\" \/>\n<meta property=\"og:title\" content=\"JNR Media Max 40000 Puffs \u2013 Blue Razz Ice (Smart Display)\" \/>\n<meta property=\"og:description\" content=\"Blue Razz Ice flavor with a cool finish. 21ml, 1000mAh rechargeable, dual mesh coil, adjustable airflow, and a 2.4&quot; HD smart screen. 2%\/5%.\" \/>\n<meta property=\"og:url\" content=\"https:\/\/fumot.uk\/de\/product\/jnr-media-max-40000-puffs-blue-razz-ice-intelligente-e-zigarette\/\" \/>\n<meta property=\"og:site_name\" content=\"Fumot Official Direct | Straight from the Factory, 100% Genuine\" \/>\n<meta property=\"article:modified_time\" content=\"2026-01-21T08:23:39+00:00\" \/>\n<meta property=\"og:image\" content=\"https:\/\/fumot.uk\/wp-content\/uploads\/2026\/01\/JNR-Media-Max-40000-Puffs-Blue-Razz-Ice-Disposable-Vape-ultravape.jpg\" \/>\n\t<meta property=\"og:image:width\" content=\"800\" \/>\n\t<meta property=\"og:image:height\" content=\"800\" \/>\n\t<meta property=\"og:image:type\" content=\"image\/jpeg\" \/>\n<meta name=\"twitter:card\" content=\"summary_large_image\" \/>\n<meta name=\"twitter:label1\" content=\"Gesch\u00e4tzte Lesezeit\" \/>\n\t<meta name=\"twitter:data1\" content=\"2\u00a0Minuten\" \/>\n<script type=\"application\/ld+json\" class=\"yoast-schema-graph\">{\"@context\":\"https:\/\/schema.org\",\"@graph\":[{\"@type\":\"WebPage\",\"@id\":\"https:\/\/fumot.uk\/product\/jnr-media-max-40000-puffs-blue-razz-ice-intelligente-e-zigarette\/\",\"url\":\"https:\/\/fumot.uk\/product\/jnr-media-max-40000-puffs-blue-razz-ice-intelligente-e-zigarette\/\",\"name\":\"JNR Media Max 40000 Puffs Blue Razz Ice | fumot.uk\",\"isPartOf\":{\"@id\":\"https:\/\/fumot.uk\/#website\"},\"primaryImageOfPage\":{\"@id\":\"https:\/\/fumot.uk\/product\/jnr-media-max-40000-puffs-blue-razz-ice-intelligente-e-zigarette\/#primaryimage\"},\"image\":{\"@id\":\"https:\/\/fumot.uk\/product\/jnr-media-max-40000-puffs-blue-razz-ice-intelligente-e-zigarette\/#primaryimage\"},\"thumbnailUrl\":\"https:\/\/fumot.uk\/wp-content\/uploads\/2026\/01\/JNR-Media-Max-40000-Puffs-Blue-Razz-Ice-Disposable-Vape-ultravape.jpg\",\"datePublished\":\"2026-01-21T04:07:13+00:00\",\"dateModified\":\"2026-01-21T08:23:39+00:00\",\"description\":\"Shop JNR Media Max 40000 Puffs Blue Razz Ice: smart 2.4\\\" HD display, 21ml, 1000mAh rechargeable, dual mesh coil, adjustable airflow. 2%\/5%.\",\"breadcrumb\":{\"@id\":\"https:\/\/fumot.uk\/product\/jnr-media-max-40000-puffs-blue-razz-ice-intelligente-e-zigarette\/#breadcrumb\"},\"inLanguage\":\"de\",\"potentialAction\":[{\"@type\":\"ReadAction\",\"target\":[\"https:\/\/fumot.uk\/product\/jnr-media-max-40000-puffs-blue-razz-ice-intelligente-e-zigarette\/\"]}]},{\"@type\":\"ImageObject\",\"inLanguage\":\"de\",\"@id\":\"https:\/\/fumot.uk\/product\/jnr-media-max-40000-puffs-blue-razz-ice-intelligente-e-zigarette\/#primaryimage\",\"url\":\"https:\/\/fumot.uk\/wp-content\/uploads\/2026\/01\/JNR-Media-Max-40000-Puffs-Blue-Razz-Ice-Disposable-Vape-ultravape.jpg\",\"contentUrl\":\"https:\/\/fumot.uk\/wp-content\/uploads\/2026\/01\/JNR-Media-Max-40000-Puffs-Blue-Razz-Ice-Disposable-Vape-ultravape.jpg\",\"width\":800,\"height\":800},{\"@type\":\"BreadcrumbList\",\"@id\":\"https:\/\/fumot.uk\/product\/jnr-media-max-40000-puffs-blue-razz-ice-intelligente-e-zigarette\/#breadcrumb\",\"itemListElement\":[{\"@type\":\"ListItem\",\"position\":1,\"name\":\"Home\",\"item\":\"https:\/\/fumot.uk\/\"},{\"@type\":\"ListItem\",\"position\":2,\"name\":\"Shop\",\"item\":\"https:\/\/fumot.uk\/shop\/\"},{\"@type\":\"ListItem\",\"position\":3,\"name\":\"JNR Media Max 40000 Puffs Blue Razz Ice Smart Disposable Vape (2.4&#8243; HD Display, 21ml, 1000mAh, Adjustable Airflow)\"}]},{\"@type\":\"WebSite\",\"@id\":\"https:\/\/fumot.uk\/#website\",\"url\":\"https:\/\/fumot.uk\/\",\"name\":\"Fumot Official Direct | Straight from the Factory, 100% Genuine\",\"description\":\"Official Website\",\"publisher\":{\"@id\":\"https:\/\/fumot.uk\/#organization\"},\"potentialAction\":[{\"@type\":\"SearchAction\",\"target\":{\"@type\":\"EntryPoint\",\"urlTemplate\":\"https:\/\/fumot.uk\/?s={search_term_string}\"},\"query-input\":{\"@type\":\"PropertyValueSpecification\",\"valueRequired\":true,\"valueName\":\"search_term_string\"}}],\"inLanguage\":\"de\"},{\"@type\":\"Organization\",\"@id\":\"https:\/\/fumot.uk\/#organization\",\"name\":\"Fumot Official Direct | Straight from the Factory, 100% Genuine\",\"url\":\"https:\/\/fumot.uk\/\",\"logo\":{\"@type\":\"ImageObject\",\"inLanguage\":\"de\",\"@id\":\"https:\/\/fumot.uk\/#\/schema\/logo\/image\/\",\"url\":\"https:\/\/fumot.uk\/wp-content\/uploads\/2026\/01\/cropped-fumot-logo1.png\",\"contentUrl\":\"https:\/\/fumot.uk\/wp-content\/uploads\/2026\/01\/cropped-fumot-logo1.png\",\"width\":152,\"height\":106,\"caption\":\"Fumot Official Direct | Straight from the Factory, 100% Genuine\"},\"image\":{\"@id\":\"https:\/\/fumot.uk\/#\/schema\/logo\/image\/\"}}]}<\/script>\n<!-- \/ Yoast SEO plugin. -->","yoast_head_json":{"title":"JNR Media Max 40000 Z\u00fcge Blue Razz Ice | fumot.uk","description":"Shop JNR Media Max 40000 Puffs Blue Razz Ice: intelligentes 2,4\" HD-Display, 21ml, 1000mAh wiederaufladbar, Dual-Mesh-Spule, einstellbarer Luftstrom. 2%\/5%.","robots":{"index":"index","follow":"follow","max-snippet":"max-snippet:-1","max-image-preview":"max-image-preview:large","max-video-preview":"max-video-preview:-1"},"canonical":"https:\/\/fumot.uk\/de\/product\/jnr-media-max-40000-puffs-blue-razz-ice-intelligente-e-zigarette\/","og_locale":"de_DE","og_type":"article","og_title":"JNR Media Max 40000 Puffs \u2013 Blue Razz Ice (Smart Display)","og_description":"Blue Razz Ice flavor with a cool finish. 21ml, 1000mAh rechargeable, dual mesh coil, adjustable airflow, and a 2.4\" HD smart screen. 2%\/5%.","og_url":"https:\/\/fumot.uk\/de\/product\/jnr-media-max-40000-puffs-blue-razz-ice-intelligente-e-zigarette\/","og_site_name":"Fumot Official Direct | Straight from the Factory, 100% Genuine","article_modified_time":"2026-01-21T08:23:39+00:00","og_image":[{"width":800,"height":800,"url":"https:\/\/fumot.uk\/wp-content\/uploads\/2026\/01\/JNR-Media-Max-40000-Puffs-Blue-Razz-Ice-Disposable-Vape-ultravape.jpg","type":"image\/jpeg"}],"twitter_card":"summary_large_image","twitter_misc":{"Gesch\u00e4tzte Lesezeit":"2\u00a0Minuten"},"schema":{"@context":"https:\/\/schema.org","@graph":[{"@type":"WebPage","@id":"https:\/\/fumot.uk\/product\/jnr-media-max-40000-puffs-blue-razz-ice-intelligente-e-zigarette\/","url":"https:\/\/fumot.uk\/product\/jnr-media-max-40000-puffs-blue-razz-ice-intelligente-e-zigarette\/","name":"JNR Media Max 40000 Z\u00fcge Blue Razz Ice | fumot.uk","isPartOf":{"@id":"https:\/\/fumot.uk\/#website"},"primaryImageOfPage":{"@id":"https:\/\/fumot.uk\/product\/jnr-media-max-40000-puffs-blue-razz-ice-intelligente-e-zigarette\/#primaryimage"},"image":{"@id":"https:\/\/fumot.uk\/product\/jnr-media-max-40000-puffs-blue-razz-ice-intelligente-e-zigarette\/#primaryimage"},"thumbnailUrl":"https:\/\/fumot.uk\/wp-content\/uploads\/2026\/01\/JNR-Media-Max-40000-Puffs-Blue-Razz-Ice-Disposable-Vape-ultravape.jpg","datePublished":"2026-01-21T04:07:13+00:00","dateModified":"2026-01-21T08:23:39+00:00","description":"Shop JNR Media Max 40000 Puffs Blue Razz Ice: intelligentes 2,4\" HD-Display, 21ml, 1000mAh wiederaufladbar, Dual-Mesh-Spule, einstellbarer Luftstrom. 2%\/5%.","breadcrumb":{"@id":"https:\/\/fumot.uk\/product\/jnr-media-max-40000-puffs-blue-razz-ice-intelligente-e-zigarette\/#breadcrumb"},"inLanguage":"de","potentialAction":[{"@type":"ReadAction","target":["https:\/\/fumot.uk\/product\/jnr-media-max-40000-puffs-blue-razz-ice-intelligente-e-zigarette\/"]}]},{"@type":"ImageObject","inLanguage":"de","@id":"https:\/\/fumot.uk\/product\/jnr-media-max-40000-puffs-blue-razz-ice-intelligente-e-zigarette\/#primaryimage","url":"https:\/\/fumot.uk\/wp-content\/uploads\/2026\/01\/JNR-Media-Max-40000-Puffs-Blue-Razz-Ice-Disposable-Vape-ultravape.jpg","contentUrl":"https:\/\/fumot.uk\/wp-content\/uploads\/2026\/01\/JNR-Media-Max-40000-Puffs-Blue-Razz-Ice-Disposable-Vape-ultravape.jpg","width":800,"height":800},{"@type":"BreadcrumbList","@id":"https:\/\/fumot.uk\/product\/jnr-media-max-40000-puffs-blue-razz-ice-intelligente-e-zigarette\/#breadcrumb","itemListElement":[{"@type":"ListItem","position":1,"name":"Home","item":"https:\/\/fumot.uk\/"},{"@type":"ListItem","position":2,"name":"Shop","item":"https:\/\/fumot.uk\/shop\/"},{"@type":"ListItem","position":3,"name":"JNR Media Max 40000 Puffs Blue Razz Ice Smart Disposable Vape (2.4&#8243; HD Display, 21ml, 1000mAh, Adjustable Airflow)"}]},{"@type":"WebSite","@id":"https:\/\/fumot.uk\/#website","url":"https:\/\/fumot.uk\/","name":"Fumot Offizieller Direkt | Direkt aus der Fabrik, 100% Original","description":"Offizielle Webseite","publisher":{"@id":"https:\/\/fumot.uk\/#organization"},"potentialAction":[{"@type":"SearchAction","target":{"@type":"EntryPoint","urlTemplate":"https:\/\/fumot.uk\/?s={search_term_string}"},"query-input":{"@type":"PropertyValueSpecification","valueRequired":true,"valueName":"search_term_string"}}],"inLanguage":"de"},{"@type":"Organization","@id":"https:\/\/fumot.uk\/#organization","name":"Fumot Offizieller Direkt | Direkt aus der Fabrik, 100% Original","url":"https:\/\/fumot.uk\/","logo":{"@type":"ImageObject","inLanguage":"de","@id":"https:\/\/fumot.uk\/#\/schema\/logo\/image\/","url":"https:\/\/fumot.uk\/wp-content\/uploads\/2026\/01\/cropped-fumot-logo1.png","contentUrl":"https:\/\/fumot.uk\/wp-content\/uploads\/2026\/01\/cropped-fumot-logo1.png","width":152,"height":106,"caption":"Fumot Official Direct | Straight from the Factory, 100% Genuine"},"image":{"@id":"https:\/\/fumot.uk\/#\/schema\/logo\/image\/"}}]}},"_links":{"self":[{"href":"https:\/\/fumot.uk\/de\/wp-json\/wp\/v2\/product\/4070","targetHints":{"allow":["GET"]}}],"collection":[{"href":"https:\/\/fumot.uk\/de\/wp-json\/wp\/v2\/product"}],"about":[{"href":"https:\/\/fumot.uk\/de\/wp-json\/wp\/v2\/types\/product"}],"replies":[{"embeddable":true,"href":"https:\/\/fumot.uk\/de\/wp-json\/wp\/v2\/comments?post=4070"}],"wp:featuredmedia":[{"embeddable":true,"href":"https:\/\/fumot.uk\/de\/wp-json\/wp\/v2\/media\/4100"}],"wp:attachment":[{"href":"https:\/\/fumot.uk\/de\/wp-json\/wp\/v2\/media?parent=4070"}],"wp:term":[{"taxonomy":"product_brand","embeddable":true,"href":"https:\/\/fumot.uk\/de\/wp-json\/wp\/v2\/product_brand?post=4070"},{"taxonomy":"product_cat","embeddable":true,"href":"https:\/\/fumot.uk\/de\/wp-json\/wp\/v2\/product_cat?post=4070"},{"taxonomy":"product_tag","embeddable":true,"href":"https:\/\/fumot.uk\/de\/wp-json\/wp\/v2\/product_tag?post=4070"}],"curies":[{"name":"wp","href":"https:\/\/api.w.org\/{rel}","templated":true}]}}