{"id":4067,"date":"2026-01-21T04:07:13","date_gmt":"2026-01-21T04:07:13","guid":{"rendered":"https:\/\/fumot.uk\/?post_type=product&#038;p=4067"},"modified":"2026-01-21T08:21:59","modified_gmt":"2026-01-21T08:21:59","slug":"jnr-falcon-x-18000-puffs-blue-razz-cherry-die-perfekte-fusion-von-blaubeere-und-kirsche","status":"publish","type":"product","link":"https:\/\/fumot.uk\/de\/product\/jnr-falcon-x-18000-puffs-blue-razz-cherry-die-perfekte-fusion-von-blaubeere-und-kirsche\/","title":{"rendered":"JNR Falcon-X 18000 Z\u00fcge Blue Razz Cherry Einweg-E-Zigaretten (24ml, Wiederaufladbar, Einstellbarer Luftstrom)"},"content":{"rendered":"<h2>JNR Falcon-X 18000 Z\u00fcge Blue Razz Cherry \u2013 Eine k\u00fchne Beeren-Kirsch-Mischung<\/h2>\n<p>Treffen Sie die <strong>JNR Falcon-X 18000 Z\u00fcge Blue Razz Cherry<\/strong>: eine lebendige Geschmacksverbindung, bei der sich w\u00fcrzige Blue-Razzberry-Noten mit sanfter, s\u00fc\u00dfer Kirsche verweben. Das Ergebnis ist eine helle, fruchtige E-Zigaretten, die ausgewogen bleibt\u2014lebhaft beim Einatmen, abgerundet beim Ausatmen.<\/p>\n<h3>Geschmacksprofil: Blue Razz trifft auf Kirsche<\/h3>\n<ul>\n<li><strong>Intensiver Fruchtmix:<\/strong> die knackige S\u00e4ure von Blue Razz plus die bonbonartige S\u00fc\u00dfe der Kirsche.<\/li>\n<li><strong>S\u00fc\u00df-saures Gleichgewicht:<\/strong> erfrischend, vielschichtig und nicht schwer.<\/li>\n<li><strong>Langanhaltender Geschmack:<\/strong> ein sauberer fruchtiger Abgang, der angenehm verweilt.<\/li>\n<\/ul>\n<h3>Warum Sie den JNR Falcon-X 18000 lieben werden<\/h3>\n<ul>\n<li><strong>Bis zu 18000 Z\u00fcge<\/strong> f\u00fcr verl\u00e4ngerte Nutzung<\/li>\n<li><strong>24ml E-Liquid-Kapazit\u00e4t<\/strong><\/li>\n<li><strong>950mAh wiederaufladbare Batterie<\/strong> mit <strong>Typ-C<\/strong> Aufladen<\/li>\n<li><strong>Dual-Mesh-Coil + Dual-Core-Technologie<\/strong> f\u00fcr gleichm\u00e4\u00dfige Geschmacksabgabe<\/li>\n<li><strong>Digitalanzeige<\/strong> f\u00fcr schnelle Status\u00fcberpr\u00fcfungen<\/li>\n<li><strong>Einstellbarer Luftstrom<\/strong> um Ihren Zug zu optimieren (luftiger oder eingeschr\u00e4nkter)<\/li>\n<\/ul>\n<h3>Nikotinoptionen<\/h3>\n<p>Erh\u00e4ltlich in <strong>2%<\/strong> or <strong>5%<\/strong> Nikotinst\u00e4rke\u2014w\u00e4hlen Sie das Level, das am besten zu Ihren Vorlieben passt.<\/p>\n<h3>Entdecken Sie mehr auf fumot.uk<\/h3>\n<p>M\u00f6chten Sie einen anderen Zugstil? Schauen Sie sich unsere <a href=\"https:\/\/fumot.uk\/de\/product-tag\/adjustable-airflow\/\">E-Zigaretten mit einstellbarem Luftstrom<\/a> f\u00fcr weitere Optionen und Geschmacksrichtungen an.<\/p>\n<h3>Produkthighlights (Schnellansicht)<\/h3>\n<ul>\n<li>Geschmack: <strong>Blaue Razz Kirsche<\/strong><\/li>\n<li>Zuganzahl: <strong>18000<\/strong><\/li>\n<li>E-Liquid: <strong>24ml<\/strong><\/li>\n<li>Batterie: <strong>950mAh wiederaufladbar<\/strong> (Type-C)<\/li>\n<li>Spule: <strong>Dual Mesh<\/strong><\/li>\n<li>Merkmale: <strong>Digitalanzeige<\/strong>, <strong>einstellbarem Luftstrom<\/strong><\/li>\n<\/ul>","protected":false},"excerpt":{"rendered":"<p>JNR Falcon-X 18000 Z\u00fcge Blue Razz Cherry bietet einen knackigen Blue Razz-Biss mit sanfter Kirschs\u00fc\u00dfe. 24ml E-Liquid, 950mAh wiederaufladbar Typ-C, Dual-Mesh-Spule, digitales Display und einstellbarer Luftstrom. Nikotin: 2% oder 5%.<\/p>","protected":false},"featured_media":4097,"comment_status":"open","ping_status":"closed","template":"","meta":[],"product_brand":[],"product_cat":[195,196,17],"product_tag":[171,197,21,22,36,72,23,73,26,62,28],"class_list":{"0":"post-4067","1":"product","2":"type-product","3":"status-publish","4":"has-post-thumbnail","6":"product_cat-18000-puff","7":"product_cat-jnr-falcon-x-18000-puffs","8":"product_cat-vape","9":"product_tag-24ml","10":"product_tag-950mah","11":"product_tag-adjustable-airflow","12":"product_tag-blue-razz","13":"product_tag-cherry","14":"product_tag-direct-to-lung","15":"product_tag-display","16":"product_tag-dual-mesh","17":"product_tag-rechargeable","18":"product_tag-sale-vape","19":"product_tag-type-c","21":"first","22":"instock","23":"sale","24":"shipping-taxable","25":"purchasable","26":"product-type-variable","27":"has-default-attributes"},"yoast_head":"<!-- This site is optimized with the Yoast SEO plugin v26.8 - https:\/\/yoast.com\/product\/yoast-seo-wordpress\/ -->\n<title>JNR Falcon-X 18000 Blue Razz Cherry | 24ml Vape<\/title>\n<meta name=\"description\" content=\"JNR Falcon-X 18000 Puffs Blue Razz Cherry disposable vape: 24ml, rechargeable 950mAh Type-C, dual mesh coil, digital display, adjustable airflow. 2%\/5%.\" \/>\n<meta name=\"robots\" content=\"index, follow, max-snippet:-1, max-image-preview:large, max-video-preview:-1\" \/>\n<link rel=\"canonical\" href=\"https:\/\/fumot.uk\/de\/product\/jnr-falcon-x-18000-puffs-blue-razz-cherry-die-perfekte-fusion-von-blaubeere-und-kirsche\/\" \/>\n<meta property=\"og:locale\" content=\"de_DE\" \/>\n<meta property=\"og:type\" content=\"article\" \/>\n<meta property=\"og:title\" content=\"JNR Falcon-X 18000 Blue Razz Cherry \u2013 Berry-Cherry Fusion\" \/>\n<meta property=\"og:description\" content=\"Tangy blue razz meets sweet cherry in a balanced, long-lasting vape. 24ml, 950mAh rechargeable Type-C, dual mesh coil, digital display, adjustable airflow.\" \/>\n<meta property=\"og:url\" content=\"https:\/\/fumot.uk\/de\/product\/jnr-falcon-x-18000-puffs-blue-razz-cherry-die-perfekte-fusion-von-blaubeere-und-kirsche\/\" \/>\n<meta property=\"og:site_name\" content=\"Fumot Official Direct | Straight from the Factory, 100% Genuine\" \/>\n<meta property=\"article:modified_time\" content=\"2026-01-21T08:21:59+00:00\" \/>\n<meta property=\"og:image\" content=\"https:\/\/fumot.uk\/wp-content\/uploads\/2026\/01\/JNR-Falcon-X-18000-Puffs-Blue-Razz-Cherry-Disposable-Vape.jpg\" \/>\n\t<meta property=\"og:image:width\" content=\"800\" \/>\n\t<meta property=\"og:image:height\" content=\"800\" \/>\n\t<meta property=\"og:image:type\" content=\"image\/jpeg\" \/>\n<meta name=\"twitter:card\" content=\"summary_large_image\" \/>\n<meta name=\"twitter:label1\" content=\"Gesch\u00e4tzte Lesezeit\" \/>\n\t<meta name=\"twitter:data1\" content=\"1\u00a0Minute\" \/>\n<script type=\"application\/ld+json\" class=\"yoast-schema-graph\">{\"@context\":\"https:\/\/schema.org\",\"@graph\":[{\"@type\":\"WebPage\",\"@id\":\"https:\/\/fumot.uk\/product\/jnr-falcon-x-18000-puffs-blue-razz-cherry-die-perfekte-fusion-von-blaubeere-und-kirsche\/\",\"url\":\"https:\/\/fumot.uk\/product\/jnr-falcon-x-18000-puffs-blue-razz-cherry-die-perfekte-fusion-von-blaubeere-und-kirsche\/\",\"name\":\"JNR Falcon-X 18000 Blue Razz Cherry | 24ml Vape\",\"isPartOf\":{\"@id\":\"https:\/\/fumot.uk\/#website\"},\"primaryImageOfPage\":{\"@id\":\"https:\/\/fumot.uk\/product\/jnr-falcon-x-18000-puffs-blue-razz-cherry-die-perfekte-fusion-von-blaubeere-und-kirsche\/#primaryimage\"},\"image\":{\"@id\":\"https:\/\/fumot.uk\/product\/jnr-falcon-x-18000-puffs-blue-razz-cherry-die-perfekte-fusion-von-blaubeere-und-kirsche\/#primaryimage\"},\"thumbnailUrl\":\"https:\/\/fumot.uk\/wp-content\/uploads\/2026\/01\/JNR-Falcon-X-18000-Puffs-Blue-Razz-Cherry-Disposable-Vape.jpg\",\"datePublished\":\"2026-01-21T04:07:13+00:00\",\"dateModified\":\"2026-01-21T08:21:59+00:00\",\"description\":\"JNR Falcon-X 18000 Puffs Blue Razz Cherry disposable vape: 24ml, rechargeable 950mAh Type-C, dual mesh coil, digital display, adjustable airflow. 2%\/5%.\",\"breadcrumb\":{\"@id\":\"https:\/\/fumot.uk\/product\/jnr-falcon-x-18000-puffs-blue-razz-cherry-die-perfekte-fusion-von-blaubeere-und-kirsche\/#breadcrumb\"},\"inLanguage\":\"de\",\"potentialAction\":[{\"@type\":\"ReadAction\",\"target\":[\"https:\/\/fumot.uk\/product\/jnr-falcon-x-18000-puffs-blue-razz-cherry-die-perfekte-fusion-von-blaubeere-und-kirsche\/\"]}]},{\"@type\":\"ImageObject\",\"inLanguage\":\"de\",\"@id\":\"https:\/\/fumot.uk\/product\/jnr-falcon-x-18000-puffs-blue-razz-cherry-die-perfekte-fusion-von-blaubeere-und-kirsche\/#primaryimage\",\"url\":\"https:\/\/fumot.uk\/wp-content\/uploads\/2026\/01\/JNR-Falcon-X-18000-Puffs-Blue-Razz-Cherry-Disposable-Vape.jpg\",\"contentUrl\":\"https:\/\/fumot.uk\/wp-content\/uploads\/2026\/01\/JNR-Falcon-X-18000-Puffs-Blue-Razz-Cherry-Disposable-Vape.jpg\",\"width\":800,\"height\":800},{\"@type\":\"BreadcrumbList\",\"@id\":\"https:\/\/fumot.uk\/product\/jnr-falcon-x-18000-puffs-blue-razz-cherry-die-perfekte-fusion-von-blaubeere-und-kirsche\/#breadcrumb\",\"itemListElement\":[{\"@type\":\"ListItem\",\"position\":1,\"name\":\"Home\",\"item\":\"https:\/\/fumot.uk\/\"},{\"@type\":\"ListItem\",\"position\":2,\"name\":\"Shop\",\"item\":\"https:\/\/fumot.uk\/shop\/\"},{\"@type\":\"ListItem\",\"position\":3,\"name\":\"JNR Falcon-X 18000 Puffs Blue Razz Cherry Disposable Vape (24ml, Rechargeable, Adjustable Airflow)\"}]},{\"@type\":\"WebSite\",\"@id\":\"https:\/\/fumot.uk\/#website\",\"url\":\"https:\/\/fumot.uk\/\",\"name\":\"Fumot Official Direct | Straight from the Factory, 100% Genuine\",\"description\":\"Official Website\",\"publisher\":{\"@id\":\"https:\/\/fumot.uk\/#organization\"},\"potentialAction\":[{\"@type\":\"SearchAction\",\"target\":{\"@type\":\"EntryPoint\",\"urlTemplate\":\"https:\/\/fumot.uk\/?s={search_term_string}\"},\"query-input\":{\"@type\":\"PropertyValueSpecification\",\"valueRequired\":true,\"valueName\":\"search_term_string\"}}],\"inLanguage\":\"de\"},{\"@type\":\"Organization\",\"@id\":\"https:\/\/fumot.uk\/#organization\",\"name\":\"Fumot Official Direct | Straight from the Factory, 100% Genuine\",\"url\":\"https:\/\/fumot.uk\/\",\"logo\":{\"@type\":\"ImageObject\",\"inLanguage\":\"de\",\"@id\":\"https:\/\/fumot.uk\/#\/schema\/logo\/image\/\",\"url\":\"https:\/\/fumot.uk\/wp-content\/uploads\/2026\/01\/cropped-fumot-logo1.png\",\"contentUrl\":\"https:\/\/fumot.uk\/wp-content\/uploads\/2026\/01\/cropped-fumot-logo1.png\",\"width\":152,\"height\":106,\"caption\":\"Fumot Official Direct | Straight from the Factory, 100% Genuine\"},\"image\":{\"@id\":\"https:\/\/fumot.uk\/#\/schema\/logo\/image\/\"}}]}<\/script>\n<!-- \/ Yoast SEO plugin. -->","yoast_head_json":{"title":"JNR Falcon-X 18000 Blue Razz Cherry | 24ml E-Zigaretten","description":"JNR Falcon-X 18000 Puffs Blue Razz Cherry Einweg-E-Zigaretten: 24ml, wiederaufladbar 950mAh Type-C, Dual-Mesh-Spule, digitales Display, einstellbarer Luftstrom. 2%\/5%.","robots":{"index":"index","follow":"follow","max-snippet":"max-snippet:-1","max-image-preview":"max-image-preview:large","max-video-preview":"max-video-preview:-1"},"canonical":"https:\/\/fumot.uk\/de\/product\/jnr-falcon-x-18000-puffs-blue-razz-cherry-die-perfekte-fusion-von-blaubeere-und-kirsche\/","og_locale":"de_DE","og_type":"article","og_title":"JNR Falcon-X 18000 Blue Razz Cherry \u2013 Berry-Cherry Fusion","og_description":"Tangy blue razz meets sweet cherry in a balanced, long-lasting vape. 24ml, 950mAh rechargeable Type-C, dual mesh coil, digital display, adjustable airflow.","og_url":"https:\/\/fumot.uk\/de\/product\/jnr-falcon-x-18000-puffs-blue-razz-cherry-die-perfekte-fusion-von-blaubeere-und-kirsche\/","og_site_name":"Fumot Official Direct | Straight from the Factory, 100% Genuine","article_modified_time":"2026-01-21T08:21:59+00:00","og_image":[{"width":800,"height":800,"url":"https:\/\/fumot.uk\/wp-content\/uploads\/2026\/01\/JNR-Falcon-X-18000-Puffs-Blue-Razz-Cherry-Disposable-Vape.jpg","type":"image\/jpeg"}],"twitter_card":"summary_large_image","twitter_misc":{"Gesch\u00e4tzte Lesezeit":"1\u00a0Minute"},"schema":{"@context":"https:\/\/schema.org","@graph":[{"@type":"WebPage","@id":"https:\/\/fumot.uk\/product\/jnr-falcon-x-18000-puffs-blue-razz-cherry-die-perfekte-fusion-von-blaubeere-und-kirsche\/","url":"https:\/\/fumot.uk\/product\/jnr-falcon-x-18000-puffs-blue-razz-cherry-die-perfekte-fusion-von-blaubeere-und-kirsche\/","name":"JNR Falcon-X 18000 Blue Razz Cherry | 24ml E-Zigaretten","isPartOf":{"@id":"https:\/\/fumot.uk\/#website"},"primaryImageOfPage":{"@id":"https:\/\/fumot.uk\/product\/jnr-falcon-x-18000-puffs-blue-razz-cherry-die-perfekte-fusion-von-blaubeere-und-kirsche\/#primaryimage"},"image":{"@id":"https:\/\/fumot.uk\/product\/jnr-falcon-x-18000-puffs-blue-razz-cherry-die-perfekte-fusion-von-blaubeere-und-kirsche\/#primaryimage"},"thumbnailUrl":"https:\/\/fumot.uk\/wp-content\/uploads\/2026\/01\/JNR-Falcon-X-18000-Puffs-Blue-Razz-Cherry-Disposable-Vape.jpg","datePublished":"2026-01-21T04:07:13+00:00","dateModified":"2026-01-21T08:21:59+00:00","description":"JNR Falcon-X 18000 Puffs Blue Razz Cherry Einweg-E-Zigaretten: 24ml, wiederaufladbar 950mAh Type-C, Dual-Mesh-Spule, digitales Display, einstellbarer Luftstrom. 2%\/5%.","breadcrumb":{"@id":"https:\/\/fumot.uk\/product\/jnr-falcon-x-18000-puffs-blue-razz-cherry-die-perfekte-fusion-von-blaubeere-und-kirsche\/#breadcrumb"},"inLanguage":"de","potentialAction":[{"@type":"ReadAction","target":["https:\/\/fumot.uk\/product\/jnr-falcon-x-18000-puffs-blue-razz-cherry-die-perfekte-fusion-von-blaubeere-und-kirsche\/"]}]},{"@type":"ImageObject","inLanguage":"de","@id":"https:\/\/fumot.uk\/product\/jnr-falcon-x-18000-puffs-blue-razz-cherry-die-perfekte-fusion-von-blaubeere-und-kirsche\/#primaryimage","url":"https:\/\/fumot.uk\/wp-content\/uploads\/2026\/01\/JNR-Falcon-X-18000-Puffs-Blue-Razz-Cherry-Disposable-Vape.jpg","contentUrl":"https:\/\/fumot.uk\/wp-content\/uploads\/2026\/01\/JNR-Falcon-X-18000-Puffs-Blue-Razz-Cherry-Disposable-Vape.jpg","width":800,"height":800},{"@type":"BreadcrumbList","@id":"https:\/\/fumot.uk\/product\/jnr-falcon-x-18000-puffs-blue-razz-cherry-die-perfekte-fusion-von-blaubeere-und-kirsche\/#breadcrumb","itemListElement":[{"@type":"ListItem","position":1,"name":"Home","item":"https:\/\/fumot.uk\/"},{"@type":"ListItem","position":2,"name":"Shop","item":"https:\/\/fumot.uk\/shop\/"},{"@type":"ListItem","position":3,"name":"JNR Falcon-X 18000 Puffs Blue Razz Cherry Disposable Vape (24ml, Rechargeable, Adjustable Airflow)"}]},{"@type":"WebSite","@id":"https:\/\/fumot.uk\/#website","url":"https:\/\/fumot.uk\/","name":"Fumot Offizieller Direkt | Direkt aus der Fabrik, 100% Original","description":"Offizielle Webseite","publisher":{"@id":"https:\/\/fumot.uk\/#organization"},"potentialAction":[{"@type":"SearchAction","target":{"@type":"EntryPoint","urlTemplate":"https:\/\/fumot.uk\/?s={search_term_string}"},"query-input":{"@type":"PropertyValueSpecification","valueRequired":true,"valueName":"search_term_string"}}],"inLanguage":"de"},{"@type":"Organization","@id":"https:\/\/fumot.uk\/#organization","name":"Fumot Offizieller Direkt | Direkt aus der Fabrik, 100% Original","url":"https:\/\/fumot.uk\/","logo":{"@type":"ImageObject","inLanguage":"de","@id":"https:\/\/fumot.uk\/#\/schema\/logo\/image\/","url":"https:\/\/fumot.uk\/wp-content\/uploads\/2026\/01\/cropped-fumot-logo1.png","contentUrl":"https:\/\/fumot.uk\/wp-content\/uploads\/2026\/01\/cropped-fumot-logo1.png","width":152,"height":106,"caption":"Fumot Official Direct | Straight from the Factory, 100% Genuine"},"image":{"@id":"https:\/\/fumot.uk\/#\/schema\/logo\/image\/"}}]}},"_links":{"self":[{"href":"https:\/\/fumot.uk\/de\/wp-json\/wp\/v2\/product\/4067","targetHints":{"allow":["GET"]}}],"collection":[{"href":"https:\/\/fumot.uk\/de\/wp-json\/wp\/v2\/product"}],"about":[{"href":"https:\/\/fumot.uk\/de\/wp-json\/wp\/v2\/types\/product"}],"replies":[{"embeddable":true,"href":"https:\/\/fumot.uk\/de\/wp-json\/wp\/v2\/comments?post=4067"}],"wp:featuredmedia":[{"embeddable":true,"href":"https:\/\/fumot.uk\/de\/wp-json\/wp\/v2\/media\/4097"}],"wp:attachment":[{"href":"https:\/\/fumot.uk\/de\/wp-json\/wp\/v2\/media?parent=4067"}],"wp:term":[{"taxonomy":"product_brand","embeddable":true,"href":"https:\/\/fumot.uk\/de\/wp-json\/wp\/v2\/product_brand?post=4067"},{"taxonomy":"product_cat","embeddable":true,"href":"https:\/\/fumot.uk\/de\/wp-json\/wp\/v2\/product_cat?post=4067"},{"taxonomy":"product_tag","embeddable":true,"href":"https:\/\/fumot.uk\/de\/wp-json\/wp\/v2\/product_tag?post=4067"}],"curies":[{"name":"wp","href":"https:\/\/api.w.org\/{rel}","templated":true}]}}