{"id":4033,"date":"2026-01-21T04:06:52","date_gmt":"2026-01-21T04:06:52","guid":{"rendered":"https:\/\/fumot.uk\/?post_type=product&#038;p=4033"},"modified":"2026-01-21T08:36:58","modified_gmt":"2026-01-21T08:36:58","slug":"jnr-falcon-x-18000-puffs-cool-mint-erfrischende-minze-fur-einen-kuhlen-sommer","status":"publish","type":"product","link":"https:\/\/fumot.uk\/de\/product\/jnr-falcon-x-18000-puffs-cool-mint-erfrischende-minze-fur-einen-kuhlen-sommer\/","title":{"rendered":"JNR Falcon-X Cool Mint 18000 Z\u00fcge Einweg-E-Zigaretten (24ml, Wiederaufladbar, Einstellbarer Luftstrom)"},"content":{"rendered":"<p><strong>K\u00fchlen Sie sich sofort ab mit JNR Falcon-X Cool Mint 18000 Puffs<\/strong>\u2014ein knackiger, sauberer Minzgeschmack, der f\u00fcr einen eisig-frischen Zug vom ersten bis zum letzten Zug entwickelt wurde. Wenn Sie einen reinen Menthol-Stil E-Zigaretten lieben, der sich leicht, k\u00fchlend und endlos erfrischend anf\u00fchlt, ist Cool Mint die t\u00e4gliche Wahl.<\/p>\n<h3>Geschmack: Cool Mint (Sauber, Eisig, Erfrischend)<\/h3>\n<p>Cool Mint liefert einen kr\u00e4ftigen Minzschlag mit einem sanften, gek\u00fchlten Finish\u2014wie eine k\u00fchle Brise an einem hei\u00dfen Tag. Ideal nach dem Essen, in gesch\u00e4ftigen Momenten oder wann immer Sie einen schnellen Frischekick ohne schwere S\u00fc\u00dfe m\u00f6chten.<\/p>\n<h3>Warum Sie den JNR Falcon-X 18000 Puffs lieben werden<\/h3>\n<ul>\n<li><strong>Bis zu 18000 Z\u00fcge<\/strong> f\u00fcr langanhaltenden Gebrauch<\/li>\n<li><strong>24ml E-Liquid-Kapazit\u00e4t<\/strong> f\u00fcr verl\u00e4ngerten Genuss<\/li>\n<li><strong>Nikotinoptionen:<\/strong> 2% oder 5% (w\u00e4hlen Sie Ihre bevorzugte St\u00e4rke)<\/li>\n<li><strong>Wiederaufladbare 950mAh Batterie<\/strong> mit <strong>Typ-C<\/strong> Aufladen<\/li>\n<li><strong>Dual Mesh Coil + Dual-Core Technologie<\/strong> f\u00fcr konsistenten Geschmack und sanften Dampf<\/li>\n<li><strong>Digitalanzeige<\/strong> um Ihnen zu helfen, den Verbrauch auf einen Blick zu verfolgen<\/li>\n<li><strong>Einstellbarer Luftstrom<\/strong> um Ihren Zug fein abzustimmen (von luftiger bis eingeschr\u00e4nkter)<\/li>\n<\/ul>\n<h3>Perfekt f\u00fcr jeden Moment<\/h3>\n<p>Egal, ob Sie pendeln, sich zu Hause entspannen oder f\u00fcr eine kurze Pause nach drau\u00dfen gehen, dieses <strong>Cool Mint Einweg-E-Zigaretten<\/strong> h\u00e4lt die Dinge sauber und erfrischend. Das Minzprofil bleibt klar und zufriedenstellend, was es zu einer zuverl\u00e4ssigen Wahl f\u00fcr die t\u00e4gliche Rotation macht.<\/p>\n<p><strong>Entdecken Sie mehr JNR Falcon-X Geschm\u00e4cker und Angebote<\/strong> on <a href=\"https:\/\/fumot.uk\/de\/\" target=\"_blank\" rel=\"noopener\">fumot.uk<\/a>.<\/p>\n<p><small>Hinweis: Die Anzahl der Z\u00fcge ist ein Sch\u00e4tzwert und kann je nach individuellem Gebrauch und Luftstromeinstellungen variieren.<\/small><\/p>","protected":false},"excerpt":{"rendered":"<p>Knackig, eisige Cool Mint in der JNR Falcon-X 18000 Puffs Einweg-E-Zigaretten. 24ml E-Liquid, 950mAh wiederaufladbar Typ-C, Dual-Mesh-Spule, Digitalanzeige und einstellbarer Luftstrom. Nikotin: 2% oder 5%.<\/p>","protected":false},"featured_media":4047,"comment_status":"open","ping_status":"closed","template":"","meta":[],"product_brand":[],"product_cat":[195,196,17],"product_tag":[171,197,21,72,23,73,61,26,62,28],"class_list":{"0":"post-4033","1":"product","2":"type-product","3":"status-publish","4":"has-post-thumbnail","6":"product_cat-18000-puff","7":"product_cat-jnr-falcon-x-18000-puffs","8":"product_cat-vape","9":"product_tag-24ml","10":"product_tag-950mah","11":"product_tag-adjustable-airflow","12":"product_tag-direct-to-lung","13":"product_tag-display","14":"product_tag-dual-mesh","15":"product_tag-mint","16":"product_tag-rechargeable","17":"product_tag-sale-vape","18":"product_tag-type-c","20":"first","21":"instock","22":"sale","23":"shipping-taxable","24":"purchasable","25":"product-type-variable","26":"has-default-attributes"},"yoast_head":"<!-- This site is optimized with the Yoast SEO plugin v26.8 - https:\/\/yoast.com\/product\/yoast-seo-wordpress\/ -->\n<title>JNR Falcon-X Cool Mint 18000 Puffs | fumot.uk<\/title>\n<meta name=\"description\" content=\"JNR Falcon-X Cool Mint disposable vape: up to 18000 puffs, 24ml, 950mAh rechargeable Type-C, dual mesh coil, display &amp; adjustable airflow. 2% or 5% nicotine.\" \/>\n<meta name=\"robots\" content=\"index, follow, max-snippet:-1, max-image-preview:large, max-video-preview:-1\" \/>\n<link rel=\"canonical\" href=\"https:\/\/fumot.uk\/de\/product\/jnr-falcon-x-18000-puffs-cool-mint-erfrischende-minze-fur-einen-kuhlen-sommer\/\" \/>\n<meta property=\"og:locale\" content=\"de_DE\" \/>\n<meta property=\"og:type\" content=\"article\" \/>\n<meta property=\"og:title\" content=\"JNR Falcon-X Cool Mint \u2014 Icy Fresh 18000 Puffs\" \/>\n<meta property=\"og:description\" content=\"A clean, cooling mint with a smooth icy finish. 24ml, rechargeable 950mAh Type\u2011C, dual mesh coil, display and adjustable airflow. Shop on fumot.uk.\" \/>\n<meta property=\"og:url\" content=\"https:\/\/fumot.uk\/de\/product\/jnr-falcon-x-18000-puffs-cool-mint-erfrischende-minze-fur-einen-kuhlen-sommer\/\" \/>\n<meta property=\"og:site_name\" content=\"Fumot Official Direct | Straight from the Factory, 100% Genuine\" \/>\n<meta property=\"article:modified_time\" content=\"2026-01-21T08:36:58+00:00\" \/>\n<meta property=\"og:image\" content=\"https:\/\/fumot.uk\/wp-content\/uploads\/2026\/01\/JNR-Falcon-X-18000-Puffs-Cool-Mint-Disposable-Vape.jpg\" \/>\n\t<meta property=\"og:image:width\" content=\"800\" \/>\n\t<meta property=\"og:image:height\" content=\"800\" \/>\n\t<meta property=\"og:image:type\" content=\"image\/jpeg\" \/>\n<meta name=\"twitter:card\" content=\"summary_large_image\" \/>\n<meta name=\"twitter:label1\" content=\"Gesch\u00e4tzte Lesezeit\" \/>\n\t<meta name=\"twitter:data1\" content=\"1\u00a0Minute\" \/>\n<script type=\"application\/ld+json\" class=\"yoast-schema-graph\">{\"@context\":\"https:\/\/schema.org\",\"@graph\":[{\"@type\":\"WebPage\",\"@id\":\"https:\/\/fumot.uk\/product\/jnr-falcon-x-18000-puffs-cool-mint-erfrischende-minze-fur-einen-kuhlen-sommer\/\",\"url\":\"https:\/\/fumot.uk\/product\/jnr-falcon-x-18000-puffs-cool-mint-erfrischende-minze-fur-einen-kuhlen-sommer\/\",\"name\":\"JNR Falcon-X Cool Mint 18000 Puffs | fumot.uk\",\"isPartOf\":{\"@id\":\"https:\/\/fumot.uk\/#website\"},\"primaryImageOfPage\":{\"@id\":\"https:\/\/fumot.uk\/product\/jnr-falcon-x-18000-puffs-cool-mint-erfrischende-minze-fur-einen-kuhlen-sommer\/#primaryimage\"},\"image\":{\"@id\":\"https:\/\/fumot.uk\/product\/jnr-falcon-x-18000-puffs-cool-mint-erfrischende-minze-fur-einen-kuhlen-sommer\/#primaryimage\"},\"thumbnailUrl\":\"https:\/\/fumot.uk\/wp-content\/uploads\/2026\/01\/JNR-Falcon-X-18000-Puffs-Cool-Mint-Disposable-Vape.jpg\",\"datePublished\":\"2026-01-21T04:06:52+00:00\",\"dateModified\":\"2026-01-21T08:36:58+00:00\",\"description\":\"JNR Falcon-X Cool Mint disposable vape: up to 18000 puffs, 24ml, 950mAh rechargeable Type-C, dual mesh coil, display & adjustable airflow. 2% or 5% nicotine.\",\"breadcrumb\":{\"@id\":\"https:\/\/fumot.uk\/product\/jnr-falcon-x-18000-puffs-cool-mint-erfrischende-minze-fur-einen-kuhlen-sommer\/#breadcrumb\"},\"inLanguage\":\"de\",\"potentialAction\":[{\"@type\":\"ReadAction\",\"target\":[\"https:\/\/fumot.uk\/product\/jnr-falcon-x-18000-puffs-cool-mint-erfrischende-minze-fur-einen-kuhlen-sommer\/\"]}]},{\"@type\":\"ImageObject\",\"inLanguage\":\"de\",\"@id\":\"https:\/\/fumot.uk\/product\/jnr-falcon-x-18000-puffs-cool-mint-erfrischende-minze-fur-einen-kuhlen-sommer\/#primaryimage\",\"url\":\"https:\/\/fumot.uk\/wp-content\/uploads\/2026\/01\/JNR-Falcon-X-18000-Puffs-Cool-Mint-Disposable-Vape.jpg\",\"contentUrl\":\"https:\/\/fumot.uk\/wp-content\/uploads\/2026\/01\/JNR-Falcon-X-18000-Puffs-Cool-Mint-Disposable-Vape.jpg\",\"width\":800,\"height\":800},{\"@type\":\"BreadcrumbList\",\"@id\":\"https:\/\/fumot.uk\/product\/jnr-falcon-x-18000-puffs-cool-mint-erfrischende-minze-fur-einen-kuhlen-sommer\/#breadcrumb\",\"itemListElement\":[{\"@type\":\"ListItem\",\"position\":1,\"name\":\"Home\",\"item\":\"https:\/\/fumot.uk\/\"},{\"@type\":\"ListItem\",\"position\":2,\"name\":\"Shop\",\"item\":\"https:\/\/fumot.uk\/shop\/\"},{\"@type\":\"ListItem\",\"position\":3,\"name\":\"JNR Falcon-X Cool Mint 18000 Puffs Disposable Vape (24ml, Rechargeable, Adjustable Airflow)\"}]},{\"@type\":\"WebSite\",\"@id\":\"https:\/\/fumot.uk\/#website\",\"url\":\"https:\/\/fumot.uk\/\",\"name\":\"Fumot Official Direct | Straight from the Factory, 100% Genuine\",\"description\":\"Official Website\",\"publisher\":{\"@id\":\"https:\/\/fumot.uk\/#organization\"},\"potentialAction\":[{\"@type\":\"SearchAction\",\"target\":{\"@type\":\"EntryPoint\",\"urlTemplate\":\"https:\/\/fumot.uk\/?s={search_term_string}\"},\"query-input\":{\"@type\":\"PropertyValueSpecification\",\"valueRequired\":true,\"valueName\":\"search_term_string\"}}],\"inLanguage\":\"de\"},{\"@type\":\"Organization\",\"@id\":\"https:\/\/fumot.uk\/#organization\",\"name\":\"Fumot Official Direct | Straight from the Factory, 100% Genuine\",\"url\":\"https:\/\/fumot.uk\/\",\"logo\":{\"@type\":\"ImageObject\",\"inLanguage\":\"de\",\"@id\":\"https:\/\/fumot.uk\/#\/schema\/logo\/image\/\",\"url\":\"https:\/\/fumot.uk\/wp-content\/uploads\/2026\/01\/cropped-fumot-logo1.png\",\"contentUrl\":\"https:\/\/fumot.uk\/wp-content\/uploads\/2026\/01\/cropped-fumot-logo1.png\",\"width\":152,\"height\":106,\"caption\":\"Fumot Official Direct | Straight from the Factory, 100% Genuine\"},\"image\":{\"@id\":\"https:\/\/fumot.uk\/#\/schema\/logo\/image\/\"}}]}<\/script>\n<!-- \/ Yoast SEO plugin. -->","yoast_head_json":{"title":"JNR Falcon-X Cool Mint 18000 Z\u00fcge | fumot.uk","description":"JNR Falcon-X Cool Mint Einweg-E-Zigaretten: bis zu 18000 Z\u00fcge, 24ml, 950mAh wiederaufladbar Typ-C, Dual-Mesh-Spule, Display &amp; einstellbarer Luftstrom. 2% oder 5% Nikotin.","robots":{"index":"index","follow":"follow","max-snippet":"max-snippet:-1","max-image-preview":"max-image-preview:large","max-video-preview":"max-video-preview:-1"},"canonical":"https:\/\/fumot.uk\/de\/product\/jnr-falcon-x-18000-puffs-cool-mint-erfrischende-minze-fur-einen-kuhlen-sommer\/","og_locale":"de_DE","og_type":"article","og_title":"JNR Falcon-X Cool Mint \u2014 Icy Fresh 18000 Puffs","og_description":"A clean, cooling mint with a smooth icy finish. 24ml, rechargeable 950mAh Type\u2011C, dual mesh coil, display and adjustable airflow. Shop on fumot.uk.","og_url":"https:\/\/fumot.uk\/de\/product\/jnr-falcon-x-18000-puffs-cool-mint-erfrischende-minze-fur-einen-kuhlen-sommer\/","og_site_name":"Fumot Official Direct | Straight from the Factory, 100% Genuine","article_modified_time":"2026-01-21T08:36:58+00:00","og_image":[{"width":800,"height":800,"url":"https:\/\/fumot.uk\/wp-content\/uploads\/2026\/01\/JNR-Falcon-X-18000-Puffs-Cool-Mint-Disposable-Vape.jpg","type":"image\/jpeg"}],"twitter_card":"summary_large_image","twitter_misc":{"Gesch\u00e4tzte Lesezeit":"1\u00a0Minute"},"schema":{"@context":"https:\/\/schema.org","@graph":[{"@type":"WebPage","@id":"https:\/\/fumot.uk\/product\/jnr-falcon-x-18000-puffs-cool-mint-erfrischende-minze-fur-einen-kuhlen-sommer\/","url":"https:\/\/fumot.uk\/product\/jnr-falcon-x-18000-puffs-cool-mint-erfrischende-minze-fur-einen-kuhlen-sommer\/","name":"JNR Falcon-X Cool Mint 18000 Z\u00fcge | fumot.uk","isPartOf":{"@id":"https:\/\/fumot.uk\/#website"},"primaryImageOfPage":{"@id":"https:\/\/fumot.uk\/product\/jnr-falcon-x-18000-puffs-cool-mint-erfrischende-minze-fur-einen-kuhlen-sommer\/#primaryimage"},"image":{"@id":"https:\/\/fumot.uk\/product\/jnr-falcon-x-18000-puffs-cool-mint-erfrischende-minze-fur-einen-kuhlen-sommer\/#primaryimage"},"thumbnailUrl":"https:\/\/fumot.uk\/wp-content\/uploads\/2026\/01\/JNR-Falcon-X-18000-Puffs-Cool-Mint-Disposable-Vape.jpg","datePublished":"2026-01-21T04:06:52+00:00","dateModified":"2026-01-21T08:36:58+00:00","description":"JNR Falcon-X Cool Mint Einweg-E-Zigaretten: bis zu 18000 Z\u00fcge, 24ml, 950mAh wiederaufladbar Typ-C, Dual-Mesh-Spule, Display &amp; einstellbarer Luftstrom. 2% oder 5% Nikotin.","breadcrumb":{"@id":"https:\/\/fumot.uk\/product\/jnr-falcon-x-18000-puffs-cool-mint-erfrischende-minze-fur-einen-kuhlen-sommer\/#breadcrumb"},"inLanguage":"de","potentialAction":[{"@type":"ReadAction","target":["https:\/\/fumot.uk\/product\/jnr-falcon-x-18000-puffs-cool-mint-erfrischende-minze-fur-einen-kuhlen-sommer\/"]}]},{"@type":"ImageObject","inLanguage":"de","@id":"https:\/\/fumot.uk\/product\/jnr-falcon-x-18000-puffs-cool-mint-erfrischende-minze-fur-einen-kuhlen-sommer\/#primaryimage","url":"https:\/\/fumot.uk\/wp-content\/uploads\/2026\/01\/JNR-Falcon-X-18000-Puffs-Cool-Mint-Disposable-Vape.jpg","contentUrl":"https:\/\/fumot.uk\/wp-content\/uploads\/2026\/01\/JNR-Falcon-X-18000-Puffs-Cool-Mint-Disposable-Vape.jpg","width":800,"height":800},{"@type":"BreadcrumbList","@id":"https:\/\/fumot.uk\/product\/jnr-falcon-x-18000-puffs-cool-mint-erfrischende-minze-fur-einen-kuhlen-sommer\/#breadcrumb","itemListElement":[{"@type":"ListItem","position":1,"name":"Home","item":"https:\/\/fumot.uk\/"},{"@type":"ListItem","position":2,"name":"Shop","item":"https:\/\/fumot.uk\/shop\/"},{"@type":"ListItem","position":3,"name":"JNR Falcon-X Cool Mint 18000 Puffs Disposable Vape (24ml, Rechargeable, Adjustable Airflow)"}]},{"@type":"WebSite","@id":"https:\/\/fumot.uk\/#website","url":"https:\/\/fumot.uk\/","name":"Fumot Offizieller Direkt | Direkt aus der Fabrik, 100% Original","description":"Offizielle Webseite","publisher":{"@id":"https:\/\/fumot.uk\/#organization"},"potentialAction":[{"@type":"SearchAction","target":{"@type":"EntryPoint","urlTemplate":"https:\/\/fumot.uk\/?s={search_term_string}"},"query-input":{"@type":"PropertyValueSpecification","valueRequired":true,"valueName":"search_term_string"}}],"inLanguage":"de"},{"@type":"Organization","@id":"https:\/\/fumot.uk\/#organization","name":"Fumot Offizieller Direkt | Direkt aus der Fabrik, 100% Original","url":"https:\/\/fumot.uk\/","logo":{"@type":"ImageObject","inLanguage":"de","@id":"https:\/\/fumot.uk\/#\/schema\/logo\/image\/","url":"https:\/\/fumot.uk\/wp-content\/uploads\/2026\/01\/cropped-fumot-logo1.png","contentUrl":"https:\/\/fumot.uk\/wp-content\/uploads\/2026\/01\/cropped-fumot-logo1.png","width":152,"height":106,"caption":"Fumot Official Direct | Straight from the Factory, 100% Genuine"},"image":{"@id":"https:\/\/fumot.uk\/#\/schema\/logo\/image\/"}}]}},"_links":{"self":[{"href":"https:\/\/fumot.uk\/de\/wp-json\/wp\/v2\/product\/4033","targetHints":{"allow":["GET"]}}],"collection":[{"href":"https:\/\/fumot.uk\/de\/wp-json\/wp\/v2\/product"}],"about":[{"href":"https:\/\/fumot.uk\/de\/wp-json\/wp\/v2\/types\/product"}],"replies":[{"embeddable":true,"href":"https:\/\/fumot.uk\/de\/wp-json\/wp\/v2\/comments?post=4033"}],"wp:featuredmedia":[{"embeddable":true,"href":"https:\/\/fumot.uk\/de\/wp-json\/wp\/v2\/media\/4047"}],"wp:attachment":[{"href":"https:\/\/fumot.uk\/de\/wp-json\/wp\/v2\/media?parent=4033"}],"wp:term":[{"taxonomy":"product_brand","embeddable":true,"href":"https:\/\/fumot.uk\/de\/wp-json\/wp\/v2\/product_brand?post=4033"},{"taxonomy":"product_cat","embeddable":true,"href":"https:\/\/fumot.uk\/de\/wp-json\/wp\/v2\/product_cat?post=4033"},{"taxonomy":"product_tag","embeddable":true,"href":"https:\/\/fumot.uk\/de\/wp-json\/wp\/v2\/product_tag?post=4033"}],"curies":[{"name":"wp","href":"https:\/\/api.w.org\/{rel}","templated":true}]}}