{"id":399,"date":"2026-01-20T02:44:09","date_gmt":"2026-01-20T02:44:09","guid":{"rendered":"https:\/\/fumot.uk\/?post_type=product&#038;p=399"},"modified":"2026-01-20T08:00:02","modified_gmt":"2026-01-20T08:00:02","slug":"cherry-berry-randm-tornado-12000-puffs","status":"publish","type":"product","link":"https:\/\/fumot.uk\/de\/product\/cherry-berry-randm-tornado-12000-puffs\/","title":{"rendered":"RAndM Tornado 12000 Z\u00fcge Cherry Berry Einweg-E-Zigaretten \u2013 20ml, 850mAh wiederaufladbar, LED-Anzeige, Mesh-Spule, Typ-C"},"content":{"rendered":"<h2>RAndM Tornado 12000 Puffs Cherry Berry \u2013 Kirsch-S\u00fc\u00dfe, beerenreiches Finish<\/h2>\n<p>Bringen Sie hellen Fruchtgeschmack in Ihren Tag mit der <strong>RAndM Tornado 12000 Puffs Cherry Berry Disposable E-Zigaretten<\/strong>. Diese Mischung kombiniert saftige Kirschnoten mit einer glatten gemischten Beerenlage f\u00fcr einen lebendigen, erfrischenden Zug. Entwickelt f\u00fcr l\u00e4ngeren Gebrauch, verf\u00fcgt sie \u00fcber ein gro\u00dfz\u00fcgiges <strong>20ml E-Liquid-Kapazit\u00e4t<\/strong>, eine <strong>wiederaufladbaren 850mAh Akku<\/strong>, und einem klaren <strong>LED-Display<\/strong> , um Ihnen zu helfen, den Batteriestand und die E-Liquid-Mengen ohne Raten zu verfolgen.<\/p>\n<h3>Cherry Berry Geschmacksprofil<\/h3>\n<p>Erwarten Sie eine s\u00fc\u00dfe Kirschkopfnote, gefolgt von einer volleren Beerenmischung, die sauber und lebendig bleibt. Wenn Sie fruchtbetonte E-Zigaretten mit einem ausgewogenen, glatten Finish m\u00f6gen, ist Cherry Berry eine einfache Wahl f\u00fcr den Alltag.<\/p>\n<h3>Hauptmerkmale<\/h3>\n<ul>\n<li><strong>Bis zu 12000 Z\u00fcge<\/strong> (abh\u00e4ngig von der Nutzung)<\/li>\n<li><strong>E-Liquid-Kapazit\u00e4t:<\/strong> 20ml<\/li>\n<li><strong>Batterie:<\/strong> 850mAh wiederaufladbar<\/li>\n<li><strong>Laden:<\/strong> Type\u2011C<\/li>\n<li><strong>Display:<\/strong> LED-Bildschirm f\u00fcr Batterie- &amp; E-Liquid-Status<\/li>\n<li><strong>Spule:<\/strong> Mesh-Spule f\u00fcr gleichm\u00e4\u00dfigen Geschmack und glatteren Dampf<\/li>\n<li><strong>Nikotinsalz-Optionen:<\/strong> 0% \/ 2% \/ 3% \/ 5%<\/li>\n<\/ul>\n<h3>Warum Sie es genie\u00dfen werden<\/h3>\n<p>Der <strong>Mesh-Spule<\/strong> hilft, den konsistenten Cherry Berry-Geschmack von Anfang bis Ende zu liefern, w\u00e4hrend die <strong>LED-Display<\/strong> allt\u00e4gliche Bequemlichkeit hinzuf\u00fcgt\u2014damit Sie wissen, wann es Zeit ist, aufzuladen und weiterzumachen.<\/p>\n<h3>Kaufen Sie die Serie bei fumot.uk<\/h3>\n<p>Entdecken Sie mehr Geschmacksrichtungen und das vollst\u00e4ndige Sortiment auf <a href=\"https:\/\/fumot.uk\/de\/\">fumot.uk<\/a>. Sie k\u00f6nnen auch unsere <a href=\"https:\/\/fumot.uk\/de\/product-category\/randm-tornado-12000-puffs\/\">RAndM Tornado 12000 Puffs Kollektion<\/a> durchsuchen und mehr erkunden <a href=\"https:\/\/fumot.uk\/de\/product-tag\/mesh-coil\/\">Mesh-Spule<\/a> Optionen.<\/p>\n<p><small>Hinweis: Die Anzahl der Z\u00fcge kann je nach Nutzungsgewohnheiten variieren.<\/small><\/p>","protected":false},"excerpt":{"rendered":"<p>RAndM Tornado 12000 Z\u00fcge Cherry Berry Einweg-E-Zigaretten mit 20ml E-Liquid, 850mAh wiederaufladbarem Akku, Mesh-Coil, Typ-C-Ladung und LED-Anzeige. Nikotin: 0\/2\/3\/5%.<\/p>","protected":false},"featured_media":441,"comment_status":"open","ping_status":"closed","template":"","meta":[],"product_brand":[],"product_cat":[58,59,17],"product_tag":[60,20,41,33,36,23,25,26,62,28],"class_list":{"0":"post-399","1":"product","2":"type-product","3":"status-publish","4":"has-post-thumbnail","6":"product_cat-12000-puff","7":"product_cat-randm-tornado-12000-puffs","8":"product_cat-vape","9":"product_tag-20ml","10":"product_tag-850mah","11":"product_tag-berry","12":"product_tag-blueberry","13":"product_tag-cherry","14":"product_tag-display","15":"product_tag-mesh-coil","16":"product_tag-rechargeable","17":"product_tag-sale-vape","18":"product_tag-type-c","20":"first","21":"instock","22":"sale","23":"shipping-taxable","24":"purchasable","25":"product-type-variable","26":"has-default-attributes"},"yoast_head":"<!-- This site is optimized with the Yoast SEO plugin v26.8 - https:\/\/yoast.com\/product\/yoast-seo-wordpress\/ -->\n<title>RAndM Tornado 12000 Cherry Berry | 20ml Mesh Coil<\/title>\n<meta name=\"description\" content=\"RAndM Tornado 12000 Puffs Cherry Berry: 20ml e-liquid, 850mAh rechargeable battery, mesh coil, LED display, Type\u2011C. Nicotine 0\/2\/3\/5%.\" \/>\n<meta name=\"robots\" content=\"index, follow, max-snippet:-1, max-image-preview:large, max-video-preview:-1\" \/>\n<link rel=\"canonical\" href=\"https:\/\/fumot.uk\/de\/product\/cherry-berry-randm-tornado-12000-puffs\/\" \/>\n<meta property=\"og:locale\" content=\"de_DE\" \/>\n<meta property=\"og:type\" content=\"article\" \/>\n<meta property=\"og:title\" content=\"RAndM Tornado 12000 Puffs Cherry Berry \u2013 20ml, LED Display\" \/>\n<meta property=\"og:description\" content=\"Juicy cherry meets mixed berries in the RAndM Tornado 12000 Cherry Berry. 20ml e-liquid, 850mAh rechargeable, mesh coil, Type\u2011C, LED display.\" \/>\n<meta property=\"og:url\" content=\"https:\/\/fumot.uk\/de\/product\/cherry-berry-randm-tornado-12000-puffs\/\" \/>\n<meta property=\"og:site_name\" content=\"Fumot Official Direct | Straight from the Factory, 100% Genuine\" \/>\n<meta property=\"article:modified_time\" content=\"2026-01-20T08:00:02+00:00\" \/>\n<meta property=\"og:image\" content=\"https:\/\/fumot.uk\/wp-content\/uploads\/2026\/01\/Randm-Tornado-12000-Puffs-Cherry-berry-Disposable-Vape-scaled-1.jpg\" \/>\n\t<meta property=\"og:image:width\" content=\"2560\" \/>\n\t<meta property=\"og:image:height\" content=\"2560\" \/>\n\t<meta property=\"og:image:type\" content=\"image\/jpeg\" \/>\n<meta name=\"twitter:card\" content=\"summary_large_image\" \/>\n<meta name=\"twitter:label1\" content=\"Gesch\u00e4tzte Lesezeit\" \/>\n\t<meta name=\"twitter:data1\" content=\"2\u00a0Minuten\" \/>\n<script type=\"application\/ld+json\" class=\"yoast-schema-graph\">{\"@context\":\"https:\/\/schema.org\",\"@graph\":[{\"@type\":\"WebPage\",\"@id\":\"https:\/\/fumot.uk\/product\/cherry-berry-randm-tornado-12000-puffs\/\",\"url\":\"https:\/\/fumot.uk\/product\/cherry-berry-randm-tornado-12000-puffs\/\",\"name\":\"RAndM Tornado 12000 Cherry Berry | 20ml Mesh Coil\",\"isPartOf\":{\"@id\":\"https:\/\/fumot.uk\/#website\"},\"primaryImageOfPage\":{\"@id\":\"https:\/\/fumot.uk\/product\/cherry-berry-randm-tornado-12000-puffs\/#primaryimage\"},\"image\":{\"@id\":\"https:\/\/fumot.uk\/product\/cherry-berry-randm-tornado-12000-puffs\/#primaryimage\"},\"thumbnailUrl\":\"https:\/\/fumot.uk\/wp-content\/uploads\/2026\/01\/Randm-Tornado-12000-Puffs-Cherry-berry-Disposable-Vape-scaled-1.jpg\",\"datePublished\":\"2026-01-20T02:44:09+00:00\",\"dateModified\":\"2026-01-20T08:00:02+00:00\",\"description\":\"RAndM Tornado 12000 Puffs Cherry Berry: 20ml e-liquid, 850mAh rechargeable battery, mesh coil, LED display, Type\u2011C. Nicotine 0\/2\/3\/5%.\",\"breadcrumb\":{\"@id\":\"https:\/\/fumot.uk\/product\/cherry-berry-randm-tornado-12000-puffs\/#breadcrumb\"},\"inLanguage\":\"de\",\"potentialAction\":[{\"@type\":\"ReadAction\",\"target\":[\"https:\/\/fumot.uk\/product\/cherry-berry-randm-tornado-12000-puffs\/\"]}]},{\"@type\":\"ImageObject\",\"inLanguage\":\"de\",\"@id\":\"https:\/\/fumot.uk\/product\/cherry-berry-randm-tornado-12000-puffs\/#primaryimage\",\"url\":\"https:\/\/fumot.uk\/wp-content\/uploads\/2026\/01\/Randm-Tornado-12000-Puffs-Cherry-berry-Disposable-Vape-scaled-1.jpg\",\"contentUrl\":\"https:\/\/fumot.uk\/wp-content\/uploads\/2026\/01\/Randm-Tornado-12000-Puffs-Cherry-berry-Disposable-Vape-scaled-1.jpg\",\"width\":2560,\"height\":2560},{\"@type\":\"BreadcrumbList\",\"@id\":\"https:\/\/fumot.uk\/product\/cherry-berry-randm-tornado-12000-puffs\/#breadcrumb\",\"itemListElement\":[{\"@type\":\"ListItem\",\"position\":1,\"name\":\"Home\",\"item\":\"https:\/\/fumot.uk\/\"},{\"@type\":\"ListItem\",\"position\":2,\"name\":\"Shop\",\"item\":\"https:\/\/fumot.uk\/shop\/\"},{\"@type\":\"ListItem\",\"position\":3,\"name\":\"RAndM Tornado 12000 Puffs Cherry Berry Disposable Vape \u2013 20ml, 850mAh Rechargeable, LED Display, Mesh Coil, Type\u2011C\"}]},{\"@type\":\"WebSite\",\"@id\":\"https:\/\/fumot.uk\/#website\",\"url\":\"https:\/\/fumot.uk\/\",\"name\":\"Fumot Official Direct | Straight from the Factory, 100% Genuine\",\"description\":\"Official Website\",\"publisher\":{\"@id\":\"https:\/\/fumot.uk\/#organization\"},\"potentialAction\":[{\"@type\":\"SearchAction\",\"target\":{\"@type\":\"EntryPoint\",\"urlTemplate\":\"https:\/\/fumot.uk\/?s={search_term_string}\"},\"query-input\":{\"@type\":\"PropertyValueSpecification\",\"valueRequired\":true,\"valueName\":\"search_term_string\"}}],\"inLanguage\":\"de\"},{\"@type\":\"Organization\",\"@id\":\"https:\/\/fumot.uk\/#organization\",\"name\":\"Fumot Official Direct | Straight from the Factory, 100% Genuine\",\"url\":\"https:\/\/fumot.uk\/\",\"logo\":{\"@type\":\"ImageObject\",\"inLanguage\":\"de\",\"@id\":\"https:\/\/fumot.uk\/#\/schema\/logo\/image\/\",\"url\":\"https:\/\/fumot.uk\/wp-content\/uploads\/2026\/01\/cropped-fumot-logo1.png\",\"contentUrl\":\"https:\/\/fumot.uk\/wp-content\/uploads\/2026\/01\/cropped-fumot-logo1.png\",\"width\":152,\"height\":106,\"caption\":\"Fumot Official Direct | Straight from the Factory, 100% Genuine\"},\"image\":{\"@id\":\"https:\/\/fumot.uk\/#\/schema\/logo\/image\/\"}}]}<\/script>\n<!-- \/ Yoast SEO plugin. -->","yoast_head_json":{"title":"RAndM Tornado 12000 Kirschbeere | 20ml Mesh Coil","description":"RAndM Tornado 12000 Puffs Cherry Berry: 20ml E-Liquid, 850mAh wiederaufladbare Batterie, Mesh-Spule, LED-Anzeige, Typ\u2011C. Nikotin 0\/2\/3\/5%.","robots":{"index":"index","follow":"follow","max-snippet":"max-snippet:-1","max-image-preview":"max-image-preview:large","max-video-preview":"max-video-preview:-1"},"canonical":"https:\/\/fumot.uk\/de\/product\/cherry-berry-randm-tornado-12000-puffs\/","og_locale":"de_DE","og_type":"article","og_title":"RAndM Tornado 12000 Puffs Cherry Berry \u2013 20ml, LED Display","og_description":"Juicy cherry meets mixed berries in the RAndM Tornado 12000 Cherry Berry. 20ml e-liquid, 850mAh rechargeable, mesh coil, Type\u2011C, LED display.","og_url":"https:\/\/fumot.uk\/de\/product\/cherry-berry-randm-tornado-12000-puffs\/","og_site_name":"Fumot Official Direct | Straight from the Factory, 100% Genuine","article_modified_time":"2026-01-20T08:00:02+00:00","og_image":[{"width":2560,"height":2560,"url":"https:\/\/fumot.uk\/wp-content\/uploads\/2026\/01\/Randm-Tornado-12000-Puffs-Cherry-berry-Disposable-Vape-scaled-1.jpg","type":"image\/jpeg"}],"twitter_card":"summary_large_image","twitter_misc":{"Gesch\u00e4tzte Lesezeit":"2\u00a0Minuten"},"schema":{"@context":"https:\/\/schema.org","@graph":[{"@type":"WebPage","@id":"https:\/\/fumot.uk\/product\/cherry-berry-randm-tornado-12000-puffs\/","url":"https:\/\/fumot.uk\/product\/cherry-berry-randm-tornado-12000-puffs\/","name":"RAndM Tornado 12000 Kirschbeere | 20ml Mesh Coil","isPartOf":{"@id":"https:\/\/fumot.uk\/#website"},"primaryImageOfPage":{"@id":"https:\/\/fumot.uk\/product\/cherry-berry-randm-tornado-12000-puffs\/#primaryimage"},"image":{"@id":"https:\/\/fumot.uk\/product\/cherry-berry-randm-tornado-12000-puffs\/#primaryimage"},"thumbnailUrl":"https:\/\/fumot.uk\/wp-content\/uploads\/2026\/01\/Randm-Tornado-12000-Puffs-Cherry-berry-Disposable-Vape-scaled-1.jpg","datePublished":"2026-01-20T02:44:09+00:00","dateModified":"2026-01-20T08:00:02+00:00","description":"RAndM Tornado 12000 Puffs Cherry Berry: 20ml E-Liquid, 850mAh wiederaufladbare Batterie, Mesh-Spule, LED-Anzeige, Typ\u2011C. Nikotin 0\/2\/3\/5%.","breadcrumb":{"@id":"https:\/\/fumot.uk\/product\/cherry-berry-randm-tornado-12000-puffs\/#breadcrumb"},"inLanguage":"de","potentialAction":[{"@type":"ReadAction","target":["https:\/\/fumot.uk\/product\/cherry-berry-randm-tornado-12000-puffs\/"]}]},{"@type":"ImageObject","inLanguage":"de","@id":"https:\/\/fumot.uk\/product\/cherry-berry-randm-tornado-12000-puffs\/#primaryimage","url":"https:\/\/fumot.uk\/wp-content\/uploads\/2026\/01\/Randm-Tornado-12000-Puffs-Cherry-berry-Disposable-Vape-scaled-1.jpg","contentUrl":"https:\/\/fumot.uk\/wp-content\/uploads\/2026\/01\/Randm-Tornado-12000-Puffs-Cherry-berry-Disposable-Vape-scaled-1.jpg","width":2560,"height":2560},{"@type":"BreadcrumbList","@id":"https:\/\/fumot.uk\/product\/cherry-berry-randm-tornado-12000-puffs\/#breadcrumb","itemListElement":[{"@type":"ListItem","position":1,"name":"Home","item":"https:\/\/fumot.uk\/"},{"@type":"ListItem","position":2,"name":"Shop","item":"https:\/\/fumot.uk\/shop\/"},{"@type":"ListItem","position":3,"name":"RAndM Tornado 12000 Puffs Cherry Berry Disposable Vape \u2013 20ml, 850mAh Rechargeable, LED Display, Mesh Coil, Type\u2011C"}]},{"@type":"WebSite","@id":"https:\/\/fumot.uk\/#website","url":"https:\/\/fumot.uk\/","name":"Fumot Offizieller Direkt | Direkt aus der Fabrik, 100% Original","description":"Offizielle Webseite","publisher":{"@id":"https:\/\/fumot.uk\/#organization"},"potentialAction":[{"@type":"SearchAction","target":{"@type":"EntryPoint","urlTemplate":"https:\/\/fumot.uk\/?s={search_term_string}"},"query-input":{"@type":"PropertyValueSpecification","valueRequired":true,"valueName":"search_term_string"}}],"inLanguage":"de"},{"@type":"Organization","@id":"https:\/\/fumot.uk\/#organization","name":"Fumot Offizieller Direkt | Direkt aus der Fabrik, 100% Original","url":"https:\/\/fumot.uk\/","logo":{"@type":"ImageObject","inLanguage":"de","@id":"https:\/\/fumot.uk\/#\/schema\/logo\/image\/","url":"https:\/\/fumot.uk\/wp-content\/uploads\/2026\/01\/cropped-fumot-logo1.png","contentUrl":"https:\/\/fumot.uk\/wp-content\/uploads\/2026\/01\/cropped-fumot-logo1.png","width":152,"height":106,"caption":"Fumot Official Direct | Straight from the Factory, 100% Genuine"},"image":{"@id":"https:\/\/fumot.uk\/#\/schema\/logo\/image\/"}}]}},"_links":{"self":[{"href":"https:\/\/fumot.uk\/de\/wp-json\/wp\/v2\/product\/399","targetHints":{"allow":["GET"]}}],"collection":[{"href":"https:\/\/fumot.uk\/de\/wp-json\/wp\/v2\/product"}],"about":[{"href":"https:\/\/fumot.uk\/de\/wp-json\/wp\/v2\/types\/product"}],"replies":[{"embeddable":true,"href":"https:\/\/fumot.uk\/de\/wp-json\/wp\/v2\/comments?post=399"}],"wp:featuredmedia":[{"embeddable":true,"href":"https:\/\/fumot.uk\/de\/wp-json\/wp\/v2\/media\/441"}],"wp:attachment":[{"href":"https:\/\/fumot.uk\/de\/wp-json\/wp\/v2\/media?parent=399"}],"wp:term":[{"taxonomy":"product_brand","embeddable":true,"href":"https:\/\/fumot.uk\/de\/wp-json\/wp\/v2\/product_brand?post=399"},{"taxonomy":"product_cat","embeddable":true,"href":"https:\/\/fumot.uk\/de\/wp-json\/wp\/v2\/product_cat?post=399"},{"taxonomy":"product_tag","embeddable":true,"href":"https:\/\/fumot.uk\/de\/wp-json\/wp\/v2\/product_tag?post=399"}],"curies":[{"name":"wp","href":"https:\/\/api.w.org\/{rel}","templated":true}]}}