{"id":3839,"date":"2026-01-21T04:04:58","date_gmt":"2026-01-21T04:04:58","guid":{"rendered":"https:\/\/fumot.uk\/?post_type=product&#038;p=3839"},"modified":"2026-01-21T08:39:38","modified_gmt":"2026-01-21T08:39:38","slug":"jnr-falcon-16000-puffs-strawberry-watermelon-ice","status":"publish","type":"product","link":"https:\/\/fumot.uk\/de\/product\/jnr-falcon-16000-puffs-strawberry-watermelon-ice\/","title":{"rendered":"JNR Falcon 16000 Z\u00fcge Erdbeer-Wassermelone-Eis Einweg-E-Zigaretten (22ml, Dual Mesh, Einstellbarer Luftstrom)"},"content":{"rendered":"<p><strong>JNR Falcon 16000 Z\u00fcge Erdbeere Wassermelone Eis<\/strong> ist f\u00fcr Dampfer gebaut, die einen langanhaltenden, anpassbaren Zug mit einem sauberen, gleichm\u00e4\u00dfigen Geschmack w\u00fcnschen. Mit einem <strong>kristallinspirierten Design<\/strong>, <strong>Dual-Mesh-Spule<\/strong> Heizung und <strong>einstellbarem Luftstrom<\/strong>, liefert es glatten, dichten Dampf vom ersten bis zum letzten Zug\u2014ohne komplizierte Einrichtung.<\/p>\n<p><strong>Geschmack: Erdbeere Wassermelone Eis<\/strong><br \/>Eine helle, fruchtige Mischung, bei der reife <strong>Erdbeerens\u00fc\u00dfe<\/strong> f\u00fchrt, saftige <strong>Wassermelone<\/strong> folgt, und ein leichtes <strong>eisigen Abgang<\/strong> bringt einen frischen, gek\u00fchlten Nachgeschmack. Es ist ein knackiges, sommerliches Profil, das den ganzen Tag erfrischend bleibt.<\/p>\n<h3><strong>Hauptmerkmale<\/strong><\/h3>\n<ul>\n<li><strong>Z\u00fcge:<\/strong> Bis zu 16000<\/li>\n<li><strong>E-Liquid Kapazit\u00e4t:<\/strong> 22ml<\/li>\n<li><strong>Nikotinoptionen:<\/strong> 2% oder 5%<\/li>\n<li><strong>Coil-Technologie:<\/strong> Dual-Mesh-Spule<\/li>\n<li><strong>Luftstrom:<\/strong> Einstellbare Luftstromkontrolle<\/li>\n<li><strong>Batterie:<\/strong> 850mAh wiederaufladbar<\/li>\n<li><strong>Laden:<\/strong> Typ-C<\/li>\n<li><strong>Widerstand:<\/strong> 1\u03a9<\/li>\n<li><strong>Design:<\/strong> Kristallhandwerksstil-Look und -Gef\u00fchl<\/li>\n<li><strong>Auswahl:<\/strong> 20 verf\u00fcgbare Geschmacksrichtungen (Serie)<\/li>\n<\/ul>\n<h3><strong>Warum Sie es m\u00f6gen werden<\/strong><\/h3>\n<ul>\n<li><strong>Konsistente Geschmacksabgabe:<\/strong> Dual-Mesh-Heizung hilft, das Frucht-und-Eis-Profil stabil und zufriedenstellend zu halten.<\/li>\n<li><strong>Passen Sie Ihren Zug an:<\/strong> Passen Sie den Luftstrom an, um Ihren bevorzugten Inhalationsstil zu treffen.<\/li>\n<li><strong>F\u00fcr lange Sitzungen gemacht:<\/strong> 22ml Kapazit\u00e4t und ein wiederaufladbarer Akku helfen Ihnen, l\u00e4nger zwischen den Austauschen zu gehen.<\/li>\n<\/ul>\n<p>Suchen Sie nach mehr <strong>JNR Falcon 16000<\/strong> Geschmacksrichtungen oder andere <strong>16000 Z\u00fcge Einweg-E-Zigaretten<\/strong>? Entdecken Sie die neuesten Ank\u00fcnfte bei <a href=\"https:\/\/fumot.uk\/de\/\"><u>fumot.uk<\/u><\/a>.<\/p>","protected":false},"excerpt":{"rendered":"<p>JNR Falcon 16000 Strawberry Watermelon Ice: eine erfrischende Erdbeer-Wassermelonen-Mischung mit einem k\u00fchlen eisigen Abgang. 22ml, Dual Mesh Coil, einstellbarer Luftstrom und 850mAh Typ\u2011C wiederaufladbare Batterie. Nikotin: 2% oder 5%.<\/p>","protected":false},"featured_media":3892,"comment_status":"open","ping_status":"closed","template":"","meta":[],"product_brand":[],"product_cat":[191,192,17],"product_tag":[193,20,21,113,72,73,29,26,62,37,28,32],"class_list":{"0":"post-3839","1":"product","2":"type-product","3":"status-publish","4":"has-post-thumbnail","6":"product_cat-16000-puff","7":"product_cat-jnr-falcon-16000-puffs","8":"product_cat-vape","9":"product_tag-22ml","10":"product_tag-850mah","11":"product_tag-adjustable-airflow","12":"product_tag-crystal-vape","13":"product_tag-direct-to-lung","14":"product_tag-dual-mesh","15":"product_tag-ice","16":"product_tag-rechargeable","17":"product_tag-sale-vape","18":"product_tag-strawberry","19":"product_tag-type-c","20":"product_tag-watermelon","22":"first","23":"instock","24":"sale","25":"shipping-taxable","26":"purchasable","27":"product-type-variable","28":"has-default-attributes"},"yoast_head":"<!-- This site is optimized with the Yoast SEO plugin v26.8 - https:\/\/yoast.com\/product\/yoast-seo-wordpress\/ -->\n<title>JNR Falcon 16000 Strawberry Watermelon Ice | 22ml<\/title>\n<meta name=\"description\" content=\"JNR Falcon 16000 Strawberry Watermelon Ice disposable vape: 22ml, Dual Mesh Coil, adjustable airflow, 850mAh Type\u2011C rechargeable. 2% or 5% nicotine.\" \/>\n<meta name=\"robots\" content=\"index, follow, max-snippet:-1, max-image-preview:large, max-video-preview:-1\" \/>\n<link rel=\"canonical\" href=\"https:\/\/fumot.uk\/de\/product\/jnr-falcon-16000-puffs-strawberry-watermelon-ice\/\" \/>\n<meta property=\"og:locale\" content=\"de_DE\" \/>\n<meta property=\"og:type\" content=\"article\" \/>\n<meta property=\"og:title\" content=\"JNR Falcon 16000 Strawberry Watermelon Ice (22ml, Dual Mesh)\" \/>\n<meta property=\"og:description\" content=\"Sweet strawberry meets juicy watermelon with a cool icy finish. Up to 16000 puffs, adjustable airflow, dual mesh coil, and rechargeable 850mAh Type\u2011C battery.\" \/>\n<meta property=\"og:url\" content=\"https:\/\/fumot.uk\/de\/product\/jnr-falcon-16000-puffs-strawberry-watermelon-ice\/\" \/>\n<meta property=\"og:site_name\" content=\"Fumot Official Direct | Straight from the Factory, 100% Genuine\" \/>\n<meta property=\"article:modified_time\" content=\"2026-01-21T08:39:38+00:00\" \/>\n<meta property=\"og:image\" content=\"https:\/\/fumot.uk\/wp-content\/uploads\/2026\/01\/Strawberry-Watermelon-Ice_JNR-Falcon-16000-Puffs-Disposable-Vape-1024x1024.jpg\" \/>\n\t<meta property=\"og:image:width\" content=\"1024\" \/>\n\t<meta property=\"og:image:height\" content=\"1024\" \/>\n\t<meta property=\"og:image:type\" content=\"image\/jpeg\" \/>\n<meta name=\"twitter:card\" content=\"summary_large_image\" \/>\n<meta name=\"twitter:label1\" content=\"Gesch\u00e4tzte Lesezeit\" \/>\n\t<meta name=\"twitter:data1\" content=\"1\u00a0Minute\" \/>\n<script type=\"application\/ld+json\" class=\"yoast-schema-graph\">{\"@context\":\"https:\/\/schema.org\",\"@graph\":[{\"@type\":\"WebPage\",\"@id\":\"https:\/\/fumot.uk\/product\/jnr-falcon-16000-puffs-strawberry-watermelon-ice\/\",\"url\":\"https:\/\/fumot.uk\/product\/jnr-falcon-16000-puffs-strawberry-watermelon-ice\/\",\"name\":\"JNR Falcon 16000 Strawberry Watermelon Ice | 22ml\",\"isPartOf\":{\"@id\":\"https:\/\/fumot.uk\/#website\"},\"primaryImageOfPage\":{\"@id\":\"https:\/\/fumot.uk\/product\/jnr-falcon-16000-puffs-strawberry-watermelon-ice\/#primaryimage\"},\"image\":{\"@id\":\"https:\/\/fumot.uk\/product\/jnr-falcon-16000-puffs-strawberry-watermelon-ice\/#primaryimage\"},\"thumbnailUrl\":\"https:\/\/fumot.uk\/wp-content\/uploads\/2026\/01\/Strawberry-Watermelon-Ice_JNR-Falcon-16000-Puffs-Disposable-Vape.jpg\",\"datePublished\":\"2026-01-21T04:04:58+00:00\",\"dateModified\":\"2026-01-21T08:39:38+00:00\",\"description\":\"JNR Falcon 16000 Strawberry Watermelon Ice disposable vape: 22ml, Dual Mesh Coil, adjustable airflow, 850mAh Type\u2011C rechargeable. 2% or 5% nicotine.\",\"breadcrumb\":{\"@id\":\"https:\/\/fumot.uk\/product\/jnr-falcon-16000-puffs-strawberry-watermelon-ice\/#breadcrumb\"},\"inLanguage\":\"de\",\"potentialAction\":[{\"@type\":\"ReadAction\",\"target\":[\"https:\/\/fumot.uk\/product\/jnr-falcon-16000-puffs-strawberry-watermelon-ice\/\"]}]},{\"@type\":\"ImageObject\",\"inLanguage\":\"de\",\"@id\":\"https:\/\/fumot.uk\/product\/jnr-falcon-16000-puffs-strawberry-watermelon-ice\/#primaryimage\",\"url\":\"https:\/\/fumot.uk\/wp-content\/uploads\/2026\/01\/Strawberry-Watermelon-Ice_JNR-Falcon-16000-Puffs-Disposable-Vape.jpg\",\"contentUrl\":\"https:\/\/fumot.uk\/wp-content\/uploads\/2026\/01\/Strawberry-Watermelon-Ice_JNR-Falcon-16000-Puffs-Disposable-Vape.jpg\",\"width\":2500,\"height\":2500},{\"@type\":\"BreadcrumbList\",\"@id\":\"https:\/\/fumot.uk\/product\/jnr-falcon-16000-puffs-strawberry-watermelon-ice\/#breadcrumb\",\"itemListElement\":[{\"@type\":\"ListItem\",\"position\":1,\"name\":\"Home\",\"item\":\"https:\/\/fumot.uk\/\"},{\"@type\":\"ListItem\",\"position\":2,\"name\":\"Shop\",\"item\":\"https:\/\/fumot.uk\/shop\/\"},{\"@type\":\"ListItem\",\"position\":3,\"name\":\"JNR Falcon 16000 Puffs Strawberry Watermelon Ice Disposable Vape (22ml, Dual Mesh, Adjustable Airflow)\"}]},{\"@type\":\"WebSite\",\"@id\":\"https:\/\/fumot.uk\/#website\",\"url\":\"https:\/\/fumot.uk\/\",\"name\":\"Fumot Official Direct | Straight from the Factory, 100% Genuine\",\"description\":\"Official Website\",\"publisher\":{\"@id\":\"https:\/\/fumot.uk\/#organization\"},\"potentialAction\":[{\"@type\":\"SearchAction\",\"target\":{\"@type\":\"EntryPoint\",\"urlTemplate\":\"https:\/\/fumot.uk\/?s={search_term_string}\"},\"query-input\":{\"@type\":\"PropertyValueSpecification\",\"valueRequired\":true,\"valueName\":\"search_term_string\"}}],\"inLanguage\":\"de\"},{\"@type\":\"Organization\",\"@id\":\"https:\/\/fumot.uk\/#organization\",\"name\":\"Fumot Official Direct | Straight from the Factory, 100% Genuine\",\"url\":\"https:\/\/fumot.uk\/\",\"logo\":{\"@type\":\"ImageObject\",\"inLanguage\":\"de\",\"@id\":\"https:\/\/fumot.uk\/#\/schema\/logo\/image\/\",\"url\":\"https:\/\/fumot.uk\/wp-content\/uploads\/2026\/01\/cropped-fumot-logo1.png\",\"contentUrl\":\"https:\/\/fumot.uk\/wp-content\/uploads\/2026\/01\/cropped-fumot-logo1.png\",\"width\":152,\"height\":106,\"caption\":\"Fumot Official Direct | Straight from the Factory, 100% Genuine\"},\"image\":{\"@id\":\"https:\/\/fumot.uk\/#\/schema\/logo\/image\/\"}}]}<\/script>\n<!-- \/ Yoast SEO plugin. -->","yoast_head_json":{"title":"JNR Falcon 16000 Erdbeere Wassermelone Eis | 22ml","description":"JNR Falcon 16000 Strawberry Watermelon Ice Einweg-E-Zigaretten: 22ml, Dual Mesh Coil, einstellbarer Luftstrom, 850mAh Typ-C wiederaufladbar. 2% oder 5% Nikotin.","robots":{"index":"index","follow":"follow","max-snippet":"max-snippet:-1","max-image-preview":"max-image-preview:large","max-video-preview":"max-video-preview:-1"},"canonical":"https:\/\/fumot.uk\/de\/product\/jnr-falcon-16000-puffs-strawberry-watermelon-ice\/","og_locale":"de_DE","og_type":"article","og_title":"JNR Falcon 16000 Strawberry Watermelon Ice (22ml, Dual Mesh)","og_description":"Sweet strawberry meets juicy watermelon with a cool icy finish. Up to 16000 puffs, adjustable airflow, dual mesh coil, and rechargeable 850mAh Type\u2011C battery.","og_url":"https:\/\/fumot.uk\/de\/product\/jnr-falcon-16000-puffs-strawberry-watermelon-ice\/","og_site_name":"Fumot Official Direct | Straight from the Factory, 100% Genuine","article_modified_time":"2026-01-21T08:39:38+00:00","og_image":[{"width":1024,"height":1024,"url":"https:\/\/fumot.uk\/wp-content\/uploads\/2026\/01\/Strawberry-Watermelon-Ice_JNR-Falcon-16000-Puffs-Disposable-Vape-1024x1024.jpg","type":"image\/jpeg"}],"twitter_card":"summary_large_image","twitter_misc":{"Gesch\u00e4tzte Lesezeit":"1\u00a0Minute"},"schema":{"@context":"https:\/\/schema.org","@graph":[{"@type":"WebPage","@id":"https:\/\/fumot.uk\/product\/jnr-falcon-16000-puffs-strawberry-watermelon-ice\/","url":"https:\/\/fumot.uk\/product\/jnr-falcon-16000-puffs-strawberry-watermelon-ice\/","name":"JNR Falcon 16000 Erdbeere Wassermelone Eis | 22ml","isPartOf":{"@id":"https:\/\/fumot.uk\/#website"},"primaryImageOfPage":{"@id":"https:\/\/fumot.uk\/product\/jnr-falcon-16000-puffs-strawberry-watermelon-ice\/#primaryimage"},"image":{"@id":"https:\/\/fumot.uk\/product\/jnr-falcon-16000-puffs-strawberry-watermelon-ice\/#primaryimage"},"thumbnailUrl":"https:\/\/fumot.uk\/wp-content\/uploads\/2026\/01\/Strawberry-Watermelon-Ice_JNR-Falcon-16000-Puffs-Disposable-Vape.jpg","datePublished":"2026-01-21T04:04:58+00:00","dateModified":"2026-01-21T08:39:38+00:00","description":"JNR Falcon 16000 Strawberry Watermelon Ice Einweg-E-Zigaretten: 22ml, Dual Mesh Coil, einstellbarer Luftstrom, 850mAh Typ-C wiederaufladbar. 2% oder 5% Nikotin.","breadcrumb":{"@id":"https:\/\/fumot.uk\/product\/jnr-falcon-16000-puffs-strawberry-watermelon-ice\/#breadcrumb"},"inLanguage":"de","potentialAction":[{"@type":"ReadAction","target":["https:\/\/fumot.uk\/product\/jnr-falcon-16000-puffs-strawberry-watermelon-ice\/"]}]},{"@type":"ImageObject","inLanguage":"de","@id":"https:\/\/fumot.uk\/product\/jnr-falcon-16000-puffs-strawberry-watermelon-ice\/#primaryimage","url":"https:\/\/fumot.uk\/wp-content\/uploads\/2026\/01\/Strawberry-Watermelon-Ice_JNR-Falcon-16000-Puffs-Disposable-Vape.jpg","contentUrl":"https:\/\/fumot.uk\/wp-content\/uploads\/2026\/01\/Strawberry-Watermelon-Ice_JNR-Falcon-16000-Puffs-Disposable-Vape.jpg","width":2500,"height":2500},{"@type":"BreadcrumbList","@id":"https:\/\/fumot.uk\/product\/jnr-falcon-16000-puffs-strawberry-watermelon-ice\/#breadcrumb","itemListElement":[{"@type":"ListItem","position":1,"name":"Home","item":"https:\/\/fumot.uk\/"},{"@type":"ListItem","position":2,"name":"Shop","item":"https:\/\/fumot.uk\/shop\/"},{"@type":"ListItem","position":3,"name":"JNR Falcon 16000 Puffs Strawberry Watermelon Ice Disposable Vape (22ml, Dual Mesh, Adjustable Airflow)"}]},{"@type":"WebSite","@id":"https:\/\/fumot.uk\/#website","url":"https:\/\/fumot.uk\/","name":"Fumot Offizieller Direkt | Direkt aus der Fabrik, 100% Original","description":"Offizielle Webseite","publisher":{"@id":"https:\/\/fumot.uk\/#organization"},"potentialAction":[{"@type":"SearchAction","target":{"@type":"EntryPoint","urlTemplate":"https:\/\/fumot.uk\/?s={search_term_string}"},"query-input":{"@type":"PropertyValueSpecification","valueRequired":true,"valueName":"search_term_string"}}],"inLanguage":"de"},{"@type":"Organization","@id":"https:\/\/fumot.uk\/#organization","name":"Fumot Offizieller Direkt | Direkt aus der Fabrik, 100% Original","url":"https:\/\/fumot.uk\/","logo":{"@type":"ImageObject","inLanguage":"de","@id":"https:\/\/fumot.uk\/#\/schema\/logo\/image\/","url":"https:\/\/fumot.uk\/wp-content\/uploads\/2026\/01\/cropped-fumot-logo1.png","contentUrl":"https:\/\/fumot.uk\/wp-content\/uploads\/2026\/01\/cropped-fumot-logo1.png","width":152,"height":106,"caption":"Fumot Official Direct | Straight from the Factory, 100% Genuine"},"image":{"@id":"https:\/\/fumot.uk\/#\/schema\/logo\/image\/"}}]}},"_links":{"self":[{"href":"https:\/\/fumot.uk\/de\/wp-json\/wp\/v2\/product\/3839","targetHints":{"allow":["GET"]}}],"collection":[{"href":"https:\/\/fumot.uk\/de\/wp-json\/wp\/v2\/product"}],"about":[{"href":"https:\/\/fumot.uk\/de\/wp-json\/wp\/v2\/types\/product"}],"replies":[{"embeddable":true,"href":"https:\/\/fumot.uk\/de\/wp-json\/wp\/v2\/comments?post=3839"}],"wp:featuredmedia":[{"embeddable":true,"href":"https:\/\/fumot.uk\/de\/wp-json\/wp\/v2\/media\/3892"}],"wp:attachment":[{"href":"https:\/\/fumot.uk\/de\/wp-json\/wp\/v2\/media?parent=3839"}],"wp:term":[{"taxonomy":"product_brand","embeddable":true,"href":"https:\/\/fumot.uk\/de\/wp-json\/wp\/v2\/product_brand?post=3839"},{"taxonomy":"product_cat","embeddable":true,"href":"https:\/\/fumot.uk\/de\/wp-json\/wp\/v2\/product_cat?post=3839"},{"taxonomy":"product_tag","embeddable":true,"href":"https:\/\/fumot.uk\/de\/wp-json\/wp\/v2\/product_tag?post=3839"}],"curies":[{"name":"wp","href":"https:\/\/api.w.org\/{rel}","templated":true}]}}