{"id":3837,"date":"2026-01-21T04:04:58","date_gmt":"2026-01-21T04:04:58","guid":{"rendered":"https:\/\/fumot.uk\/?post_type=product&#038;p=3837"},"modified":"2026-01-21T08:40:32","modified_gmt":"2026-01-21T08:40:32","slug":"jnr-falcon-16000-puffs-sakura-grape","status":"publish","type":"product","link":"https:\/\/fumot.uk\/de\/product\/jnr-falcon-16000-puffs-sakura-grape\/","title":{"rendered":"JNR Falcon 16000 Z\u00fcge Sakura Traube Einweg E-Zigaretten (22ml, Dual Mesh, Einstellbarer Luftstrom)"},"content":{"rendered":"<p><strong>JNR Falcon 16000 Z\u00fcge Sakura Traube<\/strong> verbindet moderne Leistung mit einem sauberen, kristallklaren Look\u2014entwickelt f\u00fcr einen sanften, gleichm\u00e4\u00dfigen Geschmack vom ersten bis zum letzten Zug. Entworfen mit <strong>Dual-Mesh-Spule<\/strong> Heizung und <strong>einstellbarem Luftstrom<\/strong>, erm\u00f6glicht es Ihnen, Ihr Einatmen f\u00fcr ein pers\u00f6nlicheres E-Zigaretten-Erlebnis fein abzustimmen.<\/p>\n<p><strong>Geschmack: Sakura Traube<\/strong><br \/>\nEine duftende Wendung eines klassischen Fruchtprofils. <strong>Saftige Traube<\/strong> f\u00fchrt mit einem reichen, s\u00fc\u00dfen Aroma, gefolgt von einem sanften <strong>Sakura (Kirschbl\u00fcte)<\/strong> Abschluss, der sich leicht, blumig und erfrischend anf\u00fchlt. Das Ergebnis ist ausgewogen\u2014fruchtbetont, aber nie schwer\u2014ideal f\u00fcr den ganzt\u00e4gigen Gebrauch.<\/p>\n<h3><strong>Hauptmerkmale<\/strong><\/h3>\n<ul>\n<li><strong>Bis zu 16.000 Z\u00fcge<\/strong> f\u00fcr langanhaltenden Gebrauch<\/li>\n<li><strong>22ml E-Liquid-Kapazit\u00e4t<\/strong><\/li>\n<li><strong>Nikotinoptionen:<\/strong> 2% oder 5%<\/li>\n<li><strong>850mAh wiederaufladbaren Akku<\/strong> (Type-C-Ladung)<\/li>\n<li><strong>Dual-Mesh-Spule<\/strong> f\u00fcr gleichm\u00e4\u00dfige Erhitzung und stabilen Geschmack<\/li>\n<li><strong>Einstellbarer Luftstrom<\/strong> um Ihren bevorzugten Zug anzupassen<\/li>\n<li><strong>1\u03a9 Widerstand<\/strong><\/li>\n<li><strong>Kristall-Stil Design<\/strong> mit einem hochwertigen, klaren Look<\/li>\n<\/ul>\n<h3><strong>Warum Sie Sakura Traube lieben werden<\/strong><\/h3>\n<p>Wenn Sie Traubengeschmack m\u00f6gen, aber etwas mehrschichtiges w\u00fcnschen, bietet Sakura Traube einen sanften blumigen Auftrieb, der das Profil frisch und interessant h\u00e4lt. Es ist s\u00fc\u00df, aromatisch und sauber im Abgang\u2014wie Traubenbonbons, die durch Fr\u00fchlingsbl\u00fctennoten gemildert werden.<\/p>\n<p>Entdecken Sie mehr Geschm\u00e4cker und das gesamte Sortiment auf <a href=\"https:\/\/fumot.uk\/de\/\">fumot.uk<\/a>. Wenn Sie diese Serie einkaufen, k\u00f6nnen Sie auch die <a href=\"https:\/\/fumot.uk\/de\/product-category\/jnr-falcon-16000-puffs\/\">JNR Falcon 16000 Z\u00fcge Kollektion<\/a> f\u00fcr zus\u00e4tzliche Optionen durchsuchen.<\/p>","protected":false},"excerpt":{"rendered":"<p>JNR Falcon 16000 Z\u00fcge Sakura Traube Einweg-E-Zigaretten mit 22ml E-Liquid, Dual Mesh Coil, einstellbarem Luftstrom und 850mAh Type-C wiederaufladbarem Akku. Nikotin: 2% oder 5%.<\/p>","protected":false},"featured_media":3890,"comment_status":"open","ping_status":"closed","template":"","meta":[],"product_brand":[],"product_cat":[191,192,17],"product_tag":[193,20,21,113,72,73,39,26,62,28],"class_list":{"0":"post-3837","1":"product","2":"type-product","3":"status-publish","4":"has-post-thumbnail","6":"product_cat-16000-puff","7":"product_cat-jnr-falcon-16000-puffs","8":"product_cat-vape","9":"product_tag-22ml","10":"product_tag-850mah","11":"product_tag-adjustable-airflow","12":"product_tag-crystal-vape","13":"product_tag-direct-to-lung","14":"product_tag-dual-mesh","15":"product_tag-grape","16":"product_tag-rechargeable","17":"product_tag-sale-vape","18":"product_tag-type-c","20":"first","21":"instock","22":"sale","23":"shipping-taxable","24":"purchasable","25":"product-type-variable","26":"has-default-attributes"},"yoast_head":"<!-- This site is optimized with the Yoast SEO plugin v26.8 - https:\/\/yoast.com\/product\/yoast-seo-wordpress\/ -->\n<title>JNR Falcon 16000 Sakura Grape | 22ml Dual Mesh Vape<\/title>\n<meta name=\"description\" content=\"JNR Falcon 16000 Puffs Sakura Grape: 22ml e-liquid, Dual Mesh Coil, adjustable airflow, 850mAh Type-C rechargeable. Choose 2% or 5% nicotine.\" \/>\n<meta name=\"robots\" content=\"index, follow, max-snippet:-1, max-image-preview:large, max-video-preview:-1\" \/>\n<link rel=\"canonical\" href=\"https:\/\/fumot.uk\/de\/product\/jnr-falcon-16000-puffs-sakura-grape\/\" \/>\n<meta property=\"og:locale\" content=\"de_DE\" \/>\n<meta property=\"og:type\" content=\"article\" \/>\n<meta property=\"og:title\" content=\"JNR Falcon 16000 Sakura Grape \u2014 Floral Grape Disposable Vape\" \/>\n<meta property=\"og:description\" content=\"A juicy grape flavour with a soft sakura blossom finish. 22ml, Dual Mesh Coil, adjustable airflow, 850mAh Type-C rechargeable. 2% or 5% nicotine.\" \/>\n<meta property=\"og:url\" content=\"https:\/\/fumot.uk\/de\/product\/jnr-falcon-16000-puffs-sakura-grape\/\" \/>\n<meta property=\"og:site_name\" content=\"Fumot Official Direct | Straight from the Factory, 100% Genuine\" \/>\n<meta property=\"article:modified_time\" content=\"2026-01-21T08:40:32+00:00\" \/>\n<meta property=\"og:image\" content=\"https:\/\/fumot.uk\/wp-content\/uploads\/2026\/01\/Sakura-Grape-JNR-Falcon-16000-Puffs-Disposable-Vape-1024x1024.jpg\" \/>\n\t<meta property=\"og:image:width\" content=\"1024\" \/>\n\t<meta property=\"og:image:height\" content=\"1024\" \/>\n\t<meta property=\"og:image:type\" content=\"image\/jpeg\" \/>\n<meta name=\"twitter:card\" content=\"summary_large_image\" \/>\n<meta name=\"twitter:label1\" content=\"Gesch\u00e4tzte Lesezeit\" \/>\n\t<meta name=\"twitter:data1\" content=\"1\u00a0Minute\" \/>\n<script type=\"application\/ld+json\" class=\"yoast-schema-graph\">{\"@context\":\"https:\/\/schema.org\",\"@graph\":[{\"@type\":\"WebPage\",\"@id\":\"https:\/\/fumot.uk\/product\/jnr-falcon-16000-puffs-sakura-grape\/\",\"url\":\"https:\/\/fumot.uk\/product\/jnr-falcon-16000-puffs-sakura-grape\/\",\"name\":\"JNR Falcon 16000 Sakura Grape | 22ml Dual Mesh Vape\",\"isPartOf\":{\"@id\":\"https:\/\/fumot.uk\/#website\"},\"primaryImageOfPage\":{\"@id\":\"https:\/\/fumot.uk\/product\/jnr-falcon-16000-puffs-sakura-grape\/#primaryimage\"},\"image\":{\"@id\":\"https:\/\/fumot.uk\/product\/jnr-falcon-16000-puffs-sakura-grape\/#primaryimage\"},\"thumbnailUrl\":\"https:\/\/fumot.uk\/wp-content\/uploads\/2026\/01\/Sakura-Grape-JNR-Falcon-16000-Puffs-Disposable-Vape.jpg\",\"datePublished\":\"2026-01-21T04:04:58+00:00\",\"dateModified\":\"2026-01-21T08:40:32+00:00\",\"description\":\"JNR Falcon 16000 Puffs Sakura Grape: 22ml e-liquid, Dual Mesh Coil, adjustable airflow, 850mAh Type-C rechargeable. Choose 2% or 5% nicotine.\",\"breadcrumb\":{\"@id\":\"https:\/\/fumot.uk\/product\/jnr-falcon-16000-puffs-sakura-grape\/#breadcrumb\"},\"inLanguage\":\"de\",\"potentialAction\":[{\"@type\":\"ReadAction\",\"target\":[\"https:\/\/fumot.uk\/product\/jnr-falcon-16000-puffs-sakura-grape\/\"]}]},{\"@type\":\"ImageObject\",\"inLanguage\":\"de\",\"@id\":\"https:\/\/fumot.uk\/product\/jnr-falcon-16000-puffs-sakura-grape\/#primaryimage\",\"url\":\"https:\/\/fumot.uk\/wp-content\/uploads\/2026\/01\/Sakura-Grape-JNR-Falcon-16000-Puffs-Disposable-Vape.jpg\",\"contentUrl\":\"https:\/\/fumot.uk\/wp-content\/uploads\/2026\/01\/Sakura-Grape-JNR-Falcon-16000-Puffs-Disposable-Vape.jpg\",\"width\":2500,\"height\":2500},{\"@type\":\"BreadcrumbList\",\"@id\":\"https:\/\/fumot.uk\/product\/jnr-falcon-16000-puffs-sakura-grape\/#breadcrumb\",\"itemListElement\":[{\"@type\":\"ListItem\",\"position\":1,\"name\":\"Home\",\"item\":\"https:\/\/fumot.uk\/\"},{\"@type\":\"ListItem\",\"position\":2,\"name\":\"Shop\",\"item\":\"https:\/\/fumot.uk\/shop\/\"},{\"@type\":\"ListItem\",\"position\":3,\"name\":\"JNR Falcon 16000 Puffs Sakura Grape Disposable Vape (22ml, Dual Mesh, Adjustable Airflow)\"}]},{\"@type\":\"WebSite\",\"@id\":\"https:\/\/fumot.uk\/#website\",\"url\":\"https:\/\/fumot.uk\/\",\"name\":\"Fumot Official Direct | Straight from the Factory, 100% Genuine\",\"description\":\"Official Website\",\"publisher\":{\"@id\":\"https:\/\/fumot.uk\/#organization\"},\"potentialAction\":[{\"@type\":\"SearchAction\",\"target\":{\"@type\":\"EntryPoint\",\"urlTemplate\":\"https:\/\/fumot.uk\/?s={search_term_string}\"},\"query-input\":{\"@type\":\"PropertyValueSpecification\",\"valueRequired\":true,\"valueName\":\"search_term_string\"}}],\"inLanguage\":\"de\"},{\"@type\":\"Organization\",\"@id\":\"https:\/\/fumot.uk\/#organization\",\"name\":\"Fumot Official Direct | Straight from the Factory, 100% Genuine\",\"url\":\"https:\/\/fumot.uk\/\",\"logo\":{\"@type\":\"ImageObject\",\"inLanguage\":\"de\",\"@id\":\"https:\/\/fumot.uk\/#\/schema\/logo\/image\/\",\"url\":\"https:\/\/fumot.uk\/wp-content\/uploads\/2026\/01\/cropped-fumot-logo1.png\",\"contentUrl\":\"https:\/\/fumot.uk\/wp-content\/uploads\/2026\/01\/cropped-fumot-logo1.png\",\"width\":152,\"height\":106,\"caption\":\"Fumot Official Direct | Straight from the Factory, 100% Genuine\"},\"image\":{\"@id\":\"https:\/\/fumot.uk\/#\/schema\/logo\/image\/\"}}]}<\/script>\n<!-- \/ Yoast SEO plugin. -->","yoast_head_json":{"title":"JNR Falcon 16000 Sakura Traube | 22ml Dual Mesh E-Zigaretten","description":"JNR Falcon 16000 Puffs Sakura Traube: 22ml E-Liquid, Dual Mesh Coil, einstellbarer Luftstrom, 850mAh Typ-C wiederaufladbar. W\u00e4hlen Sie 2% oder 5% Nikotin.","robots":{"index":"index","follow":"follow","max-snippet":"max-snippet:-1","max-image-preview":"max-image-preview:large","max-video-preview":"max-video-preview:-1"},"canonical":"https:\/\/fumot.uk\/de\/product\/jnr-falcon-16000-puffs-sakura-grape\/","og_locale":"de_DE","og_type":"article","og_title":"JNR Falcon 16000 Sakura Grape \u2014 Floral Grape Disposable Vape","og_description":"A juicy grape flavour with a soft sakura blossom finish. 22ml, Dual Mesh Coil, adjustable airflow, 850mAh Type-C rechargeable. 2% or 5% nicotine.","og_url":"https:\/\/fumot.uk\/de\/product\/jnr-falcon-16000-puffs-sakura-grape\/","og_site_name":"Fumot Official Direct | Straight from the Factory, 100% Genuine","article_modified_time":"2026-01-21T08:40:32+00:00","og_image":[{"width":1024,"height":1024,"url":"https:\/\/fumot.uk\/wp-content\/uploads\/2026\/01\/Sakura-Grape-JNR-Falcon-16000-Puffs-Disposable-Vape-1024x1024.jpg","type":"image\/jpeg"}],"twitter_card":"summary_large_image","twitter_misc":{"Gesch\u00e4tzte Lesezeit":"1\u00a0Minute"},"schema":{"@context":"https:\/\/schema.org","@graph":[{"@type":"WebPage","@id":"https:\/\/fumot.uk\/product\/jnr-falcon-16000-puffs-sakura-grape\/","url":"https:\/\/fumot.uk\/product\/jnr-falcon-16000-puffs-sakura-grape\/","name":"JNR Falcon 16000 Sakura Traube | 22ml Dual Mesh E-Zigaretten","isPartOf":{"@id":"https:\/\/fumot.uk\/#website"},"primaryImageOfPage":{"@id":"https:\/\/fumot.uk\/product\/jnr-falcon-16000-puffs-sakura-grape\/#primaryimage"},"image":{"@id":"https:\/\/fumot.uk\/product\/jnr-falcon-16000-puffs-sakura-grape\/#primaryimage"},"thumbnailUrl":"https:\/\/fumot.uk\/wp-content\/uploads\/2026\/01\/Sakura-Grape-JNR-Falcon-16000-Puffs-Disposable-Vape.jpg","datePublished":"2026-01-21T04:04:58+00:00","dateModified":"2026-01-21T08:40:32+00:00","description":"JNR Falcon 16000 Puffs Sakura Traube: 22ml E-Liquid, Dual Mesh Coil, einstellbarer Luftstrom, 850mAh Typ-C wiederaufladbar. W\u00e4hlen Sie 2% oder 5% Nikotin.","breadcrumb":{"@id":"https:\/\/fumot.uk\/product\/jnr-falcon-16000-puffs-sakura-grape\/#breadcrumb"},"inLanguage":"de","potentialAction":[{"@type":"ReadAction","target":["https:\/\/fumot.uk\/product\/jnr-falcon-16000-puffs-sakura-grape\/"]}]},{"@type":"ImageObject","inLanguage":"de","@id":"https:\/\/fumot.uk\/product\/jnr-falcon-16000-puffs-sakura-grape\/#primaryimage","url":"https:\/\/fumot.uk\/wp-content\/uploads\/2026\/01\/Sakura-Grape-JNR-Falcon-16000-Puffs-Disposable-Vape.jpg","contentUrl":"https:\/\/fumot.uk\/wp-content\/uploads\/2026\/01\/Sakura-Grape-JNR-Falcon-16000-Puffs-Disposable-Vape.jpg","width":2500,"height":2500},{"@type":"BreadcrumbList","@id":"https:\/\/fumot.uk\/product\/jnr-falcon-16000-puffs-sakura-grape\/#breadcrumb","itemListElement":[{"@type":"ListItem","position":1,"name":"Home","item":"https:\/\/fumot.uk\/"},{"@type":"ListItem","position":2,"name":"Shop","item":"https:\/\/fumot.uk\/shop\/"},{"@type":"ListItem","position":3,"name":"JNR Falcon 16000 Puffs Sakura Grape Disposable Vape (22ml, Dual Mesh, Adjustable Airflow)"}]},{"@type":"WebSite","@id":"https:\/\/fumot.uk\/#website","url":"https:\/\/fumot.uk\/","name":"Fumot Offizieller Direkt | Direkt aus der Fabrik, 100% Original","description":"Offizielle Webseite","publisher":{"@id":"https:\/\/fumot.uk\/#organization"},"potentialAction":[{"@type":"SearchAction","target":{"@type":"EntryPoint","urlTemplate":"https:\/\/fumot.uk\/?s={search_term_string}"},"query-input":{"@type":"PropertyValueSpecification","valueRequired":true,"valueName":"search_term_string"}}],"inLanguage":"de"},{"@type":"Organization","@id":"https:\/\/fumot.uk\/#organization","name":"Fumot Offizieller Direkt | Direkt aus der Fabrik, 100% Original","url":"https:\/\/fumot.uk\/","logo":{"@type":"ImageObject","inLanguage":"de","@id":"https:\/\/fumot.uk\/#\/schema\/logo\/image\/","url":"https:\/\/fumot.uk\/wp-content\/uploads\/2026\/01\/cropped-fumot-logo1.png","contentUrl":"https:\/\/fumot.uk\/wp-content\/uploads\/2026\/01\/cropped-fumot-logo1.png","width":152,"height":106,"caption":"Fumot Official Direct | Straight from the Factory, 100% Genuine"},"image":{"@id":"https:\/\/fumot.uk\/#\/schema\/logo\/image\/"}}]}},"_links":{"self":[{"href":"https:\/\/fumot.uk\/de\/wp-json\/wp\/v2\/product\/3837","targetHints":{"allow":["GET"]}}],"collection":[{"href":"https:\/\/fumot.uk\/de\/wp-json\/wp\/v2\/product"}],"about":[{"href":"https:\/\/fumot.uk\/de\/wp-json\/wp\/v2\/types\/product"}],"replies":[{"embeddable":true,"href":"https:\/\/fumot.uk\/de\/wp-json\/wp\/v2\/comments?post=3837"}],"wp:featuredmedia":[{"embeddable":true,"href":"https:\/\/fumot.uk\/de\/wp-json\/wp\/v2\/media\/3890"}],"wp:attachment":[{"href":"https:\/\/fumot.uk\/de\/wp-json\/wp\/v2\/media?parent=3837"}],"wp:term":[{"taxonomy":"product_brand","embeddable":true,"href":"https:\/\/fumot.uk\/de\/wp-json\/wp\/v2\/product_brand?post=3837"},{"taxonomy":"product_cat","embeddable":true,"href":"https:\/\/fumot.uk\/de\/wp-json\/wp\/v2\/product_cat?post=3837"},{"taxonomy":"product_tag","embeddable":true,"href":"https:\/\/fumot.uk\/de\/wp-json\/wp\/v2\/product_tag?post=3837"}],"curies":[{"name":"wp","href":"https:\/\/api.w.org\/{rel}","templated":true}]}}