{"id":3825,"date":"2026-01-21T04:04:55","date_gmt":"2026-01-21T04:04:55","guid":{"rendered":"https:\/\/fumot.uk\/?post_type=product&#038;p=3825"},"modified":"2026-01-21T09:12:17","modified_gmt":"2026-01-21T09:12:17","slug":"jnr-falcon-16000-puffs-blueberry-pomegranate-ice","status":"publish","type":"product","link":"https:\/\/fumot.uk\/de\/product\/jnr-falcon-16000-puffs-blueberry-pomegranate-ice\/","title":{"rendered":"JNR Falcon 16000 Z\u00fcge Blaubeere Granatapfel Eis Einweg-E-Zigaretten (22ml, Dual Mesh, Einstellbarer Luftstrom)"},"content":{"rendered":"<p><strong>JNR Falcon 16000 Z\u00fcge \u2013 Blaubeere Granatapfel Eis<\/strong> ist f\u00fcr langanhaltenden Geschmack und sanfte Leistung gebaut. Mit einem <strong>22ml E-Liquid-Kapazit\u00e4t<\/strong>, eine <strong>wiederaufladbaren 850mAh Akku<\/strong> (Type\u2011C), und einem <strong>Dual-Mesh-Spule<\/strong>, liefert es gleichm\u00e4\u00dfige Erhitzung und dichten, sauber schmeckenden Dampf vom ersten Zug bis zum letzten.<\/p>\n<p><strong>Geschmacksbeschreibung:<\/strong> <strong>Blaubeere Granatapfel Eis<\/strong> mischt reife, bonbonartige Blaubeers\u00fc\u00dfe mit dem hellen, leicht herben Punch von Granatapfel\u2014abgerundet mit einem knackigen <strong>eisigen Minz-Kick<\/strong>. Das Ergebnis ist eine lebendige Fruchtmischung, die erfrischend bleibt, ohne das Gleichgewicht zu \u00fcberw\u00e4ltigen.<\/p>\n<h3>Warum Sie es m\u00f6gen werden<\/h3>\n<ul>\n<li><strong>Bis zu 16000 Z\u00fcge<\/strong> f\u00fcr verl\u00e4ngerte Nutzung<\/li>\n<li><strong>Dual Mesh Coil-Technologie<\/strong> f\u00fcr gleichm\u00e4\u00dfige Erhitzung und volleren Geschmack<\/li>\n<li><strong>Einstellbarer Luftstrom<\/strong> um Ihren Zug feinabzustimmen (luftiger oder straffer)<\/li>\n<li><strong>22ml E-Liquid<\/strong> Kapazit\u00e4t<\/li>\n<li><strong>850mAh wiederaufladbaren Akku<\/strong> mit <strong>Type\u2011C<\/strong> Aufladen<\/li>\n<li><strong>1\u03a9 Widerstand<\/strong> optimiert f\u00fcr eine sanfte, gleichm\u00e4\u00dfige E-Zigaretten<\/li>\n<li><strong>Kristallhandwerksdesign<\/strong> f\u00fcr einen auff\u00e4lligen Look und komfortablen Griff<\/li>\n<\/ul>\n<h3>Nikotinoptionen<\/h3>\n<p>W\u00e4hlen Sie die St\u00e4rke, die zu Ihnen passt: <strong>2% oder 5% Nikotin<\/strong>.<\/p>\n<h3>Weitere Geschmacksrichtungen von JNR Falcon<\/h3>\n<p>M\u00f6chten Sie mehr Profile jenseits von Blaubeere und Granatapfel erkunden? Durchsuchen Sie die gesamte Serie auf <a href=\"https:\/\/fumot.uk\/de\/product-category\/jnr-falcon-16000-puffs\/\"><strong>fumot.uk \u2013 JNR Falcon 16000 Z\u00fcge Kollektion<\/strong><\/a> um Ihren n\u00e4chsten Favoriten f\u00fcr den ganzen Tag zu finden.<\/p>\n<p><em>Hinweis:<\/em> Die Anzahl der Z\u00fcge kann je nach Nutzungsgewohnheiten variieren.<\/p>","protected":false},"excerpt":{"rendered":"<p>Probieren Sie die kr\u00e4ftige Mischung aus Blaubeere und herber Granatapfel mit einem eisigen Minz-Finish. JNR Falcon 16000 bietet 22ml E-Liquid, Dual Mesh Coil, einstellbaren Luftstrom und einen wiederaufladbaren 850mAh Type-C Akku. Nikotin: 2% oder 5%.<\/p>","protected":false},"featured_media":3865,"comment_status":"open","ping_status":"closed","template":"","meta":[],"product_brand":[],"product_cat":[191,192,17],"product_tag":[193,20,21,33,113,72,73,29,54,26,62,28],"class_list":{"0":"post-3825","1":"product","2":"type-product","3":"status-publish","4":"has-post-thumbnail","6":"product_cat-16000-puff","7":"product_cat-jnr-falcon-16000-puffs","8":"product_cat-vape","9":"product_tag-22ml","10":"product_tag-850mah","11":"product_tag-adjustable-airflow","12":"product_tag-blueberry","13":"product_tag-crystal-vape","14":"product_tag-direct-to-lung","15":"product_tag-dual-mesh","16":"product_tag-ice","17":"product_tag-pomegranate","18":"product_tag-rechargeable","19":"product_tag-sale-vape","20":"product_tag-type-c","22":"first","23":"instock","24":"sale","25":"shipping-taxable","26":"purchasable","27":"product-type-variable","28":"has-default-attributes"},"yoast_head":"<!-- This site is optimized with the Yoast SEO plugin v26.8 - https:\/\/yoast.com\/product\/yoast-seo-wordpress\/ -->\n<title>JNR Falcon 16000 Blueberry Pomegranate Ice | 22ml<\/title>\n<meta name=\"description\" content=\"JNR Falcon 16000 Blueberry Pomegranate Ice: 22ml, Dual Mesh Coil, adjustable airflow, 850mAh Type\u2011C rechargeable. Choose 2% or 5% nicotine.\" \/>\n<meta name=\"robots\" content=\"index, follow, max-snippet:-1, max-image-preview:large, max-video-preview:-1\" \/>\n<link rel=\"canonical\" href=\"https:\/\/fumot.uk\/de\/product\/jnr-falcon-16000-puffs-blueberry-pomegranate-ice\/\" \/>\n<meta property=\"og:locale\" content=\"de_DE\" \/>\n<meta property=\"og:type\" content=\"article\" \/>\n<meta property=\"og:title\" content=\"JNR Falcon 16000 \u2013 Blueberry Pomegranate Ice (22ml, Dual Mesh)\" \/>\n<meta property=\"og:description\" content=\"Sweet blueberry meets bright pomegranate with a crisp icy finish. 16000 puffs, adjustable airflow, Dual Mesh Coil, 850mAh Type\u2011C rechargeable. 2%\/5%.\" \/>\n<meta property=\"og:url\" content=\"https:\/\/fumot.uk\/de\/product\/jnr-falcon-16000-puffs-blueberry-pomegranate-ice\/\" \/>\n<meta property=\"og:site_name\" content=\"Fumot Official Direct | Straight from the Factory, 100% Genuine\" \/>\n<meta property=\"article:modified_time\" content=\"2026-01-21T09:12:17+00:00\" \/>\n<meta property=\"og:image\" content=\"https:\/\/fumot.uk\/wp-content\/uploads\/2026\/01\/Blueberry-pomegranate-ice_JNR-Falcon-16000-Puffs-Disposable-Vape-1024x1024.jpg\" \/>\n\t<meta property=\"og:image:width\" content=\"1024\" \/>\n\t<meta property=\"og:image:height\" content=\"1024\" \/>\n\t<meta property=\"og:image:type\" content=\"image\/jpeg\" \/>\n<meta name=\"twitter:card\" content=\"summary_large_image\" \/>\n<meta name=\"twitter:label1\" content=\"Gesch\u00e4tzte Lesezeit\" \/>\n\t<meta name=\"twitter:data1\" content=\"1\u00a0Minute\" \/>\n<script type=\"application\/ld+json\" class=\"yoast-schema-graph\">{\"@context\":\"https:\/\/schema.org\",\"@graph\":[{\"@type\":\"WebPage\",\"@id\":\"https:\/\/fumot.uk\/product\/jnr-falcon-16000-puffs-blueberry-pomegranate-ice\/\",\"url\":\"https:\/\/fumot.uk\/product\/jnr-falcon-16000-puffs-blueberry-pomegranate-ice\/\",\"name\":\"JNR Falcon 16000 Blueberry Pomegranate Ice | 22ml\",\"isPartOf\":{\"@id\":\"https:\/\/fumot.uk\/#website\"},\"primaryImageOfPage\":{\"@id\":\"https:\/\/fumot.uk\/product\/jnr-falcon-16000-puffs-blueberry-pomegranate-ice\/#primaryimage\"},\"image\":{\"@id\":\"https:\/\/fumot.uk\/product\/jnr-falcon-16000-puffs-blueberry-pomegranate-ice\/#primaryimage\"},\"thumbnailUrl\":\"https:\/\/fumot.uk\/wp-content\/uploads\/2026\/01\/Blueberry-pomegranate-ice_JNR-Falcon-16000-Puffs-Disposable-Vape.jpg\",\"datePublished\":\"2026-01-21T04:04:55+00:00\",\"dateModified\":\"2026-01-21T09:12:17+00:00\",\"description\":\"JNR Falcon 16000 Blueberry Pomegranate Ice: 22ml, Dual Mesh Coil, adjustable airflow, 850mAh Type\u2011C rechargeable. Choose 2% or 5% nicotine.\",\"breadcrumb\":{\"@id\":\"https:\/\/fumot.uk\/product\/jnr-falcon-16000-puffs-blueberry-pomegranate-ice\/#breadcrumb\"},\"inLanguage\":\"de\",\"potentialAction\":[{\"@type\":\"ReadAction\",\"target\":[\"https:\/\/fumot.uk\/product\/jnr-falcon-16000-puffs-blueberry-pomegranate-ice\/\"]}]},{\"@type\":\"ImageObject\",\"inLanguage\":\"de\",\"@id\":\"https:\/\/fumot.uk\/product\/jnr-falcon-16000-puffs-blueberry-pomegranate-ice\/#primaryimage\",\"url\":\"https:\/\/fumot.uk\/wp-content\/uploads\/2026\/01\/Blueberry-pomegranate-ice_JNR-Falcon-16000-Puffs-Disposable-Vape.jpg\",\"contentUrl\":\"https:\/\/fumot.uk\/wp-content\/uploads\/2026\/01\/Blueberry-pomegranate-ice_JNR-Falcon-16000-Puffs-Disposable-Vape.jpg\",\"width\":2500,\"height\":2500},{\"@type\":\"BreadcrumbList\",\"@id\":\"https:\/\/fumot.uk\/product\/jnr-falcon-16000-puffs-blueberry-pomegranate-ice\/#breadcrumb\",\"itemListElement\":[{\"@type\":\"ListItem\",\"position\":1,\"name\":\"Home\",\"item\":\"https:\/\/fumot.uk\/\"},{\"@type\":\"ListItem\",\"position\":2,\"name\":\"Shop\",\"item\":\"https:\/\/fumot.uk\/shop\/\"},{\"@type\":\"ListItem\",\"position\":3,\"name\":\"JNR Falcon 16000 Puffs Blueberry Pomegranate Ice Disposable Vape (22ml, Dual Mesh, Adjustable Airflow)\"}]},{\"@type\":\"WebSite\",\"@id\":\"https:\/\/fumot.uk\/#website\",\"url\":\"https:\/\/fumot.uk\/\",\"name\":\"Fumot Official Direct | Straight from the Factory, 100% Genuine\",\"description\":\"Official Website\",\"publisher\":{\"@id\":\"https:\/\/fumot.uk\/#organization\"},\"potentialAction\":[{\"@type\":\"SearchAction\",\"target\":{\"@type\":\"EntryPoint\",\"urlTemplate\":\"https:\/\/fumot.uk\/?s={search_term_string}\"},\"query-input\":{\"@type\":\"PropertyValueSpecification\",\"valueRequired\":true,\"valueName\":\"search_term_string\"}}],\"inLanguage\":\"de\"},{\"@type\":\"Organization\",\"@id\":\"https:\/\/fumot.uk\/#organization\",\"name\":\"Fumot Official Direct | Straight from the Factory, 100% Genuine\",\"url\":\"https:\/\/fumot.uk\/\",\"logo\":{\"@type\":\"ImageObject\",\"inLanguage\":\"de\",\"@id\":\"https:\/\/fumot.uk\/#\/schema\/logo\/image\/\",\"url\":\"https:\/\/fumot.uk\/wp-content\/uploads\/2026\/01\/cropped-fumot-logo1.png\",\"contentUrl\":\"https:\/\/fumot.uk\/wp-content\/uploads\/2026\/01\/cropped-fumot-logo1.png\",\"width\":152,\"height\":106,\"caption\":\"Fumot Official Direct | Straight from the Factory, 100% Genuine\"},\"image\":{\"@id\":\"https:\/\/fumot.uk\/#\/schema\/logo\/image\/\"}}]}<\/script>\n<!-- \/ Yoast SEO plugin. -->","yoast_head_json":{"title":"JNR Falcon 16000 Blaubeere Granatapfel Eis | 22ml","description":"JNR Falcon 16000 Blaubeere Granatapfel Eis: 22ml, Dual Mesh Coil, einstellbarer Luftstrom, 850mAh Typ-C wiederaufladbar. W\u00e4hlen Sie 2% oder 5% Nikotin.","robots":{"index":"index","follow":"follow","max-snippet":"max-snippet:-1","max-image-preview":"max-image-preview:large","max-video-preview":"max-video-preview:-1"},"canonical":"https:\/\/fumot.uk\/de\/product\/jnr-falcon-16000-puffs-blueberry-pomegranate-ice\/","og_locale":"de_DE","og_type":"article","og_title":"JNR Falcon 16000 \u2013 Blueberry Pomegranate Ice (22ml, Dual Mesh)","og_description":"Sweet blueberry meets bright pomegranate with a crisp icy finish. 16000 puffs, adjustable airflow, Dual Mesh Coil, 850mAh Type\u2011C rechargeable. 2%\/5%.","og_url":"https:\/\/fumot.uk\/de\/product\/jnr-falcon-16000-puffs-blueberry-pomegranate-ice\/","og_site_name":"Fumot Official Direct | Straight from the Factory, 100% Genuine","article_modified_time":"2026-01-21T09:12:17+00:00","og_image":[{"width":1024,"height":1024,"url":"https:\/\/fumot.uk\/wp-content\/uploads\/2026\/01\/Blueberry-pomegranate-ice_JNR-Falcon-16000-Puffs-Disposable-Vape-1024x1024.jpg","type":"image\/jpeg"}],"twitter_card":"summary_large_image","twitter_misc":{"Gesch\u00e4tzte Lesezeit":"1\u00a0Minute"},"schema":{"@context":"https:\/\/schema.org","@graph":[{"@type":"WebPage","@id":"https:\/\/fumot.uk\/product\/jnr-falcon-16000-puffs-blueberry-pomegranate-ice\/","url":"https:\/\/fumot.uk\/product\/jnr-falcon-16000-puffs-blueberry-pomegranate-ice\/","name":"JNR Falcon 16000 Blaubeere Granatapfel Eis | 22ml","isPartOf":{"@id":"https:\/\/fumot.uk\/#website"},"primaryImageOfPage":{"@id":"https:\/\/fumot.uk\/product\/jnr-falcon-16000-puffs-blueberry-pomegranate-ice\/#primaryimage"},"image":{"@id":"https:\/\/fumot.uk\/product\/jnr-falcon-16000-puffs-blueberry-pomegranate-ice\/#primaryimage"},"thumbnailUrl":"https:\/\/fumot.uk\/wp-content\/uploads\/2026\/01\/Blueberry-pomegranate-ice_JNR-Falcon-16000-Puffs-Disposable-Vape.jpg","datePublished":"2026-01-21T04:04:55+00:00","dateModified":"2026-01-21T09:12:17+00:00","description":"JNR Falcon 16000 Blaubeere Granatapfel Eis: 22ml, Dual Mesh Coil, einstellbarer Luftstrom, 850mAh Typ-C wiederaufladbar. W\u00e4hlen Sie 2% oder 5% Nikotin.","breadcrumb":{"@id":"https:\/\/fumot.uk\/product\/jnr-falcon-16000-puffs-blueberry-pomegranate-ice\/#breadcrumb"},"inLanguage":"de","potentialAction":[{"@type":"ReadAction","target":["https:\/\/fumot.uk\/product\/jnr-falcon-16000-puffs-blueberry-pomegranate-ice\/"]}]},{"@type":"ImageObject","inLanguage":"de","@id":"https:\/\/fumot.uk\/product\/jnr-falcon-16000-puffs-blueberry-pomegranate-ice\/#primaryimage","url":"https:\/\/fumot.uk\/wp-content\/uploads\/2026\/01\/Blueberry-pomegranate-ice_JNR-Falcon-16000-Puffs-Disposable-Vape.jpg","contentUrl":"https:\/\/fumot.uk\/wp-content\/uploads\/2026\/01\/Blueberry-pomegranate-ice_JNR-Falcon-16000-Puffs-Disposable-Vape.jpg","width":2500,"height":2500},{"@type":"BreadcrumbList","@id":"https:\/\/fumot.uk\/product\/jnr-falcon-16000-puffs-blueberry-pomegranate-ice\/#breadcrumb","itemListElement":[{"@type":"ListItem","position":1,"name":"Home","item":"https:\/\/fumot.uk\/"},{"@type":"ListItem","position":2,"name":"Shop","item":"https:\/\/fumot.uk\/shop\/"},{"@type":"ListItem","position":3,"name":"JNR Falcon 16000 Puffs Blueberry Pomegranate Ice Disposable Vape (22ml, Dual Mesh, Adjustable Airflow)"}]},{"@type":"WebSite","@id":"https:\/\/fumot.uk\/#website","url":"https:\/\/fumot.uk\/","name":"Fumot Offizieller Direkt | Direkt aus der Fabrik, 100% Original","description":"Offizielle Webseite","publisher":{"@id":"https:\/\/fumot.uk\/#organization"},"potentialAction":[{"@type":"SearchAction","target":{"@type":"EntryPoint","urlTemplate":"https:\/\/fumot.uk\/?s={search_term_string}"},"query-input":{"@type":"PropertyValueSpecification","valueRequired":true,"valueName":"search_term_string"}}],"inLanguage":"de"},{"@type":"Organization","@id":"https:\/\/fumot.uk\/#organization","name":"Fumot Offizieller Direkt | Direkt aus der Fabrik, 100% Original","url":"https:\/\/fumot.uk\/","logo":{"@type":"ImageObject","inLanguage":"de","@id":"https:\/\/fumot.uk\/#\/schema\/logo\/image\/","url":"https:\/\/fumot.uk\/wp-content\/uploads\/2026\/01\/cropped-fumot-logo1.png","contentUrl":"https:\/\/fumot.uk\/wp-content\/uploads\/2026\/01\/cropped-fumot-logo1.png","width":152,"height":106,"caption":"Fumot Official Direct | Straight from the Factory, 100% Genuine"},"image":{"@id":"https:\/\/fumot.uk\/#\/schema\/logo\/image\/"}}]}},"_links":{"self":[{"href":"https:\/\/fumot.uk\/de\/wp-json\/wp\/v2\/product\/3825","targetHints":{"allow":["GET"]}}],"collection":[{"href":"https:\/\/fumot.uk\/de\/wp-json\/wp\/v2\/product"}],"about":[{"href":"https:\/\/fumot.uk\/de\/wp-json\/wp\/v2\/types\/product"}],"replies":[{"embeddable":true,"href":"https:\/\/fumot.uk\/de\/wp-json\/wp\/v2\/comments?post=3825"}],"wp:featuredmedia":[{"embeddable":true,"href":"https:\/\/fumot.uk\/de\/wp-json\/wp\/v2\/media\/3865"}],"wp:attachment":[{"href":"https:\/\/fumot.uk\/de\/wp-json\/wp\/v2\/media?parent=3825"}],"wp:term":[{"taxonomy":"product_brand","embeddable":true,"href":"https:\/\/fumot.uk\/de\/wp-json\/wp\/v2\/product_brand?post=3825"},{"taxonomy":"product_cat","embeddable":true,"href":"https:\/\/fumot.uk\/de\/wp-json\/wp\/v2\/product_cat?post=3825"},{"taxonomy":"product_tag","embeddable":true,"href":"https:\/\/fumot.uk\/de\/wp-json\/wp\/v2\/product_tag?post=3825"}],"curies":[{"name":"wp","href":"https:\/\/api.w.org\/{rel}","templated":true}]}}