{"id":382,"date":"2026-01-20T02:43:46","date_gmt":"2026-01-20T02:43:46","guid":{"rendered":"https:\/\/fumot.uk\/?post_type=product&#038;p=382"},"modified":"2026-01-20T07:05:44","modified_gmt":"2026-01-20T07:05:44","slug":"raspberry-watermelon-randm-tornado-12000-puffs","status":"publish","type":"product","link":"https:\/\/fumot.uk\/de\/product\/raspberry-watermelon-randm-tornado-12000-puffs\/","title":{"rendered":"Himbeer-Wassermelone RandM Tornado 12000 Z\u00fcge Einweg-E-Zigaretten \u2013 20ml, LED-Anzeige, 850mAh Wiederaufladbar"},"content":{"rendered":"<p><strong>Himbeer-Wassermelone RandM Tornado 12000 Z\u00fcge<\/strong> liefert eine helle, sommerliche Fruchtmischung mit einem sanften, gleichm\u00e4\u00dfigen Zug. Jedes Ger\u00e4t ist vorgef\u00fcllt mit <strong>20ml E-Liquid<\/strong> und betrieben durch eine <strong>wiederaufladbaren 850mAh Akku<\/strong>, entwickelt f\u00fcr eine l\u00e4ngere Nutzung. Die <strong>intelligente LED-Anzeige<\/strong> zeigt Batteriestand und E-Liquid-Level auf einen Blick, w\u00e4hrend die <strong>Mesh-Spule<\/strong> hilft, den reinen Geschmack und gleichm\u00e4\u00dfigen Dampf vom ersten bis zum letzten Zug zu erhalten.<\/p>\n<p><strong>Geschmacksprofil: Himbeere Wassermelone<\/strong><br \/>Knackige Wassermelonen-Noten bringen eine saftige Frische, ausbalanciert durch die s\u00fc\u00df-s\u00e4uerliche Note der Himbeere. Das Ergebnis ist ein fruchtiger, erfrischender Geschmack, der leicht und lebendig bleibt \u2013 ideal, wenn Sie etwas Unkompliziertes und geschmacksbetontes m\u00f6chten, ohne dass es schwer wirkt.<\/p>\n<h3>Hauptmerkmale<\/h3>\n<ul>\n<li><strong>Bis zu 12000 Z\u00fcge<\/strong> pro Ger\u00e4t<\/li>\n<li><strong>20ml<\/strong> vorgef\u00fcllte E-Liquid-Kapazit\u00e4t<\/li>\n<li><strong>Nikotinsalz-Optionen:<\/strong> 0% \/ 2% \/ 3% \/ 5%<\/li>\n<li><strong>LED-Display<\/strong> f\u00fcr Batterie- &amp; E-Liquid-Status<\/li>\n<li><strong>Wiederaufladbar<\/strong> <strong>850mAh<\/strong> eingebaute Batterie<\/li>\n<li><strong>Mesh-Spule<\/strong> f\u00fcr einen sanfteren, gleichm\u00e4\u00dfigeren Geschmack<\/li>\n<li><strong>Typ-C<\/strong> Ladeunterst\u00fctzung (Kabel nicht immer enthalten)<\/li>\n<li><strong>40 Geschmacksrichtungen<\/strong> erh\u00e4ltlich in der RandM Tornado 12000-Serie<\/li>\n<\/ul>\n<h3>F\u00fcr wen es ist<\/h3>\n<ul>\n<li>Fans von <strong>fruchtigen Einweg-E-Zigaretten<\/strong> auf der Suche nach einer knackigen, erfrischenden Option f\u00fcr den ganzen Tag<\/li>\n<li>Dampfer, die eine einfache \u00dcberwachung mit einer <strong>Batterie- und E-Liquid-Anzeige bevorzugen<\/strong><\/li>\n<li>Jeder, der eine <strong>wiederaufladbare Einweg-E-Zigarette<\/strong> mit einer langanhaltenden E-Liquid-Kapazit\u00e4t m\u00f6chte<\/li>\n<\/ul>\n<p>Entdecken Sie weitere Geschmacksrichtungen und das gesamte Sortiment von <strong>RandM Tornado 12000 Z\u00fcge<\/strong> auf unserer Website: <strong><a href=\"https:\/\/fumot.uk\/de\/\">fumot.uk<\/a><\/strong>. Suchen Sie speziell nach weiteren Fruchtmischungen? St\u00f6bern Sie in unseren neuesten Ank\u00fcnften und Bestsellern unter <strong><a href=\"https:\/\/fumot.uk\/de\/\">fumot.uk<\/a><\/strong> f\u00fcr weitere Optionen.<\/p>\n<p><strong>Hinweis:<\/strong> Die Puff-Anzahl ist eine Sch\u00e4tzung und kann je nach Nutzungsstil variieren.<\/p>","protected":false},"excerpt":{"rendered":"<p>Himbeere Wassermelone RandM Tornado 12000 Z\u00fcge Einweg-E-Zigaretten mit 20ml E-Liquid, Mesh-Spule, LED-Anzeige f\u00fcr Batterie\/E-Liquid und 850mAh wiederaufladbarem Akku. Nikotin: 0\/2\/3\/5%.<\/p>","protected":false},"featured_media":424,"comment_status":"open","ping_status":"closed","template":"","meta":[],"product_brand":[],"product_cat":[58,59,17],"product_tag":[60,20,23,25,34,26,62,28,32],"class_list":{"0":"post-382","1":"product","2":"type-product","3":"status-publish","4":"has-post-thumbnail","6":"product_cat-12000-puff","7":"product_cat-randm-tornado-12000-puffs","8":"product_cat-vape","9":"product_tag-20ml","10":"product_tag-850mah","11":"product_tag-display","12":"product_tag-mesh-coil","13":"product_tag-raspberry","14":"product_tag-rechargeable","15":"product_tag-sale-vape","16":"product_tag-type-c","17":"product_tag-watermelon","19":"first","20":"instock","21":"sale","22":"shipping-taxable","23":"purchasable","24":"product-type-variable","25":"has-default-attributes"},"yoast_head":"<!-- This site is optimized with the Yoast SEO plugin v26.8 - https:\/\/yoast.com\/product\/yoast-seo-wordpress\/ -->\n<title>Raspberry Watermelon RandM Tornado 12000 Puffs<\/title>\n<meta name=\"description\" content=\"Raspberry Watermelon RandM Tornado 12000: 20ml e-liquid, up to 12000 puffs, mesh coil, LED display, 850mAh rechargeable. Nicotine 0\/2\/3\/5%.\" \/>\n<meta name=\"robots\" content=\"index, follow, max-snippet:-1, max-image-preview:large, max-video-preview:-1\" \/>\n<link rel=\"canonical\" href=\"https:\/\/fumot.uk\/de\/product\/raspberry-watermelon-randm-tornado-12000-puffs\/\" \/>\n<meta property=\"og:locale\" content=\"de_DE\" \/>\n<meta property=\"og:type\" content=\"article\" \/>\n<meta property=\"og:title\" content=\"Raspberry Watermelon RandM Tornado 12000 Puffs \u2013 20ml &amp; LED Display\" \/>\n<meta property=\"og:description\" content=\"Juicy watermelon with sweet-tart raspberry. RandM Tornado 12000 with 20ml e-liquid, mesh coil, LED battery\/e-liquid display, and 850mAh rechargeable power.\" \/>\n<meta property=\"og:url\" content=\"https:\/\/fumot.uk\/de\/product\/raspberry-watermelon-randm-tornado-12000-puffs\/\" \/>\n<meta property=\"og:site_name\" content=\"Fumot Official Direct | Straight from the Factory, 100% Genuine\" \/>\n<meta property=\"article:modified_time\" content=\"2026-01-20T07:05:44+00:00\" \/>\n<meta property=\"og:image\" content=\"https:\/\/fumot.uk\/wp-content\/uploads\/2026\/01\/Randm-Tornado-12000-Puffs-Raspberry-watermelon-Disposable-Vape-scaled-1.jpg\" \/>\n\t<meta property=\"og:image:width\" content=\"2560\" \/>\n\t<meta property=\"og:image:height\" content=\"2560\" \/>\n\t<meta property=\"og:image:type\" content=\"image\/jpeg\" \/>\n<meta name=\"twitter:card\" content=\"summary_large_image\" \/>\n<meta name=\"twitter:label1\" content=\"Gesch\u00e4tzte Lesezeit\" \/>\n\t<meta name=\"twitter:data1\" content=\"2\u00a0Minuten\" \/>\n<script type=\"application\/ld+json\" class=\"yoast-schema-graph\">{\"@context\":\"https:\/\/schema.org\",\"@graph\":[{\"@type\":\"WebPage\",\"@id\":\"https:\/\/fumot.uk\/product\/raspberry-watermelon-randm-tornado-12000-puffs\/\",\"url\":\"https:\/\/fumot.uk\/product\/raspberry-watermelon-randm-tornado-12000-puffs\/\",\"name\":\"Raspberry Watermelon RandM Tornado 12000 Puffs\",\"isPartOf\":{\"@id\":\"https:\/\/fumot.uk\/#website\"},\"primaryImageOfPage\":{\"@id\":\"https:\/\/fumot.uk\/product\/raspberry-watermelon-randm-tornado-12000-puffs\/#primaryimage\"},\"image\":{\"@id\":\"https:\/\/fumot.uk\/product\/raspberry-watermelon-randm-tornado-12000-puffs\/#primaryimage\"},\"thumbnailUrl\":\"https:\/\/fumot.uk\/wp-content\/uploads\/2026\/01\/Randm-Tornado-12000-Puffs-Raspberry-watermelon-Disposable-Vape-scaled-1.jpg\",\"datePublished\":\"2026-01-20T02:43:46+00:00\",\"dateModified\":\"2026-01-20T07:05:44+00:00\",\"description\":\"Raspberry Watermelon RandM Tornado 12000: 20ml e-liquid, up to 12000 puffs, mesh coil, LED display, 850mAh rechargeable. Nicotine 0\/2\/3\/5%.\",\"breadcrumb\":{\"@id\":\"https:\/\/fumot.uk\/product\/raspberry-watermelon-randm-tornado-12000-puffs\/#breadcrumb\"},\"inLanguage\":\"de\",\"potentialAction\":[{\"@type\":\"ReadAction\",\"target\":[\"https:\/\/fumot.uk\/product\/raspberry-watermelon-randm-tornado-12000-puffs\/\"]}]},{\"@type\":\"ImageObject\",\"inLanguage\":\"de\",\"@id\":\"https:\/\/fumot.uk\/product\/raspberry-watermelon-randm-tornado-12000-puffs\/#primaryimage\",\"url\":\"https:\/\/fumot.uk\/wp-content\/uploads\/2026\/01\/Randm-Tornado-12000-Puffs-Raspberry-watermelon-Disposable-Vape-scaled-1.jpg\",\"contentUrl\":\"https:\/\/fumot.uk\/wp-content\/uploads\/2026\/01\/Randm-Tornado-12000-Puffs-Raspberry-watermelon-Disposable-Vape-scaled-1.jpg\",\"width\":2560,\"height\":2560},{\"@type\":\"BreadcrumbList\",\"@id\":\"https:\/\/fumot.uk\/product\/raspberry-watermelon-randm-tornado-12000-puffs\/#breadcrumb\",\"itemListElement\":[{\"@type\":\"ListItem\",\"position\":1,\"name\":\"Home\",\"item\":\"https:\/\/fumot.uk\/\"},{\"@type\":\"ListItem\",\"position\":2,\"name\":\"Shop\",\"item\":\"https:\/\/fumot.uk\/shop\/\"},{\"@type\":\"ListItem\",\"position\":3,\"name\":\"Raspberry Watermelon RandM Tornado 12000 Puffs Disposable Vape \u2013 20ml, LED Display, 850mAh Rechargeable\"}]},{\"@type\":\"WebSite\",\"@id\":\"https:\/\/fumot.uk\/#website\",\"url\":\"https:\/\/fumot.uk\/\",\"name\":\"Fumot Official Direct | Straight from the Factory, 100% Genuine\",\"description\":\"Official Website\",\"publisher\":{\"@id\":\"https:\/\/fumot.uk\/#organization\"},\"potentialAction\":[{\"@type\":\"SearchAction\",\"target\":{\"@type\":\"EntryPoint\",\"urlTemplate\":\"https:\/\/fumot.uk\/?s={search_term_string}\"},\"query-input\":{\"@type\":\"PropertyValueSpecification\",\"valueRequired\":true,\"valueName\":\"search_term_string\"}}],\"inLanguage\":\"de\"},{\"@type\":\"Organization\",\"@id\":\"https:\/\/fumot.uk\/#organization\",\"name\":\"Fumot Official Direct | Straight from the Factory, 100% Genuine\",\"url\":\"https:\/\/fumot.uk\/\",\"logo\":{\"@type\":\"ImageObject\",\"inLanguage\":\"de\",\"@id\":\"https:\/\/fumot.uk\/#\/schema\/logo\/image\/\",\"url\":\"https:\/\/fumot.uk\/wp-content\/uploads\/2026\/01\/cropped-fumot-logo1.png\",\"contentUrl\":\"https:\/\/fumot.uk\/wp-content\/uploads\/2026\/01\/cropped-fumot-logo1.png\",\"width\":152,\"height\":106,\"caption\":\"Fumot Official Direct | Straight from the Factory, 100% Genuine\"},\"image\":{\"@id\":\"https:\/\/fumot.uk\/#\/schema\/logo\/image\/\"}}]}<\/script>\n<!-- \/ Yoast SEO plugin. -->","yoast_head_json":{"title":"Himbeer-Wassermelone RandM Tornado 12000 Z\u00fcge","description":"Himbeere Wassermelone RandM Tornado 12000: 20ml E-Liquid, bis zu 12000 Z\u00fcge, Mesh-Spule, LED-Anzeige, 850mAh wiederaufladbar. Nikotin 0\/2\/3\/5%.","robots":{"index":"index","follow":"follow","max-snippet":"max-snippet:-1","max-image-preview":"max-image-preview:large","max-video-preview":"max-video-preview:-1"},"canonical":"https:\/\/fumot.uk\/de\/product\/raspberry-watermelon-randm-tornado-12000-puffs\/","og_locale":"de_DE","og_type":"article","og_title":"Raspberry Watermelon RandM Tornado 12000 Puffs \u2013 20ml & LED Display","og_description":"Juicy watermelon with sweet-tart raspberry. RandM Tornado 12000 with 20ml e-liquid, mesh coil, LED battery\/e-liquid display, and 850mAh rechargeable power.","og_url":"https:\/\/fumot.uk\/de\/product\/raspberry-watermelon-randm-tornado-12000-puffs\/","og_site_name":"Fumot Official Direct | Straight from the Factory, 100% Genuine","article_modified_time":"2026-01-20T07:05:44+00:00","og_image":[{"width":2560,"height":2560,"url":"https:\/\/fumot.uk\/wp-content\/uploads\/2026\/01\/Randm-Tornado-12000-Puffs-Raspberry-watermelon-Disposable-Vape-scaled-1.jpg","type":"image\/jpeg"}],"twitter_card":"summary_large_image","twitter_misc":{"Gesch\u00e4tzte Lesezeit":"2\u00a0Minuten"},"schema":{"@context":"https:\/\/schema.org","@graph":[{"@type":"WebPage","@id":"https:\/\/fumot.uk\/product\/raspberry-watermelon-randm-tornado-12000-puffs\/","url":"https:\/\/fumot.uk\/product\/raspberry-watermelon-randm-tornado-12000-puffs\/","name":"Himbeer-Wassermelone RandM Tornado 12000 Z\u00fcge","isPartOf":{"@id":"https:\/\/fumot.uk\/#website"},"primaryImageOfPage":{"@id":"https:\/\/fumot.uk\/product\/raspberry-watermelon-randm-tornado-12000-puffs\/#primaryimage"},"image":{"@id":"https:\/\/fumot.uk\/product\/raspberry-watermelon-randm-tornado-12000-puffs\/#primaryimage"},"thumbnailUrl":"https:\/\/fumot.uk\/wp-content\/uploads\/2026\/01\/Randm-Tornado-12000-Puffs-Raspberry-watermelon-Disposable-Vape-scaled-1.jpg","datePublished":"2026-01-20T02:43:46+00:00","dateModified":"2026-01-20T07:05:44+00:00","description":"Himbeere Wassermelone RandM Tornado 12000: 20ml E-Liquid, bis zu 12000 Z\u00fcge, Mesh-Spule, LED-Anzeige, 850mAh wiederaufladbar. Nikotin 0\/2\/3\/5%.","breadcrumb":{"@id":"https:\/\/fumot.uk\/product\/raspberry-watermelon-randm-tornado-12000-puffs\/#breadcrumb"},"inLanguage":"de","potentialAction":[{"@type":"ReadAction","target":["https:\/\/fumot.uk\/product\/raspberry-watermelon-randm-tornado-12000-puffs\/"]}]},{"@type":"ImageObject","inLanguage":"de","@id":"https:\/\/fumot.uk\/product\/raspberry-watermelon-randm-tornado-12000-puffs\/#primaryimage","url":"https:\/\/fumot.uk\/wp-content\/uploads\/2026\/01\/Randm-Tornado-12000-Puffs-Raspberry-watermelon-Disposable-Vape-scaled-1.jpg","contentUrl":"https:\/\/fumot.uk\/wp-content\/uploads\/2026\/01\/Randm-Tornado-12000-Puffs-Raspberry-watermelon-Disposable-Vape-scaled-1.jpg","width":2560,"height":2560},{"@type":"BreadcrumbList","@id":"https:\/\/fumot.uk\/product\/raspberry-watermelon-randm-tornado-12000-puffs\/#breadcrumb","itemListElement":[{"@type":"ListItem","position":1,"name":"Home","item":"https:\/\/fumot.uk\/"},{"@type":"ListItem","position":2,"name":"Shop","item":"https:\/\/fumot.uk\/shop\/"},{"@type":"ListItem","position":3,"name":"Raspberry Watermelon RandM Tornado 12000 Puffs Disposable Vape \u2013 20ml, LED Display, 850mAh Rechargeable"}]},{"@type":"WebSite","@id":"https:\/\/fumot.uk\/#website","url":"https:\/\/fumot.uk\/","name":"Fumot Offizieller Direkt | Direkt aus der Fabrik, 100% Original","description":"Offizielle Webseite","publisher":{"@id":"https:\/\/fumot.uk\/#organization"},"potentialAction":[{"@type":"SearchAction","target":{"@type":"EntryPoint","urlTemplate":"https:\/\/fumot.uk\/?s={search_term_string}"},"query-input":{"@type":"PropertyValueSpecification","valueRequired":true,"valueName":"search_term_string"}}],"inLanguage":"de"},{"@type":"Organization","@id":"https:\/\/fumot.uk\/#organization","name":"Fumot Offizieller Direkt | Direkt aus der Fabrik, 100% Original","url":"https:\/\/fumot.uk\/","logo":{"@type":"ImageObject","inLanguage":"de","@id":"https:\/\/fumot.uk\/#\/schema\/logo\/image\/","url":"https:\/\/fumot.uk\/wp-content\/uploads\/2026\/01\/cropped-fumot-logo1.png","contentUrl":"https:\/\/fumot.uk\/wp-content\/uploads\/2026\/01\/cropped-fumot-logo1.png","width":152,"height":106,"caption":"Fumot Official Direct | Straight from the Factory, 100% Genuine"},"image":{"@id":"https:\/\/fumot.uk\/#\/schema\/logo\/image\/"}}]}},"_links":{"self":[{"href":"https:\/\/fumot.uk\/de\/wp-json\/wp\/v2\/product\/382","targetHints":{"allow":["GET"]}}],"collection":[{"href":"https:\/\/fumot.uk\/de\/wp-json\/wp\/v2\/product"}],"about":[{"href":"https:\/\/fumot.uk\/de\/wp-json\/wp\/v2\/types\/product"}],"replies":[{"embeddable":true,"href":"https:\/\/fumot.uk\/de\/wp-json\/wp\/v2\/comments?post=382"}],"wp:featuredmedia":[{"embeddable":true,"href":"https:\/\/fumot.uk\/de\/wp-json\/wp\/v2\/media\/424"}],"wp:attachment":[{"href":"https:\/\/fumot.uk\/de\/wp-json\/wp\/v2\/media?parent=382"}],"wp:term":[{"taxonomy":"product_brand","embeddable":true,"href":"https:\/\/fumot.uk\/de\/wp-json\/wp\/v2\/product_brand?post=382"},{"taxonomy":"product_cat","embeddable":true,"href":"https:\/\/fumot.uk\/de\/wp-json\/wp\/v2\/product_cat?post=382"},{"taxonomy":"product_tag","embeddable":true,"href":"https:\/\/fumot.uk\/de\/wp-json\/wp\/v2\/product_tag?post=382"}],"curies":[{"name":"wp","href":"https:\/\/api.w.org\/{rel}","templated":true}]}}