{"id":381,"date":"2026-01-20T02:43:46","date_gmt":"2026-01-20T02:43:46","guid":{"rendered":"https:\/\/fumot.uk\/?post_type=product&#038;p=381"},"modified":"2026-01-20T07:05:45","modified_gmt":"2026-01-20T07:05:45","slug":"watermelon-bubblegum-randm-tornado-12000-puffs","status":"publish","type":"product","link":"https:\/\/fumot.uk\/de\/product\/watermelon-bubblegum-randm-tornado-12000-puffs\/","title":{"rendered":"RAndM Tornado 12000 Z\u00fcge Wassermelone Kaugummi Einweg E-Zigaretten (20ml, 850mAh, LED-Anzeige)"},"content":{"rendered":"<p><strong>RAndM Tornado 12000 Z\u00fcge \u2013 Wassermelone Kaugummi<\/strong> liefert ein sanftes, geschmackvolles Dampferlebnis mit einem hellen, sommerlichen Twist. Diese <strong>Einweg-E-Zigaretten<\/strong> kombiniert modernes Design mit zuverl\u00e4ssiger Leistung und bietet eine gro\u00dfz\u00fcgige <strong>20ml E-Liquid<\/strong> Kapazit\u00e4t, eine integrierte <strong>850mAh wiederaufladbaren Akku<\/strong>, eine klare <strong>LED-Display<\/strong>, und fortschrittliche <strong>Mesh-Spule<\/strong> Technologie f\u00fcr gleichbleibenden Geschmack vom ersten bis zum letzten Zug.<\/p>\n<p><strong>Geschmack: Wassermelone Kaugummi<\/strong> mischt saftige Wassermelonen-S\u00fc\u00dfe mit einem klassischen Kaugummi-Abgang\u2014frisch, bonbonartig und angenehm nostalgisch. Erwarten Sie einen fruchtigen Inhalation mit einem weichen, s\u00fc\u00dfen Nachgeschmack, der sich wie eine Leckerei an einem warmen Tag anf\u00fchlt, ohne \u00fcberw\u00e4ltigend zu sein.<\/p>\n<h3>Hauptmerkmale<\/h3>\n<ul>\n<li><strong>Bis zu 12000 Z\u00fcge<\/strong> (ger\u00e4teabh\u00e4ngig)<\/li>\n<li><strong>20ml E-Liquid<\/strong> Kapazit\u00e4t<\/li>\n<li><strong>Nikotinsalz-Optionen:<\/strong> 0% \/ 2% \/ 3% \/ 5%<\/li>\n<li><strong>Mesh-Spule<\/strong> f\u00fcr sanften, gleichm\u00e4\u00dfigen Geschmack<\/li>\n<li><strong>850mAh eingebaute wiederaufladbare Batterie<\/strong><\/li>\n<li><strong>LED-Display<\/strong> f\u00fcr Batterie- &amp; E-Liquid-Status<\/li>\n<li><strong>Typ-C wiederaufladbar<\/strong> (Kabel nicht angegeben)<\/li>\n<li><strong>40 Geschmacksrichtungen verf\u00fcgbar<\/strong> in der RAndM Tornado 12000 Serie<\/li>\n<\/ul>\n<h3>Warum Sie es m\u00f6gen werden<\/h3>\n<p>Wenn Sie eine <strong>langlebige Einweg-E-Zigaretten<\/strong> mit einem einfachen, unkomplizierten Erlebnis ist die RAndM Tornado 12000 f\u00fcr den t\u00e4glichen Komfort gebaut. Das Display hilft Ihnen, den \u00dcberblick \u00fcber Leistung und E-Liquid auf einen Blick zu behalten, w\u00e4hrend die Mesh-Spule das Wassermelone-Kaugummi-Profil sauber, s\u00fc\u00df und konsistent h\u00e4lt.<\/p>\n<p>Entdecken Sie mehr Geschmacksrichtungen und Einweg-E-Zigaretten-Optionen auf <a href=\"https:\/\/fumot.uk\/de\/\">fumot.uk<\/a>. Suchen Sie nach \u00e4hnlichen s\u00fc\u00df-fruchtigen Profilen? Durchst\u00f6bern Sie unsere Kollektionen und entdecken Sie Ihre n\u00e4chste Alltags-E-Zigaretten.<\/p>","protected":false},"excerpt":{"rendered":"<p>RAndM Tornado 12000 Z\u00fcge Wassermelone Kaugummi: saftige Wassermelone + klassische Kaugummi-S\u00fc\u00dfe. 20ml E-Liquid, 850mAh wiederaufladbare Batterie, Mesh-Spule und LED-Anzeige.<\/p>","protected":false},"featured_media":423,"comment_status":"open","ping_status":"closed","template":"","meta":[],"product_brand":[],"product_cat":[58,59,17],"product_tag":[60,20,49,23,25,26,62,28,32],"class_list":{"0":"post-381","1":"product","2":"type-product","3":"status-publish","4":"has-post-thumbnail","6":"product_cat-12000-puff","7":"product_cat-randm-tornado-12000-puffs","8":"product_cat-vape","9":"product_tag-20ml","10":"product_tag-850mah","11":"product_tag-bubblegum","12":"product_tag-display","13":"product_tag-mesh-coil","14":"product_tag-rechargeable","15":"product_tag-sale-vape","16":"product_tag-type-c","17":"product_tag-watermelon","19":"first","20":"instock","21":"sale","22":"shipping-taxable","23":"purchasable","24":"product-type-variable","25":"has-default-attributes"},"yoast_head":"<!-- This site is optimized with the Yoast SEO plugin v26.8 - https:\/\/yoast.com\/product\/yoast-seo-wordpress\/ -->\n<title>RAndM Tornado 12000 Watermelon Bubblegum | 20ml<\/title>\n<meta name=\"description\" content=\"Shop RAndM Tornado 12000 Puffs Watermelon Bubblegum. 20ml e-liquid, 850mAh rechargeable battery, mesh coil &amp; LED display. Nicotine: 0\/2\/3\/5%.\" \/>\n<meta name=\"robots\" content=\"index, follow, max-snippet:-1, max-image-preview:large, max-video-preview:-1\" \/>\n<link rel=\"canonical\" href=\"https:\/\/fumot.uk\/de\/product\/watermelon-bubblegum-randm-tornado-12000-puffs\/\" \/>\n<meta property=\"og:locale\" content=\"de_DE\" \/>\n<meta property=\"og:type\" content=\"article\" \/>\n<meta property=\"og:title\" content=\"Watermelon Bubblegum \u2013 RAndM Tornado 12000 Puffs\" \/>\n<meta property=\"og:description\" content=\"A juicy watermelon inhale with a sweet bubblegum finish. 20ml, 850mAh rechargeable, mesh coil, and LED display\u2014available now on fumot.uk.\" \/>\n<meta property=\"og:url\" content=\"https:\/\/fumot.uk\/de\/product\/watermelon-bubblegum-randm-tornado-12000-puffs\/\" \/>\n<meta property=\"og:site_name\" content=\"Fumot Official Direct | Straight from the Factory, 100% Genuine\" \/>\n<meta property=\"article:modified_time\" content=\"2026-01-20T07:05:45+00:00\" \/>\n<meta property=\"og:image\" content=\"https:\/\/fumot.uk\/wp-content\/uploads\/2026\/01\/Randm-Tornado-12000-Puffs-Watermelon-bubble-gum-Disposable-Vape-scaled-1.jpg\" \/>\n\t<meta property=\"og:image:width\" content=\"2560\" \/>\n\t<meta property=\"og:image:height\" content=\"2560\" \/>\n\t<meta property=\"og:image:type\" content=\"image\/jpeg\" \/>\n<meta name=\"twitter:card\" content=\"summary_large_image\" \/>\n<meta name=\"twitter:label1\" content=\"Gesch\u00e4tzte Lesezeit\" \/>\n\t<meta name=\"twitter:data1\" content=\"2\u00a0Minuten\" \/>\n<script type=\"application\/ld+json\" class=\"yoast-schema-graph\">{\"@context\":\"https:\/\/schema.org\",\"@graph\":[{\"@type\":\"WebPage\",\"@id\":\"https:\/\/fumot.uk\/product\/watermelon-bubblegum-randm-tornado-12000-puffs\/\",\"url\":\"https:\/\/fumot.uk\/product\/watermelon-bubblegum-randm-tornado-12000-puffs\/\",\"name\":\"RAndM Tornado 12000 Watermelon Bubblegum | 20ml\",\"isPartOf\":{\"@id\":\"https:\/\/fumot.uk\/#website\"},\"primaryImageOfPage\":{\"@id\":\"https:\/\/fumot.uk\/product\/watermelon-bubblegum-randm-tornado-12000-puffs\/#primaryimage\"},\"image\":{\"@id\":\"https:\/\/fumot.uk\/product\/watermelon-bubblegum-randm-tornado-12000-puffs\/#primaryimage\"},\"thumbnailUrl\":\"https:\/\/fumot.uk\/wp-content\/uploads\/2026\/01\/Randm-Tornado-12000-Puffs-Watermelon-bubble-gum-Disposable-Vape-scaled-1.jpg\",\"datePublished\":\"2026-01-20T02:43:46+00:00\",\"dateModified\":\"2026-01-20T07:05:45+00:00\",\"description\":\"Shop RAndM Tornado 12000 Puffs Watermelon Bubblegum. 20ml e-liquid, 850mAh rechargeable battery, mesh coil & LED display. Nicotine: 0\/2\/3\/5%.\",\"breadcrumb\":{\"@id\":\"https:\/\/fumot.uk\/product\/watermelon-bubblegum-randm-tornado-12000-puffs\/#breadcrumb\"},\"inLanguage\":\"de\",\"potentialAction\":[{\"@type\":\"ReadAction\",\"target\":[\"https:\/\/fumot.uk\/product\/watermelon-bubblegum-randm-tornado-12000-puffs\/\"]}]},{\"@type\":\"ImageObject\",\"inLanguage\":\"de\",\"@id\":\"https:\/\/fumot.uk\/product\/watermelon-bubblegum-randm-tornado-12000-puffs\/#primaryimage\",\"url\":\"https:\/\/fumot.uk\/wp-content\/uploads\/2026\/01\/Randm-Tornado-12000-Puffs-Watermelon-bubble-gum-Disposable-Vape-scaled-1.jpg\",\"contentUrl\":\"https:\/\/fumot.uk\/wp-content\/uploads\/2026\/01\/Randm-Tornado-12000-Puffs-Watermelon-bubble-gum-Disposable-Vape-scaled-1.jpg\",\"width\":2560,\"height\":2560},{\"@type\":\"BreadcrumbList\",\"@id\":\"https:\/\/fumot.uk\/product\/watermelon-bubblegum-randm-tornado-12000-puffs\/#breadcrumb\",\"itemListElement\":[{\"@type\":\"ListItem\",\"position\":1,\"name\":\"Home\",\"item\":\"https:\/\/fumot.uk\/\"},{\"@type\":\"ListItem\",\"position\":2,\"name\":\"Shop\",\"item\":\"https:\/\/fumot.uk\/shop\/\"},{\"@type\":\"ListItem\",\"position\":3,\"name\":\"RAndM Tornado 12000 Puffs Watermelon Bubblegum Disposable Vape (20ml, 850mAh, LED Display)\"}]},{\"@type\":\"WebSite\",\"@id\":\"https:\/\/fumot.uk\/#website\",\"url\":\"https:\/\/fumot.uk\/\",\"name\":\"Fumot Official Direct | Straight from the Factory, 100% Genuine\",\"description\":\"Official Website\",\"publisher\":{\"@id\":\"https:\/\/fumot.uk\/#organization\"},\"potentialAction\":[{\"@type\":\"SearchAction\",\"target\":{\"@type\":\"EntryPoint\",\"urlTemplate\":\"https:\/\/fumot.uk\/?s={search_term_string}\"},\"query-input\":{\"@type\":\"PropertyValueSpecification\",\"valueRequired\":true,\"valueName\":\"search_term_string\"}}],\"inLanguage\":\"de\"},{\"@type\":\"Organization\",\"@id\":\"https:\/\/fumot.uk\/#organization\",\"name\":\"Fumot Official Direct | Straight from the Factory, 100% Genuine\",\"url\":\"https:\/\/fumot.uk\/\",\"logo\":{\"@type\":\"ImageObject\",\"inLanguage\":\"de\",\"@id\":\"https:\/\/fumot.uk\/#\/schema\/logo\/image\/\",\"url\":\"https:\/\/fumot.uk\/wp-content\/uploads\/2026\/01\/cropped-fumot-logo1.png\",\"contentUrl\":\"https:\/\/fumot.uk\/wp-content\/uploads\/2026\/01\/cropped-fumot-logo1.png\",\"width\":152,\"height\":106,\"caption\":\"Fumot Official Direct | Straight from the Factory, 100% Genuine\"},\"image\":{\"@id\":\"https:\/\/fumot.uk\/#\/schema\/logo\/image\/\"}}]}<\/script>\n<!-- \/ Yoast SEO plugin. -->","yoast_head_json":{"title":"RAndM Tornado 12000 Wassermelone Kaugummi | 20ml","description":"Kaufen Sie RAndM Tornado 12000 Z\u00fcge Wassermelone Kaugummi. 20ml E-Liquid, 850mAh wiederaufladbare Batterie, Mesh-Spule &amp; LED-Anzeige. Nikotin: 0\/2\/3\/5%.","robots":{"index":"index","follow":"follow","max-snippet":"max-snippet:-1","max-image-preview":"max-image-preview:large","max-video-preview":"max-video-preview:-1"},"canonical":"https:\/\/fumot.uk\/de\/product\/watermelon-bubblegum-randm-tornado-12000-puffs\/","og_locale":"de_DE","og_type":"article","og_title":"Watermelon Bubblegum \u2013 RAndM Tornado 12000 Puffs","og_description":"A juicy watermelon inhale with a sweet bubblegum finish. 20ml, 850mAh rechargeable, mesh coil, and LED display\u2014available now on fumot.uk.","og_url":"https:\/\/fumot.uk\/de\/product\/watermelon-bubblegum-randm-tornado-12000-puffs\/","og_site_name":"Fumot Official Direct | Straight from the Factory, 100% Genuine","article_modified_time":"2026-01-20T07:05:45+00:00","og_image":[{"width":2560,"height":2560,"url":"https:\/\/fumot.uk\/wp-content\/uploads\/2026\/01\/Randm-Tornado-12000-Puffs-Watermelon-bubble-gum-Disposable-Vape-scaled-1.jpg","type":"image\/jpeg"}],"twitter_card":"summary_large_image","twitter_misc":{"Gesch\u00e4tzte Lesezeit":"2\u00a0Minuten"},"schema":{"@context":"https:\/\/schema.org","@graph":[{"@type":"WebPage","@id":"https:\/\/fumot.uk\/product\/watermelon-bubblegum-randm-tornado-12000-puffs\/","url":"https:\/\/fumot.uk\/product\/watermelon-bubblegum-randm-tornado-12000-puffs\/","name":"RAndM Tornado 12000 Wassermelone Kaugummi | 20ml","isPartOf":{"@id":"https:\/\/fumot.uk\/#website"},"primaryImageOfPage":{"@id":"https:\/\/fumot.uk\/product\/watermelon-bubblegum-randm-tornado-12000-puffs\/#primaryimage"},"image":{"@id":"https:\/\/fumot.uk\/product\/watermelon-bubblegum-randm-tornado-12000-puffs\/#primaryimage"},"thumbnailUrl":"https:\/\/fumot.uk\/wp-content\/uploads\/2026\/01\/Randm-Tornado-12000-Puffs-Watermelon-bubble-gum-Disposable-Vape-scaled-1.jpg","datePublished":"2026-01-20T02:43:46+00:00","dateModified":"2026-01-20T07:05:45+00:00","description":"Kaufen Sie RAndM Tornado 12000 Z\u00fcge Wassermelone Kaugummi. 20ml E-Liquid, 850mAh wiederaufladbare Batterie, Mesh-Spule &amp; LED-Anzeige. Nikotin: 0\/2\/3\/5%.","breadcrumb":{"@id":"https:\/\/fumot.uk\/product\/watermelon-bubblegum-randm-tornado-12000-puffs\/#breadcrumb"},"inLanguage":"de","potentialAction":[{"@type":"ReadAction","target":["https:\/\/fumot.uk\/product\/watermelon-bubblegum-randm-tornado-12000-puffs\/"]}]},{"@type":"ImageObject","inLanguage":"de","@id":"https:\/\/fumot.uk\/product\/watermelon-bubblegum-randm-tornado-12000-puffs\/#primaryimage","url":"https:\/\/fumot.uk\/wp-content\/uploads\/2026\/01\/Randm-Tornado-12000-Puffs-Watermelon-bubble-gum-Disposable-Vape-scaled-1.jpg","contentUrl":"https:\/\/fumot.uk\/wp-content\/uploads\/2026\/01\/Randm-Tornado-12000-Puffs-Watermelon-bubble-gum-Disposable-Vape-scaled-1.jpg","width":2560,"height":2560},{"@type":"BreadcrumbList","@id":"https:\/\/fumot.uk\/product\/watermelon-bubblegum-randm-tornado-12000-puffs\/#breadcrumb","itemListElement":[{"@type":"ListItem","position":1,"name":"Home","item":"https:\/\/fumot.uk\/"},{"@type":"ListItem","position":2,"name":"Shop","item":"https:\/\/fumot.uk\/shop\/"},{"@type":"ListItem","position":3,"name":"RAndM Tornado 12000 Puffs Watermelon Bubblegum Disposable Vape (20ml, 850mAh, LED Display)"}]},{"@type":"WebSite","@id":"https:\/\/fumot.uk\/#website","url":"https:\/\/fumot.uk\/","name":"Fumot Offizieller Direkt | Direkt aus der Fabrik, 100% Original","description":"Offizielle Webseite","publisher":{"@id":"https:\/\/fumot.uk\/#organization"},"potentialAction":[{"@type":"SearchAction","target":{"@type":"EntryPoint","urlTemplate":"https:\/\/fumot.uk\/?s={search_term_string}"},"query-input":{"@type":"PropertyValueSpecification","valueRequired":true,"valueName":"search_term_string"}}],"inLanguage":"de"},{"@type":"Organization","@id":"https:\/\/fumot.uk\/#organization","name":"Fumot Offizieller Direkt | Direkt aus der Fabrik, 100% Original","url":"https:\/\/fumot.uk\/","logo":{"@type":"ImageObject","inLanguage":"de","@id":"https:\/\/fumot.uk\/#\/schema\/logo\/image\/","url":"https:\/\/fumot.uk\/wp-content\/uploads\/2026\/01\/cropped-fumot-logo1.png","contentUrl":"https:\/\/fumot.uk\/wp-content\/uploads\/2026\/01\/cropped-fumot-logo1.png","width":152,"height":106,"caption":"Fumot Official Direct | Straight from the Factory, 100% Genuine"},"image":{"@id":"https:\/\/fumot.uk\/#\/schema\/logo\/image\/"}}]}},"_links":{"self":[{"href":"https:\/\/fumot.uk\/de\/wp-json\/wp\/v2\/product\/381","targetHints":{"allow":["GET"]}}],"collection":[{"href":"https:\/\/fumot.uk\/de\/wp-json\/wp\/v2\/product"}],"about":[{"href":"https:\/\/fumot.uk\/de\/wp-json\/wp\/v2\/types\/product"}],"replies":[{"embeddable":true,"href":"https:\/\/fumot.uk\/de\/wp-json\/wp\/v2\/comments?post=381"}],"wp:featuredmedia":[{"embeddable":true,"href":"https:\/\/fumot.uk\/de\/wp-json\/wp\/v2\/media\/423"}],"wp:attachment":[{"href":"https:\/\/fumot.uk\/de\/wp-json\/wp\/v2\/media?parent=381"}],"wp:term":[{"taxonomy":"product_brand","embeddable":true,"href":"https:\/\/fumot.uk\/de\/wp-json\/wp\/v2\/product_brand?post=381"},{"taxonomy":"product_cat","embeddable":true,"href":"https:\/\/fumot.uk\/de\/wp-json\/wp\/v2\/product_cat?post=381"},{"taxonomy":"product_tag","embeddable":true,"href":"https:\/\/fumot.uk\/de\/wp-json\/wp\/v2\/product_tag?post=381"}],"curies":[{"name":"wp","href":"https:\/\/api.w.org\/{rel}","templated":true}]}}