{"id":3801,"date":"2026-01-21T04:04:33","date_gmt":"2026-01-21T04:04:33","guid":{"rendered":"https:\/\/fumot.uk\/?post_type=product&#038;p=3801"},"modified":"2026-01-21T09:13:31","modified_gmt":"2026-01-21T09:13:31","slug":"al-fakher-crown-bar-20000-puffs-blueberry-raspberry-blaubeere-himbeere-fruchtige-harmonie","status":"publish","type":"product","link":"https:\/\/fumot.uk\/de\/product\/al-fakher-crown-bar-20000-puffs-blueberry-raspberry-blaubeere-himbeere-fruchtige-harmonie\/","title":{"rendered":"AL FAKHER Crown Bar 20000 Z\u00fcge Blaubeere Himbeere (20ml, 850mAh, Einstellbarer Luftstrom)"},"content":{"rendered":"<p><strong>AL FAKHER Crown Bar 20000 Z\u00fcge \u2013 Blaubeere Himbeere<\/strong> kombiniert ein hochwertiges, gesch\u00e4ftsorientiertes Leder-Look-Finish mit einem mutigen, alltagstauglichen Beerenprofil. Entwickelt f\u00fcr einen sanften <strong>DTL (Direct-to-Lung)<\/strong> Zug, es verf\u00fcgt \u00fcber einen knackigen <strong>LED-Digitaldisplay<\/strong>, einem <strong>einstellbarem Luftstrom<\/strong> Schieber und eine reaktionsschnelle <strong>0,6\u03a9 Mesh-Coil<\/strong> um den Geschmack von der ersten bis zur letzten Inhalation sauber und konsistent zu halten.<\/p>\n<h3>Geschmack: Blaubeere Himbeere<\/h3>\n<p>Erwarten Sie die abgerundete S\u00fc\u00dfe von <strong>Blaubeere<\/strong> vorne, gefolgt von dem hellen, leicht s\u00e4uerlichen Auftrieb von <strong>Himbeere<\/strong>. Das Ergebnis ist ein ausgewogener Frucht-E-Zigaretten\u2014saftig, lebendig und erfrischend, ohne schwer zu schmecken.<\/p>\n<h3>Warum Sie es m\u00f6gen werden<\/h3>\n<ul>\n<li><strong>20.000+ Z\u00fcge<\/strong> f\u00fcr langanhaltenden Genuss*<\/li>\n<li><strong>20ml E-Liquid-Kapazit\u00e4t<\/strong> f\u00fcr verl\u00e4ngerte Nutzung<\/li>\n<li><strong>850mAh wiederaufladbaren Akku<\/strong> mit <strong>USB\u2011C Schnellladen<\/strong><\/li>\n<li><strong>0,6\u03a9 Mesh-Coil<\/strong> f\u00fcr volleren Geschmack und sanften Dampf<\/li>\n<li><strong>Einstellbarer Luftstrom<\/strong> um Ihren Zug fein abzustimmen<\/li>\n<li><strong>LED-Display<\/strong> f\u00fcr den Ger\u00e4testatus auf einen Blick<\/li>\n<li><strong>Nikotinoptionen:<\/strong> 0% \/ 2% \/ 3% \/ 5%<\/li>\n<\/ul>\n<h3>Produktspezifikationen<\/h3>\n<ul>\n<li><strong>Marke\/Serie:<\/strong> AL FAKHER Crown Bar<\/li>\n<li><strong>Typ:<\/strong> Wiederaufladbare Einweg-E-Zigaretten<\/li>\n<li><strong>Geschmack:<\/strong> Blaubeere Himbeere<\/li>\n<li><strong>Zuganzahl:<\/strong> 20000+*<\/li>\n<li><strong>E-Liquid:<\/strong> 20ml<\/li>\n<li><strong>Batterie:<\/strong> 850mAh<\/li>\n<li><strong>Laden:<\/strong> USB\u2011C<\/li>\n<li><strong>Spule:<\/strong> 0,6\u03a9 Mesh<\/li>\n<li><strong>Vaping-Stil:<\/strong> DTL (Direct to Lung)<\/li>\n<li><strong>Display:<\/strong> LED-Digitaldisplay<\/li>\n<li><strong>Luftstrom:<\/strong> Einstellbar<\/li>\n<li><strong>Nikotinst\u00e4rke:<\/strong> 0% \/ 2% \/ 3% \/ 5%<\/li>\n<\/ul>\n<p>Entdecken Sie mehr langlebige Optionen in unserer <a href=\"https:\/\/fumot.uk\/de\/product-tag\/20000-puff\/\">20000 Z\u00fcge E-Zigaretten<\/a> Kollektion, oder durchsuchen Sie die gesamte <a href=\"https:\/\/fumot.uk\/de\/product-tag\/al-fakher\/\">AL FAKHER Crown Bar<\/a> Sortiment auf <a href=\"https:\/\/fumot.uk\/de\/\">fumot.uk<\/a>.<\/p>\n<p><small>*Die Anzahl der Z\u00fcge ist ein Sch\u00e4tzwert und kann je nach Zugl\u00e4nge und Nutzungsstil variieren.<\/small><\/p>","protected":false},"excerpt":{"rendered":"<p>AL FAKHER Crown Bar 20000 Z\u00fcge in Blaubeere Himbeere: s\u00fc\u00dfe Blaubeere trifft auf herbe Himbeere mit einem sanften DTL-Zug, LED-Anzeige, einstellbarem Luftstrom, 20ml E-Liquid und USB-C wiederaufladbarem 850mAh Akku.<\/p>","protected":false},"featured_media":3850,"comment_status":"open","ping_status":"closed","template":"","meta":[],"product_brand":[],"product_cat":[68,190,17],"product_tag":[60,20,21,33,72,23,25,34,26,28],"class_list":{"0":"post-3801","1":"product","2":"type-product","3":"status-publish","4":"has-post-thumbnail","6":"product_cat-20000-puff","7":"product_cat-al-fakher-crown-bar-20000-puffs","8":"product_cat-vape","9":"product_tag-20ml","10":"product_tag-850mah","11":"product_tag-adjustable-airflow","12":"product_tag-blueberry","13":"product_tag-direct-to-lung","14":"product_tag-display","15":"product_tag-mesh-coil","16":"product_tag-raspberry","17":"product_tag-rechargeable","18":"product_tag-type-c","20":"first","21":"instock","22":"sale","23":"shipping-taxable","24":"purchasable","25":"product-type-variable","26":"has-default-attributes"},"yoast_head":"<!-- This site is optimized with the Yoast SEO plugin v26.8 - https:\/\/yoast.com\/product\/yoast-seo-wordpress\/ -->\n<title>AL FAKHER Crown Bar 20000 Puffs Blueberry Raspberry<\/title>\n<meta name=\"description\" content=\"Shop AL FAKHER Crown Bar 20000 Puffs Blueberry Raspberry: 20ml, 850mAh USB\u2011C rechargeable, LED display, adjustable airflow, 0.6\u03a9 mesh coil. Nic 0-5%.\" \/>\n<meta name=\"robots\" content=\"index, follow, max-snippet:-1, max-image-preview:large, max-video-preview:-1\" \/>\n<link rel=\"canonical\" href=\"https:\/\/fumot.uk\/de\/product\/al-fakher-crown-bar-20000-puffs-blueberry-raspberry-blaubeere-himbeere-fruchtige-harmonie\/\" \/>\n<meta property=\"og:locale\" content=\"de_DE\" \/>\n<meta property=\"og:type\" content=\"article\" \/>\n<meta property=\"og:title\" content=\"Blueberry Raspberry AL FAKHER Crown Bar 20000 Puffs\" \/>\n<meta property=\"og:description\" content=\"A juicy berry blend with premium feel\u201420ml, 850mAh USB\u2011C rechargeable, mesh coil, LED display and adjustable airflow. Choose 0% to 5% nicotine.\" \/>\n<meta property=\"og:url\" content=\"https:\/\/fumot.uk\/de\/product\/al-fakher-crown-bar-20000-puffs-blueberry-raspberry-blaubeere-himbeere-fruchtige-harmonie\/\" \/>\n<meta property=\"og:site_name\" content=\"Fumot Official Direct | Straight from the Factory, 100% Genuine\" \/>\n<meta property=\"article:modified_time\" content=\"2026-01-21T09:13:31+00:00\" \/>\n<meta property=\"og:image\" content=\"https:\/\/fumot.uk\/wp-content\/uploads\/2026\/01\/AL-FAKHER-CROWN-BAR-20000-Puffs-Blueberry-Raspberry-Disposable-Vape-scaled-1.png\" \/>\n\t<meta property=\"og:image:width\" content=\"2560\" \/>\n\t<meta property=\"og:image:height\" content=\"2560\" \/>\n\t<meta property=\"og:image:type\" content=\"image\/png\" \/>\n<meta name=\"twitter:card\" content=\"summary_large_image\" \/>\n<meta name=\"twitter:label1\" content=\"Gesch\u00e4tzte Lesezeit\" \/>\n\t<meta name=\"twitter:data1\" content=\"1\u00a0Minute\" \/>\n<script type=\"application\/ld+json\" class=\"yoast-schema-graph\">{\"@context\":\"https:\/\/schema.org\",\"@graph\":[{\"@type\":\"WebPage\",\"@id\":\"https:\/\/fumot.uk\/product\/al-fakher-crown-bar-20000-puffs-blueberry-raspberry-blaubeere-himbeere-fruchtige-harmonie\/\",\"url\":\"https:\/\/fumot.uk\/product\/al-fakher-crown-bar-20000-puffs-blueberry-raspberry-blaubeere-himbeere-fruchtige-harmonie\/\",\"name\":\"AL FAKHER Crown Bar 20000 Puffs Blueberry Raspberry\",\"isPartOf\":{\"@id\":\"https:\/\/fumot.uk\/#website\"},\"primaryImageOfPage\":{\"@id\":\"https:\/\/fumot.uk\/product\/al-fakher-crown-bar-20000-puffs-blueberry-raspberry-blaubeere-himbeere-fruchtige-harmonie\/#primaryimage\"},\"image\":{\"@id\":\"https:\/\/fumot.uk\/product\/al-fakher-crown-bar-20000-puffs-blueberry-raspberry-blaubeere-himbeere-fruchtige-harmonie\/#primaryimage\"},\"thumbnailUrl\":\"https:\/\/fumot.uk\/wp-content\/uploads\/2026\/01\/AL-FAKHER-CROWN-BAR-20000-Puffs-Blueberry-Raspberry-Disposable-Vape-scaled-1.png\",\"datePublished\":\"2026-01-21T04:04:33+00:00\",\"dateModified\":\"2026-01-21T09:13:31+00:00\",\"description\":\"Shop AL FAKHER Crown Bar 20000 Puffs Blueberry Raspberry: 20ml, 850mAh USB\u2011C rechargeable, LED display, adjustable airflow, 0.6\u03a9 mesh coil. Nic 0-5%.\",\"breadcrumb\":{\"@id\":\"https:\/\/fumot.uk\/product\/al-fakher-crown-bar-20000-puffs-blueberry-raspberry-blaubeere-himbeere-fruchtige-harmonie\/#breadcrumb\"},\"inLanguage\":\"de\",\"potentialAction\":[{\"@type\":\"ReadAction\",\"target\":[\"https:\/\/fumot.uk\/product\/al-fakher-crown-bar-20000-puffs-blueberry-raspberry-blaubeere-himbeere-fruchtige-harmonie\/\"]}]},{\"@type\":\"ImageObject\",\"inLanguage\":\"de\",\"@id\":\"https:\/\/fumot.uk\/product\/al-fakher-crown-bar-20000-puffs-blueberry-raspberry-blaubeere-himbeere-fruchtige-harmonie\/#primaryimage\",\"url\":\"https:\/\/fumot.uk\/wp-content\/uploads\/2026\/01\/AL-FAKHER-CROWN-BAR-20000-Puffs-Blueberry-Raspberry-Disposable-Vape-scaled-1.png\",\"contentUrl\":\"https:\/\/fumot.uk\/wp-content\/uploads\/2026\/01\/AL-FAKHER-CROWN-BAR-20000-Puffs-Blueberry-Raspberry-Disposable-Vape-scaled-1.png\",\"width\":2560,\"height\":2560},{\"@type\":\"BreadcrumbList\",\"@id\":\"https:\/\/fumot.uk\/product\/al-fakher-crown-bar-20000-puffs-blueberry-raspberry-blaubeere-himbeere-fruchtige-harmonie\/#breadcrumb\",\"itemListElement\":[{\"@type\":\"ListItem\",\"position\":1,\"name\":\"Home\",\"item\":\"https:\/\/fumot.uk\/\"},{\"@type\":\"ListItem\",\"position\":2,\"name\":\"Shop\",\"item\":\"https:\/\/fumot.uk\/shop\/\"},{\"@type\":\"ListItem\",\"position\":3,\"name\":\"AL FAKHER Crown Bar 20000 Puffs Blueberry Raspberry (20ml, 850mAh, Adjustable Airflow)\"}]},{\"@type\":\"WebSite\",\"@id\":\"https:\/\/fumot.uk\/#website\",\"url\":\"https:\/\/fumot.uk\/\",\"name\":\"Fumot Official Direct | Straight from the Factory, 100% Genuine\",\"description\":\"Official Website\",\"publisher\":{\"@id\":\"https:\/\/fumot.uk\/#organization\"},\"potentialAction\":[{\"@type\":\"SearchAction\",\"target\":{\"@type\":\"EntryPoint\",\"urlTemplate\":\"https:\/\/fumot.uk\/?s={search_term_string}\"},\"query-input\":{\"@type\":\"PropertyValueSpecification\",\"valueRequired\":true,\"valueName\":\"search_term_string\"}}],\"inLanguage\":\"de\"},{\"@type\":\"Organization\",\"@id\":\"https:\/\/fumot.uk\/#organization\",\"name\":\"Fumot Official Direct | Straight from the Factory, 100% Genuine\",\"url\":\"https:\/\/fumot.uk\/\",\"logo\":{\"@type\":\"ImageObject\",\"inLanguage\":\"de\",\"@id\":\"https:\/\/fumot.uk\/#\/schema\/logo\/image\/\",\"url\":\"https:\/\/fumot.uk\/wp-content\/uploads\/2026\/01\/cropped-fumot-logo1.png\",\"contentUrl\":\"https:\/\/fumot.uk\/wp-content\/uploads\/2026\/01\/cropped-fumot-logo1.png\",\"width\":152,\"height\":106,\"caption\":\"Fumot Official Direct | Straight from the Factory, 100% Genuine\"},\"image\":{\"@id\":\"https:\/\/fumot.uk\/#\/schema\/logo\/image\/\"}}]}<\/script>\n<!-- \/ Yoast SEO plugin. -->","yoast_head_json":{"title":"AL FAKHER Crown Bar 20000 Z\u00fcge Blaubeere Himbeere","description":"Kaufen Sie AL FAKHER Crown Bar 20000 Z\u00fcge Blaubeere Himbeere: 20ml, 850mAh USB\u2011C wiederaufladbar, LED-Anzeige, einstellbarer Luftstrom, 0.6\u03a9 Mesh-Spule. Nikotin 0-5%.","robots":{"index":"index","follow":"follow","max-snippet":"max-snippet:-1","max-image-preview":"max-image-preview:large","max-video-preview":"max-video-preview:-1"},"canonical":"https:\/\/fumot.uk\/de\/product\/al-fakher-crown-bar-20000-puffs-blueberry-raspberry-blaubeere-himbeere-fruchtige-harmonie\/","og_locale":"de_DE","og_type":"article","og_title":"Blueberry Raspberry AL FAKHER Crown Bar 20000 Puffs","og_description":"A juicy berry blend with premium feel\u201420ml, 850mAh USB\u2011C rechargeable, mesh coil, LED display and adjustable airflow. Choose 0% to 5% nicotine.","og_url":"https:\/\/fumot.uk\/de\/product\/al-fakher-crown-bar-20000-puffs-blueberry-raspberry-blaubeere-himbeere-fruchtige-harmonie\/","og_site_name":"Fumot Official Direct | Straight from the Factory, 100% Genuine","article_modified_time":"2026-01-21T09:13:31+00:00","og_image":[{"width":2560,"height":2560,"url":"https:\/\/fumot.uk\/wp-content\/uploads\/2026\/01\/AL-FAKHER-CROWN-BAR-20000-Puffs-Blueberry-Raspberry-Disposable-Vape-scaled-1.png","type":"image\/png"}],"twitter_card":"summary_large_image","twitter_misc":{"Gesch\u00e4tzte Lesezeit":"1\u00a0Minute"},"schema":{"@context":"https:\/\/schema.org","@graph":[{"@type":"WebPage","@id":"https:\/\/fumot.uk\/product\/al-fakher-crown-bar-20000-puffs-blueberry-raspberry-blaubeere-himbeere-fruchtige-harmonie\/","url":"https:\/\/fumot.uk\/product\/al-fakher-crown-bar-20000-puffs-blueberry-raspberry-blaubeere-himbeere-fruchtige-harmonie\/","name":"AL FAKHER Crown Bar 20000 Z\u00fcge Blaubeere Himbeere","isPartOf":{"@id":"https:\/\/fumot.uk\/#website"},"primaryImageOfPage":{"@id":"https:\/\/fumot.uk\/product\/al-fakher-crown-bar-20000-puffs-blueberry-raspberry-blaubeere-himbeere-fruchtige-harmonie\/#primaryimage"},"image":{"@id":"https:\/\/fumot.uk\/product\/al-fakher-crown-bar-20000-puffs-blueberry-raspberry-blaubeere-himbeere-fruchtige-harmonie\/#primaryimage"},"thumbnailUrl":"https:\/\/fumot.uk\/wp-content\/uploads\/2026\/01\/AL-FAKHER-CROWN-BAR-20000-Puffs-Blueberry-Raspberry-Disposable-Vape-scaled-1.png","datePublished":"2026-01-21T04:04:33+00:00","dateModified":"2026-01-21T09:13:31+00:00","description":"Kaufen Sie AL FAKHER Crown Bar 20000 Z\u00fcge Blaubeere Himbeere: 20ml, 850mAh USB\u2011C wiederaufladbar, LED-Anzeige, einstellbarer Luftstrom, 0.6\u03a9 Mesh-Spule. Nikotin 0-5%.","breadcrumb":{"@id":"https:\/\/fumot.uk\/product\/al-fakher-crown-bar-20000-puffs-blueberry-raspberry-blaubeere-himbeere-fruchtige-harmonie\/#breadcrumb"},"inLanguage":"de","potentialAction":[{"@type":"ReadAction","target":["https:\/\/fumot.uk\/product\/al-fakher-crown-bar-20000-puffs-blueberry-raspberry-blaubeere-himbeere-fruchtige-harmonie\/"]}]},{"@type":"ImageObject","inLanguage":"de","@id":"https:\/\/fumot.uk\/product\/al-fakher-crown-bar-20000-puffs-blueberry-raspberry-blaubeere-himbeere-fruchtige-harmonie\/#primaryimage","url":"https:\/\/fumot.uk\/wp-content\/uploads\/2026\/01\/AL-FAKHER-CROWN-BAR-20000-Puffs-Blueberry-Raspberry-Disposable-Vape-scaled-1.png","contentUrl":"https:\/\/fumot.uk\/wp-content\/uploads\/2026\/01\/AL-FAKHER-CROWN-BAR-20000-Puffs-Blueberry-Raspberry-Disposable-Vape-scaled-1.png","width":2560,"height":2560},{"@type":"BreadcrumbList","@id":"https:\/\/fumot.uk\/product\/al-fakher-crown-bar-20000-puffs-blueberry-raspberry-blaubeere-himbeere-fruchtige-harmonie\/#breadcrumb","itemListElement":[{"@type":"ListItem","position":1,"name":"Home","item":"https:\/\/fumot.uk\/"},{"@type":"ListItem","position":2,"name":"Shop","item":"https:\/\/fumot.uk\/shop\/"},{"@type":"ListItem","position":3,"name":"AL FAKHER Crown Bar 20000 Puffs Blueberry Raspberry (20ml, 850mAh, Adjustable Airflow)"}]},{"@type":"WebSite","@id":"https:\/\/fumot.uk\/#website","url":"https:\/\/fumot.uk\/","name":"Fumot Offizieller Direkt | Direkt aus der Fabrik, 100% Original","description":"Offizielle Webseite","publisher":{"@id":"https:\/\/fumot.uk\/#organization"},"potentialAction":[{"@type":"SearchAction","target":{"@type":"EntryPoint","urlTemplate":"https:\/\/fumot.uk\/?s={search_term_string}"},"query-input":{"@type":"PropertyValueSpecification","valueRequired":true,"valueName":"search_term_string"}}],"inLanguage":"de"},{"@type":"Organization","@id":"https:\/\/fumot.uk\/#organization","name":"Fumot Offizieller Direkt | Direkt aus der Fabrik, 100% Original","url":"https:\/\/fumot.uk\/","logo":{"@type":"ImageObject","inLanguage":"de","@id":"https:\/\/fumot.uk\/#\/schema\/logo\/image\/","url":"https:\/\/fumot.uk\/wp-content\/uploads\/2026\/01\/cropped-fumot-logo1.png","contentUrl":"https:\/\/fumot.uk\/wp-content\/uploads\/2026\/01\/cropped-fumot-logo1.png","width":152,"height":106,"caption":"Fumot Official Direct | Straight from the Factory, 100% Genuine"},"image":{"@id":"https:\/\/fumot.uk\/#\/schema\/logo\/image\/"}}]}},"_links":{"self":[{"href":"https:\/\/fumot.uk\/de\/wp-json\/wp\/v2\/product\/3801","targetHints":{"allow":["GET"]}}],"collection":[{"href":"https:\/\/fumot.uk\/de\/wp-json\/wp\/v2\/product"}],"about":[{"href":"https:\/\/fumot.uk\/de\/wp-json\/wp\/v2\/types\/product"}],"replies":[{"embeddable":true,"href":"https:\/\/fumot.uk\/de\/wp-json\/wp\/v2\/comments?post=3801"}],"wp:featuredmedia":[{"embeddable":true,"href":"https:\/\/fumot.uk\/de\/wp-json\/wp\/v2\/media\/3850"}],"wp:attachment":[{"href":"https:\/\/fumot.uk\/de\/wp-json\/wp\/v2\/media?parent=3801"}],"wp:term":[{"taxonomy":"product_brand","embeddable":true,"href":"https:\/\/fumot.uk\/de\/wp-json\/wp\/v2\/product_brand?post=3801"},{"taxonomy":"product_cat","embeddable":true,"href":"https:\/\/fumot.uk\/de\/wp-json\/wp\/v2\/product_cat?post=3801"},{"taxonomy":"product_tag","embeddable":true,"href":"https:\/\/fumot.uk\/de\/wp-json\/wp\/v2\/product_tag?post=3801"}],"curies":[{"name":"wp","href":"https:\/\/api.w.org\/{rel}","templated":true}]}}