{"id":3800,"date":"2026-01-21T04:04:33","date_gmt":"2026-01-21T04:04:33","guid":{"rendered":"https:\/\/fumot.uk\/?post_type=product&#038;p=3800"},"modified":"2026-01-21T09:12:50","modified_gmt":"2026-01-21T09:12:50","slug":"al-fakher-crown-bar-20000-puffs-mango-pineapple-mango-und-ananas-tropischer-genuss","status":"publish","type":"product","link":"https:\/\/fumot.uk\/de\/product\/al-fakher-crown-bar-20000-puffs-mango-pineapple-mango-und-ananas-tropischer-genuss\/","title":{"rendered":"AL FAKHER Crown Bar 20000 Puffs Mango Ananas Einweg E-Zigaretten \u2013 20ml, Einstellbarer Luftstrom, LED-Anzeige, USB\u2011C Wiederaufladbar"},"content":{"rendered":"<p>Bringen Sie bei jedem Zug eine Scheibe der Tropen mit <strong>AL FAKHER Crown Bar 20000 Z\u00fcge \u2013 Mango Ananas<\/strong>. Entworfen mit einer hochwertigen Lederoptik und einem klaren <strong>LED-Digitaldisplay<\/strong>, ist diese hochkapazitive <strong>Einweg-E-Zigaretten<\/strong> ist f\u00fcr den t\u00e4glichen Komfort mit einem individuelleren Gef\u00fchl gemacht. Passen Sie Ihren Zug an mit dem <strong>einstellbarem Luftstrom<\/strong>, und genie\u00dfen Sie einen gleichbleibenden Geschmack von der <strong>0,6\u03a9 Mesh-Coil<\/strong>.<\/p>\n<h3><strong>Geschmack: Mango Ananas (Mango &amp; Ananas)<\/strong><\/h3>\n<p><strong>Mango Ananas<\/strong> verbindet die reife Mango-S\u00fc\u00dfe mit der leuchtenden, spritzigen Frische von Ananas. Das Ergebnis ist ein lebendiges tropisches Profil \u2013 sanft beim Einatmen, erfrischend im Abgang \u2013 ideal, wenn Sie etwas Fruchtiges wollen, ohne \u00fcberw\u00e4ltigend zu sein.<\/p>\n<h3><strong>Hauptmerkmale<\/strong><\/h3>\n<ul>\n<li><strong>Bis zu 20.000+ Z\u00fcge<\/strong> (Nutzung variiert)<\/li>\n<li><strong>20ml E-Liquid-Kapazit\u00e4t<\/strong> f\u00fcr langanhaltende Sitzungen<\/li>\n<li><strong>850mAh Akku<\/strong> mit <strong>USB\u2011C Schnellladen<\/strong><\/li>\n<li><strong>0,6\u03a9 Mesh-Coil<\/strong> f\u00fcr eine saubere, volle Geschmacksabgabe<\/li>\n<li><strong>LED-Digitaldisplay<\/strong> f\u00fcr schnelle Status\u00fcberpr\u00fcfungen<\/li>\n<li><strong>Einstellbarer Luftstrom<\/strong> um Ihren bevorzugten Zug zu entsprechen<\/li>\n<li><strong>DTL (Direct-to-Lung)<\/strong> Vape-Stil<\/li>\n<li><strong>Nikotinoptionen:<\/strong> 0% \/ 2% \/ 3% \/ 5%<\/li>\n<\/ul>\n<h3><strong>Warum Mango Ananas auf fumot.uk kaufen?<\/strong><\/h3>\n<p>Wenn Sie mehr fruchtige Geschmacksrichtungen oder andere <strong>AL FAKHER Crown Bar 20000 Z\u00fcge<\/strong> Optionen erkunden, st\u00f6bern Sie in unserer Kollektion auf <a href=\"https:\/\/fumot.uk\/de\/\" target=\"_blank\" rel=\"noopener\">fumot.uk<\/a> f\u00fcr die neuesten Ank\u00fcnfte und Varianten.<\/p>\n<p><strong>AL FAKHER Crown Bar 20000 Z\u00fcge Mango Ananas<\/strong>: eine tropische Mango-und-Ananas-Mischung mit modernen Features \u2013 gemacht f\u00fcr ein sanftes, erfrischendes Vape von Anfang bis Ende.<\/p>","protected":false},"excerpt":{"rendered":"<p>AL FAKHER Crown Bar 20000 Z\u00fcge in Mango Ananas: s\u00fc\u00dfe Mango trifft auf herbe Ananas. 20ml, 850mAh USB\u2011C wiederaufladbar, 0,6\u03a9 Mesh-Spule, LED-Anzeige, einstellbarer Luftstrom (DTL).<\/p>","protected":false},"featured_media":3849,"comment_status":"open","ping_status":"closed","template":"","meta":[],"product_brand":[],"product_cat":[68,190,17],"product_tag":[60,20,21,72,23,42,25,35,26,28],"class_list":{"0":"post-3800","1":"product","2":"type-product","3":"status-publish","4":"has-post-thumbnail","6":"product_cat-20000-puff","7":"product_cat-al-fakher-crown-bar-20000-puffs","8":"product_cat-vape","9":"product_tag-20ml","10":"product_tag-850mah","11":"product_tag-adjustable-airflow","12":"product_tag-direct-to-lung","13":"product_tag-display","14":"product_tag-mango","15":"product_tag-mesh-coil","16":"product_tag-pineapple","17":"product_tag-rechargeable","18":"product_tag-type-c","20":"first","21":"instock","22":"sale","23":"shipping-taxable","24":"purchasable","25":"product-type-variable","26":"has-default-attributes"},"yoast_head":"<!-- This site is optimized with the Yoast SEO plugin v26.8 - https:\/\/yoast.com\/product\/yoast-seo-wordpress\/ -->\n<title>AL FAKHER Crown Bar 20000 Puffs Mango Pineapple<\/title>\n<meta name=\"description\" content=\"Mango Pineapple AL FAKHER Crown Bar 20000 Puffs: 20ml, 850mAh USB\u2011C rechargeable, 0.6\u03a9 mesh coil, LED display &amp; adjustable airflow. Nicotine 0\/2\/3\/5%.\" \/>\n<meta name=\"robots\" content=\"index, follow, max-snippet:-1, max-image-preview:large, max-video-preview:-1\" \/>\n<link rel=\"canonical\" href=\"https:\/\/fumot.uk\/de\/product\/al-fakher-crown-bar-20000-puffs-mango-pineapple-mango-und-ananas-tropischer-genuss\/\" \/>\n<meta property=\"og:locale\" content=\"de_DE\" \/>\n<meta property=\"og:type\" content=\"article\" \/>\n<meta property=\"og:title\" content=\"AL FAKHER Crown Bar 20000 Puffs \u2013 Mango Pineapple\" \/>\n<meta property=\"og:description\" content=\"Tropical Mango Pineapple flavour with 20ml e-liquid, USB\u2011C rechargeable 850mAh battery, LED display, mesh coil and adjustable airflow. Available on fumot.uk.\" \/>\n<meta property=\"og:url\" content=\"https:\/\/fumot.uk\/de\/product\/al-fakher-crown-bar-20000-puffs-mango-pineapple-mango-und-ananas-tropischer-genuss\/\" \/>\n<meta property=\"og:site_name\" content=\"Fumot Official Direct | Straight from the Factory, 100% Genuine\" \/>\n<meta property=\"article:modified_time\" content=\"2026-01-21T09:12:50+00:00\" \/>\n<meta property=\"og:image\" content=\"https:\/\/fumot.uk\/wp-content\/uploads\/2026\/01\/AL-FAKHER-CROWN-BAR-20000-Puffs-Mango-Pineapple-Disposable-Vape-scaled-1.png\" \/>\n\t<meta property=\"og:image:width\" content=\"2560\" \/>\n\t<meta property=\"og:image:height\" content=\"2560\" \/>\n\t<meta property=\"og:image:type\" content=\"image\/png\" \/>\n<meta name=\"twitter:card\" content=\"summary_large_image\" \/>\n<meta name=\"twitter:label1\" content=\"Gesch\u00e4tzte Lesezeit\" \/>\n\t<meta name=\"twitter:data1\" content=\"1\u00a0Minute\" \/>\n<script type=\"application\/ld+json\" class=\"yoast-schema-graph\">{\"@context\":\"https:\/\/schema.org\",\"@graph\":[{\"@type\":\"WebPage\",\"@id\":\"https:\/\/fumot.uk\/product\/al-fakher-crown-bar-20000-puffs-mango-pineapple-mango-und-ananas-tropischer-genuss\/\",\"url\":\"https:\/\/fumot.uk\/product\/al-fakher-crown-bar-20000-puffs-mango-pineapple-mango-und-ananas-tropischer-genuss\/\",\"name\":\"AL FAKHER Crown Bar 20000 Puffs Mango Pineapple\",\"isPartOf\":{\"@id\":\"https:\/\/fumot.uk\/#website\"},\"primaryImageOfPage\":{\"@id\":\"https:\/\/fumot.uk\/product\/al-fakher-crown-bar-20000-puffs-mango-pineapple-mango-und-ananas-tropischer-genuss\/#primaryimage\"},\"image\":{\"@id\":\"https:\/\/fumot.uk\/product\/al-fakher-crown-bar-20000-puffs-mango-pineapple-mango-und-ananas-tropischer-genuss\/#primaryimage\"},\"thumbnailUrl\":\"https:\/\/fumot.uk\/wp-content\/uploads\/2026\/01\/AL-FAKHER-CROWN-BAR-20000-Puffs-Mango-Pineapple-Disposable-Vape-scaled-1.png\",\"datePublished\":\"2026-01-21T04:04:33+00:00\",\"dateModified\":\"2026-01-21T09:12:50+00:00\",\"description\":\"Mango Pineapple AL FAKHER Crown Bar 20000 Puffs: 20ml, 850mAh USB\u2011C rechargeable, 0.6\u03a9 mesh coil, LED display & adjustable airflow. Nicotine 0\/2\/3\/5%.\",\"breadcrumb\":{\"@id\":\"https:\/\/fumot.uk\/product\/al-fakher-crown-bar-20000-puffs-mango-pineapple-mango-und-ananas-tropischer-genuss\/#breadcrumb\"},\"inLanguage\":\"de\",\"potentialAction\":[{\"@type\":\"ReadAction\",\"target\":[\"https:\/\/fumot.uk\/product\/al-fakher-crown-bar-20000-puffs-mango-pineapple-mango-und-ananas-tropischer-genuss\/\"]}]},{\"@type\":\"ImageObject\",\"inLanguage\":\"de\",\"@id\":\"https:\/\/fumot.uk\/product\/al-fakher-crown-bar-20000-puffs-mango-pineapple-mango-und-ananas-tropischer-genuss\/#primaryimage\",\"url\":\"https:\/\/fumot.uk\/wp-content\/uploads\/2026\/01\/AL-FAKHER-CROWN-BAR-20000-Puffs-Mango-Pineapple-Disposable-Vape-scaled-1.png\",\"contentUrl\":\"https:\/\/fumot.uk\/wp-content\/uploads\/2026\/01\/AL-FAKHER-CROWN-BAR-20000-Puffs-Mango-Pineapple-Disposable-Vape-scaled-1.png\",\"width\":2560,\"height\":2560},{\"@type\":\"BreadcrumbList\",\"@id\":\"https:\/\/fumot.uk\/product\/al-fakher-crown-bar-20000-puffs-mango-pineapple-mango-und-ananas-tropischer-genuss\/#breadcrumb\",\"itemListElement\":[{\"@type\":\"ListItem\",\"position\":1,\"name\":\"Home\",\"item\":\"https:\/\/fumot.uk\/\"},{\"@type\":\"ListItem\",\"position\":2,\"name\":\"Shop\",\"item\":\"https:\/\/fumot.uk\/shop\/\"},{\"@type\":\"ListItem\",\"position\":3,\"name\":\"AL FAKHER Crown Bar 20000 Puffs Mango Pineapple Disposable Vape \u2013 20ml, Adjustable Airflow, LED Display, USB\u2011C Rechargeable\"}]},{\"@type\":\"WebSite\",\"@id\":\"https:\/\/fumot.uk\/#website\",\"url\":\"https:\/\/fumot.uk\/\",\"name\":\"Fumot Official Direct | Straight from the Factory, 100% Genuine\",\"description\":\"Official Website\",\"publisher\":{\"@id\":\"https:\/\/fumot.uk\/#organization\"},\"potentialAction\":[{\"@type\":\"SearchAction\",\"target\":{\"@type\":\"EntryPoint\",\"urlTemplate\":\"https:\/\/fumot.uk\/?s={search_term_string}\"},\"query-input\":{\"@type\":\"PropertyValueSpecification\",\"valueRequired\":true,\"valueName\":\"search_term_string\"}}],\"inLanguage\":\"de\"},{\"@type\":\"Organization\",\"@id\":\"https:\/\/fumot.uk\/#organization\",\"name\":\"Fumot Official Direct | Straight from the Factory, 100% Genuine\",\"url\":\"https:\/\/fumot.uk\/\",\"logo\":{\"@type\":\"ImageObject\",\"inLanguage\":\"de\",\"@id\":\"https:\/\/fumot.uk\/#\/schema\/logo\/image\/\",\"url\":\"https:\/\/fumot.uk\/wp-content\/uploads\/2026\/01\/cropped-fumot-logo1.png\",\"contentUrl\":\"https:\/\/fumot.uk\/wp-content\/uploads\/2026\/01\/cropped-fumot-logo1.png\",\"width\":152,\"height\":106,\"caption\":\"Fumot Official Direct | Straight from the Factory, 100% Genuine\"},\"image\":{\"@id\":\"https:\/\/fumot.uk\/#\/schema\/logo\/image\/\"}}]}<\/script>\n<!-- \/ Yoast SEO plugin. -->","yoast_head_json":{"title":"AL FAKHER Crown Bar 20000 Z\u00fcge Mango Ananas","description":"Mango Ananas AL FAKHER Crown Bar 20000 Z\u00fcge: 20ml, 850mAh USB\u2011C wiederaufladbar, 0,6\u03a9 Mesh-Spule, LED-Anzeige &amp; einstellbarer Luftstrom. Nikotin 0\/2\/3\/5%.","robots":{"index":"index","follow":"follow","max-snippet":"max-snippet:-1","max-image-preview":"max-image-preview:large","max-video-preview":"max-video-preview:-1"},"canonical":"https:\/\/fumot.uk\/de\/product\/al-fakher-crown-bar-20000-puffs-mango-pineapple-mango-und-ananas-tropischer-genuss\/","og_locale":"de_DE","og_type":"article","og_title":"AL FAKHER Crown Bar 20000 Puffs \u2013 Mango Pineapple","og_description":"Tropical Mango Pineapple flavour with 20ml e-liquid, USB\u2011C rechargeable 850mAh battery, LED display, mesh coil and adjustable airflow. Available on fumot.uk.","og_url":"https:\/\/fumot.uk\/de\/product\/al-fakher-crown-bar-20000-puffs-mango-pineapple-mango-und-ananas-tropischer-genuss\/","og_site_name":"Fumot Official Direct | Straight from the Factory, 100% Genuine","article_modified_time":"2026-01-21T09:12:50+00:00","og_image":[{"width":2560,"height":2560,"url":"https:\/\/fumot.uk\/wp-content\/uploads\/2026\/01\/AL-FAKHER-CROWN-BAR-20000-Puffs-Mango-Pineapple-Disposable-Vape-scaled-1.png","type":"image\/png"}],"twitter_card":"summary_large_image","twitter_misc":{"Gesch\u00e4tzte Lesezeit":"1\u00a0Minute"},"schema":{"@context":"https:\/\/schema.org","@graph":[{"@type":"WebPage","@id":"https:\/\/fumot.uk\/product\/al-fakher-crown-bar-20000-puffs-mango-pineapple-mango-und-ananas-tropischer-genuss\/","url":"https:\/\/fumot.uk\/product\/al-fakher-crown-bar-20000-puffs-mango-pineapple-mango-und-ananas-tropischer-genuss\/","name":"AL FAKHER Crown Bar 20000 Z\u00fcge Mango Ananas","isPartOf":{"@id":"https:\/\/fumot.uk\/#website"},"primaryImageOfPage":{"@id":"https:\/\/fumot.uk\/product\/al-fakher-crown-bar-20000-puffs-mango-pineapple-mango-und-ananas-tropischer-genuss\/#primaryimage"},"image":{"@id":"https:\/\/fumot.uk\/product\/al-fakher-crown-bar-20000-puffs-mango-pineapple-mango-und-ananas-tropischer-genuss\/#primaryimage"},"thumbnailUrl":"https:\/\/fumot.uk\/wp-content\/uploads\/2026\/01\/AL-FAKHER-CROWN-BAR-20000-Puffs-Mango-Pineapple-Disposable-Vape-scaled-1.png","datePublished":"2026-01-21T04:04:33+00:00","dateModified":"2026-01-21T09:12:50+00:00","description":"Mango Ananas AL FAKHER Crown Bar 20000 Z\u00fcge: 20ml, 850mAh USB\u2011C wiederaufladbar, 0,6\u03a9 Mesh-Spule, LED-Anzeige &amp; einstellbarer Luftstrom. Nikotin 0\/2\/3\/5%.","breadcrumb":{"@id":"https:\/\/fumot.uk\/product\/al-fakher-crown-bar-20000-puffs-mango-pineapple-mango-und-ananas-tropischer-genuss\/#breadcrumb"},"inLanguage":"de","potentialAction":[{"@type":"ReadAction","target":["https:\/\/fumot.uk\/product\/al-fakher-crown-bar-20000-puffs-mango-pineapple-mango-und-ananas-tropischer-genuss\/"]}]},{"@type":"ImageObject","inLanguage":"de","@id":"https:\/\/fumot.uk\/product\/al-fakher-crown-bar-20000-puffs-mango-pineapple-mango-und-ananas-tropischer-genuss\/#primaryimage","url":"https:\/\/fumot.uk\/wp-content\/uploads\/2026\/01\/AL-FAKHER-CROWN-BAR-20000-Puffs-Mango-Pineapple-Disposable-Vape-scaled-1.png","contentUrl":"https:\/\/fumot.uk\/wp-content\/uploads\/2026\/01\/AL-FAKHER-CROWN-BAR-20000-Puffs-Mango-Pineapple-Disposable-Vape-scaled-1.png","width":2560,"height":2560},{"@type":"BreadcrumbList","@id":"https:\/\/fumot.uk\/product\/al-fakher-crown-bar-20000-puffs-mango-pineapple-mango-und-ananas-tropischer-genuss\/#breadcrumb","itemListElement":[{"@type":"ListItem","position":1,"name":"Home","item":"https:\/\/fumot.uk\/"},{"@type":"ListItem","position":2,"name":"Shop","item":"https:\/\/fumot.uk\/shop\/"},{"@type":"ListItem","position":3,"name":"AL FAKHER Crown Bar 20000 Puffs Mango Pineapple Disposable Vape \u2013 20ml, Adjustable Airflow, LED Display, USB\u2011C Rechargeable"}]},{"@type":"WebSite","@id":"https:\/\/fumot.uk\/#website","url":"https:\/\/fumot.uk\/","name":"Fumot Offizieller Direkt | Direkt aus der Fabrik, 100% Original","description":"Offizielle Webseite","publisher":{"@id":"https:\/\/fumot.uk\/#organization"},"potentialAction":[{"@type":"SearchAction","target":{"@type":"EntryPoint","urlTemplate":"https:\/\/fumot.uk\/?s={search_term_string}"},"query-input":{"@type":"PropertyValueSpecification","valueRequired":true,"valueName":"search_term_string"}}],"inLanguage":"de"},{"@type":"Organization","@id":"https:\/\/fumot.uk\/#organization","name":"Fumot Offizieller Direkt | Direkt aus der Fabrik, 100% Original","url":"https:\/\/fumot.uk\/","logo":{"@type":"ImageObject","inLanguage":"de","@id":"https:\/\/fumot.uk\/#\/schema\/logo\/image\/","url":"https:\/\/fumot.uk\/wp-content\/uploads\/2026\/01\/cropped-fumot-logo1.png","contentUrl":"https:\/\/fumot.uk\/wp-content\/uploads\/2026\/01\/cropped-fumot-logo1.png","width":152,"height":106,"caption":"Fumot Official Direct | Straight from the Factory, 100% Genuine"},"image":{"@id":"https:\/\/fumot.uk\/#\/schema\/logo\/image\/"}}]}},"_links":{"self":[{"href":"https:\/\/fumot.uk\/de\/wp-json\/wp\/v2\/product\/3800","targetHints":{"allow":["GET"]}}],"collection":[{"href":"https:\/\/fumot.uk\/de\/wp-json\/wp\/v2\/product"}],"about":[{"href":"https:\/\/fumot.uk\/de\/wp-json\/wp\/v2\/types\/product"}],"replies":[{"embeddable":true,"href":"https:\/\/fumot.uk\/de\/wp-json\/wp\/v2\/comments?post=3800"}],"wp:featuredmedia":[{"embeddable":true,"href":"https:\/\/fumot.uk\/de\/wp-json\/wp\/v2\/media\/3849"}],"wp:attachment":[{"href":"https:\/\/fumot.uk\/de\/wp-json\/wp\/v2\/media?parent=3800"}],"wp:term":[{"taxonomy":"product_brand","embeddable":true,"href":"https:\/\/fumot.uk\/de\/wp-json\/wp\/v2\/product_brand?post=3800"},{"taxonomy":"product_cat","embeddable":true,"href":"https:\/\/fumot.uk\/de\/wp-json\/wp\/v2\/product_cat?post=3800"},{"taxonomy":"product_tag","embeddable":true,"href":"https:\/\/fumot.uk\/de\/wp-json\/wp\/v2\/product_tag?post=3800"}],"curies":[{"name":"wp","href":"https:\/\/api.w.org\/{rel}","templated":true}]}}