{"id":3794,"date":"2026-01-21T04:04:31","date_gmt":"2026-01-21T04:04:31","guid":{"rendered":"https:\/\/fumot.uk\/?post_type=product&#038;p=3794"},"modified":"2026-01-21T09:19:56","modified_gmt":"2026-01-21T09:19:56","slug":"al-fakher-crown-bar-20000-puffs-blueberry-gum-fruchtige-suse-trifft-nostalgischen-kaugummi-genuss","status":"publish","type":"product","link":"https:\/\/fumot.uk\/de\/product\/al-fakher-crown-bar-20000-puffs-blueberry-gum-fruchtige-suse-trifft-nostalgischen-kaugummi-genuss\/","title":{"rendered":"AL FAKHER Crown Bar 20000 Z\u00fcge Blaubeere Kaugummi \u2013 Blaubeere Kaugummi Geschmack, 20ml, 850mAh, Einstellbarer Luftstrom"},"content":{"rendered":"<p><strong>AL FAKHER Crown Bar 20000 Puffs \u2013 Blaubeer-Kaugummi<\/strong> kombiniert ein hochwertiges Aussehen mit einem einfachen, befriedigenden E-Zigaretten-Erlebnis. Abgeschlossen in einem stilvollen, lederstrukturierten Design und ausgestattet mit einem <strong>LED-Digitaldisplay<\/strong> plus <strong>einstellbarem Luftstrom<\/strong>, es ist f\u00fcr Dampfer gemacht, die jeden Zug feinabstimmen m\u00f6chten.<\/p>\n<p><strong>Geschmacks-Highlight: Blaubeer-Kaugummi<\/strong><br \/>Helle, saftige Blaubeer-Noten treffen auf die sanfte S\u00fc\u00dfe von klassischem Kaugummi. Der erste Zug f\u00fchlt sich fruchtig und voll an, gefolgt von einem sanften, bonbonartigen Abgang, der sanft verweilt\u2014s\u00fc\u00df, verspielt und angenehm nostalgisch, ohne \u00fcberw\u00e4ltigend zu sein.<\/p>\n<h3>Warum Sie diese Blaubeer-Kaugummi E-Zigaretten lieben werden<\/h3>\n<ul>\n<li><strong>20.000+ Z\u00fcge<\/strong> f\u00fcr langanhaltenden Genuss<\/li>\n<li><strong>0,6\u03a9 Mesh-Coil<\/strong> entwickelt f\u00fcr eine gleichbleibende Geschmacksabgabe<\/li>\n<li><strong>Einstellbarer Luftstrom<\/strong> um Ihren Zug anzupassen<\/li>\n<li><strong>LED-Display<\/strong> f\u00fcr klare, auf einen Blick erkennbare Statusanzeige<\/li>\n<li><strong>Wiederaufladbare 850mAh Batterie<\/strong> mit <strong>Typ-C<\/strong> Aufladen<\/li>\n<\/ul>\n<h3>Spezifikationen<\/h3>\n<ul>\n<li><strong>Marke\/Serie:<\/strong> AL FAKHER Crown Bar<\/li>\n<li><strong>Z\u00fcge:<\/strong> 20.000+ Z\u00fcge<\/li>\n<li><strong>Geschmack:<\/strong> Blaubeer-Kaugummi (Blaubeer-Kaugummi)<\/li>\n<li><strong>E-Liquid-Kapazit\u00e4t:<\/strong> 20ml<\/li>\n<li><strong>Batterie:<\/strong> 850mAh, wiederaufladbar (USB Typ-C)<\/li>\n<li><strong>Spule:<\/strong> 0,6\u03a9 Mesh Coil<\/li>\n<li><strong>Display:<\/strong> LED-Digitaldisplay<\/li>\n<li><strong>Luftstrom:<\/strong> Einstellbares Luftstromsystem<\/li>\n<li><strong>Nikotinoptionen:<\/strong> 0% \/ 2% \/ 3% \/ 5%<\/li>\n<li><strong>Inhalationsstil:<\/strong> DTL (Direct-to-Lung)<\/li>\n<\/ul>\n<p><strong>Entdecken Sie weitere Optionen:<\/strong> Durchsuchen Sie die gesamte <a href=\"https:\/\/fumot.uk\/de\/\" target=\"_blank\" rel=\"noopener\">AL FAKHER Crown Bar 20000 Puffs Kollektion auf fumot.uk<\/a> , um Ihren n\u00e4chsten Lieblingsgeschmack zu finden.<\/p>\n<p><strong>AL FAKHER Crown Bar 20000 Z\u00fcge Blaubeer-Kaugummi<\/strong> \u2014 eine s\u00fc\u00dfe Blaubeer-Kaugummi E-Zigaretten mit einem sauberen, modernen Finish.<\/p>","protected":false},"excerpt":{"rendered":"<p>AL FAKHER Crown Bar 20000 Puffs in Blueberry Gum liefert saftige Blaubeere, eingeh\u00fcllt in glatte Kaugummis\u00fc\u00dfe. 20ml, 850mAh Type\u2011C wiederaufladbar, 0,6\u03a9 Mesh-Coil, LED-Anzeige, einstellbarer Luftstrom, DTL. Nikotin: 0\/2\/3\/5%.<\/p>","protected":false},"featured_media":3843,"comment_status":"open","ping_status":"closed","template":"","meta":[],"product_brand":[],"product_cat":[68,190],"product_tag":[60,20,21,33,72,23,55,25,26,28],"class_list":{"0":"post-3794","1":"product","2":"type-product","3":"status-publish","4":"has-post-thumbnail","6":"product_cat-20000-puff","7":"product_cat-al-fakher-crown-bar-20000-puffs","8":"product_tag-20ml","9":"product_tag-850mah","10":"product_tag-adjustable-airflow","11":"product_tag-blueberry","12":"product_tag-direct-to-lung","13":"product_tag-display","14":"product_tag-gummy","15":"product_tag-mesh-coil","16":"product_tag-rechargeable","17":"product_tag-type-c","19":"first","20":"instock","21":"sale","22":"shipping-taxable","23":"purchasable","24":"product-type-variable","25":"has-default-attributes"},"yoast_head":"<!-- This site is optimized with the Yoast SEO plugin v26.8 - https:\/\/yoast.com\/product\/yoast-seo-wordpress\/ -->\n<title>AL FAKHER Crown Bar 20000 Puffs Blueberry Gum<\/title>\n<meta name=\"description\" content=\"Blueberry Gum Crown Bar: 20,000+ puffs, 20ml, 850mAh Type\u2011C rechargeable, 0.6\u03a9 mesh coil, LED display, adjustable airflow, DTL. 0\/2\/3\/5% nicotine.\" \/>\n<meta name=\"robots\" content=\"index, follow, max-snippet:-1, max-image-preview:large, max-video-preview:-1\" \/>\n<link rel=\"canonical\" href=\"https:\/\/fumot.uk\/de\/product\/al-fakher-crown-bar-20000-puffs-blueberry-gum-fruchtige-suse-trifft-nostalgischen-kaugummi-genuss\/\" \/>\n<meta property=\"og:locale\" content=\"de_DE\" \/>\n<meta property=\"og:type\" content=\"article\" \/>\n<meta property=\"og:title\" content=\"AL FAKHER Crown Bar 20000 Puffs \u2013 Blueberry Gum\" \/>\n<meta property=\"og:description\" content=\"Juicy blueberry meets smooth bubblegum sweetness. 20,000+ puffs, 20ml, 850mAh Type\u2011C rechargeable, mesh coil, LED display, adjustable airflow. Shop on fumot.uk.\" \/>\n<meta property=\"og:url\" content=\"https:\/\/fumot.uk\/de\/product\/al-fakher-crown-bar-20000-puffs-blueberry-gum-fruchtige-suse-trifft-nostalgischen-kaugummi-genuss\/\" \/>\n<meta property=\"og:site_name\" content=\"Fumot Official Direct | Straight from the Factory, 100% Genuine\" \/>\n<meta property=\"article:modified_time\" content=\"2026-01-21T09:19:56+00:00\" \/>\n<meta property=\"og:image\" content=\"https:\/\/fumot.uk\/wp-content\/uploads\/2026\/01\/AL-FAKHER-CROWN-BAR-20000-Puffs-Blueberry-Gum-Disposable-Vape-scaled-1.png\" \/>\n\t<meta property=\"og:image:width\" content=\"2560\" \/>\n\t<meta property=\"og:image:height\" content=\"2560\" \/>\n\t<meta property=\"og:image:type\" content=\"image\/png\" \/>\n<meta name=\"twitter:card\" content=\"summary_large_image\" \/>\n<meta name=\"twitter:label1\" content=\"Gesch\u00e4tzte Lesezeit\" \/>\n\t<meta name=\"twitter:data1\" content=\"1\u00a0Minute\" \/>\n<script type=\"application\/ld+json\" class=\"yoast-schema-graph\">{\"@context\":\"https:\/\/schema.org\",\"@graph\":[{\"@type\":\"WebPage\",\"@id\":\"https:\/\/fumot.uk\/product\/al-fakher-crown-bar-20000-puffs-blueberry-gum-fruchtige-suse-trifft-nostalgischen-kaugummi-genuss\/\",\"url\":\"https:\/\/fumot.uk\/product\/al-fakher-crown-bar-20000-puffs-blueberry-gum-fruchtige-suse-trifft-nostalgischen-kaugummi-genuss\/\",\"name\":\"AL FAKHER Crown Bar 20000 Puffs Blueberry Gum\",\"isPartOf\":{\"@id\":\"https:\/\/fumot.uk\/#website\"},\"primaryImageOfPage\":{\"@id\":\"https:\/\/fumot.uk\/product\/al-fakher-crown-bar-20000-puffs-blueberry-gum-fruchtige-suse-trifft-nostalgischen-kaugummi-genuss\/#primaryimage\"},\"image\":{\"@id\":\"https:\/\/fumot.uk\/product\/al-fakher-crown-bar-20000-puffs-blueberry-gum-fruchtige-suse-trifft-nostalgischen-kaugummi-genuss\/#primaryimage\"},\"thumbnailUrl\":\"https:\/\/fumot.uk\/wp-content\/uploads\/2026\/01\/AL-FAKHER-CROWN-BAR-20000-Puffs-Blueberry-Gum-Disposable-Vape-scaled-1.png\",\"datePublished\":\"2026-01-21T04:04:31+00:00\",\"dateModified\":\"2026-01-21T09:19:56+00:00\",\"description\":\"Blueberry Gum Crown Bar: 20,000+ puffs, 20ml, 850mAh Type\u2011C rechargeable, 0.6\u03a9 mesh coil, LED display, adjustable airflow, DTL. 0\/2\/3\/5% nicotine.\",\"breadcrumb\":{\"@id\":\"https:\/\/fumot.uk\/product\/al-fakher-crown-bar-20000-puffs-blueberry-gum-fruchtige-suse-trifft-nostalgischen-kaugummi-genuss\/#breadcrumb\"},\"inLanguage\":\"de\",\"potentialAction\":[{\"@type\":\"ReadAction\",\"target\":[\"https:\/\/fumot.uk\/product\/al-fakher-crown-bar-20000-puffs-blueberry-gum-fruchtige-suse-trifft-nostalgischen-kaugummi-genuss\/\"]}]},{\"@type\":\"ImageObject\",\"inLanguage\":\"de\",\"@id\":\"https:\/\/fumot.uk\/product\/al-fakher-crown-bar-20000-puffs-blueberry-gum-fruchtige-suse-trifft-nostalgischen-kaugummi-genuss\/#primaryimage\",\"url\":\"https:\/\/fumot.uk\/wp-content\/uploads\/2026\/01\/AL-FAKHER-CROWN-BAR-20000-Puffs-Blueberry-Gum-Disposable-Vape-scaled-1.png\",\"contentUrl\":\"https:\/\/fumot.uk\/wp-content\/uploads\/2026\/01\/AL-FAKHER-CROWN-BAR-20000-Puffs-Blueberry-Gum-Disposable-Vape-scaled-1.png\",\"width\":2560,\"height\":2560},{\"@type\":\"BreadcrumbList\",\"@id\":\"https:\/\/fumot.uk\/product\/al-fakher-crown-bar-20000-puffs-blueberry-gum-fruchtige-suse-trifft-nostalgischen-kaugummi-genuss\/#breadcrumb\",\"itemListElement\":[{\"@type\":\"ListItem\",\"position\":1,\"name\":\"Home\",\"item\":\"https:\/\/fumot.uk\/\"},{\"@type\":\"ListItem\",\"position\":2,\"name\":\"Shop\",\"item\":\"https:\/\/fumot.uk\/shop\/\"},{\"@type\":\"ListItem\",\"position\":3,\"name\":\"AL FAKHER Crown Bar 20000 Puffs Blueberry Gum \u2013 Blueberry Bubblegum Flavor, 20ml, 850mAh, Adjustable Airflow\"}]},{\"@type\":\"WebSite\",\"@id\":\"https:\/\/fumot.uk\/#website\",\"url\":\"https:\/\/fumot.uk\/\",\"name\":\"Fumot Official Direct | Straight from the Factory, 100% Genuine\",\"description\":\"Official Website\",\"publisher\":{\"@id\":\"https:\/\/fumot.uk\/#organization\"},\"potentialAction\":[{\"@type\":\"SearchAction\",\"target\":{\"@type\":\"EntryPoint\",\"urlTemplate\":\"https:\/\/fumot.uk\/?s={search_term_string}\"},\"query-input\":{\"@type\":\"PropertyValueSpecification\",\"valueRequired\":true,\"valueName\":\"search_term_string\"}}],\"inLanguage\":\"de\"},{\"@type\":\"Organization\",\"@id\":\"https:\/\/fumot.uk\/#organization\",\"name\":\"Fumot Official Direct | Straight from the Factory, 100% Genuine\",\"url\":\"https:\/\/fumot.uk\/\",\"logo\":{\"@type\":\"ImageObject\",\"inLanguage\":\"de\",\"@id\":\"https:\/\/fumot.uk\/#\/schema\/logo\/image\/\",\"url\":\"https:\/\/fumot.uk\/wp-content\/uploads\/2026\/01\/cropped-fumot-logo1.png\",\"contentUrl\":\"https:\/\/fumot.uk\/wp-content\/uploads\/2026\/01\/cropped-fumot-logo1.png\",\"width\":152,\"height\":106,\"caption\":\"Fumot Official Direct | Straight from the Factory, 100% Genuine\"},\"image\":{\"@id\":\"https:\/\/fumot.uk\/#\/schema\/logo\/image\/\"}}]}<\/script>\n<!-- \/ Yoast SEO plugin. -->","yoast_head_json":{"title":"AL FAKHER Crown Bar 20000 Z\u00fcge Blaubeer-Kaugummi","description":"Blaubeer-Kaugummi Crown Bar: 20.000+ Z\u00fcge, 20ml, 850mAh Type-C wiederaufladbar, 0,6\u03a9 Mesh-Spule, LED-Anzeige, einstellbarer Luftstrom, DTL. 0\/2\/3\/5% Nikotin.","robots":{"index":"index","follow":"follow","max-snippet":"max-snippet:-1","max-image-preview":"max-image-preview:large","max-video-preview":"max-video-preview:-1"},"canonical":"https:\/\/fumot.uk\/de\/product\/al-fakher-crown-bar-20000-puffs-blueberry-gum-fruchtige-suse-trifft-nostalgischen-kaugummi-genuss\/","og_locale":"de_DE","og_type":"article","og_title":"AL FAKHER Crown Bar 20000 Puffs \u2013 Blueberry Gum","og_description":"Juicy blueberry meets smooth bubblegum sweetness. 20,000+ puffs, 20ml, 850mAh Type\u2011C rechargeable, mesh coil, LED display, adjustable airflow. Shop on fumot.uk.","og_url":"https:\/\/fumot.uk\/de\/product\/al-fakher-crown-bar-20000-puffs-blueberry-gum-fruchtige-suse-trifft-nostalgischen-kaugummi-genuss\/","og_site_name":"Fumot Official Direct | Straight from the Factory, 100% Genuine","article_modified_time":"2026-01-21T09:19:56+00:00","og_image":[{"width":2560,"height":2560,"url":"https:\/\/fumot.uk\/wp-content\/uploads\/2026\/01\/AL-FAKHER-CROWN-BAR-20000-Puffs-Blueberry-Gum-Disposable-Vape-scaled-1.png","type":"image\/png"}],"twitter_card":"summary_large_image","twitter_misc":{"Gesch\u00e4tzte Lesezeit":"1\u00a0Minute"},"schema":{"@context":"https:\/\/schema.org","@graph":[{"@type":"WebPage","@id":"https:\/\/fumot.uk\/product\/al-fakher-crown-bar-20000-puffs-blueberry-gum-fruchtige-suse-trifft-nostalgischen-kaugummi-genuss\/","url":"https:\/\/fumot.uk\/product\/al-fakher-crown-bar-20000-puffs-blueberry-gum-fruchtige-suse-trifft-nostalgischen-kaugummi-genuss\/","name":"AL FAKHER Crown Bar 20000 Z\u00fcge Blaubeer-Kaugummi","isPartOf":{"@id":"https:\/\/fumot.uk\/#website"},"primaryImageOfPage":{"@id":"https:\/\/fumot.uk\/product\/al-fakher-crown-bar-20000-puffs-blueberry-gum-fruchtige-suse-trifft-nostalgischen-kaugummi-genuss\/#primaryimage"},"image":{"@id":"https:\/\/fumot.uk\/product\/al-fakher-crown-bar-20000-puffs-blueberry-gum-fruchtige-suse-trifft-nostalgischen-kaugummi-genuss\/#primaryimage"},"thumbnailUrl":"https:\/\/fumot.uk\/wp-content\/uploads\/2026\/01\/AL-FAKHER-CROWN-BAR-20000-Puffs-Blueberry-Gum-Disposable-Vape-scaled-1.png","datePublished":"2026-01-21T04:04:31+00:00","dateModified":"2026-01-21T09:19:56+00:00","description":"Blaubeer-Kaugummi Crown Bar: 20.000+ Z\u00fcge, 20ml, 850mAh Type-C wiederaufladbar, 0,6\u03a9 Mesh-Spule, LED-Anzeige, einstellbarer Luftstrom, DTL. 0\/2\/3\/5% Nikotin.","breadcrumb":{"@id":"https:\/\/fumot.uk\/product\/al-fakher-crown-bar-20000-puffs-blueberry-gum-fruchtige-suse-trifft-nostalgischen-kaugummi-genuss\/#breadcrumb"},"inLanguage":"de","potentialAction":[{"@type":"ReadAction","target":["https:\/\/fumot.uk\/product\/al-fakher-crown-bar-20000-puffs-blueberry-gum-fruchtige-suse-trifft-nostalgischen-kaugummi-genuss\/"]}]},{"@type":"ImageObject","inLanguage":"de","@id":"https:\/\/fumot.uk\/product\/al-fakher-crown-bar-20000-puffs-blueberry-gum-fruchtige-suse-trifft-nostalgischen-kaugummi-genuss\/#primaryimage","url":"https:\/\/fumot.uk\/wp-content\/uploads\/2026\/01\/AL-FAKHER-CROWN-BAR-20000-Puffs-Blueberry-Gum-Disposable-Vape-scaled-1.png","contentUrl":"https:\/\/fumot.uk\/wp-content\/uploads\/2026\/01\/AL-FAKHER-CROWN-BAR-20000-Puffs-Blueberry-Gum-Disposable-Vape-scaled-1.png","width":2560,"height":2560},{"@type":"BreadcrumbList","@id":"https:\/\/fumot.uk\/product\/al-fakher-crown-bar-20000-puffs-blueberry-gum-fruchtige-suse-trifft-nostalgischen-kaugummi-genuss\/#breadcrumb","itemListElement":[{"@type":"ListItem","position":1,"name":"Home","item":"https:\/\/fumot.uk\/"},{"@type":"ListItem","position":2,"name":"Shop","item":"https:\/\/fumot.uk\/shop\/"},{"@type":"ListItem","position":3,"name":"AL FAKHER Crown Bar 20000 Puffs Blueberry Gum \u2013 Blueberry Bubblegum Flavor, 20ml, 850mAh, Adjustable Airflow"}]},{"@type":"WebSite","@id":"https:\/\/fumot.uk\/#website","url":"https:\/\/fumot.uk\/","name":"Fumot Offizieller Direkt | Direkt aus der Fabrik, 100% Original","description":"Offizielle Webseite","publisher":{"@id":"https:\/\/fumot.uk\/#organization"},"potentialAction":[{"@type":"SearchAction","target":{"@type":"EntryPoint","urlTemplate":"https:\/\/fumot.uk\/?s={search_term_string}"},"query-input":{"@type":"PropertyValueSpecification","valueRequired":true,"valueName":"search_term_string"}}],"inLanguage":"de"},{"@type":"Organization","@id":"https:\/\/fumot.uk\/#organization","name":"Fumot Offizieller Direkt | Direkt aus der Fabrik, 100% Original","url":"https:\/\/fumot.uk\/","logo":{"@type":"ImageObject","inLanguage":"de","@id":"https:\/\/fumot.uk\/#\/schema\/logo\/image\/","url":"https:\/\/fumot.uk\/wp-content\/uploads\/2026\/01\/cropped-fumot-logo1.png","contentUrl":"https:\/\/fumot.uk\/wp-content\/uploads\/2026\/01\/cropped-fumot-logo1.png","width":152,"height":106,"caption":"Fumot Official Direct | Straight from the Factory, 100% Genuine"},"image":{"@id":"https:\/\/fumot.uk\/#\/schema\/logo\/image\/"}}]}},"_links":{"self":[{"href":"https:\/\/fumot.uk\/de\/wp-json\/wp\/v2\/product\/3794","targetHints":{"allow":["GET"]}}],"collection":[{"href":"https:\/\/fumot.uk\/de\/wp-json\/wp\/v2\/product"}],"about":[{"href":"https:\/\/fumot.uk\/de\/wp-json\/wp\/v2\/types\/product"}],"replies":[{"embeddable":true,"href":"https:\/\/fumot.uk\/de\/wp-json\/wp\/v2\/comments?post=3794"}],"wp:featuredmedia":[{"embeddable":true,"href":"https:\/\/fumot.uk\/de\/wp-json\/wp\/v2\/media\/3843"}],"wp:attachment":[{"href":"https:\/\/fumot.uk\/de\/wp-json\/wp\/v2\/media?parent=3794"}],"wp:term":[{"taxonomy":"product_brand","embeddable":true,"href":"https:\/\/fumot.uk\/de\/wp-json\/wp\/v2\/product_brand?post=3794"},{"taxonomy":"product_cat","embeddable":true,"href":"https:\/\/fumot.uk\/de\/wp-json\/wp\/v2\/product_cat?post=3794"},{"taxonomy":"product_tag","embeddable":true,"href":"https:\/\/fumot.uk\/de\/wp-json\/wp\/v2\/product_tag?post=3794"}],"curies":[{"name":"wp","href":"https:\/\/api.w.org\/{rel}","templated":true}]}}