{"id":3784,"date":"2026-01-21T04:04:29","date_gmt":"2026-01-21T04:04:29","guid":{"rendered":"https:\/\/fumot.uk\/?post_type=product&#038;p=3784"},"modified":"2026-01-21T09:23:07","modified_gmt":"2026-01-21T09:23:07","slug":"al-fakher-crown-bar-15k-puffs-lush-ice","status":"publish","type":"product","link":"https:\/\/fumot.uk\/de\/product\/al-fakher-crown-bar-15k-puffs-lush-ice\/","title":{"rendered":"AL FAKHER Crown Bar 15000 Z\u00fcge Lush Eis Einweg E-Zigaretten (20ml, Wiederaufladbar, Display)"},"content":{"rendered":"<h3>AL FAKHER Crown Bar 15K Puffs \u2013 Lush Ice<\/h3>\n<p>Treffen Sie die <strong>AL FAKHER Crown Bar 15000 Puffs Lush Ice<\/strong>, eine geschmeidige, hochkapazitive <strong>Einweg-E-Zigaretten<\/strong> f\u00fcr lange Sitzungen und einfache t\u00e4gliche Nutzung gebaut. Dieser Geschmack mischt <strong>saftige Wassermelonen-S\u00fc\u00dfe<\/strong> mit einem knackigen <strong>eisiges Minz-Finish<\/strong>\u2014frisch, sauber und befriedigend vom ersten Zug bis zum letzten.<\/p>\n<p>Entworfen mit einem <strong>wiederaufladbaren 850mAh Akku<\/strong> und <strong>Typ\u2011C-Schnellladung<\/strong>, hilft es Ihnen, das Beste aus der gro\u00dfz\u00fcgigen <strong>20ml E\u2011Liquid<\/strong> Kapazit\u00e4t herauszuholen. Das <strong>0,6\u03a9 Mesh-Coil<\/strong> erhitzt gleichm\u00e4\u00dfig f\u00fcr konsistenten Geschmack und sanften Dampf. Ein eingebauter <strong>LED-Display<\/strong> zeigt sowohl den Batteriestand als auch die verbleibende E-Liquid-Menge an, damit Sie immer wissen, wo Sie stehen.<\/p>\n<p>Entdecken Sie mehr Geschmacksrichtungen und Ger\u00e4te auf <a href=\"https:\/\/fumot.uk\/de\/\">fumot.uk<\/a>, oder st\u00f6bern Sie hier in unseren Eis-Stil-Optionen: <a href=\"https:\/\/fumot.uk\/de\/product-tag\/ice\/\">Eis E-Zigaretten<\/a>.<\/p>\n<h4>Hauptmerkmale<\/h4>\n<ul>\n<li><strong>Bis zu:<\/strong> 15000 Z\u00fcge<\/li>\n<li><strong>E-Liquid-Kapazit\u00e4t:<\/strong> 20ml<\/li>\n<li><strong>Spule:<\/strong> 0,6\u03a9 Mesh-Coil<\/li>\n<li><strong>Batterie:<\/strong> 850mAh (wiederaufladbar)<\/li>\n<li><strong>Laden:<\/strong> Type\u2011C<\/li>\n<li><strong>Display:<\/strong> Batterie- &amp; E-Liquid-Standanzeige<\/li>\n<li><strong>Nikotinoptionen:<\/strong> 0% \/ 2% \/ 3% \/ 5%<\/li>\n<\/ul>\n<h4>Geschmacksprofil: Lush Ice<\/h4>\n<ul>\n<li><strong>Kopfnote:<\/strong> s\u00fc\u00dfe Wassermelone<\/li>\n<li><strong>Abgang:<\/strong> k\u00fchlendes Minzeis<\/li>\n<li><strong>Insgesamt:<\/strong> erfrischend, fruchtig und sauber<\/li>\n<\/ul>\n<p><em>Hinweis:<\/em> Die Puff-Anzahl ist eine Sch\u00e4tzung und kann je nach Nutzungsstil variieren.<\/p>","protected":false},"excerpt":{"rendered":"<p>AL FAKHER Crown Bar Lush Ice liefert bis zu 15000 Z\u00fcge mit Wassermelonen-und-Minze-Frische mit 20ml E-Liquid, einer 0,6\u03a9 Mesh-Spule, LED-Anzeige und USB-C wiederaufladbarem 850mAh Akku.<\/p>","protected":false},"featured_media":3814,"comment_status":"open","ping_status":"closed","template":"","meta":[],"product_brand":[],"product_cat":[16,189,17],"product_tag":[60,20,72,23,29,44,25,26,27,62,28],"class_list":{"0":"post-3784","1":"product","2":"type-product","3":"status-publish","4":"has-post-thumbnail","6":"product_cat-15000-puff","7":"product_cat-al-fakher-crown-bar-15k-puffs","8":"product_cat-vape","9":"product_tag-20ml","10":"product_tag-850mah","11":"product_tag-direct-to-lung","12":"product_tag-display","13":"product_tag-ice","14":"product_tag-lush","15":"product_tag-mesh-coil","16":"product_tag-rechargeable","17":"product_tag-rgb-light","18":"product_tag-sale-vape","19":"product_tag-type-c","21":"first","22":"instock","23":"sale","24":"shipping-taxable","25":"purchasable","26":"product-type-variable","27":"has-default-attributes"},"yoast_head":"<!-- This site is optimized with the Yoast SEO plugin v26.8 - https:\/\/yoast.com\/product\/yoast-seo-wordpress\/ -->\n<title>AL FAKHER Crown Bar 15000 Puffs Lush Ice | fumot.uk<\/title>\n<meta name=\"description\" content=\"Shop AL FAKHER Crown Bar Lush Ice: up to 15000 puffs, 20ml e\u2011liquid, 850mAh USB\u2011C rechargeable battery, 0.6\u03a9 mesh coil and LED display. Nic 0\u20135%.\" \/>\n<meta name=\"robots\" content=\"index, follow, max-snippet:-1, max-image-preview:large, max-video-preview:-1\" \/>\n<link rel=\"canonical\" href=\"https:\/\/fumot.uk\/de\/product\/al-fakher-crown-bar-15k-puffs-lush-ice\/\" \/>\n<meta property=\"og:locale\" content=\"de_DE\" \/>\n<meta property=\"og:type\" content=\"article\" \/>\n<meta property=\"og:title\" content=\"AL FAKHER Crown Bar 15K \u2013 Lush Ice (Watermelon Mint Ice)\" \/>\n<meta property=\"og:description\" content=\"Juicy watermelon with a cool mint finish. 20ml capacity, USB\u2011C rechargeable 850mAh battery, 0.6\u03a9 mesh coil, and LED display\u2014up to 15000 puffs.\" \/>\n<meta property=\"og:url\" content=\"https:\/\/fumot.uk\/de\/product\/al-fakher-crown-bar-15k-puffs-lush-ice\/\" \/>\n<meta property=\"og:site_name\" content=\"Fumot Official Direct | Straight from the Factory, 100% Genuine\" \/>\n<meta property=\"article:modified_time\" content=\"2026-01-21T09:23:07+00:00\" \/>\n<meta property=\"og:image\" content=\"https:\/\/fumot.uk\/wp-content\/uploads\/2026\/01\/AL-FAKHER-CROWN-BAR-15k_Lush-Ice-Disposable-Vape.jpg\" \/>\n\t<meta property=\"og:image:width\" content=\"1246\" \/>\n\t<meta property=\"og:image:height\" content=\"1390\" \/>\n\t<meta property=\"og:image:type\" content=\"image\/jpeg\" \/>\n<meta name=\"twitter:card\" content=\"summary_large_image\" \/>\n<meta name=\"twitter:label1\" content=\"Gesch\u00e4tzte Lesezeit\" \/>\n\t<meta name=\"twitter:data1\" content=\"1\u00a0Minute\" \/>\n<script type=\"application\/ld+json\" class=\"yoast-schema-graph\">{\"@context\":\"https:\/\/schema.org\",\"@graph\":[{\"@type\":\"WebPage\",\"@id\":\"https:\/\/fumot.uk\/product\/al-fakher-crown-bar-15k-puffs-lush-ice\/\",\"url\":\"https:\/\/fumot.uk\/product\/al-fakher-crown-bar-15k-puffs-lush-ice\/\",\"name\":\"AL FAKHER Crown Bar 15000 Puffs Lush Ice | fumot.uk\",\"isPartOf\":{\"@id\":\"https:\/\/fumot.uk\/#website\"},\"primaryImageOfPage\":{\"@id\":\"https:\/\/fumot.uk\/product\/al-fakher-crown-bar-15k-puffs-lush-ice\/#primaryimage\"},\"image\":{\"@id\":\"https:\/\/fumot.uk\/product\/al-fakher-crown-bar-15k-puffs-lush-ice\/#primaryimage\"},\"thumbnailUrl\":\"https:\/\/fumot.uk\/wp-content\/uploads\/2026\/01\/AL-FAKHER-CROWN-BAR-15k_Lush-Ice-Disposable-Vape.jpg\",\"datePublished\":\"2026-01-21T04:04:29+00:00\",\"dateModified\":\"2026-01-21T09:23:07+00:00\",\"description\":\"Shop AL FAKHER Crown Bar Lush Ice: up to 15000 puffs, 20ml e\u2011liquid, 850mAh USB\u2011C rechargeable battery, 0.6\u03a9 mesh coil and LED display. Nic 0\u20135%.\",\"breadcrumb\":{\"@id\":\"https:\/\/fumot.uk\/product\/al-fakher-crown-bar-15k-puffs-lush-ice\/#breadcrumb\"},\"inLanguage\":\"de\",\"potentialAction\":[{\"@type\":\"ReadAction\",\"target\":[\"https:\/\/fumot.uk\/product\/al-fakher-crown-bar-15k-puffs-lush-ice\/\"]}]},{\"@type\":\"ImageObject\",\"inLanguage\":\"de\",\"@id\":\"https:\/\/fumot.uk\/product\/al-fakher-crown-bar-15k-puffs-lush-ice\/#primaryimage\",\"url\":\"https:\/\/fumot.uk\/wp-content\/uploads\/2026\/01\/AL-FAKHER-CROWN-BAR-15k_Lush-Ice-Disposable-Vape.jpg\",\"contentUrl\":\"https:\/\/fumot.uk\/wp-content\/uploads\/2026\/01\/AL-FAKHER-CROWN-BAR-15k_Lush-Ice-Disposable-Vape.jpg\",\"width\":1246,\"height\":1390},{\"@type\":\"BreadcrumbList\",\"@id\":\"https:\/\/fumot.uk\/product\/al-fakher-crown-bar-15k-puffs-lush-ice\/#breadcrumb\",\"itemListElement\":[{\"@type\":\"ListItem\",\"position\":1,\"name\":\"Home\",\"item\":\"https:\/\/fumot.uk\/\"},{\"@type\":\"ListItem\",\"position\":2,\"name\":\"Shop\",\"item\":\"https:\/\/fumot.uk\/shop\/\"},{\"@type\":\"ListItem\",\"position\":3,\"name\":\"AL FAKHER Crown Bar 15000 Puffs Lush Ice Disposable Vape (20ml, Rechargeable, Display)\"}]},{\"@type\":\"WebSite\",\"@id\":\"https:\/\/fumot.uk\/#website\",\"url\":\"https:\/\/fumot.uk\/\",\"name\":\"Fumot Official Direct | Straight from the Factory, 100% Genuine\",\"description\":\"Official Website\",\"publisher\":{\"@id\":\"https:\/\/fumot.uk\/#organization\"},\"potentialAction\":[{\"@type\":\"SearchAction\",\"target\":{\"@type\":\"EntryPoint\",\"urlTemplate\":\"https:\/\/fumot.uk\/?s={search_term_string}\"},\"query-input\":{\"@type\":\"PropertyValueSpecification\",\"valueRequired\":true,\"valueName\":\"search_term_string\"}}],\"inLanguage\":\"de\"},{\"@type\":\"Organization\",\"@id\":\"https:\/\/fumot.uk\/#organization\",\"name\":\"Fumot Official Direct | Straight from the Factory, 100% Genuine\",\"url\":\"https:\/\/fumot.uk\/\",\"logo\":{\"@type\":\"ImageObject\",\"inLanguage\":\"de\",\"@id\":\"https:\/\/fumot.uk\/#\/schema\/logo\/image\/\",\"url\":\"https:\/\/fumot.uk\/wp-content\/uploads\/2026\/01\/cropped-fumot-logo1.png\",\"contentUrl\":\"https:\/\/fumot.uk\/wp-content\/uploads\/2026\/01\/cropped-fumot-logo1.png\",\"width\":152,\"height\":106,\"caption\":\"Fumot Official Direct | Straight from the Factory, 100% Genuine\"},\"image\":{\"@id\":\"https:\/\/fumot.uk\/#\/schema\/logo\/image\/\"}}]}<\/script>\n<!-- \/ Yoast SEO plugin. -->","yoast_head_json":{"title":"AL FAKHER Crown Bar 15000 Z\u00fcge Lush Ice | fumot.uk","description":"Shop AL FAKHER Crown Bar Lush Ice: bis zu 15000 Z\u00fcge, 20ml E-Liquid, 850mAh USB-C wiederaufladbarer Akku, 0.6\u03a9 Mesh-Spule und LED-Anzeige. Nic 0\u20135%.","robots":{"index":"index","follow":"follow","max-snippet":"max-snippet:-1","max-image-preview":"max-image-preview:large","max-video-preview":"max-video-preview:-1"},"canonical":"https:\/\/fumot.uk\/de\/product\/al-fakher-crown-bar-15k-puffs-lush-ice\/","og_locale":"de_DE","og_type":"article","og_title":"AL FAKHER Crown Bar 15K \u2013 Lush Ice (Watermelon Mint Ice)","og_description":"Juicy watermelon with a cool mint finish. 20ml capacity, USB\u2011C rechargeable 850mAh battery, 0.6\u03a9 mesh coil, and LED display\u2014up to 15000 puffs.","og_url":"https:\/\/fumot.uk\/de\/product\/al-fakher-crown-bar-15k-puffs-lush-ice\/","og_site_name":"Fumot Official Direct | Straight from the Factory, 100% Genuine","article_modified_time":"2026-01-21T09:23:07+00:00","og_image":[{"width":1246,"height":1390,"url":"https:\/\/fumot.uk\/wp-content\/uploads\/2026\/01\/AL-FAKHER-CROWN-BAR-15k_Lush-Ice-Disposable-Vape.jpg","type":"image\/jpeg"}],"twitter_card":"summary_large_image","twitter_misc":{"Gesch\u00e4tzte Lesezeit":"1\u00a0Minute"},"schema":{"@context":"https:\/\/schema.org","@graph":[{"@type":"WebPage","@id":"https:\/\/fumot.uk\/product\/al-fakher-crown-bar-15k-puffs-lush-ice\/","url":"https:\/\/fumot.uk\/product\/al-fakher-crown-bar-15k-puffs-lush-ice\/","name":"AL FAKHER Crown Bar 15000 Z\u00fcge Lush Ice | fumot.uk","isPartOf":{"@id":"https:\/\/fumot.uk\/#website"},"primaryImageOfPage":{"@id":"https:\/\/fumot.uk\/product\/al-fakher-crown-bar-15k-puffs-lush-ice\/#primaryimage"},"image":{"@id":"https:\/\/fumot.uk\/product\/al-fakher-crown-bar-15k-puffs-lush-ice\/#primaryimage"},"thumbnailUrl":"https:\/\/fumot.uk\/wp-content\/uploads\/2026\/01\/AL-FAKHER-CROWN-BAR-15k_Lush-Ice-Disposable-Vape.jpg","datePublished":"2026-01-21T04:04:29+00:00","dateModified":"2026-01-21T09:23:07+00:00","description":"Shop AL FAKHER Crown Bar Lush Ice: bis zu 15000 Z\u00fcge, 20ml E-Liquid, 850mAh USB-C wiederaufladbarer Akku, 0.6\u03a9 Mesh-Spule und LED-Anzeige. Nic 0\u20135%.","breadcrumb":{"@id":"https:\/\/fumot.uk\/product\/al-fakher-crown-bar-15k-puffs-lush-ice\/#breadcrumb"},"inLanguage":"de","potentialAction":[{"@type":"ReadAction","target":["https:\/\/fumot.uk\/product\/al-fakher-crown-bar-15k-puffs-lush-ice\/"]}]},{"@type":"ImageObject","inLanguage":"de","@id":"https:\/\/fumot.uk\/product\/al-fakher-crown-bar-15k-puffs-lush-ice\/#primaryimage","url":"https:\/\/fumot.uk\/wp-content\/uploads\/2026\/01\/AL-FAKHER-CROWN-BAR-15k_Lush-Ice-Disposable-Vape.jpg","contentUrl":"https:\/\/fumot.uk\/wp-content\/uploads\/2026\/01\/AL-FAKHER-CROWN-BAR-15k_Lush-Ice-Disposable-Vape.jpg","width":1246,"height":1390},{"@type":"BreadcrumbList","@id":"https:\/\/fumot.uk\/product\/al-fakher-crown-bar-15k-puffs-lush-ice\/#breadcrumb","itemListElement":[{"@type":"ListItem","position":1,"name":"Home","item":"https:\/\/fumot.uk\/"},{"@type":"ListItem","position":2,"name":"Shop","item":"https:\/\/fumot.uk\/shop\/"},{"@type":"ListItem","position":3,"name":"AL FAKHER Crown Bar 15000 Puffs Lush Ice Disposable Vape (20ml, Rechargeable, Display)"}]},{"@type":"WebSite","@id":"https:\/\/fumot.uk\/#website","url":"https:\/\/fumot.uk\/","name":"Fumot Offizieller Direkt | Direkt aus der Fabrik, 100% Original","description":"Offizielle Webseite","publisher":{"@id":"https:\/\/fumot.uk\/#organization"},"potentialAction":[{"@type":"SearchAction","target":{"@type":"EntryPoint","urlTemplate":"https:\/\/fumot.uk\/?s={search_term_string}"},"query-input":{"@type":"PropertyValueSpecification","valueRequired":true,"valueName":"search_term_string"}}],"inLanguage":"de"},{"@type":"Organization","@id":"https:\/\/fumot.uk\/#organization","name":"Fumot Offizieller Direkt | Direkt aus der Fabrik, 100% Original","url":"https:\/\/fumot.uk\/","logo":{"@type":"ImageObject","inLanguage":"de","@id":"https:\/\/fumot.uk\/#\/schema\/logo\/image\/","url":"https:\/\/fumot.uk\/wp-content\/uploads\/2026\/01\/cropped-fumot-logo1.png","contentUrl":"https:\/\/fumot.uk\/wp-content\/uploads\/2026\/01\/cropped-fumot-logo1.png","width":152,"height":106,"caption":"Fumot Official Direct | Straight from the Factory, 100% Genuine"},"image":{"@id":"https:\/\/fumot.uk\/#\/schema\/logo\/image\/"}}]}},"_links":{"self":[{"href":"https:\/\/fumot.uk\/de\/wp-json\/wp\/v2\/product\/3784","targetHints":{"allow":["GET"]}}],"collection":[{"href":"https:\/\/fumot.uk\/de\/wp-json\/wp\/v2\/product"}],"about":[{"href":"https:\/\/fumot.uk\/de\/wp-json\/wp\/v2\/types\/product"}],"replies":[{"embeddable":true,"href":"https:\/\/fumot.uk\/de\/wp-json\/wp\/v2\/comments?post=3784"}],"wp:featuredmedia":[{"embeddable":true,"href":"https:\/\/fumot.uk\/de\/wp-json\/wp\/v2\/media\/3814"}],"wp:attachment":[{"href":"https:\/\/fumot.uk\/de\/wp-json\/wp\/v2\/media?parent=3784"}],"wp:term":[{"taxonomy":"product_brand","embeddable":true,"href":"https:\/\/fumot.uk\/de\/wp-json\/wp\/v2\/product_brand?post=3784"},{"taxonomy":"product_cat","embeddable":true,"href":"https:\/\/fumot.uk\/de\/wp-json\/wp\/v2\/product_cat?post=3784"},{"taxonomy":"product_tag","embeddable":true,"href":"https:\/\/fumot.uk\/de\/wp-json\/wp\/v2\/product_tag?post=3784"}],"curies":[{"name":"wp","href":"https:\/\/api.w.org\/{rel}","templated":true}]}}