{"id":378,"date":"2026-01-20T02:43:45","date_gmt":"2026-01-20T02:43:45","guid":{"rendered":"https:\/\/fumot.uk\/?post_type=product&#038;p=378"},"modified":"2026-01-20T07:05:51","modified_gmt":"2026-01-20T07:05:51","slug":"bluesour-raspberry-randm-tornado-12000-puffs","status":"publish","type":"product","link":"https:\/\/fumot.uk\/de\/product\/bluesour-raspberry-randm-tornado-12000-puffs\/","title":{"rendered":"R&amp;M RandM Tornado 12000 Z\u00fcge Blue Sour Raspberry Einweg-E-Zigaretten (20ml, 850mAh, LED-Anzeige, Mesh-Spule)"},"content":{"rendered":"<p><strong>Blaue Saure Himbeere RandM Tornado 12000 Z\u00fcge<\/strong> bringt ein helles, w\u00fcrziges Beerenprofil zu einer hochkapazitiven <strong>Einweg-E-Zigaretten<\/strong> gebaut f\u00fcr den t\u00e4glichen Komfort. Angetrieben von einem <strong>wiederaufladbaren 850mAh Akku<\/strong> und gepaart mit einem klaren <strong>LED-Display<\/strong>, hilft es Ihnen, sowohl <strong>Batteriestand<\/strong> und <strong>E-Liquid-Status<\/strong> auf einen Blick im Auge zu behalten\u2014damit Sie von Anfang bis Ende eine gleichbleibende Leistung genie\u00dfen k\u00f6nnen.<\/p>\n<p>In diesem Geschmack trifft saftige Himbeere auf eine saure Bonbon-Note f\u00fcr einen knackigen, erfrischenden Inhalationszug und ein angenehm spritziges Finish. Wenn Sie fruchtige E-Zigaretten m\u00f6gen, die lebendig wirken, anstatt \u00fcberm\u00e4\u00dfig s\u00fc\u00df, <strong>Blaue Saure Himbeere<\/strong> ist eine herausragende Wahl.<\/p>\n<h3>Warum Ihnen der RandM Tornado 12000 gefallen wird<\/h3>\n<ul>\n<li><strong>Bis zu 12000 Z\u00fcge<\/strong> pro Ger\u00e4t (Nutzung variiert je nach Zugl\u00e4nge)<\/li>\n<li><strong>20ml E-Liquid<\/strong> Kapazit\u00e4t f\u00fcr langanhaltenden Genuss<\/li>\n<li><strong>0% \/ 2% \/ 3% \/ 5% Nikotinsalz<\/strong> Optionen<\/li>\n<li><strong>Mesh-Spule<\/strong> f\u00fcr sanften, gleichm\u00e4\u00dfigen Dampf und stabile Geschmacksabgabe<\/li>\n<li><strong>LED-Display<\/strong> zeigt Batterie- und E-Liquid-Status<\/li>\n<li><strong>Wiederaufladbar \u00fcber Typ\u2011C<\/strong> (Kabel nicht angegeben)<\/li>\n<li><strong>Ca. 850mAh eingebauter Akku<\/strong><\/li>\n<li><strong>40 Geschmacksrichtungen verf\u00fcgbar<\/strong> in der Serie<\/li>\n<\/ul>\n<h3>Geschmacks-Highlight: Blaue Saure Himbeere<\/h3>\n<p>Erwarten Sie ein kr\u00e4ftiges Beerenaroma mit einer sauberen, herben Note\u2014s\u00fc\u00df genug, um fruchtig zu bleiben, sauer genug, um interessant zu bleiben. Es ist eine gro\u00dfartige Option f\u00fcr den ganzen Tag f\u00fcr Fans von <strong>Himbeer-Einweg-E-Zigaretten<\/strong> und sauer angehauchten Fruchtmischungen.<\/p>\n<p><strong>Entdecken Sie mehr unter <a href=\"https:\/\/fumot.uk\/de\/\">fumot.uk<\/a><\/strong> und st\u00f6bern Sie in unserer vollst\u00e4ndigen Auswahl an <a href=\"https:\/\/fumot.uk\/de\/product-category\/12000-puff\/\">12000 Z\u00fcge E-Zigaretten<\/a> und <a href=\"https:\/\/fumot.uk\/de\/product-category\/einweg-e-zigarette\/\">Einweg E-Zigarette<\/a> Optionen.<\/p>\n<p><small>Hinweis: Z\u00fcge sind eine Sch\u00e4tzung und h\u00e4ngen von der individuellen Nutzung ab. Nikotinprodukte sind nur f\u00fcr Erwachsene bestimmt.<\/small><\/p>","protected":false},"excerpt":{"rendered":"<p>RandM Tornado 12000 Z\u00fcge in Blue Sour Raspberry: herber Beeren-Geschmack, 20ml E-Liquid, Mesh-Spule, LED-Anzeige f\u00fcr Batterie\/Liquid und wiederaufladbares 850mAh Type-C Ger\u00e4t. Nikotinsalz-Optionen: 0\/2\/3\/5%.<\/p>","protected":false},"featured_media":420,"comment_status":"open","ping_status":"closed","template":"","meta":[],"product_brand":[],"product_cat":[58,59,17],"product_tag":[60,20,23,25,34,26,62,28],"class_list":{"0":"post-378","1":"product","2":"type-product","3":"status-publish","4":"has-post-thumbnail","6":"product_cat-12000-puff","7":"product_cat-randm-tornado-12000-puffs","8":"product_cat-vape","9":"product_tag-20ml","10":"product_tag-850mah","11":"product_tag-display","12":"product_tag-mesh-coil","13":"product_tag-raspberry","14":"product_tag-rechargeable","15":"product_tag-sale-vape","16":"product_tag-type-c","18":"first","19":"instock","20":"sale","21":"shipping-taxable","22":"purchasable","23":"product-type-variable","24":"has-default-attributes"},"yoast_head":"<!-- This site is optimized with the Yoast SEO plugin v26.8 - https:\/\/yoast.com\/product\/yoast-seo-wordpress\/ -->\n<title>RandM Tornado 12000 Blue Sour Raspberry | 20ml<\/title>\n<meta name=\"description\" content=\"RandM Tornado 12000 Blue Sour Raspberry disposable vape: 20ml e-liquid, 850mAh rechargeable, LED display, mesh coil, 0\/2\/3\/5% nic salt. Shop fumot.uk.\" \/>\n<meta name=\"robots\" content=\"index, follow, max-snippet:-1, max-image-preview:large, max-video-preview:-1\" \/>\n<link rel=\"canonical\" href=\"https:\/\/fumot.uk\/de\/product\/bluesour-raspberry-randm-tornado-12000-puffs\/\" \/>\n<meta property=\"og:locale\" content=\"de_DE\" \/>\n<meta property=\"og:type\" content=\"article\" \/>\n<meta property=\"og:title\" content=\"Blue Sour Raspberry RandM Tornado 12000 Puffs\" \/>\n<meta property=\"og:description\" content=\"A tangy-sweet raspberry vape with mesh coil, LED battery &amp; liquid display, 20ml e-liquid and a rechargeable 850mAh Type\u2011C device. Available in 0\/2\/3\/5%.\" \/>\n<meta property=\"og:url\" content=\"https:\/\/fumot.uk\/de\/product\/bluesour-raspberry-randm-tornado-12000-puffs\/\" \/>\n<meta property=\"og:site_name\" content=\"Fumot Official Direct | Straight from the Factory, 100% Genuine\" \/>\n<meta property=\"article:modified_time\" content=\"2026-01-20T07:05:51+00:00\" \/>\n<meta property=\"og:image\" content=\"https:\/\/fumot.uk\/wp-content\/uploads\/2026\/01\/Randm-Tornado-12000-Puffs-Bluesour-raspberry-Disposable-Vape-scaled-1.jpg\" \/>\n\t<meta property=\"og:image:width\" content=\"2560\" \/>\n\t<meta property=\"og:image:height\" content=\"2560\" \/>\n\t<meta property=\"og:image:type\" content=\"image\/jpeg\" \/>\n<meta name=\"twitter:card\" content=\"summary_large_image\" \/>\n<meta name=\"twitter:label1\" content=\"Gesch\u00e4tzte Lesezeit\" \/>\n\t<meta name=\"twitter:data1\" content=\"2\u00a0Minuten\" \/>\n<script type=\"application\/ld+json\" class=\"yoast-schema-graph\">{\"@context\":\"https:\/\/schema.org\",\"@graph\":[{\"@type\":\"WebPage\",\"@id\":\"https:\/\/fumot.uk\/product\/bluesour-raspberry-randm-tornado-12000-puffs\/\",\"url\":\"https:\/\/fumot.uk\/product\/bluesour-raspberry-randm-tornado-12000-puffs\/\",\"name\":\"RandM Tornado 12000 Blue Sour Raspberry | 20ml\",\"isPartOf\":{\"@id\":\"https:\/\/fumot.uk\/#website\"},\"primaryImageOfPage\":{\"@id\":\"https:\/\/fumot.uk\/product\/bluesour-raspberry-randm-tornado-12000-puffs\/#primaryimage\"},\"image\":{\"@id\":\"https:\/\/fumot.uk\/product\/bluesour-raspberry-randm-tornado-12000-puffs\/#primaryimage\"},\"thumbnailUrl\":\"https:\/\/fumot.uk\/wp-content\/uploads\/2026\/01\/Randm-Tornado-12000-Puffs-Bluesour-raspberry-Disposable-Vape-scaled-1.jpg\",\"datePublished\":\"2026-01-20T02:43:45+00:00\",\"dateModified\":\"2026-01-20T07:05:51+00:00\",\"description\":\"RandM Tornado 12000 Blue Sour Raspberry disposable vape: 20ml e-liquid, 850mAh rechargeable, LED display, mesh coil, 0\/2\/3\/5% nic salt. Shop fumot.uk.\",\"breadcrumb\":{\"@id\":\"https:\/\/fumot.uk\/product\/bluesour-raspberry-randm-tornado-12000-puffs\/#breadcrumb\"},\"inLanguage\":\"de\",\"potentialAction\":[{\"@type\":\"ReadAction\",\"target\":[\"https:\/\/fumot.uk\/product\/bluesour-raspberry-randm-tornado-12000-puffs\/\"]}]},{\"@type\":\"ImageObject\",\"inLanguage\":\"de\",\"@id\":\"https:\/\/fumot.uk\/product\/bluesour-raspberry-randm-tornado-12000-puffs\/#primaryimage\",\"url\":\"https:\/\/fumot.uk\/wp-content\/uploads\/2026\/01\/Randm-Tornado-12000-Puffs-Bluesour-raspberry-Disposable-Vape-scaled-1.jpg\",\"contentUrl\":\"https:\/\/fumot.uk\/wp-content\/uploads\/2026\/01\/Randm-Tornado-12000-Puffs-Bluesour-raspberry-Disposable-Vape-scaled-1.jpg\",\"width\":2560,\"height\":2560},{\"@type\":\"BreadcrumbList\",\"@id\":\"https:\/\/fumot.uk\/product\/bluesour-raspberry-randm-tornado-12000-puffs\/#breadcrumb\",\"itemListElement\":[{\"@type\":\"ListItem\",\"position\":1,\"name\":\"Home\",\"item\":\"https:\/\/fumot.uk\/\"},{\"@type\":\"ListItem\",\"position\":2,\"name\":\"Shop\",\"item\":\"https:\/\/fumot.uk\/shop\/\"},{\"@type\":\"ListItem\",\"position\":3,\"name\":\"R&#038;M RandM Tornado 12000 Puffs Blue Sour Raspberry Disposable Vape (20ml, 850mAh, LED Display, Mesh Coil)\"}]},{\"@type\":\"WebSite\",\"@id\":\"https:\/\/fumot.uk\/#website\",\"url\":\"https:\/\/fumot.uk\/\",\"name\":\"Fumot Official Direct | Straight from the Factory, 100% Genuine\",\"description\":\"Official Website\",\"publisher\":{\"@id\":\"https:\/\/fumot.uk\/#organization\"},\"potentialAction\":[{\"@type\":\"SearchAction\",\"target\":{\"@type\":\"EntryPoint\",\"urlTemplate\":\"https:\/\/fumot.uk\/?s={search_term_string}\"},\"query-input\":{\"@type\":\"PropertyValueSpecification\",\"valueRequired\":true,\"valueName\":\"search_term_string\"}}],\"inLanguage\":\"de\"},{\"@type\":\"Organization\",\"@id\":\"https:\/\/fumot.uk\/#organization\",\"name\":\"Fumot Official Direct | Straight from the Factory, 100% Genuine\",\"url\":\"https:\/\/fumot.uk\/\",\"logo\":{\"@type\":\"ImageObject\",\"inLanguage\":\"de\",\"@id\":\"https:\/\/fumot.uk\/#\/schema\/logo\/image\/\",\"url\":\"https:\/\/fumot.uk\/wp-content\/uploads\/2026\/01\/cropped-fumot-logo1.png\",\"contentUrl\":\"https:\/\/fumot.uk\/wp-content\/uploads\/2026\/01\/cropped-fumot-logo1.png\",\"width\":152,\"height\":106,\"caption\":\"Fumot Official Direct | Straight from the Factory, 100% Genuine\"},\"image\":{\"@id\":\"https:\/\/fumot.uk\/#\/schema\/logo\/image\/\"}}]}<\/script>\n<!-- \/ Yoast SEO plugin. -->","yoast_head_json":{"title":"RandM Tornado 12000 Blaue Saure Himbeere | 20ml","description":"RandM Tornado 12000 Blue Sour Raspberry Einweg-E-Zigaretten: 20ml E-Liquid, 850mAh wiederaufladbar, LED-Anzeige, Mesh-Spule, 0\/2\/3\/5% Nic-Salz. Shop fumot.uk.","robots":{"index":"index","follow":"follow","max-snippet":"max-snippet:-1","max-image-preview":"max-image-preview:large","max-video-preview":"max-video-preview:-1"},"canonical":"https:\/\/fumot.uk\/de\/product\/bluesour-raspberry-randm-tornado-12000-puffs\/","og_locale":"de_DE","og_type":"article","og_title":"Blue Sour Raspberry RandM Tornado 12000 Puffs","og_description":"A tangy-sweet raspberry vape with mesh coil, LED battery & liquid display, 20ml e-liquid and a rechargeable 850mAh Type\u2011C device. Available in 0\/2\/3\/5%.","og_url":"https:\/\/fumot.uk\/de\/product\/bluesour-raspberry-randm-tornado-12000-puffs\/","og_site_name":"Fumot Official Direct | Straight from the Factory, 100% Genuine","article_modified_time":"2026-01-20T07:05:51+00:00","og_image":[{"width":2560,"height":2560,"url":"https:\/\/fumot.uk\/wp-content\/uploads\/2026\/01\/Randm-Tornado-12000-Puffs-Bluesour-raspberry-Disposable-Vape-scaled-1.jpg","type":"image\/jpeg"}],"twitter_card":"summary_large_image","twitter_misc":{"Gesch\u00e4tzte Lesezeit":"2\u00a0Minuten"},"schema":{"@context":"https:\/\/schema.org","@graph":[{"@type":"WebPage","@id":"https:\/\/fumot.uk\/product\/bluesour-raspberry-randm-tornado-12000-puffs\/","url":"https:\/\/fumot.uk\/product\/bluesour-raspberry-randm-tornado-12000-puffs\/","name":"RandM Tornado 12000 Blaue Saure Himbeere | 20ml","isPartOf":{"@id":"https:\/\/fumot.uk\/#website"},"primaryImageOfPage":{"@id":"https:\/\/fumot.uk\/product\/bluesour-raspberry-randm-tornado-12000-puffs\/#primaryimage"},"image":{"@id":"https:\/\/fumot.uk\/product\/bluesour-raspberry-randm-tornado-12000-puffs\/#primaryimage"},"thumbnailUrl":"https:\/\/fumot.uk\/wp-content\/uploads\/2026\/01\/Randm-Tornado-12000-Puffs-Bluesour-raspberry-Disposable-Vape-scaled-1.jpg","datePublished":"2026-01-20T02:43:45+00:00","dateModified":"2026-01-20T07:05:51+00:00","description":"RandM Tornado 12000 Blue Sour Raspberry Einweg-E-Zigaretten: 20ml E-Liquid, 850mAh wiederaufladbar, LED-Anzeige, Mesh-Spule, 0\/2\/3\/5% Nic-Salz. Shop fumot.uk.","breadcrumb":{"@id":"https:\/\/fumot.uk\/product\/bluesour-raspberry-randm-tornado-12000-puffs\/#breadcrumb"},"inLanguage":"de","potentialAction":[{"@type":"ReadAction","target":["https:\/\/fumot.uk\/product\/bluesour-raspberry-randm-tornado-12000-puffs\/"]}]},{"@type":"ImageObject","inLanguage":"de","@id":"https:\/\/fumot.uk\/product\/bluesour-raspberry-randm-tornado-12000-puffs\/#primaryimage","url":"https:\/\/fumot.uk\/wp-content\/uploads\/2026\/01\/Randm-Tornado-12000-Puffs-Bluesour-raspberry-Disposable-Vape-scaled-1.jpg","contentUrl":"https:\/\/fumot.uk\/wp-content\/uploads\/2026\/01\/Randm-Tornado-12000-Puffs-Bluesour-raspberry-Disposable-Vape-scaled-1.jpg","width":2560,"height":2560},{"@type":"BreadcrumbList","@id":"https:\/\/fumot.uk\/product\/bluesour-raspberry-randm-tornado-12000-puffs\/#breadcrumb","itemListElement":[{"@type":"ListItem","position":1,"name":"Home","item":"https:\/\/fumot.uk\/"},{"@type":"ListItem","position":2,"name":"Shop","item":"https:\/\/fumot.uk\/shop\/"},{"@type":"ListItem","position":3,"name":"R&#038;M RandM Tornado 12000 Puffs Blue Sour Raspberry Disposable Vape (20ml, 850mAh, LED Display, Mesh Coil)"}]},{"@type":"WebSite","@id":"https:\/\/fumot.uk\/#website","url":"https:\/\/fumot.uk\/","name":"Fumot Offizieller Direkt | Direkt aus der Fabrik, 100% Original","description":"Offizielle Webseite","publisher":{"@id":"https:\/\/fumot.uk\/#organization"},"potentialAction":[{"@type":"SearchAction","target":{"@type":"EntryPoint","urlTemplate":"https:\/\/fumot.uk\/?s={search_term_string}"},"query-input":{"@type":"PropertyValueSpecification","valueRequired":true,"valueName":"search_term_string"}}],"inLanguage":"de"},{"@type":"Organization","@id":"https:\/\/fumot.uk\/#organization","name":"Fumot Offizieller Direkt | Direkt aus der Fabrik, 100% Original","url":"https:\/\/fumot.uk\/","logo":{"@type":"ImageObject","inLanguage":"de","@id":"https:\/\/fumot.uk\/#\/schema\/logo\/image\/","url":"https:\/\/fumot.uk\/wp-content\/uploads\/2026\/01\/cropped-fumot-logo1.png","contentUrl":"https:\/\/fumot.uk\/wp-content\/uploads\/2026\/01\/cropped-fumot-logo1.png","width":152,"height":106,"caption":"Fumot Official Direct | Straight from the Factory, 100% Genuine"},"image":{"@id":"https:\/\/fumot.uk\/#\/schema\/logo\/image\/"}}]}},"_links":{"self":[{"href":"https:\/\/fumot.uk\/de\/wp-json\/wp\/v2\/product\/378","targetHints":{"allow":["GET"]}}],"collection":[{"href":"https:\/\/fumot.uk\/de\/wp-json\/wp\/v2\/product"}],"about":[{"href":"https:\/\/fumot.uk\/de\/wp-json\/wp\/v2\/types\/product"}],"replies":[{"embeddable":true,"href":"https:\/\/fumot.uk\/de\/wp-json\/wp\/v2\/comments?post=378"}],"wp:featuredmedia":[{"embeddable":true,"href":"https:\/\/fumot.uk\/de\/wp-json\/wp\/v2\/media\/420"}],"wp:attachment":[{"href":"https:\/\/fumot.uk\/de\/wp-json\/wp\/v2\/media?parent=378"}],"wp:term":[{"taxonomy":"product_brand","embeddable":true,"href":"https:\/\/fumot.uk\/de\/wp-json\/wp\/v2\/product_brand?post=378"},{"taxonomy":"product_cat","embeddable":true,"href":"https:\/\/fumot.uk\/de\/wp-json\/wp\/v2\/product_cat?post=378"},{"taxonomy":"product_tag","embeddable":true,"href":"https:\/\/fumot.uk\/de\/wp-json\/wp\/v2\/product_tag?post=378"}],"curies":[{"name":"wp","href":"https:\/\/api.w.org\/{rel}","templated":true}]}}