{"id":3779,"date":"2026-01-21T04:04:28","date_gmt":"2026-01-21T04:04:28","guid":{"rendered":"https:\/\/fumot.uk\/?post_type=product&#038;p=3779"},"modified":"2026-01-21T09:25:04","modified_gmt":"2026-01-21T09:25:04","slug":"al-fakher-crown-bar-15k-puffs-cherry-fiesta","status":"publish","type":"product","link":"https:\/\/fumot.uk\/de\/product\/al-fakher-crown-bar-15k-puffs-cherry-fiesta\/","title":{"rendered":"AL FAKHER Crown Bar 15K Z\u00fcge Kirsch Fiesta Einweg E-Zigaretten (20ml, 850mAh, Typ\u2011C, LCD)"},"content":{"rendered":"<h3>Cherry Fiesta \u2013 AL FAKHER Crown Bar 15K Puffs<\/h3>\n<p><strong>Kirsche Fiesta<\/strong> bringt ein saftiges, bonbon-s\u00fc\u00dfes Kirschgef\u00fchl mit einem lebhaften \u201cFiesta\u201d-Twist\u2014hell, fruchtig und geschmeidig vom ersten Zug bis zum letzten. Die <strong>AL FAKHER Crown Bar 15K<\/strong> ist f\u00fcr lange Sitzungen und den einfachen t\u00e4glichen Gebrauch gebaut, kombiniert eine gro\u00dfe E-Liquid-Kapazit\u00e4t mit einem wiederaufladbaren Akku und einem klaren Bildschirm f\u00fcr schnelle Status\u00fcberpr\u00fcfungen.<\/p>\n<p>Angetrieben von einem <strong>850mAh wiederaufladbaren Akku<\/strong> und einem <strong>Type\u2011C Schnellladeanschluss<\/strong>, ist diese Einweg-E-Zigarette so konzipiert, dass sie ohne R\u00e4tselraten auskommt. Ein <strong>20ml E-Liquid-Tank<\/strong> und einem <strong>0,6\u03a9 Mesh-Coil<\/strong> hilft, gleichm\u00e4\u00dfigen Dampf und einen klaren, kr\u00e4ftigen Kirschgeschmack zu liefern. Das <strong>integrierte LCD-Display<\/strong> zeigt sowohl den Akku- als auch den E-Liquid-Stand in Echtzeit f\u00fcr zus\u00e4tzlichen Komfort an.<\/p>\n<p>Entdecken Sie mehr Geschmacksrichtungen und Ger\u00e4te bei <a href=\"https:\/\/fumot.uk\/de\/\">fumot.uk<\/a>.<\/p>\n<h4>Hauptmerkmale<\/h4>\n<ul>\n<li><strong>Z\u00fcge:<\/strong> bis zu 15.000<\/li>\n<li><strong>E-Liquid-Kapazit\u00e4t:<\/strong> 20ml<\/li>\n<li><strong>Batterie:<\/strong> 850mAh (wiederaufladbar)<\/li>\n<li><strong>Laden:<\/strong> Type\u2011C<\/li>\n<li><strong>Spule:<\/strong> 0,6\u03a9 Mesh-Coil<\/li>\n<li><strong>Display:<\/strong> LCD (Akku- &amp; E-Liquid-Anzeigen)<\/li>\n<li><strong>Nikotinoptionen:<\/strong> 0% \/ 2% \/ 3% \/ 5%<\/li>\n<\/ul>\n<h4>Geschmacksprofil: Cherry Fiesta<\/h4>\n<ul>\n<li>S\u00fc\u00dfe, reife Kirsch-Frontnote<\/li>\n<li>Heller, festlicher fruchtiger Abgang<\/li>\n<li>Glatter, gleichm\u00e4\u00dfiger Geschmack dank Mesh-Coil-Heizung<\/li>\n<\/ul>\n<p><em>Hinweis:<\/em> Die Anzahl der Z\u00fcge kann je nach Nutzungsgewohnheiten variieren.<\/p>","protected":false},"excerpt":{"rendered":"<p>Cherry Fiesta liefert einen s\u00fc\u00dfen, lebhaften Kirschgeschmack in der AL FAKHER Crown Bar 15K Einweg-E-Zigaretten\u201420ml E-Liquid, 850mAh wiederaufladbar Type\u2011C, 0.6\u03a9 Mesh-Coil und LCD-Display. Nikotin: 0\/2\/3\/5%.<\/p>","protected":false},"featured_media":3809,"comment_status":"open","ping_status":"closed","template":"","meta":[],"product_brand":[],"product_cat":[16,189,17],"product_tag":[60,20,36,72,23,25,26,27,62,28],"class_list":{"0":"post-3779","1":"product","2":"type-product","3":"status-publish","4":"has-post-thumbnail","6":"product_cat-15000-puff","7":"product_cat-al-fakher-crown-bar-15k-puffs","8":"product_cat-vape","9":"product_tag-20ml","10":"product_tag-850mah","11":"product_tag-cherry","12":"product_tag-direct-to-lung","13":"product_tag-display","14":"product_tag-mesh-coil","15":"product_tag-rechargeable","16":"product_tag-rgb-light","17":"product_tag-sale-vape","18":"product_tag-type-c","20":"first","21":"instock","22":"sale","23":"shipping-taxable","24":"purchasable","25":"product-type-variable","26":"has-default-attributes"},"yoast_head":"<!-- This site is optimized with the Yoast SEO plugin v26.8 - https:\/\/yoast.com\/product\/yoast-seo-wordpress\/ -->\n<title>AL FAKHER Crown Bar 15K Cherry Fiesta | fumot.uk<\/title>\n<meta name=\"description\" content=\"AL FAKHER Crown Bar 15K Cherry Fiesta: sweet cherry flavor, up to 15000 puffs, 20ml e-liquid, 850mAh Type\u2011C rechargeable, 0.6\u03a9 mesh coil, LCD display.\" \/>\n<meta name=\"robots\" content=\"index, follow, max-snippet:-1, max-image-preview:large, max-video-preview:-1\" \/>\n<link rel=\"canonical\" href=\"https:\/\/fumot.uk\/de\/product\/al-fakher-crown-bar-15k-puffs-cherry-fiesta\/\" \/>\n<meta property=\"og:locale\" content=\"de_DE\" \/>\n<meta property=\"og:type\" content=\"article\" \/>\n<meta property=\"og:title\" content=\"Cherry Fiesta \u2013 AL FAKHER Crown Bar 15K Puffs\" \/>\n<meta property=\"og:description\" content=\"Sweet, vibrant cherry flavor with up to 15000 puffs. 20ml e-liquid, 850mAh Type\u2011C rechargeable, 0.6\u03a9 mesh coil, and LCD battery\/liquid display.\" \/>\n<meta property=\"og:url\" content=\"https:\/\/fumot.uk\/de\/product\/al-fakher-crown-bar-15k-puffs-cherry-fiesta\/\" \/>\n<meta property=\"og:site_name\" content=\"Fumot Official Direct | Straight from the Factory, 100% Genuine\" \/>\n<meta property=\"article:modified_time\" content=\"2026-01-21T09:25:04+00:00\" \/>\n<meta property=\"og:image\" content=\"https:\/\/fumot.uk\/wp-content\/uploads\/2026\/01\/AL-FAKHER-CROWN-BAR-15k_Cherry-Fiesta-Disposable-Vape.jpg\" \/>\n\t<meta property=\"og:image:width\" content=\"1246\" \/>\n\t<meta property=\"og:image:height\" content=\"1390\" \/>\n\t<meta property=\"og:image:type\" content=\"image\/jpeg\" \/>\n<meta name=\"twitter:card\" content=\"summary_large_image\" \/>\n<meta name=\"twitter:label1\" content=\"Gesch\u00e4tzte Lesezeit\" \/>\n\t<meta name=\"twitter:data1\" content=\"1\u00a0Minute\" \/>\n<script type=\"application\/ld+json\" class=\"yoast-schema-graph\">{\"@context\":\"https:\/\/schema.org\",\"@graph\":[{\"@type\":\"WebPage\",\"@id\":\"https:\/\/fumot.uk\/product\/al-fakher-crown-bar-15k-puffs-cherry-fiesta\/\",\"url\":\"https:\/\/fumot.uk\/product\/al-fakher-crown-bar-15k-puffs-cherry-fiesta\/\",\"name\":\"AL FAKHER Crown Bar 15K Cherry Fiesta | fumot.uk\",\"isPartOf\":{\"@id\":\"https:\/\/fumot.uk\/#website\"},\"primaryImageOfPage\":{\"@id\":\"https:\/\/fumot.uk\/product\/al-fakher-crown-bar-15k-puffs-cherry-fiesta\/#primaryimage\"},\"image\":{\"@id\":\"https:\/\/fumot.uk\/product\/al-fakher-crown-bar-15k-puffs-cherry-fiesta\/#primaryimage\"},\"thumbnailUrl\":\"https:\/\/fumot.uk\/wp-content\/uploads\/2026\/01\/AL-FAKHER-CROWN-BAR-15k_Cherry-Fiesta-Disposable-Vape.jpg\",\"datePublished\":\"2026-01-21T04:04:28+00:00\",\"dateModified\":\"2026-01-21T09:25:04+00:00\",\"description\":\"AL FAKHER Crown Bar 15K Cherry Fiesta: sweet cherry flavor, up to 15000 puffs, 20ml e-liquid, 850mAh Type\u2011C rechargeable, 0.6\u03a9 mesh coil, LCD display.\",\"breadcrumb\":{\"@id\":\"https:\/\/fumot.uk\/product\/al-fakher-crown-bar-15k-puffs-cherry-fiesta\/#breadcrumb\"},\"inLanguage\":\"de\",\"potentialAction\":[{\"@type\":\"ReadAction\",\"target\":[\"https:\/\/fumot.uk\/product\/al-fakher-crown-bar-15k-puffs-cherry-fiesta\/\"]}]},{\"@type\":\"ImageObject\",\"inLanguage\":\"de\",\"@id\":\"https:\/\/fumot.uk\/product\/al-fakher-crown-bar-15k-puffs-cherry-fiesta\/#primaryimage\",\"url\":\"https:\/\/fumot.uk\/wp-content\/uploads\/2026\/01\/AL-FAKHER-CROWN-BAR-15k_Cherry-Fiesta-Disposable-Vape.jpg\",\"contentUrl\":\"https:\/\/fumot.uk\/wp-content\/uploads\/2026\/01\/AL-FAKHER-CROWN-BAR-15k_Cherry-Fiesta-Disposable-Vape.jpg\",\"width\":1246,\"height\":1390},{\"@type\":\"BreadcrumbList\",\"@id\":\"https:\/\/fumot.uk\/product\/al-fakher-crown-bar-15k-puffs-cherry-fiesta\/#breadcrumb\",\"itemListElement\":[{\"@type\":\"ListItem\",\"position\":1,\"name\":\"Home\",\"item\":\"https:\/\/fumot.uk\/\"},{\"@type\":\"ListItem\",\"position\":2,\"name\":\"Shop\",\"item\":\"https:\/\/fumot.uk\/shop\/\"},{\"@type\":\"ListItem\",\"position\":3,\"name\":\"AL FAKHER Crown Bar 15K Puffs Cherry Fiesta Disposable Vape (20ml, 850mAh, Type\u2011C, LCD)\"}]},{\"@type\":\"WebSite\",\"@id\":\"https:\/\/fumot.uk\/#website\",\"url\":\"https:\/\/fumot.uk\/\",\"name\":\"Fumot Official Direct | Straight from the Factory, 100% Genuine\",\"description\":\"Official Website\",\"publisher\":{\"@id\":\"https:\/\/fumot.uk\/#organization\"},\"potentialAction\":[{\"@type\":\"SearchAction\",\"target\":{\"@type\":\"EntryPoint\",\"urlTemplate\":\"https:\/\/fumot.uk\/?s={search_term_string}\"},\"query-input\":{\"@type\":\"PropertyValueSpecification\",\"valueRequired\":true,\"valueName\":\"search_term_string\"}}],\"inLanguage\":\"de\"},{\"@type\":\"Organization\",\"@id\":\"https:\/\/fumot.uk\/#organization\",\"name\":\"Fumot Official Direct | Straight from the Factory, 100% Genuine\",\"url\":\"https:\/\/fumot.uk\/\",\"logo\":{\"@type\":\"ImageObject\",\"inLanguage\":\"de\",\"@id\":\"https:\/\/fumot.uk\/#\/schema\/logo\/image\/\",\"url\":\"https:\/\/fumot.uk\/wp-content\/uploads\/2026\/01\/cropped-fumot-logo1.png\",\"contentUrl\":\"https:\/\/fumot.uk\/wp-content\/uploads\/2026\/01\/cropped-fumot-logo1.png\",\"width\":152,\"height\":106,\"caption\":\"Fumot Official Direct | Straight from the Factory, 100% Genuine\"},\"image\":{\"@id\":\"https:\/\/fumot.uk\/#\/schema\/logo\/image\/\"}}]}<\/script>\n<!-- \/ Yoast SEO plugin. -->","yoast_head_json":{"title":"AL FAKHER Crown Bar 15K Cherry Fiesta | fumot.uk","description":"AL FAKHER Crown Bar 15K Cherry Fiesta: s\u00fc\u00dfer Kirschgeschmack, bis zu 15000 Z\u00fcge, 20ml E-Liquid, 850mAh Typ-C wiederaufladbar, 0.6\u03a9 Mesh-Coil, LCD-Display.","robots":{"index":"index","follow":"follow","max-snippet":"max-snippet:-1","max-image-preview":"max-image-preview:large","max-video-preview":"max-video-preview:-1"},"canonical":"https:\/\/fumot.uk\/de\/product\/al-fakher-crown-bar-15k-puffs-cherry-fiesta\/","og_locale":"de_DE","og_type":"article","og_title":"Cherry Fiesta \u2013 AL FAKHER Crown Bar 15K Puffs","og_description":"Sweet, vibrant cherry flavor with up to 15000 puffs. 20ml e-liquid, 850mAh Type\u2011C rechargeable, 0.6\u03a9 mesh coil, and LCD battery\/liquid display.","og_url":"https:\/\/fumot.uk\/de\/product\/al-fakher-crown-bar-15k-puffs-cherry-fiesta\/","og_site_name":"Fumot Official Direct | Straight from the Factory, 100% Genuine","article_modified_time":"2026-01-21T09:25:04+00:00","og_image":[{"width":1246,"height":1390,"url":"https:\/\/fumot.uk\/wp-content\/uploads\/2026\/01\/AL-FAKHER-CROWN-BAR-15k_Cherry-Fiesta-Disposable-Vape.jpg","type":"image\/jpeg"}],"twitter_card":"summary_large_image","twitter_misc":{"Gesch\u00e4tzte Lesezeit":"1\u00a0Minute"},"schema":{"@context":"https:\/\/schema.org","@graph":[{"@type":"WebPage","@id":"https:\/\/fumot.uk\/product\/al-fakher-crown-bar-15k-puffs-cherry-fiesta\/","url":"https:\/\/fumot.uk\/product\/al-fakher-crown-bar-15k-puffs-cherry-fiesta\/","name":"AL FAKHER Crown Bar 15K Cherry Fiesta | fumot.uk","isPartOf":{"@id":"https:\/\/fumot.uk\/#website"},"primaryImageOfPage":{"@id":"https:\/\/fumot.uk\/product\/al-fakher-crown-bar-15k-puffs-cherry-fiesta\/#primaryimage"},"image":{"@id":"https:\/\/fumot.uk\/product\/al-fakher-crown-bar-15k-puffs-cherry-fiesta\/#primaryimage"},"thumbnailUrl":"https:\/\/fumot.uk\/wp-content\/uploads\/2026\/01\/AL-FAKHER-CROWN-BAR-15k_Cherry-Fiesta-Disposable-Vape.jpg","datePublished":"2026-01-21T04:04:28+00:00","dateModified":"2026-01-21T09:25:04+00:00","description":"AL FAKHER Crown Bar 15K Cherry Fiesta: s\u00fc\u00dfer Kirschgeschmack, bis zu 15000 Z\u00fcge, 20ml E-Liquid, 850mAh Typ-C wiederaufladbar, 0.6\u03a9 Mesh-Coil, LCD-Display.","breadcrumb":{"@id":"https:\/\/fumot.uk\/product\/al-fakher-crown-bar-15k-puffs-cherry-fiesta\/#breadcrumb"},"inLanguage":"de","potentialAction":[{"@type":"ReadAction","target":["https:\/\/fumot.uk\/product\/al-fakher-crown-bar-15k-puffs-cherry-fiesta\/"]}]},{"@type":"ImageObject","inLanguage":"de","@id":"https:\/\/fumot.uk\/product\/al-fakher-crown-bar-15k-puffs-cherry-fiesta\/#primaryimage","url":"https:\/\/fumot.uk\/wp-content\/uploads\/2026\/01\/AL-FAKHER-CROWN-BAR-15k_Cherry-Fiesta-Disposable-Vape.jpg","contentUrl":"https:\/\/fumot.uk\/wp-content\/uploads\/2026\/01\/AL-FAKHER-CROWN-BAR-15k_Cherry-Fiesta-Disposable-Vape.jpg","width":1246,"height":1390},{"@type":"BreadcrumbList","@id":"https:\/\/fumot.uk\/product\/al-fakher-crown-bar-15k-puffs-cherry-fiesta\/#breadcrumb","itemListElement":[{"@type":"ListItem","position":1,"name":"Home","item":"https:\/\/fumot.uk\/"},{"@type":"ListItem","position":2,"name":"Shop","item":"https:\/\/fumot.uk\/shop\/"},{"@type":"ListItem","position":3,"name":"AL FAKHER Crown Bar 15K Puffs Cherry Fiesta Disposable Vape (20ml, 850mAh, Type\u2011C, LCD)"}]},{"@type":"WebSite","@id":"https:\/\/fumot.uk\/#website","url":"https:\/\/fumot.uk\/","name":"Fumot Offizieller Direkt | Direkt aus der Fabrik, 100% Original","description":"Offizielle Webseite","publisher":{"@id":"https:\/\/fumot.uk\/#organization"},"potentialAction":[{"@type":"SearchAction","target":{"@type":"EntryPoint","urlTemplate":"https:\/\/fumot.uk\/?s={search_term_string}"},"query-input":{"@type":"PropertyValueSpecification","valueRequired":true,"valueName":"search_term_string"}}],"inLanguage":"de"},{"@type":"Organization","@id":"https:\/\/fumot.uk\/#organization","name":"Fumot Offizieller Direkt | Direkt aus der Fabrik, 100% Original","url":"https:\/\/fumot.uk\/","logo":{"@type":"ImageObject","inLanguage":"de","@id":"https:\/\/fumot.uk\/#\/schema\/logo\/image\/","url":"https:\/\/fumot.uk\/wp-content\/uploads\/2026\/01\/cropped-fumot-logo1.png","contentUrl":"https:\/\/fumot.uk\/wp-content\/uploads\/2026\/01\/cropped-fumot-logo1.png","width":152,"height":106,"caption":"Fumot Official Direct | Straight from the Factory, 100% Genuine"},"image":{"@id":"https:\/\/fumot.uk\/#\/schema\/logo\/image\/"}}]}},"_links":{"self":[{"href":"https:\/\/fumot.uk\/de\/wp-json\/wp\/v2\/product\/3779","targetHints":{"allow":["GET"]}}],"collection":[{"href":"https:\/\/fumot.uk\/de\/wp-json\/wp\/v2\/product"}],"about":[{"href":"https:\/\/fumot.uk\/de\/wp-json\/wp\/v2\/types\/product"}],"replies":[{"embeddable":true,"href":"https:\/\/fumot.uk\/de\/wp-json\/wp\/v2\/comments?post=3779"}],"wp:featuredmedia":[{"embeddable":true,"href":"https:\/\/fumot.uk\/de\/wp-json\/wp\/v2\/media\/3809"}],"wp:attachment":[{"href":"https:\/\/fumot.uk\/de\/wp-json\/wp\/v2\/media?parent=3779"}],"wp:term":[{"taxonomy":"product_brand","embeddable":true,"href":"https:\/\/fumot.uk\/de\/wp-json\/wp\/v2\/product_brand?post=3779"},{"taxonomy":"product_cat","embeddable":true,"href":"https:\/\/fumot.uk\/de\/wp-json\/wp\/v2\/product_cat?post=3779"},{"taxonomy":"product_tag","embeddable":true,"href":"https:\/\/fumot.uk\/de\/wp-json\/wp\/v2\/product_tag?post=3779"}],"curies":[{"name":"wp","href":"https:\/\/api.w.org\/{rel}","templated":true}]}}