{"id":372,"date":"2026-01-20T02:43:44","date_gmt":"2026-01-20T02:43:44","guid":{"rendered":"https:\/\/fumot.uk\/?post_type=product&#038;p=372"},"modified":"2026-01-20T07:06:01","modified_gmt":"2026-01-20T07:06:01","slug":"peach-mango-randm-tornado-12000-puffs","status":"publish","type":"product","link":"https:\/\/fumot.uk\/de\/product\/peach-mango-randm-tornado-12000-puffs\/","title":{"rendered":"RandM Tornado 12000 Z\u00fcge Pfirsich Mango Einweg E-Zigaretten (20ml, 850mAh, LED-Anzeige)"},"content":{"rendered":"<p><strong>RandM Tornado 12000 Z\u00fcge Pfirsich Mango<\/strong> liefert eine helle, tropische Fruchtmischung in einer eleganten, modernen Einweg-E-Zigaretten. Entwickelt f\u00fcr den t\u00e4glichen Komfort, bietet sie eine gro\u00dfz\u00fcgige <strong>20ml E-Liquid-Kapazit\u00e4t<\/strong>, eine <strong>wiederaufladbaren 850mAh Akku<\/strong>, und einem klaren <strong>LED-Display<\/strong> , die Batteriestand und E-Liquid-Level auf einen Blick anzeigt.<\/p>\n<p><strong>Geschmack: Pfirsich Mango<\/strong><br \/>Sanfte Pfirsichs\u00fc\u00dfe trifft auf den exotischen, reifen Geschmack von Mango f\u00fcr einen ausgewogenen Inhalationszug\u2014saftig, leicht s\u00e4uerlich und erfrischend sommerlich. Eine gro\u00dfartige Wahl, wenn Sie fruchtige Profile m\u00f6gen, die vom ersten bis zum letzten Zug lebendig bleiben.<\/p>\n<h3>Hauptmerkmale<\/h3>\n<ul>\n<li><strong>Bis zu 12000 Z\u00fcge<\/strong> pro Ger\u00e4t (Nutzung variiert)<\/li>\n<li><strong>20ml<\/strong> vorgef\u00fclltes E-Liquid<\/li>\n<li><strong>Nikotinsalz-Optionen:<\/strong> 0% \/ 2% \/ 3% \/ 5%<\/li>\n<li><strong>Wiederaufladbar 850mAh<\/strong> eingebaute Batterie<\/li>\n<li><strong>USB Typ-C<\/strong> Aufladen<\/li>\n<li><strong>LED-Display<\/strong> f\u00fcr Batterie- &amp; E-Liquid-Status<\/li>\n<li><strong>Mesh-Spule<\/strong> f\u00fcr gleichm\u00e4\u00dfigen, konsistenten Geschmack und Dampf<\/li>\n<li>Teil der <strong>RandM Tornado 12000<\/strong> Serie mit mehreren verf\u00fcgbaren Geschmacksrichtungen<\/li>\n<\/ul>\n<h3>Warum Sie es m\u00f6gen werden<\/h3>\n<ul>\n<li><strong>Einfach zu bedienen:<\/strong> kein Nachf\u00fcllen, kein Wechseln der Spule<\/li>\n<li><strong>Behalten Sie die Kontrolle:<\/strong> wissen, wann Sie aufladen m\u00fcssen und wie viel E-Liquid \u00fcbrig ist<\/li>\n<li><strong>Fruchtbetonter Geschmack:<\/strong> Pfirsich-und-Mango-Harmonie mit einem sauberen Abgang<\/li>\n<\/ul>\n<p>Entdecken Sie weitere Optionen in unserer <a href=\"https:\/\/fumot.uk\/de\/product-category\/12000-puff\/\">12000 Z\u00fcge Einweg-E-Zigaretten-Kollektion<\/a> und entdecken Sie die vollst\u00e4ndige <a href=\"https:\/\/fumot.uk\/de\/product-category\/randm-tornado-12000-puffs\/\">RandM Tornado 12000 Z\u00fcge Reihe<\/a> on <a href=\"https:\/\/fumot.uk\/de\/\">fumot.uk<\/a>.<\/p>","protected":false},"excerpt":{"rendered":"<p>RandM Tornado 12000 Z\u00fcge Pfirsich Mango Einweg-E-Zigaretten mit 20ml E-Liquid, wiederaufladbarem 850mAh Akku, LED-Anzeige f\u00fcr Akku\/Liquid, Mesh-Coil und 0\/2\/3\/5% Nikotinoptionen.<\/p>","protected":false},"featured_media":397,"comment_status":"open","ping_status":"closed","template":"","meta":[],"product_brand":[],"product_cat":[58,59,17],"product_tag":[60,20,23,42,25,30,26,62,28],"class_list":{"0":"post-372","1":"product","2":"type-product","3":"status-publish","4":"has-post-thumbnail","6":"product_cat-12000-puff","7":"product_cat-randm-tornado-12000-puffs","8":"product_cat-vape","9":"product_tag-20ml","10":"product_tag-850mah","11":"product_tag-display","12":"product_tag-mango","13":"product_tag-mesh-coil","14":"product_tag-peach","15":"product_tag-rechargeable","16":"product_tag-sale-vape","17":"product_tag-type-c","19":"first","20":"instock","21":"sale","22":"shipping-taxable","23":"purchasable","24":"product-type-variable","25":"has-default-attributes"},"yoast_head":"<!-- This site is optimized with the Yoast SEO plugin v26.8 - https:\/\/yoast.com\/product\/yoast-seo-wordpress\/ -->\n<title>RandM Tornado 12000 Peach Mango | 20ml LED Display<\/title>\n<meta name=\"description\" content=\"RandM Tornado 12000 Puffs Peach Mango: juicy peach &amp; ripe mango flavor, 20ml e-liquid, rechargeable 850mAh, mesh coil, LED battery\/liquid display.\" \/>\n<meta name=\"robots\" content=\"index, follow, max-snippet:-1, max-image-preview:large, max-video-preview:-1\" \/>\n<link rel=\"canonical\" href=\"https:\/\/fumot.uk\/de\/product\/peach-mango-randm-tornado-12000-puffs\/\" \/>\n<meta property=\"og:locale\" content=\"de_DE\" \/>\n<meta property=\"og:type\" content=\"article\" \/>\n<meta property=\"og:title\" content=\"Peach Mango RandM Tornado 12000 Puffs (20ml, LED Display)\" \/>\n<meta property=\"og:description\" content=\"A smooth peach-and-mango disposable vape with 20ml e-liquid, rechargeable 850mAh battery, mesh coil, and an LED display for battery &amp; liquid.\" \/>\n<meta property=\"og:url\" content=\"https:\/\/fumot.uk\/de\/product\/peach-mango-randm-tornado-12000-puffs\/\" \/>\n<meta property=\"og:site_name\" content=\"Fumot Official Direct | Straight from the Factory, 100% Genuine\" \/>\n<meta property=\"article:modified_time\" content=\"2026-01-20T07:06:01+00:00\" \/>\n<meta property=\"og:image\" content=\"https:\/\/fumot.uk\/wp-content\/uploads\/2026\/01\/Randm-Tornado-12000-Puffs-Peach-mango-Disposable-Vape-scaled-1.jpg\" \/>\n\t<meta property=\"og:image:width\" content=\"2560\" \/>\n\t<meta property=\"og:image:height\" content=\"2560\" \/>\n\t<meta property=\"og:image:type\" content=\"image\/jpeg\" \/>\n<meta name=\"twitter:card\" content=\"summary_large_image\" \/>\n<meta name=\"twitter:label1\" content=\"Gesch\u00e4tzte Lesezeit\" \/>\n\t<meta name=\"twitter:data1\" content=\"2\u00a0Minuten\" \/>\n<script type=\"application\/ld+json\" class=\"yoast-schema-graph\">{\"@context\":\"https:\/\/schema.org\",\"@graph\":[{\"@type\":\"WebPage\",\"@id\":\"https:\/\/fumot.uk\/product\/peach-mango-randm-tornado-12000-puffs\/\",\"url\":\"https:\/\/fumot.uk\/product\/peach-mango-randm-tornado-12000-puffs\/\",\"name\":\"RandM Tornado 12000 Peach Mango | 20ml LED Display\",\"isPartOf\":{\"@id\":\"https:\/\/fumot.uk\/#website\"},\"primaryImageOfPage\":{\"@id\":\"https:\/\/fumot.uk\/product\/peach-mango-randm-tornado-12000-puffs\/#primaryimage\"},\"image\":{\"@id\":\"https:\/\/fumot.uk\/product\/peach-mango-randm-tornado-12000-puffs\/#primaryimage\"},\"thumbnailUrl\":\"https:\/\/fumot.uk\/wp-content\/uploads\/2026\/01\/Randm-Tornado-12000-Puffs-Peach-mango-Disposable-Vape-scaled-1.jpg\",\"datePublished\":\"2026-01-20T02:43:44+00:00\",\"dateModified\":\"2026-01-20T07:06:01+00:00\",\"description\":\"RandM Tornado 12000 Puffs Peach Mango: juicy peach & ripe mango flavor, 20ml e-liquid, rechargeable 850mAh, mesh coil, LED battery\/liquid display.\",\"breadcrumb\":{\"@id\":\"https:\/\/fumot.uk\/product\/peach-mango-randm-tornado-12000-puffs\/#breadcrumb\"},\"inLanguage\":\"de\",\"potentialAction\":[{\"@type\":\"ReadAction\",\"target\":[\"https:\/\/fumot.uk\/product\/peach-mango-randm-tornado-12000-puffs\/\"]}]},{\"@type\":\"ImageObject\",\"inLanguage\":\"de\",\"@id\":\"https:\/\/fumot.uk\/product\/peach-mango-randm-tornado-12000-puffs\/#primaryimage\",\"url\":\"https:\/\/fumot.uk\/wp-content\/uploads\/2026\/01\/Randm-Tornado-12000-Puffs-Peach-mango-Disposable-Vape-scaled-1.jpg\",\"contentUrl\":\"https:\/\/fumot.uk\/wp-content\/uploads\/2026\/01\/Randm-Tornado-12000-Puffs-Peach-mango-Disposable-Vape-scaled-1.jpg\",\"width\":2560,\"height\":2560},{\"@type\":\"BreadcrumbList\",\"@id\":\"https:\/\/fumot.uk\/product\/peach-mango-randm-tornado-12000-puffs\/#breadcrumb\",\"itemListElement\":[{\"@type\":\"ListItem\",\"position\":1,\"name\":\"Home\",\"item\":\"https:\/\/fumot.uk\/\"},{\"@type\":\"ListItem\",\"position\":2,\"name\":\"Shop\",\"item\":\"https:\/\/fumot.uk\/shop\/\"},{\"@type\":\"ListItem\",\"position\":3,\"name\":\"RandM Tornado 12000 Puffs Peach Mango Disposable Vape (20ml, 850mAh, LED Display)\"}]},{\"@type\":\"WebSite\",\"@id\":\"https:\/\/fumot.uk\/#website\",\"url\":\"https:\/\/fumot.uk\/\",\"name\":\"Fumot Official Direct | Straight from the Factory, 100% Genuine\",\"description\":\"Official Website\",\"publisher\":{\"@id\":\"https:\/\/fumot.uk\/#organization\"},\"potentialAction\":[{\"@type\":\"SearchAction\",\"target\":{\"@type\":\"EntryPoint\",\"urlTemplate\":\"https:\/\/fumot.uk\/?s={search_term_string}\"},\"query-input\":{\"@type\":\"PropertyValueSpecification\",\"valueRequired\":true,\"valueName\":\"search_term_string\"}}],\"inLanguage\":\"de\"},{\"@type\":\"Organization\",\"@id\":\"https:\/\/fumot.uk\/#organization\",\"name\":\"Fumot Official Direct | Straight from the Factory, 100% Genuine\",\"url\":\"https:\/\/fumot.uk\/\",\"logo\":{\"@type\":\"ImageObject\",\"inLanguage\":\"de\",\"@id\":\"https:\/\/fumot.uk\/#\/schema\/logo\/image\/\",\"url\":\"https:\/\/fumot.uk\/wp-content\/uploads\/2026\/01\/cropped-fumot-logo1.png\",\"contentUrl\":\"https:\/\/fumot.uk\/wp-content\/uploads\/2026\/01\/cropped-fumot-logo1.png\",\"width\":152,\"height\":106,\"caption\":\"Fumot Official Direct | Straight from the Factory, 100% Genuine\"},\"image\":{\"@id\":\"https:\/\/fumot.uk\/#\/schema\/logo\/image\/\"}}]}<\/script>\n<!-- \/ Yoast SEO plugin. -->","yoast_head_json":{"title":"RandM Tornado 12000 Pfirsich Mango | 20ml LED Display","description":"RandM Tornado 12000 Puffs Pfirsich Mango: saftiger Pfirsich- &amp; reifer Mangogeschmack, 20ml E-Liquid, wiederaufladbar 850mAh, Mesh-Spule, LED-Anzeige f\u00fcr Akku\/Liquid.","robots":{"index":"index","follow":"follow","max-snippet":"max-snippet:-1","max-image-preview":"max-image-preview:large","max-video-preview":"max-video-preview:-1"},"canonical":"https:\/\/fumot.uk\/de\/product\/peach-mango-randm-tornado-12000-puffs\/","og_locale":"de_DE","og_type":"article","og_title":"Peach Mango RandM Tornado 12000 Puffs (20ml, LED Display)","og_description":"A smooth peach-and-mango disposable vape with 20ml e-liquid, rechargeable 850mAh battery, mesh coil, and an LED display for battery & liquid.","og_url":"https:\/\/fumot.uk\/de\/product\/peach-mango-randm-tornado-12000-puffs\/","og_site_name":"Fumot Official Direct | Straight from the Factory, 100% Genuine","article_modified_time":"2026-01-20T07:06:01+00:00","og_image":[{"width":2560,"height":2560,"url":"https:\/\/fumot.uk\/wp-content\/uploads\/2026\/01\/Randm-Tornado-12000-Puffs-Peach-mango-Disposable-Vape-scaled-1.jpg","type":"image\/jpeg"}],"twitter_card":"summary_large_image","twitter_misc":{"Gesch\u00e4tzte Lesezeit":"2\u00a0Minuten"},"schema":{"@context":"https:\/\/schema.org","@graph":[{"@type":"WebPage","@id":"https:\/\/fumot.uk\/product\/peach-mango-randm-tornado-12000-puffs\/","url":"https:\/\/fumot.uk\/product\/peach-mango-randm-tornado-12000-puffs\/","name":"RandM Tornado 12000 Pfirsich Mango | 20ml LED Display","isPartOf":{"@id":"https:\/\/fumot.uk\/#website"},"primaryImageOfPage":{"@id":"https:\/\/fumot.uk\/product\/peach-mango-randm-tornado-12000-puffs\/#primaryimage"},"image":{"@id":"https:\/\/fumot.uk\/product\/peach-mango-randm-tornado-12000-puffs\/#primaryimage"},"thumbnailUrl":"https:\/\/fumot.uk\/wp-content\/uploads\/2026\/01\/Randm-Tornado-12000-Puffs-Peach-mango-Disposable-Vape-scaled-1.jpg","datePublished":"2026-01-20T02:43:44+00:00","dateModified":"2026-01-20T07:06:01+00:00","description":"RandM Tornado 12000 Puffs Pfirsich Mango: saftiger Pfirsich- &amp; reifer Mangogeschmack, 20ml E-Liquid, wiederaufladbar 850mAh, Mesh-Spule, LED-Anzeige f\u00fcr Akku\/Liquid.","breadcrumb":{"@id":"https:\/\/fumot.uk\/product\/peach-mango-randm-tornado-12000-puffs\/#breadcrumb"},"inLanguage":"de","potentialAction":[{"@type":"ReadAction","target":["https:\/\/fumot.uk\/product\/peach-mango-randm-tornado-12000-puffs\/"]}]},{"@type":"ImageObject","inLanguage":"de","@id":"https:\/\/fumot.uk\/product\/peach-mango-randm-tornado-12000-puffs\/#primaryimage","url":"https:\/\/fumot.uk\/wp-content\/uploads\/2026\/01\/Randm-Tornado-12000-Puffs-Peach-mango-Disposable-Vape-scaled-1.jpg","contentUrl":"https:\/\/fumot.uk\/wp-content\/uploads\/2026\/01\/Randm-Tornado-12000-Puffs-Peach-mango-Disposable-Vape-scaled-1.jpg","width":2560,"height":2560},{"@type":"BreadcrumbList","@id":"https:\/\/fumot.uk\/product\/peach-mango-randm-tornado-12000-puffs\/#breadcrumb","itemListElement":[{"@type":"ListItem","position":1,"name":"Home","item":"https:\/\/fumot.uk\/"},{"@type":"ListItem","position":2,"name":"Shop","item":"https:\/\/fumot.uk\/shop\/"},{"@type":"ListItem","position":3,"name":"RandM Tornado 12000 Puffs Peach Mango Disposable Vape (20ml, 850mAh, LED Display)"}]},{"@type":"WebSite","@id":"https:\/\/fumot.uk\/#website","url":"https:\/\/fumot.uk\/","name":"Fumot Offizieller Direkt | Direkt aus der Fabrik, 100% Original","description":"Offizielle Webseite","publisher":{"@id":"https:\/\/fumot.uk\/#organization"},"potentialAction":[{"@type":"SearchAction","target":{"@type":"EntryPoint","urlTemplate":"https:\/\/fumot.uk\/?s={search_term_string}"},"query-input":{"@type":"PropertyValueSpecification","valueRequired":true,"valueName":"search_term_string"}}],"inLanguage":"de"},{"@type":"Organization","@id":"https:\/\/fumot.uk\/#organization","name":"Fumot Offizieller Direkt | Direkt aus der Fabrik, 100% Original","url":"https:\/\/fumot.uk\/","logo":{"@type":"ImageObject","inLanguage":"de","@id":"https:\/\/fumot.uk\/#\/schema\/logo\/image\/","url":"https:\/\/fumot.uk\/wp-content\/uploads\/2026\/01\/cropped-fumot-logo1.png","contentUrl":"https:\/\/fumot.uk\/wp-content\/uploads\/2026\/01\/cropped-fumot-logo1.png","width":152,"height":106,"caption":"Fumot Official Direct | Straight from the Factory, 100% Genuine"},"image":{"@id":"https:\/\/fumot.uk\/#\/schema\/logo\/image\/"}}]}},"_links":{"self":[{"href":"https:\/\/fumot.uk\/de\/wp-json\/wp\/v2\/product\/372","targetHints":{"allow":["GET"]}}],"collection":[{"href":"https:\/\/fumot.uk\/de\/wp-json\/wp\/v2\/product"}],"about":[{"href":"https:\/\/fumot.uk\/de\/wp-json\/wp\/v2\/types\/product"}],"replies":[{"embeddable":true,"href":"https:\/\/fumot.uk\/de\/wp-json\/wp\/v2\/comments?post=372"}],"wp:featuredmedia":[{"embeddable":true,"href":"https:\/\/fumot.uk\/de\/wp-json\/wp\/v2\/media\/397"}],"wp:attachment":[{"href":"https:\/\/fumot.uk\/de\/wp-json\/wp\/v2\/media?parent=372"}],"wp:term":[{"taxonomy":"product_brand","embeddable":true,"href":"https:\/\/fumot.uk\/de\/wp-json\/wp\/v2\/product_brand?post=372"},{"taxonomy":"product_cat","embeddable":true,"href":"https:\/\/fumot.uk\/de\/wp-json\/wp\/v2\/product_cat?post=372"},{"taxonomy":"product_tag","embeddable":true,"href":"https:\/\/fumot.uk\/de\/wp-json\/wp\/v2\/product_tag?post=372"}],"curies":[{"name":"wp","href":"https:\/\/api.w.org\/{rel}","templated":true}]}}