{"id":361,"date":"2026-01-20T02:43:42","date_gmt":"2026-01-20T02:43:42","guid":{"rendered":"https:\/\/fumot.uk\/?post_type=product&#038;p=361"},"modified":"2026-01-20T07:10:51","modified_gmt":"2026-01-20T07:10:51","slug":"ice-pop-randm-tornado-12000-puffs","status":"publish","type":"product","link":"https:\/\/fumot.uk\/de\/product\/ice-pop-randm-tornado-12000-puffs\/","title":{"rendered":"Eis-Pop R&amp;M Tornado 12000 Z\u00fcge Einweg-E-Zigaretten \u2013 20ml, Wiederaufladbar 850mAh, LED-Anzeige"},"content":{"rendered":"<p><strong>Ice Pop R&amp;M (RandM) Tornado 12000 Z\u00fcge<\/strong> bietet ein sauberes, modernes Aussehen mit der Leistung, die Sie f\u00fcr das t\u00e4gliche Dampfen w\u00fcnschen. Gebaut mit einem klaren <strong>LED-Display<\/strong> f\u00fcr Batterie- und E-Liquid-Status, eine zuverl\u00e4ssige <strong>850mAh wiederaufladbaren Akku<\/strong>, und sanftem <strong>Mesh-Spule<\/strong> Technologie, es ist darauf ausgelegt, jeden Zug vom ersten bis zum letzten konsistent zu halten.<\/p>\n<p><strong>Geschmack: Ice Pop<\/strong><br \/>\nK\u00fchl, fruchtig und erfrischend s\u00fc\u00df\u2014<strong>Ice Pop<\/strong> f\u00e4ngt das gerade ausgepackte gefrorene Pop-Gef\u00fchl ein. Sie werden geschichtete Fruchtnoten mit einem knackigen eisigen Finish schmecken, das sich leicht und befriedigend anf\u00fchlt, was es zu einer gro\u00dfartigen Wahl f\u00fcr warme Tage oder wann immer Sie ein gek\u00fchltes, bonbonartiges Fruchtprofil ohne \u00dcberw\u00e4ltigung w\u00fcnschen.<\/p>\n<h3>Hauptmerkmale<\/h3>\n<ul>\n<li><strong>Bis zu 12000 Z\u00fcge<\/strong> pro Ger\u00e4t (Nutzung variiert)<\/li>\n<li><strong>20ml E-Liquid<\/strong> Kapazit\u00e4t<\/li>\n<li><strong>Nikotinsalz-Optionen:<\/strong> 0% \/ 2% \/ 3% \/ 5%<\/li>\n<li><strong>LED-Bildschirm<\/strong> zeigt Batterie- und E-Liquid-Stand<\/li>\n<li><strong>850mAh eingebaute wiederaufladbare Batterie<\/strong><\/li>\n<li><strong>Mesh-Spule<\/strong> f\u00fcr eine gleichm\u00e4\u00dfige, gleichm\u00e4\u00dfige Geschmacksabgabe<\/li>\n<li><strong>Typ-C wiederaufladbar<\/strong> Bequemlichkeit<\/li>\n<li><strong>40 Geschmacksrichtungen verf\u00fcgbar<\/strong> in der Serie<\/li>\n<\/ul>\n<h3>Warum den Tornado 12000 in Ice Pop w\u00e4hlen?<\/h3>\n<ul>\n<li><strong>Erfrischender Geschmack:<\/strong> eine eisige Fruchtmischung, die hell und sauber bleibt<\/li>\n<li><strong>Einfache \u00dcberwachung:<\/strong> wissen, wann aufgeladen werden muss und wann das E-Liquid zur Neige geht<\/li>\n<li><strong>T\u00e4glich bereit:<\/strong> wiederaufladbare Batterie hilft Ihnen, das Beste aus der 20ml-F\u00fcllung herauszuholen<\/li>\n<\/ul>\n<p>Entdecken Sie mehr Geschm\u00e4cker und das gesamte Sortiment auf <a href=\"https:\/\/fumot.uk\/de\/\">fumot.uk<\/a>. Suchen Sie die komplette Kollektion? Durchsuchen Sie das <a href=\"https:\/\/fumot.uk\/de\/product-category\/randm-tornado-12000-puffs\/\">R&amp;M Tornado 12000 Z\u00fcge<\/a> Sortiment und finden Sie Ihren n\u00e4chsten Favoriten.<\/p>","protected":false},"excerpt":{"rendered":"<p>R&amp;M Tornado 12000 Puffs in Ice Pop: k\u00fchle fruchtige S\u00fc\u00dfe mit einem eisigen Abgang. 20ml E-Liquid, wiederaufladbare 850mAh Batterie, Mesh-Coil und LED-Anzeige f\u00fcr Batterie\/E-Liquid. Nikotinsalze: 0\/2\/3\/5%.<\/p>","protected":false},"featured_media":386,"comment_status":"open","ping_status":"closed","template":"","meta":[],"product_brand":[],"product_cat":[58,59,17],"product_tag":[60,20,23,29,25,26,62,28],"class_list":{"0":"post-361","1":"product","2":"type-product","3":"status-publish","4":"has-post-thumbnail","6":"product_cat-12000-puff","7":"product_cat-randm-tornado-12000-puffs","8":"product_cat-vape","9":"product_tag-20ml","10":"product_tag-850mah","11":"product_tag-display","12":"product_tag-ice","13":"product_tag-mesh-coil","14":"product_tag-rechargeable","15":"product_tag-sale-vape","16":"product_tag-type-c","18":"first","19":"instock","20":"sale","21":"shipping-taxable","22":"purchasable","23":"product-type-variable","24":"has-default-attributes"},"yoast_head":"<!-- This site is optimized with the Yoast SEO plugin v26.8 - https:\/\/yoast.com\/product\/yoast-seo-wordpress\/ -->\n<title>Ice Pop R&amp;M Tornado 12000 Puffs \u2013 20ml Rechargeable<\/title>\n<meta name=\"description\" content=\"Ice Pop R&amp;M Tornado 12000 Puffs disposable vape: 20ml e-liquid, 850mAh rechargeable, mesh coil, LED battery\/e-liquid display. 0\/2\/3\/5% nic.\" \/>\n<meta name=\"robots\" content=\"index, follow, max-snippet:-1, max-image-preview:large, max-video-preview:-1\" \/>\n<link rel=\"canonical\" href=\"https:\/\/fumot.uk\/de\/product\/ice-pop-randm-tornado-12000-puffs\/\" \/>\n<meta property=\"og:locale\" content=\"de_DE\" \/>\n<meta property=\"og:type\" content=\"article\" \/>\n<meta property=\"og:title\" content=\"Ice Pop R&amp;M Tornado 12000 Puffs \u2013 Cool Fruity Refresh\" \/>\n<meta property=\"og:description\" content=\"Taste the Ice Pop flavor on the R&amp;M Tornado 12000: cool fruity sweetness, mesh coil smoothness, LED display, 20ml e-liquid and 850mAh rechargeable battery.\" \/>\n<meta property=\"og:url\" content=\"https:\/\/fumot.uk\/de\/product\/ice-pop-randm-tornado-12000-puffs\/\" \/>\n<meta property=\"og:site_name\" content=\"Fumot Official Direct | Straight from the Factory, 100% Genuine\" \/>\n<meta property=\"article:modified_time\" content=\"2026-01-20T07:10:51+00:00\" \/>\n<meta property=\"og:image\" content=\"https:\/\/fumot.uk\/wp-content\/uploads\/2026\/01\/Randm-Tornado-12000-Puffs-Ice-Pop-Disposable-Vape.jpg\" \/>\n\t<meta property=\"og:image:width\" content=\"2000\" \/>\n\t<meta property=\"og:image:height\" content=\"2000\" \/>\n\t<meta property=\"og:image:type\" content=\"image\/jpeg\" \/>\n<meta name=\"twitter:card\" content=\"summary_large_image\" \/>\n<meta name=\"twitter:label1\" content=\"Gesch\u00e4tzte Lesezeit\" \/>\n\t<meta name=\"twitter:data1\" content=\"1\u00a0Minute\" \/>\n<script type=\"application\/ld+json\" class=\"yoast-schema-graph\">{\"@context\":\"https:\/\/schema.org\",\"@graph\":[{\"@type\":\"WebPage\",\"@id\":\"https:\/\/fumot.uk\/product\/ice-pop-randm-tornado-12000-puffs\/\",\"url\":\"https:\/\/fumot.uk\/product\/ice-pop-randm-tornado-12000-puffs\/\",\"name\":\"Ice Pop R&M Tornado 12000 Puffs \u2013 20ml Rechargeable\",\"isPartOf\":{\"@id\":\"https:\/\/fumot.uk\/#website\"},\"primaryImageOfPage\":{\"@id\":\"https:\/\/fumot.uk\/product\/ice-pop-randm-tornado-12000-puffs\/#primaryimage\"},\"image\":{\"@id\":\"https:\/\/fumot.uk\/product\/ice-pop-randm-tornado-12000-puffs\/#primaryimage\"},\"thumbnailUrl\":\"https:\/\/fumot.uk\/wp-content\/uploads\/2026\/01\/Randm-Tornado-12000-Puffs-Ice-Pop-Disposable-Vape.jpg\",\"datePublished\":\"2026-01-20T02:43:42+00:00\",\"dateModified\":\"2026-01-20T07:10:51+00:00\",\"description\":\"Ice Pop R&M Tornado 12000 Puffs disposable vape: 20ml e-liquid, 850mAh rechargeable, mesh coil, LED battery\/e-liquid display. 0\/2\/3\/5% nic.\",\"breadcrumb\":{\"@id\":\"https:\/\/fumot.uk\/product\/ice-pop-randm-tornado-12000-puffs\/#breadcrumb\"},\"inLanguage\":\"de\",\"potentialAction\":[{\"@type\":\"ReadAction\",\"target\":[\"https:\/\/fumot.uk\/product\/ice-pop-randm-tornado-12000-puffs\/\"]}]},{\"@type\":\"ImageObject\",\"inLanguage\":\"de\",\"@id\":\"https:\/\/fumot.uk\/product\/ice-pop-randm-tornado-12000-puffs\/#primaryimage\",\"url\":\"https:\/\/fumot.uk\/wp-content\/uploads\/2026\/01\/Randm-Tornado-12000-Puffs-Ice-Pop-Disposable-Vape.jpg\",\"contentUrl\":\"https:\/\/fumot.uk\/wp-content\/uploads\/2026\/01\/Randm-Tornado-12000-Puffs-Ice-Pop-Disposable-Vape.jpg\",\"width\":2000,\"height\":2000},{\"@type\":\"BreadcrumbList\",\"@id\":\"https:\/\/fumot.uk\/product\/ice-pop-randm-tornado-12000-puffs\/#breadcrumb\",\"itemListElement\":[{\"@type\":\"ListItem\",\"position\":1,\"name\":\"Home\",\"item\":\"https:\/\/fumot.uk\/\"},{\"@type\":\"ListItem\",\"position\":2,\"name\":\"Shop\",\"item\":\"https:\/\/fumot.uk\/shop\/\"},{\"@type\":\"ListItem\",\"position\":3,\"name\":\"Ice Pop R&#038;M Tornado 12000 Puffs Disposable Vape \u2013 20ml, Rechargeable 850mAh, LED Display\"}]},{\"@type\":\"WebSite\",\"@id\":\"https:\/\/fumot.uk\/#website\",\"url\":\"https:\/\/fumot.uk\/\",\"name\":\"Fumot Official Direct | Straight from the Factory, 100% Genuine\",\"description\":\"Official Website\",\"publisher\":{\"@id\":\"https:\/\/fumot.uk\/#organization\"},\"potentialAction\":[{\"@type\":\"SearchAction\",\"target\":{\"@type\":\"EntryPoint\",\"urlTemplate\":\"https:\/\/fumot.uk\/?s={search_term_string}\"},\"query-input\":{\"@type\":\"PropertyValueSpecification\",\"valueRequired\":true,\"valueName\":\"search_term_string\"}}],\"inLanguage\":\"de\"},{\"@type\":\"Organization\",\"@id\":\"https:\/\/fumot.uk\/#organization\",\"name\":\"Fumot Official Direct | Straight from the Factory, 100% Genuine\",\"url\":\"https:\/\/fumot.uk\/\",\"logo\":{\"@type\":\"ImageObject\",\"inLanguage\":\"de\",\"@id\":\"https:\/\/fumot.uk\/#\/schema\/logo\/image\/\",\"url\":\"https:\/\/fumot.uk\/wp-content\/uploads\/2026\/01\/cropped-fumot-logo1.png\",\"contentUrl\":\"https:\/\/fumot.uk\/wp-content\/uploads\/2026\/01\/cropped-fumot-logo1.png\",\"width\":152,\"height\":106,\"caption\":\"Fumot Official Direct | Straight from the Factory, 100% Genuine\"},\"image\":{\"@id\":\"https:\/\/fumot.uk\/#\/schema\/logo\/image\/\"}}]}<\/script>\n<!-- \/ Yoast SEO plugin. -->","yoast_head_json":{"title":"Ice Pop R&amp;M Tornado 12000 Z\u00fcge \u2013 20ml Wiederaufladbar","description":"Ice Pop R&amp;M Tornado 12000 Z\u00fcge Einweg-E-Zigaretten: 20ml E-Liquid, 850mAh wiederaufladbar, Mesh-Spule, LED-Anzeige f\u00fcr Batterie\/E-Liquid. 0\/2\/3\/5% Nikotin.","robots":{"index":"index","follow":"follow","max-snippet":"max-snippet:-1","max-image-preview":"max-image-preview:large","max-video-preview":"max-video-preview:-1"},"canonical":"https:\/\/fumot.uk\/de\/product\/ice-pop-randm-tornado-12000-puffs\/","og_locale":"de_DE","og_type":"article","og_title":"Ice Pop R&M Tornado 12000 Puffs \u2013 Cool Fruity Refresh","og_description":"Taste the Ice Pop flavor on the R&M Tornado 12000: cool fruity sweetness, mesh coil smoothness, LED display, 20ml e-liquid and 850mAh rechargeable battery.","og_url":"https:\/\/fumot.uk\/de\/product\/ice-pop-randm-tornado-12000-puffs\/","og_site_name":"Fumot Official Direct | Straight from the Factory, 100% Genuine","article_modified_time":"2026-01-20T07:10:51+00:00","og_image":[{"width":2000,"height":2000,"url":"https:\/\/fumot.uk\/wp-content\/uploads\/2026\/01\/Randm-Tornado-12000-Puffs-Ice-Pop-Disposable-Vape.jpg","type":"image\/jpeg"}],"twitter_card":"summary_large_image","twitter_misc":{"Gesch\u00e4tzte Lesezeit":"1\u00a0Minute"},"schema":{"@context":"https:\/\/schema.org","@graph":[{"@type":"WebPage","@id":"https:\/\/fumot.uk\/product\/ice-pop-randm-tornado-12000-puffs\/","url":"https:\/\/fumot.uk\/product\/ice-pop-randm-tornado-12000-puffs\/","name":"Ice Pop R&amp;M Tornado 12000 Z\u00fcge \u2013 20ml Wiederaufladbar","isPartOf":{"@id":"https:\/\/fumot.uk\/#website"},"primaryImageOfPage":{"@id":"https:\/\/fumot.uk\/product\/ice-pop-randm-tornado-12000-puffs\/#primaryimage"},"image":{"@id":"https:\/\/fumot.uk\/product\/ice-pop-randm-tornado-12000-puffs\/#primaryimage"},"thumbnailUrl":"https:\/\/fumot.uk\/wp-content\/uploads\/2026\/01\/Randm-Tornado-12000-Puffs-Ice-Pop-Disposable-Vape.jpg","datePublished":"2026-01-20T02:43:42+00:00","dateModified":"2026-01-20T07:10:51+00:00","description":"Ice Pop R&amp;M Tornado 12000 Z\u00fcge Einweg-E-Zigaretten: 20ml E-Liquid, 850mAh wiederaufladbar, Mesh-Spule, LED-Anzeige f\u00fcr Batterie\/E-Liquid. 0\/2\/3\/5% Nikotin.","breadcrumb":{"@id":"https:\/\/fumot.uk\/product\/ice-pop-randm-tornado-12000-puffs\/#breadcrumb"},"inLanguage":"de","potentialAction":[{"@type":"ReadAction","target":["https:\/\/fumot.uk\/product\/ice-pop-randm-tornado-12000-puffs\/"]}]},{"@type":"ImageObject","inLanguage":"de","@id":"https:\/\/fumot.uk\/product\/ice-pop-randm-tornado-12000-puffs\/#primaryimage","url":"https:\/\/fumot.uk\/wp-content\/uploads\/2026\/01\/Randm-Tornado-12000-Puffs-Ice-Pop-Disposable-Vape.jpg","contentUrl":"https:\/\/fumot.uk\/wp-content\/uploads\/2026\/01\/Randm-Tornado-12000-Puffs-Ice-Pop-Disposable-Vape.jpg","width":2000,"height":2000},{"@type":"BreadcrumbList","@id":"https:\/\/fumot.uk\/product\/ice-pop-randm-tornado-12000-puffs\/#breadcrumb","itemListElement":[{"@type":"ListItem","position":1,"name":"Home","item":"https:\/\/fumot.uk\/"},{"@type":"ListItem","position":2,"name":"Shop","item":"https:\/\/fumot.uk\/shop\/"},{"@type":"ListItem","position":3,"name":"Ice Pop R&#038;M Tornado 12000 Puffs Disposable Vape \u2013 20ml, Rechargeable 850mAh, LED Display"}]},{"@type":"WebSite","@id":"https:\/\/fumot.uk\/#website","url":"https:\/\/fumot.uk\/","name":"Fumot Offizieller Direkt | Direkt aus der Fabrik, 100% Original","description":"Offizielle Webseite","publisher":{"@id":"https:\/\/fumot.uk\/#organization"},"potentialAction":[{"@type":"SearchAction","target":{"@type":"EntryPoint","urlTemplate":"https:\/\/fumot.uk\/?s={search_term_string}"},"query-input":{"@type":"PropertyValueSpecification","valueRequired":true,"valueName":"search_term_string"}}],"inLanguage":"de"},{"@type":"Organization","@id":"https:\/\/fumot.uk\/#organization","name":"Fumot Offizieller Direkt | Direkt aus der Fabrik, 100% Original","url":"https:\/\/fumot.uk\/","logo":{"@type":"ImageObject","inLanguage":"de","@id":"https:\/\/fumot.uk\/#\/schema\/logo\/image\/","url":"https:\/\/fumot.uk\/wp-content\/uploads\/2026\/01\/cropped-fumot-logo1.png","contentUrl":"https:\/\/fumot.uk\/wp-content\/uploads\/2026\/01\/cropped-fumot-logo1.png","width":152,"height":106,"caption":"Fumot Official Direct | Straight from the Factory, 100% Genuine"},"image":{"@id":"https:\/\/fumot.uk\/#\/schema\/logo\/image\/"}}]}},"_links":{"self":[{"href":"https:\/\/fumot.uk\/de\/wp-json\/wp\/v2\/product\/361","targetHints":{"allow":["GET"]}}],"collection":[{"href":"https:\/\/fumot.uk\/de\/wp-json\/wp\/v2\/product"}],"about":[{"href":"https:\/\/fumot.uk\/de\/wp-json\/wp\/v2\/types\/product"}],"replies":[{"embeddable":true,"href":"https:\/\/fumot.uk\/de\/wp-json\/wp\/v2\/comments?post=361"}],"wp:featuredmedia":[{"embeddable":true,"href":"https:\/\/fumot.uk\/de\/wp-json\/wp\/v2\/media\/386"}],"wp:attachment":[{"href":"https:\/\/fumot.uk\/de\/wp-json\/wp\/v2\/media?parent=361"}],"wp:term":[{"taxonomy":"product_brand","embeddable":true,"href":"https:\/\/fumot.uk\/de\/wp-json\/wp\/v2\/product_brand?post=361"},{"taxonomy":"product_cat","embeddable":true,"href":"https:\/\/fumot.uk\/de\/wp-json\/wp\/v2\/product_cat?post=361"},{"taxonomy":"product_tag","embeddable":true,"href":"https:\/\/fumot.uk\/de\/wp-json\/wp\/v2\/product_tag?post=361"}],"curies":[{"name":"wp","href":"https:\/\/api.w.org\/{rel}","templated":true}]}}