{"id":3543,"date":"2026-01-20T10:13:25","date_gmt":"2026-01-20T10:13:25","guid":{"rendered":"https:\/\/fumot.uk\/?post_type=product&#038;p=3543"},"modified":"2026-01-21T01:44:04","modified_gmt":"2026-01-21T01:44:04","slug":"mixed-berries-waspe-crystal-20000-puffs","status":"publish","type":"product","link":"https:\/\/fumot.uk\/de\/product\/mixed-berries-waspe-crystal-20000-puffs\/","title":{"rendered":"WASPE Crystal 20000 Z\u00fcge Gemischte Beeren Einweg-E-Zigaretten (24ml, Dual Mesh, LED-Anzeige, Typ\u2011C Wiederaufladbar)"},"content":{"rendered":"<h2>WASPE Crystal 20000 Puffs \u2013 Gemischte Beeren<\/h2>\n<p>Hell, saftig und glatt: <strong>Gemischte Beeren<\/strong> mischt reife <strong>Himbeere<\/strong>, <strong>Blaubeere<\/strong>, und <strong>Brombeere<\/strong> in ein sauberes, ausgewogenes Beerenprofil. Jeder Zug liefert einen frischen Fruchtkick mit einer sanften S\u00fc\u00dfe\u2014nie \u00fcberm\u00e4\u00dfig bonbonartig\u2014was es zu einer einfachen Wahl f\u00fcr einen knackigen, sommerlichen E-Zigaretten-Moment macht.<\/p>\n<h3>Beerenfrischer Geschmack, entwickelt, um zu halten<\/h3>\n<ul>\n<li><strong>Geschichteter Beerengeschmack:<\/strong> herbe Himbeere vorne, abgerundete Blaubeere in der Mitte, tiefes Brombeer-Finish<\/li>\n<li><strong>Konsistente Gl\u00e4tte:<\/strong> Dual-Mesh-Coils helfen, den Geschmack \u00fcber die Zeit stabil zu halten<\/li>\n<li><strong>Langzeit-Format:<\/strong> bis zu <strong>20.000 Z\u00fcge<\/strong> (Nutzung variiert)<\/li>\n<\/ul>\n<h3>Kristallklares Aussehen. Moderne Alltagsleistung.<\/h3>\n<p><strong>WASPE Crystal 20000 Z\u00fcge<\/strong> kombiniert eine transparente Kristallh\u00fclle mit praktischen Funktionen f\u00fcr das t\u00e4gliche Dampfen. Die <strong>LED-Display<\/strong> h\u00e4lt die Dinge auf den ersten Blick einfach, w\u00e4hrend das <strong>Dual-Mesh-Spule<\/strong> Setup dichten, seidigen Dampf und klare Fruchtdefinition unterst\u00fctzt\u2014ideal f\u00fcr Benutzer, die einen glatten, geschmackvollen Zug m\u00f6gen.<\/p>\n<h3>Spezifikationen<\/h3>\n<ul>\n<li><strong>Z\u00fcge:<\/strong> Bis zu 20.000<\/li>\n<li><strong>Spule:<\/strong> Dual-Mesh-Spule <strong>1\u03a9 + 1\u03a9<\/strong><\/li>\n<li><strong>E-Liquid Kapazit\u00e4t:<\/strong> <strong>24ml<\/strong><\/li>\n<li><strong>Nikotinoptionen:<\/strong> <strong>0%<\/strong> \/ <strong>2%<\/strong> \/ <strong>5%<\/strong><\/li>\n<li><strong>Batterie:<\/strong> <strong>900mAh<\/strong><\/li>\n<li><strong>Laden:<\/strong> <a href=\"https:\/\/fumot.uk\/de\/product-tag\/type-c\/\">Typ\u2011C wiederaufladbar<\/a><\/li>\n<li><strong>Display:<\/strong> LED<\/li>\n<\/ul>\n<h3>Warum Gemischte Beeren auf fumot.uk?<\/h3>\n<p>Wenn Sie eine <strong>wiederaufladbare Einweg-E-Zigaretten<\/strong> das sich frisch und fruchtbetont anf\u00fchlt, liefert Gemischte Beeren eine lebendige Beerenmischung mit einem glatten Finish\u2014ideal f\u00fcr Pausen, Pendelfahrten oder einen entspannten Abend. Entdecken Sie mehr Optionen bei <a href=\"https:\/\/fumot.uk\/de\/\">fumot.uk<\/a>.<\/p>","protected":false},"excerpt":{"rendered":"<p>WASPE Crystal 20000 Z\u00fcge Mixed Berries Einweg-E-Zigaretten mit 24ml E-Liquid, Dual-Mesh-Coils, LED-Anzeige, 900mAh Batterie und Type-C Aufladung. Nikotin: 0%\/2%\/5%.<\/p>","protected":false},"featured_media":3588,"comment_status":"open","ping_status":"closed","template":"","meta":[],"product_brand":[],"product_cat":[68,17,185],"product_tag":[84,70,171,71,186,113,72,23,73,79,26,28],"class_list":{"0":"post-3543","1":"product","2":"type-product","3":"status-publish","4":"has-post-thumbnail","6":"product_cat-20000-puff","7":"product_cat-vape","8":"product_cat-waspe-crystal-20000-puffs","9":"product_tag-0-nikotin","10":"product_tag-2-nikotin","11":"product_tag-24ml","12":"product_tag-5-nikotin","13":"product_tag-900mah","14":"product_tag-crystal-vape","15":"product_tag-direct-to-lung","16":"product_tag-display","17":"product_tag-dual-mesh","18":"product_tag-mixed-berries","19":"product_tag-rechargeable","20":"product_tag-type-c","22":"first","23":"instock","24":"sale","25":"shipping-taxable","26":"purchasable","27":"product-type-variable","28":"has-default-attributes"},"yoast_head":"<!-- This site is optimized with the Yoast SEO plugin v26.8 - https:\/\/yoast.com\/product\/yoast-seo-wordpress\/ -->\n<title>WASPE Crystal 20000 Puffs Mixed Berries | fumot.uk<\/title>\n<meta name=\"description\" content=\"Shop WASPE Crystal 20000 Puffs Mixed Berries: 24ml, dual mesh coil, LED display, 900mAh Type\u2011C rechargeable. Nicotine 0%\/2%\/5% at fumot.uk.\" \/>\n<meta name=\"robots\" content=\"index, follow, max-snippet:-1, max-image-preview:large, max-video-preview:-1\" \/>\n<link rel=\"canonical\" href=\"https:\/\/fumot.uk\/de\/product\/mixed-berries-waspe-crystal-20000-puffs\/\" \/>\n<meta property=\"og:locale\" content=\"de_DE\" \/>\n<meta property=\"og:type\" content=\"article\" \/>\n<meta property=\"og:title\" content=\"WASPE Crystal 20000 Puffs \u2013 Mixed Berries\" \/>\n<meta property=\"og:description\" content=\"A fresh blend of raspberry, blueberry &amp; blackberry. 24ml, dual mesh, LED display, 900mAh Type\u2011C rechargeable. Up to 20,000 puffs.\" \/>\n<meta property=\"og:url\" content=\"https:\/\/fumot.uk\/de\/product\/mixed-berries-waspe-crystal-20000-puffs\/\" \/>\n<meta property=\"og:site_name\" content=\"Fumot Official Direct | Straight from the Factory, 100% Genuine\" \/>\n<meta property=\"article:modified_time\" content=\"2026-01-21T01:44:04+00:00\" \/>\n<meta property=\"og:image\" content=\"https:\/\/fumot.uk\/wp-content\/uploads\/2026\/01\/WASPE-Crystal-20000-Puffs-Mixed-Berries-Disposable-Vape.jpg\" \/>\n\t<meta property=\"og:image:width\" content=\"2000\" \/>\n\t<meta property=\"og:image:height\" content=\"1500\" \/>\n\t<meta property=\"og:image:type\" content=\"image\/jpeg\" \/>\n<meta name=\"twitter:card\" content=\"summary_large_image\" \/>\n<meta name=\"twitter:label1\" content=\"Gesch\u00e4tzte Lesezeit\" \/>\n\t<meta name=\"twitter:data1\" content=\"2\u00a0Minuten\" \/>\n<script type=\"application\/ld+json\" class=\"yoast-schema-graph\">{\"@context\":\"https:\/\/schema.org\",\"@graph\":[{\"@type\":\"WebPage\",\"@id\":\"https:\/\/fumot.uk\/product\/mixed-berries-waspe-crystal-20000-puffs\/\",\"url\":\"https:\/\/fumot.uk\/product\/mixed-berries-waspe-crystal-20000-puffs\/\",\"name\":\"WASPE Crystal 20000 Puffs Mixed Berries | fumot.uk\",\"isPartOf\":{\"@id\":\"https:\/\/fumot.uk\/#website\"},\"primaryImageOfPage\":{\"@id\":\"https:\/\/fumot.uk\/product\/mixed-berries-waspe-crystal-20000-puffs\/#primaryimage\"},\"image\":{\"@id\":\"https:\/\/fumot.uk\/product\/mixed-berries-waspe-crystal-20000-puffs\/#primaryimage\"},\"thumbnailUrl\":\"https:\/\/fumot.uk\/wp-content\/uploads\/2026\/01\/WASPE-Crystal-20000-Puffs-Mixed-Berries-Disposable-Vape.jpg\",\"datePublished\":\"2026-01-20T10:13:25+00:00\",\"dateModified\":\"2026-01-21T01:44:04+00:00\",\"description\":\"Shop WASPE Crystal 20000 Puffs Mixed Berries: 24ml, dual mesh coil, LED display, 900mAh Type\u2011C rechargeable. Nicotine 0%\/2%\/5% at fumot.uk.\",\"breadcrumb\":{\"@id\":\"https:\/\/fumot.uk\/product\/mixed-berries-waspe-crystal-20000-puffs\/#breadcrumb\"},\"inLanguage\":\"de\",\"potentialAction\":[{\"@type\":\"ReadAction\",\"target\":[\"https:\/\/fumot.uk\/product\/mixed-berries-waspe-crystal-20000-puffs\/\"]}]},{\"@type\":\"ImageObject\",\"inLanguage\":\"de\",\"@id\":\"https:\/\/fumot.uk\/product\/mixed-berries-waspe-crystal-20000-puffs\/#primaryimage\",\"url\":\"https:\/\/fumot.uk\/wp-content\/uploads\/2026\/01\/WASPE-Crystal-20000-Puffs-Mixed-Berries-Disposable-Vape.jpg\",\"contentUrl\":\"https:\/\/fumot.uk\/wp-content\/uploads\/2026\/01\/WASPE-Crystal-20000-Puffs-Mixed-Berries-Disposable-Vape.jpg\",\"width\":2000,\"height\":1500},{\"@type\":\"BreadcrumbList\",\"@id\":\"https:\/\/fumot.uk\/product\/mixed-berries-waspe-crystal-20000-puffs\/#breadcrumb\",\"itemListElement\":[{\"@type\":\"ListItem\",\"position\":1,\"name\":\"Home\",\"item\":\"https:\/\/fumot.uk\/\"},{\"@type\":\"ListItem\",\"position\":2,\"name\":\"Shop\",\"item\":\"https:\/\/fumot.uk\/shop\/\"},{\"@type\":\"ListItem\",\"position\":3,\"name\":\"WASPE Crystal 20000 Puffs Mixed Berries Disposable Vape (24ml, Dual Mesh, LED Display, Type\u2011C Rechargeable)\"}]},{\"@type\":\"WebSite\",\"@id\":\"https:\/\/fumot.uk\/#website\",\"url\":\"https:\/\/fumot.uk\/\",\"name\":\"Fumot Official Direct | Straight from the Factory, 100% Genuine\",\"description\":\"Official Website\",\"publisher\":{\"@id\":\"https:\/\/fumot.uk\/#organization\"},\"potentialAction\":[{\"@type\":\"SearchAction\",\"target\":{\"@type\":\"EntryPoint\",\"urlTemplate\":\"https:\/\/fumot.uk\/?s={search_term_string}\"},\"query-input\":{\"@type\":\"PropertyValueSpecification\",\"valueRequired\":true,\"valueName\":\"search_term_string\"}}],\"inLanguage\":\"de\"},{\"@type\":\"Organization\",\"@id\":\"https:\/\/fumot.uk\/#organization\",\"name\":\"Fumot Official Direct | Straight from the Factory, 100% Genuine\",\"url\":\"https:\/\/fumot.uk\/\",\"logo\":{\"@type\":\"ImageObject\",\"inLanguage\":\"de\",\"@id\":\"https:\/\/fumot.uk\/#\/schema\/logo\/image\/\",\"url\":\"https:\/\/fumot.uk\/wp-content\/uploads\/2026\/01\/cropped-fumot-logo1.png\",\"contentUrl\":\"https:\/\/fumot.uk\/wp-content\/uploads\/2026\/01\/cropped-fumot-logo1.png\",\"width\":152,\"height\":106,\"caption\":\"Fumot Official Direct | Straight from the Factory, 100% Genuine\"},\"image\":{\"@id\":\"https:\/\/fumot.uk\/#\/schema\/logo\/image\/\"}}]}<\/script>\n<!-- \/ Yoast SEO plugin. -->","yoast_head_json":{"title":"WASPE Crystal 20000 Z\u00fcge Gemischte Beeren | fumot.uk","description":"Shop WASPE Crystal 20000 Z\u00fcge Gemischte Beeren: 24ml, duales Mesh-Coil, LED-Anzeige, 900mAh Typ\u2011C wiederaufladbar. Nikotin 0%\/2%\/5% bei fumot.uk.","robots":{"index":"index","follow":"follow","max-snippet":"max-snippet:-1","max-image-preview":"max-image-preview:large","max-video-preview":"max-video-preview:-1"},"canonical":"https:\/\/fumot.uk\/de\/product\/mixed-berries-waspe-crystal-20000-puffs\/","og_locale":"de_DE","og_type":"article","og_title":"WASPE Crystal 20000 Puffs \u2013 Mixed Berries","og_description":"A fresh blend of raspberry, blueberry & blackberry. 24ml, dual mesh, LED display, 900mAh Type\u2011C rechargeable. Up to 20,000 puffs.","og_url":"https:\/\/fumot.uk\/de\/product\/mixed-berries-waspe-crystal-20000-puffs\/","og_site_name":"Fumot Official Direct | Straight from the Factory, 100% Genuine","article_modified_time":"2026-01-21T01:44:04+00:00","og_image":[{"width":2000,"height":1500,"url":"https:\/\/fumot.uk\/wp-content\/uploads\/2026\/01\/WASPE-Crystal-20000-Puffs-Mixed-Berries-Disposable-Vape.jpg","type":"image\/jpeg"}],"twitter_card":"summary_large_image","twitter_misc":{"Gesch\u00e4tzte Lesezeit":"2\u00a0Minuten"},"schema":{"@context":"https:\/\/schema.org","@graph":[{"@type":"WebPage","@id":"https:\/\/fumot.uk\/product\/mixed-berries-waspe-crystal-20000-puffs\/","url":"https:\/\/fumot.uk\/product\/mixed-berries-waspe-crystal-20000-puffs\/","name":"WASPE Crystal 20000 Z\u00fcge Gemischte Beeren | fumot.uk","isPartOf":{"@id":"https:\/\/fumot.uk\/#website"},"primaryImageOfPage":{"@id":"https:\/\/fumot.uk\/product\/mixed-berries-waspe-crystal-20000-puffs\/#primaryimage"},"image":{"@id":"https:\/\/fumot.uk\/product\/mixed-berries-waspe-crystal-20000-puffs\/#primaryimage"},"thumbnailUrl":"https:\/\/fumot.uk\/wp-content\/uploads\/2026\/01\/WASPE-Crystal-20000-Puffs-Mixed-Berries-Disposable-Vape.jpg","datePublished":"2026-01-20T10:13:25+00:00","dateModified":"2026-01-21T01:44:04+00:00","description":"Shop WASPE Crystal 20000 Z\u00fcge Gemischte Beeren: 24ml, duales Mesh-Coil, LED-Anzeige, 900mAh Typ\u2011C wiederaufladbar. Nikotin 0%\/2%\/5% bei fumot.uk.","breadcrumb":{"@id":"https:\/\/fumot.uk\/product\/mixed-berries-waspe-crystal-20000-puffs\/#breadcrumb"},"inLanguage":"de","potentialAction":[{"@type":"ReadAction","target":["https:\/\/fumot.uk\/product\/mixed-berries-waspe-crystal-20000-puffs\/"]}]},{"@type":"ImageObject","inLanguage":"de","@id":"https:\/\/fumot.uk\/product\/mixed-berries-waspe-crystal-20000-puffs\/#primaryimage","url":"https:\/\/fumot.uk\/wp-content\/uploads\/2026\/01\/WASPE-Crystal-20000-Puffs-Mixed-Berries-Disposable-Vape.jpg","contentUrl":"https:\/\/fumot.uk\/wp-content\/uploads\/2026\/01\/WASPE-Crystal-20000-Puffs-Mixed-Berries-Disposable-Vape.jpg","width":2000,"height":1500},{"@type":"BreadcrumbList","@id":"https:\/\/fumot.uk\/product\/mixed-berries-waspe-crystal-20000-puffs\/#breadcrumb","itemListElement":[{"@type":"ListItem","position":1,"name":"Home","item":"https:\/\/fumot.uk\/"},{"@type":"ListItem","position":2,"name":"Shop","item":"https:\/\/fumot.uk\/shop\/"},{"@type":"ListItem","position":3,"name":"WASPE Crystal 20000 Puffs Mixed Berries Disposable Vape (24ml, Dual Mesh, LED Display, Type\u2011C Rechargeable)"}]},{"@type":"WebSite","@id":"https:\/\/fumot.uk\/#website","url":"https:\/\/fumot.uk\/","name":"Fumot Offizieller Direkt | Direkt aus der Fabrik, 100% Original","description":"Offizielle Webseite","publisher":{"@id":"https:\/\/fumot.uk\/#organization"},"potentialAction":[{"@type":"SearchAction","target":{"@type":"EntryPoint","urlTemplate":"https:\/\/fumot.uk\/?s={search_term_string}"},"query-input":{"@type":"PropertyValueSpecification","valueRequired":true,"valueName":"search_term_string"}}],"inLanguage":"de"},{"@type":"Organization","@id":"https:\/\/fumot.uk\/#organization","name":"Fumot Offizieller Direkt | Direkt aus der Fabrik, 100% Original","url":"https:\/\/fumot.uk\/","logo":{"@type":"ImageObject","inLanguage":"de","@id":"https:\/\/fumot.uk\/#\/schema\/logo\/image\/","url":"https:\/\/fumot.uk\/wp-content\/uploads\/2026\/01\/cropped-fumot-logo1.png","contentUrl":"https:\/\/fumot.uk\/wp-content\/uploads\/2026\/01\/cropped-fumot-logo1.png","width":152,"height":106,"caption":"Fumot Official Direct | Straight from the Factory, 100% Genuine"},"image":{"@id":"https:\/\/fumot.uk\/#\/schema\/logo\/image\/"}}]}},"_links":{"self":[{"href":"https:\/\/fumot.uk\/de\/wp-json\/wp\/v2\/product\/3543","targetHints":{"allow":["GET"]}}],"collection":[{"href":"https:\/\/fumot.uk\/de\/wp-json\/wp\/v2\/product"}],"about":[{"href":"https:\/\/fumot.uk\/de\/wp-json\/wp\/v2\/types\/product"}],"replies":[{"embeddable":true,"href":"https:\/\/fumot.uk\/de\/wp-json\/wp\/v2\/comments?post=3543"}],"wp:featuredmedia":[{"embeddable":true,"href":"https:\/\/fumot.uk\/de\/wp-json\/wp\/v2\/media\/3588"}],"wp:attachment":[{"href":"https:\/\/fumot.uk\/de\/wp-json\/wp\/v2\/media?parent=3543"}],"wp:term":[{"taxonomy":"product_brand","embeddable":true,"href":"https:\/\/fumot.uk\/de\/wp-json\/wp\/v2\/product_brand?post=3543"},{"taxonomy":"product_cat","embeddable":true,"href":"https:\/\/fumot.uk\/de\/wp-json\/wp\/v2\/product_cat?post=3543"},{"taxonomy":"product_tag","embeddable":true,"href":"https:\/\/fumot.uk\/de\/wp-json\/wp\/v2\/product_tag?post=3543"}],"curies":[{"name":"wp","href":"https:\/\/api.w.org\/{rel}","templated":true}]}}