{"id":3524,"date":"2026-01-20T10:13:21","date_gmt":"2026-01-20T10:13:21","guid":{"rendered":"https:\/\/fumot.uk\/?post_type=product&#038;p=3524"},"modified":"2026-01-21T01:52:05","modified_gmt":"2026-01-21T01:52:05","slug":"vozol-gear-power-20000-puffs-blue-razz-ice","status":"publish","type":"product","link":"https:\/\/fumot.uk\/de\/product\/vozol-gear-power-20000-puffs-blue-razz-ice\/","title":{"rendered":"Vozol Gear Power 20000 Puffs Blue Razz Ice Einweg-E-Zigaretten 20ml 5% Nikotin"},"content":{"rendered":"<h2>Vozol Gear Power 20000 Z\u00fcge \u2013 Blue Razz Ice<\/h2>\n<p>Treffen Sie <strong>Blue Razz Ice<\/strong> in seiner erfrischendsten Form: eine leuchtende Mischung aus Blaubeers\u00fc\u00dfe und herber Himbeere, abgerundet mit einem klaren, k\u00fchlenden Ausatmen. Der Geschmack bleibt knackig und ausgewogen\u2014fruchtig beim Einatmen, eisig-glatt beim Ausatmen\u2014was ihn zu einer einfachen Wahl f\u00fcr den ganzen Tag macht, wenn Sie etwas K\u00fchnes, aber nicht \u00dcberw\u00e4ltigendes wollen.<\/p>\n<h3>Geschmacksprofil: Blaubeere + Himbeere + Eis<\/h3>\n<ul>\n<li><strong>Kopfnote:<\/strong> saftige Blaubeers\u00fc\u00dfe<\/li>\n<li><strong>Mittlere Noten:<\/strong> scharfer, bonbonartiger Himbeergeschmack<\/li>\n<li><strong>Abgang:<\/strong> erfrischende eisgek\u00fchlte Frische, die die Frucht hebt<\/li>\n<\/ul>\n<h3>Hauptmerkmale<\/h3>\n<ul>\n<li><strong>Z\u00fcge:<\/strong> Bis zu 20000 Z\u00fcge<\/li>\n<li><strong>Nikotinst\u00e4rke:<\/strong> 5% (pro Produkteigenschaft)<\/li>\n<li><strong>E-Liquid Kapazit\u00e4t:<\/strong> 20ml<\/li>\n<li><strong>Spule:<\/strong> Dual Mesh Coils<\/li>\n<li><strong>Display:<\/strong> Vollbildanzeige (Batterie &amp; Nutzung auf einen Blick)<\/li>\n<li><strong>Technologie:<\/strong> S.i.L.C.-Technologie f\u00fcr gleichm\u00e4\u00dfige, konsistente Ausgabe<\/li>\n<li><strong>Batterie:<\/strong> 650mAh wiederaufladbar<\/li>\n<li><strong>Laden:<\/strong> Typ-C<\/li>\n<li><strong>Luftstrom:<\/strong> Einstellbarer Luftstrom<\/li>\n<\/ul>\n<h3>Warum Vozol Gear Power 20K w\u00e4hlen?<\/h3>\n<ol>\n<li><strong>Konsistenter Geschmack, gleichm\u00e4\u00dfiger Dampf:<\/strong> Doppelte Mesh-Spulen und S.i.L.C.-Technologie helfen, einen sanften Zug und zuverl\u00e4ssigen Geschmack vom ersten bis zum letzten Zug zu liefern.<\/li>\n<li><strong>Zwei Leistungsmodi:<\/strong> Wechseln Sie zwischen einem batteriesparenden Zug oder einem st\u00e4rkeren, geschmacksintensiveren Zug, wenn Sie zus\u00e4tzliche Intensit\u00e4t w\u00fcnschen.<\/li>\n<li><strong>Intelligenter t\u00e4glicher Gebrauch:<\/strong> Das Vollbild-Display h\u00e4lt Sie \u00fcber den Ger\u00e4testatus auf dem Laufenden, sodass es weniger \u00dcberraschungen w\u00e4hrend der Sitzung gibt.<\/li>\n<\/ol>\n<p><strong>Entdecken Sie weitere langanhaltende Optionen:<\/strong> Durchsuchen Sie unsere <a href=\"https:\/\/fumot.uk\/de\/product-category\/20000-puff\/\">20000 Z\u00fcge E-Zigaretten<\/a> auf fumot.uk.<\/p>\n<p><em>Hinweis:<\/em> Die Anzahl der Z\u00fcge kann je nach Zugl\u00e4nge und Nutzungsgewohnheiten variieren.<\/p>","protected":false},"excerpt":{"rendered":"<p>Vozol Gear Power 20K in Blue Razz Ice liefert s\u00fc\u00dfe Blaubeere + herbe Himbeere mit einem sauberen eisigen Abgang. 20ml, 5% Nic, Dual-Mesh-Coils, Vollbildanzeige, Typ-C-Aufladung.<\/p>","protected":false},"featured_media":3553,"comment_status":"open","ping_status":"closed","template":"","meta":[],"product_brand":[],"product_cat":[68,17,184],"product_tag":[60,131,21,22,23,73,29,26,28],"class_list":{"0":"post-3524","1":"product","2":"type-product","3":"status-publish","4":"has-post-thumbnail","6":"product_cat-20000-puff","7":"product_cat-vape","8":"product_cat-vozol-gear-power-20000-puffs","9":"product_tag-20ml","10":"product_tag-650mah","11":"product_tag-adjustable-airflow","12":"product_tag-blue-razz","13":"product_tag-display","14":"product_tag-dual-mesh","15":"product_tag-ice","16":"product_tag-rechargeable","17":"product_tag-type-c","19":"first","20":"instock","21":"sale","22":"shipping-taxable","23":"purchasable","24":"product-type-variable","25":"has-default-attributes"},"yoast_head":"<!-- This site is optimized with the Yoast SEO plugin v26.8 - https:\/\/yoast.com\/product\/yoast-seo-wordpress\/ -->\n<title>Vozol Gear Power 20000 Puffs Blue Razz Ice | 20ml 5%<\/title>\n<meta name=\"description\" content=\"Vozol Gear Power 20K Blue Razz Ice: blueberry-raspberry flavour with an icy finish. 20ml e-liquid, 5% nicotine, dual mesh coils, display, Type-C recharge.\" \/>\n<meta name=\"robots\" content=\"index, follow, max-snippet:-1, max-image-preview:large, max-video-preview:-1\" \/>\n<link rel=\"canonical\" href=\"https:\/\/fumot.uk\/de\/product\/vozol-gear-power-20000-puffs-blue-razz-ice\/\" \/>\n<meta property=\"og:locale\" content=\"de_DE\" \/>\n<meta property=\"og:type\" content=\"article\" \/>\n<meta property=\"og:title\" content=\"Vozol Gear Power 20K \u2013 Blue Razz Ice (20ml, 5%)\" \/>\n<meta property=\"og:description\" content=\"Sweet blueberry, tangy raspberry and a cool ice finish. Dual mesh coils, full-screen display, adjustable airflow and Type\u2011C charging\u2014shop at fumot.uk.\" \/>\n<meta property=\"og:url\" content=\"https:\/\/fumot.uk\/de\/product\/vozol-gear-power-20000-puffs-blue-razz-ice\/\" \/>\n<meta property=\"og:site_name\" content=\"Fumot Official Direct | Straight from the Factory, 100% Genuine\" \/>\n<meta property=\"article:modified_time\" content=\"2026-01-21T01:52:05+00:00\" \/>\n<meta property=\"og:image\" content=\"https:\/\/fumot.uk\/wp-content\/uploads\/2026\/01\/Vozol-Gear-Power-20000-Puffs-Blue-Razz-Ice-Disposable-Vape.png\" \/>\n\t<meta property=\"og:image:width\" content=\"1000\" \/>\n\t<meta property=\"og:image:height\" content=\"1000\" \/>\n\t<meta property=\"og:image:type\" content=\"image\/png\" \/>\n<meta name=\"twitter:card\" content=\"summary_large_image\" \/>\n<meta name=\"twitter:label1\" content=\"Gesch\u00e4tzte Lesezeit\" \/>\n\t<meta name=\"twitter:data1\" content=\"2\u00a0Minuten\" \/>\n<script type=\"application\/ld+json\" class=\"yoast-schema-graph\">{\"@context\":\"https:\/\/schema.org\",\"@graph\":[{\"@type\":\"WebPage\",\"@id\":\"https:\/\/fumot.uk\/product\/vozol-gear-power-20000-puffs-blue-razz-ice\/\",\"url\":\"https:\/\/fumot.uk\/product\/vozol-gear-power-20000-puffs-blue-razz-ice\/\",\"name\":\"Vozol Gear Power 20000 Puffs Blue Razz Ice | 20ml 5%\",\"isPartOf\":{\"@id\":\"https:\/\/fumot.uk\/#website\"},\"primaryImageOfPage\":{\"@id\":\"https:\/\/fumot.uk\/product\/vozol-gear-power-20000-puffs-blue-razz-ice\/#primaryimage\"},\"image\":{\"@id\":\"https:\/\/fumot.uk\/product\/vozol-gear-power-20000-puffs-blue-razz-ice\/#primaryimage\"},\"thumbnailUrl\":\"https:\/\/fumot.uk\/wp-content\/uploads\/2026\/01\/Vozol-Gear-Power-20000-Puffs-Blue-Razz-Ice-Disposable-Vape.png\",\"datePublished\":\"2026-01-20T10:13:21+00:00\",\"dateModified\":\"2026-01-21T01:52:05+00:00\",\"description\":\"Vozol Gear Power 20K Blue Razz Ice: blueberry-raspberry flavour with an icy finish. 20ml e-liquid, 5% nicotine, dual mesh coils, display, Type-C recharge.\",\"breadcrumb\":{\"@id\":\"https:\/\/fumot.uk\/product\/vozol-gear-power-20000-puffs-blue-razz-ice\/#breadcrumb\"},\"inLanguage\":\"de\",\"potentialAction\":[{\"@type\":\"ReadAction\",\"target\":[\"https:\/\/fumot.uk\/product\/vozol-gear-power-20000-puffs-blue-razz-ice\/\"]}]},{\"@type\":\"ImageObject\",\"inLanguage\":\"de\",\"@id\":\"https:\/\/fumot.uk\/product\/vozol-gear-power-20000-puffs-blue-razz-ice\/#primaryimage\",\"url\":\"https:\/\/fumot.uk\/wp-content\/uploads\/2026\/01\/Vozol-Gear-Power-20000-Puffs-Blue-Razz-Ice-Disposable-Vape.png\",\"contentUrl\":\"https:\/\/fumot.uk\/wp-content\/uploads\/2026\/01\/Vozol-Gear-Power-20000-Puffs-Blue-Razz-Ice-Disposable-Vape.png\",\"width\":1000,\"height\":1000},{\"@type\":\"BreadcrumbList\",\"@id\":\"https:\/\/fumot.uk\/product\/vozol-gear-power-20000-puffs-blue-razz-ice\/#breadcrumb\",\"itemListElement\":[{\"@type\":\"ListItem\",\"position\":1,\"name\":\"Home\",\"item\":\"https:\/\/fumot.uk\/\"},{\"@type\":\"ListItem\",\"position\":2,\"name\":\"Shop\",\"item\":\"https:\/\/fumot.uk\/shop\/\"},{\"@type\":\"ListItem\",\"position\":3,\"name\":\"Vozol Gear Power 20000 Puffs Blue Razz Ice Disposable Vape 20ml 5% Nicotine\"}]},{\"@type\":\"WebSite\",\"@id\":\"https:\/\/fumot.uk\/#website\",\"url\":\"https:\/\/fumot.uk\/\",\"name\":\"Fumot Official Direct | Straight from the Factory, 100% Genuine\",\"description\":\"Official Website\",\"publisher\":{\"@id\":\"https:\/\/fumot.uk\/#organization\"},\"potentialAction\":[{\"@type\":\"SearchAction\",\"target\":{\"@type\":\"EntryPoint\",\"urlTemplate\":\"https:\/\/fumot.uk\/?s={search_term_string}\"},\"query-input\":{\"@type\":\"PropertyValueSpecification\",\"valueRequired\":true,\"valueName\":\"search_term_string\"}}],\"inLanguage\":\"de\"},{\"@type\":\"Organization\",\"@id\":\"https:\/\/fumot.uk\/#organization\",\"name\":\"Fumot Official Direct | Straight from the Factory, 100% Genuine\",\"url\":\"https:\/\/fumot.uk\/\",\"logo\":{\"@type\":\"ImageObject\",\"inLanguage\":\"de\",\"@id\":\"https:\/\/fumot.uk\/#\/schema\/logo\/image\/\",\"url\":\"https:\/\/fumot.uk\/wp-content\/uploads\/2026\/01\/cropped-fumot-logo1.png\",\"contentUrl\":\"https:\/\/fumot.uk\/wp-content\/uploads\/2026\/01\/cropped-fumot-logo1.png\",\"width\":152,\"height\":106,\"caption\":\"Fumot Official Direct | Straight from the Factory, 100% Genuine\"},\"image\":{\"@id\":\"https:\/\/fumot.uk\/#\/schema\/logo\/image\/\"}}]}<\/script>\n<!-- \/ Yoast SEO plugin. -->","yoast_head_json":{"title":"Vozol Gear Power 20000 Z\u00fcge Blue Razz Ice | 20ml 5%","description":"Vozol Gear Power 20K Blue Razz Ice: Blaubeer-Himbeer-Geschmack mit einem eisigen Abgang. 20ml E-Liquid, 5% Nikotin, Dual-Mesh-Coils, Display, Typ-C-Aufladung.","robots":{"index":"index","follow":"follow","max-snippet":"max-snippet:-1","max-image-preview":"max-image-preview:large","max-video-preview":"max-video-preview:-1"},"canonical":"https:\/\/fumot.uk\/de\/product\/vozol-gear-power-20000-puffs-blue-razz-ice\/","og_locale":"de_DE","og_type":"article","og_title":"Vozol Gear Power 20K \u2013 Blue Razz Ice (20ml, 5%)","og_description":"Sweet blueberry, tangy raspberry and a cool ice finish. Dual mesh coils, full-screen display, adjustable airflow and Type\u2011C charging\u2014shop at fumot.uk.","og_url":"https:\/\/fumot.uk\/de\/product\/vozol-gear-power-20000-puffs-blue-razz-ice\/","og_site_name":"Fumot Official Direct | Straight from the Factory, 100% Genuine","article_modified_time":"2026-01-21T01:52:05+00:00","og_image":[{"width":1000,"height":1000,"url":"https:\/\/fumot.uk\/wp-content\/uploads\/2026\/01\/Vozol-Gear-Power-20000-Puffs-Blue-Razz-Ice-Disposable-Vape.png","type":"image\/png"}],"twitter_card":"summary_large_image","twitter_misc":{"Gesch\u00e4tzte Lesezeit":"2\u00a0Minuten"},"schema":{"@context":"https:\/\/schema.org","@graph":[{"@type":"WebPage","@id":"https:\/\/fumot.uk\/product\/vozol-gear-power-20000-puffs-blue-razz-ice\/","url":"https:\/\/fumot.uk\/product\/vozol-gear-power-20000-puffs-blue-razz-ice\/","name":"Vozol Gear Power 20000 Z\u00fcge Blue Razz Ice | 20ml 5%","isPartOf":{"@id":"https:\/\/fumot.uk\/#website"},"primaryImageOfPage":{"@id":"https:\/\/fumot.uk\/product\/vozol-gear-power-20000-puffs-blue-razz-ice\/#primaryimage"},"image":{"@id":"https:\/\/fumot.uk\/product\/vozol-gear-power-20000-puffs-blue-razz-ice\/#primaryimage"},"thumbnailUrl":"https:\/\/fumot.uk\/wp-content\/uploads\/2026\/01\/Vozol-Gear-Power-20000-Puffs-Blue-Razz-Ice-Disposable-Vape.png","datePublished":"2026-01-20T10:13:21+00:00","dateModified":"2026-01-21T01:52:05+00:00","description":"Vozol Gear Power 20K Blue Razz Ice: Blaubeer-Himbeer-Geschmack mit einem eisigen Abgang. 20ml E-Liquid, 5% Nikotin, Dual-Mesh-Coils, Display, Typ-C-Aufladung.","breadcrumb":{"@id":"https:\/\/fumot.uk\/product\/vozol-gear-power-20000-puffs-blue-razz-ice\/#breadcrumb"},"inLanguage":"de","potentialAction":[{"@type":"ReadAction","target":["https:\/\/fumot.uk\/product\/vozol-gear-power-20000-puffs-blue-razz-ice\/"]}]},{"@type":"ImageObject","inLanguage":"de","@id":"https:\/\/fumot.uk\/product\/vozol-gear-power-20000-puffs-blue-razz-ice\/#primaryimage","url":"https:\/\/fumot.uk\/wp-content\/uploads\/2026\/01\/Vozol-Gear-Power-20000-Puffs-Blue-Razz-Ice-Disposable-Vape.png","contentUrl":"https:\/\/fumot.uk\/wp-content\/uploads\/2026\/01\/Vozol-Gear-Power-20000-Puffs-Blue-Razz-Ice-Disposable-Vape.png","width":1000,"height":1000},{"@type":"BreadcrumbList","@id":"https:\/\/fumot.uk\/product\/vozol-gear-power-20000-puffs-blue-razz-ice\/#breadcrumb","itemListElement":[{"@type":"ListItem","position":1,"name":"Home","item":"https:\/\/fumot.uk\/"},{"@type":"ListItem","position":2,"name":"Shop","item":"https:\/\/fumot.uk\/shop\/"},{"@type":"ListItem","position":3,"name":"Vozol Gear Power 20000 Puffs Blue Razz Ice Disposable Vape 20ml 5% Nicotine"}]},{"@type":"WebSite","@id":"https:\/\/fumot.uk\/#website","url":"https:\/\/fumot.uk\/","name":"Fumot Offizieller Direkt | Direkt aus der Fabrik, 100% Original","description":"Offizielle Webseite","publisher":{"@id":"https:\/\/fumot.uk\/#organization"},"potentialAction":[{"@type":"SearchAction","target":{"@type":"EntryPoint","urlTemplate":"https:\/\/fumot.uk\/?s={search_term_string}"},"query-input":{"@type":"PropertyValueSpecification","valueRequired":true,"valueName":"search_term_string"}}],"inLanguage":"de"},{"@type":"Organization","@id":"https:\/\/fumot.uk\/#organization","name":"Fumot Offizieller Direkt | Direkt aus der Fabrik, 100% Original","url":"https:\/\/fumot.uk\/","logo":{"@type":"ImageObject","inLanguage":"de","@id":"https:\/\/fumot.uk\/#\/schema\/logo\/image\/","url":"https:\/\/fumot.uk\/wp-content\/uploads\/2026\/01\/cropped-fumot-logo1.png","contentUrl":"https:\/\/fumot.uk\/wp-content\/uploads\/2026\/01\/cropped-fumot-logo1.png","width":152,"height":106,"caption":"Fumot Official Direct | Straight from the Factory, 100% Genuine"},"image":{"@id":"https:\/\/fumot.uk\/#\/schema\/logo\/image\/"}}]}},"_links":{"self":[{"href":"https:\/\/fumot.uk\/de\/wp-json\/wp\/v2\/product\/3524","targetHints":{"allow":["GET"]}}],"collection":[{"href":"https:\/\/fumot.uk\/de\/wp-json\/wp\/v2\/product"}],"about":[{"href":"https:\/\/fumot.uk\/de\/wp-json\/wp\/v2\/types\/product"}],"replies":[{"embeddable":true,"href":"https:\/\/fumot.uk\/de\/wp-json\/wp\/v2\/comments?post=3524"}],"wp:featuredmedia":[{"embeddable":true,"href":"https:\/\/fumot.uk\/de\/wp-json\/wp\/v2\/media\/3553"}],"wp:attachment":[{"href":"https:\/\/fumot.uk\/de\/wp-json\/wp\/v2\/media?parent=3524"}],"wp:term":[{"taxonomy":"product_brand","embeddable":true,"href":"https:\/\/fumot.uk\/de\/wp-json\/wp\/v2\/product_brand?post=3524"},{"taxonomy":"product_cat","embeddable":true,"href":"https:\/\/fumot.uk\/de\/wp-json\/wp\/v2\/product_cat?post=3524"},{"taxonomy":"product_tag","embeddable":true,"href":"https:\/\/fumot.uk\/de\/wp-json\/wp\/v2\/product_tag?post=3524"}],"curies":[{"name":"wp","href":"https:\/\/api.w.org\/{rel}","templated":true}]}}