{"id":3440,"date":"2026-01-20T10:12:10","date_gmt":"2026-01-20T10:12:10","guid":{"rendered":"https:\/\/fumot.uk\/?post_type=product&#038;p=3440"},"modified":"2026-01-21T01:57:34","modified_gmt":"2026-01-21T01:57:34","slug":"strawberry-kiwi-vozol-vista-20k-puffs","status":"publish","type":"product","link":"https:\/\/fumot.uk\/de\/product\/strawberry-kiwi-vozol-vista-20k-puffs\/","title":{"rendered":"Vozol Vista 20K Z\u00fcge Erdbeere Kiwi Kristall Einweg E-Zigaretten | 24ml, 5% Nikotin, USB-C Wiederaufladbar"},"content":{"rendered":"<h2>Vozol Vista 20K Puffs Erdbeere Kiwi \u2013 Kristallklarer Geschmack, langanhaltende Geschmeidigkeit<\/h2>\n<p>Treffen Sie die <strong>Vozol Vista 20K Puffs Erdbeere Kiwi<\/strong>: eine lebendige Fruchtmischung gepaart mit einem eleganten <strong>transparenten Kristall-Design<\/strong>. Mit einer gro\u00dfz\u00fcgigen <strong>24ml E-Liquid-Kapazit\u00e4t<\/strong>, eine <strong>650mAh USB-C wiederaufladbare Batterie<\/strong>, und einen <strong>Dual-Mesh-Spule<\/strong>, diese Einweg-E-Zigaretten ist f\u00fcr gleichbleibenden Geschmack vom ersten bis zum letzten Zug gemacht.<\/p>\n<h3>Erdbeere-Kiwi-Geschmacksprofil<\/h3>\n<ul>\n<li><strong>Helle Erdbeers\u00fc\u00dfe<\/strong> beim Einatmen\u2014weich, saftig und vertraut.<\/li>\n<li><strong>Kiwi-S\u00e4ure<\/strong> beim Ausatmen\u2014sauber, leicht s\u00e4uerlich und erfrischend.<\/li>\n<li><strong>Ausgewogenes Finish<\/strong> die lebendig bleibt, ohne \u00fcberm\u00e4\u00dfig s\u00fc\u00df zu werden.<\/li>\n<\/ul>\n<p>Wenn Sie Fruchtaromen m\u00f6gen, die knackig und frisch wirken, <strong>Erdbeer Kiwi<\/strong> ist eine einfache Wahl f\u00fcr den ganzen Tag.<\/p>\n<h3>Warum Sie Vozol Vista 20K lieben werden<\/h3>\n<ul>\n<li><strong>Bis zu 20.000 Z\u00fcge<\/strong> f\u00fcr verl\u00e4ngerten Genuss.<\/li>\n<li><strong>24ml E-Liquid-Reservoir<\/strong> entwickelt f\u00fcr l\u00e4ngeren Gebrauch ohne h\u00e4ufigen Austausch.<\/li>\n<li><strong>650mAh Batterie + USB Type-C Aufladung<\/strong> f\u00fcr bequemes Wiederaufladen.<\/li>\n<li><strong>Dual-Mesh-Spule<\/strong> f\u00fcr sanfteren Dampf und gleichm\u00e4\u00dfigere Geschmacksabgabe.<\/li>\n<li><strong>6-stufige einstellbare Wattzahl<\/strong> um Ihren Zug und die Intensit\u00e4t anzupassen.<\/li>\n<li><strong>Einstellbarer Luftstrom<\/strong> f\u00fcr einen festeren Zug oder ein offeneres, luftigeres Einatmen.<\/li>\n<li><strong>Transparenter Kristallk\u00f6rper<\/strong> das Ihnen erm\u00f6glicht, das Aussehen und Gef\u00fchl auf einen Blick zu \u00fcberpr\u00fcfen.<\/li>\n<\/ul>\n<h3>Produktspezifikationen<\/h3>\n<ul>\n<li><strong>Produkt:<\/strong> Vozol Vista 20K Puffs (Einweg, Wiederaufladbar)<\/li>\n<li><strong>Geschmack:<\/strong> Erdbeer Kiwi<\/li>\n<li><strong>Zuganzahl:<\/strong> Bis zu 20.000<\/li>\n<li><strong>E-Liquid Kapazit\u00e4t:<\/strong> 24ml<\/li>\n<li><strong>Nikotinst\u00e4rke:<\/strong> 5% (50mg\/ml)<\/li>\n<li><strong>Batterie:<\/strong> 650mAh<\/li>\n<li><strong>Laden:<\/strong> USB Typ-C<\/li>\n<li><strong>Spule:<\/strong> Dual-Mesh-Spule<\/li>\n<li><strong>Leistung:<\/strong> 6-stufige einstellbare Wattzahl<\/li>\n<\/ul>\n<p><strong>Entdecken Sie mehr Aromen und Ger\u00e4te:<\/strong> <a href=\"https:\/\/fumot.uk\/de\/\">fumot.uk<\/a><\/p>","protected":false},"excerpt":{"rendered":"<p>Vozol Vista 20K Strawberry Kiwi Crystal Einweg-E-Zigaretten mit 24ml E-Liquid, 5% Nikotin, Dual-Mesh-Coil, einstellbarer Wattzahl\/Luftstrom und USB-C wiederaufladbarem 650mAh Akku.<\/p>","protected":false},"featured_media":3485,"comment_status":"open","ping_status":"closed","template":"","meta":[],"product_brand":[],"product_cat":[68,17,183],"product_tag":[171,131,21,113,72,73,45,74,26,37,28],"class_list":{"0":"post-3440","1":"product","2":"type-product","3":"status-publish","4":"has-post-thumbnail","6":"product_cat-20000-puff","7":"product_cat-vape","8":"product_cat-vozol-vista-20k-puff","9":"product_tag-24ml","10":"product_tag-650mah","11":"product_tag-adjustable-airflow","12":"product_tag-crystal-vape","13":"product_tag-direct-to-lung","14":"product_tag-dual-mesh","15":"product_tag-kiwi","16":"product_tag-lcd-display","17":"product_tag-rechargeable","18":"product_tag-strawberry","19":"product_tag-type-c","21":"first","22":"instock","23":"sale","24":"shipping-taxable","25":"purchasable","26":"product-type-variable","27":"has-default-attributes"},"yoast_head":"<!-- This site is optimized with the Yoast SEO plugin v26.8 - https:\/\/yoast.com\/product\/yoast-seo-wordpress\/ -->\n<title>Vozol Vista 20K Strawberry Kiwi | 24ml 5% Nicotine<\/title>\n<meta name=\"description\" content=\"Shop Vozol Vista 20K Puffs Strawberry Kiwi: 24ml e-liquid, 5% nicotine, dual mesh coil, adjustable wattage\/airflow, USB-C rechargeable 650mAh.\" \/>\n<meta name=\"robots\" content=\"index, follow, max-snippet:-1, max-image-preview:large, max-video-preview:-1\" \/>\n<link rel=\"canonical\" href=\"https:\/\/fumot.uk\/de\/product\/strawberry-kiwi-vozol-vista-20k-puffs\/\" \/>\n<meta property=\"og:locale\" content=\"de_DE\" \/>\n<meta property=\"og:type\" content=\"article\" \/>\n<meta property=\"og:title\" content=\"Vozol Vista 20K Strawberry Kiwi \u2013 Crystal Disposable Vape\" \/>\n<meta property=\"og:description\" content=\"Sweet strawberry meets tangy kiwi. 24ml, up to 20,000 puffs, dual mesh coil, adjustable wattage\/airflow, USB-C rechargeable 650mAh.\" \/>\n<meta property=\"og:url\" content=\"https:\/\/fumot.uk\/de\/product\/strawberry-kiwi-vozol-vista-20k-puffs\/\" \/>\n<meta property=\"og:site_name\" content=\"Fumot Official Direct | Straight from the Factory, 100% Genuine\" \/>\n<meta property=\"article:modified_time\" content=\"2026-01-21T01:57:34+00:00\" \/>\n<meta property=\"og:image\" content=\"https:\/\/fumot.uk\/wp-content\/uploads\/2026\/01\/Vozol-Vista-20k-Puffs-Strawberry-Kiwi-Disposable-Vape.jpeg\" \/>\n\t<meta property=\"og:image:width\" content=\"1280\" \/>\n\t<meta property=\"og:image:height\" content=\"1280\" \/>\n\t<meta property=\"og:image:type\" content=\"image\/jpeg\" \/>\n<meta name=\"twitter:card\" content=\"summary_large_image\" \/>\n<meta name=\"twitter:label1\" content=\"Gesch\u00e4tzte Lesezeit\" \/>\n\t<meta name=\"twitter:data1\" content=\"3\u00a0Minuten\" \/>\n<script type=\"application\/ld+json\" class=\"yoast-schema-graph\">{\"@context\":\"https:\/\/schema.org\",\"@graph\":[{\"@type\":\"WebPage\",\"@id\":\"https:\/\/fumot.uk\/product\/strawberry-kiwi-vozol-vista-20k-puffs\/\",\"url\":\"https:\/\/fumot.uk\/product\/strawberry-kiwi-vozol-vista-20k-puffs\/\",\"name\":\"Vozol Vista 20K Strawberry Kiwi | 24ml 5% Nicotine\",\"isPartOf\":{\"@id\":\"https:\/\/fumot.uk\/#website\"},\"primaryImageOfPage\":{\"@id\":\"https:\/\/fumot.uk\/product\/strawberry-kiwi-vozol-vista-20k-puffs\/#primaryimage\"},\"image\":{\"@id\":\"https:\/\/fumot.uk\/product\/strawberry-kiwi-vozol-vista-20k-puffs\/#primaryimage\"},\"thumbnailUrl\":\"https:\/\/fumot.uk\/wp-content\/uploads\/2026\/01\/Vozol-Vista-20k-Puffs-Strawberry-Kiwi-Disposable-Vape.jpeg\",\"datePublished\":\"2026-01-20T10:12:10+00:00\",\"dateModified\":\"2026-01-21T01:57:34+00:00\",\"description\":\"Shop Vozol Vista 20K Puffs Strawberry Kiwi: 24ml e-liquid, 5% nicotine, dual mesh coil, adjustable wattage\/airflow, USB-C rechargeable 650mAh.\",\"breadcrumb\":{\"@id\":\"https:\/\/fumot.uk\/product\/strawberry-kiwi-vozol-vista-20k-puffs\/#breadcrumb\"},\"inLanguage\":\"de\",\"potentialAction\":[{\"@type\":\"ReadAction\",\"target\":[\"https:\/\/fumot.uk\/product\/strawberry-kiwi-vozol-vista-20k-puffs\/\"]}]},{\"@type\":\"ImageObject\",\"inLanguage\":\"de\",\"@id\":\"https:\/\/fumot.uk\/product\/strawberry-kiwi-vozol-vista-20k-puffs\/#primaryimage\",\"url\":\"https:\/\/fumot.uk\/wp-content\/uploads\/2026\/01\/Vozol-Vista-20k-Puffs-Strawberry-Kiwi-Disposable-Vape.jpeg\",\"contentUrl\":\"https:\/\/fumot.uk\/wp-content\/uploads\/2026\/01\/Vozol-Vista-20k-Puffs-Strawberry-Kiwi-Disposable-Vape.jpeg\",\"width\":1280,\"height\":1280},{\"@type\":\"BreadcrumbList\",\"@id\":\"https:\/\/fumot.uk\/product\/strawberry-kiwi-vozol-vista-20k-puffs\/#breadcrumb\",\"itemListElement\":[{\"@type\":\"ListItem\",\"position\":1,\"name\":\"Home\",\"item\":\"https:\/\/fumot.uk\/\"},{\"@type\":\"ListItem\",\"position\":2,\"name\":\"Shop\",\"item\":\"https:\/\/fumot.uk\/shop\/\"},{\"@type\":\"ListItem\",\"position\":3,\"name\":\"Vozol Vista 20K Puffs Strawberry Kiwi Crystal Disposable Vape | 24ml, 5% Nicotine, USB-C Rechargeable\"}]},{\"@type\":\"WebSite\",\"@id\":\"https:\/\/fumot.uk\/#website\",\"url\":\"https:\/\/fumot.uk\/\",\"name\":\"Fumot Official Direct | Straight from the Factory, 100% Genuine\",\"description\":\"Official Website\",\"publisher\":{\"@id\":\"https:\/\/fumot.uk\/#organization\"},\"potentialAction\":[{\"@type\":\"SearchAction\",\"target\":{\"@type\":\"EntryPoint\",\"urlTemplate\":\"https:\/\/fumot.uk\/?s={search_term_string}\"},\"query-input\":{\"@type\":\"PropertyValueSpecification\",\"valueRequired\":true,\"valueName\":\"search_term_string\"}}],\"inLanguage\":\"de\"},{\"@type\":\"Organization\",\"@id\":\"https:\/\/fumot.uk\/#organization\",\"name\":\"Fumot Official Direct | Straight from the Factory, 100% Genuine\",\"url\":\"https:\/\/fumot.uk\/\",\"logo\":{\"@type\":\"ImageObject\",\"inLanguage\":\"de\",\"@id\":\"https:\/\/fumot.uk\/#\/schema\/logo\/image\/\",\"url\":\"https:\/\/fumot.uk\/wp-content\/uploads\/2026\/01\/cropped-fumot-logo1.png\",\"contentUrl\":\"https:\/\/fumot.uk\/wp-content\/uploads\/2026\/01\/cropped-fumot-logo1.png\",\"width\":152,\"height\":106,\"caption\":\"Fumot Official Direct | Straight from the Factory, 100% Genuine\"},\"image\":{\"@id\":\"https:\/\/fumot.uk\/#\/schema\/logo\/image\/\"}}]}<\/script>\n<!-- \/ Yoast SEO plugin. -->","yoast_head_json":{"title":"Vozol Vista 20K Erdbeere Kiwi | 24ml 5% Nikotin","description":"Shop Vozol Vista 20K Puffs Erdbeere Kiwi: 24ml E-Liquid, 5% Nikotin, Dual-Mesh-Spule, einstellbare Leistung\/Luftstrom, USB-C wiederaufladbar 650mAh.","robots":{"index":"index","follow":"follow","max-snippet":"max-snippet:-1","max-image-preview":"max-image-preview:large","max-video-preview":"max-video-preview:-1"},"canonical":"https:\/\/fumot.uk\/de\/product\/strawberry-kiwi-vozol-vista-20k-puffs\/","og_locale":"de_DE","og_type":"article","og_title":"Vozol Vista 20K Strawberry Kiwi \u2013 Crystal Disposable Vape","og_description":"Sweet strawberry meets tangy kiwi. 24ml, up to 20,000 puffs, dual mesh coil, adjustable wattage\/airflow, USB-C rechargeable 650mAh.","og_url":"https:\/\/fumot.uk\/de\/product\/strawberry-kiwi-vozol-vista-20k-puffs\/","og_site_name":"Fumot Official Direct | Straight from the Factory, 100% Genuine","article_modified_time":"2026-01-21T01:57:34+00:00","og_image":[{"width":1280,"height":1280,"url":"https:\/\/fumot.uk\/wp-content\/uploads\/2026\/01\/Vozol-Vista-20k-Puffs-Strawberry-Kiwi-Disposable-Vape.jpeg","type":"image\/jpeg"}],"twitter_card":"summary_large_image","twitter_misc":{"Gesch\u00e4tzte Lesezeit":"3\u00a0Minuten"},"schema":{"@context":"https:\/\/schema.org","@graph":[{"@type":"WebPage","@id":"https:\/\/fumot.uk\/product\/strawberry-kiwi-vozol-vista-20k-puffs\/","url":"https:\/\/fumot.uk\/product\/strawberry-kiwi-vozol-vista-20k-puffs\/","name":"Vozol Vista 20K Erdbeere Kiwi | 24ml 5% Nikotin","isPartOf":{"@id":"https:\/\/fumot.uk\/#website"},"primaryImageOfPage":{"@id":"https:\/\/fumot.uk\/product\/strawberry-kiwi-vozol-vista-20k-puffs\/#primaryimage"},"image":{"@id":"https:\/\/fumot.uk\/product\/strawberry-kiwi-vozol-vista-20k-puffs\/#primaryimage"},"thumbnailUrl":"https:\/\/fumot.uk\/wp-content\/uploads\/2026\/01\/Vozol-Vista-20k-Puffs-Strawberry-Kiwi-Disposable-Vape.jpeg","datePublished":"2026-01-20T10:12:10+00:00","dateModified":"2026-01-21T01:57:34+00:00","description":"Shop Vozol Vista 20K Puffs Erdbeere Kiwi: 24ml E-Liquid, 5% Nikotin, Dual-Mesh-Spule, einstellbare Leistung\/Luftstrom, USB-C wiederaufladbar 650mAh.","breadcrumb":{"@id":"https:\/\/fumot.uk\/product\/strawberry-kiwi-vozol-vista-20k-puffs\/#breadcrumb"},"inLanguage":"de","potentialAction":[{"@type":"ReadAction","target":["https:\/\/fumot.uk\/product\/strawberry-kiwi-vozol-vista-20k-puffs\/"]}]},{"@type":"ImageObject","inLanguage":"de","@id":"https:\/\/fumot.uk\/product\/strawberry-kiwi-vozol-vista-20k-puffs\/#primaryimage","url":"https:\/\/fumot.uk\/wp-content\/uploads\/2026\/01\/Vozol-Vista-20k-Puffs-Strawberry-Kiwi-Disposable-Vape.jpeg","contentUrl":"https:\/\/fumot.uk\/wp-content\/uploads\/2026\/01\/Vozol-Vista-20k-Puffs-Strawberry-Kiwi-Disposable-Vape.jpeg","width":1280,"height":1280},{"@type":"BreadcrumbList","@id":"https:\/\/fumot.uk\/product\/strawberry-kiwi-vozol-vista-20k-puffs\/#breadcrumb","itemListElement":[{"@type":"ListItem","position":1,"name":"Home","item":"https:\/\/fumot.uk\/"},{"@type":"ListItem","position":2,"name":"Shop","item":"https:\/\/fumot.uk\/shop\/"},{"@type":"ListItem","position":3,"name":"Vozol Vista 20K Puffs Strawberry Kiwi Crystal Disposable Vape | 24ml, 5% Nicotine, USB-C Rechargeable"}]},{"@type":"WebSite","@id":"https:\/\/fumot.uk\/#website","url":"https:\/\/fumot.uk\/","name":"Fumot Offizieller Direkt | Direkt aus der Fabrik, 100% Original","description":"Offizielle Webseite","publisher":{"@id":"https:\/\/fumot.uk\/#organization"},"potentialAction":[{"@type":"SearchAction","target":{"@type":"EntryPoint","urlTemplate":"https:\/\/fumot.uk\/?s={search_term_string}"},"query-input":{"@type":"PropertyValueSpecification","valueRequired":true,"valueName":"search_term_string"}}],"inLanguage":"de"},{"@type":"Organization","@id":"https:\/\/fumot.uk\/#organization","name":"Fumot Offizieller Direkt | Direkt aus der Fabrik, 100% Original","url":"https:\/\/fumot.uk\/","logo":{"@type":"ImageObject","inLanguage":"de","@id":"https:\/\/fumot.uk\/#\/schema\/logo\/image\/","url":"https:\/\/fumot.uk\/wp-content\/uploads\/2026\/01\/cropped-fumot-logo1.png","contentUrl":"https:\/\/fumot.uk\/wp-content\/uploads\/2026\/01\/cropped-fumot-logo1.png","width":152,"height":106,"caption":"Fumot Official Direct | Straight from the Factory, 100% Genuine"},"image":{"@id":"https:\/\/fumot.uk\/#\/schema\/logo\/image\/"}}]}},"_links":{"self":[{"href":"https:\/\/fumot.uk\/de\/wp-json\/wp\/v2\/product\/3440","targetHints":{"allow":["GET"]}}],"collection":[{"href":"https:\/\/fumot.uk\/de\/wp-json\/wp\/v2\/product"}],"about":[{"href":"https:\/\/fumot.uk\/de\/wp-json\/wp\/v2\/types\/product"}],"replies":[{"embeddable":true,"href":"https:\/\/fumot.uk\/de\/wp-json\/wp\/v2\/comments?post=3440"}],"wp:featuredmedia":[{"embeddable":true,"href":"https:\/\/fumot.uk\/de\/wp-json\/wp\/v2\/media\/3485"}],"wp:attachment":[{"href":"https:\/\/fumot.uk\/de\/wp-json\/wp\/v2\/media?parent=3440"}],"wp:term":[{"taxonomy":"product_brand","embeddable":true,"href":"https:\/\/fumot.uk\/de\/wp-json\/wp\/v2\/product_brand?post=3440"},{"taxonomy":"product_cat","embeddable":true,"href":"https:\/\/fumot.uk\/de\/wp-json\/wp\/v2\/product_cat?post=3440"},{"taxonomy":"product_tag","embeddable":true,"href":"https:\/\/fumot.uk\/de\/wp-json\/wp\/v2\/product_tag?post=3440"}],"curies":[{"name":"wp","href":"https:\/\/api.w.org\/{rel}","templated":true}]}}