{"id":3439,"date":"2026-01-20T10:12:10","date_gmt":"2026-01-20T10:12:10","guid":{"rendered":"https:\/\/fumot.uk\/?post_type=product&#038;p=3439"},"modified":"2026-01-21T01:57:58","modified_gmt":"2026-01-21T01:57:58","slug":"strawberry-raspberry-cherry-vozol-vista-20k-puffs","status":"publish","type":"product","link":"https:\/\/fumot.uk\/de\/product\/strawberry-raspberry-cherry-vozol-vista-20k-puffs\/","title":{"rendered":"Vozol Vista Crystal 20000 Z\u00fcge Einweg E-Zigaretten \u2013 Erdbeere Himbeere Kirsche, 24ml, 5% Nikotin, USB-C Wiederaufladbar"},"content":{"rendered":"<h2>Vozol Vista Crystal 20K Puffs \u2013 Erdbeere Himbeere Kirsche<\/h2>\n<p>Treffen Sie die <strong>Vozol Vista 20K<\/strong> in <strong>Erdbeere Himbeere Kirsche<\/strong>\u2014eine helle, vielschichtige Beerenmischung mit einem sanften Kirsch-Finish, verpackt in einem eleganten Kristall-Design f\u00fcr den einmaligen Gebrauch. F\u00fcr den t\u00e4glichen Komfort gebaut, kombiniert es ein gro\u00dfes <strong>24ml E-Liquid<\/strong> Reservoir, eine <strong>USB-C wiederaufladbare 650mAh Batterie<\/strong>, und einen <strong>intelligente LCD-Display<\/strong> die wichtige Informationen auf einen Blick sichtbar h\u00e4lt.<\/p>\n<h3>Geschmacksprofil: Erdbeere Himbeere Kirsche<\/h3>\n<ul>\n<li><strong>Kopfnote:<\/strong> saftige Erdbeer-S\u00fc\u00dfe beim ersten Zug<\/li>\n<li><strong>Mittelnote:<\/strong> Himbeere f\u00fcgt eine knackige, leicht herbe Note hinzu<\/li>\n<li><strong>Abgang:<\/strong> Kirsche rundet es mit einem tieferen, sanften Fruchtton ab<\/li>\n<\/ul>\n<p>Das Ergebnis ist eine ausgewogene Frucht-E-Zigaretten\u2014frisch und lebendig, ohne \u00fcberm\u00e4\u00dfig s\u00fc\u00df zu werden, mit einem gleichbleibenden Geschmack von Anfang bis Ende.<\/p>\n<h3>Warum Sie die Vozol Vista 20K lieben werden<\/h3>\n<ul>\n<li><strong>Bis zu 20.000 Z\u00fcge<\/strong> (Nutzung variiert)<\/li>\n<li><strong>24ml E-Liquid-Kapazit\u00e4t<\/strong> f\u00fcr l\u00e4ngere Sitzungen zwischen den Ersetzungen<\/li>\n<li><strong>650mAh wiederaufladbare Batterie<\/strong> mit schnellem <strong>Typ-C (USB-C)<\/strong> Aufladen<\/li>\n<li><strong>Intelligentes LCD-Display<\/strong> um Batteriestand und E-Liquid-Niveau leicht zu \u00fcberpr\u00fcfen<\/li>\n<li><strong>6-stufige einstellbare Wattzahl<\/strong> um W\u00e4rme und Intensit\u00e4t anzupassen<\/li>\n<li><strong>Dual-Mesh-Coil<\/strong> f\u00fcr saubereren Geschmack und gleichm\u00e4\u00dfigeren Dampf<\/li>\n<\/ul>\n<h3>Produktspezifikationen<\/h3>\n<ul>\n<li><strong>Produkt:<\/strong> Vozol Vista Crystal Einweg E-Zigaretten<\/li>\n<li><strong>Zuganzahl:<\/strong> Bis zu 20.000<\/li>\n<li><strong>Geschmack:<\/strong> Erdbeere Himbeere Kirsche<\/li>\n<li><strong>Nikotinst\u00e4rke:<\/strong> 5% (50mg\/ml)<\/li>\n<li><strong>E-Liquid Kapazit\u00e4t:<\/strong> 24ml<\/li>\n<li><strong>Batterie:<\/strong> 650mAh (Wiederaufladbar)<\/li>\n<li><strong>Laden:<\/strong> USB-C (Typ-C)<\/li>\n<li><strong>Leistungssteuerung:<\/strong> 6-stufige einstellbare Wattzahl<\/li>\n<li><strong>Spule:<\/strong> Dual-Mesh-Spule<\/li>\n<\/ul>\n<h3>Entdecken Sie mehr auf fumot.uk<\/h3>\n<p>Suchen Sie nach mehr <strong>Vozol Vista 20K<\/strong> Geschm\u00e4cker und langlebige Einwegoptionen? Durchsuchen Sie unsere Sammlung hier: <a href=\"https:\/\/fumot.uk\/de\/\" target=\"_blank\" rel=\"noopener\">fumot.uk<\/a>.<\/p>","protected":false},"excerpt":{"rendered":"<p>Vozol Vista Crystal 20K Einweg-E-Zigaretten in Erdbeere Himbeere Kirsche. 24ml E-Liquid, 5% Nikotin, USB-C wiederaufladbar 650mAh, intelligentes LCD-Display, Dual-Mesh-Spule und 6-stufige Leistungsregelung.<\/p>","protected":false},"featured_media":3484,"comment_status":"open","ping_status":"closed","template":"","meta":[],"product_brand":[],"product_cat":[68,17,183],"product_tag":[171,131,21,36,113,72,73,74,34,26,37,28],"class_list":{"0":"post-3439","1":"product","2":"type-product","3":"status-publish","4":"has-post-thumbnail","6":"product_cat-20000-puff","7":"product_cat-vape","8":"product_cat-vozol-vista-20k-puff","9":"product_tag-24ml","10":"product_tag-650mah","11":"product_tag-adjustable-airflow","12":"product_tag-cherry","13":"product_tag-crystal-vape","14":"product_tag-direct-to-lung","15":"product_tag-dual-mesh","16":"product_tag-lcd-display","17":"product_tag-raspberry","18":"product_tag-rechargeable","19":"product_tag-strawberry","20":"product_tag-type-c","22":"first","23":"instock","24":"sale","25":"shipping-taxable","26":"purchasable","27":"product-type-variable","28":"has-default-attributes"},"yoast_head":"<!-- This site is optimized with the Yoast SEO plugin v26.8 - https:\/\/yoast.com\/product\/yoast-seo-wordpress\/ -->\n<title>Vozol Vista 20K Strawberry Raspberry Cherry | 24ml 5%<\/title>\n<meta name=\"description\" content=\"Vozol Vista Crystal 20K Strawberry Raspberry Cherry: 24ml e-liquid, 5% nicotine, USB-C rechargeable 650mAh, LCD display, dual mesh coil, 6-level power control.\" \/>\n<meta name=\"robots\" content=\"index, follow, max-snippet:-1, max-image-preview:large, max-video-preview:-1\" \/>\n<link rel=\"canonical\" href=\"https:\/\/fumot.uk\/de\/product\/strawberry-raspberry-cherry-vozol-vista-20k-puffs\/\" \/>\n<meta property=\"og:locale\" content=\"de_DE\" \/>\n<meta property=\"og:type\" content=\"article\" \/>\n<meta property=\"og:title\" content=\"Vozol Vista Crystal 20K \u2013 Strawberry Raspberry Cherry\" \/>\n<meta property=\"og:description\" content=\"A bright berry blend with a smooth cherry finish. 24ml, 5% nicotine, USB-C rechargeable 650mAh, smart LCD display, dual mesh coil, up to 20,000 puffs.\" \/>\n<meta property=\"og:url\" content=\"https:\/\/fumot.uk\/de\/product\/strawberry-raspberry-cherry-vozol-vista-20k-puffs\/\" \/>\n<meta property=\"og:site_name\" content=\"Fumot Official Direct | Straight from the Factory, 100% Genuine\" \/>\n<meta property=\"article:modified_time\" content=\"2026-01-21T01:57:58+00:00\" \/>\n<meta property=\"og:image\" content=\"https:\/\/fumot.uk\/wp-content\/uploads\/2026\/01\/Vozol-Vista-20k-Puffs-Srawberry-Raspberry-Cherry-Disposable-Vape-1.jpeg\" \/>\n\t<meta property=\"og:image:width\" content=\"1280\" \/>\n\t<meta property=\"og:image:height\" content=\"1280\" \/>\n\t<meta property=\"og:image:type\" content=\"image\/jpeg\" \/>\n<meta name=\"twitter:card\" content=\"summary_large_image\" \/>\n<meta name=\"twitter:label1\" content=\"Gesch\u00e4tzte Lesezeit\" \/>\n\t<meta name=\"twitter:data1\" content=\"3\u00a0Minuten\" \/>\n<script type=\"application\/ld+json\" class=\"yoast-schema-graph\">{\"@context\":\"https:\/\/schema.org\",\"@graph\":[{\"@type\":\"WebPage\",\"@id\":\"https:\/\/fumot.uk\/product\/strawberry-raspberry-cherry-vozol-vista-20k-puffs\/\",\"url\":\"https:\/\/fumot.uk\/product\/strawberry-raspberry-cherry-vozol-vista-20k-puffs\/\",\"name\":\"Vozol Vista 20K Strawberry Raspberry Cherry | 24ml 5%\",\"isPartOf\":{\"@id\":\"https:\/\/fumot.uk\/#website\"},\"primaryImageOfPage\":{\"@id\":\"https:\/\/fumot.uk\/product\/strawberry-raspberry-cherry-vozol-vista-20k-puffs\/#primaryimage\"},\"image\":{\"@id\":\"https:\/\/fumot.uk\/product\/strawberry-raspberry-cherry-vozol-vista-20k-puffs\/#primaryimage\"},\"thumbnailUrl\":\"https:\/\/fumot.uk\/wp-content\/uploads\/2026\/01\/Vozol-Vista-20k-Puffs-Srawberry-Raspberry-Cherry-Disposable-Vape-1.jpeg\",\"datePublished\":\"2026-01-20T10:12:10+00:00\",\"dateModified\":\"2026-01-21T01:57:58+00:00\",\"description\":\"Vozol Vista Crystal 20K Strawberry Raspberry Cherry: 24ml e-liquid, 5% nicotine, USB-C rechargeable 650mAh, LCD display, dual mesh coil, 6-level power control.\",\"breadcrumb\":{\"@id\":\"https:\/\/fumot.uk\/product\/strawberry-raspberry-cherry-vozol-vista-20k-puffs\/#breadcrumb\"},\"inLanguage\":\"de\",\"potentialAction\":[{\"@type\":\"ReadAction\",\"target\":[\"https:\/\/fumot.uk\/product\/strawberry-raspberry-cherry-vozol-vista-20k-puffs\/\"]}]},{\"@type\":\"ImageObject\",\"inLanguage\":\"de\",\"@id\":\"https:\/\/fumot.uk\/product\/strawberry-raspberry-cherry-vozol-vista-20k-puffs\/#primaryimage\",\"url\":\"https:\/\/fumot.uk\/wp-content\/uploads\/2026\/01\/Vozol-Vista-20k-Puffs-Srawberry-Raspberry-Cherry-Disposable-Vape-1.jpeg\",\"contentUrl\":\"https:\/\/fumot.uk\/wp-content\/uploads\/2026\/01\/Vozol-Vista-20k-Puffs-Srawberry-Raspberry-Cherry-Disposable-Vape-1.jpeg\",\"width\":1280,\"height\":1280},{\"@type\":\"BreadcrumbList\",\"@id\":\"https:\/\/fumot.uk\/product\/strawberry-raspberry-cherry-vozol-vista-20k-puffs\/#breadcrumb\",\"itemListElement\":[{\"@type\":\"ListItem\",\"position\":1,\"name\":\"Home\",\"item\":\"https:\/\/fumot.uk\/\"},{\"@type\":\"ListItem\",\"position\":2,\"name\":\"Shop\",\"item\":\"https:\/\/fumot.uk\/shop\/\"},{\"@type\":\"ListItem\",\"position\":3,\"name\":\"Vozol Vista Crystal 20000 Puffs Disposable Vape \u2013 Strawberry Raspberry Cherry, 24ml, 5% Nicotine, USB-C Rechargeable\"}]},{\"@type\":\"WebSite\",\"@id\":\"https:\/\/fumot.uk\/#website\",\"url\":\"https:\/\/fumot.uk\/\",\"name\":\"Fumot Official Direct | Straight from the Factory, 100% Genuine\",\"description\":\"Official Website\",\"publisher\":{\"@id\":\"https:\/\/fumot.uk\/#organization\"},\"potentialAction\":[{\"@type\":\"SearchAction\",\"target\":{\"@type\":\"EntryPoint\",\"urlTemplate\":\"https:\/\/fumot.uk\/?s={search_term_string}\"},\"query-input\":{\"@type\":\"PropertyValueSpecification\",\"valueRequired\":true,\"valueName\":\"search_term_string\"}}],\"inLanguage\":\"de\"},{\"@type\":\"Organization\",\"@id\":\"https:\/\/fumot.uk\/#organization\",\"name\":\"Fumot Official Direct | Straight from the Factory, 100% Genuine\",\"url\":\"https:\/\/fumot.uk\/\",\"logo\":{\"@type\":\"ImageObject\",\"inLanguage\":\"de\",\"@id\":\"https:\/\/fumot.uk\/#\/schema\/logo\/image\/\",\"url\":\"https:\/\/fumot.uk\/wp-content\/uploads\/2026\/01\/cropped-fumot-logo1.png\",\"contentUrl\":\"https:\/\/fumot.uk\/wp-content\/uploads\/2026\/01\/cropped-fumot-logo1.png\",\"width\":152,\"height\":106,\"caption\":\"Fumot Official Direct | Straight from the Factory, 100% Genuine\"},\"image\":{\"@id\":\"https:\/\/fumot.uk\/#\/schema\/logo\/image\/\"}}]}<\/script>\n<!-- \/ Yoast SEO plugin. -->","yoast_head_json":{"title":"Vozol Vista 20K Erdbeere Himbeere Kirsche | 24ml 5%","description":"Vozol Vista Crystal 20K Erdbeere Himbeere Kirsche: 24ml E-Liquid, 5% Nikotin, USB-C wiederaufladbar 650mAh, LCD-Display, Dual-Mesh-Spule, 6-stufige Leistungsregelung.","robots":{"index":"index","follow":"follow","max-snippet":"max-snippet:-1","max-image-preview":"max-image-preview:large","max-video-preview":"max-video-preview:-1"},"canonical":"https:\/\/fumot.uk\/de\/product\/strawberry-raspberry-cherry-vozol-vista-20k-puffs\/","og_locale":"de_DE","og_type":"article","og_title":"Vozol Vista Crystal 20K \u2013 Strawberry Raspberry Cherry","og_description":"A bright berry blend with a smooth cherry finish. 24ml, 5% nicotine, USB-C rechargeable 650mAh, smart LCD display, dual mesh coil, up to 20,000 puffs.","og_url":"https:\/\/fumot.uk\/de\/product\/strawberry-raspberry-cherry-vozol-vista-20k-puffs\/","og_site_name":"Fumot Official Direct | Straight from the Factory, 100% Genuine","article_modified_time":"2026-01-21T01:57:58+00:00","og_image":[{"width":1280,"height":1280,"url":"https:\/\/fumot.uk\/wp-content\/uploads\/2026\/01\/Vozol-Vista-20k-Puffs-Srawberry-Raspberry-Cherry-Disposable-Vape-1.jpeg","type":"image\/jpeg"}],"twitter_card":"summary_large_image","twitter_misc":{"Gesch\u00e4tzte Lesezeit":"3\u00a0Minuten"},"schema":{"@context":"https:\/\/schema.org","@graph":[{"@type":"WebPage","@id":"https:\/\/fumot.uk\/product\/strawberry-raspberry-cherry-vozol-vista-20k-puffs\/","url":"https:\/\/fumot.uk\/product\/strawberry-raspberry-cherry-vozol-vista-20k-puffs\/","name":"Vozol Vista 20K Erdbeere Himbeere Kirsche | 24ml 5%","isPartOf":{"@id":"https:\/\/fumot.uk\/#website"},"primaryImageOfPage":{"@id":"https:\/\/fumot.uk\/product\/strawberry-raspberry-cherry-vozol-vista-20k-puffs\/#primaryimage"},"image":{"@id":"https:\/\/fumot.uk\/product\/strawberry-raspberry-cherry-vozol-vista-20k-puffs\/#primaryimage"},"thumbnailUrl":"https:\/\/fumot.uk\/wp-content\/uploads\/2026\/01\/Vozol-Vista-20k-Puffs-Srawberry-Raspberry-Cherry-Disposable-Vape-1.jpeg","datePublished":"2026-01-20T10:12:10+00:00","dateModified":"2026-01-21T01:57:58+00:00","description":"Vozol Vista Crystal 20K Erdbeere Himbeere Kirsche: 24ml E-Liquid, 5% Nikotin, USB-C wiederaufladbar 650mAh, LCD-Display, Dual-Mesh-Spule, 6-stufige Leistungsregelung.","breadcrumb":{"@id":"https:\/\/fumot.uk\/product\/strawberry-raspberry-cherry-vozol-vista-20k-puffs\/#breadcrumb"},"inLanguage":"de","potentialAction":[{"@type":"ReadAction","target":["https:\/\/fumot.uk\/product\/strawberry-raspberry-cherry-vozol-vista-20k-puffs\/"]}]},{"@type":"ImageObject","inLanguage":"de","@id":"https:\/\/fumot.uk\/product\/strawberry-raspberry-cherry-vozol-vista-20k-puffs\/#primaryimage","url":"https:\/\/fumot.uk\/wp-content\/uploads\/2026\/01\/Vozol-Vista-20k-Puffs-Srawberry-Raspberry-Cherry-Disposable-Vape-1.jpeg","contentUrl":"https:\/\/fumot.uk\/wp-content\/uploads\/2026\/01\/Vozol-Vista-20k-Puffs-Srawberry-Raspberry-Cherry-Disposable-Vape-1.jpeg","width":1280,"height":1280},{"@type":"BreadcrumbList","@id":"https:\/\/fumot.uk\/product\/strawberry-raspberry-cherry-vozol-vista-20k-puffs\/#breadcrumb","itemListElement":[{"@type":"ListItem","position":1,"name":"Home","item":"https:\/\/fumot.uk\/"},{"@type":"ListItem","position":2,"name":"Shop","item":"https:\/\/fumot.uk\/shop\/"},{"@type":"ListItem","position":3,"name":"Vozol Vista Crystal 20000 Puffs Disposable Vape \u2013 Strawberry Raspberry Cherry, 24ml, 5% Nicotine, USB-C Rechargeable"}]},{"@type":"WebSite","@id":"https:\/\/fumot.uk\/#website","url":"https:\/\/fumot.uk\/","name":"Fumot Offizieller Direkt | Direkt aus der Fabrik, 100% Original","description":"Offizielle Webseite","publisher":{"@id":"https:\/\/fumot.uk\/#organization"},"potentialAction":[{"@type":"SearchAction","target":{"@type":"EntryPoint","urlTemplate":"https:\/\/fumot.uk\/?s={search_term_string}"},"query-input":{"@type":"PropertyValueSpecification","valueRequired":true,"valueName":"search_term_string"}}],"inLanguage":"de"},{"@type":"Organization","@id":"https:\/\/fumot.uk\/#organization","name":"Fumot Offizieller Direkt | Direkt aus der Fabrik, 100% Original","url":"https:\/\/fumot.uk\/","logo":{"@type":"ImageObject","inLanguage":"de","@id":"https:\/\/fumot.uk\/#\/schema\/logo\/image\/","url":"https:\/\/fumot.uk\/wp-content\/uploads\/2026\/01\/cropped-fumot-logo1.png","contentUrl":"https:\/\/fumot.uk\/wp-content\/uploads\/2026\/01\/cropped-fumot-logo1.png","width":152,"height":106,"caption":"Fumot Official Direct | Straight from the Factory, 100% Genuine"},"image":{"@id":"https:\/\/fumot.uk\/#\/schema\/logo\/image\/"}}]}},"_links":{"self":[{"href":"https:\/\/fumot.uk\/de\/wp-json\/wp\/v2\/product\/3439","targetHints":{"allow":["GET"]}}],"collection":[{"href":"https:\/\/fumot.uk\/de\/wp-json\/wp\/v2\/product"}],"about":[{"href":"https:\/\/fumot.uk\/de\/wp-json\/wp\/v2\/types\/product"}],"replies":[{"embeddable":true,"href":"https:\/\/fumot.uk\/de\/wp-json\/wp\/v2\/comments?post=3439"}],"wp:featuredmedia":[{"embeddable":true,"href":"https:\/\/fumot.uk\/de\/wp-json\/wp\/v2\/media\/3484"}],"wp:attachment":[{"href":"https:\/\/fumot.uk\/de\/wp-json\/wp\/v2\/media?parent=3439"}],"wp:term":[{"taxonomy":"product_brand","embeddable":true,"href":"https:\/\/fumot.uk\/de\/wp-json\/wp\/v2\/product_brand?post=3439"},{"taxonomy":"product_cat","embeddable":true,"href":"https:\/\/fumot.uk\/de\/wp-json\/wp\/v2\/product_cat?post=3439"},{"taxonomy":"product_tag","embeddable":true,"href":"https:\/\/fumot.uk\/de\/wp-json\/wp\/v2\/product_tag?post=3439"}],"curies":[{"name":"wp","href":"https:\/\/api.w.org\/{rel}","templated":true}]}}