{"id":3379,"date":"2026-01-20T10:11:15","date_gmt":"2026-01-20T10:11:15","guid":{"rendered":"https:\/\/fumot.uk\/?post_type=product&#038;p=3379"},"modified":"2026-01-21T02:14:49","modified_gmt":"2026-01-21T02:14:49","slug":"vozol-star-40000-puffs-blueberry-ice","status":"publish","type":"product","link":"https:\/\/fumot.uk\/de\/product\/vozol-star-40000-puffs-blueberry-ice\/","title":{"rendered":"Vozol Star 40000 Z\u00fcge Blueberry Ice Einweg-E-Zigaretten 5% Nikotin (20ml, Dual Mesh, OLED Display)"},"content":{"rendered":"<p><strong>Vozol Star 40000 Z\u00fcge \u2013 Blaubeereis<\/strong> ist f\u00fcr Dampfer gebaut, die ein langlebiges Ger\u00e4t mit einem sauberen, gleichm\u00e4\u00dfigen Zug und einem Geschmack w\u00fcnschen, der vom ersten bis zum letzten Zug hell bleibt. Diese wiederaufladbare Einweg-E-Zigarette kombiniert <strong>Dual-Mesh-Spulen<\/strong> mit <strong>S.I.L.C. Smart-Technologie<\/strong> um den Dampf glatt und stabil zu halten, w\u00e4hrend ein <strong>OLED-Wellen-Display<\/strong> wichtige Informationen auf einen Blick sichtbar h\u00e4lt.<\/p>\n<p><strong>Geschmacks-Highlight: Blaubeereis<\/strong> \u2014 reife, saftige Blaubeers\u00fc\u00dfe gefolgt von einem knackigen, k\u00fchlenden Abgang. Denken Sie an ein gek\u00fchltes Blaubeergetr\u00e4nk an einem warmen Tag: fruchtig im Vordergrund, erfrischend beim Ausatmen und den ganzen Tag leicht zu genie\u00dfen, ohne schwer zu wirken.<\/p>\n<h3>Warum Sie den Vozol Star 40000 m\u00f6gen werden<\/h3>\n<ul>\n<li><strong>Bis zu 40.000 Z\u00fcge<\/strong> (Nutzung variiert je nach Zugl\u00e4nge &amp; Modus) f\u00fcr verl\u00e4ngertes t\u00e4gliches Dampfen<\/li>\n<li><strong>20ml E-Liquid<\/strong> mit <strong>5% Nikotinsalz<\/strong> f\u00fcr einen befriedigenden, gleichm\u00e4\u00dfigen Zug<\/li>\n<li><strong>Dual-Mesh-Heizung<\/strong> f\u00fcr gleichm\u00e4\u00dfige Geschmacksabgabe und konsistente Dampfproduktion<\/li>\n<li><strong>Eco- \/ Power-Modi<\/strong> um Ihrer Vorliebe zu entsprechen\u2014effiziente oder intensivere Ausgabe<\/li>\n<li><strong>Einstellbarer Luftstrom<\/strong> um Ihren Zug fein abzustimmen (ideal f\u00fcr Direct-to-Lung-Stil)<\/li>\n<li><strong>OLED-Display<\/strong> zeigt Zuganzahl, Batteriestatus und Modus<\/li>\n<li><strong>USB-C wiederaufladbar<\/strong> Design zur Verl\u00e4ngerung der Ger\u00e4telebensdauer und Reduzierung von Abfall<\/li>\n<\/ul>\n<h3>Am besten f\u00fcr<\/h3>\n<ul>\n<li>Fans von <strong>Blaubeer-E-Zigaretten<\/strong> Aromen mit einem sauberen Menthol-K\u00fchleffekt<\/li>\n<li>Vaper, die eine <strong>hochkapazitives Einweg-Vape<\/strong> mit modernen Displayfunktionen<\/li>\n<li>Jeder, der gerne zwischen einem sanfteren Eco-Zug und einem st\u00e4rkeren Power-Zug wechselt<\/li>\n<\/ul>\n<h3>Produktspezifikationen<\/h3>\n<ul>\n<li><strong>Modell:<\/strong> Vozol Star 40000 Z\u00fcge<\/li>\n<li><strong>Geschmack:<\/strong> Blaubeere Eis<\/li>\n<li><strong>Nikotin:<\/strong> 5% (Nic Salt)<\/li>\n<li><strong>E-Liquid-Kapazit\u00e4t:<\/strong> 20ml<\/li>\n<li><strong>Batterie:<\/strong> 1000mAh<\/li>\n<li><strong>Spule:<\/strong> Dual Mesh<\/li>\n<li><strong>Laden:<\/strong> USB Typ-C<\/li>\n<li><strong>Luftstrom:<\/strong> Einstellbar<\/li>\n<li><strong>Display:<\/strong> OLED<\/li>\n<\/ul>\n<p>Entdecken Sie mehr Geschmacksrichtungen und Neuank\u00f6mmlinge auf <a href=\"https:\/\/fumot.uk\/de\/\">fumot.uk<\/a>, oder st\u00f6bern Sie hier in unseren Blaubeer-Auswahlen: <a href=\"https:\/\/ultravape.de\/product-tag\/blueberry\/\">Blaubeer-Kollektion<\/a>.<\/p>\n<p><small>Hinweis: Die Zuganzahl ist eine Sch\u00e4tzung und h\u00e4ngt von den Nutzungsgwohnheiten, den Luftstromeinstellungen und der Modusauswahl ab.<\/small><\/p>","protected":false},"excerpt":{"rendered":"<p>Vozol Star 40000 Z\u00fcge Blueberry Ice Einweg-E-Zigaretten mit 20ml Nikotinsalz (5%), Dual Mesh Coils, OLED-Display, Eco\/Power-Modi, einstellbarem Luftstrom und USB\u2011C-Aufladung.<\/p>","protected":false},"featured_media":3417,"comment_status":"open","ping_status":"closed","template":"","meta":[],"product_brand":[],"product_cat":[82,17,178],"product_tag":[174,60,21,33,72,23,73,29,26,27,28],"class_list":{"0":"post-3379","1":"product","2":"type-product","3":"status-publish","4":"has-post-thumbnail","6":"product_cat-40000-puff","7":"product_cat-vape","8":"product_cat-vozol-star-40000-puffs","9":"product_tag-1000-mah","10":"product_tag-20ml","11":"product_tag-adjustable-airflow","12":"product_tag-blueberry","13":"product_tag-direct-to-lung","14":"product_tag-display","15":"product_tag-dual-mesh","16":"product_tag-ice","17":"product_tag-rechargeable","18":"product_tag-rgb-light","19":"product_tag-type-c","21":"first","22":"instock","23":"sale","24":"shipping-taxable","25":"purchasable","26":"product-type-variable","27":"has-default-attributes"},"yoast_head":"<!-- This site is optimized with the Yoast SEO plugin v26.8 - https:\/\/yoast.com\/product\/yoast-seo-wordpress\/ -->\n<title>Vozol Star 40000 Blueberry Ice | 5% Nic, Dual Mesh<\/title>\n<meta name=\"description\" content=\"Vozol Star 40000 Puffs Blueberry Ice: 20ml 5% nic salt, Dual Mesh, OLED display, Eco\/Power modes, adjustable airflow, USB\u2011C rechargeable.\" \/>\n<meta name=\"robots\" content=\"index, follow, max-snippet:-1, max-image-preview:large, max-video-preview:-1\" \/>\n<link rel=\"canonical\" href=\"https:\/\/fumot.uk\/de\/product\/vozol-star-40000-puffs-blueberry-ice\/\" \/>\n<meta property=\"og:locale\" content=\"de_DE\" \/>\n<meta property=\"og:type\" content=\"article\" \/>\n<meta property=\"og:title\" content=\"Vozol Star 40000 Puffs \u2013 Blueberry Ice (Dual Mesh, OLED, USB\u2011C)\" \/>\n<meta property=\"og:description\" content=\"Sweet blueberry flavor with a crisp icy finish. 20ml 5% nic salt, up to 40,000 puffs, adjustable airflow, Eco\/Power modes, and an OLED display.\" \/>\n<meta property=\"og:url\" content=\"https:\/\/fumot.uk\/de\/product\/vozol-star-40000-puffs-blueberry-ice\/\" \/>\n<meta property=\"og:site_name\" content=\"Fumot Official Direct | Straight from the Factory, 100% Genuine\" \/>\n<meta property=\"article:modified_time\" content=\"2026-01-21T02:14:49+00:00\" \/>\n<meta property=\"og:image\" content=\"https:\/\/fumot.uk\/wp-content\/uploads\/2026\/01\/Vozol-Star-40000-Puffs_Blueberry-Ice_Disposable-Vape.png\" \/>\n\t<meta property=\"og:image:width\" content=\"1000\" \/>\n\t<meta property=\"og:image:height\" content=\"1000\" \/>\n\t<meta property=\"og:image:type\" content=\"image\/png\" \/>\n<meta name=\"twitter:card\" content=\"summary_large_image\" \/>\n<meta name=\"twitter:label1\" content=\"Gesch\u00e4tzte Lesezeit\" \/>\n\t<meta name=\"twitter:data1\" content=\"2\u00a0Minuten\" \/>\n<script type=\"application\/ld+json\" class=\"yoast-schema-graph\">{\"@context\":\"https:\/\/schema.org\",\"@graph\":[{\"@type\":\"WebPage\",\"@id\":\"https:\/\/fumot.uk\/product\/vozol-star-40000-puffs-blueberry-ice\/\",\"url\":\"https:\/\/fumot.uk\/product\/vozol-star-40000-puffs-blueberry-ice\/\",\"name\":\"Vozol Star 40000 Blueberry Ice | 5% Nic, Dual Mesh\",\"isPartOf\":{\"@id\":\"https:\/\/fumot.uk\/#website\"},\"primaryImageOfPage\":{\"@id\":\"https:\/\/fumot.uk\/product\/vozol-star-40000-puffs-blueberry-ice\/#primaryimage\"},\"image\":{\"@id\":\"https:\/\/fumot.uk\/product\/vozol-star-40000-puffs-blueberry-ice\/#primaryimage\"},\"thumbnailUrl\":\"https:\/\/fumot.uk\/wp-content\/uploads\/2026\/01\/Vozol-Star-40000-Puffs_Blueberry-Ice_Disposable-Vape.png\",\"datePublished\":\"2026-01-20T10:11:15+00:00\",\"dateModified\":\"2026-01-21T02:14:49+00:00\",\"description\":\"Vozol Star 40000 Puffs Blueberry Ice: 20ml 5% nic salt, Dual Mesh, OLED display, Eco\/Power modes, adjustable airflow, USB\u2011C rechargeable.\",\"breadcrumb\":{\"@id\":\"https:\/\/fumot.uk\/product\/vozol-star-40000-puffs-blueberry-ice\/#breadcrumb\"},\"inLanguage\":\"de\",\"potentialAction\":[{\"@type\":\"ReadAction\",\"target\":[\"https:\/\/fumot.uk\/product\/vozol-star-40000-puffs-blueberry-ice\/\"]}]},{\"@type\":\"ImageObject\",\"inLanguage\":\"de\",\"@id\":\"https:\/\/fumot.uk\/product\/vozol-star-40000-puffs-blueberry-ice\/#primaryimage\",\"url\":\"https:\/\/fumot.uk\/wp-content\/uploads\/2026\/01\/Vozol-Star-40000-Puffs_Blueberry-Ice_Disposable-Vape.png\",\"contentUrl\":\"https:\/\/fumot.uk\/wp-content\/uploads\/2026\/01\/Vozol-Star-40000-Puffs_Blueberry-Ice_Disposable-Vape.png\",\"width\":1000,\"height\":1000},{\"@type\":\"BreadcrumbList\",\"@id\":\"https:\/\/fumot.uk\/product\/vozol-star-40000-puffs-blueberry-ice\/#breadcrumb\",\"itemListElement\":[{\"@type\":\"ListItem\",\"position\":1,\"name\":\"Home\",\"item\":\"https:\/\/fumot.uk\/\"},{\"@type\":\"ListItem\",\"position\":2,\"name\":\"Shop\",\"item\":\"https:\/\/fumot.uk\/shop\/\"},{\"@type\":\"ListItem\",\"position\":3,\"name\":\"Vozol Star 40000 Puffs Blueberry Ice Disposable Vape 5% Nicotine (20ml, Dual Mesh, OLED Display)\"}]},{\"@type\":\"WebSite\",\"@id\":\"https:\/\/fumot.uk\/#website\",\"url\":\"https:\/\/fumot.uk\/\",\"name\":\"Fumot Official Direct | Straight from the Factory, 100% Genuine\",\"description\":\"Official Website\",\"publisher\":{\"@id\":\"https:\/\/fumot.uk\/#organization\"},\"potentialAction\":[{\"@type\":\"SearchAction\",\"target\":{\"@type\":\"EntryPoint\",\"urlTemplate\":\"https:\/\/fumot.uk\/?s={search_term_string}\"},\"query-input\":{\"@type\":\"PropertyValueSpecification\",\"valueRequired\":true,\"valueName\":\"search_term_string\"}}],\"inLanguage\":\"de\"},{\"@type\":\"Organization\",\"@id\":\"https:\/\/fumot.uk\/#organization\",\"name\":\"Fumot Official Direct | Straight from the Factory, 100% Genuine\",\"url\":\"https:\/\/fumot.uk\/\",\"logo\":{\"@type\":\"ImageObject\",\"inLanguage\":\"de\",\"@id\":\"https:\/\/fumot.uk\/#\/schema\/logo\/image\/\",\"url\":\"https:\/\/fumot.uk\/wp-content\/uploads\/2026\/01\/cropped-fumot-logo1.png\",\"contentUrl\":\"https:\/\/fumot.uk\/wp-content\/uploads\/2026\/01\/cropped-fumot-logo1.png\",\"width\":152,\"height\":106,\"caption\":\"Fumot Official Direct | Straight from the Factory, 100% Genuine\"},\"image\":{\"@id\":\"https:\/\/fumot.uk\/#\/schema\/logo\/image\/\"}}]}<\/script>\n<!-- \/ Yoast SEO plugin. -->","yoast_head_json":{"title":"Vozol Star 40000 Blaubeereis | 5% Nic, Dual Mesh","description":"Vozol Star 40000 Z\u00fcge Blaubeereis: 20ml 5% Nic-Salz, Dual-Mesh, OLED-Display, Eco-\/Power-Modi, einstellbarer Luftstrom, USB-C wiederaufladbar.","robots":{"index":"index","follow":"follow","max-snippet":"max-snippet:-1","max-image-preview":"max-image-preview:large","max-video-preview":"max-video-preview:-1"},"canonical":"https:\/\/fumot.uk\/de\/product\/vozol-star-40000-puffs-blueberry-ice\/","og_locale":"de_DE","og_type":"article","og_title":"Vozol Star 40000 Puffs \u2013 Blueberry Ice (Dual Mesh, OLED, USB\u2011C)","og_description":"Sweet blueberry flavor with a crisp icy finish. 20ml 5% nic salt, up to 40,000 puffs, adjustable airflow, Eco\/Power modes, and an OLED display.","og_url":"https:\/\/fumot.uk\/de\/product\/vozol-star-40000-puffs-blueberry-ice\/","og_site_name":"Fumot Official Direct | Straight from the Factory, 100% Genuine","article_modified_time":"2026-01-21T02:14:49+00:00","og_image":[{"width":1000,"height":1000,"url":"https:\/\/fumot.uk\/wp-content\/uploads\/2026\/01\/Vozol-Star-40000-Puffs_Blueberry-Ice_Disposable-Vape.png","type":"image\/png"}],"twitter_card":"summary_large_image","twitter_misc":{"Gesch\u00e4tzte Lesezeit":"2\u00a0Minuten"},"schema":{"@context":"https:\/\/schema.org","@graph":[{"@type":"WebPage","@id":"https:\/\/fumot.uk\/product\/vozol-star-40000-puffs-blueberry-ice\/","url":"https:\/\/fumot.uk\/product\/vozol-star-40000-puffs-blueberry-ice\/","name":"Vozol Star 40000 Blaubeereis | 5% Nic, Dual Mesh","isPartOf":{"@id":"https:\/\/fumot.uk\/#website"},"primaryImageOfPage":{"@id":"https:\/\/fumot.uk\/product\/vozol-star-40000-puffs-blueberry-ice\/#primaryimage"},"image":{"@id":"https:\/\/fumot.uk\/product\/vozol-star-40000-puffs-blueberry-ice\/#primaryimage"},"thumbnailUrl":"https:\/\/fumot.uk\/wp-content\/uploads\/2026\/01\/Vozol-Star-40000-Puffs_Blueberry-Ice_Disposable-Vape.png","datePublished":"2026-01-20T10:11:15+00:00","dateModified":"2026-01-21T02:14:49+00:00","description":"Vozol Star 40000 Z\u00fcge Blaubeereis: 20ml 5% Nic-Salz, Dual-Mesh, OLED-Display, Eco-\/Power-Modi, einstellbarer Luftstrom, USB-C wiederaufladbar.","breadcrumb":{"@id":"https:\/\/fumot.uk\/product\/vozol-star-40000-puffs-blueberry-ice\/#breadcrumb"},"inLanguage":"de","potentialAction":[{"@type":"ReadAction","target":["https:\/\/fumot.uk\/product\/vozol-star-40000-puffs-blueberry-ice\/"]}]},{"@type":"ImageObject","inLanguage":"de","@id":"https:\/\/fumot.uk\/product\/vozol-star-40000-puffs-blueberry-ice\/#primaryimage","url":"https:\/\/fumot.uk\/wp-content\/uploads\/2026\/01\/Vozol-Star-40000-Puffs_Blueberry-Ice_Disposable-Vape.png","contentUrl":"https:\/\/fumot.uk\/wp-content\/uploads\/2026\/01\/Vozol-Star-40000-Puffs_Blueberry-Ice_Disposable-Vape.png","width":1000,"height":1000},{"@type":"BreadcrumbList","@id":"https:\/\/fumot.uk\/product\/vozol-star-40000-puffs-blueberry-ice\/#breadcrumb","itemListElement":[{"@type":"ListItem","position":1,"name":"Home","item":"https:\/\/fumot.uk\/"},{"@type":"ListItem","position":2,"name":"Shop","item":"https:\/\/fumot.uk\/shop\/"},{"@type":"ListItem","position":3,"name":"Vozol Star 40000 Puffs Blueberry Ice Disposable Vape 5% Nicotine (20ml, Dual Mesh, OLED Display)"}]},{"@type":"WebSite","@id":"https:\/\/fumot.uk\/#website","url":"https:\/\/fumot.uk\/","name":"Fumot Offizieller Direkt | Direkt aus der Fabrik, 100% Original","description":"Offizielle Webseite","publisher":{"@id":"https:\/\/fumot.uk\/#organization"},"potentialAction":[{"@type":"SearchAction","target":{"@type":"EntryPoint","urlTemplate":"https:\/\/fumot.uk\/?s={search_term_string}"},"query-input":{"@type":"PropertyValueSpecification","valueRequired":true,"valueName":"search_term_string"}}],"inLanguage":"de"},{"@type":"Organization","@id":"https:\/\/fumot.uk\/#organization","name":"Fumot Offizieller Direkt | Direkt aus der Fabrik, 100% Original","url":"https:\/\/fumot.uk\/","logo":{"@type":"ImageObject","inLanguage":"de","@id":"https:\/\/fumot.uk\/#\/schema\/logo\/image\/","url":"https:\/\/fumot.uk\/wp-content\/uploads\/2026\/01\/cropped-fumot-logo1.png","contentUrl":"https:\/\/fumot.uk\/wp-content\/uploads\/2026\/01\/cropped-fumot-logo1.png","width":152,"height":106,"caption":"Fumot Official Direct | Straight from the Factory, 100% Genuine"},"image":{"@id":"https:\/\/fumot.uk\/#\/schema\/logo\/image\/"}}]}},"_links":{"self":[{"href":"https:\/\/fumot.uk\/de\/wp-json\/wp\/v2\/product\/3379","targetHints":{"allow":["GET"]}}],"collection":[{"href":"https:\/\/fumot.uk\/de\/wp-json\/wp\/v2\/product"}],"about":[{"href":"https:\/\/fumot.uk\/de\/wp-json\/wp\/v2\/types\/product"}],"replies":[{"embeddable":true,"href":"https:\/\/fumot.uk\/de\/wp-json\/wp\/v2\/comments?post=3379"}],"wp:featuredmedia":[{"embeddable":true,"href":"https:\/\/fumot.uk\/de\/wp-json\/wp\/v2\/media\/3417"}],"wp:attachment":[{"href":"https:\/\/fumot.uk\/de\/wp-json\/wp\/v2\/media?parent=3379"}],"wp:term":[{"taxonomy":"product_brand","embeddable":true,"href":"https:\/\/fumot.uk\/de\/wp-json\/wp\/v2\/product_brand?post=3379"},{"taxonomy":"product_cat","embeddable":true,"href":"https:\/\/fumot.uk\/de\/wp-json\/wp\/v2\/product_cat?post=3379"},{"taxonomy":"product_tag","embeddable":true,"href":"https:\/\/fumot.uk\/de\/wp-json\/wp\/v2\/product_tag?post=3379"}],"curies":[{"name":"wp","href":"https:\/\/api.w.org\/{rel}","templated":true}]}}