{"id":3378,"date":"2026-01-20T10:11:15","date_gmt":"2026-01-20T10:11:15","guid":{"rendered":"https:\/\/fumot.uk\/?post_type=product&#038;p=3378"},"modified":"2026-01-21T02:14:01","modified_gmt":"2026-01-21T02:14:01","slug":"vozol-star-40000-puffs-blue-razz-ice","status":"publish","type":"product","link":"https:\/\/fumot.uk\/de\/product\/vozol-star-40000-puffs-blue-razz-ice\/","title":{"rendered":"Vozol Star 40000 Z\u00fcge Blue Razz Ice Einweg-E-Zigaretten (5% Nic Salt) | Dual Mesh, OLED-Display, USB\u2011C"},"content":{"rendered":"<p><strong>Vozol Star 40000 Z\u00fcge Blue Razz Ice<\/strong> ist ein Premiumprodukt <strong>wiederaufladbare Einweg-E-Zigaretten<\/strong> entwickelt f\u00fcr langanhaltenden, gleichbleibenden Geschmack. Mit <strong>Dual-Mesh-Coils<\/strong> und intelligente <strong>S.I.L.C.-Technologie<\/strong>, bietet es einen sanften, stabilen Zug vom ersten bis zum letzten Zug. Ein klares <strong>OLED-Display<\/strong> mit einer Wellenstil-Oberfl\u00e4che zeigt Ihre <strong>Zuganzahl, den Batteriestand und den Modus<\/strong> auf einen Blick, sodass Sie zwischen <strong>Eco<\/strong> und <strong>Power<\/strong> Modi basierend auf Ihrer Vorliebe wechseln k\u00f6nnen.<\/p>\n<p><strong>Geschmack: Blue Razz Ice<\/strong><br \/>Eine leuchtende Mischung aus Blaubeer- und Himbeerbonbon-Noten, abgerundet mit einem sauberen, eisigen Frischekick. Erwarten Sie einen s\u00fc\u00df-sauren Beerenhit zu Beginn, gefolgt von einem erfrischend k\u00fchlen Ausatmen, das das Profil leicht und angenehm f\u00fcr den ganzen Tag macht\u2014besonders wenn Sie etwas Fruchtiges mit einem frischen Abschluss m\u00f6chten.<\/p>\n<h3>Warum Sie die Vozol Star 40000 lieben werden<\/h3>\n<ul>\n<li><strong>Bis zu 40.000 Z\u00fcge<\/strong> f\u00fcr l\u00e4ngere Nutzung und weniger Ersatz<\/li>\n<li><strong>Dual-Mesh-Coil<\/strong> f\u00fcr gleichm\u00e4\u00dfige Erw\u00e4rmung und konstant kr\u00e4ftigen Geschmack<\/li>\n<li><strong>Eco\/Power-Doppelmodi<\/strong> um Ihre bevorzugte Intensit\u00e4t anzupassen<\/li>\n<li><strong>OLED-Display<\/strong> zeigt Zuganzahl, Batterie und Arbeitsmodus in Echtzeit<\/li>\n<li><strong>USB-C wiederaufladbar<\/strong> Design f\u00fcr l\u00e4ngere Lebensdauer des Ger\u00e4ts (Kabel nicht enthalten)<\/li>\n<li><strong>Einstellbarer Luftstrom<\/strong> um den Zug anzupassen (ideal f\u00fcr direkten Lungenzug)<\/li>\n<\/ul>\n<h3>Wichtige Spezifikationen<\/h3>\n<ul>\n<li><strong>Nikotinst\u00e4rke:<\/strong> 5% Nic-Salz<\/li>\n<li><strong>E-Liquid-Kapazit\u00e4t:<\/strong> 20ml<\/li>\n<li><strong>Batterie:<\/strong> 1000mAh<\/li>\n<li><strong>Laden:<\/strong> USB\u2011C<\/li>\n<li><strong>Spule:<\/strong> Dual-Mesh<\/li>\n<li><strong>Merkmale:<\/strong> Display, RGB-Licht, einstellbarer Luftstrom, Dual-Modi<\/li>\n<\/ul>\n<p>Auf der Suche nach mehr langanhaltenden Geschmacksrichtungen aus derselben Serie? Entdecken Sie die Kollektion unter <a href=\"https:\/\/fumot.uk\/de\/\" target=\"_blank\" rel=\"noopener\">fumot.uk<\/a> und entdecken Sie mehr <strong>Vozol Star 40000 Z\u00fcge<\/strong> Optionen.<\/p>","protected":false},"excerpt":{"rendered":"<p>Vozol Star 40000 Z\u00fcge Blue Razz Ice: s\u00fc\u00dfer blauer Himbeer-Bonbon-Geschmack mit einem eisigen Abgang. Dual-Mesh-Spule, OLED-Display, Eco\/Power-Modi, einstellbarer Luftstrom, 20ml, 1000mAh, USB\u2011C wiederaufladbar, 5% Nikotinsalz.<\/p>","protected":false},"featured_media":3416,"comment_status":"open","ping_status":"closed","template":"","meta":[],"product_brand":[],"product_cat":[82,17,178],"product_tag":[174,60,21,22,72,23,73,29,26,27,28],"class_list":{"0":"post-3378","1":"product","2":"type-product","3":"status-publish","4":"has-post-thumbnail","6":"product_cat-40000-puff","7":"product_cat-vape","8":"product_cat-vozol-star-40000-puffs","9":"product_tag-1000-mah","10":"product_tag-20ml","11":"product_tag-adjustable-airflow","12":"product_tag-blue-razz","13":"product_tag-direct-to-lung","14":"product_tag-display","15":"product_tag-dual-mesh","16":"product_tag-ice","17":"product_tag-rechargeable","18":"product_tag-rgb-light","19":"product_tag-type-c","21":"first","22":"instock","23":"sale","24":"shipping-taxable","25":"purchasable","26":"product-type-variable","27":"has-default-attributes"},"yoast_head":"<!-- This site is optimized with the Yoast SEO plugin v26.8 - https:\/\/yoast.com\/product\/yoast-seo-wordpress\/ -->\n<title>Vozol Star 40000 Blue Razz Ice | 5% Nic, USB\u2011C<\/title>\n<meta name=\"description\" content=\"Vozol Star 40000 Puffs Blue Razz Ice disposable vape: dual mesh coil, OLED display, Eco\/Power modes, adjustable airflow, 20ml, 1000mAh, USB\u2011C recharge, 5% nic.\" \/>\n<meta name=\"robots\" content=\"index, follow, max-snippet:-1, max-image-preview:large, max-video-preview:-1\" \/>\n<link rel=\"canonical\" href=\"https:\/\/fumot.uk\/de\/product\/vozol-star-40000-puffs-blue-razz-ice\/\" \/>\n<meta property=\"og:locale\" content=\"de_DE\" \/>\n<meta property=\"og:type\" content=\"article\" \/>\n<meta property=\"og:title\" content=\"Vozol Star 40000 Puffs \u2013 Blue Razz Ice (5% Nic Salt)\" \/>\n<meta property=\"og:description\" content=\"Sweet blue razz candy notes with an icy exhale. Dual mesh coil, OLED screen, Eco\/Power modes, adjustable airflow, 20ml and USB\u2011C rechargeable. Shop at fumot.uk.\" \/>\n<meta property=\"og:url\" content=\"https:\/\/fumot.uk\/de\/product\/vozol-star-40000-puffs-blue-razz-ice\/\" \/>\n<meta property=\"og:site_name\" content=\"Fumot Official Direct | Straight from the Factory, 100% Genuine\" \/>\n<meta property=\"article:modified_time\" content=\"2026-01-21T02:14:01+00:00\" \/>\n<meta property=\"og:image\" content=\"https:\/\/fumot.uk\/wp-content\/uploads\/2026\/01\/Vozol-Star-40000-Puffs_Blue-Razz-Ice_Disposable-Vape.png\" \/>\n\t<meta property=\"og:image:width\" content=\"1000\" \/>\n\t<meta property=\"og:image:height\" content=\"1000\" \/>\n\t<meta property=\"og:image:type\" content=\"image\/png\" \/>\n<meta name=\"twitter:card\" content=\"summary_large_image\" \/>\n<meta name=\"twitter:label1\" content=\"Gesch\u00e4tzte Lesezeit\" \/>\n\t<meta name=\"twitter:data1\" content=\"2\u00a0Minuten\" \/>\n<script type=\"application\/ld+json\" class=\"yoast-schema-graph\">{\"@context\":\"https:\/\/schema.org\",\"@graph\":[{\"@type\":\"WebPage\",\"@id\":\"https:\/\/fumot.uk\/product\/vozol-star-40000-puffs-blue-razz-ice\/\",\"url\":\"https:\/\/fumot.uk\/product\/vozol-star-40000-puffs-blue-razz-ice\/\",\"name\":\"Vozol Star 40000 Blue Razz Ice | 5% Nic, USB\u2011C\",\"isPartOf\":{\"@id\":\"https:\/\/fumot.uk\/#website\"},\"primaryImageOfPage\":{\"@id\":\"https:\/\/fumot.uk\/product\/vozol-star-40000-puffs-blue-razz-ice\/#primaryimage\"},\"image\":{\"@id\":\"https:\/\/fumot.uk\/product\/vozol-star-40000-puffs-blue-razz-ice\/#primaryimage\"},\"thumbnailUrl\":\"https:\/\/fumot.uk\/wp-content\/uploads\/2026\/01\/Vozol-Star-40000-Puffs_Blue-Razz-Ice_Disposable-Vape.png\",\"datePublished\":\"2026-01-20T10:11:15+00:00\",\"dateModified\":\"2026-01-21T02:14:01+00:00\",\"description\":\"Vozol Star 40000 Puffs Blue Razz Ice disposable vape: dual mesh coil, OLED display, Eco\/Power modes, adjustable airflow, 20ml, 1000mAh, USB\u2011C recharge, 5% nic.\",\"breadcrumb\":{\"@id\":\"https:\/\/fumot.uk\/product\/vozol-star-40000-puffs-blue-razz-ice\/#breadcrumb\"},\"inLanguage\":\"de\",\"potentialAction\":[{\"@type\":\"ReadAction\",\"target\":[\"https:\/\/fumot.uk\/product\/vozol-star-40000-puffs-blue-razz-ice\/\"]}]},{\"@type\":\"ImageObject\",\"inLanguage\":\"de\",\"@id\":\"https:\/\/fumot.uk\/product\/vozol-star-40000-puffs-blue-razz-ice\/#primaryimage\",\"url\":\"https:\/\/fumot.uk\/wp-content\/uploads\/2026\/01\/Vozol-Star-40000-Puffs_Blue-Razz-Ice_Disposable-Vape.png\",\"contentUrl\":\"https:\/\/fumot.uk\/wp-content\/uploads\/2026\/01\/Vozol-Star-40000-Puffs_Blue-Razz-Ice_Disposable-Vape.png\",\"width\":1000,\"height\":1000},{\"@type\":\"BreadcrumbList\",\"@id\":\"https:\/\/fumot.uk\/product\/vozol-star-40000-puffs-blue-razz-ice\/#breadcrumb\",\"itemListElement\":[{\"@type\":\"ListItem\",\"position\":1,\"name\":\"Home\",\"item\":\"https:\/\/fumot.uk\/\"},{\"@type\":\"ListItem\",\"position\":2,\"name\":\"Shop\",\"item\":\"https:\/\/fumot.uk\/shop\/\"},{\"@type\":\"ListItem\",\"position\":3,\"name\":\"Vozol Star 40000 Puffs Blue Razz Ice Disposable Vape (5% Nic Salt) | Dual Mesh, OLED Display, USB\u2011C\"}]},{\"@type\":\"WebSite\",\"@id\":\"https:\/\/fumot.uk\/#website\",\"url\":\"https:\/\/fumot.uk\/\",\"name\":\"Fumot Official Direct | Straight from the Factory, 100% Genuine\",\"description\":\"Official Website\",\"publisher\":{\"@id\":\"https:\/\/fumot.uk\/#organization\"},\"potentialAction\":[{\"@type\":\"SearchAction\",\"target\":{\"@type\":\"EntryPoint\",\"urlTemplate\":\"https:\/\/fumot.uk\/?s={search_term_string}\"},\"query-input\":{\"@type\":\"PropertyValueSpecification\",\"valueRequired\":true,\"valueName\":\"search_term_string\"}}],\"inLanguage\":\"de\"},{\"@type\":\"Organization\",\"@id\":\"https:\/\/fumot.uk\/#organization\",\"name\":\"Fumot Official Direct | Straight from the Factory, 100% Genuine\",\"url\":\"https:\/\/fumot.uk\/\",\"logo\":{\"@type\":\"ImageObject\",\"inLanguage\":\"de\",\"@id\":\"https:\/\/fumot.uk\/#\/schema\/logo\/image\/\",\"url\":\"https:\/\/fumot.uk\/wp-content\/uploads\/2026\/01\/cropped-fumot-logo1.png\",\"contentUrl\":\"https:\/\/fumot.uk\/wp-content\/uploads\/2026\/01\/cropped-fumot-logo1.png\",\"width\":152,\"height\":106,\"caption\":\"Fumot Official Direct | Straight from the Factory, 100% Genuine\"},\"image\":{\"@id\":\"https:\/\/fumot.uk\/#\/schema\/logo\/image\/\"}}]}<\/script>\n<!-- \/ Yoast SEO plugin. -->","yoast_head_json":{"title":"Vozol Star 40000 Blue Razz Ice | 5% Nic, USB\u2011C","description":"Vozol Star 40000 Z\u00fcge Blue Razz Ice Einweg-E-Zigaretten: Dual-Mesh-Spule, OLED-Display, Eco-\/Power-Modi, einstellbarer Luftstrom, 20ml, 1000mAh, USB\u2011C-Aufladung, 5% Nikotin.","robots":{"index":"index","follow":"follow","max-snippet":"max-snippet:-1","max-image-preview":"max-image-preview:large","max-video-preview":"max-video-preview:-1"},"canonical":"https:\/\/fumot.uk\/de\/product\/vozol-star-40000-puffs-blue-razz-ice\/","og_locale":"de_DE","og_type":"article","og_title":"Vozol Star 40000 Puffs \u2013 Blue Razz Ice (5% Nic Salt)","og_description":"Sweet blue razz candy notes with an icy exhale. Dual mesh coil, OLED screen, Eco\/Power modes, adjustable airflow, 20ml and USB\u2011C rechargeable. Shop at fumot.uk.","og_url":"https:\/\/fumot.uk\/de\/product\/vozol-star-40000-puffs-blue-razz-ice\/","og_site_name":"Fumot Official Direct | Straight from the Factory, 100% Genuine","article_modified_time":"2026-01-21T02:14:01+00:00","og_image":[{"width":1000,"height":1000,"url":"https:\/\/fumot.uk\/wp-content\/uploads\/2026\/01\/Vozol-Star-40000-Puffs_Blue-Razz-Ice_Disposable-Vape.png","type":"image\/png"}],"twitter_card":"summary_large_image","twitter_misc":{"Gesch\u00e4tzte Lesezeit":"2\u00a0Minuten"},"schema":{"@context":"https:\/\/schema.org","@graph":[{"@type":"WebPage","@id":"https:\/\/fumot.uk\/product\/vozol-star-40000-puffs-blue-razz-ice\/","url":"https:\/\/fumot.uk\/product\/vozol-star-40000-puffs-blue-razz-ice\/","name":"Vozol Star 40000 Blue Razz Ice | 5% Nic, USB\u2011C","isPartOf":{"@id":"https:\/\/fumot.uk\/#website"},"primaryImageOfPage":{"@id":"https:\/\/fumot.uk\/product\/vozol-star-40000-puffs-blue-razz-ice\/#primaryimage"},"image":{"@id":"https:\/\/fumot.uk\/product\/vozol-star-40000-puffs-blue-razz-ice\/#primaryimage"},"thumbnailUrl":"https:\/\/fumot.uk\/wp-content\/uploads\/2026\/01\/Vozol-Star-40000-Puffs_Blue-Razz-Ice_Disposable-Vape.png","datePublished":"2026-01-20T10:11:15+00:00","dateModified":"2026-01-21T02:14:01+00:00","description":"Vozol Star 40000 Z\u00fcge Blue Razz Ice Einweg-E-Zigaretten: Dual-Mesh-Spule, OLED-Display, Eco-\/Power-Modi, einstellbarer Luftstrom, 20ml, 1000mAh, USB\u2011C-Aufladung, 5% Nikotin.","breadcrumb":{"@id":"https:\/\/fumot.uk\/product\/vozol-star-40000-puffs-blue-razz-ice\/#breadcrumb"},"inLanguage":"de","potentialAction":[{"@type":"ReadAction","target":["https:\/\/fumot.uk\/product\/vozol-star-40000-puffs-blue-razz-ice\/"]}]},{"@type":"ImageObject","inLanguage":"de","@id":"https:\/\/fumot.uk\/product\/vozol-star-40000-puffs-blue-razz-ice\/#primaryimage","url":"https:\/\/fumot.uk\/wp-content\/uploads\/2026\/01\/Vozol-Star-40000-Puffs_Blue-Razz-Ice_Disposable-Vape.png","contentUrl":"https:\/\/fumot.uk\/wp-content\/uploads\/2026\/01\/Vozol-Star-40000-Puffs_Blue-Razz-Ice_Disposable-Vape.png","width":1000,"height":1000},{"@type":"BreadcrumbList","@id":"https:\/\/fumot.uk\/product\/vozol-star-40000-puffs-blue-razz-ice\/#breadcrumb","itemListElement":[{"@type":"ListItem","position":1,"name":"Home","item":"https:\/\/fumot.uk\/"},{"@type":"ListItem","position":2,"name":"Shop","item":"https:\/\/fumot.uk\/shop\/"},{"@type":"ListItem","position":3,"name":"Vozol Star 40000 Puffs Blue Razz Ice Disposable Vape (5% Nic Salt) | Dual Mesh, OLED Display, USB\u2011C"}]},{"@type":"WebSite","@id":"https:\/\/fumot.uk\/#website","url":"https:\/\/fumot.uk\/","name":"Fumot Offizieller Direkt | Direkt aus der Fabrik, 100% Original","description":"Offizielle Webseite","publisher":{"@id":"https:\/\/fumot.uk\/#organization"},"potentialAction":[{"@type":"SearchAction","target":{"@type":"EntryPoint","urlTemplate":"https:\/\/fumot.uk\/?s={search_term_string}"},"query-input":{"@type":"PropertyValueSpecification","valueRequired":true,"valueName":"search_term_string"}}],"inLanguage":"de"},{"@type":"Organization","@id":"https:\/\/fumot.uk\/#organization","name":"Fumot Offizieller Direkt | Direkt aus der Fabrik, 100% Original","url":"https:\/\/fumot.uk\/","logo":{"@type":"ImageObject","inLanguage":"de","@id":"https:\/\/fumot.uk\/#\/schema\/logo\/image\/","url":"https:\/\/fumot.uk\/wp-content\/uploads\/2026\/01\/cropped-fumot-logo1.png","contentUrl":"https:\/\/fumot.uk\/wp-content\/uploads\/2026\/01\/cropped-fumot-logo1.png","width":152,"height":106,"caption":"Fumot Official Direct | Straight from the Factory, 100% Genuine"},"image":{"@id":"https:\/\/fumot.uk\/#\/schema\/logo\/image\/"}}]}},"_links":{"self":[{"href":"https:\/\/fumot.uk\/de\/wp-json\/wp\/v2\/product\/3378","targetHints":{"allow":["GET"]}}],"collection":[{"href":"https:\/\/fumot.uk\/de\/wp-json\/wp\/v2\/product"}],"about":[{"href":"https:\/\/fumot.uk\/de\/wp-json\/wp\/v2\/types\/product"}],"replies":[{"embeddable":true,"href":"https:\/\/fumot.uk\/de\/wp-json\/wp\/v2\/comments?post=3378"}],"wp:featuredmedia":[{"embeddable":true,"href":"https:\/\/fumot.uk\/de\/wp-json\/wp\/v2\/media\/3416"}],"wp:attachment":[{"href":"https:\/\/fumot.uk\/de\/wp-json\/wp\/v2\/media?parent=3378"}],"wp:term":[{"taxonomy":"product_brand","embeddable":true,"href":"https:\/\/fumot.uk\/de\/wp-json\/wp\/v2\/product_brand?post=3378"},{"taxonomy":"product_cat","embeddable":true,"href":"https:\/\/fumot.uk\/de\/wp-json\/wp\/v2\/product_cat?post=3378"},{"taxonomy":"product_tag","embeddable":true,"href":"https:\/\/fumot.uk\/de\/wp-json\/wp\/v2\/product_tag?post=3378"}],"curies":[{"name":"wp","href":"https:\/\/api.w.org\/{rel}","templated":true}]}}