{"id":3262,"date":"2026-01-20T10:09:37","date_gmt":"2026-01-20T10:09:37","guid":{"rendered":"https:\/\/fumot.uk\/?post_type=product&#038;p=3262"},"modified":"2026-01-21T02:35:35","modified_gmt":"2026-01-21T02:35:35","slug":"vozol-gear-shisha-25k-puffs-sweet-passion-fruit","status":"publish","type":"product","link":"https:\/\/fumot.uk\/de\/product\/vozol-gear-shisha-25k-puffs-sweet-passion-fruit\/","title":{"rendered":"Vozol Gear Shisha 25K Z\u00fcge S\u00fc\u00dfe Passionsfrucht Einweg E-Zigaretten (24ml, 5% Nikotin)"},"content":{"rendered":"<h2>Vozol Gear Shisha 25K Puffs \u2013 S\u00fc\u00dfe Passionsfrucht<\/h2>\n<p>Bringen Sie eine tropische Note in Ihren Tag mit <strong>Vozol Gear Shisha 25K Puffs S\u00fc\u00dfe Passionsfrucht<\/strong>. Dieser Geschmack vereint die helle S\u00e4ure und nat\u00fcrliche S\u00fc\u00dfe der Passionsfrucht zu einem sanften, erfrischenden Inhalieren\u2014perfekt, wenn Sie fruchtige Profile lieben, die sich von der ersten bis zur letzten Inhalation sauber, saftig und belebend anf\u00fchlen.<\/p>\n<h3>Warum Sie S\u00fc\u00dfe Passionsfrucht lieben werden<\/h3>\n<ul>\n<li><strong>Tropisch &amp; erfrischend:<\/strong> Ein lebhafter Passionsfruchtgeschmack mit einem ausgewogenen s\u00fc\u00df-s\u00e4uerlichen Abgang.<\/li>\n<li><strong>Ideal f\u00fcr ganzt\u00e4giges Dampfen:<\/strong> Fruchtig, ohne schwer zu wirken, ideal f\u00fcr entspannte Sitzungen.<\/li>\n<li><strong>Konsistenter Geschmack:<\/strong> Entwickelt, um \u00fcber l\u00e4ngere Nutzung hinweg zufriedenstellend zu bleiben.<\/li>\n<\/ul>\n<h3>Vozol Gear Shisha 25K Puffs Merkmale<\/h3>\n<ul>\n<li><strong>Bis zu 25.000 Z\u00fcge:<\/strong> F\u00fcr langanhaltenden Genuss gebaut (Nutzung variiert je nach Zugl\u00e4nge).<\/li>\n<li><strong>Dual Mesh Coil:<\/strong> Gleichm\u00e4\u00dfige Erhitzung f\u00fcr dichten, sanften Dampf und gleichm\u00e4\u00dfigen Geschmack.<\/li>\n<li><strong>24ml E-Liquid-Kapazit\u00e4t:<\/strong> Gro\u00dfer Tank f\u00fcr weniger Unterbrechungen.<\/li>\n<li><strong>5% Nikotin:<\/strong> Starke Nikotinzufriedenheit f\u00fcr erfahrene Nutzer.<\/li>\n<li><strong>1000mAh wiederaufladbare Batterie:<\/strong> Zuverl\u00e4ssige Leistung mit <strong>Typ-C<\/strong> schnelles Aufladen.<\/li>\n<li><strong>2,1\u2033 Farbdisplay:<\/strong> Klare, Echtzeit-Anzeigen f\u00fcr Batterie- und E-Liquid-Stand.<\/li>\n<li><strong>Einstellbare Leistungsabgabe:<\/strong> Passen Sie den Zug und die Dampfintensit\u00e4t Ihren Vorlieben an.<\/li>\n<\/ul>\n<h3>F\u00fcr wen es ist<\/h3>\n<p>Diese <strong>25000 Z\u00fcge Einweg-E-Zigaretten<\/strong> ist eine gro\u00dfartige Wahl, wenn Sie ein <strong>wiederaufladbar<\/strong>, hochkapazitives Ger\u00e4t mit modernem Display und fruchtigem, tropischem Geschmacksprofil m\u00f6chten. Geeignet f\u00fcr diejenigen, die ein <strong>direkt-auf-Lunge (DTL)<\/strong> Inhalationsstil und sanften, dichten Dampf genie\u00dfen.<\/p>\n<p><strong>Entdecken Sie mehr Geschmacksrichtungen und Ger\u00e4te auf<\/strong> <a href=\"https:\/\/fumot.uk\/de\/\">fumot.uk<\/a> <strong>und entdecken Sie unser gesamtes Sortiment an<\/strong> <a href=\"https:\/\/fumot.uk\/de\/product-tag\/24ml\/\">24ml E-Zigaretten<\/a><strong>.<\/strong><\/p>\n<hr \/>\n<p><small><strong>Hinweis:<\/strong> Nikotin ist eine s\u00fcchtig machende Substanz. Nur f\u00fcr erwachsene Nutzer. Produkterscheinung und -leistung k\u00f6nnen je nach Charge variieren.<\/small><\/p>","protected":false},"excerpt":{"rendered":"<p>Tropisch und erfrischend S\u00fc\u00dfe Passionsfrucht in der Vozol Gear Shisha 25K Puffs: Dual Mesh Coil, 24ml E-Liquid, 1000mAh Typ\u2011C wiederaufladbar, 2,1\u2033 Farbdisplay und 5% Nikotin.<\/p>","protected":false},"featured_media":3308,"comment_status":"open","ping_status":"closed","template":"","meta":[],"product_brand":[],"product_cat":[172,17,173],"product_tag":[174,171,21,72,73,46,26,62,28],"class_list":{"0":"post-3262","1":"product","2":"type-product","3":"status-publish","4":"has-post-thumbnail","6":"product_cat-25000-puff","7":"product_cat-vape","8":"product_cat-vozol-gear-shisha-25k-puffs","9":"product_tag-1000-mah","10":"product_tag-24ml","11":"product_tag-adjustable-airflow","12":"product_tag-direct-to-lung","13":"product_tag-dual-mesh","14":"product_tag-passion-fruit","15":"product_tag-rechargeable","16":"product_tag-sale-vape","17":"product_tag-type-c","19":"first","20":"instock","21":"sale","22":"shipping-taxable","23":"purchasable","24":"product-type-variable","25":"has-default-attributes"},"yoast_head":"<!-- This site is optimized with the Yoast SEO plugin v26.8 - https:\/\/yoast.com\/product\/yoast-seo-wordpress\/ -->\n<title>Vozol Gear Shisha 25K Sweet Passion Fruit | 24ml 5%<\/title>\n<meta name=\"description\" content=\"Vozol Gear Shisha 25K Puffs Sweet Passion Fruit: tropical sweet\u2011tart flavour, Dual Mesh Coil, 24ml, 1000mAh Type\u2011C rechargeable, 2.1&quot; display, 5% nicotine.\" \/>\n<meta name=\"robots\" content=\"index, follow, max-snippet:-1, max-image-preview:large, max-video-preview:-1\" \/>\n<link rel=\"canonical\" href=\"https:\/\/fumot.uk\/de\/product\/vozol-gear-shisha-25k-puffs-sweet-passion-fruit\/\" \/>\n<meta property=\"og:locale\" content=\"de_DE\" \/>\n<meta property=\"og:type\" content=\"article\" \/>\n<meta property=\"og:title\" content=\"Vozol Gear Shisha 25K \u2013 Sweet Passion Fruit (24ml, 5%)\" \/>\n<meta property=\"og:description\" content=\"A juicy, tropical passion fruit vape with smooth, dense vapour. Dual Mesh Coil, 24ml capacity, 1000mAh Type\u2011C rechargeable, smart colour display\u2014up to 25K puffs.\" \/>\n<meta property=\"og:url\" content=\"https:\/\/fumot.uk\/de\/product\/vozol-gear-shisha-25k-puffs-sweet-passion-fruit\/\" \/>\n<meta property=\"og:site_name\" content=\"Fumot Official Direct | Straight from the Factory, 100% Genuine\" \/>\n<meta property=\"article:modified_time\" content=\"2026-01-21T02:35:35+00:00\" \/>\n<meta property=\"og:image\" content=\"https:\/\/fumot.uk\/wp-content\/uploads\/2026\/01\/Sweet-Passion-Fruit-Vozol-Gear-Shisha-25k-Disposable-Vape.jpg\" \/>\n\t<meta property=\"og:image:width\" content=\"1080\" \/>\n\t<meta property=\"og:image:height\" content=\"1080\" \/>\n\t<meta property=\"og:image:type\" content=\"image\/jpeg\" \/>\n<meta name=\"twitter:card\" content=\"summary_large_image\" \/>\n<meta name=\"twitter:label1\" content=\"Gesch\u00e4tzte Lesezeit\" \/>\n\t<meta name=\"twitter:data1\" content=\"3\u00a0Minuten\" \/>\n<script type=\"application\/ld+json\" class=\"yoast-schema-graph\">{\"@context\":\"https:\/\/schema.org\",\"@graph\":[{\"@type\":\"WebPage\",\"@id\":\"https:\/\/fumot.uk\/product\/vozol-gear-shisha-25k-puffs-sweet-passion-fruit\/\",\"url\":\"https:\/\/fumot.uk\/product\/vozol-gear-shisha-25k-puffs-sweet-passion-fruit\/\",\"name\":\"Vozol Gear Shisha 25K Sweet Passion Fruit | 24ml 5%\",\"isPartOf\":{\"@id\":\"https:\/\/fumot.uk\/#website\"},\"primaryImageOfPage\":{\"@id\":\"https:\/\/fumot.uk\/product\/vozol-gear-shisha-25k-puffs-sweet-passion-fruit\/#primaryimage\"},\"image\":{\"@id\":\"https:\/\/fumot.uk\/product\/vozol-gear-shisha-25k-puffs-sweet-passion-fruit\/#primaryimage\"},\"thumbnailUrl\":\"https:\/\/fumot.uk\/wp-content\/uploads\/2026\/01\/Sweet-Passion-Fruit-Vozol-Gear-Shisha-25k-Disposable-Vape.jpg\",\"datePublished\":\"2026-01-20T10:09:37+00:00\",\"dateModified\":\"2026-01-21T02:35:35+00:00\",\"description\":\"Vozol Gear Shisha 25K Puffs Sweet Passion Fruit: tropical sweet\u2011tart flavour, Dual Mesh Coil, 24ml, 1000mAh Type\u2011C rechargeable, 2.1\\\" display, 5% nicotine.\",\"breadcrumb\":{\"@id\":\"https:\/\/fumot.uk\/product\/vozol-gear-shisha-25k-puffs-sweet-passion-fruit\/#breadcrumb\"},\"inLanguage\":\"de\",\"potentialAction\":[{\"@type\":\"ReadAction\",\"target\":[\"https:\/\/fumot.uk\/product\/vozol-gear-shisha-25k-puffs-sweet-passion-fruit\/\"]}]},{\"@type\":\"ImageObject\",\"inLanguage\":\"de\",\"@id\":\"https:\/\/fumot.uk\/product\/vozol-gear-shisha-25k-puffs-sweet-passion-fruit\/#primaryimage\",\"url\":\"https:\/\/fumot.uk\/wp-content\/uploads\/2026\/01\/Sweet-Passion-Fruit-Vozol-Gear-Shisha-25k-Disposable-Vape.jpg\",\"contentUrl\":\"https:\/\/fumot.uk\/wp-content\/uploads\/2026\/01\/Sweet-Passion-Fruit-Vozol-Gear-Shisha-25k-Disposable-Vape.jpg\",\"width\":1080,\"height\":1080},{\"@type\":\"BreadcrumbList\",\"@id\":\"https:\/\/fumot.uk\/product\/vozol-gear-shisha-25k-puffs-sweet-passion-fruit\/#breadcrumb\",\"itemListElement\":[{\"@type\":\"ListItem\",\"position\":1,\"name\":\"Home\",\"item\":\"https:\/\/fumot.uk\/\"},{\"@type\":\"ListItem\",\"position\":2,\"name\":\"Shop\",\"item\":\"https:\/\/fumot.uk\/shop\/\"},{\"@type\":\"ListItem\",\"position\":3,\"name\":\"Vozol Gear Shisha 25K Puffs Sweet Passion Fruit Disposable Vape (24ml, 5% Nicotine)\"}]},{\"@type\":\"WebSite\",\"@id\":\"https:\/\/fumot.uk\/#website\",\"url\":\"https:\/\/fumot.uk\/\",\"name\":\"Fumot Official Direct | Straight from the Factory, 100% Genuine\",\"description\":\"Official Website\",\"publisher\":{\"@id\":\"https:\/\/fumot.uk\/#organization\"},\"potentialAction\":[{\"@type\":\"SearchAction\",\"target\":{\"@type\":\"EntryPoint\",\"urlTemplate\":\"https:\/\/fumot.uk\/?s={search_term_string}\"},\"query-input\":{\"@type\":\"PropertyValueSpecification\",\"valueRequired\":true,\"valueName\":\"search_term_string\"}}],\"inLanguage\":\"de\"},{\"@type\":\"Organization\",\"@id\":\"https:\/\/fumot.uk\/#organization\",\"name\":\"Fumot Official Direct | Straight from the Factory, 100% Genuine\",\"url\":\"https:\/\/fumot.uk\/\",\"logo\":{\"@type\":\"ImageObject\",\"inLanguage\":\"de\",\"@id\":\"https:\/\/fumot.uk\/#\/schema\/logo\/image\/\",\"url\":\"https:\/\/fumot.uk\/wp-content\/uploads\/2026\/01\/cropped-fumot-logo1.png\",\"contentUrl\":\"https:\/\/fumot.uk\/wp-content\/uploads\/2026\/01\/cropped-fumot-logo1.png\",\"width\":152,\"height\":106,\"caption\":\"Fumot Official Direct | Straight from the Factory, 100% Genuine\"},\"image\":{\"@id\":\"https:\/\/fumot.uk\/#\/schema\/logo\/image\/\"}}]}<\/script>\n<!-- \/ Yoast SEO plugin. -->","yoast_head_json":{"title":"Vozol Gear Shisha 25K S\u00fc\u00dfe Passionsfrucht | 24ml 5%","description":"Vozol Gear Shisha 25K Z\u00fcge S\u00fc\u00dfe Passionsfrucht: tropischer s\u00fc\u00df-s\u00e4uerlicher Geschmack, Dual Mesh Coil, 24ml, 1000mAh Typ\u2011C wiederaufladbar, 2,1\" Display, 5% Nikotin.","robots":{"index":"index","follow":"follow","max-snippet":"max-snippet:-1","max-image-preview":"max-image-preview:large","max-video-preview":"max-video-preview:-1"},"canonical":"https:\/\/fumot.uk\/de\/product\/vozol-gear-shisha-25k-puffs-sweet-passion-fruit\/","og_locale":"de_DE","og_type":"article","og_title":"Vozol Gear Shisha 25K \u2013 Sweet Passion Fruit (24ml, 5%)","og_description":"A juicy, tropical passion fruit vape with smooth, dense vapour. Dual Mesh Coil, 24ml capacity, 1000mAh Type\u2011C rechargeable, smart colour display\u2014up to 25K puffs.","og_url":"https:\/\/fumot.uk\/de\/product\/vozol-gear-shisha-25k-puffs-sweet-passion-fruit\/","og_site_name":"Fumot Official Direct | Straight from the Factory, 100% Genuine","article_modified_time":"2026-01-21T02:35:35+00:00","og_image":[{"width":1080,"height":1080,"url":"https:\/\/fumot.uk\/wp-content\/uploads\/2026\/01\/Sweet-Passion-Fruit-Vozol-Gear-Shisha-25k-Disposable-Vape.jpg","type":"image\/jpeg"}],"twitter_card":"summary_large_image","twitter_misc":{"Gesch\u00e4tzte Lesezeit":"3\u00a0Minuten"},"schema":{"@context":"https:\/\/schema.org","@graph":[{"@type":"WebPage","@id":"https:\/\/fumot.uk\/product\/vozol-gear-shisha-25k-puffs-sweet-passion-fruit\/","url":"https:\/\/fumot.uk\/product\/vozol-gear-shisha-25k-puffs-sweet-passion-fruit\/","name":"Vozol Gear Shisha 25K S\u00fc\u00dfe Passionsfrucht | 24ml 5%","isPartOf":{"@id":"https:\/\/fumot.uk\/#website"},"primaryImageOfPage":{"@id":"https:\/\/fumot.uk\/product\/vozol-gear-shisha-25k-puffs-sweet-passion-fruit\/#primaryimage"},"image":{"@id":"https:\/\/fumot.uk\/product\/vozol-gear-shisha-25k-puffs-sweet-passion-fruit\/#primaryimage"},"thumbnailUrl":"https:\/\/fumot.uk\/wp-content\/uploads\/2026\/01\/Sweet-Passion-Fruit-Vozol-Gear-Shisha-25k-Disposable-Vape.jpg","datePublished":"2026-01-20T10:09:37+00:00","dateModified":"2026-01-21T02:35:35+00:00","description":"Vozol Gear Shisha 25K Z\u00fcge S\u00fc\u00dfe Passionsfrucht: tropischer s\u00fc\u00df-s\u00e4uerlicher Geschmack, Dual Mesh Coil, 24ml, 1000mAh Typ\u2011C wiederaufladbar, 2,1\" Display, 5% Nikotin.","breadcrumb":{"@id":"https:\/\/fumot.uk\/product\/vozol-gear-shisha-25k-puffs-sweet-passion-fruit\/#breadcrumb"},"inLanguage":"de","potentialAction":[{"@type":"ReadAction","target":["https:\/\/fumot.uk\/product\/vozol-gear-shisha-25k-puffs-sweet-passion-fruit\/"]}]},{"@type":"ImageObject","inLanguage":"de","@id":"https:\/\/fumot.uk\/product\/vozol-gear-shisha-25k-puffs-sweet-passion-fruit\/#primaryimage","url":"https:\/\/fumot.uk\/wp-content\/uploads\/2026\/01\/Sweet-Passion-Fruit-Vozol-Gear-Shisha-25k-Disposable-Vape.jpg","contentUrl":"https:\/\/fumot.uk\/wp-content\/uploads\/2026\/01\/Sweet-Passion-Fruit-Vozol-Gear-Shisha-25k-Disposable-Vape.jpg","width":1080,"height":1080},{"@type":"BreadcrumbList","@id":"https:\/\/fumot.uk\/product\/vozol-gear-shisha-25k-puffs-sweet-passion-fruit\/#breadcrumb","itemListElement":[{"@type":"ListItem","position":1,"name":"Home","item":"https:\/\/fumot.uk\/"},{"@type":"ListItem","position":2,"name":"Shop","item":"https:\/\/fumot.uk\/shop\/"},{"@type":"ListItem","position":3,"name":"Vozol Gear Shisha 25K Puffs Sweet Passion Fruit Disposable Vape (24ml, 5% Nicotine)"}]},{"@type":"WebSite","@id":"https:\/\/fumot.uk\/#website","url":"https:\/\/fumot.uk\/","name":"Fumot Offizieller Direkt | Direkt aus der Fabrik, 100% Original","description":"Offizielle Webseite","publisher":{"@id":"https:\/\/fumot.uk\/#organization"},"potentialAction":[{"@type":"SearchAction","target":{"@type":"EntryPoint","urlTemplate":"https:\/\/fumot.uk\/?s={search_term_string}"},"query-input":{"@type":"PropertyValueSpecification","valueRequired":true,"valueName":"search_term_string"}}],"inLanguage":"de"},{"@type":"Organization","@id":"https:\/\/fumot.uk\/#organization","name":"Fumot Offizieller Direkt | Direkt aus der Fabrik, 100% Original","url":"https:\/\/fumot.uk\/","logo":{"@type":"ImageObject","inLanguage":"de","@id":"https:\/\/fumot.uk\/#\/schema\/logo\/image\/","url":"https:\/\/fumot.uk\/wp-content\/uploads\/2026\/01\/cropped-fumot-logo1.png","contentUrl":"https:\/\/fumot.uk\/wp-content\/uploads\/2026\/01\/cropped-fumot-logo1.png","width":152,"height":106,"caption":"Fumot Official Direct | Straight from the Factory, 100% Genuine"},"image":{"@id":"https:\/\/fumot.uk\/#\/schema\/logo\/image\/"}}]}},"_links":{"self":[{"href":"https:\/\/fumot.uk\/de\/wp-json\/wp\/v2\/product\/3262","targetHints":{"allow":["GET"]}}],"collection":[{"href":"https:\/\/fumot.uk\/de\/wp-json\/wp\/v2\/product"}],"about":[{"href":"https:\/\/fumot.uk\/de\/wp-json\/wp\/v2\/types\/product"}],"replies":[{"embeddable":true,"href":"https:\/\/fumot.uk\/de\/wp-json\/wp\/v2\/comments?post=3262"}],"wp:featuredmedia":[{"embeddable":true,"href":"https:\/\/fumot.uk\/de\/wp-json\/wp\/v2\/media\/3308"}],"wp:attachment":[{"href":"https:\/\/fumot.uk\/de\/wp-json\/wp\/v2\/media?parent=3262"}],"wp:term":[{"taxonomy":"product_brand","embeddable":true,"href":"https:\/\/fumot.uk\/de\/wp-json\/wp\/v2\/product_brand?post=3262"},{"taxonomy":"product_cat","embeddable":true,"href":"https:\/\/fumot.uk\/de\/wp-json\/wp\/v2\/product_cat?post=3262"},{"taxonomy":"product_tag","embeddable":true,"href":"https:\/\/fumot.uk\/de\/wp-json\/wp\/v2\/product_tag?post=3262"}],"curies":[{"name":"wp","href":"https:\/\/api.w.org\/{rel}","templated":true}]}}