{"id":3246,"date":"2026-01-20T10:09:34","date_gmt":"2026-01-20T10:09:34","guid":{"rendered":"https:\/\/fumot.uk\/?post_type=product&#038;p=3246"},"modified":"2026-01-21T02:40:15","modified_gmt":"2026-01-21T02:40:15","slug":"vozol-gear-shisha-25k-puffs-cherry-cola","status":"publish","type":"product","link":"https:\/\/fumot.uk\/de\/product\/vozol-gear-shisha-25k-puffs-cherry-cola\/","title":{"rendered":"Vozol Gear Shisha 25K Z\u00fcge Cherry Cola Einweg E-Zigaretten (24ml, 5% Nikotin, Dual Mesh, Wiederaufladbar)"},"content":{"rendered":"<h3>Vozol Gear Shisha 25K Z\u00fcge \u2013 Cherry Cola<\/h3>\n<p><strong>Vozol Gear Shisha 25K Z\u00fcge Cherry Cola<\/strong> vereint saftige Kirschs\u00fc\u00dfe mit dem vertrauten Prickeln von Cola f\u00fcr einen knackigen, partyfrischen Inhalation und ein glattes, bonbonartiges Finish. Es ist die Art von Geschmack, die im Sommer erfrischend und im Winter angenehm s\u00fc\u00df wirkt\u2014ideal, wenn man einen klassischen Soda-Twist ohne \u00dcberw\u00e4ltigung m\u00f6chte.<\/p>\n<p>F\u00fcr lange Sitzungen gebaut, kombiniert die <strong>Vozol Gear Shisha 25k Z\u00fcge<\/strong> kommt mit einem <strong>24ml E-Liquid<\/strong> Reservoir und einem <strong>Dual-Mesh-Spule<\/strong> entwickelt, um gleichm\u00e4\u00dfig zu erhitzen f\u00fcr gleichm\u00e4\u00dfigen Dampf und Geschmack. Das Ger\u00e4t verf\u00fcgt \u00fcber eine <strong>einstellbare Leistungsstufe<\/strong> sodass Sie die Intensit\u00e4t nach Ihren Vorlieben feinabstimmen k\u00f6nnen, w\u00e4hrend das <strong>2,1-Zoll-Farbdisplay<\/strong> Sie mit Echtzeit-Batterie- und E-Liquid-Anzeigen informiert.<\/p>\n<p>Auf der Suche nach weiteren cola-inspirierten Optionen? Entdecken Sie unsere Kollektion hier: <a href=\"https:\/\/fumot.uk\/de\/product-tag\/cola\/\">Cola E-Zigaretten Aromen<\/a>.<\/p>\n<h3>Hauptmerkmale<\/h3>\n<ul>\n<li><strong>Bis zu 25.000 Z\u00fcge<\/strong> f\u00fcr verl\u00e4ngerten Genuss<\/li>\n<li><strong>Cherry Cola Aroma<\/strong>: s\u00fc\u00dfe Kirsche + sprudelnder Cola-Geschmack<\/li>\n<li><strong>Dual-Mesh-Spule<\/strong> f\u00fcr dichten, glatten, gleichm\u00e4\u00dfigen Dampf<\/li>\n<li><strong>24ml E-Liquid-Kapazit\u00e4t<\/strong> f\u00fcr langanhaltenden Gebrauch<\/li>\n<li><strong>5% Nikotin<\/strong> (siehe Produkteigenschaft)<\/li>\n<li><strong>1000mAh wiederaufladbaren Batterie<\/strong> mit <strong>USB Typ\u2011C Aufladung<\/strong><\/li>\n<li><strong>2,1\" intelligentes Farbdisplay<\/strong> f\u00fcr Batterie- und E-Liquid-Stand<\/li>\n<li><strong>Einstellbare Leistung<\/strong> um die gew\u00fcnschte Zugintensit\u00e4t anzupassen<\/li>\n<\/ul>\n<h3>Warum Sie Cherry Cola m\u00f6gen werden<\/h3>\n<ul>\n<li><strong>Erfrischung im Soda-Stil<\/strong> mit einem fruchtigen Kirsch-Kick<\/li>\n<li><strong>Ausgewogene S\u00fc\u00dfe<\/strong> der auch \u00fcber l\u00e4ngere Sitzungen hinweg glatt bleibt<\/li>\n<li><strong>Ideal f\u00fcr DTL-Fans<\/strong> die kr\u00e4ftigen Geschmack und dichten Dampf genie\u00dfen<\/li>\n<\/ul>\n<p><strong>Seite:<\/strong> fumot.uk<\/p>","protected":false},"excerpt":{"rendered":"<p>Vozol Gear Shisha 25K Puffs in Cherry Cola: eine sprudelnde Cola-Stil E-Zigaretten mit s\u00fc\u00dfen Kirschnoten. 24ml, Dual-Mesh-Spule, 5% Nikotin, 1000mAh Typ\u2011C wiederaufladbar, mit einem 2,1\u2033 Farbdisplay und einstellbarer Leistung.<\/p>","protected":false},"featured_media":3276,"comment_status":"open","ping_status":"closed","template":"","meta":[],"product_brand":[],"product_cat":[172,17,173],"product_tag":[174,171,21,36,40,72,73,26,62,28],"class_list":{"0":"post-3246","1":"product","2":"type-product","3":"status-publish","4":"has-post-thumbnail","6":"product_cat-25000-puff","7":"product_cat-vape","8":"product_cat-vozol-gear-shisha-25k-puffs","9":"product_tag-1000-mah","10":"product_tag-24ml","11":"product_tag-adjustable-airflow","12":"product_tag-cherry","13":"product_tag-cola","14":"product_tag-direct-to-lung","15":"product_tag-dual-mesh","16":"product_tag-rechargeable","17":"product_tag-sale-vape","18":"product_tag-type-c","20":"first","21":"instock","22":"sale","23":"shipping-taxable","24":"purchasable","25":"product-type-variable","26":"has-default-attributes"},"yoast_head":"<!-- This site is optimized with the Yoast SEO plugin v26.8 - https:\/\/yoast.com\/product\/yoast-seo-wordpress\/ -->\n<title>Vozol Gear Shisha 25K Cherry Cola | 24ml 5% Nic<\/title>\n<meta name=\"description\" content=\"Vozol Gear Shisha 25K Puffs Cherry Cola: 24ml e-liquid, dual mesh coil, 5% nicotine, 1000mAh Type\u2011C rechargeable, 2.1&quot; display, adjustable power.\" \/>\n<meta name=\"robots\" content=\"index, follow, max-snippet:-1, max-image-preview:large, max-video-preview:-1\" \/>\n<link rel=\"canonical\" href=\"https:\/\/fumot.uk\/de\/product\/vozol-gear-shisha-25k-puffs-cherry-cola\/\" \/>\n<meta property=\"og:locale\" content=\"de_DE\" \/>\n<meta property=\"og:type\" content=\"article\" \/>\n<meta property=\"og:title\" content=\"Vozol Gear Shisha 25K Puffs \u2013 Cherry Cola\" \/>\n<meta property=\"og:description\" content=\"Sweet cherry meets fizzy cola-style flavour. 24ml capacity, dual mesh coil, 5% nicotine, Type\u2011C rechargeable 1000mAh, 2.1&quot; colour display &amp; adjustable power.\" \/>\n<meta property=\"og:url\" content=\"https:\/\/fumot.uk\/de\/product\/vozol-gear-shisha-25k-puffs-cherry-cola\/\" \/>\n<meta property=\"og:site_name\" content=\"Fumot Official Direct | Straight from the Factory, 100% Genuine\" \/>\n<meta property=\"article:modified_time\" content=\"2026-01-21T02:40:15+00:00\" \/>\n<meta property=\"og:image\" content=\"https:\/\/fumot.uk\/wp-content\/uploads\/2026\/01\/Cherry-Cola-Vozol-Gear-Shisha-25k-Disposable-Vape.jpg\" \/>\n\t<meta property=\"og:image:width\" content=\"1080\" \/>\n\t<meta property=\"og:image:height\" content=\"1080\" \/>\n\t<meta property=\"og:image:type\" content=\"image\/jpeg\" \/>\n<meta name=\"twitter:card\" content=\"summary_large_image\" \/>\n<meta name=\"twitter:label1\" content=\"Gesch\u00e4tzte Lesezeit\" \/>\n\t<meta name=\"twitter:data1\" content=\"2\u00a0Minuten\" \/>\n<script type=\"application\/ld+json\" class=\"yoast-schema-graph\">{\"@context\":\"https:\/\/schema.org\",\"@graph\":[{\"@type\":\"WebPage\",\"@id\":\"https:\/\/fumot.uk\/product\/vozol-gear-shisha-25k-puffs-cherry-cola\/\",\"url\":\"https:\/\/fumot.uk\/product\/vozol-gear-shisha-25k-puffs-cherry-cola\/\",\"name\":\"Vozol Gear Shisha 25K Cherry Cola | 24ml 5% Nic\",\"isPartOf\":{\"@id\":\"https:\/\/fumot.uk\/#website\"},\"primaryImageOfPage\":{\"@id\":\"https:\/\/fumot.uk\/product\/vozol-gear-shisha-25k-puffs-cherry-cola\/#primaryimage\"},\"image\":{\"@id\":\"https:\/\/fumot.uk\/product\/vozol-gear-shisha-25k-puffs-cherry-cola\/#primaryimage\"},\"thumbnailUrl\":\"https:\/\/fumot.uk\/wp-content\/uploads\/2026\/01\/Cherry-Cola-Vozol-Gear-Shisha-25k-Disposable-Vape.jpg\",\"datePublished\":\"2026-01-20T10:09:34+00:00\",\"dateModified\":\"2026-01-21T02:40:15+00:00\",\"description\":\"Vozol Gear Shisha 25K Puffs Cherry Cola: 24ml e-liquid, dual mesh coil, 5% nicotine, 1000mAh Type\u2011C rechargeable, 2.1\\\" display, adjustable power.\",\"breadcrumb\":{\"@id\":\"https:\/\/fumot.uk\/product\/vozol-gear-shisha-25k-puffs-cherry-cola\/#breadcrumb\"},\"inLanguage\":\"de\",\"potentialAction\":[{\"@type\":\"ReadAction\",\"target\":[\"https:\/\/fumot.uk\/product\/vozol-gear-shisha-25k-puffs-cherry-cola\/\"]}]},{\"@type\":\"ImageObject\",\"inLanguage\":\"de\",\"@id\":\"https:\/\/fumot.uk\/product\/vozol-gear-shisha-25k-puffs-cherry-cola\/#primaryimage\",\"url\":\"https:\/\/fumot.uk\/wp-content\/uploads\/2026\/01\/Cherry-Cola-Vozol-Gear-Shisha-25k-Disposable-Vape.jpg\",\"contentUrl\":\"https:\/\/fumot.uk\/wp-content\/uploads\/2026\/01\/Cherry-Cola-Vozol-Gear-Shisha-25k-Disposable-Vape.jpg\",\"width\":1080,\"height\":1080},{\"@type\":\"BreadcrumbList\",\"@id\":\"https:\/\/fumot.uk\/product\/vozol-gear-shisha-25k-puffs-cherry-cola\/#breadcrumb\",\"itemListElement\":[{\"@type\":\"ListItem\",\"position\":1,\"name\":\"Home\",\"item\":\"https:\/\/fumot.uk\/\"},{\"@type\":\"ListItem\",\"position\":2,\"name\":\"Shop\",\"item\":\"https:\/\/fumot.uk\/shop\/\"},{\"@type\":\"ListItem\",\"position\":3,\"name\":\"Vozol Gear Shisha 25K Puffs Cherry Cola Disposable Vape (24ml, 5% Nicotine, Dual Mesh, Rechargeable)\"}]},{\"@type\":\"WebSite\",\"@id\":\"https:\/\/fumot.uk\/#website\",\"url\":\"https:\/\/fumot.uk\/\",\"name\":\"Fumot Official Direct | Straight from the Factory, 100% Genuine\",\"description\":\"Official Website\",\"publisher\":{\"@id\":\"https:\/\/fumot.uk\/#organization\"},\"potentialAction\":[{\"@type\":\"SearchAction\",\"target\":{\"@type\":\"EntryPoint\",\"urlTemplate\":\"https:\/\/fumot.uk\/?s={search_term_string}\"},\"query-input\":{\"@type\":\"PropertyValueSpecification\",\"valueRequired\":true,\"valueName\":\"search_term_string\"}}],\"inLanguage\":\"de\"},{\"@type\":\"Organization\",\"@id\":\"https:\/\/fumot.uk\/#organization\",\"name\":\"Fumot Official Direct | Straight from the Factory, 100% Genuine\",\"url\":\"https:\/\/fumot.uk\/\",\"logo\":{\"@type\":\"ImageObject\",\"inLanguage\":\"de\",\"@id\":\"https:\/\/fumot.uk\/#\/schema\/logo\/image\/\",\"url\":\"https:\/\/fumot.uk\/wp-content\/uploads\/2026\/01\/cropped-fumot-logo1.png\",\"contentUrl\":\"https:\/\/fumot.uk\/wp-content\/uploads\/2026\/01\/cropped-fumot-logo1.png\",\"width\":152,\"height\":106,\"caption\":\"Fumot Official Direct | Straight from the Factory, 100% Genuine\"},\"image\":{\"@id\":\"https:\/\/fumot.uk\/#\/schema\/logo\/image\/\"}}]}<\/script>\n<!-- \/ Yoast SEO plugin. -->","yoast_head_json":{"title":"Vozol Gear Shisha 25K Cherry Cola | 24ml 5% Nic","description":"Vozol Gear Shisha 25K Puffs Kirsch-Cola: 24ml E-Liquid, Dual-Mesh-Spule, 5% Nikotin, 1000mAh Typ-C wiederaufladbar, 2,1\" Display, einstellbare Leistung.","robots":{"index":"index","follow":"follow","max-snippet":"max-snippet:-1","max-image-preview":"max-image-preview:large","max-video-preview":"max-video-preview:-1"},"canonical":"https:\/\/fumot.uk\/de\/product\/vozol-gear-shisha-25k-puffs-cherry-cola\/","og_locale":"de_DE","og_type":"article","og_title":"Vozol Gear Shisha 25K Puffs \u2013 Cherry Cola","og_description":"Sweet cherry meets fizzy cola-style flavour. 24ml capacity, dual mesh coil, 5% nicotine, Type\u2011C rechargeable 1000mAh, 2.1\" colour display & adjustable power.","og_url":"https:\/\/fumot.uk\/de\/product\/vozol-gear-shisha-25k-puffs-cherry-cola\/","og_site_name":"Fumot Official Direct | Straight from the Factory, 100% Genuine","article_modified_time":"2026-01-21T02:40:15+00:00","og_image":[{"width":1080,"height":1080,"url":"https:\/\/fumot.uk\/wp-content\/uploads\/2026\/01\/Cherry-Cola-Vozol-Gear-Shisha-25k-Disposable-Vape.jpg","type":"image\/jpeg"}],"twitter_card":"summary_large_image","twitter_misc":{"Gesch\u00e4tzte Lesezeit":"2\u00a0Minuten"},"schema":{"@context":"https:\/\/schema.org","@graph":[{"@type":"WebPage","@id":"https:\/\/fumot.uk\/product\/vozol-gear-shisha-25k-puffs-cherry-cola\/","url":"https:\/\/fumot.uk\/product\/vozol-gear-shisha-25k-puffs-cherry-cola\/","name":"Vozol Gear Shisha 25K Cherry Cola | 24ml 5% Nic","isPartOf":{"@id":"https:\/\/fumot.uk\/#website"},"primaryImageOfPage":{"@id":"https:\/\/fumot.uk\/product\/vozol-gear-shisha-25k-puffs-cherry-cola\/#primaryimage"},"image":{"@id":"https:\/\/fumot.uk\/product\/vozol-gear-shisha-25k-puffs-cherry-cola\/#primaryimage"},"thumbnailUrl":"https:\/\/fumot.uk\/wp-content\/uploads\/2026\/01\/Cherry-Cola-Vozol-Gear-Shisha-25k-Disposable-Vape.jpg","datePublished":"2026-01-20T10:09:34+00:00","dateModified":"2026-01-21T02:40:15+00:00","description":"Vozol Gear Shisha 25K Puffs Kirsch-Cola: 24ml E-Liquid, Dual-Mesh-Spule, 5% Nikotin, 1000mAh Typ-C wiederaufladbar, 2,1\" Display, einstellbare Leistung.","breadcrumb":{"@id":"https:\/\/fumot.uk\/product\/vozol-gear-shisha-25k-puffs-cherry-cola\/#breadcrumb"},"inLanguage":"de","potentialAction":[{"@type":"ReadAction","target":["https:\/\/fumot.uk\/product\/vozol-gear-shisha-25k-puffs-cherry-cola\/"]}]},{"@type":"ImageObject","inLanguage":"de","@id":"https:\/\/fumot.uk\/product\/vozol-gear-shisha-25k-puffs-cherry-cola\/#primaryimage","url":"https:\/\/fumot.uk\/wp-content\/uploads\/2026\/01\/Cherry-Cola-Vozol-Gear-Shisha-25k-Disposable-Vape.jpg","contentUrl":"https:\/\/fumot.uk\/wp-content\/uploads\/2026\/01\/Cherry-Cola-Vozol-Gear-Shisha-25k-Disposable-Vape.jpg","width":1080,"height":1080},{"@type":"BreadcrumbList","@id":"https:\/\/fumot.uk\/product\/vozol-gear-shisha-25k-puffs-cherry-cola\/#breadcrumb","itemListElement":[{"@type":"ListItem","position":1,"name":"Home","item":"https:\/\/fumot.uk\/"},{"@type":"ListItem","position":2,"name":"Shop","item":"https:\/\/fumot.uk\/shop\/"},{"@type":"ListItem","position":3,"name":"Vozol Gear Shisha 25K Puffs Cherry Cola Disposable Vape (24ml, 5% Nicotine, Dual Mesh, Rechargeable)"}]},{"@type":"WebSite","@id":"https:\/\/fumot.uk\/#website","url":"https:\/\/fumot.uk\/","name":"Fumot Offizieller Direkt | Direkt aus der Fabrik, 100% Original","description":"Offizielle Webseite","publisher":{"@id":"https:\/\/fumot.uk\/#organization"},"potentialAction":[{"@type":"SearchAction","target":{"@type":"EntryPoint","urlTemplate":"https:\/\/fumot.uk\/?s={search_term_string}"},"query-input":{"@type":"PropertyValueSpecification","valueRequired":true,"valueName":"search_term_string"}}],"inLanguage":"de"},{"@type":"Organization","@id":"https:\/\/fumot.uk\/#organization","name":"Fumot Offizieller Direkt | Direkt aus der Fabrik, 100% Original","url":"https:\/\/fumot.uk\/","logo":{"@type":"ImageObject","inLanguage":"de","@id":"https:\/\/fumot.uk\/#\/schema\/logo\/image\/","url":"https:\/\/fumot.uk\/wp-content\/uploads\/2026\/01\/cropped-fumot-logo1.png","contentUrl":"https:\/\/fumot.uk\/wp-content\/uploads\/2026\/01\/cropped-fumot-logo1.png","width":152,"height":106,"caption":"Fumot Official Direct | Straight from the Factory, 100% Genuine"},"image":{"@id":"https:\/\/fumot.uk\/#\/schema\/logo\/image\/"}}]}},"_links":{"self":[{"href":"https:\/\/fumot.uk\/de\/wp-json\/wp\/v2\/product\/3246","targetHints":{"allow":["GET"]}}],"collection":[{"href":"https:\/\/fumot.uk\/de\/wp-json\/wp\/v2\/product"}],"about":[{"href":"https:\/\/fumot.uk\/de\/wp-json\/wp\/v2\/types\/product"}],"replies":[{"embeddable":true,"href":"https:\/\/fumot.uk\/de\/wp-json\/wp\/v2\/comments?post=3246"}],"wp:featuredmedia":[{"embeddable":true,"href":"https:\/\/fumot.uk\/de\/wp-json\/wp\/v2\/media\/3276"}],"wp:attachment":[{"href":"https:\/\/fumot.uk\/de\/wp-json\/wp\/v2\/media?parent=3246"}],"wp:term":[{"taxonomy":"product_brand","embeddable":true,"href":"https:\/\/fumot.uk\/de\/wp-json\/wp\/v2\/product_brand?post=3246"},{"taxonomy":"product_cat","embeddable":true,"href":"https:\/\/fumot.uk\/de\/wp-json\/wp\/v2\/product_cat?post=3246"},{"taxonomy":"product_tag","embeddable":true,"href":"https:\/\/fumot.uk\/de\/wp-json\/wp\/v2\/product_tag?post=3246"}],"curies":[{"name":"wp","href":"https:\/\/api.w.org\/{rel}","templated":true}]}}