{"id":3245,"date":"2026-01-20T10:09:34","date_gmt":"2026-01-20T10:09:34","guid":{"rendered":"https:\/\/fumot.uk\/?post_type=product&#038;p=3245"},"modified":"2026-01-21T02:39:49","modified_gmt":"2026-01-21T02:39:49","slug":"vozol-gear-shisha-25k-puffs-blueberry-watermelon","status":"publish","type":"product","link":"https:\/\/fumot.uk\/de\/product\/vozol-gear-shisha-25k-puffs-blueberry-watermelon\/","title":{"rendered":"Vozol Gear Shisha 25K Puffs Blaubeere Wassermelone \u2013 24ml Dual Mesh, 5% Nikotin"},"content":{"rendered":"<h2>Vozol Gear Shisha 25k Puffs \u2013 Blaubeere Wassermelone<\/h2>\n<p><strong>Vozol Gear Shisha 25k Puffs Blaubeere Wassermelone<\/strong> kombiniert saftige Blaubeerw\u00fcrze mit knackiger Wassermelonens\u00fc\u00dfe f\u00fcr ein sauberes, sommerliches E-Zigaretten-Profil. Jeder Zug f\u00fchlt sich hell und fruchtig an\u2014s\u00fc\u00df beim Einatmen, erfrischend glatt beim Ausatmen\u2014ideal, wenn Sie <em>Beere + Melone<\/em> Aromen genie\u00dfen, die ausgewogen bleiben, anstatt \u00fcberm\u00e4\u00dfig bonbonartig zu sein.<\/p>\n<h3>Warum Sie diesen Geschmack lieben werden<\/h3>\n<ul>\n<li><strong>Blaubeernote:<\/strong> reich, leicht herb und lebendig<\/li>\n<li><strong>Wassermelonen-Finish:<\/strong> leicht, s\u00fc\u00df und erfrischend<\/li>\n<li><strong>Gesamtprofil:<\/strong> glatt, fruchtig und den ganzen Tag leicht zu dampfen<\/li>\n<\/ul>\n<h3>Hauptmerkmale der Vozol Gear Shisha 25K<\/h3>\n<ul>\n<li><strong>Bis zu 25.000 Z\u00fcge<\/strong> f\u00fcr langanhaltenden Gebrauch<\/li>\n<li><strong>24ml E-Liquid-Kapazit\u00e4t<\/strong> f\u00fcr verl\u00e4ngerte Dampfzeit<\/li>\n<li><strong>Dual Mesh Coil-Technologie<\/strong> f\u00fcr gleichm\u00e4\u00dfige Erw\u00e4rmung und volleren Geschmack<\/li>\n<li><strong>Einstellbare Leistung<\/strong> um die Dampfintensit\u00e4t nach Ihren Vorlieben fein abzustimmen<\/li>\n<li><strong>2,1-Zoll-Farb-Smart-Display<\/strong> zeigt Batteriestand und E-Liquid-Level auf einen Blick<\/li>\n<li><strong>1000mAh wiederaufladbaren Batterie<\/strong> mit <strong>USB Typ-C<\/strong> schnelles Laden<\/li>\n<li><strong>5% Nikotin<\/strong> f\u00fcr einen starken, befriedigenden Zug<\/li>\n<\/ul>\n<h3>Entdecken Sie mehr auf fumot.uk<\/h3>\n<p>Suchen Sie nach \u00e4hnlichen Optionen mit hoher Puff-Anzahl oder mehr Fruchtaromen? Durchsuchen Sie unsere Sammlung von <a href=\"https:\/\/fumot.uk\/de\/\" target=\"_self\">Einweg-E-Zigaretten bei fumot.uk<\/a> und entdecken Sie Ihren n\u00e4chsten Alltagsgeschmack.<\/p>\n<p><small>Hinweis: Die Puff-Anzahl ist eine Sch\u00e4tzung und kann je nach Nutzungsgewohnheiten variieren (Zugl\u00e4nge, Leistungseinstellung und Dampfh\u00e4ufigkeit).<\/small><\/p>","protected":false},"excerpt":{"rendered":"<p>Vozol Gear Shisha 25K Puffs Blaubeere Wassermelone mit 24ml E-Liquid, Dual Mesh Coil, einstellbare Leistung, 2,1\u2033 Smart Display, 1000mAh Typ-C Aufladung und 5% Nikotin.<\/p>","protected":false},"featured_media":3275,"comment_status":"open","ping_status":"closed","template":"","meta":[],"product_brand":[],"product_cat":[172,17,173],"product_tag":[174,171,21,33,72,73,26,62,28,32],"class_list":{"0":"post-3245","1":"product","2":"type-product","3":"status-publish","4":"has-post-thumbnail","6":"product_cat-25000-puff","7":"product_cat-vape","8":"product_cat-vozol-gear-shisha-25k-puffs","9":"product_tag-1000-mah","10":"product_tag-24ml","11":"product_tag-adjustable-airflow","12":"product_tag-blueberry","13":"product_tag-direct-to-lung","14":"product_tag-dual-mesh","15":"product_tag-rechargeable","16":"product_tag-sale-vape","17":"product_tag-type-c","18":"product_tag-watermelon","20":"first","21":"instock","22":"sale","23":"shipping-taxable","24":"purchasable","25":"product-type-variable","26":"has-default-attributes"},"yoast_head":"<!-- This site is optimized with the Yoast SEO plugin v26.8 - https:\/\/yoast.com\/product\/yoast-seo-wordpress\/ -->\n<title>Vozol Gear Shisha 25K Blueberry Watermelon | 24ml<\/title>\n<meta name=\"description\" content=\"Vozol Gear Shisha 25K Blueberry Watermelon: 24ml, Dual Mesh Coil, adjustable power, 2.1&quot; display, 1000mAh Type\u2011C rechargeable, 5% nicotine.\" \/>\n<meta name=\"robots\" content=\"index, follow, max-snippet:-1, max-image-preview:large, max-video-preview:-1\" \/>\n<link rel=\"canonical\" href=\"https:\/\/fumot.uk\/de\/product\/vozol-gear-shisha-25k-puffs-blueberry-watermelon\/\" \/>\n<meta property=\"og:locale\" content=\"de_DE\" \/>\n<meta property=\"og:type\" content=\"article\" \/>\n<meta property=\"og:title\" content=\"Vozol Gear Shisha 25K \u2013 Blueberry Watermelon\" \/>\n<meta property=\"og:description\" content=\"Juicy blueberry meets refreshing watermelon. 24ml, Dual Mesh Coil, adjustable power, 2.1&quot; smart display, 1000mAh Type\u2011C rechargeable, 5% nicotine.\" \/>\n<meta property=\"og:url\" content=\"https:\/\/fumot.uk\/de\/product\/vozol-gear-shisha-25k-puffs-blueberry-watermelon\/\" \/>\n<meta property=\"og:site_name\" content=\"Fumot Official Direct | Straight from the Factory, 100% Genuine\" \/>\n<meta property=\"article:modified_time\" content=\"2026-01-21T02:39:49+00:00\" \/>\n<meta property=\"og:image\" content=\"https:\/\/fumot.uk\/wp-content\/uploads\/2026\/01\/Blueberry-Watermelon-Vozol-Gear-Shisha-25k-Disposable-Vape.jpg\" \/>\n\t<meta property=\"og:image:width\" content=\"1080\" \/>\n\t<meta property=\"og:image:height\" content=\"1080\" \/>\n\t<meta property=\"og:image:type\" content=\"image\/jpeg\" \/>\n<meta name=\"twitter:card\" content=\"summary_large_image\" \/>\n<meta name=\"twitter:label1\" content=\"Gesch\u00e4tzte Lesezeit\" \/>\n\t<meta name=\"twitter:data1\" content=\"2\u00a0Minuten\" \/>\n<script type=\"application\/ld+json\" class=\"yoast-schema-graph\">{\"@context\":\"https:\/\/schema.org\",\"@graph\":[{\"@type\":\"WebPage\",\"@id\":\"https:\/\/fumot.uk\/product\/vozol-gear-shisha-25k-puffs-blueberry-watermelon\/\",\"url\":\"https:\/\/fumot.uk\/product\/vozol-gear-shisha-25k-puffs-blueberry-watermelon\/\",\"name\":\"Vozol Gear Shisha 25K Blueberry Watermelon | 24ml\",\"isPartOf\":{\"@id\":\"https:\/\/fumot.uk\/#website\"},\"primaryImageOfPage\":{\"@id\":\"https:\/\/fumot.uk\/product\/vozol-gear-shisha-25k-puffs-blueberry-watermelon\/#primaryimage\"},\"image\":{\"@id\":\"https:\/\/fumot.uk\/product\/vozol-gear-shisha-25k-puffs-blueberry-watermelon\/#primaryimage\"},\"thumbnailUrl\":\"https:\/\/fumot.uk\/wp-content\/uploads\/2026\/01\/Blueberry-Watermelon-Vozol-Gear-Shisha-25k-Disposable-Vape.jpg\",\"datePublished\":\"2026-01-20T10:09:34+00:00\",\"dateModified\":\"2026-01-21T02:39:49+00:00\",\"description\":\"Vozol Gear Shisha 25K Blueberry Watermelon: 24ml, Dual Mesh Coil, adjustable power, 2.1\\\" display, 1000mAh Type\u2011C rechargeable, 5% nicotine.\",\"breadcrumb\":{\"@id\":\"https:\/\/fumot.uk\/product\/vozol-gear-shisha-25k-puffs-blueberry-watermelon\/#breadcrumb\"},\"inLanguage\":\"de\",\"potentialAction\":[{\"@type\":\"ReadAction\",\"target\":[\"https:\/\/fumot.uk\/product\/vozol-gear-shisha-25k-puffs-blueberry-watermelon\/\"]}]},{\"@type\":\"ImageObject\",\"inLanguage\":\"de\",\"@id\":\"https:\/\/fumot.uk\/product\/vozol-gear-shisha-25k-puffs-blueberry-watermelon\/#primaryimage\",\"url\":\"https:\/\/fumot.uk\/wp-content\/uploads\/2026\/01\/Blueberry-Watermelon-Vozol-Gear-Shisha-25k-Disposable-Vape.jpg\",\"contentUrl\":\"https:\/\/fumot.uk\/wp-content\/uploads\/2026\/01\/Blueberry-Watermelon-Vozol-Gear-Shisha-25k-Disposable-Vape.jpg\",\"width\":1080,\"height\":1080},{\"@type\":\"BreadcrumbList\",\"@id\":\"https:\/\/fumot.uk\/product\/vozol-gear-shisha-25k-puffs-blueberry-watermelon\/#breadcrumb\",\"itemListElement\":[{\"@type\":\"ListItem\",\"position\":1,\"name\":\"Home\",\"item\":\"https:\/\/fumot.uk\/\"},{\"@type\":\"ListItem\",\"position\":2,\"name\":\"Shop\",\"item\":\"https:\/\/fumot.uk\/shop\/\"},{\"@type\":\"ListItem\",\"position\":3,\"name\":\"Vozol Gear Shisha 25K Puffs Blueberry Watermelon \u2013 24ml Dual Mesh, 5% Nicotine\"}]},{\"@type\":\"WebSite\",\"@id\":\"https:\/\/fumot.uk\/#website\",\"url\":\"https:\/\/fumot.uk\/\",\"name\":\"Fumot Official Direct | Straight from the Factory, 100% Genuine\",\"description\":\"Official Website\",\"publisher\":{\"@id\":\"https:\/\/fumot.uk\/#organization\"},\"potentialAction\":[{\"@type\":\"SearchAction\",\"target\":{\"@type\":\"EntryPoint\",\"urlTemplate\":\"https:\/\/fumot.uk\/?s={search_term_string}\"},\"query-input\":{\"@type\":\"PropertyValueSpecification\",\"valueRequired\":true,\"valueName\":\"search_term_string\"}}],\"inLanguage\":\"de\"},{\"@type\":\"Organization\",\"@id\":\"https:\/\/fumot.uk\/#organization\",\"name\":\"Fumot Official Direct | Straight from the Factory, 100% Genuine\",\"url\":\"https:\/\/fumot.uk\/\",\"logo\":{\"@type\":\"ImageObject\",\"inLanguage\":\"de\",\"@id\":\"https:\/\/fumot.uk\/#\/schema\/logo\/image\/\",\"url\":\"https:\/\/fumot.uk\/wp-content\/uploads\/2026\/01\/cropped-fumot-logo1.png\",\"contentUrl\":\"https:\/\/fumot.uk\/wp-content\/uploads\/2026\/01\/cropped-fumot-logo1.png\",\"width\":152,\"height\":106,\"caption\":\"Fumot Official Direct | Straight from the Factory, 100% Genuine\"},\"image\":{\"@id\":\"https:\/\/fumot.uk\/#\/schema\/logo\/image\/\"}}]}<\/script>\n<!-- \/ Yoast SEO plugin. -->","yoast_head_json":{"title":"Vozol Gear Shisha 25K Blaubeere Wassermelone | 24ml","description":"Vozol Gear Shisha 25K Blaubeere Wassermelone: 24ml, Dual Mesh Coil, einstellbare Leistung, 2,1\" Display, 1000mAh Typ\u2011C wiederaufladbar, 5% Nikotin.","robots":{"index":"index","follow":"follow","max-snippet":"max-snippet:-1","max-image-preview":"max-image-preview:large","max-video-preview":"max-video-preview:-1"},"canonical":"https:\/\/fumot.uk\/de\/product\/vozol-gear-shisha-25k-puffs-blueberry-watermelon\/","og_locale":"de_DE","og_type":"article","og_title":"Vozol Gear Shisha 25K \u2013 Blueberry Watermelon","og_description":"Juicy blueberry meets refreshing watermelon. 24ml, Dual Mesh Coil, adjustable power, 2.1\" smart display, 1000mAh Type\u2011C rechargeable, 5% nicotine.","og_url":"https:\/\/fumot.uk\/de\/product\/vozol-gear-shisha-25k-puffs-blueberry-watermelon\/","og_site_name":"Fumot Official Direct | Straight from the Factory, 100% Genuine","article_modified_time":"2026-01-21T02:39:49+00:00","og_image":[{"width":1080,"height":1080,"url":"https:\/\/fumot.uk\/wp-content\/uploads\/2026\/01\/Blueberry-Watermelon-Vozol-Gear-Shisha-25k-Disposable-Vape.jpg","type":"image\/jpeg"}],"twitter_card":"summary_large_image","twitter_misc":{"Gesch\u00e4tzte Lesezeit":"2\u00a0Minuten"},"schema":{"@context":"https:\/\/schema.org","@graph":[{"@type":"WebPage","@id":"https:\/\/fumot.uk\/product\/vozol-gear-shisha-25k-puffs-blueberry-watermelon\/","url":"https:\/\/fumot.uk\/product\/vozol-gear-shisha-25k-puffs-blueberry-watermelon\/","name":"Vozol Gear Shisha 25K Blaubeere Wassermelone | 24ml","isPartOf":{"@id":"https:\/\/fumot.uk\/#website"},"primaryImageOfPage":{"@id":"https:\/\/fumot.uk\/product\/vozol-gear-shisha-25k-puffs-blueberry-watermelon\/#primaryimage"},"image":{"@id":"https:\/\/fumot.uk\/product\/vozol-gear-shisha-25k-puffs-blueberry-watermelon\/#primaryimage"},"thumbnailUrl":"https:\/\/fumot.uk\/wp-content\/uploads\/2026\/01\/Blueberry-Watermelon-Vozol-Gear-Shisha-25k-Disposable-Vape.jpg","datePublished":"2026-01-20T10:09:34+00:00","dateModified":"2026-01-21T02:39:49+00:00","description":"Vozol Gear Shisha 25K Blaubeere Wassermelone: 24ml, Dual Mesh Coil, einstellbare Leistung, 2,1\" Display, 1000mAh Typ\u2011C wiederaufladbar, 5% Nikotin.","breadcrumb":{"@id":"https:\/\/fumot.uk\/product\/vozol-gear-shisha-25k-puffs-blueberry-watermelon\/#breadcrumb"},"inLanguage":"de","potentialAction":[{"@type":"ReadAction","target":["https:\/\/fumot.uk\/product\/vozol-gear-shisha-25k-puffs-blueberry-watermelon\/"]}]},{"@type":"ImageObject","inLanguage":"de","@id":"https:\/\/fumot.uk\/product\/vozol-gear-shisha-25k-puffs-blueberry-watermelon\/#primaryimage","url":"https:\/\/fumot.uk\/wp-content\/uploads\/2026\/01\/Blueberry-Watermelon-Vozol-Gear-Shisha-25k-Disposable-Vape.jpg","contentUrl":"https:\/\/fumot.uk\/wp-content\/uploads\/2026\/01\/Blueberry-Watermelon-Vozol-Gear-Shisha-25k-Disposable-Vape.jpg","width":1080,"height":1080},{"@type":"BreadcrumbList","@id":"https:\/\/fumot.uk\/product\/vozol-gear-shisha-25k-puffs-blueberry-watermelon\/#breadcrumb","itemListElement":[{"@type":"ListItem","position":1,"name":"Home","item":"https:\/\/fumot.uk\/"},{"@type":"ListItem","position":2,"name":"Shop","item":"https:\/\/fumot.uk\/shop\/"},{"@type":"ListItem","position":3,"name":"Vozol Gear Shisha 25K Puffs Blueberry Watermelon \u2013 24ml Dual Mesh, 5% Nicotine"}]},{"@type":"WebSite","@id":"https:\/\/fumot.uk\/#website","url":"https:\/\/fumot.uk\/","name":"Fumot Offizieller Direkt | Direkt aus der Fabrik, 100% Original","description":"Offizielle Webseite","publisher":{"@id":"https:\/\/fumot.uk\/#organization"},"potentialAction":[{"@type":"SearchAction","target":{"@type":"EntryPoint","urlTemplate":"https:\/\/fumot.uk\/?s={search_term_string}"},"query-input":{"@type":"PropertyValueSpecification","valueRequired":true,"valueName":"search_term_string"}}],"inLanguage":"de"},{"@type":"Organization","@id":"https:\/\/fumot.uk\/#organization","name":"Fumot Offizieller Direkt | Direkt aus der Fabrik, 100% Original","url":"https:\/\/fumot.uk\/","logo":{"@type":"ImageObject","inLanguage":"de","@id":"https:\/\/fumot.uk\/#\/schema\/logo\/image\/","url":"https:\/\/fumot.uk\/wp-content\/uploads\/2026\/01\/cropped-fumot-logo1.png","contentUrl":"https:\/\/fumot.uk\/wp-content\/uploads\/2026\/01\/cropped-fumot-logo1.png","width":152,"height":106,"caption":"Fumot Official Direct | Straight from the Factory, 100% Genuine"},"image":{"@id":"https:\/\/fumot.uk\/#\/schema\/logo\/image\/"}}]}},"_links":{"self":[{"href":"https:\/\/fumot.uk\/de\/wp-json\/wp\/v2\/product\/3245","targetHints":{"allow":["GET"]}}],"collection":[{"href":"https:\/\/fumot.uk\/de\/wp-json\/wp\/v2\/product"}],"about":[{"href":"https:\/\/fumot.uk\/de\/wp-json\/wp\/v2\/types\/product"}],"replies":[{"embeddable":true,"href":"https:\/\/fumot.uk\/de\/wp-json\/wp\/v2\/comments?post=3245"}],"wp:featuredmedia":[{"embeddable":true,"href":"https:\/\/fumot.uk\/de\/wp-json\/wp\/v2\/media\/3275"}],"wp:attachment":[{"href":"https:\/\/fumot.uk\/de\/wp-json\/wp\/v2\/media?parent=3245"}],"wp:term":[{"taxonomy":"product_brand","embeddable":true,"href":"https:\/\/fumot.uk\/de\/wp-json\/wp\/v2\/product_brand?post=3245"},{"taxonomy":"product_cat","embeddable":true,"href":"https:\/\/fumot.uk\/de\/wp-json\/wp\/v2\/product_cat?post=3245"},{"taxonomy":"product_tag","embeddable":true,"href":"https:\/\/fumot.uk\/de\/wp-json\/wp\/v2\/product_tag?post=3245"}],"curies":[{"name":"wp","href":"https:\/\/api.w.org\/{rel}","templated":true}]}}